{"id":1069,"date":"2017-06-11T12:43:07","date_gmt":"2017-06-11T16:43:07","guid":{"rendered":"\/?page_id=1069"},"modified":"2023-01-16T14:37:42","modified_gmt":"2023-01-16T19:37:42","slug":"temoignages","status":"publish","type":"page","link":"https:\/\/melaniedubois.com\/en\/temoignages\/","title":{"rendered":"Testimonials"},"content":{"rendered":"<p>Thank you for accompanying me in my recent project to sell my condo. This is the third time I have called on your services since 2006 because you know how to create a climate of trust through your integrity and the efficiency of your team assures me that everything is put in place to conclude a transaction that will be to the satisfaction of all parties involved. No doubt, for any real estate related questions, you will be the the first person I call!<\/p>\n<p><em>Alain<\/em><\/p>\n<p>&nbsp;<\/p>\n<p>There was a great deal at stake and a difficult challenge ahead due to the presence of a tenant on the premises. We want to tell you how much we appreciated your perseverance when we began to doubt that the deal would ever be concluded. And the kindness and generosity with which you gave of your time in order to reach ultimate success! We will always look forward to meeting with you, whether for business or simply for the pleasure!<\/p>\n<p>Thank you for everything!<\/p>\n<p><em>Annie et Jean-Claude<\/em><\/p>\n<p>&nbsp;<\/p>\n<p>I have greatly appreciated your support since the beginning of our collaboration. And I will not hesitate to refer your services to others when the opportunity presents itself.<\/p>\n<p><em>Fr\u00e9d\u00e9ric<\/em><\/p>\n<p>&nbsp;<\/p>\n<p>This was the second time I called upon your services. Previously, it was for Apartment 206, where the tenant was completely uncooperative and you demonstrated tact and patience in helping to finally conclude the sale. More recently it was for Apartment 203, where the time between listing and the tenant&#8217;s departure was very short. You were able to close the sale without my losing even one day of rent. Bravo! Most certainly, I will not hesitate to call upon your excellent services again should the opportunity arise. And I will recommend you to my friends and acquaintances whenever I have the opportunity.<\/p>\n<p>Thank you, M\u00e9lanie!<\/p>\n<p><em>Gilles<\/em><\/p>\n<p>&nbsp;<\/p>\n<p>After meeting with several different brokers in the past year, I found M\u00e9lanie most definitely was the professional I was looking for. Her analytical sense, knowledge of the market, experience and superb personality are the reasons why I will again call upon M\u00e9lanie for my future transactions! Thanks again!<\/p>\n<p><em>St\u00e9phanie<\/em><\/p>\n<p>&nbsp;<\/p>\n<p>Why did I choose to go with M\u00e9lanie Dubois? A few years ago, I wanted to put my property on the market. After discussions with you, M\u00e9lanie, I decided that I was not yet ready to sell my property. You said, simply and nicely: \u201cNo problem; when you are ready, you just have to contact me.\u201d All without any pressure.<\/p>\n<p>Seven years later, I contacted you again. I appreciated very much your professional attitude and my intuition told me that you were the one with whom I should do business. Everything was very simple and fast.<\/p>\n<p>M\u00e9lanie, you are a professional at heart and do nothing halfway. Putting a property on the market is one of the most important steps, and with your advice plus the home staging specialist\u2019s suggestions and photos taken by the professional photography agency you deal with, my property found itself shown at its best\u2014and beautifully\u2014on the market. Everything was so well orchestrated.<\/p>\n<p>I knew I could trust you, M\u00e9lanie. And an offer on my condominium appeared and was drawn up the evening of the third day of being listed on MLS.ca. A few days after receiving the offer, the condo was \u201cSOLD.\u201d<\/p>\n<p>Thank you, M\u00e9lanie, for your good work. As I once told you, it\u2019s too bad that I do not have any other properties to sell; it&#8217;s that great doing business with you.<\/p>\n<p>Thanks again!<\/p>\n<p><em>Mario<\/em><\/p>\n<p>&nbsp;<\/p>\n<p>For the sale of our property, we were looking for an agent very active in our sector, who got results, was well-organized, and had years of experience, charisma, and know-how. When we met M\u00e9lanie, we knew from the outset that she met all these criteria. She always gave us the impression that our case was treated as high priority at every stage of the transaction. We received all the necessary support and cannot overlook the excellence of the service M\u00e9lanie and her team provided. We sincerely thank her for her professionalism, efficiency, availability and dedication. We will not hesitate to call upon her expertise in the future or to refer her to our contacts.<\/p>\n<p><em>Nicolas et Claude<\/em><\/p>\n<p>&nbsp;<\/p>\n<p>We worked with M\u00e9lanie for the first time in 2007 and were immediately struck by her professionalism, thoroughness and passion. We had to sell a property under a tight time constraint and, thanks to her efficiency and drive, sold the property on time.<\/p>\n<p>A long-term relationship was born; M\u00e9lanie became our counselor and our agent. We are very demanding clients and aware that a good agent is very difficult to find in a market flooded with people looking for easy money. Rare are the career agents, passionate people up-to-date on current practices and legislation, for whom a sale is more than a commission but an agreement between several parties.<\/p>\n<p>We are now on our fourth transaction with M\u00e9lanie and will call upon her services for those that lie ahead, too.<\/p>\n<p><em>Jean-Daniel<\/em><\/p>\n<p>&nbsp;<\/p>\n<p>For the sale of our property, we were looking for a results-oriented agent who was very active in our sector, with charisma, know-how, years of experience, and good organizational skills. When we met M\u00e9lanie, we knew from the outset that she would meet all these criteria. She always gave us the impression that our transaction would be handled as a priority at every step along the way. We received all the support required from M\u00e9lanie and her team, and must mention the excellence of the service provided. We sincerely thank her for her professionalism, efficiency, availability and dedication. We will not hesitate to call upon her expertise in the future or to refer her to our contacts.<\/p>\n<p><em>Alternative Group Capital<\/em><\/p>\n<p>&nbsp;<\/p>\n<p>We had the good fortune to meet M\u00e9lanie Dubois several years ago when we looking for a condominium. Since that time, we have completed four transactions working with her. The loyalty we feel towards her attests to the quality of her services. A superb strategist, she stands out from the crowd for not only her ability to listen to our needs but also for her skills as a negotiator.<\/p>\n<p><em>Manon et Clifford<\/em><\/p>\n<p><em>\u00a0<\/em><\/p>\n<p>We were impressed with your skills and perseverance, and often repeated ourselves in saying that we had chosen the best broker.<\/p>\n<p>Thank you so much!<\/p>\n<p><em>Marie-Andr\u00e9e et Pierre<\/em><\/p>\n<p>&nbsp;<\/p>\n<p>In all our experience in selling and buying property, never has a project been so well facilitated, pleasant and efficient! From day 1 of putting it up for sale, to support from the home staging consultant, to the taking of expert photographs that perfectly position the home on the market, to regular monitoring of the showings\u2014up until the sale was concluded, her approach was always highly professional and efficient!<\/p>\n<p>In real estate, the say: &#8220;Location, location, location.&#8221; From our business relationship, it should be: &#8220;Thank you, thank you, thank you!&#8221;<\/p>\n<p>With all our friendship and appreciation,<\/p>\n<p><em>Veronique et Andr\u00e9<\/em><\/p>\n<p><em>\u00a0<\/em><\/p>\n<p>We had the opportunity to work with M\u00e9lanie for several real estate transactions: purchase, sale and lease. In every case, she has served as a valuable partner to advise us in all stages of our transactions. She has always taken the time to fully understand our needs and objectives, and worked closely with us to finalize the transaction according to the established goals. We have always been satisfied with her services and will work with M\u00e9lanie again in the future. We recommend her services without hesitation!!<\/p>\n<p><em>Bernard et Julie<\/em><\/p>\n<p><em>\u00a0<\/em><\/p>\n<p><em>My thanks to M\u00e9lanie, who was present without being intrusive, conscientious without being picky and, what\u2019s more, always smiling and offering good advice. It was a transaction that went smoothly at every step.<\/em><\/p>\n<p><em>Gis\u00e8le<\/em><\/p>\n<p><em>\u00a0<\/em><\/p>\n<p>From the moment we first met M\u00e9lanie, we were impressed by her direct replies and dynamism. We were not disappointed over the course of the mandate. Because the electronic open houses by appointment she held provided us with continuous traffic, we were able to make a sale quickly in a difficult market. We will not hesitate to use her services again.<\/p>\n<p><em>Sergio &amp; Jacques<\/em><\/p>\n<p>&nbsp;<\/p>\n<p>I have availed myself of the services of M\u00e9lanie and her team on four occasions. This alone tells a lot about my how satisfied I am with her work. Residing outside of Quebec, I appreciate a broker who is highly involved in the project, taking care of every aspect of the sale and going beyond logistics alone. By helping me with the management of my tenants, along with handling the paperwork and providing a continuous evaluation of my assets, M\u00e9lanie and her team offer me real added value.<\/p>\n<p><em>Martin<\/em><\/p>\n<p>&nbsp;<\/p>\n<p>I want to tell you how much I loved working with you during the sale of my condo and how much I appreciated your professionalism. Before giving you the mandate for the sale of my condo, I had met 3 other real estate agents who said they specialized in real estate sales in Old Montreal.<\/p>\n<p>Why I chose you:<\/p>\n<p>A) From our first meeting you were able to create and establish a bond of trust between us,<\/p>\n<p>B) You took the time to listen and noted what my expectations were,<\/p>\n<p>C) You were not afraid to tell me the reality in the face of these expectations,<\/p>\n<p>D) The dynamism with which you assailed the market,<\/p>\n<p>E) The professionalism you showed when following up on the project, up until the contract signing with the notary\u2026<\/p>\n<p>F) All of which makes me give you a score of 10 out of 10.<\/p>\n<p>THANK YOU,<\/p>\n<p>Marc<\/p>","protected":false},"excerpt":{"rendered":"<p>Thank you for accompanying me in my recent project to sell my condo. This is the third time I have called on your services since 2006 because you know how to create a climate of trust through your integrity and the efficiency of your team assures me that everything is put in place to conclude [&hellip;]<\/p>\n","protected":false},"author":742,"featured_media":0,"parent":0,"menu_order":50,"comment_status":"closed","ping_status":"closed","template":"","meta":{"_acf_changed":false,"footnotes":""},"class_list":["post-1069","page","type-page","status-publish","hentry"],"acf":[],"yoast_head":"<!-- This site is optimized with the Yoast SEO plugin v26.7 - https:\/\/yoast.com\/wordpress\/plugins\/seo\/ -->\n<title>Testimonials - \u00c9quipe M\u00e9lanie Dubois<\/title>\n<meta name=\"robots\" content=\"index, follow, max-snippet:-1, max-image-preview:large, max-video-preview:-1\" \/>\n<link rel=\"canonical\" href=\"https:\/\/melaniedubois.com\/fr\/temoignages\/\" \/>\n<meta property=\"og:locale\" content=\"en_US\" \/>\n<meta property=\"og:type\" content=\"article\" \/>\n<meta property=\"og:title\" content=\"Testimonials - \u00c9quipe M\u00e9lanie Dubois\" \/>\n<meta property=\"og:description\" content=\"Thank you for accompanying me in my recent project to sell my condo. This is the third time I have called on your services since 2006 because you know how to create a climate of trust through your integrity and the efficiency of your team assures me that everything is put in place to conclude [&hellip;]\" \/>\n<meta property=\"og:url\" content=\"https:\/\/melaniedubois.com\/fr\/temoignages\/\" \/>\n<meta property=\"og:site_name\" content=\"\u00c9quipe M\u00e9lanie Dubois\" \/>\n<meta property=\"article:modified_time\" content=\"2023-01-16T19:37:42+00:00\" \/>\n<meta property=\"og:image\" content=\"https:\/\/melaniedubois.com\/files\/2023\/09\/Melanie-Dubois_Partage.png\" \/>\n\t<meta property=\"og:image:width\" content=\"683\" \/>\n\t<meta property=\"og:image:height\" content=\"351\" \/>\n\t<meta property=\"og:image:type\" content=\"image\/png\" \/>\n<meta name=\"twitter:card\" content=\"summary_large_image\" \/>\n<meta name=\"twitter:label1\" content=\"Est. reading time\" \/>\n\t<meta name=\"twitter:data1\" content=\"7 minutes\" \/>\n<script type=\"application\/ld+json\" class=\"yoast-schema-graph\">{\"@context\":\"https:\/\/schema.org\",\"@graph\":[{\"@type\":\"WebPage\",\"@id\":\"https:\/\/melaniedubois.com\/fr\/temoignages\/\",\"url\":\"https:\/\/melaniedubois.com\/fr\/temoignages\/\",\"name\":\"[:fr]T\u00e9moignages[:en]Testimonials[:] - \u00c9quipe M\u00e9lanie Dubois\",\"isPartOf\":{\"@id\":\"https:\/\/melaniedubois.com\/en\/#website\"},\"datePublished\":\"2017-06-11T16:43:07+00:00\",\"dateModified\":\"2023-01-16T19:37:42+00:00\",\"breadcrumb\":{\"@id\":\"https:\/\/melaniedubois.com\/fr\/temoignages\/#breadcrumb\"},\"inLanguage\":\"en-US\",\"potentialAction\":[{\"@type\":\"ReadAction\",\"target\":[\"https:\/\/melaniedubois.com\/fr\/temoignages\/\"]}]},{\"@type\":\"BreadcrumbList\",\"@id\":\"https:\/\/melaniedubois.com\/fr\/temoignages\/#breadcrumb\",\"itemListElement\":[{\"@type\":\"ListItem\",\"position\":1,\"name\":\"Accueil\",\"item\":\"https:\/\/melaniedubois.com\/en\/\"},{\"@type\":\"ListItem\",\"position\":2,\"name\":\"T\u00e9moignages\"}]},{\"@type\":\"WebSite\",\"@id\":\"https:\/\/melaniedubois.com\/en\/#website\",\"url\":\"https:\/\/melaniedubois.com\/en\/\",\"name\":\"\u00c9quipe M\u00e9lanie Dubois\",\"description\":\"Courtier immobilier Montr\u00e9al, KW Connexion\",\"potentialAction\":[{\"@type\":\"SearchAction\",\"target\":{\"@type\":\"EntryPoint\",\"urlTemplate\":\"https:\/\/melaniedubois.com\/en\/?s={search_term_string}\"},\"query-input\":{\"@type\":\"PropertyValueSpecification\",\"valueRequired\":true,\"valueName\":\"search_term_string\"}}],\"inLanguage\":\"en-US\"}]}<\/script>\n<!-- \/ Yoast SEO plugin. -->","yoast_head_json":{"title":"Testimonials - \u00c9quipe M\u00e9lanie Dubois","robots":{"index":"index","follow":"follow","max-snippet":"max-snippet:-1","max-image-preview":"max-image-preview:large","max-video-preview":"max-video-preview:-1"},"canonical":"https:\/\/melaniedubois.com\/fr\/temoignages\/","og_locale":"en_US","og_type":"article","og_title":"Testimonials - \u00c9quipe M\u00e9lanie Dubois","og_description":"Thank you for accompanying me in my recent project to sell my condo. This is the third time I have called on your services since 2006 because you know how to create a climate of trust through your integrity and the efficiency of your team assures me that everything is put in place to conclude [&hellip;]","og_url":"https:\/\/melaniedubois.com\/fr\/temoignages\/","og_site_name":"\u00c9quipe M\u00e9lanie Dubois","article_modified_time":"2023-01-16T19:37:42+00:00","og_image":[{"width":683,"height":351,"url":"https:\/\/melaniedubois.com\/files\/2023\/09\/Melanie-Dubois_Partage.png","type":"image\/png"}],"twitter_card":"summary_large_image","twitter_misc":{"Est. reading time":"7 minutes"},"schema":{"@context":"https:\/\/schema.org","@graph":[{"@type":"WebPage","@id":"https:\/\/melaniedubois.com\/fr\/temoignages\/","url":"https:\/\/melaniedubois.com\/fr\/temoignages\/","name":"[:fr]T\u00e9moignages[:en]Testimonials[:] - \u00c9quipe M\u00e9lanie Dubois","isPartOf":{"@id":"https:\/\/melaniedubois.com\/en\/#website"},"datePublished":"2017-06-11T16:43:07+00:00","dateModified":"2023-01-16T19:37:42+00:00","breadcrumb":{"@id":"https:\/\/melaniedubois.com\/fr\/temoignages\/#breadcrumb"},"inLanguage":"en-US","potentialAction":[{"@type":"ReadAction","target":["https:\/\/melaniedubois.com\/fr\/temoignages\/"]}]},{"@type":"BreadcrumbList","@id":"https:\/\/melaniedubois.com\/fr\/temoignages\/#breadcrumb","itemListElement":[{"@type":"ListItem","position":1,"name":"Accueil","item":"https:\/\/melaniedubois.com\/en\/"},{"@type":"ListItem","position":2,"name":"T\u00e9moignages"}]},{"@type":"WebSite","@id":"https:\/\/melaniedubois.com\/en\/#website","url":"https:\/\/melaniedubois.com\/en\/","name":"\u00c9quipe M\u00e9lanie Dubois","description":"Courtier immobilier Montr\u00e9al, KW Connexion","potentialAction":[{"@type":"SearchAction","target":{"@type":"EntryPoint","urlTemplate":"https:\/\/melaniedubois.com\/en\/?s={search_term_string}"},"query-input":{"@type":"PropertyValueSpecification","valueRequired":true,"valueName":"search_term_string"}}],"inLanguage":"en-US"}]}},"_links":{"self":[{"href":"https:\/\/melaniedubois.com\/en\/wp-json\/wp\/v2\/pages\/1069","targetHints":{"allow":["GET"]}}],"collection":[{"href":"https:\/\/melaniedubois.com\/en\/wp-json\/wp\/v2\/pages"}],"about":[{"href":"https:\/\/melaniedubois.com\/en\/wp-json\/wp\/v2\/types\/page"}],"author":[{"embeddable":true,"href":"https:\/\/melaniedubois.com\/en\/wp-json\/wp\/v2\/users\/742"}],"replies":[{"embeddable":true,"href":"https:\/\/melaniedubois.com\/en\/wp-json\/wp\/v2\/comments?post=1069"}],"version-history":[{"count":3,"href":"https:\/\/melaniedubois.com\/en\/wp-json\/wp\/v2\/pages\/1069\/revisions"}],"predecessor-version":[{"id":2392,"href":"https:\/\/melaniedubois.com\/en\/wp-json\/wp\/v2\/pages\/1069\/revisions\/2392"}],"wp:attachment":[{"href":"https:\/\/melaniedubois.com\/en\/wp-json\/wp\/v2\/media?parent=1069"}],"curies":[{"name":"wp","href":"https:\/\/api.w.org\/{rel}","templated":true}]}}