{"id":1313,"date":"2018-01-30T13:21:35","date_gmt":"2018-01-30T18:21:35","guid":{"rendered":"http:\/\/melaniedubois.com\/?page_id=1313"},"modified":"2018-01-30T16:03:22","modified_gmt":"2018-01-30T21:03:22","slug":"rejoindre-notre-equipe","status":"publish","type":"page","link":"https:\/\/melaniedubois.com\/en\/notre-equipe\/rejoindre-notre-equipe\/","title":{"rendered":"Join the team"},"content":{"rendered":"<p><\/p>\n<h1> We are looking to meet with potential candidates that want to join our team:<\/h1>\n<p>You are motivated<br \/>\nYou are bilingual<br \/>\nYou have already closed a few transactions and want to close more<br \/>\nYou like to work in a team<br \/>\nYou like to work with buyers<br \/>\nYou want to increase your revenue and make at least 100 00$ per year<br \/>\nYou live close to downtown<br \/>\nYou want to decrease your expenses<br \/>\nYou want to have access to systems and tools that will help you meet more clients<br \/>\nYou want to receive more client referrals<br \/>\nYou want to have access to an administrative assistant<br \/>\nYou want to do to less paperwork<br \/>\nYou want to have access to a coach<br \/>\nYOU WANT TO TURN OFF YOUR PHONE WHEN YOU GO ON VACATION \ud83d\ude0a<\/p>\n<p>If you answered YES,  fill out the form below.<br \/>\n\n                <div class='gf_browser_gecko gform_wrapper gform_legacy_markup_wrapper gform-theme--no-framework' data-form-theme='legacy' data-form-index='0' id='gform_wrapper_59' ><form method='post' enctype='multipart\/form-data'  id='gform_59'  action='\/en\/wp-json\/wp\/v2\/pages\/1313' data-formid='59' novalidate>\n                        <div class='gform-body gform_body'><ul id='gform_fields_59' class='gform_fields top_label form_sublabel_below description_below validation_below'><li id=\"field_59_9\" class=\"gfield gfield--type-honeypot gform_validation_container field_sublabel_below gfield--has-description field_description_below field_validation_below gfield_visibility_visible\"  ><label class='gfield_label gform-field-label' for='input_59_9'>Email<\/label><div class='ginput_container'><input name='input_9' id='input_59_9' type='text' value='' autocomplete='new-password'\/><\/div><div class='gfield_description' id='gfield_description_59_9'>This field is for validation purposes and should be left unchanged.<\/div><\/li><li id=\"field_59_1\" class=\"gfield gfield--type-name gfield_contains_required field_sublabel_below gfield--no-description field_description_below field_validation_below gfield_visibility_visible\"  ><label class='gfield_label gform-field-label gfield_label_before_complex' >Full name<span class=\"gfield_required\"><span class=\"gfield_required gfield_required_asterisk\">*<\/span><\/span><\/label><div class='ginput_complex ginput_container ginput_container--name no_prefix has_first_name no_middle_name has_last_name no_suffix gf_name_has_2 ginput_container_name gform-grid-row' id='input_59_1'>\n                            \n                            <span id='input_59_1_3_container' class='name_first gform-grid-col gform-grid-col--size-auto' >\n                                                    <input type='text' name='input_1.3' id='input_59_1_3' value=''   aria-required='true'     \/>\n                                                    <label for='input_59_1_3' class='gform-field-label gform-field-label--type-sub '>First<\/label>\n                                                <\/span>\n                            \n                            <span id='input_59_1_6_container' class='name_last gform-grid-col gform-grid-col--size-auto' >\n                                                    <input type='text' name='input_1.6' id='input_59_1_6' value=''   aria-required='true'     \/>\n                                                    <label for='input_59_1_6' class='gform-field-label gform-field-label--type-sub '>Last<\/label>\n                                                <\/span>\n                            \n                        <\/div><\/li><li id=\"field_59_2\" class=\"gfield gfield--type-email gfield_contains_required field_sublabel_below gfield--no-description field_description_below field_validation_below gfield_visibility_visible\"  ><label class='gfield_label gform-field-label' for='input_59_2'>Email<span class=\"gfield_required\"><span class=\"gfield_required gfield_required_asterisk\">*<\/span><\/span><\/label><div class='ginput_container ginput_container_email'>\n                            <input name='input_2' id='input_59_2' type='email' value='' class='medium'    aria-required=\"true\" aria-invalid=\"false\"  \/>\n                        <\/div><\/li><li id=\"field_59_3\" class=\"gfield gfield--type-phone gfield_contains_required field_sublabel_below gfield--no-description field_description_below field_validation_below gfield_visibility_visible\"  ><label class='gfield_label gform-field-label' for='input_59_3'>Phone number<span class=\"gfield_required\"><span class=\"gfield_required gfield_required_asterisk\">*<\/span><\/span><\/label><div class='ginput_container ginput_container_phone'><input name='input_3' id='input_59_3' type='tel' value='' class='medium'   aria-required=\"true\" aria-invalid=\"false\"   \/><\/div><\/li><li id=\"field_59_7\" class=\"gfield gfield--type-select gfield_contains_required field_sublabel_below gfield--no-description field_description_below field_validation_below gfield_visibility_visible\"  ><label class='gfield_label gform-field-label' for='input_59_7'>I&#039;m a broker for<span class=\"gfield_required\"><span class=\"gfield_required gfield_required_asterisk\">*<\/span><\/span><\/label><div class='ginput_container ginput_container_select'><select name='input_7' id='input_59_7' class='medium gfield_select'    aria-required=\"true\" aria-invalid=\"false\" ><option value='Less than a year' >Less than a year<\/option><option value='1  to 5 years' >1  to 5 years<\/option><option value='5 to 10 years' >5 to 10 years<\/option><option value='more than 10 years' >more than 10 years<\/option><\/select><\/div><\/li><li id=\"field_59_4\" class=\"gfield gfield--type-text field_sublabel_below gfield--no-description field_description_below field_validation_below gfield_visibility_visible\"  ><label class='gfield_label gform-field-label' for='input_59_4'>Your present Real Estate agency name (if applicable)<\/label><div class='ginput_container ginput_container_text'><input name='input_4' id='input_59_4' type='text' value='' class='medium'      aria-invalid=\"false\"   \/><\/div><\/li><li id=\"field_59_8\" class=\"gfield gfield--type-select gfield_contains_required field_sublabel_below gfield--no-description field_description_below field_validation_below gfield_visibility_visible\"  ><label class='gfield_label gform-field-label' for='input_59_8'>Where did you hear about Team Melanie Dubois<span class=\"gfield_required\"><span class=\"gfield_required gfield_required_asterisk\">*<\/span><\/span><\/label><div class='ginput_container ginput_container_select'><select name='input_8' id='input_59_8' class='medium gfield_select'    aria-required=\"true\" aria-invalid=\"false\" ><option value='Facebook' >Facebook<\/option><option value='Through another broker' >Through another broker<\/option><option value='Searching on Internet' >Searching on Internet<\/option><option value='We collaborated on a transaction' >We collaborated on a transaction<\/option><\/select><\/div><\/li><\/ul><\/div>\n        <div class='gform-footer gform_footer top_label'> <input type='submit' id='gform_submit_button_59' class='gform_button button' onclick='gform.submission.handleButtonClick(this);' data-submission-type='submit' value='Soumettre ma candidature'  \/> \n            <input type='hidden' class='gform_hidden' name='gform_submission_method' data-js='gform_submission_method_59' value='postback' \/>\n            <input type='hidden' class='gform_hidden' name='gform_theme' data-js='gform_theme_59' id='gform_theme_59' value='legacy' \/>\n            <input type='hidden' class='gform_hidden' name='gform_style_settings' data-js='gform_style_settings_59' id='gform_style_settings_59' value='[]' \/>\n            <input type='hidden' class='gform_hidden' name='is_submit_59' value='1' \/>\n            <input type='hidden' class='gform_hidden' name='gform_submit' value='59' \/>\n            \n            <input type='hidden' class='gform_hidden' name='gform_currency' data-currency='USD' value='HnILnnGowe4VgMzfQ6tBNszSVBr4bwgZ0+i8ifgeBhRcYszgPWjo1d0BQnFKRNZvWAGGKxH5K7nUX7BRMnau4kVjxQwLHJ0A\/SXcv5oNIAckwEw=' \/>\n            <input type='hidden' class='gform_hidden' name='gform_unique_id' value='' \/>\n            <input type='hidden' class='gform_hidden' name='state_59' value='WyJbXSIsImFjOTk3YTc1ZmYzYjhmYmYwYmQ3MjE5MzRkMGUyYjg2Il0=' \/>\n            <input type='hidden' autocomplete='off' class='gform_hidden' name='gform_target_page_number_59' id='gform_target_page_number_59' value='0' \/>\n            <input type='hidden' autocomplete='off' class='gform_hidden' name='gform_source_page_number_59' id='gform_source_page_number_59' value='1' \/>\n            <input type='hidden' name='gform_field_values' value='' \/>\n            \n        <\/div>\n                        <\/form>\n                        <\/div><script type=\"text\/javascript\">\n\/* <![CDATA[ *\/\n gform.initializeOnLoaded( function() {gformInitSpinner( 59, 'https:\/\/melaniedubois.com\/wp-content\/plugins\/gravityforms\/images\/spinner.svg', true );jQuery('#gform_ajax_frame_59').on('load',function(){var contents = jQuery(this).contents().find('*').html();var is_postback = contents.indexOf('GF_AJAX_POSTBACK') >= 0;if(!is_postback){return;}var form_content = jQuery(this).contents().find('#gform_wrapper_59');var is_confirmation = jQuery(this).contents().find('#gform_confirmation_wrapper_59').length > 0;var is_redirect = contents.indexOf('gformRedirect(){') >= 0;var is_form = form_content.length > 0 && ! is_redirect && ! is_confirmation;var mt = parseInt(jQuery('html').css('margin-top'), 10) + parseInt(jQuery('body').css('margin-top'), 10) + 100;if(is_form){jQuery('#gform_wrapper_59').html(form_content.html());if(form_content.hasClass('gform_validation_error')){jQuery('#gform_wrapper_59').addClass('gform_validation_error');} else {jQuery('#gform_wrapper_59').removeClass('gform_validation_error');}setTimeout( function() { \/* delay the scroll by 50 milliseconds to fix a bug in chrome *\/  }, 50 );if(window['gformInitDatepicker']) {gformInitDatepicker();}if(window['gformInitPriceFields']) {gformInitPriceFields();}var current_page = jQuery('#gform_source_page_number_59').val();gformInitSpinner( 59, 'https:\/\/melaniedubois.com\/wp-content\/plugins\/gravityforms\/images\/spinner.svg', true );jQuery(document).trigger('gform_page_loaded', [59, current_page]);window['gf_submitting_59'] = false;}else if(!is_redirect){var confirmation_content = jQuery(this).contents().find('.GF_AJAX_POSTBACK').html();if(!confirmation_content){confirmation_content = contents;}jQuery('#gform_wrapper_59').replaceWith(confirmation_content);jQuery(document).trigger('gform_confirmation_loaded', [59]);window['gf_submitting_59'] = false;wp.a11y.speak(jQuery('#gform_confirmation_message_59').text());}else{jQuery('#gform_59').append(contents);if(window['gformRedirect']) {gformRedirect();}}jQuery(document).trigger(\"gform_pre_post_render\", [{ formId: \"59\", currentPage: \"current_page\", abort: function() { this.preventDefault(); } }]);        if (event && event.defaultPrevented) {                return;        }        const gformWrapperDiv = document.getElementById( \"gform_wrapper_59\" );        if ( gformWrapperDiv ) {            const visibilitySpan = document.createElement( \"span\" );            visibilitySpan.id = \"gform_visibility_test_59\";            gformWrapperDiv.insertAdjacentElement( \"afterend\", visibilitySpan );        }        const visibilityTestDiv = document.getElementById( \"gform_visibility_test_59\" );        let postRenderFired = false;        function triggerPostRender() {            if ( postRenderFired ) {                return;            }            postRenderFired = true;            gform.core.triggerPostRenderEvents( 59, current_page );            if ( visibilityTestDiv ) {                visibilityTestDiv.parentNode.removeChild( visibilityTestDiv );            }        }        function debounce( func, wait, immediate ) {            var timeout;            return function() {                var context = this, args = arguments;                var later = function() {                    timeout = null;                    if ( !immediate ) func.apply( context, args );                };                var callNow = immediate && !timeout;                clearTimeout( timeout );                timeout = setTimeout( later, wait );                if ( callNow ) func.apply( context, args );            };        }        const debouncedTriggerPostRender = debounce( function() {            triggerPostRender();        }, 200 );        if ( visibilityTestDiv && visibilityTestDiv.offsetParent === null ) {            const observer = new MutationObserver( ( mutations ) => {                mutations.forEach( ( mutation ) => {                    if ( mutation.type === 'attributes' && visibilityTestDiv.offsetParent !== null ) {                        debouncedTriggerPostRender();                        observer.disconnect();                    }                });            });            observer.observe( document.body, {                attributes: true,                childList: false,                subtree: true,                attributeFilter: [ 'style', 'class' ],            });        } else {            triggerPostRender();        }    } );} ); \n\/* ]]> *\/\n<\/script>\n<br \/>\nI look forward to meeting with you soon!<\/p>\n<p>Please share this if you know someone that might be interested.<\/p>","protected":false},"excerpt":{"rendered":"<p>We are looking to meet with potential candidates that want to join our team: You are motivated You are bilingual You have already closed a few transactions and want to close more You like to work in a team You like to work with buyers You want to increase your revenue and make at least [&hellip;]<\/p>\n","protected":false},"author":632,"featured_media":0,"parent":253,"menu_order":0,"comment_status":"closed","ping_status":"closed","template":"","meta":{"_acf_changed":false,"footnotes":""},"class_list":["post-1313","page","type-page","status-publish","hentry"],"acf":[],"yoast_head":"<!-- This site is optimized with the Yoast SEO plugin v26.7 - https:\/\/yoast.com\/wordpress\/plugins\/seo\/ -->\n<title>Join the team - \u00c9quipe M\u00e9lanie Dubois<\/title>\n<meta name=\"robots\" content=\"index, follow, max-snippet:-1, max-image-preview:large, max-video-preview:-1\" \/>\n<link rel=\"canonical\" href=\"https:\/\/melaniedubois.com\/fr\/notre-equipe\/rejoindre-notre-equipe\/\" \/>\n<meta property=\"og:locale\" content=\"en_US\" \/>\n<meta property=\"og:type\" content=\"article\" \/>\n<meta property=\"og:title\" content=\"Join the team - \u00c9quipe M\u00e9lanie Dubois\" \/>\n<meta property=\"og:description\" content=\"We are looking to meet with potential candidates that want to join our team: You are motivated You are bilingual You have already closed a few transactions and want to close more You like to work in a team You like to work with buyers You want to increase your revenue and make at least [&hellip;]\" \/>\n<meta property=\"og:url\" content=\"https:\/\/melaniedubois.com\/fr\/notre-equipe\/rejoindre-notre-equipe\/\" \/>\n<meta property=\"og:site_name\" content=\"\u00c9quipe M\u00e9lanie Dubois\" \/>\n<meta property=\"article:modified_time\" content=\"2018-01-30T21:03:22+00:00\" \/>\n<meta property=\"og:image\" content=\"https:\/\/melaniedubois.com\/files\/2023\/09\/Melanie-Dubois_Partage.png\" \/>\n\t<meta property=\"og:image:width\" content=\"683\" \/>\n\t<meta property=\"og:image:height\" content=\"351\" \/>\n\t<meta property=\"og:image:type\" content=\"image\/png\" \/>\n<meta name=\"twitter:card\" content=\"summary_large_image\" \/>\n<meta name=\"twitter:label1\" content=\"Est. reading time\" \/>\n\t<meta name=\"twitter:data1\" content=\"2 minutes\" \/>\n<script type=\"application\/ld+json\" class=\"yoast-schema-graph\">{\"@context\":\"https:\/\/schema.org\",\"@graph\":[{\"@type\":\"WebPage\",\"@id\":\"https:\/\/melaniedubois.com\/fr\/notre-equipe\/rejoindre-notre-equipe\/\",\"url\":\"https:\/\/melaniedubois.com\/fr\/notre-equipe\/rejoindre-notre-equipe\/\",\"name\":\"[:fr]Joignez notre \u00e9quipe[:en]Join the team[:] - \u00c9quipe M\u00e9lanie Dubois\",\"isPartOf\":{\"@id\":\"https:\/\/melaniedubois.com\/en\/#website\"},\"datePublished\":\"2018-01-30T18:21:35+00:00\",\"dateModified\":\"2018-01-30T21:03:22+00:00\",\"breadcrumb\":{\"@id\":\"https:\/\/melaniedubois.com\/fr\/notre-equipe\/rejoindre-notre-equipe\/#breadcrumb\"},\"inLanguage\":\"en-US\",\"potentialAction\":[{\"@type\":\"ReadAction\",\"target\":[\"https:\/\/melaniedubois.com\/fr\/notre-equipe\/rejoindre-notre-equipe\/\"]}]},{\"@type\":\"BreadcrumbList\",\"@id\":\"https:\/\/melaniedubois.com\/fr\/notre-equipe\/rejoindre-notre-equipe\/#breadcrumb\",\"itemListElement\":[{\"@type\":\"ListItem\",\"position\":1,\"name\":\"Accueil\",\"item\":\"https:\/\/melaniedubois.com\/en\/\"},{\"@type\":\"ListItem\",\"position\":2,\"name\":\"Our team\",\"item\":\"https:\/\/melaniedubois.com\/en\/notre-equipe\/\"},{\"@type\":\"ListItem\",\"position\":3,\"name\":\"Joignez notre \u00e9quipe\"}]},{\"@type\":\"WebSite\",\"@id\":\"https:\/\/melaniedubois.com\/en\/#website\",\"url\":\"https:\/\/melaniedubois.com\/en\/\",\"name\":\"\u00c9quipe M\u00e9lanie Dubois\",\"description\":\"Courtier immobilier Montr\u00e9al, KW Connexion\",\"potentialAction\":[{\"@type\":\"SearchAction\",\"target\":{\"@type\":\"EntryPoint\",\"urlTemplate\":\"https:\/\/melaniedubois.com\/en\/?s={search_term_string}\"},\"query-input\":{\"@type\":\"PropertyValueSpecification\",\"valueRequired\":true,\"valueName\":\"search_term_string\"}}],\"inLanguage\":\"en-US\"}]}<\/script>\n<!-- \/ Yoast SEO plugin. -->","yoast_head_json":{"title":"Join the team - \u00c9quipe M\u00e9lanie Dubois","robots":{"index":"index","follow":"follow","max-snippet":"max-snippet:-1","max-image-preview":"max-image-preview:large","max-video-preview":"max-video-preview:-1"},"canonical":"https:\/\/melaniedubois.com\/fr\/notre-equipe\/rejoindre-notre-equipe\/","og_locale":"en_US","og_type":"article","og_title":"Join the team - \u00c9quipe M\u00e9lanie Dubois","og_description":"We are looking to meet with potential candidates that want to join our team: You are motivated You are bilingual You have already closed a few transactions and want to close more You like to work in a team You like to work with buyers You want to increase your revenue and make at least [&hellip;]","og_url":"https:\/\/melaniedubois.com\/fr\/notre-equipe\/rejoindre-notre-equipe\/","og_site_name":"\u00c9quipe M\u00e9lanie Dubois","article_modified_time":"2018-01-30T21:03:22+00:00","og_image":[{"width":683,"height":351,"url":"https:\/\/melaniedubois.com\/files\/2023\/09\/Melanie-Dubois_Partage.png","type":"image\/png"}],"twitter_card":"summary_large_image","twitter_misc":{"Est. reading time":"2 minutes"},"schema":{"@context":"https:\/\/schema.org","@graph":[{"@type":"WebPage","@id":"https:\/\/melaniedubois.com\/fr\/notre-equipe\/rejoindre-notre-equipe\/","url":"https:\/\/melaniedubois.com\/fr\/notre-equipe\/rejoindre-notre-equipe\/","name":"[:fr]Joignez notre \u00e9quipe[:en]Join the team[:] - \u00c9quipe M\u00e9lanie Dubois","isPartOf":{"@id":"https:\/\/melaniedubois.com\/en\/#website"},"datePublished":"2018-01-30T18:21:35+00:00","dateModified":"2018-01-30T21:03:22+00:00","breadcrumb":{"@id":"https:\/\/melaniedubois.com\/fr\/notre-equipe\/rejoindre-notre-equipe\/#breadcrumb"},"inLanguage":"en-US","potentialAction":[{"@type":"ReadAction","target":["https:\/\/melaniedubois.com\/fr\/notre-equipe\/rejoindre-notre-equipe\/"]}]},{"@type":"BreadcrumbList","@id":"https:\/\/melaniedubois.com\/fr\/notre-equipe\/rejoindre-notre-equipe\/#breadcrumb","itemListElement":[{"@type":"ListItem","position":1,"name":"Accueil","item":"https:\/\/melaniedubois.com\/en\/"},{"@type":"ListItem","position":2,"name":"Our team","item":"https:\/\/melaniedubois.com\/en\/notre-equipe\/"},{"@type":"ListItem","position":3,"name":"Joignez notre \u00e9quipe"}]},{"@type":"WebSite","@id":"https:\/\/melaniedubois.com\/en\/#website","url":"https:\/\/melaniedubois.com\/en\/","name":"\u00c9quipe M\u00e9lanie Dubois","description":"Courtier immobilier Montr\u00e9al, KW Connexion","potentialAction":[{"@type":"SearchAction","target":{"@type":"EntryPoint","urlTemplate":"https:\/\/melaniedubois.com\/en\/?s={search_term_string}"},"query-input":{"@type":"PropertyValueSpecification","valueRequired":true,"valueName":"search_term_string"}}],"inLanguage":"en-US"}]}},"_links":{"self":[{"href":"https:\/\/melaniedubois.com\/en\/wp-json\/wp\/v2\/pages\/1313","targetHints":{"allow":["GET"]}}],"collection":[{"href":"https:\/\/melaniedubois.com\/en\/wp-json\/wp\/v2\/pages"}],"about":[{"href":"https:\/\/melaniedubois.com\/en\/wp-json\/wp\/v2\/types\/page"}],"author":[{"embeddable":true,"href":"https:\/\/melaniedubois.com\/en\/wp-json\/wp\/v2\/users\/632"}],"replies":[{"embeddable":true,"href":"https:\/\/melaniedubois.com\/en\/wp-json\/wp\/v2\/comments?post=1313"}],"version-history":[{"count":2,"href":"https:\/\/melaniedubois.com\/en\/wp-json\/wp\/v2\/pages\/1313\/revisions"}],"predecessor-version":[{"id":1326,"href":"https:\/\/melaniedubois.com\/en\/wp-json\/wp\/v2\/pages\/1313\/revisions\/1326"}],"up":[{"embeddable":true,"href":"https:\/\/melaniedubois.com\/en\/wp-json\/wp\/v2\/pages\/253"}],"wp:attachment":[{"href":"https:\/\/melaniedubois.com\/en\/wp-json\/wp\/v2\/media?parent=1313"}],"curies":[{"name":"wp","href":"https:\/\/api.w.org\/{rel}","templated":true}]}}