{"id":1797,"date":"2020-01-14T09:43:55","date_gmt":"2020-01-14T14:43:55","guid":{"rendered":"https:\/\/melaniedubois.com\/?page_id=1797"},"modified":"2020-01-14T10:17:33","modified_gmt":"2020-01-14T15:17:33","slug":"top-10-proprietes-vendu","status":"publish","type":"page","link":"https:\/\/melaniedubois.com\/en\/outils\/top-10-proprietes-vendu\/","title":{"rendered":"(Fran\u00e7ais) Top 10 Propri\u00e9t\u00e9s vendu"},"content":{"rendered":"<p class=\"qtranxs-available-languages-message qtranxs-available-languages-message-en\">Sorry, this entry is only available in <a href=\"https:\/\/melaniedubois.com\/fr\/wp-json\/wp\/v2\/pages\/1797\" class=\"qtranxs-available-language-link qtranxs-available-language-link-fr\" title=\"Fran\u00e7ais\">Fran\u00e7ais<\/a>.<\/p>","protected":false},"excerpt":{"rendered":"<p>Sorry, this entry is only available in Fran\u00e7ais.<\/p>\n","protected":false},"author":121,"featured_media":0,"parent":226,"menu_order":0,"comment_status":"closed","ping_status":"closed","template":"page-fullwidth.php","meta":{"_acf_changed":false,"footnotes":""},"class_list":["post-1797","page","type-page","status-publish","hentry"],"acf":[],"yoast_head":"<!-- This site is optimized with the Yoast SEO plugin v26.7 - https:\/\/yoast.com\/wordpress\/plugins\/seo\/ -->\n<title>(Fran\u00e7ais) Top 10 Propri\u00e9t\u00e9s vendu - \u00c9quipe M\u00e9lanie Dubois<\/title>\n<meta name=\"robots\" content=\"index, follow, max-snippet:-1, max-image-preview:large, max-video-preview:-1\" \/>\n<link rel=\"canonical\" href=\"https:\/\/melaniedubois.com\/fr\/outils\/top-10-proprietes-vendu\/\" \/>\n<meta property=\"og:locale\" content=\"en_US\" \/>\n<meta property=\"og:type\" content=\"article\" \/>\n<meta property=\"og:title\" content=\"(Fran\u00e7ais) Top 10 Propri\u00e9t\u00e9s vendu - \u00c9quipe M\u00e9lanie Dubois\" \/>\n<meta property=\"og:description\" content=\"Sorry, this entry is only available in Fran\u00e7ais.\" \/>\n<meta property=\"og:url\" content=\"https:\/\/melaniedubois.com\/fr\/outils\/top-10-proprietes-vendu\/\" \/>\n<meta property=\"og:site_name\" content=\"\u00c9quipe M\u00e9lanie Dubois\" \/>\n<meta property=\"article:modified_time\" content=\"2020-01-14T15:17:33+00:00\" \/>\n<meta property=\"og:image\" content=\"https:\/\/melaniedubois.com\/files\/2023\/09\/Melanie-Dubois_Partage.png\" \/>\n\t<meta property=\"og:image:width\" content=\"683\" \/>\n\t<meta property=\"og:image:height\" content=\"351\" \/>\n\t<meta property=\"og:image:type\" content=\"image\/png\" \/>\n<meta name=\"twitter:card\" content=\"summary_large_image\" \/>\n<script type=\"application\/ld+json\" class=\"yoast-schema-graph\">{\"@context\":\"https:\/\/schema.org\",\"@graph\":[{\"@type\":\"WebPage\",\"@id\":\"https:\/\/melaniedubois.com\/fr\/outils\/top-10-proprietes-vendu\/\",\"url\":\"https:\/\/melaniedubois.com\/fr\/outils\/top-10-proprietes-vendu\/\",\"name\":\"[:fr]Top 10 Propri\u00e9t\u00e9s vendu[:] - \u00c9quipe M\u00e9lanie Dubois\",\"isPartOf\":{\"@id\":\"https:\/\/melaniedubois.com\/fr\/#website\"},\"datePublished\":\"2020-01-14T14:43:55+00:00\",\"dateModified\":\"2020-01-14T15:17:33+00:00\",\"breadcrumb\":{\"@id\":\"https:\/\/melaniedubois.com\/fr\/outils\/top-10-proprietes-vendu\/#breadcrumb\"},\"inLanguage\":\"en-US\",\"potentialAction\":[{\"@type\":\"ReadAction\",\"target\":[\"https:\/\/melaniedubois.com\/fr\/outils\/top-10-proprietes-vendu\/\"]}]},{\"@type\":\"BreadcrumbList\",\"@id\":\"https:\/\/melaniedubois.com\/fr\/outils\/top-10-proprietes-vendu\/#breadcrumb\",\"itemListElement\":[{\"@type\":\"ListItem\",\"position\":1,\"name\":\"Accueil\",\"item\":\"https:\/\/melaniedubois.com\/fr\/\"},{\"@type\":\"ListItem\",\"position\":2,\"name\":\"Outils\",\"item\":\"https:\/\/melaniedubois.com\/fr\/outils\/\"},{\"@type\":\"ListItem\",\"position\":3,\"name\":\"Top 10 Propri\u00e9t\u00e9s vendu\"}]},{\"@type\":\"WebSite\",\"@id\":\"https:\/\/melaniedubois.com\/fr\/#website\",\"url\":\"https:\/\/melaniedubois.com\/fr\/\",\"name\":\"\u00c9quipe M\u00e9lanie Dubois\",\"description\":\"Courtier immobilier Montr\u00e9al, KW Connexion\",\"potentialAction\":[{\"@type\":\"SearchAction\",\"target\":{\"@type\":\"EntryPoint\",\"urlTemplate\":\"https:\/\/melaniedubois.com\/fr\/?s={search_term_string}\"},\"query-input\":{\"@type\":\"PropertyValueSpecification\",\"valueRequired\":true,\"valueName\":\"search_term_string\"}}],\"inLanguage\":\"en-US\"}]}<\/script>\n<!-- \/ Yoast SEO plugin. -->","yoast_head_json":{"title":"(Fran\u00e7ais) Top 10 Propri\u00e9t\u00e9s vendu - \u00c9quipe M\u00e9lanie Dubois","robots":{"index":"index","follow":"follow","max-snippet":"max-snippet:-1","max-image-preview":"max-image-preview:large","max-video-preview":"max-video-preview:-1"},"canonical":"https:\/\/melaniedubois.com\/fr\/outils\/top-10-proprietes-vendu\/","og_locale":"en_US","og_type":"article","og_title":"(Fran\u00e7ais) Top 10 Propri\u00e9t\u00e9s vendu - \u00c9quipe M\u00e9lanie Dubois","og_description":"Sorry, this entry is only available in Fran\u00e7ais.","og_url":"https:\/\/melaniedubois.com\/fr\/outils\/top-10-proprietes-vendu\/","og_site_name":"\u00c9quipe M\u00e9lanie Dubois","article_modified_time":"2020-01-14T15:17:33+00:00","og_image":[{"width":683,"height":351,"url":"https:\/\/melaniedubois.com\/files\/2023\/09\/Melanie-Dubois_Partage.png","type":"image\/png"}],"twitter_card":"summary_large_image","schema":{"@context":"https:\/\/schema.org","@graph":[{"@type":"WebPage","@id":"https:\/\/melaniedubois.com\/fr\/outils\/top-10-proprietes-vendu\/","url":"https:\/\/melaniedubois.com\/fr\/outils\/top-10-proprietes-vendu\/","name":"[:fr]Top 10 Propri\u00e9t\u00e9s vendu[:] - \u00c9quipe M\u00e9lanie Dubois","isPartOf":{"@id":"https:\/\/melaniedubois.com\/fr\/#website"},"datePublished":"2020-01-14T14:43:55+00:00","dateModified":"2020-01-14T15:17:33+00:00","breadcrumb":{"@id":"https:\/\/melaniedubois.com\/fr\/outils\/top-10-proprietes-vendu\/#breadcrumb"},"inLanguage":"en-US","potentialAction":[{"@type":"ReadAction","target":["https:\/\/melaniedubois.com\/fr\/outils\/top-10-proprietes-vendu\/"]}]},{"@type":"BreadcrumbList","@id":"https:\/\/melaniedubois.com\/fr\/outils\/top-10-proprietes-vendu\/#breadcrumb","itemListElement":[{"@type":"ListItem","position":1,"name":"Accueil","item":"https:\/\/melaniedubois.com\/fr\/"},{"@type":"ListItem","position":2,"name":"Outils","item":"https:\/\/melaniedubois.com\/fr\/outils\/"},{"@type":"ListItem","position":3,"name":"Top 10 Propri\u00e9t\u00e9s vendu"}]},{"@type":"WebSite","@id":"https:\/\/melaniedubois.com\/fr\/#website","url":"https:\/\/melaniedubois.com\/fr\/","name":"\u00c9quipe M\u00e9lanie Dubois","description":"Courtier immobilier Montr\u00e9al, KW Connexion","potentialAction":[{"@type":"SearchAction","target":{"@type":"EntryPoint","urlTemplate":"https:\/\/melaniedubois.com\/fr\/?s={search_term_string}"},"query-input":{"@type":"PropertyValueSpecification","valueRequired":true,"valueName":"search_term_string"}}],"inLanguage":"en-US"}]}},"_links":{"self":[{"href":"https:\/\/melaniedubois.com\/en\/wp-json\/wp\/v2\/pages\/1797","targetHints":{"allow":["GET"]}}],"collection":[{"href":"https:\/\/melaniedubois.com\/en\/wp-json\/wp\/v2\/pages"}],"about":[{"href":"https:\/\/melaniedubois.com\/en\/wp-json\/wp\/v2\/types\/page"}],"author":[{"embeddable":true,"href":"https:\/\/melaniedubois.com\/en\/wp-json\/wp\/v2\/users\/121"}],"replies":[{"embeddable":true,"href":"https:\/\/melaniedubois.com\/en\/wp-json\/wp\/v2\/comments?post=1797"}],"version-history":[{"count":3,"href":"https:\/\/melaniedubois.com\/en\/wp-json\/wp\/v2\/pages\/1797\/revisions"}],"predecessor-version":[{"id":1806,"href":"https:\/\/melaniedubois.com\/en\/wp-json\/wp\/v2\/pages\/1797\/revisions\/1806"}],"up":[{"embeddable":true,"href":"https:\/\/melaniedubois.com\/en\/wp-json\/wp\/v2\/pages\/226"}],"wp:attachment":[{"href":"https:\/\/melaniedubois.com\/en\/wp-json\/wp\/v2\/media?parent=1797"}],"curies":[{"name":"wp","href":"https:\/\/api.w.org\/{rel}","templated":true}]}}