{"id":1997,"date":"2021-10-13T15:12:38","date_gmt":"2021-10-13T19:12:38","guid":{"rendered":"http:\/\/melaniedubois.com\/?page_id=1997"},"modified":"2021-10-14T19:16:27","modified_gmt":"2021-10-14T23:16:27","slug":"how-much-do-condos-cost-near-the-subway-in-montreal","status":"publish","type":"page","link":"https:\/\/melaniedubois.com\/en\/how-much-do-condos-cost-near-the-subway-in-montreal\/","title":{"rendered":"(Fran\u00e7ais) How much do condos cost near the subway in Montreal ?"},"content":{"rendered":"<p class=\"qtranxs-available-languages-message qtranxs-available-languages-message-en\">Sorry, this entry is only available in <a href=\"https:\/\/melaniedubois.com\/fr\/wp-json\/wp\/v2\/pages\/1997\" class=\"qtranxs-available-language-link qtranxs-available-language-link-fr\" title=\"Fran\u00e7ais\">Fran\u00e7ais<\/a>.<\/p>","protected":false},"excerpt":{"rendered":"<p>Sorry, this entry is only available in Fran\u00e7ais.<\/p>\n","protected":false},"author":742,"featured_media":0,"parent":0,"menu_order":0,"comment_status":"closed","ping_status":"closed","template":"","meta":{"_acf_changed":false,"footnotes":""},"class_list":["post-1997","page","type-page","status-publish","hentry"],"acf":[],"yoast_head":"<!-- This site is optimized with the Yoast SEO plugin v26.7 - https:\/\/yoast.com\/wordpress\/plugins\/seo\/ -->\n<title>(Fran\u00e7ais) How much do condos cost near the subway in Montreal ? - \u00c9quipe M\u00e9lanie Dubois<\/title>\n<meta name=\"robots\" content=\"index, follow, max-snippet:-1, max-image-preview:large, max-video-preview:-1\" \/>\n<link rel=\"canonical\" href=\"https:\/\/melaniedubois.com\/en\/how-much-do-condos-cost-near-the-subway-in-montreal\/\" \/>\n<meta property=\"og:locale\" content=\"en_US\" \/>\n<meta property=\"og:type\" content=\"article\" \/>\n<meta property=\"og:title\" content=\"(Fran\u00e7ais) How much do condos cost near the subway in Montreal ? - \u00c9quipe M\u00e9lanie Dubois\" \/>\n<meta property=\"og:description\" content=\"Sorry, this entry is only available in Fran\u00e7ais.\" \/>\n<meta property=\"og:url\" content=\"https:\/\/melaniedubois.com\/en\/how-much-do-condos-cost-near-the-subway-in-montreal\/\" \/>\n<meta property=\"og:site_name\" content=\"\u00c9quipe M\u00e9lanie Dubois\" \/>\n<meta property=\"article:modified_time\" content=\"2021-10-14T23:16:27+00:00\" \/>\n<meta property=\"og:image\" content=\"https:\/\/mcusercontent.com\/93cd80b45544fad91b6b44d60\/images\/15a5ff6a-b564-a498-8147-9dcd9dcfb902.jpg\" \/>\n<meta name=\"twitter:card\" content=\"summary_large_image\" \/>\n<meta name=\"twitter:label1\" content=\"Est. reading time\" \/>\n\t<meta name=\"twitter:data1\" content=\"2 minutes\" \/>\n<script type=\"application\/ld+json\" class=\"yoast-schema-graph\">{\"@context\":\"https:\/\/schema.org\",\"@graph\":[{\"@type\":\"WebPage\",\"@id\":\"https:\/\/melaniedubois.com\/en\/how-much-do-condos-cost-near-the-subway-in-montreal\/\",\"url\":\"https:\/\/melaniedubois.com\/en\/how-much-do-condos-cost-near-the-subway-in-montreal\/\",\"name\":\"[:fr]How much do condos cost near the subway in Montreal ?[:] - \u00c9quipe M\u00e9lanie Dubois\",\"isPartOf\":{\"@id\":\"https:\/\/melaniedubois.com\/en\/#website\"},\"primaryImageOfPage\":{\"@id\":\"https:\/\/melaniedubois.com\/en\/how-much-do-condos-cost-near-the-subway-in-montreal\/#primaryimage\"},\"image\":{\"@id\":\"https:\/\/melaniedubois.com\/en\/how-much-do-condos-cost-near-the-subway-in-montreal\/#primaryimage\"},\"thumbnailUrl\":\"https:\/\/mcusercontent.com\/93cd80b45544fad91b6b44d60\/images\/15a5ff6a-b564-a498-8147-9dcd9dcfb902.jpg\",\"datePublished\":\"2021-10-13T19:12:38+00:00\",\"dateModified\":\"2021-10-14T23:16:27+00:00\",\"breadcrumb\":{\"@id\":\"https:\/\/melaniedubois.com\/en\/how-much-do-condos-cost-near-the-subway-in-montreal\/#breadcrumb\"},\"inLanguage\":\"en-US\",\"potentialAction\":[{\"@type\":\"ReadAction\",\"target\":[\"https:\/\/melaniedubois.com\/en\/how-much-do-condos-cost-near-the-subway-in-montreal\/\"]}]},{\"@type\":\"ImageObject\",\"inLanguage\":\"en-US\",\"@id\":\"https:\/\/melaniedubois.com\/en\/how-much-do-condos-cost-near-the-subway-in-montreal\/#primaryimage\",\"url\":\"https:\/\/mcusercontent.com\/93cd80b45544fad91b6b44d60\/images\/15a5ff6a-b564-a498-8147-9dcd9dcfb902.jpg\",\"contentUrl\":\"https:\/\/mcusercontent.com\/93cd80b45544fad91b6b44d60\/images\/15a5ff6a-b564-a498-8147-9dcd9dcfb902.jpg\"},{\"@type\":\"BreadcrumbList\",\"@id\":\"https:\/\/melaniedubois.com\/en\/how-much-do-condos-cost-near-the-subway-in-montreal\/#breadcrumb\",\"itemListElement\":[{\"@type\":\"ListItem\",\"position\":1,\"name\":\"Accueil\",\"item\":\"https:\/\/melaniedubois.com\/en\/\"},{\"@type\":\"ListItem\",\"position\":2,\"name\":\"(Fran\u00e7ais) How much do condos cost near the subway in Montreal ?\"}]},{\"@type\":\"WebSite\",\"@id\":\"https:\/\/melaniedubois.com\/en\/#website\",\"url\":\"https:\/\/melaniedubois.com\/en\/\",\"name\":\"\u00c9quipe M\u00e9lanie Dubois\",\"description\":\"Courtier immobilier Montr\u00e9al, KW Connexion\",\"potentialAction\":[{\"@type\":\"SearchAction\",\"target\":{\"@type\":\"EntryPoint\",\"urlTemplate\":\"https:\/\/melaniedubois.com\/en\/?s={search_term_string}\"},\"query-input\":{\"@type\":\"PropertyValueSpecification\",\"valueRequired\":true,\"valueName\":\"search_term_string\"}}],\"inLanguage\":\"en-US\"}]}<\/script>\n<!-- \/ Yoast SEO plugin. -->","yoast_head_json":{"title":"(Fran\u00e7ais) How much do condos cost near the subway in Montreal ? - \u00c9quipe M\u00e9lanie Dubois","robots":{"index":"index","follow":"follow","max-snippet":"max-snippet:-1","max-image-preview":"max-image-preview:large","max-video-preview":"max-video-preview:-1"},"canonical":"https:\/\/melaniedubois.com\/en\/how-much-do-condos-cost-near-the-subway-in-montreal\/","og_locale":"en_US","og_type":"article","og_title":"(Fran\u00e7ais) How much do condos cost near the subway in Montreal ? - \u00c9quipe M\u00e9lanie Dubois","og_description":"Sorry, this entry is only available in Fran\u00e7ais.","og_url":"https:\/\/melaniedubois.com\/en\/how-much-do-condos-cost-near-the-subway-in-montreal\/","og_site_name":"\u00c9quipe M\u00e9lanie Dubois","article_modified_time":"2021-10-14T23:16:27+00:00","og_image":[{"url":"https:\/\/mcusercontent.com\/93cd80b45544fad91b6b44d60\/images\/15a5ff6a-b564-a498-8147-9dcd9dcfb902.jpg","type":"","width":"","height":""}],"twitter_card":"summary_large_image","twitter_misc":{"Est. reading time":"2 minutes"},"schema":{"@context":"https:\/\/schema.org","@graph":[{"@type":"WebPage","@id":"https:\/\/melaniedubois.com\/en\/how-much-do-condos-cost-near-the-subway-in-montreal\/","url":"https:\/\/melaniedubois.com\/en\/how-much-do-condos-cost-near-the-subway-in-montreal\/","name":"[:fr]How much do condos cost near the subway in Montreal ?[:] - \u00c9quipe M\u00e9lanie Dubois","isPartOf":{"@id":"https:\/\/melaniedubois.com\/en\/#website"},"primaryImageOfPage":{"@id":"https:\/\/melaniedubois.com\/en\/how-much-do-condos-cost-near-the-subway-in-montreal\/#primaryimage"},"image":{"@id":"https:\/\/melaniedubois.com\/en\/how-much-do-condos-cost-near-the-subway-in-montreal\/#primaryimage"},"thumbnailUrl":"https:\/\/mcusercontent.com\/93cd80b45544fad91b6b44d60\/images\/15a5ff6a-b564-a498-8147-9dcd9dcfb902.jpg","datePublished":"2021-10-13T19:12:38+00:00","dateModified":"2021-10-14T23:16:27+00:00","breadcrumb":{"@id":"https:\/\/melaniedubois.com\/en\/how-much-do-condos-cost-near-the-subway-in-montreal\/#breadcrumb"},"inLanguage":"en-US","potentialAction":[{"@type":"ReadAction","target":["https:\/\/melaniedubois.com\/en\/how-much-do-condos-cost-near-the-subway-in-montreal\/"]}]},{"@type":"ImageObject","inLanguage":"en-US","@id":"https:\/\/melaniedubois.com\/en\/how-much-do-condos-cost-near-the-subway-in-montreal\/#primaryimage","url":"https:\/\/mcusercontent.com\/93cd80b45544fad91b6b44d60\/images\/15a5ff6a-b564-a498-8147-9dcd9dcfb902.jpg","contentUrl":"https:\/\/mcusercontent.com\/93cd80b45544fad91b6b44d60\/images\/15a5ff6a-b564-a498-8147-9dcd9dcfb902.jpg"},{"@type":"BreadcrumbList","@id":"https:\/\/melaniedubois.com\/en\/how-much-do-condos-cost-near-the-subway-in-montreal\/#breadcrumb","itemListElement":[{"@type":"ListItem","position":1,"name":"Accueil","item":"https:\/\/melaniedubois.com\/en\/"},{"@type":"ListItem","position":2,"name":"(Fran\u00e7ais) How much do condos cost near the subway in Montreal ?"}]},{"@type":"WebSite","@id":"https:\/\/melaniedubois.com\/en\/#website","url":"https:\/\/melaniedubois.com\/en\/","name":"\u00c9quipe M\u00e9lanie Dubois","description":"Courtier immobilier Montr\u00e9al, KW Connexion","potentialAction":[{"@type":"SearchAction","target":{"@type":"EntryPoint","urlTemplate":"https:\/\/melaniedubois.com\/en\/?s={search_term_string}"},"query-input":{"@type":"PropertyValueSpecification","valueRequired":true,"valueName":"search_term_string"}}],"inLanguage":"en-US"}]}},"_links":{"self":[{"href":"https:\/\/melaniedubois.com\/en\/wp-json\/wp\/v2\/pages\/1997","targetHints":{"allow":["GET"]}}],"collection":[{"href":"https:\/\/melaniedubois.com\/en\/wp-json\/wp\/v2\/pages"}],"about":[{"href":"https:\/\/melaniedubois.com\/en\/wp-json\/wp\/v2\/types\/page"}],"author":[{"embeddable":true,"href":"https:\/\/melaniedubois.com\/en\/wp-json\/wp\/v2\/users\/742"}],"replies":[{"embeddable":true,"href":"https:\/\/melaniedubois.com\/en\/wp-json\/wp\/v2\/comments?post=1997"}],"version-history":[{"count":2,"href":"https:\/\/melaniedubois.com\/en\/wp-json\/wp\/v2\/pages\/1997\/revisions"}],"predecessor-version":[{"id":2001,"href":"https:\/\/melaniedubois.com\/en\/wp-json\/wp\/v2\/pages\/1997\/revisions\/2001"}],"wp:attachment":[{"href":"https:\/\/melaniedubois.com\/en\/wp-json\/wp\/v2\/media?parent=1997"}],"curies":[{"name":"wp","href":"https:\/\/api.w.org\/{rel}","templated":true}]}}