{"id":2228,"date":"2022-03-12T09:41:53","date_gmt":"2022-03-12T14:41:53","guid":{"rendered":"http:\/\/melaniedubois.com\/?page_id=2228"},"modified":"2022-03-12T09:41:53","modified_gmt":"2022-03-12T14:41:53","slug":"english-contingency-funds-a-local-solution-to-protect-small-condominiums","status":"publish","type":"page","link":"https:\/\/melaniedubois.com\/en\/english-contingency-funds-a-local-solution-to-protect-small-condominiums\/","title":{"rendered":"Contingency funds: a local solution to protect small condominiums"},"content":{"rendered":"<p><\/p>\n<p style=\"text-align: justify;\">Imposed by Bill 16, the establishment of a contingency fund has financial consequences for small condo buildings. These buildings make up more than 80% of the condominiums in Quebec. An online service aims to facilitate access to professional services to meet the legal requirements at a low cost.<\/p>\n<p><img decoding=\"async\" src=\"https:\/\/mcusercontent.com\/93cd80b45544fad91b6b44d60\/images\/635558d7-dde4-911b-4c0c-2be32e99d6fc.png\" \/><\/p>\n<p style=\"text-align: justify;\">This is the proposal of Hoodi Technologies, which has just launched the My Fund Study platform. This digital tool allows small divided condominiums of 10 units or less to get help in establishing a contingency fund.<\/p>\n<p style=\"text-align: justify;\">&#8220;The study is done in an automated fashion using photos and documents added by the client in the app. Our professionals can then complete the information remotely and deliver the study to the client. The time savings allow for unparalleled affordability,&#8221; says Julien Gobeil-Simard, president of the Quebec City-based company.<\/p>\n<p style=\"text-align: justify;\">The latter recalls that Bill 16 introduces, among other things, the obligation for condominium corporations to have a contingency fund study conducted by a professional every five years. This provision is intended to counter the scourge of poorly maintained condominiums and the increase in insurance costs or repeated special contributions.<\/p>\n<p>&nbsp;<\/p>\n<p><strong>Source :<\/strong>\u00a0<a href=\"https:\/\/journalmetro.com\/inspiration\/habitation-et-immobilier\/2783479\/fonds-de-prevoyance-hoodi\/\">Article by Fran\u00e7ois Cattapan on the journalmetro.com on the 28 february of 2021<\/a><\/p>\n<p><strong>Link :<\/strong> <a href=\"https:\/\/journalmetro.com\/inspiration\/habitation-et-immobilier\/2783479\/fonds-de-prevoyance-hoodi\/\">https:\/\/journalmetro.com\/inspiration\/habitation-et-immobilier\/2783479\/fonds-de-prevoyance-hoodi\/<\/a><\/p>\n<p>&nbsp;<\/p>\n<p style=\"text-align: center;\">You want to keep an eye on the market and your investment ?<\/p>\n<p style=\"text-align: center;\">We can periodically send you a list of sales in your neighborhood.<\/p>\n<p style=\"text-align: center;\">It&#8217;s FREE!\u00a0 No obligation on your part.<\/p>\n<p><img decoding=\"async\" src=\"https:\/\/mcusercontent.com\/93cd80b45544fad91b6b44d60\/images\/4e6f6591-1108-4326-bdd0-44f74a03ea2b.png\" \/><\/p>","protected":false},"excerpt":{"rendered":"<p>Imposed by Bill 16, the establishment of a contingency fund has financial consequences for small condo buildings. These buildings make up more than 80% of the condominiums in Quebec. An online service aims to facilitate access to professional services to meet the legal requirements at a low cost. This is the proposal of Hoodi Technologies, [&hellip;]<\/p>\n","protected":false},"author":742,"featured_media":0,"parent":0,"menu_order":0,"comment_status":"closed","ping_status":"closed","template":"","meta":{"_acf_changed":false,"footnotes":""},"class_list":["post-2228","page","type-page","status-publish","hentry"],"acf":[],"yoast_head":"<!-- This site is optimized with the Yoast SEO plugin v26.7 - https:\/\/yoast.com\/wordpress\/plugins\/seo\/ -->\n<title>Contingency funds: a local solution to protect small condominiums - \u00c9quipe M\u00e9lanie Dubois<\/title>\n<meta name=\"robots\" content=\"index, follow, max-snippet:-1, max-image-preview:large, max-video-preview:-1\" \/>\n<link rel=\"canonical\" href=\"https:\/\/melaniedubois.com\/fr\/english-contingency-funds-a-local-solution-to-protect-small-condominiums\/\" \/>\n<meta property=\"og:locale\" content=\"en_US\" \/>\n<meta property=\"og:type\" content=\"article\" \/>\n<meta property=\"og:title\" content=\"Contingency funds: a local solution to protect small condominiums - \u00c9quipe M\u00e9lanie Dubois\" \/>\n<meta property=\"og:description\" content=\"Imposed by Bill 16, the establishment of a contingency fund has financial consequences for small condo buildings. These buildings make up more than 80% of the condominiums in Quebec. An online service aims to facilitate access to professional services to meet the legal requirements at a low cost. This is the proposal of Hoodi Technologies, [&hellip;]\" \/>\n<meta property=\"og:url\" content=\"https:\/\/melaniedubois.com\/fr\/english-contingency-funds-a-local-solution-to-protect-small-condominiums\/\" \/>\n<meta property=\"og:site_name\" content=\"\u00c9quipe M\u00e9lanie Dubois\" \/>\n<meta property=\"og:image\" content=\"https:\/\/mcusercontent.com\/93cd80b45544fad91b6b44d60\/images\/635558d7-dde4-911b-4c0c-2be32e99d6fc.png\" \/>\n<meta name=\"twitter:card\" content=\"summary_large_image\" \/>\n<meta name=\"twitter:label1\" content=\"Est. reading time\" \/>\n\t<meta name=\"twitter:data1\" content=\"1 minute\" \/>\n<script type=\"application\/ld+json\" class=\"yoast-schema-graph\">{\"@context\":\"https:\/\/schema.org\",\"@graph\":[{\"@type\":\"WebPage\",\"@id\":\"https:\/\/melaniedubois.com\/fr\/english-contingency-funds-a-local-solution-to-protect-small-condominiums\/\",\"url\":\"https:\/\/melaniedubois.com\/fr\/english-contingency-funds-a-local-solution-to-protect-small-condominiums\/\",\"name\":\"[:en]Contingency funds: a local solution to protect small condominiums[:] - \u00c9quipe M\u00e9lanie Dubois\",\"isPartOf\":{\"@id\":\"https:\/\/melaniedubois.com\/en\/#website\"},\"primaryImageOfPage\":{\"@id\":\"https:\/\/melaniedubois.com\/fr\/english-contingency-funds-a-local-solution-to-protect-small-condominiums\/#primaryimage\"},\"image\":{\"@id\":\"https:\/\/melaniedubois.com\/fr\/english-contingency-funds-a-local-solution-to-protect-small-condominiums\/#primaryimage\"},\"thumbnailUrl\":\"https:\/\/mcusercontent.com\/93cd80b45544fad91b6b44d60\/images\/635558d7-dde4-911b-4c0c-2be32e99d6fc.png\",\"datePublished\":\"2022-03-12T14:41:53+00:00\",\"breadcrumb\":{\"@id\":\"https:\/\/melaniedubois.com\/fr\/english-contingency-funds-a-local-solution-to-protect-small-condominiums\/#breadcrumb\"},\"inLanguage\":\"en-US\",\"potentialAction\":[{\"@type\":\"ReadAction\",\"target\":[\"https:\/\/melaniedubois.com\/fr\/english-contingency-funds-a-local-solution-to-protect-small-condominiums\/\"]}]},{\"@type\":\"ImageObject\",\"inLanguage\":\"en-US\",\"@id\":\"https:\/\/melaniedubois.com\/fr\/english-contingency-funds-a-local-solution-to-protect-small-condominiums\/#primaryimage\",\"url\":\"https:\/\/mcusercontent.com\/93cd80b45544fad91b6b44d60\/images\/635558d7-dde4-911b-4c0c-2be32e99d6fc.png\",\"contentUrl\":\"https:\/\/mcusercontent.com\/93cd80b45544fad91b6b44d60\/images\/635558d7-dde4-911b-4c0c-2be32e99d6fc.png\"},{\"@type\":\"BreadcrumbList\",\"@id\":\"https:\/\/melaniedubois.com\/fr\/english-contingency-funds-a-local-solution-to-protect-small-condominiums\/#breadcrumb\",\"itemListElement\":[{\"@type\":\"ListItem\",\"position\":1,\"name\":\"Accueil\",\"item\":\"https:\/\/melaniedubois.com\/en\/\"},{\"@type\":\"ListItem\",\"position\":2,\"name\":\"(English) Contingency funds: a local solution to protect small condominiums\"}]},{\"@type\":\"WebSite\",\"@id\":\"https:\/\/melaniedubois.com\/en\/#website\",\"url\":\"https:\/\/melaniedubois.com\/en\/\",\"name\":\"\u00c9quipe M\u00e9lanie Dubois\",\"description\":\"Courtier immobilier Montr\u00e9al, KW Connexion\",\"potentialAction\":[{\"@type\":\"SearchAction\",\"target\":{\"@type\":\"EntryPoint\",\"urlTemplate\":\"https:\/\/melaniedubois.com\/en\/?s={search_term_string}\"},\"query-input\":{\"@type\":\"PropertyValueSpecification\",\"valueRequired\":true,\"valueName\":\"search_term_string\"}}],\"inLanguage\":\"en-US\"}]}<\/script>\n<!-- \/ Yoast SEO plugin. -->","yoast_head_json":{"title":"Contingency funds: a local solution to protect small condominiums - \u00c9quipe M\u00e9lanie Dubois","robots":{"index":"index","follow":"follow","max-snippet":"max-snippet:-1","max-image-preview":"max-image-preview:large","max-video-preview":"max-video-preview:-1"},"canonical":"https:\/\/melaniedubois.com\/fr\/english-contingency-funds-a-local-solution-to-protect-small-condominiums\/","og_locale":"en_US","og_type":"article","og_title":"Contingency funds: a local solution to protect small condominiums - \u00c9quipe M\u00e9lanie Dubois","og_description":"Imposed by Bill 16, the establishment of a contingency fund has financial consequences for small condo buildings. These buildings make up more than 80% of the condominiums in Quebec. An online service aims to facilitate access to professional services to meet the legal requirements at a low cost. This is the proposal of Hoodi Technologies, [&hellip;]","og_url":"https:\/\/melaniedubois.com\/fr\/english-contingency-funds-a-local-solution-to-protect-small-condominiums\/","og_site_name":"\u00c9quipe M\u00e9lanie Dubois","og_image":[{"url":"https:\/\/mcusercontent.com\/93cd80b45544fad91b6b44d60\/images\/635558d7-dde4-911b-4c0c-2be32e99d6fc.png","type":"","width":"","height":""}],"twitter_card":"summary_large_image","twitter_misc":{"Est. reading time":"1 minute"},"schema":{"@context":"https:\/\/schema.org","@graph":[{"@type":"WebPage","@id":"https:\/\/melaniedubois.com\/fr\/english-contingency-funds-a-local-solution-to-protect-small-condominiums\/","url":"https:\/\/melaniedubois.com\/fr\/english-contingency-funds-a-local-solution-to-protect-small-condominiums\/","name":"[:en]Contingency funds: a local solution to protect small condominiums[:] - \u00c9quipe M\u00e9lanie Dubois","isPartOf":{"@id":"https:\/\/melaniedubois.com\/en\/#website"},"primaryImageOfPage":{"@id":"https:\/\/melaniedubois.com\/fr\/english-contingency-funds-a-local-solution-to-protect-small-condominiums\/#primaryimage"},"image":{"@id":"https:\/\/melaniedubois.com\/fr\/english-contingency-funds-a-local-solution-to-protect-small-condominiums\/#primaryimage"},"thumbnailUrl":"https:\/\/mcusercontent.com\/93cd80b45544fad91b6b44d60\/images\/635558d7-dde4-911b-4c0c-2be32e99d6fc.png","datePublished":"2022-03-12T14:41:53+00:00","breadcrumb":{"@id":"https:\/\/melaniedubois.com\/fr\/english-contingency-funds-a-local-solution-to-protect-small-condominiums\/#breadcrumb"},"inLanguage":"en-US","potentialAction":[{"@type":"ReadAction","target":["https:\/\/melaniedubois.com\/fr\/english-contingency-funds-a-local-solution-to-protect-small-condominiums\/"]}]},{"@type":"ImageObject","inLanguage":"en-US","@id":"https:\/\/melaniedubois.com\/fr\/english-contingency-funds-a-local-solution-to-protect-small-condominiums\/#primaryimage","url":"https:\/\/mcusercontent.com\/93cd80b45544fad91b6b44d60\/images\/635558d7-dde4-911b-4c0c-2be32e99d6fc.png","contentUrl":"https:\/\/mcusercontent.com\/93cd80b45544fad91b6b44d60\/images\/635558d7-dde4-911b-4c0c-2be32e99d6fc.png"},{"@type":"BreadcrumbList","@id":"https:\/\/melaniedubois.com\/fr\/english-contingency-funds-a-local-solution-to-protect-small-condominiums\/#breadcrumb","itemListElement":[{"@type":"ListItem","position":1,"name":"Accueil","item":"https:\/\/melaniedubois.com\/en\/"},{"@type":"ListItem","position":2,"name":"(English) Contingency funds: a local solution to protect small condominiums"}]},{"@type":"WebSite","@id":"https:\/\/melaniedubois.com\/en\/#website","url":"https:\/\/melaniedubois.com\/en\/","name":"\u00c9quipe M\u00e9lanie Dubois","description":"Courtier immobilier Montr\u00e9al, KW Connexion","potentialAction":[{"@type":"SearchAction","target":{"@type":"EntryPoint","urlTemplate":"https:\/\/melaniedubois.com\/en\/?s={search_term_string}"},"query-input":{"@type":"PropertyValueSpecification","valueRequired":true,"valueName":"search_term_string"}}],"inLanguage":"en-US"}]}},"_links":{"self":[{"href":"https:\/\/melaniedubois.com\/en\/wp-json\/wp\/v2\/pages\/2228","targetHints":{"allow":["GET"]}}],"collection":[{"href":"https:\/\/melaniedubois.com\/en\/wp-json\/wp\/v2\/pages"}],"about":[{"href":"https:\/\/melaniedubois.com\/en\/wp-json\/wp\/v2\/types\/page"}],"author":[{"embeddable":true,"href":"https:\/\/melaniedubois.com\/en\/wp-json\/wp\/v2\/users\/742"}],"replies":[{"embeddable":true,"href":"https:\/\/melaniedubois.com\/en\/wp-json\/wp\/v2\/comments?post=2228"}],"version-history":[{"count":1,"href":"https:\/\/melaniedubois.com\/en\/wp-json\/wp\/v2\/pages\/2228\/revisions"}],"predecessor-version":[{"id":2229,"href":"https:\/\/melaniedubois.com\/en\/wp-json\/wp\/v2\/pages\/2228\/revisions\/2229"}],"wp:attachment":[{"href":"https:\/\/melaniedubois.com\/en\/wp-json\/wp\/v2\/media?parent=2228"}],"curies":[{"name":"wp","href":"https:\/\/api.w.org\/{rel}","templated":true}]}}