{"id":2331,"date":"2022-08-19T16:59:06","date_gmt":"2022-08-19T20:59:06","guid":{"rendered":"http:\/\/melaniedubois.com\/?page_id=2331"},"modified":"2022-08-19T16:59:06","modified_gmt":"2022-08-19T20:59:06","slug":"english-buying-a-house-how-much-does-it-really-cost","status":"publish","type":"page","link":"https:\/\/melaniedubois.com\/en\/english-buying-a-house-how-much-does-it-really-cost\/","title":{"rendered":"Buying a house: how much does it really cost?"},"content":{"rendered":"<p><\/p>\n<p style=\"text-align: justify;\">Buying a property is an important project that needs to be well prepared. Of course, you will be surrounded by a team of professionals who will accompany you through the various stages of the purchase process. Nevertheless, it is to the advantage of future owners to be well informed and to know the various costs and fees associated with the purchase of a property. Of course, people immediately think of the mortgage, the down payment and the notary, but the list doesn&#8217;t end there. Let&#8217;s take a closer look at what to expect so that you don&#8217;t leave anything to chance and, above all, so that you can plan and budget your project effectively.<\/p>\n<p><img decoding=\"async\" src=\"https:\/\/mcusercontent.com\/93cd80b45544fad91b6b44d60\/images\/92f6ef44-6ad4-ef18-fac7-492fe776a81b.png\" \/><\/p>\n<h3 style=\"text-align: justify;\">Transfer tax (welcome tax)<\/h3>\n<p style=\"text-align: justify;\">This tax varies according to the price of the property. It is calculated on the basis of the higher of the price paid at the time of purchase or an amount calculated on the basis of the municipal assessment.<\/p>\n<h3 style=\"text-align: justify;\">Notary fees<\/h3>\n<p style=\"text-align: justify;\">The notary&#8217;s fees vary, but are generally $1,000 or more, depending on the work to be done on your file.<\/p>\n<h3 style=\"text-align: justify;\">Adjustments at the notary&#8217;s office<\/h3>\n<p style=\"text-align: justify;\">Many people forget that when they go to the notary, there is a good chance that you will have to write a cheque for the expenses paid in advance by the seller in order to reimburse him on a pro rata basis. This amount may include a portion of municipal taxes, school taxes, snow removal or lawn mowing contracts, furnace oil in the tank or hot water tank rental fees, etc.<\/p>\n<h3 style=\"text-align: justify;\">School and municipal taxes<\/h3>\n<p style=\"text-align: justify;\">Many financial institutions will suggest or even require that taxes be included in your mortgage payment. This is an effective way to ensure that your tax payments are up to date and that you do not fall behind.<\/p>\n<h3 style=\"text-align: justify;\">Payment of GST and QST<\/h3>\n<p style=\"text-align: justify;\">This tax is applicable if you are buying a new home. If you are buying a new home, you will have to pay these taxes and should budget for them.<\/p>\n<h3 style=\"text-align: justify;\">Home insurance<\/h3>\n<p style=\"text-align: justify;\">Take the time to shop around for home insurance and get several quotes to compare. Not all insurance companies have the same criteria, and you may be surprised at the price differences from one company to another.<\/p>\n<h3 style=\"text-align: justify;\">Inspection fees and tests<\/h3>\n<p style=\"text-align: justify;\">Don&#8217;t forget the inspection fees, which vary from $600 to $1,000, as well as the tests that will be recommended by the inspector, if necessary; in particular, tests for air quality, water quality, the septic tank or the presence of asbestos, etc.<\/p>\n<h3 style=\"text-align: justify;\">The move<\/h3>\n<p style=\"text-align: justify;\">Will you ask for help from your family or will you call in a removal company? In the latter case, prices vary according to many factors such as distance and time of year, and the final bill can quickly skyrocket.<\/p>\n<h3 style=\"text-align: justify;\">&#8230; And the &#8220;extras<\/h3>\n<p style=\"text-align: justify;\">Of course, I could easily extend the list by adding in reconnection fees for various services such as electricity, internet and cable, or mail forwarding costs. You may also need to buy new furniture, paint your new home or do some minor renovations.<\/p>\n<p style=\"text-align: justify;\">If we calculate the purchase and start-up costs as a percentage, we could say as a &#8220;rule of thumb&#8221; to allow for an amount equivalent to 3 to 5% of the price of your house.<\/p>\n<p>&nbsp;<\/p>\n<p><strong>Source :<\/strong> <a href=\"https:\/\/www.journaldemontreal.com\/2022\/02\/12\/acheter-sa-maison-combien-ca-coute-vraiment\">Article by Ghislain Larochelle on the <em>journaldemontreal.com <\/em>on the 12th february of 2022<\/a><\/p>\n<p><strong>Link : <\/strong><a href=\"https:\/\/www.journaldemontreal.com\/2022\/02\/12\/acheter-sa-maison-combien-ca-coute-vraiment\">https:\/\/www.journaldemontreal.com\/2022\/02\/12\/acheter-sa-maison-combien-ca-coute-vraiment<\/a><\/p>\n<p>&nbsp;<\/p>\n<p style=\"text-align: center;\">You want to keep an eye on the market and your investment ?<\/p>\n<p style=\"text-align: center;\">We can periodically send you a list of sales in your neighborhood.<\/p>\n<p style=\"text-align: center;\">It&#8217;s FREE!\u00a0 No obligation on your part.<\/p>\n<p><img decoding=\"async\" src=\"https:\/\/mcusercontent.com\/93cd80b45544fad91b6b44d60\/images\/4e6f6591-1108-4326-bdd0-44f74a03ea2b.png\" \/><\/p>","protected":false},"excerpt":{"rendered":"<p>Buying a property is an important project that needs to be well prepared. Of course, you will be surrounded by a team of professionals who will accompany you through the various stages of the purchase process. Nevertheless, it is to the advantage of future owners to be well informed and to know the various costs [&hellip;]<\/p>\n","protected":false},"author":742,"featured_media":0,"parent":0,"menu_order":0,"comment_status":"closed","ping_status":"closed","template":"","meta":{"_acf_changed":false,"footnotes":""},"class_list":["post-2331","page","type-page","status-publish","hentry"],"acf":[],"yoast_head":"<!-- This site is optimized with the Yoast SEO plugin v26.7 - https:\/\/yoast.com\/wordpress\/plugins\/seo\/ -->\n<title>Buying a house: how much does it really cost? - \u00c9quipe M\u00e9lanie Dubois<\/title>\n<meta name=\"robots\" content=\"index, follow, max-snippet:-1, max-image-preview:large, max-video-preview:-1\" \/>\n<link rel=\"canonical\" href=\"https:\/\/melaniedubois.com\/fr\/english-buying-a-house-how-much-does-it-really-cost\/\" \/>\n<meta property=\"og:locale\" content=\"en_US\" \/>\n<meta property=\"og:type\" content=\"article\" \/>\n<meta property=\"og:title\" content=\"Buying a house: how much does it really cost? - \u00c9quipe M\u00e9lanie Dubois\" \/>\n<meta property=\"og:description\" content=\"Buying a property is an important project that needs to be well prepared. Of course, you will be surrounded by a team of professionals who will accompany you through the various stages of the purchase process. Nevertheless, it is to the advantage of future owners to be well informed and to know the various costs [&hellip;]\" \/>\n<meta property=\"og:url\" content=\"https:\/\/melaniedubois.com\/fr\/english-buying-a-house-how-much-does-it-really-cost\/\" \/>\n<meta property=\"og:site_name\" content=\"\u00c9quipe M\u00e9lanie Dubois\" \/>\n<meta property=\"og:image\" content=\"https:\/\/mcusercontent.com\/93cd80b45544fad91b6b44d60\/images\/92f6ef44-6ad4-ef18-fac7-492fe776a81b.png\" \/>\n<meta name=\"twitter:card\" content=\"summary_large_image\" \/>\n<meta name=\"twitter:label1\" content=\"Est. reading time\" \/>\n\t<meta name=\"twitter:data1\" content=\"3 minutes\" \/>\n<script type=\"application\/ld+json\" class=\"yoast-schema-graph\">{\"@context\":\"https:\/\/schema.org\",\"@graph\":[{\"@type\":\"WebPage\",\"@id\":\"https:\/\/melaniedubois.com\/fr\/english-buying-a-house-how-much-does-it-really-cost\/\",\"url\":\"https:\/\/melaniedubois.com\/fr\/english-buying-a-house-how-much-does-it-really-cost\/\",\"name\":\"[:en]Buying a house: how much does it really cost?[:] - \u00c9quipe M\u00e9lanie Dubois\",\"isPartOf\":{\"@id\":\"https:\/\/melaniedubois.com\/en\/#website\"},\"primaryImageOfPage\":{\"@id\":\"https:\/\/melaniedubois.com\/fr\/english-buying-a-house-how-much-does-it-really-cost\/#primaryimage\"},\"image\":{\"@id\":\"https:\/\/melaniedubois.com\/fr\/english-buying-a-house-how-much-does-it-really-cost\/#primaryimage\"},\"thumbnailUrl\":\"https:\/\/mcusercontent.com\/93cd80b45544fad91b6b44d60\/images\/92f6ef44-6ad4-ef18-fac7-492fe776a81b.png\",\"datePublished\":\"2022-08-19T20:59:06+00:00\",\"breadcrumb\":{\"@id\":\"https:\/\/melaniedubois.com\/fr\/english-buying-a-house-how-much-does-it-really-cost\/#breadcrumb\"},\"inLanguage\":\"en-US\",\"potentialAction\":[{\"@type\":\"ReadAction\",\"target\":[\"https:\/\/melaniedubois.com\/fr\/english-buying-a-house-how-much-does-it-really-cost\/\"]}]},{\"@type\":\"ImageObject\",\"inLanguage\":\"en-US\",\"@id\":\"https:\/\/melaniedubois.com\/fr\/english-buying-a-house-how-much-does-it-really-cost\/#primaryimage\",\"url\":\"https:\/\/mcusercontent.com\/93cd80b45544fad91b6b44d60\/images\/92f6ef44-6ad4-ef18-fac7-492fe776a81b.png\",\"contentUrl\":\"https:\/\/mcusercontent.com\/93cd80b45544fad91b6b44d60\/images\/92f6ef44-6ad4-ef18-fac7-492fe776a81b.png\"},{\"@type\":\"BreadcrumbList\",\"@id\":\"https:\/\/melaniedubois.com\/fr\/english-buying-a-house-how-much-does-it-really-cost\/#breadcrumb\",\"itemListElement\":[{\"@type\":\"ListItem\",\"position\":1,\"name\":\"Accueil\",\"item\":\"https:\/\/melaniedubois.com\/en\/\"},{\"@type\":\"ListItem\",\"position\":2,\"name\":\"(English) Buying a house: how much does it really cost?\"}]},{\"@type\":\"WebSite\",\"@id\":\"https:\/\/melaniedubois.com\/en\/#website\",\"url\":\"https:\/\/melaniedubois.com\/en\/\",\"name\":\"\u00c9quipe M\u00e9lanie Dubois\",\"description\":\"Courtier immobilier Montr\u00e9al, KW Connexion\",\"potentialAction\":[{\"@type\":\"SearchAction\",\"target\":{\"@type\":\"EntryPoint\",\"urlTemplate\":\"https:\/\/melaniedubois.com\/en\/?s={search_term_string}\"},\"query-input\":{\"@type\":\"PropertyValueSpecification\",\"valueRequired\":true,\"valueName\":\"search_term_string\"}}],\"inLanguage\":\"en-US\"}]}<\/script>\n<!-- \/ Yoast SEO plugin. -->","yoast_head_json":{"title":"Buying a house: how much does it really cost? - \u00c9quipe M\u00e9lanie Dubois","robots":{"index":"index","follow":"follow","max-snippet":"max-snippet:-1","max-image-preview":"max-image-preview:large","max-video-preview":"max-video-preview:-1"},"canonical":"https:\/\/melaniedubois.com\/fr\/english-buying-a-house-how-much-does-it-really-cost\/","og_locale":"en_US","og_type":"article","og_title":"Buying a house: how much does it really cost? - \u00c9quipe M\u00e9lanie Dubois","og_description":"Buying a property is an important project that needs to be well prepared. Of course, you will be surrounded by a team of professionals who will accompany you through the various stages of the purchase process. Nevertheless, it is to the advantage of future owners to be well informed and to know the various costs [&hellip;]","og_url":"https:\/\/melaniedubois.com\/fr\/english-buying-a-house-how-much-does-it-really-cost\/","og_site_name":"\u00c9quipe M\u00e9lanie Dubois","og_image":[{"url":"https:\/\/mcusercontent.com\/93cd80b45544fad91b6b44d60\/images\/92f6ef44-6ad4-ef18-fac7-492fe776a81b.png","type":"","width":"","height":""}],"twitter_card":"summary_large_image","twitter_misc":{"Est. reading time":"3 minutes"},"schema":{"@context":"https:\/\/schema.org","@graph":[{"@type":"WebPage","@id":"https:\/\/melaniedubois.com\/fr\/english-buying-a-house-how-much-does-it-really-cost\/","url":"https:\/\/melaniedubois.com\/fr\/english-buying-a-house-how-much-does-it-really-cost\/","name":"[:en]Buying a house: how much does it really cost?[:] - \u00c9quipe M\u00e9lanie Dubois","isPartOf":{"@id":"https:\/\/melaniedubois.com\/en\/#website"},"primaryImageOfPage":{"@id":"https:\/\/melaniedubois.com\/fr\/english-buying-a-house-how-much-does-it-really-cost\/#primaryimage"},"image":{"@id":"https:\/\/melaniedubois.com\/fr\/english-buying-a-house-how-much-does-it-really-cost\/#primaryimage"},"thumbnailUrl":"https:\/\/mcusercontent.com\/93cd80b45544fad91b6b44d60\/images\/92f6ef44-6ad4-ef18-fac7-492fe776a81b.png","datePublished":"2022-08-19T20:59:06+00:00","breadcrumb":{"@id":"https:\/\/melaniedubois.com\/fr\/english-buying-a-house-how-much-does-it-really-cost\/#breadcrumb"},"inLanguage":"en-US","potentialAction":[{"@type":"ReadAction","target":["https:\/\/melaniedubois.com\/fr\/english-buying-a-house-how-much-does-it-really-cost\/"]}]},{"@type":"ImageObject","inLanguage":"en-US","@id":"https:\/\/melaniedubois.com\/fr\/english-buying-a-house-how-much-does-it-really-cost\/#primaryimage","url":"https:\/\/mcusercontent.com\/93cd80b45544fad91b6b44d60\/images\/92f6ef44-6ad4-ef18-fac7-492fe776a81b.png","contentUrl":"https:\/\/mcusercontent.com\/93cd80b45544fad91b6b44d60\/images\/92f6ef44-6ad4-ef18-fac7-492fe776a81b.png"},{"@type":"BreadcrumbList","@id":"https:\/\/melaniedubois.com\/fr\/english-buying-a-house-how-much-does-it-really-cost\/#breadcrumb","itemListElement":[{"@type":"ListItem","position":1,"name":"Accueil","item":"https:\/\/melaniedubois.com\/en\/"},{"@type":"ListItem","position":2,"name":"(English) Buying a house: how much does it really cost?"}]},{"@type":"WebSite","@id":"https:\/\/melaniedubois.com\/en\/#website","url":"https:\/\/melaniedubois.com\/en\/","name":"\u00c9quipe M\u00e9lanie Dubois","description":"Courtier immobilier Montr\u00e9al, KW Connexion","potentialAction":[{"@type":"SearchAction","target":{"@type":"EntryPoint","urlTemplate":"https:\/\/melaniedubois.com\/en\/?s={search_term_string}"},"query-input":{"@type":"PropertyValueSpecification","valueRequired":true,"valueName":"search_term_string"}}],"inLanguage":"en-US"}]}},"_links":{"self":[{"href":"https:\/\/melaniedubois.com\/en\/wp-json\/wp\/v2\/pages\/2331","targetHints":{"allow":["GET"]}}],"collection":[{"href":"https:\/\/melaniedubois.com\/en\/wp-json\/wp\/v2\/pages"}],"about":[{"href":"https:\/\/melaniedubois.com\/en\/wp-json\/wp\/v2\/types\/page"}],"author":[{"embeddable":true,"href":"https:\/\/melaniedubois.com\/en\/wp-json\/wp\/v2\/users\/742"}],"replies":[{"embeddable":true,"href":"https:\/\/melaniedubois.com\/en\/wp-json\/wp\/v2\/comments?post=2331"}],"version-history":[{"count":1,"href":"https:\/\/melaniedubois.com\/en\/wp-json\/wp\/v2\/pages\/2331\/revisions"}],"predecessor-version":[{"id":2332,"href":"https:\/\/melaniedubois.com\/en\/wp-json\/wp\/v2\/pages\/2331\/revisions\/2332"}],"wp:attachment":[{"href":"https:\/\/melaniedubois.com\/en\/wp-json\/wp\/v2\/media?parent=2331"}],"curies":[{"name":"wp","href":"https:\/\/api.w.org\/{rel}","templated":true}]}}