{"id":2339,"date":"2022-09-11T05:18:57","date_gmt":"2022-09-11T09:18:57","guid":{"rendered":"http:\/\/melaniedubois.com\/?page_id=2339"},"modified":"2022-09-11T05:18:57","modified_gmt":"2022-09-11T09:18:57","slug":"english-is-selling-your-house-or-car-for-1-a-good-idea","status":"publish","type":"page","link":"https:\/\/melaniedubois.com\/en\/english-is-selling-your-house-or-car-for-1-a-good-idea\/","title":{"rendered":"Is selling your house or car for $1 a good idea?"},"content":{"rendered":"<p><\/p>\n<p style=\"text-align: justify;\">Who hasn&#8217;t heard of $1 sales? A person sells an asset to a relative for a ridiculously low price or simply gives it away. But what are the tax consequences of such actions?<\/p>\n<p><img decoding=\"async\" src=\"https:\/\/mcusercontent.com\/93cd80b45544fad91b6b44d60\/images\/65133973-12ff-3f62-e507-071d384b9f66.png\" \/><\/p>\n<p style=\"text-align: justify;\">Un cas de plus en plus fr\u00e9quent : les gens donnent leur h\u00e9ritage de leur vivant. Si grand-maman veut donner son chalet \u00e0 sa fille apr\u00e8s avoir d\u00e9cid\u00e9 de d\u00e9m\u00e9nager dans une r\u00e9sidence pour personnes \u00e2g\u00e9es, elle va devoir s\u2019imposer comme si le chalet avait \u00e9t\u00e9 dispos\u00e9 \u00e0 la juste valeur marchande. Cette disposition pr\u00e9sum\u00e9e aux yeux du fisc au moment du don peut provoquer un imp\u00f4t \u00e0 payer et pourrait mettre la grand-maman dans une f\u00e2cheuse situation si elle ne dispose pas des liquidit\u00e9s n\u00e9cessaires pour r\u00e9gler cette dette fiscale.<\/p>\n<p style=\"text-align: justify;\">Faced with this presumed disposition at fair market value at the time of the gift, Grandma might be tempted to proceed otherwise and might consider selling for less than fair market value (FMV), or even for $1. But then, the result would be worse because the gain on the disposition of the property would be taxed not once but twice.<\/p>\n<p style=\"text-align: justify;\">To illustrate, let&#8217;s assume that the cottage is worth $300,000 on the real estate market and that Grandma decides to sell it to her daughter for $200,000, the price she originally paid for it. Grandma would then be taxed as if she had disposed of the property for $300,000 and would realize a capital gain of $100,000, which is the difference between the FMV and the cost she originally paid.<\/p>\n<p style=\"text-align: justify;\">If her daughter decided to sell the cottage later at the FMV of $300,000, she would also have to report a capital gain of $100,000, which is the difference between the proceeds of disposition and the $200,000 cost she originally paid. Thus, there is double taxation because the $100,000 that Grandma tried to avoid by lowering the sale price from $300,000 to $200,000 is ultimately taxed twice.<\/p>\n<p style=\"text-align: justify;\">Let&#8217;s say that Grandma owns stock in the stock market that she would like to pass on right away. Again, she might be tempted to sell them to her daughter for less than FMV and she would be subject to the same consequences as on the disposition of the cottage.<\/p>\n<p style=\"text-align: justify;\">Let&#8217;s continue with our example. Now in her new home, Grandma realizes that she doesn&#8217;t really need her car anymore and decides to give it to her daughter. When a vehicle is transferred between individuals, certain taxes apply, such as the Quebec Sales Tax (QST), which is calculated on the higher of the car&#8217;s appraised value and the sale price.<\/p>\n<p style=\"text-align: justify;\">If they are related by blood, marriage or adoption, there are no taxes to pay when a vehicle is given or sold between them. However, they will have to fill in a form at the SAAQ office to have their family relationship recognised. Some people who are not related by blood tend to declare a false sale price in order to have a smaller amount of taxes to pay, this is not without consequences and can lead to court cases.<\/p>\n<p style=\"text-align: justify;\">You can see the importance of planning your transactions with your relatives. Above all, don&#8217;t fall into the trap of selling your property for $1 or less than the fair market value because if the taxman catches up with you, you will pay double the price. It would be a shame if such a thoughtful act created friction or frustration.<\/p>\n<p style=\"text-align: justify;\">\n<p><strong>Source :<\/strong> <a href=\"https:\/\/www.lesaffaires.com\/dossier\/questions-pour-mon-comptable\/vendre-sa-maison-pour-1-une-bonne-idee\/631545\">Article by No\u00e9mie Beaudoin on the lesaffaires.<em>com <\/em>on the 11th march of 2022<\/a><\/p>\n<p><strong>Link : <\/strong><a href=\"https:\/\/www.lesaffaires.com\/dossier\/questions-pour-mon-comptable\/vendre-sa-maison-pour-1-une-bonne-idee\/631545\">https:\/\/www.lesaffaires.com\/dossier\/questions-pour-mon-comptable\/vendre-sa-maison-pour-1-une-bonne-idee\/631545<\/a><\/p>\n<p>&nbsp;<\/p>\n<p style=\"text-align: center;\">You want to keep an eye on the market and your investment ?<\/p>\n<p style=\"text-align: center;\">We can periodically send you a list of sales in your neighborhood.<\/p>\n<p style=\"text-align: center;\">It&#8217;s FREE!\u00a0 No obligation on your part.<\/p>\n<p><img decoding=\"async\" src=\"https:\/\/mcusercontent.com\/93cd80b45544fad91b6b44d60\/images\/4e6f6591-1108-4326-bdd0-44f74a03ea2b.png\" \/><\/p>","protected":false},"excerpt":{"rendered":"<p>Who hasn&#8217;t heard of $1 sales? A person sells an asset to a relative for a ridiculously low price or simply gives it away. But what are the tax consequences of such actions? Un cas de plus en plus fr\u00e9quent : les gens donnent leur h\u00e9ritage de leur vivant. Si grand-maman veut donner son chalet [&hellip;]<\/p>\n","protected":false},"author":742,"featured_media":0,"parent":0,"menu_order":0,"comment_status":"closed","ping_status":"closed","template":"","meta":{"_acf_changed":false,"footnotes":""},"class_list":["post-2339","page","type-page","status-publish","hentry"],"acf":[],"yoast_head":"<!-- This site is optimized with the Yoast SEO plugin v26.7 - https:\/\/yoast.com\/wordpress\/plugins\/seo\/ -->\n<title>Is selling your house or car for $1 a good idea? - \u00c9quipe M\u00e9lanie Dubois<\/title>\n<meta name=\"robots\" content=\"index, follow, max-snippet:-1, max-image-preview:large, max-video-preview:-1\" \/>\n<link rel=\"canonical\" href=\"https:\/\/melaniedubois.com\/en\/english-is-selling-your-house-or-car-for-1-a-good-idea\/\" \/>\n<meta property=\"og:locale\" content=\"en_US\" \/>\n<meta property=\"og:type\" content=\"article\" \/>\n<meta property=\"og:title\" content=\"Is selling your house or car for $1 a good idea? - \u00c9quipe M\u00e9lanie Dubois\" \/>\n<meta property=\"og:description\" content=\"Who hasn&#8217;t heard of $1 sales? A person sells an asset to a relative for a ridiculously low price or simply gives it away. But what are the tax consequences of such actions? Un cas de plus en plus fr\u00e9quent : les gens donnent leur h\u00e9ritage de leur vivant. Si grand-maman veut donner son chalet [&hellip;]\" \/>\n<meta property=\"og:url\" content=\"https:\/\/melaniedubois.com\/en\/english-is-selling-your-house-or-car-for-1-a-good-idea\/\" \/>\n<meta property=\"og:site_name\" content=\"\u00c9quipe M\u00e9lanie Dubois\" \/>\n<meta property=\"og:image\" content=\"https:\/\/mcusercontent.com\/93cd80b45544fad91b6b44d60\/images\/65133973-12ff-3f62-e507-071d384b9f66.png\" \/>\n<meta name=\"twitter:card\" content=\"summary_large_image\" \/>\n<meta name=\"twitter:label1\" content=\"Est. reading time\" \/>\n\t<meta name=\"twitter:data1\" content=\"4 minutes\" \/>\n<script type=\"application\/ld+json\" class=\"yoast-schema-graph\">{\"@context\":\"https:\/\/schema.org\",\"@graph\":[{\"@type\":\"WebPage\",\"@id\":\"https:\/\/melaniedubois.com\/en\/english-is-selling-your-house-or-car-for-1-a-good-idea\/\",\"url\":\"https:\/\/melaniedubois.com\/en\/english-is-selling-your-house-or-car-for-1-a-good-idea\/\",\"name\":\"[:en]Is selling your house or car for $1 a good idea?[:] - \u00c9quipe M\u00e9lanie Dubois\",\"isPartOf\":{\"@id\":\"https:\/\/melaniedubois.com\/en\/#website\"},\"primaryImageOfPage\":{\"@id\":\"https:\/\/melaniedubois.com\/en\/english-is-selling-your-house-or-car-for-1-a-good-idea\/#primaryimage\"},\"image\":{\"@id\":\"https:\/\/melaniedubois.com\/en\/english-is-selling-your-house-or-car-for-1-a-good-idea\/#primaryimage\"},\"thumbnailUrl\":\"https:\/\/mcusercontent.com\/93cd80b45544fad91b6b44d60\/images\/65133973-12ff-3f62-e507-071d384b9f66.png\",\"datePublished\":\"2022-09-11T09:18:57+00:00\",\"breadcrumb\":{\"@id\":\"https:\/\/melaniedubois.com\/en\/english-is-selling-your-house-or-car-for-1-a-good-idea\/#breadcrumb\"},\"inLanguage\":\"en-US\",\"potentialAction\":[{\"@type\":\"ReadAction\",\"target\":[\"https:\/\/melaniedubois.com\/en\/english-is-selling-your-house-or-car-for-1-a-good-idea\/\"]}]},{\"@type\":\"ImageObject\",\"inLanguage\":\"en-US\",\"@id\":\"https:\/\/melaniedubois.com\/en\/english-is-selling-your-house-or-car-for-1-a-good-idea\/#primaryimage\",\"url\":\"https:\/\/mcusercontent.com\/93cd80b45544fad91b6b44d60\/images\/65133973-12ff-3f62-e507-071d384b9f66.png\",\"contentUrl\":\"https:\/\/mcusercontent.com\/93cd80b45544fad91b6b44d60\/images\/65133973-12ff-3f62-e507-071d384b9f66.png\"},{\"@type\":\"BreadcrumbList\",\"@id\":\"https:\/\/melaniedubois.com\/en\/english-is-selling-your-house-or-car-for-1-a-good-idea\/#breadcrumb\",\"itemListElement\":[{\"@type\":\"ListItem\",\"position\":1,\"name\":\"Accueil\",\"item\":\"https:\/\/melaniedubois.com\/en\/\"},{\"@type\":\"ListItem\",\"position\":2,\"name\":\"Is selling your house or car for $1 a good idea?\"}]},{\"@type\":\"WebSite\",\"@id\":\"https:\/\/melaniedubois.com\/en\/#website\",\"url\":\"https:\/\/melaniedubois.com\/en\/\",\"name\":\"\u00c9quipe M\u00e9lanie Dubois\",\"description\":\"Courtier immobilier Montr\u00e9al, KW Connexion\",\"potentialAction\":[{\"@type\":\"SearchAction\",\"target\":{\"@type\":\"EntryPoint\",\"urlTemplate\":\"https:\/\/melaniedubois.com\/en\/?s={search_term_string}\"},\"query-input\":{\"@type\":\"PropertyValueSpecification\",\"valueRequired\":true,\"valueName\":\"search_term_string\"}}],\"inLanguage\":\"en-US\"}]}<\/script>\n<!-- \/ Yoast SEO plugin. -->","yoast_head_json":{"title":"Is selling your house or car for $1 a good idea? - \u00c9quipe M\u00e9lanie Dubois","robots":{"index":"index","follow":"follow","max-snippet":"max-snippet:-1","max-image-preview":"max-image-preview:large","max-video-preview":"max-video-preview:-1"},"canonical":"https:\/\/melaniedubois.com\/en\/english-is-selling-your-house-or-car-for-1-a-good-idea\/","og_locale":"en_US","og_type":"article","og_title":"Is selling your house or car for $1 a good idea? - \u00c9quipe M\u00e9lanie Dubois","og_description":"Who hasn&#8217;t heard of $1 sales? A person sells an asset to a relative for a ridiculously low price or simply gives it away. But what are the tax consequences of such actions? Un cas de plus en plus fr\u00e9quent : les gens donnent leur h\u00e9ritage de leur vivant. Si grand-maman veut donner son chalet [&hellip;]","og_url":"https:\/\/melaniedubois.com\/en\/english-is-selling-your-house-or-car-for-1-a-good-idea\/","og_site_name":"\u00c9quipe M\u00e9lanie Dubois","og_image":[{"url":"https:\/\/mcusercontent.com\/93cd80b45544fad91b6b44d60\/images\/65133973-12ff-3f62-e507-071d384b9f66.png","type":"","width":"","height":""}],"twitter_card":"summary_large_image","twitter_misc":{"Est. reading time":"4 minutes"},"schema":{"@context":"https:\/\/schema.org","@graph":[{"@type":"WebPage","@id":"https:\/\/melaniedubois.com\/en\/english-is-selling-your-house-or-car-for-1-a-good-idea\/","url":"https:\/\/melaniedubois.com\/en\/english-is-selling-your-house-or-car-for-1-a-good-idea\/","name":"[:en]Is selling your house or car for $1 a good idea?[:] - \u00c9quipe M\u00e9lanie Dubois","isPartOf":{"@id":"https:\/\/melaniedubois.com\/en\/#website"},"primaryImageOfPage":{"@id":"https:\/\/melaniedubois.com\/en\/english-is-selling-your-house-or-car-for-1-a-good-idea\/#primaryimage"},"image":{"@id":"https:\/\/melaniedubois.com\/en\/english-is-selling-your-house-or-car-for-1-a-good-idea\/#primaryimage"},"thumbnailUrl":"https:\/\/mcusercontent.com\/93cd80b45544fad91b6b44d60\/images\/65133973-12ff-3f62-e507-071d384b9f66.png","datePublished":"2022-09-11T09:18:57+00:00","breadcrumb":{"@id":"https:\/\/melaniedubois.com\/en\/english-is-selling-your-house-or-car-for-1-a-good-idea\/#breadcrumb"},"inLanguage":"en-US","potentialAction":[{"@type":"ReadAction","target":["https:\/\/melaniedubois.com\/en\/english-is-selling-your-house-or-car-for-1-a-good-idea\/"]}]},{"@type":"ImageObject","inLanguage":"en-US","@id":"https:\/\/melaniedubois.com\/en\/english-is-selling-your-house-or-car-for-1-a-good-idea\/#primaryimage","url":"https:\/\/mcusercontent.com\/93cd80b45544fad91b6b44d60\/images\/65133973-12ff-3f62-e507-071d384b9f66.png","contentUrl":"https:\/\/mcusercontent.com\/93cd80b45544fad91b6b44d60\/images\/65133973-12ff-3f62-e507-071d384b9f66.png"},{"@type":"BreadcrumbList","@id":"https:\/\/melaniedubois.com\/en\/english-is-selling-your-house-or-car-for-1-a-good-idea\/#breadcrumb","itemListElement":[{"@type":"ListItem","position":1,"name":"Accueil","item":"https:\/\/melaniedubois.com\/en\/"},{"@type":"ListItem","position":2,"name":"Is selling your house or car for $1 a good idea?"}]},{"@type":"WebSite","@id":"https:\/\/melaniedubois.com\/en\/#website","url":"https:\/\/melaniedubois.com\/en\/","name":"\u00c9quipe M\u00e9lanie Dubois","description":"Courtier immobilier Montr\u00e9al, KW Connexion","potentialAction":[{"@type":"SearchAction","target":{"@type":"EntryPoint","urlTemplate":"https:\/\/melaniedubois.com\/en\/?s={search_term_string}"},"query-input":{"@type":"PropertyValueSpecification","valueRequired":true,"valueName":"search_term_string"}}],"inLanguage":"en-US"}]}},"_links":{"self":[{"href":"https:\/\/melaniedubois.com\/en\/wp-json\/wp\/v2\/pages\/2339","targetHints":{"allow":["GET"]}}],"collection":[{"href":"https:\/\/melaniedubois.com\/en\/wp-json\/wp\/v2\/pages"}],"about":[{"href":"https:\/\/melaniedubois.com\/en\/wp-json\/wp\/v2\/types\/page"}],"author":[{"embeddable":true,"href":"https:\/\/melaniedubois.com\/en\/wp-json\/wp\/v2\/users\/742"}],"replies":[{"embeddable":true,"href":"https:\/\/melaniedubois.com\/en\/wp-json\/wp\/v2\/comments?post=2339"}],"version-history":[{"count":1,"href":"https:\/\/melaniedubois.com\/en\/wp-json\/wp\/v2\/pages\/2339\/revisions"}],"predecessor-version":[{"id":2340,"href":"https:\/\/melaniedubois.com\/en\/wp-json\/wp\/v2\/pages\/2339\/revisions\/2340"}],"wp:attachment":[{"href":"https:\/\/melaniedubois.com\/en\/wp-json\/wp\/v2\/media?parent=2339"}],"curies":[{"name":"wp","href":"https:\/\/api.w.org\/{rel}","templated":true}]}}