{"id":2423,"date":"2023-02-19T08:28:53","date_gmt":"2023-02-19T13:28:53","guid":{"rendered":"http:\/\/melaniedubois.com\/?page_id=2423"},"modified":"2023-02-19T08:28:53","modified_gmt":"2023-02-19T13:28:53","slug":"english-montreal-to-give-property-tax-breaks-to-lower-income-homeowners","status":"publish","type":"page","link":"https:\/\/melaniedubois.com\/en\/english-montreal-to-give-property-tax-breaks-to-lower-income-homeowners\/","title":{"rendered":"Montreal to give property tax breaks to lower-income homeowners"},"content":{"rendered":"<p><\/p>\n<p style=\"text-align: justify;\">&#8220;It&#8217;s very good news, and it will mostly benefit seniors because they are the ones on fixed incomes,&#8221; Ensemble Montr\u00e9al interim leader Aref Salem said.<\/p>\n<p><img decoding=\"async\" src=\"https:\/\/mcusercontent.com\/93cd80b45544fad91b6b44d60\/images\/a0aa4942-fcba-65c4-c1c6-c2c6018c3294.png\" \/><\/p>\n<p style=\"text-align: justify;\">The ruling Projet Montr\u00e9al supported a motion\u00a0introduced by opposition\u00a0Ensemble Montr\u00e9al at Tuesday\u2019s city council meeting to give property tax breaks to those with lower income. The unanimous vote calls for the city to negotiate with the province to allow them to defer all or part of their property tax bills until such time they sell their homes.<\/p>\n<p style=\"text-align: justify;\">The measure is already in place in other Canadian cities. In\u00a0Saskatoon, anyone 65 or older who meets specific income qualifications is allowed to defer the payment of all or part of their tax bills and library fees until they sell their homes. There are several options available, including the ability to defer just the increases in tax bills over time. An interest fee of four per cent per year is added to the overall bill.<\/p>\n<p style=\"text-align: justify;\">Originally, the motion had targeted only senior citizens, but Projet Montr\u00e9al amended the motion so that anyone with lower incomes can qualify, not just seniors. Both parties had made a pledge to introduce such a program in their electoral platforms in 2021. However, with property owners facing rising inflation and the highest property tax increase in more than a decade, Salem said it was pivotal to act fast to provide some tax relief to the most vulnerable so they don\u2019t have to sell their homes and move away from the city.<\/p>\n<p style=\"text-align: justify;\">\u201cIt\u2019s very good news, and it will mostly benefit seniors because they are the ones on fixed incomes,\u201d Ensemble Montr\u00e9al interim leader Aref Salem said after the vote.<\/p>\n<p style=\"text-align: justify;\">Salem said the finer details still need to be worked out, such as what percentage of a home has to have been paid down, what measure is used to determine lower income and if there will be an interest charge on those who opt for the tax freeze.<\/p>\n<p style=\"text-align: justify;\">\u201cBut I hope it will be in place for the next budget,\u201d Salem said, which means that the measure would be in effect for the 2024 tax bills.<\/p>\n<p style=\"text-align: justify;\">The council approved another opposition motion to help those with lower incomes. The province and city are expected to complete negotiations in March for a new five-year anti-poverty plan, and the opposition hopes more people will qualify to receive aid from community groups.<\/p>\n<p style=\"text-align: justify;\" data-async=\"\">Opposition councillor Benoit Langevin had hoped the city would adopt an indicator called the\u00a0viable income, outlined in a recent study by the\u00a0Institut de recherche et d\u2019informations socio\u00e9conomiques to determine how funds are distributed. Using that indicator could double the number of people eligible for aid. However, Projet Montr\u00e9al nixed that portion of the motion.<\/p>\n<p style=\"text-align: justify;\">However, the city still intends to ask for more money to support those in need and to take into account differences in the cost of living in different parts of the city.<\/p>\n<p style=\"text-align: justify;\">\u201cI think we have to calculate what people need in order to get out of poverty,\u201d Langevin said. \u201cWe need to look at (poverty) not as something that stabilizes, but something that has to be ended.\u201d<\/p>\n<p style=\"text-align: justify;\">Langevin said he\u2019s still optimistic that the motion adopted Tuesday will allow more groups to receive funds when the agreement is renegotiated later this year. He said he hopes that the funding is also indexed according to the cost of living.<\/p>\n<p>&nbsp;<\/p>\n<p><strong>Source :<\/strong> <a href=\"https:\/\/montrealgazette.com\/news\/local-news\/montreal-to-negotiate-property-tax-breaks-for-low-income-owners\">Article by Jason Magder on the montrealgazette.com on the 25th january of 2023<\/a><\/p>\n<p><strong>Link : <\/strong><a href=\"https:\/\/montrealgazette.com\/news\/local-news\/montreal-to-negotiate-property-tax-breaks-for-low-income-owners\">https:\/\/montrealgazette.com\/news\/local-news\/montreal-to-negotiate-property-tax-breaks-for-low-income-owners<\/a><\/p>\n<p>&nbsp;<\/p>\n<p style=\"text-align: center;\">You want to keep an eye on the market and your investment ?<\/p>\n<p style=\"text-align: center;\">We can periodically send you a list of sales in your neighborhood.<\/p>\n<p style=\"text-align: center;\">It&#8217;s FREE!\u00a0 No obligation on your part.<\/p>\n<p><img decoding=\"async\" class=\"aligncenter\" src=\"https:\/\/mcusercontent.com\/93cd80b45544fad91b6b44d60\/images\/22eff594-89e6-7c93-0054-7fc2388cf7ae.png\" \/><\/p>","protected":false},"excerpt":{"rendered":"<p>&#8220;It&#8217;s very good news, and it will mostly benefit seniors because they are the ones on fixed incomes,&#8221; Ensemble Montr\u00e9al interim leader Aref Salem said. The ruling Projet Montr\u00e9al supported a motion\u00a0introduced by opposition\u00a0Ensemble Montr\u00e9al at Tuesday\u2019s city council meeting to give property tax breaks to those with lower income. The unanimous vote calls for [&hellip;]<\/p>\n","protected":false},"author":742,"featured_media":0,"parent":0,"menu_order":0,"comment_status":"closed","ping_status":"closed","template":"","meta":{"_acf_changed":false,"footnotes":""},"class_list":["post-2423","page","type-page","status-publish","hentry"],"acf":[],"yoast_head":"<!-- This site is optimized with the Yoast SEO plugin v26.7 - https:\/\/yoast.com\/wordpress\/plugins\/seo\/ -->\n<title>Montreal to give property tax breaks to lower-income homeowners - \u00c9quipe M\u00e9lanie Dubois<\/title>\n<meta name=\"robots\" content=\"index, follow, max-snippet:-1, max-image-preview:large, max-video-preview:-1\" \/>\n<link rel=\"canonical\" href=\"https:\/\/melaniedubois.com\/fr\/english-montreal-to-give-property-tax-breaks-to-lower-income-homeowners\/\" \/>\n<meta property=\"og:locale\" content=\"en_US\" \/>\n<meta property=\"og:type\" content=\"article\" \/>\n<meta property=\"og:title\" content=\"Montreal to give property tax breaks to lower-income homeowners - \u00c9quipe M\u00e9lanie Dubois\" \/>\n<meta property=\"og:description\" content=\"&#8220;It&#8217;s very good news, and it will mostly benefit seniors because they are the ones on fixed incomes,&#8221; Ensemble Montr\u00e9al interim leader Aref Salem said. The ruling Projet Montr\u00e9al supported a motion\u00a0introduced by opposition\u00a0Ensemble Montr\u00e9al at Tuesday\u2019s city council meeting to give property tax breaks to those with lower income. The unanimous vote calls for [&hellip;]\" \/>\n<meta property=\"og:url\" content=\"https:\/\/melaniedubois.com\/fr\/english-montreal-to-give-property-tax-breaks-to-lower-income-homeowners\/\" \/>\n<meta property=\"og:site_name\" content=\"\u00c9quipe M\u00e9lanie Dubois\" \/>\n<meta property=\"og:image\" content=\"https:\/\/mcusercontent.com\/93cd80b45544fad91b6b44d60\/images\/a0aa4942-fcba-65c4-c1c6-c2c6018c3294.png\" \/>\n<meta name=\"twitter:card\" content=\"summary_large_image\" \/>\n<meta name=\"twitter:label1\" content=\"Est. reading time\" \/>\n\t<meta name=\"twitter:data1\" content=\"4 minutes\" \/>\n<script type=\"application\/ld+json\" class=\"yoast-schema-graph\">{\"@context\":\"https:\/\/schema.org\",\"@graph\":[{\"@type\":\"WebPage\",\"@id\":\"https:\/\/melaniedubois.com\/fr\/english-montreal-to-give-property-tax-breaks-to-lower-income-homeowners\/\",\"url\":\"https:\/\/melaniedubois.com\/fr\/english-montreal-to-give-property-tax-breaks-to-lower-income-homeowners\/\",\"name\":\"[:en]Montreal to give property tax breaks to lower-income homeowners[:] - \u00c9quipe M\u00e9lanie Dubois\",\"isPartOf\":{\"@id\":\"https:\/\/melaniedubois.com\/en\/#website\"},\"primaryImageOfPage\":{\"@id\":\"https:\/\/melaniedubois.com\/fr\/english-montreal-to-give-property-tax-breaks-to-lower-income-homeowners\/#primaryimage\"},\"image\":{\"@id\":\"https:\/\/melaniedubois.com\/fr\/english-montreal-to-give-property-tax-breaks-to-lower-income-homeowners\/#primaryimage\"},\"thumbnailUrl\":\"https:\/\/mcusercontent.com\/93cd80b45544fad91b6b44d60\/images\/a0aa4942-fcba-65c4-c1c6-c2c6018c3294.png\",\"datePublished\":\"2023-02-19T13:28:53+00:00\",\"breadcrumb\":{\"@id\":\"https:\/\/melaniedubois.com\/fr\/english-montreal-to-give-property-tax-breaks-to-lower-income-homeowners\/#breadcrumb\"},\"inLanguage\":\"en-US\",\"potentialAction\":[{\"@type\":\"ReadAction\",\"target\":[\"https:\/\/melaniedubois.com\/fr\/english-montreal-to-give-property-tax-breaks-to-lower-income-homeowners\/\"]}]},{\"@type\":\"ImageObject\",\"inLanguage\":\"en-US\",\"@id\":\"https:\/\/melaniedubois.com\/fr\/english-montreal-to-give-property-tax-breaks-to-lower-income-homeowners\/#primaryimage\",\"url\":\"https:\/\/mcusercontent.com\/93cd80b45544fad91b6b44d60\/images\/a0aa4942-fcba-65c4-c1c6-c2c6018c3294.png\",\"contentUrl\":\"https:\/\/mcusercontent.com\/93cd80b45544fad91b6b44d60\/images\/a0aa4942-fcba-65c4-c1c6-c2c6018c3294.png\"},{\"@type\":\"BreadcrumbList\",\"@id\":\"https:\/\/melaniedubois.com\/fr\/english-montreal-to-give-property-tax-breaks-to-lower-income-homeowners\/#breadcrumb\",\"itemListElement\":[{\"@type\":\"ListItem\",\"position\":1,\"name\":\"Accueil\",\"item\":\"https:\/\/melaniedubois.com\/en\/\"},{\"@type\":\"ListItem\",\"position\":2,\"name\":\"(English) Montreal to give property tax breaks to lower-income homeowners\"}]},{\"@type\":\"WebSite\",\"@id\":\"https:\/\/melaniedubois.com\/en\/#website\",\"url\":\"https:\/\/melaniedubois.com\/en\/\",\"name\":\"\u00c9quipe M\u00e9lanie Dubois\",\"description\":\"Courtier immobilier Montr\u00e9al, KW Connexion\",\"potentialAction\":[{\"@type\":\"SearchAction\",\"target\":{\"@type\":\"EntryPoint\",\"urlTemplate\":\"https:\/\/melaniedubois.com\/en\/?s={search_term_string}\"},\"query-input\":{\"@type\":\"PropertyValueSpecification\",\"valueRequired\":true,\"valueName\":\"search_term_string\"}}],\"inLanguage\":\"en-US\"}]}<\/script>\n<!-- \/ Yoast SEO plugin. -->","yoast_head_json":{"title":"Montreal to give property tax breaks to lower-income homeowners - \u00c9quipe M\u00e9lanie Dubois","robots":{"index":"index","follow":"follow","max-snippet":"max-snippet:-1","max-image-preview":"max-image-preview:large","max-video-preview":"max-video-preview:-1"},"canonical":"https:\/\/melaniedubois.com\/fr\/english-montreal-to-give-property-tax-breaks-to-lower-income-homeowners\/","og_locale":"en_US","og_type":"article","og_title":"Montreal to give property tax breaks to lower-income homeowners - \u00c9quipe M\u00e9lanie Dubois","og_description":"&#8220;It&#8217;s very good news, and it will mostly benefit seniors because they are the ones on fixed incomes,&#8221; Ensemble Montr\u00e9al interim leader Aref Salem said. The ruling Projet Montr\u00e9al supported a motion\u00a0introduced by opposition\u00a0Ensemble Montr\u00e9al at Tuesday\u2019s city council meeting to give property tax breaks to those with lower income. The unanimous vote calls for [&hellip;]","og_url":"https:\/\/melaniedubois.com\/fr\/english-montreal-to-give-property-tax-breaks-to-lower-income-homeowners\/","og_site_name":"\u00c9quipe M\u00e9lanie Dubois","og_image":[{"url":"https:\/\/mcusercontent.com\/93cd80b45544fad91b6b44d60\/images\/a0aa4942-fcba-65c4-c1c6-c2c6018c3294.png","type":"","width":"","height":""}],"twitter_card":"summary_large_image","twitter_misc":{"Est. reading time":"4 minutes"},"schema":{"@context":"https:\/\/schema.org","@graph":[{"@type":"WebPage","@id":"https:\/\/melaniedubois.com\/fr\/english-montreal-to-give-property-tax-breaks-to-lower-income-homeowners\/","url":"https:\/\/melaniedubois.com\/fr\/english-montreal-to-give-property-tax-breaks-to-lower-income-homeowners\/","name":"[:en]Montreal to give property tax breaks to lower-income homeowners[:] - \u00c9quipe M\u00e9lanie Dubois","isPartOf":{"@id":"https:\/\/melaniedubois.com\/en\/#website"},"primaryImageOfPage":{"@id":"https:\/\/melaniedubois.com\/fr\/english-montreal-to-give-property-tax-breaks-to-lower-income-homeowners\/#primaryimage"},"image":{"@id":"https:\/\/melaniedubois.com\/fr\/english-montreal-to-give-property-tax-breaks-to-lower-income-homeowners\/#primaryimage"},"thumbnailUrl":"https:\/\/mcusercontent.com\/93cd80b45544fad91b6b44d60\/images\/a0aa4942-fcba-65c4-c1c6-c2c6018c3294.png","datePublished":"2023-02-19T13:28:53+00:00","breadcrumb":{"@id":"https:\/\/melaniedubois.com\/fr\/english-montreal-to-give-property-tax-breaks-to-lower-income-homeowners\/#breadcrumb"},"inLanguage":"en-US","potentialAction":[{"@type":"ReadAction","target":["https:\/\/melaniedubois.com\/fr\/english-montreal-to-give-property-tax-breaks-to-lower-income-homeowners\/"]}]},{"@type":"ImageObject","inLanguage":"en-US","@id":"https:\/\/melaniedubois.com\/fr\/english-montreal-to-give-property-tax-breaks-to-lower-income-homeowners\/#primaryimage","url":"https:\/\/mcusercontent.com\/93cd80b45544fad91b6b44d60\/images\/a0aa4942-fcba-65c4-c1c6-c2c6018c3294.png","contentUrl":"https:\/\/mcusercontent.com\/93cd80b45544fad91b6b44d60\/images\/a0aa4942-fcba-65c4-c1c6-c2c6018c3294.png"},{"@type":"BreadcrumbList","@id":"https:\/\/melaniedubois.com\/fr\/english-montreal-to-give-property-tax-breaks-to-lower-income-homeowners\/#breadcrumb","itemListElement":[{"@type":"ListItem","position":1,"name":"Accueil","item":"https:\/\/melaniedubois.com\/en\/"},{"@type":"ListItem","position":2,"name":"(English) Montreal to give property tax breaks to lower-income homeowners"}]},{"@type":"WebSite","@id":"https:\/\/melaniedubois.com\/en\/#website","url":"https:\/\/melaniedubois.com\/en\/","name":"\u00c9quipe M\u00e9lanie Dubois","description":"Courtier immobilier Montr\u00e9al, KW Connexion","potentialAction":[{"@type":"SearchAction","target":{"@type":"EntryPoint","urlTemplate":"https:\/\/melaniedubois.com\/en\/?s={search_term_string}"},"query-input":{"@type":"PropertyValueSpecification","valueRequired":true,"valueName":"search_term_string"}}],"inLanguage":"en-US"}]}},"_links":{"self":[{"href":"https:\/\/melaniedubois.com\/en\/wp-json\/wp\/v2\/pages\/2423","targetHints":{"allow":["GET"]}}],"collection":[{"href":"https:\/\/melaniedubois.com\/en\/wp-json\/wp\/v2\/pages"}],"about":[{"href":"https:\/\/melaniedubois.com\/en\/wp-json\/wp\/v2\/types\/page"}],"author":[{"embeddable":true,"href":"https:\/\/melaniedubois.com\/en\/wp-json\/wp\/v2\/users\/742"}],"replies":[{"embeddable":true,"href":"https:\/\/melaniedubois.com\/en\/wp-json\/wp\/v2\/comments?post=2423"}],"version-history":[{"count":1,"href":"https:\/\/melaniedubois.com\/en\/wp-json\/wp\/v2\/pages\/2423\/revisions"}],"predecessor-version":[{"id":2424,"href":"https:\/\/melaniedubois.com\/en\/wp-json\/wp\/v2\/pages\/2423\/revisions\/2424"}],"wp:attachment":[{"href":"https:\/\/melaniedubois.com\/en\/wp-json\/wp\/v2\/media?parent=2423"}],"curies":[{"name":"wp","href":"https:\/\/api.w.org\/{rel}","templated":true}]}}