{"id":2462,"date":"2023-06-26T15:20:20","date_gmt":"2023-06-26T19:20:20","guid":{"rendered":"http:\/\/melaniedubois.com\/?page_id=2462"},"modified":"2023-06-26T15:25:48","modified_gmt":"2023-06-26T19:25:48","slug":"english-ten-years-of-increases-in-real-estate","status":"publish","type":"page","link":"https:\/\/melaniedubois.com\/en\/english-ten-years-of-increases-in-real-estate\/","title":{"rendered":"Ten years of increases in real estate"},"content":{"rendered":"<p><\/p>\n<p style=\"text-align: justify;\">Are you investing for ten months or ten years?\u00a0Real estate is profitable over the long term.\u00a0Analyze trends over the long term rather than the short term.\u00a0I will comment on the three main factors that will drive prices and rents higher for the next decade.<\/p>\n<p><img decoding=\"async\" src=\"https:\/\/mcusercontent.com\/93cd80b45544fad91b6b44d60\/images\/4d4d1459-090a-3631-c144-0675e075cd83.png\" \/><\/p>\n<p style=\"text-align: justify;\">Lower interest rates and strong immigration increase demand.\u00a0In the long term, there will not be enough properties to meet demand.<\/p>\n<p style=\"text-align: justify;\">The prices of single-family homes in Quebec have shown a remarkable rise over the past 50 years.\u00a0There have only been two declines, in 1995-96 and 2022-23.\u00a0Predicting increases therefore seems to go without saying.<\/p>\n<p style=\"text-align: justify;\">But if you analyze my text well, you will understand between the lines that it is plausible that the average increases will be higher than in the past.\u00a0Try to form your own opinion.<\/p>\n<h3>Lower interest rates<\/h3>\n<p style=\"text-align: justify;\">It is the interest rate that most affects demand.\u00a0With the significant and rapid rise in the key rate since March 2022, several buyers have withdrawn from the market.\u00a0When rates drop, those buyers will come back in droves.<\/p>\n<p style=\"text-align: justify;\">Over the long term, I have confidence that the Bank of Canada will succeed in bringing the inflation rate back to around 2%.\u00a0Interest rates should therefore fall.<\/p>\n<p style=\"text-align: justify;\">We will never see mortgage rates at 2% again, unless we experience another major event like the pandemic, which requires that we stimulate the economy with energy.<\/p>\n<h3>Strong immigration<\/h3>\n<p style=\"text-align: justify;\">The political arena likes to debate on quantified objectives.\u00a0Let them argue about quantums.\u00a0No matter what number you aim for, it will be a high level.<\/p>\n<p style=\"text-align: justify;\">Boomers are retired or at the end of their careers.\u00a0Over the next decade, we will have low unemployment and labor shortages are expected to persist.<\/p>\n<p style=\"text-align: justify;\">The debate is not about the necessity of immigration.\u00a0But a fundamental issue is the lack of planning for their needs, including housing.\u00a0The majority are tenants at first, but many become owners over time.<\/p>\n<h3>Shortage of housing<\/h3>\n<p style=\"text-align: justify;\">Under Centris, the total number of buildings for sale has decreased from 2015 to 2022. It is difficult to make an accurate prediction.\u00a0For the next decade, I expect the supply to increase, but moderately.<\/p>\n<p style=\"text-align: justify;\">CMHC estimated in June 2022 that the level of construction would have to double for the market to be in equilibrium.\u00a0The level of construction has since declined.<\/p>\n<p style=\"text-align: justify;\">The reason for this drop is the rise in interest rates and building materials.\u00a0As interest rates will fall, residential construction will pick up, but not at the level recommended by CMHC.\u00a0There are too many barriers to construction.<\/p>\n<p style=\"text-align: justify;\">Will the municipalities revise their old zoning by-laws to really promote density?\u00a0Will licensing stop taking years?\u00a0Will we stop charging promoters fees, taxes and royalties?\u00a0Are we going to welcome more immigrants who have the skills to work in construction?<\/p>\n<p style=\"text-align: justify;\">Will the three levels of government work together instead of passing the buck?<\/p>\n<p style=\"text-align: justify;\">Just as with the climate crisis, politicians are slow to listen to scientists and act effectively to counter the housing crisis.<\/p>\n<h3>A decade of growth<\/h3>\n<p style=\"text-align: justify;\">No one can accurately predict what will happen.\u00a0But everything indicates that we are headed for sustained growth in prices and rents.<\/p>\n<p style=\"text-align: justify;\">There will be insufficient growth in construction.<\/p>\n<p style=\"text-align: justify;\">The growth of the housing crisis is difficult to avoid.<\/p>\n<p style=\"text-align: justify;\">As soon as interest rates fall, demand will rise quickly while supply will rise only slowly.\u00a0Building takes time.<\/p>\n<p style=\"text-align: justify;\">Many owners will rejoice at the price increase.\u00a0Investors will benefit from substantial rent increases.\u00a0First-time buyers and tenants will be most disadvantaged.\u00a0Those who can, buy even if it means compromising.<\/p>\n<p style=\"text-align: justify;\">Listen more to the forces affecting the market, namely demand and supply, than to the words of politicians.<\/p>\n<p>&nbsp;<\/p>\n<p><strong>Source :<\/strong> <a href=\"https:\/\/www.lesaffaires.com\/blogues\/jean-sasseville\/dix-ans-de-hausses-en-immobilier\/641893\">Article by <span class=\"author\">Jean Sasseville <\/span>on the lesaffaires.com on the 21th june of 2023<\/a><\/p>\n<p><strong>Link : <\/strong><a href=\"https:\/\/www.lesaffaires.com\/blogues\/jean-sasseville\/dix-ans-de-hausses-en-immobilier\/641893\">https:\/\/www.lesaffaires.com\/blogues\/jean-sasseville\/dix-ans-de-hausses-en-immobilier\/641893<\/a><\/p>\n<p style=\"text-align: center;\">You want to keep an eye on the market and your investment ?<\/p>\n<p style=\"text-align: center;\">We can periodically send you a list of sales in your neighborhood.<\/p>\n<p style=\"text-align: center;\">It&#8217;s FREE!\u00a0 No obligation on your part.<\/p>\n<p><img decoding=\"async\" class=\"aligncenter\" src=\"https:\/\/mcusercontent.com\/93cd80b45544fad91b6b44d60\/images\/22eff594-89e6-7c93-0054-7fc2388cf7ae.png\" \/><\/p>","protected":false},"excerpt":{"rendered":"<p>Are you investing for ten months or ten years?\u00a0Real estate is profitable over the long term.\u00a0Analyze trends over the long term rather than the short term.\u00a0I will comment on the three main factors that will drive prices and rents higher for the next decade. Lower interest rates and strong immigration increase demand.\u00a0In the long term, [&hellip;]<\/p>\n","protected":false},"author":742,"featured_media":0,"parent":0,"menu_order":0,"comment_status":"closed","ping_status":"closed","template":"","meta":{"_acf_changed":false,"footnotes":""},"class_list":["post-2462","page","type-page","status-publish","hentry"],"acf":[],"yoast_head":"<!-- This site is optimized with the Yoast SEO plugin v26.7 - https:\/\/yoast.com\/wordpress\/plugins\/seo\/ -->\n<title>Ten years of increases in real estate - \u00c9quipe M\u00e9lanie Dubois<\/title>\n<meta name=\"robots\" content=\"index, follow, max-snippet:-1, max-image-preview:large, max-video-preview:-1\" \/>\n<link rel=\"canonical\" href=\"https:\/\/melaniedubois.com\/en\/english-ten-years-of-increases-in-real-estate\/\" \/>\n<meta property=\"og:locale\" content=\"en_US\" \/>\n<meta property=\"og:type\" content=\"article\" \/>\n<meta property=\"og:title\" content=\"Ten years of increases in real estate - \u00c9quipe M\u00e9lanie Dubois\" \/>\n<meta property=\"og:description\" content=\"Are you investing for ten months or ten years?\u00a0Real estate is profitable over the long term.\u00a0Analyze trends over the long term rather than the short term.\u00a0I will comment on the three main factors that will drive prices and rents higher for the next decade. Lower interest rates and strong immigration increase demand.\u00a0In the long term, [&hellip;]\" \/>\n<meta property=\"og:url\" content=\"https:\/\/melaniedubois.com\/en\/english-ten-years-of-increases-in-real-estate\/\" \/>\n<meta property=\"og:site_name\" content=\"\u00c9quipe M\u00e9lanie Dubois\" \/>\n<meta property=\"article:modified_time\" content=\"2023-06-26T19:25:48+00:00\" \/>\n<meta property=\"og:image\" content=\"https:\/\/mcusercontent.com\/93cd80b45544fad91b6b44d60\/images\/4d4d1459-090a-3631-c144-0675e075cd83.png\" \/>\n<meta name=\"twitter:card\" content=\"summary_large_image\" \/>\n<meta name=\"twitter:label1\" content=\"Est. reading time\" \/>\n\t<meta name=\"twitter:data1\" content=\"4 minutes\" \/>\n<script type=\"application\/ld+json\" class=\"yoast-schema-graph\">{\"@context\":\"https:\/\/schema.org\",\"@graph\":[{\"@type\":\"WebPage\",\"@id\":\"https:\/\/melaniedubois.com\/en\/english-ten-years-of-increases-in-real-estate\/\",\"url\":\"https:\/\/melaniedubois.com\/en\/english-ten-years-of-increases-in-real-estate\/\",\"name\":\"[:en]Ten years of increases in real estate[:] - \u00c9quipe M\u00e9lanie Dubois\",\"isPartOf\":{\"@id\":\"https:\/\/melaniedubois.com\/en\/#website\"},\"primaryImageOfPage\":{\"@id\":\"https:\/\/melaniedubois.com\/en\/english-ten-years-of-increases-in-real-estate\/#primaryimage\"},\"image\":{\"@id\":\"https:\/\/melaniedubois.com\/en\/english-ten-years-of-increases-in-real-estate\/#primaryimage\"},\"thumbnailUrl\":\"https:\/\/mcusercontent.com\/93cd80b45544fad91b6b44d60\/images\/4d4d1459-090a-3631-c144-0675e075cd83.png\",\"datePublished\":\"2023-06-26T19:20:20+00:00\",\"dateModified\":\"2023-06-26T19:25:48+00:00\",\"breadcrumb\":{\"@id\":\"https:\/\/melaniedubois.com\/en\/english-ten-years-of-increases-in-real-estate\/#breadcrumb\"},\"inLanguage\":\"en-US\",\"potentialAction\":[{\"@type\":\"ReadAction\",\"target\":[\"https:\/\/melaniedubois.com\/en\/english-ten-years-of-increases-in-real-estate\/\"]}]},{\"@type\":\"ImageObject\",\"inLanguage\":\"en-US\",\"@id\":\"https:\/\/melaniedubois.com\/en\/english-ten-years-of-increases-in-real-estate\/#primaryimage\",\"url\":\"https:\/\/mcusercontent.com\/93cd80b45544fad91b6b44d60\/images\/4d4d1459-090a-3631-c144-0675e075cd83.png\",\"contentUrl\":\"https:\/\/mcusercontent.com\/93cd80b45544fad91b6b44d60\/images\/4d4d1459-090a-3631-c144-0675e075cd83.png\"},{\"@type\":\"BreadcrumbList\",\"@id\":\"https:\/\/melaniedubois.com\/en\/english-ten-years-of-increases-in-real-estate\/#breadcrumb\",\"itemListElement\":[{\"@type\":\"ListItem\",\"position\":1,\"name\":\"Accueil\",\"item\":\"https:\/\/melaniedubois.com\/en\/\"},{\"@type\":\"ListItem\",\"position\":2,\"name\":\"Ten years of increases in real estate\"}]},{\"@type\":\"WebSite\",\"@id\":\"https:\/\/melaniedubois.com\/en\/#website\",\"url\":\"https:\/\/melaniedubois.com\/en\/\",\"name\":\"\u00c9quipe M\u00e9lanie Dubois\",\"description\":\"Courtier immobilier Montr\u00e9al, KW Connexion\",\"potentialAction\":[{\"@type\":\"SearchAction\",\"target\":{\"@type\":\"EntryPoint\",\"urlTemplate\":\"https:\/\/melaniedubois.com\/en\/?s={search_term_string}\"},\"query-input\":{\"@type\":\"PropertyValueSpecification\",\"valueRequired\":true,\"valueName\":\"search_term_string\"}}],\"inLanguage\":\"en-US\"}]}<\/script>\n<!-- \/ Yoast SEO plugin. -->","yoast_head_json":{"title":"Ten years of increases in real estate - \u00c9quipe M\u00e9lanie Dubois","robots":{"index":"index","follow":"follow","max-snippet":"max-snippet:-1","max-image-preview":"max-image-preview:large","max-video-preview":"max-video-preview:-1"},"canonical":"https:\/\/melaniedubois.com\/en\/english-ten-years-of-increases-in-real-estate\/","og_locale":"en_US","og_type":"article","og_title":"Ten years of increases in real estate - \u00c9quipe M\u00e9lanie Dubois","og_description":"Are you investing for ten months or ten years?\u00a0Real estate is profitable over the long term.\u00a0Analyze trends over the long term rather than the short term.\u00a0I will comment on the three main factors that will drive prices and rents higher for the next decade. Lower interest rates and strong immigration increase demand.\u00a0In the long term, [&hellip;]","og_url":"https:\/\/melaniedubois.com\/en\/english-ten-years-of-increases-in-real-estate\/","og_site_name":"\u00c9quipe M\u00e9lanie Dubois","article_modified_time":"2023-06-26T19:25:48+00:00","og_image":[{"url":"https:\/\/mcusercontent.com\/93cd80b45544fad91b6b44d60\/images\/4d4d1459-090a-3631-c144-0675e075cd83.png","type":"","width":"","height":""}],"twitter_card":"summary_large_image","twitter_misc":{"Est. reading time":"4 minutes"},"schema":{"@context":"https:\/\/schema.org","@graph":[{"@type":"WebPage","@id":"https:\/\/melaniedubois.com\/en\/english-ten-years-of-increases-in-real-estate\/","url":"https:\/\/melaniedubois.com\/en\/english-ten-years-of-increases-in-real-estate\/","name":"[:en]Ten years of increases in real estate[:] - \u00c9quipe M\u00e9lanie Dubois","isPartOf":{"@id":"https:\/\/melaniedubois.com\/en\/#website"},"primaryImageOfPage":{"@id":"https:\/\/melaniedubois.com\/en\/english-ten-years-of-increases-in-real-estate\/#primaryimage"},"image":{"@id":"https:\/\/melaniedubois.com\/en\/english-ten-years-of-increases-in-real-estate\/#primaryimage"},"thumbnailUrl":"https:\/\/mcusercontent.com\/93cd80b45544fad91b6b44d60\/images\/4d4d1459-090a-3631-c144-0675e075cd83.png","datePublished":"2023-06-26T19:20:20+00:00","dateModified":"2023-06-26T19:25:48+00:00","breadcrumb":{"@id":"https:\/\/melaniedubois.com\/en\/english-ten-years-of-increases-in-real-estate\/#breadcrumb"},"inLanguage":"en-US","potentialAction":[{"@type":"ReadAction","target":["https:\/\/melaniedubois.com\/en\/english-ten-years-of-increases-in-real-estate\/"]}]},{"@type":"ImageObject","inLanguage":"en-US","@id":"https:\/\/melaniedubois.com\/en\/english-ten-years-of-increases-in-real-estate\/#primaryimage","url":"https:\/\/mcusercontent.com\/93cd80b45544fad91b6b44d60\/images\/4d4d1459-090a-3631-c144-0675e075cd83.png","contentUrl":"https:\/\/mcusercontent.com\/93cd80b45544fad91b6b44d60\/images\/4d4d1459-090a-3631-c144-0675e075cd83.png"},{"@type":"BreadcrumbList","@id":"https:\/\/melaniedubois.com\/en\/english-ten-years-of-increases-in-real-estate\/#breadcrumb","itemListElement":[{"@type":"ListItem","position":1,"name":"Accueil","item":"https:\/\/melaniedubois.com\/en\/"},{"@type":"ListItem","position":2,"name":"Ten years of increases in real estate"}]},{"@type":"WebSite","@id":"https:\/\/melaniedubois.com\/en\/#website","url":"https:\/\/melaniedubois.com\/en\/","name":"\u00c9quipe M\u00e9lanie Dubois","description":"Courtier immobilier Montr\u00e9al, KW Connexion","potentialAction":[{"@type":"SearchAction","target":{"@type":"EntryPoint","urlTemplate":"https:\/\/melaniedubois.com\/en\/?s={search_term_string}"},"query-input":{"@type":"PropertyValueSpecification","valueRequired":true,"valueName":"search_term_string"}}],"inLanguage":"en-US"}]}},"_links":{"self":[{"href":"https:\/\/melaniedubois.com\/en\/wp-json\/wp\/v2\/pages\/2462","targetHints":{"allow":["GET"]}}],"collection":[{"href":"https:\/\/melaniedubois.com\/en\/wp-json\/wp\/v2\/pages"}],"about":[{"href":"https:\/\/melaniedubois.com\/en\/wp-json\/wp\/v2\/types\/page"}],"author":[{"embeddable":true,"href":"https:\/\/melaniedubois.com\/en\/wp-json\/wp\/v2\/users\/742"}],"replies":[{"embeddable":true,"href":"https:\/\/melaniedubois.com\/en\/wp-json\/wp\/v2\/comments?post=2462"}],"version-history":[{"count":2,"href":"https:\/\/melaniedubois.com\/en\/wp-json\/wp\/v2\/pages\/2462\/revisions"}],"predecessor-version":[{"id":2464,"href":"https:\/\/melaniedubois.com\/en\/wp-json\/wp\/v2\/pages\/2462\/revisions\/2464"}],"wp:attachment":[{"href":"https:\/\/melaniedubois.com\/en\/wp-json\/wp\/v2\/media?parent=2462"}],"curies":[{"name":"wp","href":"https:\/\/api.w.org\/{rel}","templated":true}]}}