{"id":2471,"date":"2023-07-18T13:06:12","date_gmt":"2023-07-18T17:06:12","guid":{"rendered":"http:\/\/melaniedubois.com\/?page_id=2471"},"modified":"2023-07-18T13:06:12","modified_gmt":"2023-07-18T17:06:12","slug":"english-tips-for-overcoming-rising-interest-rates","status":"publish","type":"page","link":"https:\/\/melaniedubois.com\/en\/english-tips-for-overcoming-rising-interest-rates\/","title":{"rendered":"Tips for overcoming rising interest rates"},"content":{"rendered":"<p><\/p>\n<p style=\"text-align: justify;\"><strong><span>On Wednesday, the Bank of Canada\u00a0<\/span><span>again raised its key rate<\/span><span>\u00a0, which is now at 5%.\u00a0Here are some ideas to put in place to help you keep your head above water in the face of rising interest rates.<\/span><\/strong><\/p>\n<p><img decoding=\"async\" src=\"https:\/\/mcusercontent.com\/93cd80b45544fad91b6b44d60\/images\/980b05e2-28e4-0108-9c3c-c88a4f84c664.png\" \/><\/p>\n<h2 class=\"h2-intertitre\" style=\"text-align: justify;\"><span>Don&#8217;t wait to ask for help<\/span><\/h2>\n<p style=\"text-align: justify;\"><span>\u201cAs soon as we feel that we are starting to feel a little tighter or that we are wondering about our finances, call your mortgage broker right away,\u201d suggests V\u00e9ronique Caron, mortgage broker at Multi-Pr\u00eats.<\/span><\/p>\n<p style=\"text-align: justify;\"><span>She points out that mortgage brokers take their clients&#8217; entire budget into account to offer them tailor-made strategies, but that you shouldn&#8217;t wait until it&#8217;s \u201cone to midnight\u201d.<\/span><\/p>\n<h2 class=\"h2-intertitre\" style=\"text-align: justify;\"><span>Consolidate your debts and integrate them into your mortgage loan<\/span><\/h2>\n<p style=\"text-align: justify;\"><span>Consumer debt often carries higher interest rates than the mortgage rate.\u00a0It is possible to integrate debts into the mortgage loan to amortize them over a longer period and take advantage of a more favorable interest rate in order to reduce monthly payments.<\/span><\/p>\n<p style=\"text-align: justify;\"><span>\u201cConsolidating debt through a mortgage loan is not a stain on the client&#8217;s credit.\u00a0[\u2026] On the contrary, it will improve his credit score,\u201d says Ms.\u00a0<\/span><sup><span>Caron<\/span><\/sup><span>\u00a0\u00a0.<\/span><\/p>\n<h2 class=\"h2-intertitre\" style=\"text-align: justify;\"><span>Consider converting to a fixed rate loan, in some cases<\/span><\/h2>\n<p style=\"text-align: justify;\"><span>If you currently have a variable rate mortgage, should you convert it to a fixed rate mortgage?\u00a0The answer is nuanced.<\/span><\/p>\n<p style=\"text-align: justify;\"><span>\u201cIt&#8217;s inexpensive to do that,\u201d says Ms.\u00a0<\/span><sup><span>Caron<\/span><\/sup><span>\u00a0\u00a0.\u00a0When you have a variable rate, generally speaking, the penalty is three months of interest.\u00a0That said, she points out that this strategy is not right for everyone and that it should be adapted to each person&#8217;s situation.<\/span><\/p>\n<p style=\"text-align: justify;\"><span>An opinion shared by Damien Charbonneau, co-founder and chief operating officer of Nesto, a mortgage loan firm.\u00a0\u201cIf you&#8217;re still able to pay your variable rate mortgage and live with a little bit of uncertainty, keep the variable rate.\u00a0But if you are at your absolute limit and if rates continue to rise you would be in a very difficult situation, you can consider the option of transferring to a fixed rate,\u201d he explains.<\/span><\/p>\n<h2 class=\"h2-intertitre\" style=\"text-align: justify;\"><span>Extend the amortization period<\/span><\/h2>\n<p style=\"text-align: justify;\"><span>Typically, new buyers have an amortization period of 25 to 30 years, depending on the amount of their down payment.<\/span><\/p>\n<p style=\"text-align: justify;\"><span>Note that most first-time buyers have a down payment of less than 20%, and their mortgage, insured by Canada Mortgage and Housing Corporation, has a maximum amortization period of 25 years.<\/span><\/p>\n<p style=\"text-align: justify;\"><span>If you are still able to request an extension, it is possible to do so when renewing your loan in order to reduce monthly payments.<\/span><\/p>\n<p style=\"text-align: justify;\"><span>If you do it with the same lender, you have &#8220;the opportunity to avoid the penalty in part or in whole, at the discretion of the lender,&#8221; says Mr. Charbonneau.\u00a0In the long run, you&#8217;ll pay more interest, but you could always adjust your amortization down later.<\/span><\/p>\n<h2 class=\"h2-intertitre\" style=\"text-align: justify;\"><span>Shop around with your lender for renewal<\/span><\/h2>\n<p style=\"text-align: justify;\"><span>\u201cAt the end of each term, the owner has the opportunity to shop around and change lenders without penalty,\u201d recalls Mr. Charbonneau.<\/span><\/p>\n<p style=\"text-align: justify;\"><span>The vast majority of people choose the same lender out of convenience, he notes.\u00a0\u201cBut in the current context, with the rates which have increased enormously, it will really be worth investing the time.\u00a0Invest time to learn about your options.\u00a0\u00bb<\/span><\/p>\n<p style=\"text-align: justify;\"><span>It is not without effort, of course.\u00a0\u201cTransferring from one lender to another will require you to apply for a mortgage, provide up-to-date documents\u2026 But it can really be worth it,\u201d points out Mr. Charbonneau.<\/span><\/p>\n<p style=\"text-align: justify;\"><span>V\u00e9ronique Caron agrees and suggests looking beyond rates: \u201cThe choice of bank will be even more important.\u00a0She insists that her clients are not captive to their financial institution.\u00a0Things to watch out for: the monthly fees charged by some banks for a bank account or a home equity line of credit, whether it is used or not.<\/span><\/p>\n<h2 class=\"h2-intertitre\" style=\"text-align: justify;\"><span>Other bulk ideas<\/span><\/h2>\n<p style=\"text-align: justify;\"><span>Easier said than done: getting your budget in order and getting rid of non-essential expenses can help free up some wiggle room.<\/span><\/p>\n<p style=\"text-align: justify;\"><span>Also, if you&#8217;re about to go on vacation this summer, plan your spending so you don&#8217;t get caught off guard and sink into debt\u00a0<\/span><span>\u2014<\/span><span>\u00a0which will only add further pressure to your existing mortgage.<\/span><\/p>\n<p style=\"text-align: justify;\"><span>Or, if you have a room available in your property, hosting a roommate could take some of the mortgage financial burden off you.<\/span><\/p>\n<p>&nbsp;<\/p>\n<p><strong>Source :<\/strong> <a href=\"https:\/\/www.ledevoir.com\/economie\/794473\/nos-conseils-pour-surmonter-la-hausse-des-taux-d-interet\">Article by Cl\u00e9mence Pavic on the ledevoir.com on the 12th july of 2023<\/a><\/p>\n<p><strong>Link : <\/strong><a href=\"https:\/\/www.ledevoir.com\/economie\/794473\/nos-conseils-pour-surmonter-la-hausse-des-taux-d-interet\">https:\/\/www.ledevoir.com\/economie\/794473\/nos-conseils-pour-surmonter-la-hausse-des-taux-d-interet<\/a><\/p>\n<p>&nbsp;<\/p>\n<p style=\"text-align: center;\">You want to keep an eye on the market and your investment ?<\/p>\n<p style=\"text-align: center;\">We can periodically send you a list of sales in your neighborhood.<\/p>\n<p style=\"text-align: center;\">It&#8217;s FREE!\u00a0 No obligation on your part.<\/p>\n<p><img decoding=\"async\" class=\"aligncenter\" src=\"https:\/\/mcusercontent.com\/93cd80b45544fad91b6b44d60\/images\/22eff594-89e6-7c93-0054-7fc2388cf7ae.png\" \/><\/p>","protected":false},"excerpt":{"rendered":"<p>On Wednesday, the Bank of Canada\u00a0again raised its key rate\u00a0, which is now at 5%.\u00a0Here are some ideas to put in place to help you keep your head above water in the face of rising interest rates. Don&#8217;t wait to ask for help \u201cAs soon as we feel that we are starting to feel a [&hellip;]<\/p>\n","protected":false},"author":742,"featured_media":0,"parent":0,"menu_order":0,"comment_status":"closed","ping_status":"closed","template":"","meta":{"_acf_changed":false,"footnotes":""},"class_list":["post-2471","page","type-page","status-publish","hentry"],"acf":[],"yoast_head":"<!-- This site is optimized with the Yoast SEO plugin v26.7 - https:\/\/yoast.com\/wordpress\/plugins\/seo\/ -->\n<title>Tips for overcoming rising interest rates - \u00c9quipe M\u00e9lanie Dubois<\/title>\n<meta name=\"robots\" content=\"index, follow, max-snippet:-1, max-image-preview:large, max-video-preview:-1\" \/>\n<link rel=\"canonical\" href=\"https:\/\/melaniedubois.com\/fr\/english-tips-for-overcoming-rising-interest-rates\/\" \/>\n<meta property=\"og:locale\" content=\"en_US\" \/>\n<meta property=\"og:type\" content=\"article\" \/>\n<meta property=\"og:title\" content=\"Tips for overcoming rising interest rates - \u00c9quipe M\u00e9lanie Dubois\" \/>\n<meta property=\"og:description\" content=\"On Wednesday, the Bank of Canada\u00a0again raised its key rate\u00a0, which is now at 5%.\u00a0Here are some ideas to put in place to help you keep your head above water in the face of rising interest rates. Don&#8217;t wait to ask for help \u201cAs soon as we feel that we are starting to feel a [&hellip;]\" \/>\n<meta property=\"og:url\" content=\"https:\/\/melaniedubois.com\/fr\/english-tips-for-overcoming-rising-interest-rates\/\" \/>\n<meta property=\"og:site_name\" content=\"\u00c9quipe M\u00e9lanie Dubois\" \/>\n<meta property=\"og:image\" content=\"https:\/\/mcusercontent.com\/93cd80b45544fad91b6b44d60\/images\/980b05e2-28e4-0108-9c3c-c88a4f84c664.png\" \/>\n<meta name=\"twitter:card\" content=\"summary_large_image\" \/>\n<meta name=\"twitter:label1\" content=\"Est. reading time\" \/>\n\t<meta name=\"twitter:data1\" content=\"4 minutes\" \/>\n<script type=\"application\/ld+json\" class=\"yoast-schema-graph\">{\"@context\":\"https:\/\/schema.org\",\"@graph\":[{\"@type\":\"WebPage\",\"@id\":\"https:\/\/melaniedubois.com\/fr\/english-tips-for-overcoming-rising-interest-rates\/\",\"url\":\"https:\/\/melaniedubois.com\/fr\/english-tips-for-overcoming-rising-interest-rates\/\",\"name\":\"[:en]Tips for overcoming rising interest rates[:] - \u00c9quipe M\u00e9lanie Dubois\",\"isPartOf\":{\"@id\":\"https:\/\/melaniedubois.com\/en\/#website\"},\"primaryImageOfPage\":{\"@id\":\"https:\/\/melaniedubois.com\/fr\/english-tips-for-overcoming-rising-interest-rates\/#primaryimage\"},\"image\":{\"@id\":\"https:\/\/melaniedubois.com\/fr\/english-tips-for-overcoming-rising-interest-rates\/#primaryimage\"},\"thumbnailUrl\":\"https:\/\/mcusercontent.com\/93cd80b45544fad91b6b44d60\/images\/980b05e2-28e4-0108-9c3c-c88a4f84c664.png\",\"datePublished\":\"2023-07-18T17:06:12+00:00\",\"breadcrumb\":{\"@id\":\"https:\/\/melaniedubois.com\/fr\/english-tips-for-overcoming-rising-interest-rates\/#breadcrumb\"},\"inLanguage\":\"en-US\",\"potentialAction\":[{\"@type\":\"ReadAction\",\"target\":[\"https:\/\/melaniedubois.com\/fr\/english-tips-for-overcoming-rising-interest-rates\/\"]}]},{\"@type\":\"ImageObject\",\"inLanguage\":\"en-US\",\"@id\":\"https:\/\/melaniedubois.com\/fr\/english-tips-for-overcoming-rising-interest-rates\/#primaryimage\",\"url\":\"https:\/\/mcusercontent.com\/93cd80b45544fad91b6b44d60\/images\/980b05e2-28e4-0108-9c3c-c88a4f84c664.png\",\"contentUrl\":\"https:\/\/mcusercontent.com\/93cd80b45544fad91b6b44d60\/images\/980b05e2-28e4-0108-9c3c-c88a4f84c664.png\"},{\"@type\":\"BreadcrumbList\",\"@id\":\"https:\/\/melaniedubois.com\/fr\/english-tips-for-overcoming-rising-interest-rates\/#breadcrumb\",\"itemListElement\":[{\"@type\":\"ListItem\",\"position\":1,\"name\":\"Accueil\",\"item\":\"https:\/\/melaniedubois.com\/en\/\"},{\"@type\":\"ListItem\",\"position\":2,\"name\":\"(English) Tips for overcoming rising interest rates\"}]},{\"@type\":\"WebSite\",\"@id\":\"https:\/\/melaniedubois.com\/en\/#website\",\"url\":\"https:\/\/melaniedubois.com\/en\/\",\"name\":\"\u00c9quipe M\u00e9lanie Dubois\",\"description\":\"Courtier immobilier Montr\u00e9al, KW Connexion\",\"potentialAction\":[{\"@type\":\"SearchAction\",\"target\":{\"@type\":\"EntryPoint\",\"urlTemplate\":\"https:\/\/melaniedubois.com\/en\/?s={search_term_string}\"},\"query-input\":{\"@type\":\"PropertyValueSpecification\",\"valueRequired\":true,\"valueName\":\"search_term_string\"}}],\"inLanguage\":\"en-US\"}]}<\/script>\n<!-- \/ Yoast SEO plugin. -->","yoast_head_json":{"title":"Tips for overcoming rising interest rates - \u00c9quipe M\u00e9lanie Dubois","robots":{"index":"index","follow":"follow","max-snippet":"max-snippet:-1","max-image-preview":"max-image-preview:large","max-video-preview":"max-video-preview:-1"},"canonical":"https:\/\/melaniedubois.com\/fr\/english-tips-for-overcoming-rising-interest-rates\/","og_locale":"en_US","og_type":"article","og_title":"Tips for overcoming rising interest rates - \u00c9quipe M\u00e9lanie Dubois","og_description":"On Wednesday, the Bank of Canada\u00a0again raised its key rate\u00a0, which is now at 5%.\u00a0Here are some ideas to put in place to help you keep your head above water in the face of rising interest rates. Don&#8217;t wait to ask for help \u201cAs soon as we feel that we are starting to feel a [&hellip;]","og_url":"https:\/\/melaniedubois.com\/fr\/english-tips-for-overcoming-rising-interest-rates\/","og_site_name":"\u00c9quipe M\u00e9lanie Dubois","og_image":[{"url":"https:\/\/mcusercontent.com\/93cd80b45544fad91b6b44d60\/images\/980b05e2-28e4-0108-9c3c-c88a4f84c664.png","type":"","width":"","height":""}],"twitter_card":"summary_large_image","twitter_misc":{"Est. reading time":"4 minutes"},"schema":{"@context":"https:\/\/schema.org","@graph":[{"@type":"WebPage","@id":"https:\/\/melaniedubois.com\/fr\/english-tips-for-overcoming-rising-interest-rates\/","url":"https:\/\/melaniedubois.com\/fr\/english-tips-for-overcoming-rising-interest-rates\/","name":"[:en]Tips for overcoming rising interest rates[:] - \u00c9quipe M\u00e9lanie Dubois","isPartOf":{"@id":"https:\/\/melaniedubois.com\/en\/#website"},"primaryImageOfPage":{"@id":"https:\/\/melaniedubois.com\/fr\/english-tips-for-overcoming-rising-interest-rates\/#primaryimage"},"image":{"@id":"https:\/\/melaniedubois.com\/fr\/english-tips-for-overcoming-rising-interest-rates\/#primaryimage"},"thumbnailUrl":"https:\/\/mcusercontent.com\/93cd80b45544fad91b6b44d60\/images\/980b05e2-28e4-0108-9c3c-c88a4f84c664.png","datePublished":"2023-07-18T17:06:12+00:00","breadcrumb":{"@id":"https:\/\/melaniedubois.com\/fr\/english-tips-for-overcoming-rising-interest-rates\/#breadcrumb"},"inLanguage":"en-US","potentialAction":[{"@type":"ReadAction","target":["https:\/\/melaniedubois.com\/fr\/english-tips-for-overcoming-rising-interest-rates\/"]}]},{"@type":"ImageObject","inLanguage":"en-US","@id":"https:\/\/melaniedubois.com\/fr\/english-tips-for-overcoming-rising-interest-rates\/#primaryimage","url":"https:\/\/mcusercontent.com\/93cd80b45544fad91b6b44d60\/images\/980b05e2-28e4-0108-9c3c-c88a4f84c664.png","contentUrl":"https:\/\/mcusercontent.com\/93cd80b45544fad91b6b44d60\/images\/980b05e2-28e4-0108-9c3c-c88a4f84c664.png"},{"@type":"BreadcrumbList","@id":"https:\/\/melaniedubois.com\/fr\/english-tips-for-overcoming-rising-interest-rates\/#breadcrumb","itemListElement":[{"@type":"ListItem","position":1,"name":"Accueil","item":"https:\/\/melaniedubois.com\/en\/"},{"@type":"ListItem","position":2,"name":"(English) Tips for overcoming rising interest rates"}]},{"@type":"WebSite","@id":"https:\/\/melaniedubois.com\/en\/#website","url":"https:\/\/melaniedubois.com\/en\/","name":"\u00c9quipe M\u00e9lanie Dubois","description":"Courtier immobilier Montr\u00e9al, KW Connexion","potentialAction":[{"@type":"SearchAction","target":{"@type":"EntryPoint","urlTemplate":"https:\/\/melaniedubois.com\/en\/?s={search_term_string}"},"query-input":{"@type":"PropertyValueSpecification","valueRequired":true,"valueName":"search_term_string"}}],"inLanguage":"en-US"}]}},"_links":{"self":[{"href":"https:\/\/melaniedubois.com\/en\/wp-json\/wp\/v2\/pages\/2471","targetHints":{"allow":["GET"]}}],"collection":[{"href":"https:\/\/melaniedubois.com\/en\/wp-json\/wp\/v2\/pages"}],"about":[{"href":"https:\/\/melaniedubois.com\/en\/wp-json\/wp\/v2\/types\/page"}],"author":[{"embeddable":true,"href":"https:\/\/melaniedubois.com\/en\/wp-json\/wp\/v2\/users\/742"}],"replies":[{"embeddable":true,"href":"https:\/\/melaniedubois.com\/en\/wp-json\/wp\/v2\/comments?post=2471"}],"version-history":[{"count":1,"href":"https:\/\/melaniedubois.com\/en\/wp-json\/wp\/v2\/pages\/2471\/revisions"}],"predecessor-version":[{"id":2472,"href":"https:\/\/melaniedubois.com\/en\/wp-json\/wp\/v2\/pages\/2471\/revisions\/2472"}],"wp:attachment":[{"href":"https:\/\/melaniedubois.com\/en\/wp-json\/wp\/v2\/media?parent=2471"}],"curies":[{"name":"wp","href":"https:\/\/api.w.org\/{rel}","templated":true}]}}