{"id":2506,"date":"2023-11-04T08:20:44","date_gmt":"2023-11-04T12:20:44","guid":{"rendered":"https:\/\/melaniedubois.com\/?page_id=2506"},"modified":"2023-11-04T08:20:44","modified_gmt":"2023-11-04T12:20:44","slug":"english-is-buying-a-property-with-a-friend-a-good-idea","status":"publish","type":"page","link":"https:\/\/melaniedubois.com\/en\/english-is-buying-a-property-with-a-friend-a-good-idea\/","title":{"rendered":"Is buying a property with a friend a good idea?"},"content":{"rendered":"<p><\/p>\n<p style=\"text-align: justify;\"><strong><span>The idea of \u200b\u200bbuying a property with a family member or friend seems attractive at first glance; the subject frequently fuels numerous discussions.<\/span><\/strong><\/p>\n<p><img decoding=\"async\" src=\"https:\/\/mcusercontent.com\/93cd80b45544fad91b6b44d60\/images\/eb4cbd75-d56a-3116-c980-9e345517f6c7.png\" \/><\/p>\n<p style=\"text-align: justify;\"><span>Many do not skimp on formalities and take action without asking questions.\u00a0<\/span><span>However, if it is not carried out adequately, the experiment, although initially motivated by good intentions, can end in a bitter failure, forever breaking the close bonds that united individuals.<\/span><\/p>\n<p style=\"text-align: justify;\"><span>Before we get there, let&#8217;s take a look at how to proceed so that the adventure has every chance of succeeding.\u00a0There are two possibilities: purchasing a rental property to make an investment or purchasing a house to live under the same roof.<\/span><\/p>\n<p style=\"text-align: justify;\"><strong><span>Investing in rental property<\/span><\/strong><\/p>\n<p style=\"text-align: justify;\"><span>The process to follow includes many steps that should not be overlooked, although some elements may seem unimportant.<\/span><\/p>\n<ol style=\"text-align: justify;\">\n<li dir=\"auto\"><span>Specify each person\u2019s share in the building.<\/span><\/li>\n<li dir=\"auto\"><span>Carry out a description of the tasks: administration, maintenance, renovation, etc.<\/span><\/li>\n<li dir=\"auto\"><span>Evaluate the value of these tasks in terms of time and money.<\/span><\/li>\n<li dir=\"auto\"><span>Divide tasks equally between parties.<\/span><\/li>\n<li dir=\"auto\"><span>Sign a partnership agreement which will specify all aspects of the collaboration.\u00a0What is each person&#8217;s share?\u00a0Who does what ?\u00a0How will decisions be made whether or not to carry out the renovations?\u00a0What happens if you lose your job and fail to meet your obligations?\u00a0How to sell your share?\u00a0Etc.<\/span><\/li>\n<li dir=\"auto\"><span>Maintain good communication at all times.\u00a0Do not let problems and frustrations linger that can overshadow the success of the project.<\/span><\/li>\n<\/ol>\n<p style=\"text-align: justify;\"><strong><span>Buying a house and owning a home<\/span><\/strong><\/p>\n<p style=\"text-align: justify;\"><span>Buying a house with loved ones with a view to living in it takes essentially the same steps mentioned above, but in addition, there is an added degree of difficulty: the fact of living together.\u00a0Sharing someone&#8217;s daily life and meeting them from time to time are very different concepts.\u00a0Here are some ideas for discussion to consider before committing.<\/span><\/p>\n<p style=\"text-align: justify;\"><span>1. Compare your lifestyles.<\/span><\/p>\n<p style=\"text-align: justify;\"><span>Are they compatible?<\/span><\/p>\n<p style=\"text-align: justify;\"><span>2. How will guests be handled?<\/span><\/p>\n<p style=\"text-align: justify;\"><span>3. Can we organize parties?\u00a0<\/span><\/p>\n<p style=\"text-align: justify;\"><span>How often ?<\/span><\/p>\n<p style=\"text-align: justify;\"><span>4. Who will do the cleaning?\u00a0<\/span><\/p>\n<p style=\"text-align: justify;\"><span>The kitchen ?<\/span><\/p>\n<p style=\"text-align: justify;\"><span>5. How are invoices paid?\u00a0Do we make a pot that we renew when it is exhausted?<\/span><\/p>\n<p style=\"text-align: justify;\"><span>Living under the same roof is not for everyone.\u00a0If one partner does nothing and lets things go, the other co-owners will experience a lot of frustration.<\/span><\/p>\n<p style=\"text-align: justify;\"><strong><span>In conclusion<\/span><\/strong><\/p>\n<p style=\"text-align: justify;\"><span>Buying a property as a financial investment vehicle or for housing remains a good idea in itself.\u00a0<\/span><\/p>\n<p style=\"text-align: justify;\"><span>However, all aspects of this collaboration must be defined beforehand.\u00a0Do not assume that disagreements and conflicts will not arise because you belong to the same family or are part of a group of friends.\u00a0If it is impossible to define the project and sign a written agreement, it is better to pass.\u00a0<\/span><\/p>\n<h3 style=\"text-align: justify;\"><strong><em><span>ADVICE<\/span><\/em><\/strong><\/h3>\n<ul>\n<li style=\"text-align: justify;\"><span>Consult a lawyer who will inform you about all the legal aspects of your project.<\/span><\/li>\n<li style=\"text-align: justify;\"><span>Sign a partnership agreement.<\/span><\/li>\n<li style=\"text-align: justify;\"><span>Do not avoid problems and difficulties by maintaining good communication.<\/span><\/li>\n<\/ul>\n<p>&nbsp;<\/p>\n<p><strong>Source :<\/strong> <a href=\"https:\/\/www.journaldemontreal.com\/2022\/12\/19\/acheter-une-propriete-avec-un-ami-est-ce-une-bonne-idee\">Article by Ghislain Larochelle on the journaldemontreal.com on the 19th december of 2023<\/a><\/p>\n<p><strong>Link : <\/strong><a href=\"https:\/\/www.journaldemontreal.com\/2022\/12\/19\/acheter-une-propriete-avec-un-ami-est-ce-une-bonne-idee\">https:\/\/www.journaldemontreal.com\/2022\/12\/19\/acheter-une-propriete-avec-un-ami-est-ce-une-bonne-idee<\/a><\/p>\n<p>&nbsp;<\/p>\n<p style=\"text-align: center;\">You want to keep an eye on the market and your investment ?<\/p>\n<p style=\"text-align: center;\">We can periodically send you a list of sales in your neighborhood.<\/p>\n<p style=\"text-align: center;\">It&#8217;s FREE!\u00a0 No obligation on your part.<\/p>\n<p><img decoding=\"async\" class=\"aligncenter\" src=\"https:\/\/mcusercontent.com\/93cd80b45544fad91b6b44d60\/images\/22eff594-89e6-7c93-0054-7fc2388cf7ae.png\" \/><\/p>","protected":false},"excerpt":{"rendered":"<p>The idea of \u200b\u200bbuying a property with a family member or friend seems attractive at first glance; the subject frequently fuels numerous discussions. Many do not skimp on formalities and take action without asking questions.\u00a0However, if it is not carried out adequately, the experiment, although initially motivated by good intentions, can end in a bitter [&hellip;]<\/p>\n","protected":false},"author":742,"featured_media":0,"parent":0,"menu_order":0,"comment_status":"closed","ping_status":"closed","template":"","meta":{"_acf_changed":false,"footnotes":""},"class_list":["post-2506","page","type-page","status-publish","hentry"],"acf":[],"yoast_head":"<!-- This site is optimized with the Yoast SEO plugin v26.7 - https:\/\/yoast.com\/wordpress\/plugins\/seo\/ -->\n<title>Is buying a property with a friend a good idea? - \u00c9quipe M\u00e9lanie Dubois<\/title>\n<meta name=\"robots\" content=\"index, follow, max-snippet:-1, max-image-preview:large, max-video-preview:-1\" \/>\n<link rel=\"canonical\" href=\"https:\/\/melaniedubois.com\/fr\/english-is-buying-a-property-with-a-friend-a-good-idea\/\" \/>\n<meta property=\"og:locale\" content=\"en_US\" \/>\n<meta property=\"og:type\" content=\"article\" \/>\n<meta property=\"og:title\" content=\"Is buying a property with a friend a good idea? - \u00c9quipe M\u00e9lanie Dubois\" \/>\n<meta property=\"og:description\" content=\"The idea of \u200b\u200bbuying a property with a family member or friend seems attractive at first glance; the subject frequently fuels numerous discussions. Many do not skimp on formalities and take action without asking questions.\u00a0However, if it is not carried out adequately, the experiment, although initially motivated by good intentions, can end in a bitter [&hellip;]\" \/>\n<meta property=\"og:url\" content=\"https:\/\/melaniedubois.com\/fr\/english-is-buying-a-property-with-a-friend-a-good-idea\/\" \/>\n<meta property=\"og:site_name\" content=\"\u00c9quipe M\u00e9lanie Dubois\" \/>\n<meta property=\"og:image\" content=\"https:\/\/mcusercontent.com\/93cd80b45544fad91b6b44d60\/images\/eb4cbd75-d56a-3116-c980-9e345517f6c7.png\" \/>\n<meta name=\"twitter:card\" content=\"summary_large_image\" \/>\n<meta name=\"twitter:label1\" content=\"Est. reading time\" \/>\n\t<meta name=\"twitter:data1\" content=\"3 minutes\" \/>\n<script type=\"application\/ld+json\" class=\"yoast-schema-graph\">{\"@context\":\"https:\/\/schema.org\",\"@graph\":[{\"@type\":\"WebPage\",\"@id\":\"https:\/\/melaniedubois.com\/fr\/english-is-buying-a-property-with-a-friend-a-good-idea\/\",\"url\":\"https:\/\/melaniedubois.com\/fr\/english-is-buying-a-property-with-a-friend-a-good-idea\/\",\"name\":\"[:en]Is buying a property with a friend a good idea?[:] - \u00c9quipe M\u00e9lanie Dubois\",\"isPartOf\":{\"@id\":\"https:\/\/melaniedubois.com\/en\/#website\"},\"primaryImageOfPage\":{\"@id\":\"https:\/\/melaniedubois.com\/fr\/english-is-buying-a-property-with-a-friend-a-good-idea\/#primaryimage\"},\"image\":{\"@id\":\"https:\/\/melaniedubois.com\/fr\/english-is-buying-a-property-with-a-friend-a-good-idea\/#primaryimage\"},\"thumbnailUrl\":\"https:\/\/mcusercontent.com\/93cd80b45544fad91b6b44d60\/images\/eb4cbd75-d56a-3116-c980-9e345517f6c7.png\",\"datePublished\":\"2023-11-04T12:20:44+00:00\",\"breadcrumb\":{\"@id\":\"https:\/\/melaniedubois.com\/fr\/english-is-buying-a-property-with-a-friend-a-good-idea\/#breadcrumb\"},\"inLanguage\":\"en-US\",\"potentialAction\":[{\"@type\":\"ReadAction\",\"target\":[\"https:\/\/melaniedubois.com\/fr\/english-is-buying-a-property-with-a-friend-a-good-idea\/\"]}]},{\"@type\":\"ImageObject\",\"inLanguage\":\"en-US\",\"@id\":\"https:\/\/melaniedubois.com\/fr\/english-is-buying-a-property-with-a-friend-a-good-idea\/#primaryimage\",\"url\":\"https:\/\/mcusercontent.com\/93cd80b45544fad91b6b44d60\/images\/eb4cbd75-d56a-3116-c980-9e345517f6c7.png\",\"contentUrl\":\"https:\/\/mcusercontent.com\/93cd80b45544fad91b6b44d60\/images\/eb4cbd75-d56a-3116-c980-9e345517f6c7.png\"},{\"@type\":\"BreadcrumbList\",\"@id\":\"https:\/\/melaniedubois.com\/fr\/english-is-buying-a-property-with-a-friend-a-good-idea\/#breadcrumb\",\"itemListElement\":[{\"@type\":\"ListItem\",\"position\":1,\"name\":\"Accueil\",\"item\":\"https:\/\/melaniedubois.com\/en\/\"},{\"@type\":\"ListItem\",\"position\":2,\"name\":\"(English) Is buying a property with a friend a good idea?\"}]},{\"@type\":\"WebSite\",\"@id\":\"https:\/\/melaniedubois.com\/en\/#website\",\"url\":\"https:\/\/melaniedubois.com\/en\/\",\"name\":\"\u00c9quipe M\u00e9lanie Dubois\",\"description\":\"Courtier immobilier Montr\u00e9al, KW Connexion\",\"potentialAction\":[{\"@type\":\"SearchAction\",\"target\":{\"@type\":\"EntryPoint\",\"urlTemplate\":\"https:\/\/melaniedubois.com\/en\/?s={search_term_string}\"},\"query-input\":{\"@type\":\"PropertyValueSpecification\",\"valueRequired\":true,\"valueName\":\"search_term_string\"}}],\"inLanguage\":\"en-US\"}]}<\/script>\n<!-- \/ Yoast SEO plugin. -->","yoast_head_json":{"title":"Is buying a property with a friend a good idea? - \u00c9quipe M\u00e9lanie Dubois","robots":{"index":"index","follow":"follow","max-snippet":"max-snippet:-1","max-image-preview":"max-image-preview:large","max-video-preview":"max-video-preview:-1"},"canonical":"https:\/\/melaniedubois.com\/fr\/english-is-buying-a-property-with-a-friend-a-good-idea\/","og_locale":"en_US","og_type":"article","og_title":"Is buying a property with a friend a good idea? - \u00c9quipe M\u00e9lanie Dubois","og_description":"The idea of \u200b\u200bbuying a property with a family member or friend seems attractive at first glance; the subject frequently fuels numerous discussions. Many do not skimp on formalities and take action without asking questions.\u00a0However, if it is not carried out adequately, the experiment, although initially motivated by good intentions, can end in a bitter [&hellip;]","og_url":"https:\/\/melaniedubois.com\/fr\/english-is-buying-a-property-with-a-friend-a-good-idea\/","og_site_name":"\u00c9quipe M\u00e9lanie Dubois","og_image":[{"url":"https:\/\/mcusercontent.com\/93cd80b45544fad91b6b44d60\/images\/eb4cbd75-d56a-3116-c980-9e345517f6c7.png","type":"","width":"","height":""}],"twitter_card":"summary_large_image","twitter_misc":{"Est. reading time":"3 minutes"},"schema":{"@context":"https:\/\/schema.org","@graph":[{"@type":"WebPage","@id":"https:\/\/melaniedubois.com\/fr\/english-is-buying-a-property-with-a-friend-a-good-idea\/","url":"https:\/\/melaniedubois.com\/fr\/english-is-buying-a-property-with-a-friend-a-good-idea\/","name":"[:en]Is buying a property with a friend a good idea?[:] - \u00c9quipe M\u00e9lanie Dubois","isPartOf":{"@id":"https:\/\/melaniedubois.com\/en\/#website"},"primaryImageOfPage":{"@id":"https:\/\/melaniedubois.com\/fr\/english-is-buying-a-property-with-a-friend-a-good-idea\/#primaryimage"},"image":{"@id":"https:\/\/melaniedubois.com\/fr\/english-is-buying-a-property-with-a-friend-a-good-idea\/#primaryimage"},"thumbnailUrl":"https:\/\/mcusercontent.com\/93cd80b45544fad91b6b44d60\/images\/eb4cbd75-d56a-3116-c980-9e345517f6c7.png","datePublished":"2023-11-04T12:20:44+00:00","breadcrumb":{"@id":"https:\/\/melaniedubois.com\/fr\/english-is-buying-a-property-with-a-friend-a-good-idea\/#breadcrumb"},"inLanguage":"en-US","potentialAction":[{"@type":"ReadAction","target":["https:\/\/melaniedubois.com\/fr\/english-is-buying-a-property-with-a-friend-a-good-idea\/"]}]},{"@type":"ImageObject","inLanguage":"en-US","@id":"https:\/\/melaniedubois.com\/fr\/english-is-buying-a-property-with-a-friend-a-good-idea\/#primaryimage","url":"https:\/\/mcusercontent.com\/93cd80b45544fad91b6b44d60\/images\/eb4cbd75-d56a-3116-c980-9e345517f6c7.png","contentUrl":"https:\/\/mcusercontent.com\/93cd80b45544fad91b6b44d60\/images\/eb4cbd75-d56a-3116-c980-9e345517f6c7.png"},{"@type":"BreadcrumbList","@id":"https:\/\/melaniedubois.com\/fr\/english-is-buying-a-property-with-a-friend-a-good-idea\/#breadcrumb","itemListElement":[{"@type":"ListItem","position":1,"name":"Accueil","item":"https:\/\/melaniedubois.com\/en\/"},{"@type":"ListItem","position":2,"name":"(English) Is buying a property with a friend a good idea?"}]},{"@type":"WebSite","@id":"https:\/\/melaniedubois.com\/en\/#website","url":"https:\/\/melaniedubois.com\/en\/","name":"\u00c9quipe M\u00e9lanie Dubois","description":"Courtier immobilier Montr\u00e9al, KW Connexion","potentialAction":[{"@type":"SearchAction","target":{"@type":"EntryPoint","urlTemplate":"https:\/\/melaniedubois.com\/en\/?s={search_term_string}"},"query-input":{"@type":"PropertyValueSpecification","valueRequired":true,"valueName":"search_term_string"}}],"inLanguage":"en-US"}]}},"_links":{"self":[{"href":"https:\/\/melaniedubois.com\/en\/wp-json\/wp\/v2\/pages\/2506","targetHints":{"allow":["GET"]}}],"collection":[{"href":"https:\/\/melaniedubois.com\/en\/wp-json\/wp\/v2\/pages"}],"about":[{"href":"https:\/\/melaniedubois.com\/en\/wp-json\/wp\/v2\/types\/page"}],"author":[{"embeddable":true,"href":"https:\/\/melaniedubois.com\/en\/wp-json\/wp\/v2\/users\/742"}],"replies":[{"embeddable":true,"href":"https:\/\/melaniedubois.com\/en\/wp-json\/wp\/v2\/comments?post=2506"}],"version-history":[{"count":1,"href":"https:\/\/melaniedubois.com\/en\/wp-json\/wp\/v2\/pages\/2506\/revisions"}],"predecessor-version":[{"id":2507,"href":"https:\/\/melaniedubois.com\/en\/wp-json\/wp\/v2\/pages\/2506\/revisions\/2507"}],"wp:attachment":[{"href":"https:\/\/melaniedubois.com\/en\/wp-json\/wp\/v2\/media?parent=2506"}],"curies":[{"name":"wp","href":"https:\/\/api.w.org\/{rel}","templated":true}]}}