{"id":2520,"date":"2024-01-26T16:10:36","date_gmt":"2024-01-26T21:10:36","guid":{"rendered":"https:\/\/melaniedubois.com\/?page_id=2520"},"modified":"2024-01-26T16:10:36","modified_gmt":"2024-01-26T21:10:36","slug":"de-modestes-baisses-des-taux-dinteret-devraient-stimuler-lactivite-lannee-prochaine-entrainant-une-hausse-des-prix-de-limmobilier-au-canada","status":"publish","type":"page","link":"https:\/\/melaniedubois.com\/en\/de-modestes-baisses-des-taux-dinteret-devraient-stimuler-lactivite-lannee-prochaine-entrainant-une-hausse-des-prix-de-limmobilier-au-canada\/","title":{"rendered":"(Fran\u00e7ais) De modestes baisses des taux d\u2019int\u00e9r\u00eat devraient stimuler l\u2019activit\u00e9 l\u2019ann\u00e9e prochaine, entra\u00eenant une hausse des prix de l\u2019immobilier au Canada"},"content":{"rendered":"<p class=\"qtranxs-available-languages-message qtranxs-available-languages-message-en\">Sorry, this entry is only available in <a href=\"https:\/\/melaniedubois.com\/fr\/wp-json\/wp\/v2\/pages\/2520\" class=\"qtranxs-available-language-link qtranxs-available-language-link-fr\" title=\"Fran\u00e7ais\">Fran\u00e7ais<\/a>.<\/p>","protected":false},"excerpt":{"rendered":"<p>Sorry, this entry is only available in Fran\u00e7ais.<\/p>\n","protected":false},"author":742,"featured_media":0,"parent":0,"menu_order":0,"comment_status":"closed","ping_status":"closed","template":"","meta":{"_acf_changed":false,"footnotes":""},"class_list":["post-2520","page","type-page","status-publish","hentry"],"acf":[],"yoast_head":"<!-- This site is optimized with the Yoast SEO plugin v26.7 - https:\/\/yoast.com\/wordpress\/plugins\/seo\/ -->\n<title>(Fran\u00e7ais) De modestes baisses des taux d\u2019int\u00e9r\u00eat devraient stimuler l\u2019activit\u00e9 l\u2019ann\u00e9e prochaine, entra\u00eenant une hausse des prix de l\u2019immobilier au Canada - \u00c9quipe M\u00e9lanie Dubois<\/title>\n<meta name=\"robots\" content=\"index, follow, max-snippet:-1, max-image-preview:large, max-video-preview:-1\" \/>\n<link rel=\"canonical\" href=\"https:\/\/melaniedubois.com\/fr\/de-modestes-baisses-des-taux-dinteret-devraient-stimuler-lactivite-lannee-prochaine-entrainant-une-hausse-des-prix-de-limmobilier-au-canada\/\" \/>\n<meta property=\"og:locale\" content=\"en_US\" \/>\n<meta property=\"og:type\" content=\"article\" \/>\n<meta property=\"og:title\" content=\"(Fran\u00e7ais) De modestes baisses des taux d\u2019int\u00e9r\u00eat devraient stimuler l\u2019activit\u00e9 l\u2019ann\u00e9e prochaine, entra\u00eenant une hausse des prix de l\u2019immobilier au Canada - \u00c9quipe M\u00e9lanie Dubois\" \/>\n<meta property=\"og:description\" content=\"Sorry, this entry is only available in Fran\u00e7ais.\" \/>\n<meta property=\"og:url\" content=\"https:\/\/melaniedubois.com\/fr\/de-modestes-baisses-des-taux-dinteret-devraient-stimuler-lactivite-lannee-prochaine-entrainant-une-hausse-des-prix-de-limmobilier-au-canada\/\" \/>\n<meta property=\"og:site_name\" content=\"\u00c9quipe M\u00e9lanie Dubois\" \/>\n<meta property=\"og:image\" content=\"https:\/\/mcusercontent.com\/93cd80b45544fad91b6b44d60\/images\/80a3bffd-1e00-115d-c0c6-c209803384c5.png\" \/>\n<meta name=\"twitter:card\" content=\"summary_large_image\" \/>\n<meta name=\"twitter:label1\" content=\"Est. reading time\" \/>\n\t<meta name=\"twitter:data1\" content=\"3 minutes\" \/>\n<script type=\"application\/ld+json\" class=\"yoast-schema-graph\">{\"@context\":\"https:\/\/schema.org\",\"@graph\":[{\"@type\":\"WebPage\",\"@id\":\"https:\/\/melaniedubois.com\/fr\/de-modestes-baisses-des-taux-dinteret-devraient-stimuler-lactivite-lannee-prochaine-entrainant-une-hausse-des-prix-de-limmobilier-au-canada\/\",\"url\":\"https:\/\/melaniedubois.com\/fr\/de-modestes-baisses-des-taux-dinteret-devraient-stimuler-lactivite-lannee-prochaine-entrainant-une-hausse-des-prix-de-limmobilier-au-canada\/\",\"name\":\"[:fr]De modestes baisses des taux d\u2019int\u00e9r\u00eat devraient stimuler l\u2019activit\u00e9 l\u2019ann\u00e9e prochaine, entra\u00eenant une hausse des prix de l\u2019immobilier au Canada[:] - \u00c9quipe M\u00e9lanie Dubois\",\"isPartOf\":{\"@id\":\"https:\/\/melaniedubois.com\/en\/#website\"},\"primaryImageOfPage\":{\"@id\":\"https:\/\/melaniedubois.com\/fr\/de-modestes-baisses-des-taux-dinteret-devraient-stimuler-lactivite-lannee-prochaine-entrainant-une-hausse-des-prix-de-limmobilier-au-canada\/#primaryimage\"},\"image\":{\"@id\":\"https:\/\/melaniedubois.com\/fr\/de-modestes-baisses-des-taux-dinteret-devraient-stimuler-lactivite-lannee-prochaine-entrainant-une-hausse-des-prix-de-limmobilier-au-canada\/#primaryimage\"},\"thumbnailUrl\":\"https:\/\/mcusercontent.com\/93cd80b45544fad91b6b44d60\/images\/80a3bffd-1e00-115d-c0c6-c209803384c5.png\",\"datePublished\":\"2024-01-26T21:10:36+00:00\",\"breadcrumb\":{\"@id\":\"https:\/\/melaniedubois.com\/fr\/de-modestes-baisses-des-taux-dinteret-devraient-stimuler-lactivite-lannee-prochaine-entrainant-une-hausse-des-prix-de-limmobilier-au-canada\/#breadcrumb\"},\"inLanguage\":\"en-US\",\"potentialAction\":[{\"@type\":\"ReadAction\",\"target\":[\"https:\/\/melaniedubois.com\/fr\/de-modestes-baisses-des-taux-dinteret-devraient-stimuler-lactivite-lannee-prochaine-entrainant-une-hausse-des-prix-de-limmobilier-au-canada\/\"]}]},{\"@type\":\"ImageObject\",\"inLanguage\":\"en-US\",\"@id\":\"https:\/\/melaniedubois.com\/fr\/de-modestes-baisses-des-taux-dinteret-devraient-stimuler-lactivite-lannee-prochaine-entrainant-une-hausse-des-prix-de-limmobilier-au-canada\/#primaryimage\",\"url\":\"https:\/\/mcusercontent.com\/93cd80b45544fad91b6b44d60\/images\/80a3bffd-1e00-115d-c0c6-c209803384c5.png\",\"contentUrl\":\"https:\/\/mcusercontent.com\/93cd80b45544fad91b6b44d60\/images\/80a3bffd-1e00-115d-c0c6-c209803384c5.png\"},{\"@type\":\"BreadcrumbList\",\"@id\":\"https:\/\/melaniedubois.com\/fr\/de-modestes-baisses-des-taux-dinteret-devraient-stimuler-lactivite-lannee-prochaine-entrainant-une-hausse-des-prix-de-limmobilier-au-canada\/#breadcrumb\",\"itemListElement\":[{\"@type\":\"ListItem\",\"position\":1,\"name\":\"Accueil\",\"item\":\"https:\/\/melaniedubois.com\/en\/\"},{\"@type\":\"ListItem\",\"position\":2,\"name\":\"De modestes baisses des taux d\u2019int\u00e9r\u00eat devraient stimuler l\u2019activit\u00e9 l\u2019ann\u00e9e prochaine, entra\u00eenant une hausse des prix de l\u2019immobilier au Canada\"}]},{\"@type\":\"WebSite\",\"@id\":\"https:\/\/melaniedubois.com\/en\/#website\",\"url\":\"https:\/\/melaniedubois.com\/en\/\",\"name\":\"\u00c9quipe M\u00e9lanie Dubois\",\"description\":\"Courtier immobilier Montr\u00e9al, KW Connexion\",\"potentialAction\":[{\"@type\":\"SearchAction\",\"target\":{\"@type\":\"EntryPoint\",\"urlTemplate\":\"https:\/\/melaniedubois.com\/en\/?s={search_term_string}\"},\"query-input\":{\"@type\":\"PropertyValueSpecification\",\"valueRequired\":true,\"valueName\":\"search_term_string\"}}],\"inLanguage\":\"en-US\"}]}<\/script>\n<!-- \/ Yoast SEO plugin. -->","yoast_head_json":{"title":"(Fran\u00e7ais) De modestes baisses des taux d\u2019int\u00e9r\u00eat devraient stimuler l\u2019activit\u00e9 l\u2019ann\u00e9e prochaine, entra\u00eenant une hausse des prix de l\u2019immobilier au Canada - \u00c9quipe M\u00e9lanie Dubois","robots":{"index":"index","follow":"follow","max-snippet":"max-snippet:-1","max-image-preview":"max-image-preview:large","max-video-preview":"max-video-preview:-1"},"canonical":"https:\/\/melaniedubois.com\/fr\/de-modestes-baisses-des-taux-dinteret-devraient-stimuler-lactivite-lannee-prochaine-entrainant-une-hausse-des-prix-de-limmobilier-au-canada\/","og_locale":"en_US","og_type":"article","og_title":"(Fran\u00e7ais) De modestes baisses des taux d\u2019int\u00e9r\u00eat devraient stimuler l\u2019activit\u00e9 l\u2019ann\u00e9e prochaine, entra\u00eenant une hausse des prix de l\u2019immobilier au Canada - \u00c9quipe M\u00e9lanie Dubois","og_description":"Sorry, this entry is only available in Fran\u00e7ais.","og_url":"https:\/\/melaniedubois.com\/fr\/de-modestes-baisses-des-taux-dinteret-devraient-stimuler-lactivite-lannee-prochaine-entrainant-une-hausse-des-prix-de-limmobilier-au-canada\/","og_site_name":"\u00c9quipe M\u00e9lanie Dubois","og_image":[{"url":"https:\/\/mcusercontent.com\/93cd80b45544fad91b6b44d60\/images\/80a3bffd-1e00-115d-c0c6-c209803384c5.png","type":"","width":"","height":""}],"twitter_card":"summary_large_image","twitter_misc":{"Est. reading time":"3 minutes"},"schema":{"@context":"https:\/\/schema.org","@graph":[{"@type":"WebPage","@id":"https:\/\/melaniedubois.com\/fr\/de-modestes-baisses-des-taux-dinteret-devraient-stimuler-lactivite-lannee-prochaine-entrainant-une-hausse-des-prix-de-limmobilier-au-canada\/","url":"https:\/\/melaniedubois.com\/fr\/de-modestes-baisses-des-taux-dinteret-devraient-stimuler-lactivite-lannee-prochaine-entrainant-une-hausse-des-prix-de-limmobilier-au-canada\/","name":"[:fr]De modestes baisses des taux d\u2019int\u00e9r\u00eat devraient stimuler l\u2019activit\u00e9 l\u2019ann\u00e9e prochaine, entra\u00eenant une hausse des prix de l\u2019immobilier au Canada[:] - \u00c9quipe M\u00e9lanie Dubois","isPartOf":{"@id":"https:\/\/melaniedubois.com\/en\/#website"},"primaryImageOfPage":{"@id":"https:\/\/melaniedubois.com\/fr\/de-modestes-baisses-des-taux-dinteret-devraient-stimuler-lactivite-lannee-prochaine-entrainant-une-hausse-des-prix-de-limmobilier-au-canada\/#primaryimage"},"image":{"@id":"https:\/\/melaniedubois.com\/fr\/de-modestes-baisses-des-taux-dinteret-devraient-stimuler-lactivite-lannee-prochaine-entrainant-une-hausse-des-prix-de-limmobilier-au-canada\/#primaryimage"},"thumbnailUrl":"https:\/\/mcusercontent.com\/93cd80b45544fad91b6b44d60\/images\/80a3bffd-1e00-115d-c0c6-c209803384c5.png","datePublished":"2024-01-26T21:10:36+00:00","breadcrumb":{"@id":"https:\/\/melaniedubois.com\/fr\/de-modestes-baisses-des-taux-dinteret-devraient-stimuler-lactivite-lannee-prochaine-entrainant-une-hausse-des-prix-de-limmobilier-au-canada\/#breadcrumb"},"inLanguage":"en-US","potentialAction":[{"@type":"ReadAction","target":["https:\/\/melaniedubois.com\/fr\/de-modestes-baisses-des-taux-dinteret-devraient-stimuler-lactivite-lannee-prochaine-entrainant-une-hausse-des-prix-de-limmobilier-au-canada\/"]}]},{"@type":"ImageObject","inLanguage":"en-US","@id":"https:\/\/melaniedubois.com\/fr\/de-modestes-baisses-des-taux-dinteret-devraient-stimuler-lactivite-lannee-prochaine-entrainant-une-hausse-des-prix-de-limmobilier-au-canada\/#primaryimage","url":"https:\/\/mcusercontent.com\/93cd80b45544fad91b6b44d60\/images\/80a3bffd-1e00-115d-c0c6-c209803384c5.png","contentUrl":"https:\/\/mcusercontent.com\/93cd80b45544fad91b6b44d60\/images\/80a3bffd-1e00-115d-c0c6-c209803384c5.png"},{"@type":"BreadcrumbList","@id":"https:\/\/melaniedubois.com\/fr\/de-modestes-baisses-des-taux-dinteret-devraient-stimuler-lactivite-lannee-prochaine-entrainant-une-hausse-des-prix-de-limmobilier-au-canada\/#breadcrumb","itemListElement":[{"@type":"ListItem","position":1,"name":"Accueil","item":"https:\/\/melaniedubois.com\/en\/"},{"@type":"ListItem","position":2,"name":"De modestes baisses des taux d\u2019int\u00e9r\u00eat devraient stimuler l\u2019activit\u00e9 l\u2019ann\u00e9e prochaine, entra\u00eenant une hausse des prix de l\u2019immobilier au Canada"}]},{"@type":"WebSite","@id":"https:\/\/melaniedubois.com\/en\/#website","url":"https:\/\/melaniedubois.com\/en\/","name":"\u00c9quipe M\u00e9lanie Dubois","description":"Courtier immobilier Montr\u00e9al, KW Connexion","potentialAction":[{"@type":"SearchAction","target":{"@type":"EntryPoint","urlTemplate":"https:\/\/melaniedubois.com\/en\/?s={search_term_string}"},"query-input":{"@type":"PropertyValueSpecification","valueRequired":true,"valueName":"search_term_string"}}],"inLanguage":"en-US"}]}},"_links":{"self":[{"href":"https:\/\/melaniedubois.com\/en\/wp-json\/wp\/v2\/pages\/2520","targetHints":{"allow":["GET"]}}],"collection":[{"href":"https:\/\/melaniedubois.com\/en\/wp-json\/wp\/v2\/pages"}],"about":[{"href":"https:\/\/melaniedubois.com\/en\/wp-json\/wp\/v2\/types\/page"}],"author":[{"embeddable":true,"href":"https:\/\/melaniedubois.com\/en\/wp-json\/wp\/v2\/users\/742"}],"replies":[{"embeddable":true,"href":"https:\/\/melaniedubois.com\/en\/wp-json\/wp\/v2\/comments?post=2520"}],"version-history":[{"count":1,"href":"https:\/\/melaniedubois.com\/en\/wp-json\/wp\/v2\/pages\/2520\/revisions"}],"predecessor-version":[{"id":2521,"href":"https:\/\/melaniedubois.com\/en\/wp-json\/wp\/v2\/pages\/2520\/revisions\/2521"}],"wp:attachment":[{"href":"https:\/\/melaniedubois.com\/en\/wp-json\/wp\/v2\/media?parent=2520"}],"curies":[{"name":"wp","href":"https:\/\/api.w.org\/{rel}","templated":true}]}}