{"id":752,"date":"2016-04-19T10:11:02","date_gmt":"2016-04-19T14:11:02","guid":{"rendered":"\/?page_id=752"},"modified":"2017-05-12T13:43:27","modified_gmt":"2017-05-12T17:43:27","slug":"nos-fournisseurs","status":"publish","type":"page","link":"https:\/\/melaniedubois.com\/en\/contacter-equipe-melanie-dubois\/nos-fournisseurs\/","title":{"rendered":"Our Suppliers"},"content":{"rendered":"<p><\/p>\n<div id=\"app_download\">\n<div class=\"app\"><a href=\"https:\/\/itunes.apple.com\/us\/app\/homekeepr\/id736070884?mt=8\" target=\"_blank\"><img decoding=\"async\" src=\"\/files\/2016\/04\/apple_appstore_big.png\" alt=\"\"><\/a><\/div>\n<div class=\"app\"><a href=\"https:\/\/play.google.com\/store\/apps\/details?id=com.homekeepr.homekeeprandroid\" target=\"_blank\"><img decoding=\"async\" src=\"\/files\/2016\/04\/Android_GooglePlay_download.png\"><\/a><\/div>\n<\/div>\n<div id=\"specialists\" class=\"ui-tabs-panel ui-widget-content ui-corner-bottom ui-tabs-hide\">\n<h2>Appraisers<\/h2>\n<div class=\"divwrapper\">\n<p>\t\t<strong>Giovanni Patroni<\/strong><br \/>\n\t\tMontreal<\/p>\n<p>\t\t<i class=\"fa fa-phone\"><\/i> 514-797-3825<br \/>\n\t\t<i class=\"fa fa-envelope-o\"><\/i> <a href=\"mailto:giovanni.patroni@gmail.com\">giovanni.patroni@gmail.com<\/a><\/p><\/div>\n<h2>Attorneys &#8211; Family Law<\/h2>\n<div class=\"divwrapper\">\n<p>\t\t<strong><a href=\"http:\/\/www.avocat-montreal-lawyer.com\/\" target=\"_blank\">Christian Couturier<\/a><\/strong><br \/>\n\t\t1 Westmount Square #1001, Montreal, Quebec, H3Z2P9<\/p>\n<p>\t\t<i class=\"fa fa-phone\"><\/i> (514) 989-1200<br \/>\n\t\t<i class=\"fa fa-envelope-o\"><\/i> <a href=\"mailto:ccouturier@pubnix.net\">ccouturier@pubnix.net<\/a><\/p><\/div>\n<h2>Cleaners<\/h2>\n<div class=\"divwrapper\">\n<p>\t\t<strong>Nettoyeur de la Gare<\/strong><br \/>\n\t\t1100 Robert-Bourassa, Montreal, Quebec, H3B 3A5<\/p>\n<p>\t\t<i class=\"fa fa-phone\"><\/i> 514-861-8003<\/p><\/div>\n<div class=\"divwrapper\">\n<p>\t\t<strong>KaroNet<\/strong><\/p>\n<p>\t\t<i class=\"fa fa-phone\"><\/i> (514) 966-7814<br \/>\n\t\t<i class=\"fa fa-envelope-o\"><\/i> <a href=\"mailto:menages.karo.net@gmail.com\">menages.karo.net@gmail.com<\/a><\/p><\/div>\n<h2>Electricians<\/h2>\n<div class=\"divwrapper\">\n<p>\t\t<strong><a href=\"http:\/\/www.mpelectrick.com\" target=\"_blank\">MP electrik<\/a><\/strong><\/p>\n<p>\t\t<i class=\"fa fa-phone\"><\/i> (438) 838-7000<br \/>\n\t\t<i class=\"fa fa-envelope-o\"><\/i> <a href=\"mailto:mpelectrik@gmail.com\">mpelectrik@gmail.com<\/a><\/p><\/div>\n<h2>Estate Sale<\/h2>\n<div class=\"divwrapper\">\n<p>\t\t<strong>Tr\u00e9sors Cach\u00e9s<\/strong><br \/>\n\t\tMontreal<\/p>\n<p>\t\t<i class=\"fa fa-phone\"><\/i> (514) 933-1374<br \/>\n\t\t<i class=\"fa fa-envelope-o\"><\/i> <a href=\"mailto:nerelle@bellnet.ca\"> nerelle@bellnet.ca<\/a><\/p><\/div>\n<h2>Garbage \/ Recycling<\/h2>\n<div class=\"divwrapper\">\n<p>\t\t<strong><a href=\"http:\/\/multirecycle.com\" target=\"_blank\">MultiRecycle<\/a><\/strong><\/p>\n<p>\t\t<i class=\"fa fa-phone\"><\/i> (514) 333-7221<br \/>\n\t\t<i class=\"fa fa-envelope-o\"><\/i> <a href=\"mailto:info@multirecycle.com\">info@multirecycle.com<\/a><\/p><\/div>\n<h2>Handyman<\/h2>\n<div class=\"divwrapper\">\n<p>\t\t<strong>Daniel Rodriguez<\/strong><\/p>\n<p>\t\t<i class=\"fa fa-phone\"><\/i> (514) 817-3366<\/p><\/div>\n<h2>Home Stagers<\/h2>\n<div class=\"divwrapper\">\n<p>\t\t<strong><a href=\"http:\/\/www.home-staging-montreal.com\" target=\"_blank\">Home Staging Montreal &#8211; Contact Sveta Melchuk <\/a><\/strong><\/p>\n<p>\t\t<i class=\"fa fa-phone\"><\/i> (514) 482-9776<br \/>\n\t\t<i class=\"fa fa-envelope-o\"><\/i> <a href=\"mailto:sveta@home-staging-montreal.com\">sveta@home-staging-montreal.com<\/a><\/p><\/div>\n<div class=\"divwrapper\">\n<p>\t\t<strong>Simpl\u00e9Chic Home Staging &#8211; Contact Chantal Paquette <\/a><\/strong><\/p>\n<p>\t\t<i class=\"fa fa-phone\"><\/i> (514) 239-6562<br \/>\n\t\t<i class=\"fa fa-envelope-o\"><\/i> <a href=\"mailto:simplechic@videotron.ca\">simplechic@videotron.ca<\/a><\/p><\/div>\n<h2>Massage Therapist<\/h2>\n<div class=\"divwrapper\">\n<p>\t\t<strong>Isabelle Branchaud<\/strong><\/p>\n<p>\t\t<i class=\"fa fa-phone\"><\/i> (514) 996-8329<br \/>\n\t\t<i class=\"fa fa-envelope-o\"><\/i> <a href=\"mailto:initialesib@hotmail.com\">initialesib@hotmail.com<\/a><\/p><\/div>\n<h2>Moving Company<\/h2>\n<div class=\"divwrapper\">\n<p>\t\t<strong>Pierrer<\/strong><\/p>\n<p>\t\t<i class=\"fa fa-phone\"><\/i> (514) 910-0722<br \/>\n\t\t<i class=\"fa fa-envelope-o\"><\/i> <a href=\"mailto:zyxw1973@hotmail.com\">zyxw1973@hotmail.com<\/a><\/p><\/div>\n<h2>Plumbers<\/h2>\n<div class=\"divwrapper\">\n<p>\t\t<strong>Francis Vegiard<\/strong><\/p>\n<p>\t\t<i class=\"fa fa-phone\"><\/i> (514) 649-9094<\/p><\/div>\n<div class=\"divwrapper\">\n<p>\t\t<strong>Yves Vincent<\/strong><\/p>\n<p>\t\t<i class=\"fa fa-phone\"><\/i> (450) 844-4554<\/p><\/div>\n<h2>Printing Service<\/h2>\n<div class=\"divwrapper\">\n<p>\t\t<strong><a href=\"http:\/\/www.imprimerieperformance.ca\/\" target=\"_blank\">Imprimerie Performance<\/a><\/strong><br \/>\n\t\t6202 Notre-Dame O., Montreal, Quebec, H4C1V4<\/p>\n<p>\t\t<i class=\"fa fa-phone\"><\/i> (514) 933-8787<\/p><\/div>\n<h2>Surveyor<\/h2>\n<div class=\"divwrapper\">\n<p>\t\t<strong><a href=\"http:\/\/jpgrondin.com\/\" target=\"_blank\">Arpenteur-Geometre Jean-Philippe Grondin &#8211; Contact Kim Filteau<\/a><\/strong><br \/>\n\t\t6424 Jean-Talon Est #202, Montreal, Quebec, H1S 1M8<\/p>\n<p>\t\t<i class=\"fa fa-phone\"><\/i> (514) 508-3497<br \/>\n\t\t<i class=\"fa fa-envelope-o\"><\/i> <a href=\"mailto:kfilteau@jpgrondin.com\">kfilteau@jpgrondin.com<\/a><\/p><\/div>\n<\/div>\n<p><\/p>","protected":false},"excerpt":{"rendered":"<p>Appraisers Giovanni Patroni Montreal 514-797-3825 giovanni.patroni@gmail.com Attorneys &#8211; Family Law Christian Couturier 1 Westmount Square #1001, Montreal, Quebec, H3Z2P9 (514) 989-1200 ccouturier@pubnix.net Cleaners Nettoyeur de la Gare 1100 Robert-Bourassa, Montreal, Quebec, H3B 3A5 514-861-8003 KaroNet (514) 966-7814 menages.karo.net@gmail.com Electricians MP electrik (438) 838-7000 mpelectrik@gmail.com Estate Sale Tr\u00e9sors Cach\u00e9s Montreal (514) 933-1374 nerelle@bellnet.ca Garbage \/ Recycling [&hellip;]<\/p>\n","protected":false},"author":1156,"featured_media":0,"parent":34,"menu_order":0,"comment_status":"closed","ping_status":"closed","template":"","meta":{"_acf_changed":false,"footnotes":""},"class_list":["post-752","page","type-page","status-publish","hentry"],"acf":[],"yoast_head":"<!-- This site is optimized with the Yoast SEO plugin v26.7 - https:\/\/yoast.com\/wordpress\/plugins\/seo\/ -->\n<title>Our Suppliers - \u00c9quipe M\u00e9lanie Dubois<\/title>\n<meta name=\"robots\" content=\"index, follow, max-snippet:-1, max-image-preview:large, max-video-preview:-1\" \/>\n<link rel=\"canonical\" href=\"https:\/\/melaniedubois.com\/fr\/contacter-equipe-melanie-dubois\/nos-fournisseurs\/\" \/>\n<meta property=\"og:locale\" content=\"en_US\" \/>\n<meta property=\"og:type\" content=\"article\" \/>\n<meta property=\"og:title\" content=\"Our Suppliers - \u00c9quipe M\u00e9lanie Dubois\" \/>\n<meta property=\"og:description\" content=\"Appraisers Giovanni Patroni Montreal 514-797-3825 giovanni.patroni@gmail.com Attorneys &#8211; Family Law Christian Couturier 1 Westmount Square #1001, Montreal, Quebec, H3Z2P9 (514) 989-1200 ccouturier@pubnix.net Cleaners Nettoyeur de la Gare 1100 Robert-Bourassa, Montreal, Quebec, H3B 3A5 514-861-8003 KaroNet (514) 966-7814 menages.karo.net@gmail.com Electricians MP electrik (438) 838-7000 mpelectrik@gmail.com Estate Sale Tr\u00e9sors Cach\u00e9s Montreal (514) 933-1374 nerelle@bellnet.ca Garbage \/ Recycling [&hellip;]\" \/>\n<meta property=\"og:url\" content=\"https:\/\/melaniedubois.com\/fr\/contacter-equipe-melanie-dubois\/nos-fournisseurs\/\" \/>\n<meta property=\"og:site_name\" content=\"\u00c9quipe M\u00e9lanie Dubois\" \/>\n<meta property=\"article:modified_time\" content=\"2017-05-12T17:43:27+00:00\" \/>\n<meta property=\"og:image\" content=\"https:\/\/melaniedubois.com\/files\/2023\/09\/Melanie-Dubois_Partage.png\" \/>\n\t<meta property=\"og:image:width\" content=\"683\" \/>\n\t<meta property=\"og:image:height\" content=\"351\" \/>\n\t<meta property=\"og:image:type\" content=\"image\/png\" \/>\n<meta name=\"twitter:card\" content=\"summary_large_image\" \/>\n<meta name=\"twitter:label1\" content=\"Est. reading time\" \/>\n\t<meta name=\"twitter:data1\" content=\"2 minutes\" \/>\n<script type=\"application\/ld+json\" class=\"yoast-schema-graph\">{\"@context\":\"https:\/\/schema.org\",\"@graph\":[{\"@type\":\"WebPage\",\"@id\":\"https:\/\/melaniedubois.com\/fr\/contacter-equipe-melanie-dubois\/nos-fournisseurs\/\",\"url\":\"https:\/\/melaniedubois.com\/fr\/contacter-equipe-melanie-dubois\/nos-fournisseurs\/\",\"name\":\"[:fr]Nos Fournisseurs[:en]Our Suppliers[:] - \u00c9quipe M\u00e9lanie Dubois\",\"isPartOf\":{\"@id\":\"https:\/\/melaniedubois.com\/en\/#website\"},\"datePublished\":\"2016-04-19T14:11:02+00:00\",\"dateModified\":\"2017-05-12T17:43:27+00:00\",\"breadcrumb\":{\"@id\":\"https:\/\/melaniedubois.com\/fr\/contacter-equipe-melanie-dubois\/nos-fournisseurs\/#breadcrumb\"},\"inLanguage\":\"en-US\",\"potentialAction\":[{\"@type\":\"ReadAction\",\"target\":[\"https:\/\/melaniedubois.com\/fr\/contacter-equipe-melanie-dubois\/nos-fournisseurs\/\"]}]},{\"@type\":\"BreadcrumbList\",\"@id\":\"https:\/\/melaniedubois.com\/fr\/contacter-equipe-melanie-dubois\/nos-fournisseurs\/#breadcrumb\",\"itemListElement\":[{\"@type\":\"ListItem\",\"position\":1,\"name\":\"Accueil\",\"item\":\"https:\/\/melaniedubois.com\/en\/\"},{\"@type\":\"ListItem\",\"position\":2,\"name\":\"Nous Joindre\",\"item\":\"https:\/\/melaniedubois.com\/fr\/contacter-equipe-melanie-dubois\/\"},{\"@type\":\"ListItem\",\"position\":3,\"name\":\"Nos Fournisseurs\"}]},{\"@type\":\"WebSite\",\"@id\":\"https:\/\/melaniedubois.com\/en\/#website\",\"url\":\"https:\/\/melaniedubois.com\/en\/\",\"name\":\"\u00c9quipe M\u00e9lanie Dubois\",\"description\":\"Courtier immobilier Montr\u00e9al, KW Connexion\",\"potentialAction\":[{\"@type\":\"SearchAction\",\"target\":{\"@type\":\"EntryPoint\",\"urlTemplate\":\"https:\/\/melaniedubois.com\/en\/?s={search_term_string}\"},\"query-input\":{\"@type\":\"PropertyValueSpecification\",\"valueRequired\":true,\"valueName\":\"search_term_string\"}}],\"inLanguage\":\"en-US\"}]}<\/script>\n<!-- \/ Yoast SEO plugin. -->","yoast_head_json":{"title":"Our Suppliers - \u00c9quipe M\u00e9lanie Dubois","robots":{"index":"index","follow":"follow","max-snippet":"max-snippet:-1","max-image-preview":"max-image-preview:large","max-video-preview":"max-video-preview:-1"},"canonical":"https:\/\/melaniedubois.com\/fr\/contacter-equipe-melanie-dubois\/nos-fournisseurs\/","og_locale":"en_US","og_type":"article","og_title":"Our Suppliers - \u00c9quipe M\u00e9lanie Dubois","og_description":"Appraisers Giovanni Patroni Montreal 514-797-3825 giovanni.patroni@gmail.com Attorneys &#8211; Family Law Christian Couturier 1 Westmount Square #1001, Montreal, Quebec, H3Z2P9 (514) 989-1200 ccouturier@pubnix.net Cleaners Nettoyeur de la Gare 1100 Robert-Bourassa, Montreal, Quebec, H3B 3A5 514-861-8003 KaroNet (514) 966-7814 menages.karo.net@gmail.com Electricians MP electrik (438) 838-7000 mpelectrik@gmail.com Estate Sale Tr\u00e9sors Cach\u00e9s Montreal (514) 933-1374 nerelle@bellnet.ca Garbage \/ Recycling [&hellip;]","og_url":"https:\/\/melaniedubois.com\/fr\/contacter-equipe-melanie-dubois\/nos-fournisseurs\/","og_site_name":"\u00c9quipe M\u00e9lanie Dubois","article_modified_time":"2017-05-12T17:43:27+00:00","og_image":[{"width":683,"height":351,"url":"https:\/\/melaniedubois.com\/files\/2023\/09\/Melanie-Dubois_Partage.png","type":"image\/png"}],"twitter_card":"summary_large_image","twitter_misc":{"Est. reading time":"2 minutes"},"schema":{"@context":"https:\/\/schema.org","@graph":[{"@type":"WebPage","@id":"https:\/\/melaniedubois.com\/fr\/contacter-equipe-melanie-dubois\/nos-fournisseurs\/","url":"https:\/\/melaniedubois.com\/fr\/contacter-equipe-melanie-dubois\/nos-fournisseurs\/","name":"[:fr]Nos Fournisseurs[:en]Our Suppliers[:] - \u00c9quipe M\u00e9lanie Dubois","isPartOf":{"@id":"https:\/\/melaniedubois.com\/en\/#website"},"datePublished":"2016-04-19T14:11:02+00:00","dateModified":"2017-05-12T17:43:27+00:00","breadcrumb":{"@id":"https:\/\/melaniedubois.com\/fr\/contacter-equipe-melanie-dubois\/nos-fournisseurs\/#breadcrumb"},"inLanguage":"en-US","potentialAction":[{"@type":"ReadAction","target":["https:\/\/melaniedubois.com\/fr\/contacter-equipe-melanie-dubois\/nos-fournisseurs\/"]}]},{"@type":"BreadcrumbList","@id":"https:\/\/melaniedubois.com\/fr\/contacter-equipe-melanie-dubois\/nos-fournisseurs\/#breadcrumb","itemListElement":[{"@type":"ListItem","position":1,"name":"Accueil","item":"https:\/\/melaniedubois.com\/en\/"},{"@type":"ListItem","position":2,"name":"Nous Joindre","item":"https:\/\/melaniedubois.com\/fr\/contacter-equipe-melanie-dubois\/"},{"@type":"ListItem","position":3,"name":"Nos Fournisseurs"}]},{"@type":"WebSite","@id":"https:\/\/melaniedubois.com\/en\/#website","url":"https:\/\/melaniedubois.com\/en\/","name":"\u00c9quipe M\u00e9lanie Dubois","description":"Courtier immobilier Montr\u00e9al, KW Connexion","potentialAction":[{"@type":"SearchAction","target":{"@type":"EntryPoint","urlTemplate":"https:\/\/melaniedubois.com\/en\/?s={search_term_string}"},"query-input":{"@type":"PropertyValueSpecification","valueRequired":true,"valueName":"search_term_string"}}],"inLanguage":"en-US"}]}},"_links":{"self":[{"href":"https:\/\/melaniedubois.com\/en\/wp-json\/wp\/v2\/pages\/752","targetHints":{"allow":["GET"]}}],"collection":[{"href":"https:\/\/melaniedubois.com\/en\/wp-json\/wp\/v2\/pages"}],"about":[{"href":"https:\/\/melaniedubois.com\/en\/wp-json\/wp\/v2\/types\/page"}],"author":[{"embeddable":true,"href":"https:\/\/melaniedubois.com\/en\/wp-json\/wp\/v2\/users\/1156"}],"replies":[{"embeddable":true,"href":"https:\/\/melaniedubois.com\/en\/wp-json\/wp\/v2\/comments?post=752"}],"version-history":[{"count":3,"href":"https:\/\/melaniedubois.com\/en\/wp-json\/wp\/v2\/pages\/752\/revisions"}],"predecessor-version":[{"id":761,"href":"https:\/\/melaniedubois.com\/en\/wp-json\/wp\/v2\/pages\/752\/revisions\/761"}],"up":[{"embeddable":true,"href":"https:\/\/melaniedubois.com\/en\/wp-json\/wp\/v2\/pages\/34"}],"wp:attachment":[{"href":"https:\/\/melaniedubois.com\/en\/wp-json\/wp\/v2\/media?parent=752"}],"curies":[{"name":"wp","href":"https:\/\/api.w.org\/{rel}","templated":true}]}}