{"id":1031,"date":"2017-05-07T16:28:42","date_gmt":"2017-05-07T20:28:42","guid":{"rendered":"\/?page_id=1031"},"modified":"2017-10-26T10:16:21","modified_gmt":"2017-10-26T14:16:21","slug":"formulaire-statistiques-sud-ouest-merci","status":"publish","type":"page","link":"https:\/\/melaniedubois.com\/fr\/info\/formulaire-statistiques-sud-ouest-merci\/","title":{"rendered":"Formulaire Statistiques Sud-Ouest &#8211; merci"},"content":{"rendered":"<p><\/p>\n<div id=\"landing_fade_content\" class=\"landing_merci\">\n<div class=\"title\">Merci !<\/div>\n<div class=\"info\">\n<div class=\"accent\">Surveillez vos courriels<\/div>\n<div>Nous communiquerons avec vous sous peu<\/div>\n<div>\n<div class=\"button\"><a href=\"\/fr\/proprietes-a-vendre-a-louer\/\">Visitez nos propri\u00e9t\u00e9s<\/a><\/div>\n<\/div>\n<\/div>\n<\/div>\n<div class=\"landing_footer\">\n<div class=\"info\">\n<div class=\"team\"><img decoding=\"async\" src=\"\/files\/2016\/04\/KWUrbain-MelanieDubois-CourtierImmobilier_white.png\" alt=\"\" \/><\/div>\n<div class=\"logo\"><\/div>\n<\/div>\n<\/div>\n<p><\/p>","protected":false},"excerpt":{"rendered":"<p>Merci ! Surveillez vos courriels Nous communiquerons avec vous sous peu Visitez nos propri\u00e9t\u00e9s<\/p>\n","protected":false},"author":1156,"featured_media":1026,"parent":713,"menu_order":0,"comment_status":"closed","ping_status":"closed","template":"page-templates\/landing_page_minimalist.php","meta":{"_acf_changed":false,"footnotes":""},"class_list":["post-1031","page","type-page","status-publish","hentry"],"acf":[],"yoast_head":"<!-- This site is optimized with the Yoast SEO plugin v26.7 - https:\/\/yoast.com\/wordpress\/plugins\/seo\/ -->\n<title>Formulaire Statistiques Sud-Ouest - merci - \u00c9quipe M\u00e9lanie Dubois<\/title>\n<meta name=\"robots\" content=\"index, follow, max-snippet:-1, max-image-preview:large, max-video-preview:-1\" \/>\n<link rel=\"canonical\" href=\"https:\/\/melaniedubois.com\/fr\/info\/formulaire-statistiques-sud-ouest-merci\/\" \/>\n<meta property=\"og:locale\" content=\"fr_FR\" \/>\n<meta property=\"og:type\" content=\"article\" \/>\n<meta property=\"og:title\" content=\"Formulaire Statistiques Sud-Ouest - merci - \u00c9quipe M\u00e9lanie Dubois\" \/>\n<meta property=\"og:description\" content=\"Merci ! Surveillez vos courriels Nous communiquerons avec vous sous peu Visitez nos propri\u00e9t\u00e9s\" \/>\n<meta property=\"og:url\" content=\"https:\/\/melaniedubois.com\/fr\/info\/formulaire-statistiques-sud-ouest-merci\/\" \/>\n<meta property=\"og:site_name\" content=\"\u00c9quipe M\u00e9lanie Dubois\" \/>\n<meta property=\"article:modified_time\" content=\"2017-10-26T14:16:21+00:00\" \/>\n<meta property=\"og:image\" content=\"https:\/\/melaniedubois.com\/files\/2017\/05\/6601008955_430b4125c3_b.jpg\" \/>\n\t<meta property=\"og:image:width\" content=\"1024\" \/>\n\t<meta property=\"og:image:height\" content=\"683\" \/>\n\t<meta property=\"og:image:type\" content=\"image\/jpeg\" \/>\n<meta name=\"twitter:card\" content=\"summary_large_image\" \/>\n<script type=\"application\/ld+json\" class=\"yoast-schema-graph\">{\"@context\":\"https:\/\/schema.org\",\"@graph\":[{\"@type\":\"WebPage\",\"@id\":\"https:\/\/melaniedubois.com\/fr\/info\/formulaire-statistiques-sud-ouest-merci\/\",\"url\":\"https:\/\/melaniedubois.com\/fr\/info\/formulaire-statistiques-sud-ouest-merci\/\",\"name\":\"[:fr]Formulaire Statistiques Sud-Ouest - merci[:] - \u00c9quipe M\u00e9lanie Dubois\",\"isPartOf\":{\"@id\":\"https:\/\/melaniedubois.com\/en\/#website\"},\"primaryImageOfPage\":{\"@id\":\"https:\/\/melaniedubois.com\/fr\/info\/formulaire-statistiques-sud-ouest-merci\/#primaryimage\"},\"image\":{\"@id\":\"https:\/\/melaniedubois.com\/fr\/info\/formulaire-statistiques-sud-ouest-merci\/#primaryimage\"},\"thumbnailUrl\":\"https:\/\/melaniedubois.com\/files\/2017\/05\/6601008955_430b4125c3_b.jpg\",\"datePublished\":\"2017-05-07T20:28:42+00:00\",\"dateModified\":\"2017-10-26T14:16:21+00:00\",\"breadcrumb\":{\"@id\":\"https:\/\/melaniedubois.com\/fr\/info\/formulaire-statistiques-sud-ouest-merci\/#breadcrumb\"},\"inLanguage\":\"fr-FR\",\"potentialAction\":[{\"@type\":\"ReadAction\",\"target\":[\"https:\/\/melaniedubois.com\/fr\/info\/formulaire-statistiques-sud-ouest-merci\/\"]}]},{\"@type\":\"ImageObject\",\"inLanguage\":\"fr-FR\",\"@id\":\"https:\/\/melaniedubois.com\/fr\/info\/formulaire-statistiques-sud-ouest-merci\/#primaryimage\",\"url\":\"https:\/\/melaniedubois.com\/files\/2017\/05\/6601008955_430b4125c3_b.jpg\",\"contentUrl\":\"https:\/\/melaniedubois.com\/files\/2017\/05\/6601008955_430b4125c3_b.jpg\",\"width\":1024,\"height\":683},{\"@type\":\"BreadcrumbList\",\"@id\":\"https:\/\/melaniedubois.com\/fr\/info\/formulaire-statistiques-sud-ouest-merci\/#breadcrumb\",\"itemListElement\":[{\"@type\":\"ListItem\",\"position\":1,\"name\":\"Accueil\",\"item\":\"https:\/\/melaniedubois.com\/en\/\"},{\"@type\":\"ListItem\",\"position\":2,\"name\":\"Landings\",\"item\":\"https:\/\/melaniedubois.com\/en\/info\/\"},{\"@type\":\"ListItem\",\"position\":3,\"name\":\"Formulaire Statistiques Sud-Ouest &#8211; merci\"}]},{\"@type\":\"WebSite\",\"@id\":\"https:\/\/melaniedubois.com\/en\/#website\",\"url\":\"https:\/\/melaniedubois.com\/en\/\",\"name\":\"\u00c9quipe M\u00e9lanie Dubois\",\"description\":\"Courtier immobilier Montr\u00e9al, KW Connexion\",\"potentialAction\":[{\"@type\":\"SearchAction\",\"target\":{\"@type\":\"EntryPoint\",\"urlTemplate\":\"https:\/\/melaniedubois.com\/en\/?s={search_term_string}\"},\"query-input\":{\"@type\":\"PropertyValueSpecification\",\"valueRequired\":true,\"valueName\":\"search_term_string\"}}],\"inLanguage\":\"fr-FR\"}]}<\/script>\n<!-- \/ Yoast SEO plugin. -->","yoast_head_json":{"title":"Formulaire Statistiques Sud-Ouest - merci - \u00c9quipe M\u00e9lanie Dubois","robots":{"index":"index","follow":"follow","max-snippet":"max-snippet:-1","max-image-preview":"max-image-preview:large","max-video-preview":"max-video-preview:-1"},"canonical":"https:\/\/melaniedubois.com\/fr\/info\/formulaire-statistiques-sud-ouest-merci\/","og_locale":"fr_FR","og_type":"article","og_title":"Formulaire Statistiques Sud-Ouest - merci - \u00c9quipe M\u00e9lanie Dubois","og_description":"Merci ! Surveillez vos courriels Nous communiquerons avec vous sous peu Visitez nos propri\u00e9t\u00e9s","og_url":"https:\/\/melaniedubois.com\/fr\/info\/formulaire-statistiques-sud-ouest-merci\/","og_site_name":"\u00c9quipe M\u00e9lanie Dubois","article_modified_time":"2017-10-26T14:16:21+00:00","og_image":[{"width":1024,"height":683,"url":"https:\/\/melaniedubois.com\/files\/2017\/05\/6601008955_430b4125c3_b.jpg","type":"image\/jpeg"}],"twitter_card":"summary_large_image","schema":{"@context":"https:\/\/schema.org","@graph":[{"@type":"WebPage","@id":"https:\/\/melaniedubois.com\/fr\/info\/formulaire-statistiques-sud-ouest-merci\/","url":"https:\/\/melaniedubois.com\/fr\/info\/formulaire-statistiques-sud-ouest-merci\/","name":"[:fr]Formulaire Statistiques Sud-Ouest - merci[:] - \u00c9quipe M\u00e9lanie Dubois","isPartOf":{"@id":"https:\/\/melaniedubois.com\/en\/#website"},"primaryImageOfPage":{"@id":"https:\/\/melaniedubois.com\/fr\/info\/formulaire-statistiques-sud-ouest-merci\/#primaryimage"},"image":{"@id":"https:\/\/melaniedubois.com\/fr\/info\/formulaire-statistiques-sud-ouest-merci\/#primaryimage"},"thumbnailUrl":"https:\/\/melaniedubois.com\/files\/2017\/05\/6601008955_430b4125c3_b.jpg","datePublished":"2017-05-07T20:28:42+00:00","dateModified":"2017-10-26T14:16:21+00:00","breadcrumb":{"@id":"https:\/\/melaniedubois.com\/fr\/info\/formulaire-statistiques-sud-ouest-merci\/#breadcrumb"},"inLanguage":"fr-FR","potentialAction":[{"@type":"ReadAction","target":["https:\/\/melaniedubois.com\/fr\/info\/formulaire-statistiques-sud-ouest-merci\/"]}]},{"@type":"ImageObject","inLanguage":"fr-FR","@id":"https:\/\/melaniedubois.com\/fr\/info\/formulaire-statistiques-sud-ouest-merci\/#primaryimage","url":"https:\/\/melaniedubois.com\/files\/2017\/05\/6601008955_430b4125c3_b.jpg","contentUrl":"https:\/\/melaniedubois.com\/files\/2017\/05\/6601008955_430b4125c3_b.jpg","width":1024,"height":683},{"@type":"BreadcrumbList","@id":"https:\/\/melaniedubois.com\/fr\/info\/formulaire-statistiques-sud-ouest-merci\/#breadcrumb","itemListElement":[{"@type":"ListItem","position":1,"name":"Accueil","item":"https:\/\/melaniedubois.com\/en\/"},{"@type":"ListItem","position":2,"name":"Landings","item":"https:\/\/melaniedubois.com\/en\/info\/"},{"@type":"ListItem","position":3,"name":"Formulaire Statistiques Sud-Ouest &#8211; merci"}]},{"@type":"WebSite","@id":"https:\/\/melaniedubois.com\/en\/#website","url":"https:\/\/melaniedubois.com\/en\/","name":"\u00c9quipe M\u00e9lanie Dubois","description":"Courtier immobilier Montr\u00e9al, KW Connexion","potentialAction":[{"@type":"SearchAction","target":{"@type":"EntryPoint","urlTemplate":"https:\/\/melaniedubois.com\/en\/?s={search_term_string}"},"query-input":{"@type":"PropertyValueSpecification","valueRequired":true,"valueName":"search_term_string"}}],"inLanguage":"fr-FR"}]}},"_links":{"self":[{"href":"https:\/\/melaniedubois.com\/fr\/wp-json\/wp\/v2\/pages\/1031","targetHints":{"allow":["GET"]}}],"collection":[{"href":"https:\/\/melaniedubois.com\/fr\/wp-json\/wp\/v2\/pages"}],"about":[{"href":"https:\/\/melaniedubois.com\/fr\/wp-json\/wp\/v2\/types\/page"}],"author":[{"embeddable":true,"href":"https:\/\/melaniedubois.com\/fr\/wp-json\/wp\/v2\/users\/1156"}],"replies":[{"embeddable":true,"href":"https:\/\/melaniedubois.com\/fr\/wp-json\/wp\/v2\/comments?post=1031"}],"version-history":[{"count":1,"href":"https:\/\/melaniedubois.com\/fr\/wp-json\/wp\/v2\/pages\/1031\/revisions"}],"predecessor-version":[{"id":1032,"href":"https:\/\/melaniedubois.com\/fr\/wp-json\/wp\/v2\/pages\/1031\/revisions\/1032"}],"up":[{"embeddable":true,"href":"https:\/\/melaniedubois.com\/fr\/wp-json\/wp\/v2\/pages\/713"}],"wp:featuredmedia":[{"embeddable":true,"href":"https:\/\/melaniedubois.com\/fr\/wp-json\/wp\/v2\/media\/1026"}],"wp:attachment":[{"href":"https:\/\/melaniedubois.com\/fr\/wp-json\/wp\/v2\/media?parent=1031"}],"curies":[{"name":"wp","href":"https:\/\/api.w.org\/{rel}","templated":true}]}}