{"id":129,"date":"2012-05-11T19:10:53","date_gmt":"2012-05-11T19:10:53","guid":{"rendered":"http:\/\/public.mediasimple.ca\/remax_papachristou\/?page_id=129"},"modified":"2012-10-23T15:47:36","modified_gmt":"2012-10-23T19:47:36","slug":"avec-un-courtier-immobilier-vous-etes-bien-protege","status":"publish","type":"page","link":"https:\/\/melaniedubois.com\/fr\/vendre-2\/avec-un-courtier-immobilier-vous-etes-bien-protege\/","title":{"rendered":"Avec un courtier immobilier, vous \u00eates bien prot\u00e9g\u00e9!"},"content":{"rendered":"<p>Faire affaire avec un courtier immobilier vous assure d&rsquo;\u00eatre prot\u00e9g\u00e9 par la loi. En effet, la Loi sur le courtage immobilier ainsi que divers organismes r\u00e9gissent la profession de courtier immobilier afin que les consommateurs soient servis de fa\u00e7on \u00e9quitable et comp\u00e9tente. Vous avez ainsi l&rsquo;assurance d&rsquo;\u00eatre servi par un professionnel hautement qualifi\u00e9 et bien encadr\u00e9.<\/p>\n<p><strong>Loi sur le courtage immobilier<\/strong><br \/>\nLa Loi sur le courtage immobilier a pour principal objectif de prot\u00e9ger le public. Pour ce faire, elle pr\u00e9voit certaines r\u00e8gles relatives au contrat de courtage liant le courtier et le client qui souhaite vendre sa propri\u00e9t\u00e9. Ces r\u00e8gles sont analogues \u00e0 certaines r\u00e8gles de la Loi sur la protection du consommateur.<\/p>\n<p><strong>Organisme d&rsquo;autor\u00e9glementation du courtage immobilier du Qu\u00e9bec<\/strong><br \/>\nCr\u00e9\u00e9e par la Loi sur le courtage immobilier, l&rsquo;Organisme d&rsquo;autor\u00e9glementation du courtage immobilier du Qu\u00e9bec (OACIQ) a pour mission de prot\u00e9ger le public en encadrant la pratique de tous les professionnels de l&rsquo;immobilier. Elle est responsable d&rsquo;administrer l&rsquo;examen qui m\u00e8ne \u00e0 l&rsquo;obtention d&rsquo;un certificat de pratique, et s&rsquo;assure que les courtiers poursuivent leurs activit\u00e9s conform\u00e9ment \u00e0 la loi et aux r\u00e8glements en vigueur. Pour en savoir plus, visitez le <a href=\"http:\/\/www.oaciq.com?uc=0\" target=\"_blank\">www.oaciq.com<\/a>.<\/p>\n<p><strong>Fonds d&rsquo;indemnisation du courtage immobilier<\/strong><br \/>\nChaque courtier immobilier contribue au Fonds d&rsquo;indemnisation du courtage immobilier. Le Fonds a le pouvoir d&rsquo;indemniser le consommateur dans l&rsquo;\u00e9ventualit\u00e9 o\u00f9 un probl\u00e8me survient dans le cadre d&rsquo;une transaction immobili\u00e8re, qu&rsquo;il s&rsquo;agisse d&rsquo;une fraude, d&rsquo;une op\u00e9ration malhonn\u00eate ou d&rsquo;un d\u00e9tournement de fonds ou de biens. Pour en savoir plus, visitez le <a href=\"http:\/\/www.indemnisation.org?uc=0\" target=\"_blank\">www.indemnisation.org<\/a>.<\/p>\n<p><strong>L&rsquo;assurance responsabilit\u00e9 professionnelle<\/strong><br \/>\nL&rsquo;assurance responsabilit\u00e9 professionnelle \u00e0 laquelle doivent souscrire les courtiers immobiliers offre une protection financi\u00e8re suppl\u00e9mentaire aux consommateurs en cas de faute, erreur, n\u00e9gligence ou omission. Cette assurance couvre les r\u00e9clamations de nature civile et les poursuites civiles.<\/p>\n<p>SOURCE: <a title=\"CENTRIS.CA\" href=\"http:\/\/www.centris.ca\" target=\"_blank\">CENTRIS.CA<\/a><\/p>\n<p><\/p>","protected":false},"excerpt":{"rendered":"<p>Faire affaire avec un courtier immobilier vous assure d&rsquo;\u00eatre prot\u00e9g\u00e9 par la loi. En effet, la Loi sur le courtage immobilier ainsi que divers organismes r\u00e9gissent la profession de courtier immobilier afin que les consommateurs soient servis de fa\u00e7on \u00e9quitable et comp\u00e9tente. Vous avez ainsi l&rsquo;assurance d&rsquo;\u00eatre servi par un professionnel hautement qualifi\u00e9 et bien [&hellip;]<\/p>\n","protected":false},"author":1,"featured_media":0,"parent":15,"menu_order":0,"comment_status":"open","ping_status":"closed","template":"","meta":{"_acf_changed":false,"footnotes":""},"class_list":["post-129","page","type-page","status-publish","hentry"],"acf":[],"yoast_head":"<!-- This site is optimized with the Yoast SEO plugin v26.7 - https:\/\/yoast.com\/wordpress\/plugins\/seo\/ -->\n<title>Avec un courtier immobilier, vous \u00eates bien prot\u00e9g\u00e9!Protection You Can Count On! - \u00c9quipe M\u00e9lanie Dubois<\/title>\n<meta name=\"robots\" content=\"index, follow, max-snippet:-1, max-image-preview:large, max-video-preview:-1\" \/>\n<link rel=\"canonical\" href=\"https:\/\/melaniedubois.com\/fr\/vendre-2\/avec-un-courtier-immobilier-vous-etes-bien-protege\/\" \/>\n<meta property=\"og:locale\" content=\"fr_FR\" \/>\n<meta property=\"og:type\" content=\"article\" \/>\n<meta property=\"og:title\" content=\"Avec un courtier immobilier, vous \u00eates bien prot\u00e9g\u00e9!Protection You Can Count On! - \u00c9quipe M\u00e9lanie Dubois\" \/>\n<meta property=\"og:description\" content=\"Faire affaire avec un courtier immobilier vous assure d&rsquo;\u00eatre prot\u00e9g\u00e9 par la loi. En effet, la Loi sur le courtage immobilier ainsi que divers organismes r\u00e9gissent la profession de courtier immobilier afin que les consommateurs soient servis de fa\u00e7on \u00e9quitable et comp\u00e9tente. Vous avez ainsi l&rsquo;assurance d&rsquo;\u00eatre servi par un professionnel hautement qualifi\u00e9 et bien [&hellip;]\" \/>\n<meta property=\"og:url\" content=\"https:\/\/melaniedubois.com\/fr\/vendre-2\/avec-un-courtier-immobilier-vous-etes-bien-protege\/\" \/>\n<meta property=\"og:site_name\" content=\"\u00c9quipe M\u00e9lanie Dubois\" \/>\n<meta property=\"article:modified_time\" content=\"2012-10-23T19:47:36+00:00\" \/>\n<meta property=\"og:image\" content=\"https:\/\/melaniedubois.com\/files\/2023\/09\/Melanie-Dubois_Partage.png\" \/>\n\t<meta property=\"og:image:width\" content=\"683\" \/>\n\t<meta property=\"og:image:height\" content=\"351\" \/>\n\t<meta property=\"og:image:type\" content=\"image\/png\" \/>\n<meta name=\"twitter:card\" content=\"summary_large_image\" \/>\n<meta name=\"twitter:label1\" content=\"Dur\u00e9e de lecture estim\u00e9e\" \/>\n\t<meta name=\"twitter:data1\" content=\"3 minutes\" \/>\n<script type=\"application\/ld+json\" class=\"yoast-schema-graph\">{\"@context\":\"https:\/\/schema.org\",\"@graph\":[{\"@type\":\"WebPage\",\"@id\":\"https:\/\/melaniedubois.com\/fr\/vendre-2\/avec-un-courtier-immobilier-vous-etes-bien-protege\/\",\"url\":\"https:\/\/melaniedubois.com\/fr\/vendre-2\/avec-un-courtier-immobilier-vous-etes-bien-protege\/\",\"name\":\"Avec un courtier immobilier, vous \u00eates bien prot\u00e9g\u00e9!Protection You Can Count On! - \u00c9quipe M\u00e9lanie Dubois\",\"isPartOf\":{\"@id\":\"https:\/\/melaniedubois.com\/fr\/#website\"},\"datePublished\":\"2012-05-11T19:10:53+00:00\",\"dateModified\":\"2012-10-23T19:47:36+00:00\",\"breadcrumb\":{\"@id\":\"https:\/\/melaniedubois.com\/fr\/vendre-2\/avec-un-courtier-immobilier-vous-etes-bien-protege\/#breadcrumb\"},\"inLanguage\":\"fr-FR\",\"potentialAction\":[{\"@type\":\"ReadAction\",\"target\":[\"https:\/\/melaniedubois.com\/fr\/vendre-2\/avec-un-courtier-immobilier-vous-etes-bien-protege\/\"]}]},{\"@type\":\"BreadcrumbList\",\"@id\":\"https:\/\/melaniedubois.com\/fr\/vendre-2\/avec-un-courtier-immobilier-vous-etes-bien-protege\/#breadcrumb\",\"itemListElement\":[{\"@type\":\"ListItem\",\"position\":1,\"name\":\"Accueil\",\"item\":\"https:\/\/melaniedubois.com\/fr\/\"},{\"@type\":\"ListItem\",\"position\":2,\"name\":\"Sell\",\"item\":\"https:\/\/melaniedubois.com\/en\/vendre-2\/\"},{\"@type\":\"ListItem\",\"position\":3,\"name\":\"Avec un courtier immobilier, vous \u00eates bien prot\u00e9g\u00e9!\"}]},{\"@type\":\"WebSite\",\"@id\":\"https:\/\/melaniedubois.com\/fr\/#website\",\"url\":\"https:\/\/melaniedubois.com\/fr\/\",\"name\":\"\u00c9quipe M\u00e9lanie Dubois\",\"description\":\"Courtier immobilier Montr\u00e9al, KW Connexion\",\"potentialAction\":[{\"@type\":\"SearchAction\",\"target\":{\"@type\":\"EntryPoint\",\"urlTemplate\":\"https:\/\/melaniedubois.com\/fr\/?s={search_term_string}\"},\"query-input\":{\"@type\":\"PropertyValueSpecification\",\"valueRequired\":true,\"valueName\":\"search_term_string\"}}],\"inLanguage\":\"fr-FR\"}]}<\/script>\n<!-- \/ Yoast SEO plugin. -->","yoast_head_json":{"title":"Avec un courtier immobilier, vous \u00eates bien prot\u00e9g\u00e9!Protection You Can Count On! - \u00c9quipe M\u00e9lanie Dubois","robots":{"index":"index","follow":"follow","max-snippet":"max-snippet:-1","max-image-preview":"max-image-preview:large","max-video-preview":"max-video-preview:-1"},"canonical":"https:\/\/melaniedubois.com\/fr\/vendre-2\/avec-un-courtier-immobilier-vous-etes-bien-protege\/","og_locale":"fr_FR","og_type":"article","og_title":"Avec un courtier immobilier, vous \u00eates bien prot\u00e9g\u00e9!Protection You Can Count On! - \u00c9quipe M\u00e9lanie Dubois","og_description":"Faire affaire avec un courtier immobilier vous assure d&rsquo;\u00eatre prot\u00e9g\u00e9 par la loi. En effet, la Loi sur le courtage immobilier ainsi que divers organismes r\u00e9gissent la profession de courtier immobilier afin que les consommateurs soient servis de fa\u00e7on \u00e9quitable et comp\u00e9tente. Vous avez ainsi l&rsquo;assurance d&rsquo;\u00eatre servi par un professionnel hautement qualifi\u00e9 et bien [&hellip;]","og_url":"https:\/\/melaniedubois.com\/fr\/vendre-2\/avec-un-courtier-immobilier-vous-etes-bien-protege\/","og_site_name":"\u00c9quipe M\u00e9lanie Dubois","article_modified_time":"2012-10-23T19:47:36+00:00","og_image":[{"width":683,"height":351,"url":"https:\/\/melaniedubois.com\/files\/2023\/09\/Melanie-Dubois_Partage.png","type":"image\/png"}],"twitter_card":"summary_large_image","twitter_misc":{"Dur\u00e9e de lecture estim\u00e9e":"3 minutes"},"schema":{"@context":"https:\/\/schema.org","@graph":[{"@type":"WebPage","@id":"https:\/\/melaniedubois.com\/fr\/vendre-2\/avec-un-courtier-immobilier-vous-etes-bien-protege\/","url":"https:\/\/melaniedubois.com\/fr\/vendre-2\/avec-un-courtier-immobilier-vous-etes-bien-protege\/","name":"Avec un courtier immobilier, vous \u00eates bien prot\u00e9g\u00e9!Protection You Can Count On! - \u00c9quipe M\u00e9lanie Dubois","isPartOf":{"@id":"https:\/\/melaniedubois.com\/fr\/#website"},"datePublished":"2012-05-11T19:10:53+00:00","dateModified":"2012-10-23T19:47:36+00:00","breadcrumb":{"@id":"https:\/\/melaniedubois.com\/fr\/vendre-2\/avec-un-courtier-immobilier-vous-etes-bien-protege\/#breadcrumb"},"inLanguage":"fr-FR","potentialAction":[{"@type":"ReadAction","target":["https:\/\/melaniedubois.com\/fr\/vendre-2\/avec-un-courtier-immobilier-vous-etes-bien-protege\/"]}]},{"@type":"BreadcrumbList","@id":"https:\/\/melaniedubois.com\/fr\/vendre-2\/avec-un-courtier-immobilier-vous-etes-bien-protege\/#breadcrumb","itemListElement":[{"@type":"ListItem","position":1,"name":"Accueil","item":"https:\/\/melaniedubois.com\/fr\/"},{"@type":"ListItem","position":2,"name":"Sell","item":"https:\/\/melaniedubois.com\/en\/vendre-2\/"},{"@type":"ListItem","position":3,"name":"Avec un courtier immobilier, vous \u00eates bien prot\u00e9g\u00e9!"}]},{"@type":"WebSite","@id":"https:\/\/melaniedubois.com\/fr\/#website","url":"https:\/\/melaniedubois.com\/fr\/","name":"\u00c9quipe M\u00e9lanie Dubois","description":"Courtier immobilier Montr\u00e9al, KW Connexion","potentialAction":[{"@type":"SearchAction","target":{"@type":"EntryPoint","urlTemplate":"https:\/\/melaniedubois.com\/fr\/?s={search_term_string}"},"query-input":{"@type":"PropertyValueSpecification","valueRequired":true,"valueName":"search_term_string"}}],"inLanguage":"fr-FR"}]}},"_links":{"self":[{"href":"https:\/\/melaniedubois.com\/fr\/wp-json\/wp\/v2\/pages\/129","targetHints":{"allow":["GET"]}}],"collection":[{"href":"https:\/\/melaniedubois.com\/fr\/wp-json\/wp\/v2\/pages"}],"about":[{"href":"https:\/\/melaniedubois.com\/fr\/wp-json\/wp\/v2\/types\/page"}],"author":[{"embeddable":true,"href":"https:\/\/melaniedubois.com\/fr\/wp-json\/wp\/v2\/users\/1"}],"replies":[{"embeddable":true,"href":"https:\/\/melaniedubois.com\/fr\/wp-json\/wp\/v2\/comments?post=129"}],"version-history":[{"count":10,"href":"https:\/\/melaniedubois.com\/fr\/wp-json\/wp\/v2\/pages\/129\/revisions"}],"predecessor-version":[{"id":433,"href":"https:\/\/melaniedubois.com\/fr\/wp-json\/wp\/v2\/pages\/129\/revisions\/433"}],"up":[{"embeddable":true,"href":"https:\/\/melaniedubois.com\/fr\/wp-json\/wp\/v2\/pages\/15"}],"wp:attachment":[{"href":"https:\/\/melaniedubois.com\/fr\/wp-json\/wp\/v2\/media?parent=129"}],"curies":[{"name":"wp","href":"https:\/\/api.w.org\/{rel}","templated":true}]}}