{"id":1867,"date":"2021-05-24T14:16:41","date_gmt":"2021-05-24T18:16:41","guid":{"rendered":"http:\/\/melaniedubois.com\/?page_id=1867"},"modified":"2021-05-24T14:16:41","modified_gmt":"2021-05-24T18:16:41","slug":"de-nouvelles-regles-en-matiere-dassurance-des-coproprietes","status":"publish","type":"page","link":"https:\/\/melaniedubois.com\/fr\/de-nouvelles-regles-en-matiere-dassurance-des-coproprietes\/","title":{"rendered":"De nouvelles r\u00e8gles en mati\u00e8re d\u2019assurance des copropri\u00e9t\u00e9s"},"content":{"rendered":"<p><\/p>\n<p style=\"text-align: justify;\"><strong>Les copropri\u00e9taires devront se conformer \u00e0 de nouveaux r\u00e8glements qu\u00e9b\u00e9cois qui concernent les assurances couvrant l\u2019immeuble. D\u00e9penses additionnelles en perspectives<\/strong><strong>.<\/strong><\/p>\n<p style=\"text-align: justify;\"><strong><img loading=\"lazy\" decoding=\"async\" class=\"\" src=\"https:\/\/mcusercontent.com\/93cd80b45544fad91b6b44d60\/images\/f2b57528-b1a6-7699-bca1-dab825d79a90.jpg\" width=\"867\" height=\"989\" \/><\/strong><\/p>\n<p style=\"text-align: justify;\">Ces nouveaux r\u00e8glements sont issus du projet de loi 141 et sont entr\u00e9s en vigueur le 15 avril.<\/p>\n<p style=\"text-align: justify;\">Ils impliquent le syndicat de copropri\u00e9t\u00e9, peu importe si l\u2019immeuble compte deux ou 200 unit\u00e9s.<\/p>\n<p style=\"text-align: justify;\">D\u00e9sormais, le syndicat devra embaucher, chaque cinq ans, un \u00e9valuateur agr\u00e9\u00e9 pour produire un rapport fixant la valeur de reconstruction de l\u2019immeuble. On parle d\u2019une d\u00e9pense de quelques centaines \u00e0 milliers de dollars, selon la taille et l\u2019\u00e9tat de l\u2019immeuble.<\/p>\n<p style=\"text-align: justify;\">Pourquoi produire un tel rapport ? Parce que la nouvelle r\u00e9glementation impose au syndicat de souscrire \u00e0 une assurance couvrant la \u00ab valeur de reconstruction \u00bb (\u00e0 ne pas confondre avec la \u00ab valeur \u00e0 neuf \u00bb), sans tenir compte de la v\u00e9tust\u00e9 de l\u2019immeuble.<\/p>\n<p style=\"text-align: justify;\">De plus, les administrateurs du syndicat doivent d\u00e9sormais \u00eatre couverts par une assurance responsabilit\u00e9 civile, qui concerne aussi les officiers (pr\u00e9sident et secr\u00e9taire) de l\u2019assembl\u00e9e des copropri\u00e9taires. On a vu des cas o\u00f9 ceux-ci ont \u00e9t\u00e9 vis\u00e9s par une poursuite qui s\u2019\u00e9tire parfois sur des ann\u00e9es.<\/p>\n<p style=\"text-align: justify;\">Pas tr\u00e8s bon pour la qualit\u00e9 de sommeil ou la cote de cr\u00e9dit personnelle.<\/p>\n<h2><strong>Le flou de l\u2019assurance<\/strong><\/h2>\n<p style=\"text-align: justify;\">L\u2019\u00e9tendue de la couverture, la franchise et le co\u00fbt de l\u2019assurance de l\u2019immeuble sont fix\u00e9s par contrat, n\u00e9goci\u00e9 par le conseil d\u2019administration du syndicat, qui paie la facture. Le co\u00fbt est int\u00e9gr\u00e9 aux frais de copropri\u00e9t\u00e9.<\/p>\n<p style=\"text-align: justify;\">L\u2019assurance de la copropri\u00e9t\u00e9, c\u2019est du chinois pour bien des gens.<\/p>\n<p style=\"text-align: justify;\">Un r\u00e9cent sondage du Bureau d\u2019assurance du Canada (BAC) r\u00e9v\u00e8le qu\u2019un copropri\u00e9taire sur cinq ignore que sa copropri\u00e9t\u00e9 est couverte par deux contrats d\u2019assurance.<\/p>\n<p style=\"text-align: justify;\">Pire : un copropri\u00e9taire sur deux n\u2019a aucune id\u00e9e de la franchise que devra payer son syndicat en cas de sinistre.<\/p>\n<p style=\"text-align: justify;\">D\u2019autant plus que de nombreux syndicats ont de la difficult\u00e9 \u00e0 trouver de l\u2019assurance. Six assureurs couvrent le march\u00e9 des immeubles d\u2019une valeur de 10 millions de dollars ou moins et deux couvrent les immeubles de plus de 20 millions de dollars.<\/p>\n<p style=\"text-align: justify;\">Parfois, certaines copropri\u00e9t\u00e9s se retrouvent sans assurance. C\u2019est une catastrophe : il est impossible de revendre son condo, on doit souvent d\u00e9nicher un nouveau pr\u00eateur ou payer des travaux urgents et co\u00fbteux.<\/p>\n<h2>Conseils<\/h2>\n<ul style=\"list-style-type: circle;\">\n<li dir=\"auto\">\n<p style=\"text-align: justify;\">En cas de sinistre, c\u2019est le syndicat de copropri\u00e9t\u00e9 qui prend en charge la r\u00e9clamation, peu importe si les parties communes ou privatives sont touch\u00e9es.<\/p>\n<\/li>\n<li dir=\"auto\" style=\"text-align: justify;\">Si vous avez apport\u00e9 des am\u00e9liorations \u00e0 votre unit\u00e9, celles-ci sont assur\u00e9es par votre assurance habitation individuelle. Si un sinistre survient, votre assureur individuel paie la diff\u00e9rence entre la valeur initiale du condo (qui est pr\u00e9cis\u00e9e par un registre des parties privatives tenu par le syndicat) et celle de vos am\u00e9liorations. Par exemple : vous avez remplac\u00e9 vos planchers avec des mat\u00e9riaux \u00e0 10 $ le pied carr\u00e9. Les planchers initiaux valaient 3 $ le pied carr\u00e9. En cas de sinistre, l\u2019assurance de l\u2019immeuble couvrira 3 $, votre assureur assumera 7 $.<\/li>\n<li dir=\"auto\">\n<p style=\"text-align: justify;\">De la lecture : \u00ab <em>L\u2019assurance condo \u2013 Tout ce qu\u2019il faut savoir<\/em> \u00bb, Yves Joli-C\u0153ur (Wilson &amp; Lafleur), Montr\u00e9al, 2021, 256 pages.<\/p>\n<\/li>\n<\/ul>\n<p><a href=\"https:\/\/www.journaldemontreal.com\/2021\/05\/18\/de-nouvelles-regles-en-matiere-dassurance-des-coproprietes\">Source : Article de St\u00e9phane Desjardins dans le journaldemontreal.com le 18 mai 2021<\/a><\/p>\n<p>&nbsp;<\/p>\n<p style=\"text-align: center;\"><em>Nous avons des acheteurs qui cherchent activement !<\/em><br \/>\n<em>Vous connaissez quelqu&rsquo;un qui consid\u00e8re vendre ?<\/em><br \/>\n<em>Nous pouvons\u00a0fournir\u00a0une liste des ventes comparables dans\u00a0leur\u00a0secteur.<\/em><br \/>\n<em>C&rsquo;est GRATUIT, aucune obligation !<\/em><\/p>\n<p><img decoding=\"async\" class=\"aligncenter\" src=\"https:\/\/mcusercontent.com\/93cd80b45544fad91b6b44d60\/images\/4e6f6591-1108-4326-bdd0-44f74a03ea2b.png\" \/><\/p>\n<p>&nbsp;<\/p>","protected":false},"excerpt":{"rendered":"<p>Les copropri\u00e9taires devront se conformer \u00e0 de nouveaux r\u00e8glements qu\u00e9b\u00e9cois qui concernent les assurances couvrant l\u2019immeuble. D\u00e9penses additionnelles en perspectives. Ces nouveaux r\u00e8glements sont issus du projet de loi 141 et sont entr\u00e9s en vigueur le 15 avril. Ils impliquent le syndicat de copropri\u00e9t\u00e9, peu importe si l\u2019immeuble compte deux ou 200 unit\u00e9s. D\u00e9sormais, le [&hellip;]<\/p>\n","protected":false},"author":742,"featured_media":0,"parent":0,"menu_order":0,"comment_status":"closed","ping_status":"closed","template":"","meta":{"_acf_changed":false,"footnotes":""},"class_list":["post-1867","page","type-page","status-publish","hentry"],"acf":[],"yoast_head":"<!-- This site is optimized with the Yoast SEO plugin v26.7 - https:\/\/yoast.com\/wordpress\/plugins\/seo\/ -->\n<title>De nouvelles r\u00e8gles en mati\u00e8re d\u2019assurance des copropri\u00e9t\u00e9s - \u00c9quipe M\u00e9lanie Dubois<\/title>\n<meta name=\"robots\" content=\"index, follow, max-snippet:-1, max-image-preview:large, max-video-preview:-1\" \/>\n<link rel=\"canonical\" href=\"https:\/\/melaniedubois.com\/fr\/de-nouvelles-regles-en-matiere-dassurance-des-coproprietes\/\" \/>\n<meta property=\"og:locale\" content=\"fr_FR\" \/>\n<meta property=\"og:type\" content=\"article\" \/>\n<meta property=\"og:title\" content=\"De nouvelles r\u00e8gles en mati\u00e8re d\u2019assurance des copropri\u00e9t\u00e9s - \u00c9quipe M\u00e9lanie Dubois\" \/>\n<meta property=\"og:description\" content=\"Les copropri\u00e9taires devront se conformer \u00e0 de nouveaux r\u00e8glements qu\u00e9b\u00e9cois qui concernent les assurances couvrant l\u2019immeuble. D\u00e9penses additionnelles en perspectives. Ces nouveaux r\u00e8glements sont issus du projet de loi 141 et sont entr\u00e9s en vigueur le 15 avril. Ils impliquent le syndicat de copropri\u00e9t\u00e9, peu importe si l\u2019immeuble compte deux ou 200 unit\u00e9s. D\u00e9sormais, le [&hellip;]\" \/>\n<meta property=\"og:url\" content=\"https:\/\/melaniedubois.com\/fr\/de-nouvelles-regles-en-matiere-dassurance-des-coproprietes\/\" \/>\n<meta property=\"og:site_name\" content=\"\u00c9quipe M\u00e9lanie Dubois\" \/>\n<meta property=\"og:image\" content=\"https:\/\/mcusercontent.com\/93cd80b45544fad91b6b44d60\/images\/f2b57528-b1a6-7699-bca1-dab825d79a90.jpg\" \/>\n<meta name=\"twitter:card\" content=\"summary_large_image\" \/>\n<meta name=\"twitter:label1\" content=\"Dur\u00e9e de lecture estim\u00e9e\" \/>\n\t<meta name=\"twitter:data1\" content=\"3 minutes\" \/>\n<script type=\"application\/ld+json\" class=\"yoast-schema-graph\">{\"@context\":\"https:\/\/schema.org\",\"@graph\":[{\"@type\":\"WebPage\",\"@id\":\"https:\/\/melaniedubois.com\/fr\/de-nouvelles-regles-en-matiere-dassurance-des-coproprietes\/\",\"url\":\"https:\/\/melaniedubois.com\/fr\/de-nouvelles-regles-en-matiere-dassurance-des-coproprietes\/\",\"name\":\"De nouvelles r\u00e8gles en mati\u00e8re d\u2019assurance des copropri\u00e9t\u00e9s - \u00c9quipe M\u00e9lanie Dubois\",\"isPartOf\":{\"@id\":\"https:\/\/melaniedubois.com\/en\/#website\"},\"primaryImageOfPage\":{\"@id\":\"https:\/\/melaniedubois.com\/fr\/de-nouvelles-regles-en-matiere-dassurance-des-coproprietes\/#primaryimage\"},\"image\":{\"@id\":\"https:\/\/melaniedubois.com\/fr\/de-nouvelles-regles-en-matiere-dassurance-des-coproprietes\/#primaryimage\"},\"thumbnailUrl\":\"https:\/\/mcusercontent.com\/93cd80b45544fad91b6b44d60\/images\/f2b57528-b1a6-7699-bca1-dab825d79a90.jpg\",\"datePublished\":\"2021-05-24T18:16:41+00:00\",\"breadcrumb\":{\"@id\":\"https:\/\/melaniedubois.com\/fr\/de-nouvelles-regles-en-matiere-dassurance-des-coproprietes\/#breadcrumb\"},\"inLanguage\":\"fr-FR\",\"potentialAction\":[{\"@type\":\"ReadAction\",\"target\":[\"https:\/\/melaniedubois.com\/fr\/de-nouvelles-regles-en-matiere-dassurance-des-coproprietes\/\"]}]},{\"@type\":\"ImageObject\",\"inLanguage\":\"fr-FR\",\"@id\":\"https:\/\/melaniedubois.com\/fr\/de-nouvelles-regles-en-matiere-dassurance-des-coproprietes\/#primaryimage\",\"url\":\"https:\/\/mcusercontent.com\/93cd80b45544fad91b6b44d60\/images\/f2b57528-b1a6-7699-bca1-dab825d79a90.jpg\",\"contentUrl\":\"https:\/\/mcusercontent.com\/93cd80b45544fad91b6b44d60\/images\/f2b57528-b1a6-7699-bca1-dab825d79a90.jpg\"},{\"@type\":\"BreadcrumbList\",\"@id\":\"https:\/\/melaniedubois.com\/fr\/de-nouvelles-regles-en-matiere-dassurance-des-coproprietes\/#breadcrumb\",\"itemListElement\":[{\"@type\":\"ListItem\",\"position\":1,\"name\":\"Accueil\",\"item\":\"https:\/\/melaniedubois.com\/en\/\"},{\"@type\":\"ListItem\",\"position\":2,\"name\":\"De nouvelles r\u00e8gles en mati\u00e8re d\u2019assurance des copropri\u00e9t\u00e9s\"}]},{\"@type\":\"WebSite\",\"@id\":\"https:\/\/melaniedubois.com\/en\/#website\",\"url\":\"https:\/\/melaniedubois.com\/en\/\",\"name\":\"\u00c9quipe M\u00e9lanie Dubois\",\"description\":\"Courtier immobilier Montr\u00e9al, KW Connexion\",\"potentialAction\":[{\"@type\":\"SearchAction\",\"target\":{\"@type\":\"EntryPoint\",\"urlTemplate\":\"https:\/\/melaniedubois.com\/en\/?s={search_term_string}\"},\"query-input\":{\"@type\":\"PropertyValueSpecification\",\"valueRequired\":true,\"valueName\":\"search_term_string\"}}],\"inLanguage\":\"fr-FR\"}]}<\/script>\n<!-- \/ Yoast SEO plugin. -->","yoast_head_json":{"title":"De nouvelles r\u00e8gles en mati\u00e8re d\u2019assurance des copropri\u00e9t\u00e9s - \u00c9quipe M\u00e9lanie Dubois","robots":{"index":"index","follow":"follow","max-snippet":"max-snippet:-1","max-image-preview":"max-image-preview:large","max-video-preview":"max-video-preview:-1"},"canonical":"https:\/\/melaniedubois.com\/fr\/de-nouvelles-regles-en-matiere-dassurance-des-coproprietes\/","og_locale":"fr_FR","og_type":"article","og_title":"De nouvelles r\u00e8gles en mati\u00e8re d\u2019assurance des copropri\u00e9t\u00e9s - \u00c9quipe M\u00e9lanie Dubois","og_description":"Les copropri\u00e9taires devront se conformer \u00e0 de nouveaux r\u00e8glements qu\u00e9b\u00e9cois qui concernent les assurances couvrant l\u2019immeuble. D\u00e9penses additionnelles en perspectives. Ces nouveaux r\u00e8glements sont issus du projet de loi 141 et sont entr\u00e9s en vigueur le 15 avril. Ils impliquent le syndicat de copropri\u00e9t\u00e9, peu importe si l\u2019immeuble compte deux ou 200 unit\u00e9s. D\u00e9sormais, le [&hellip;]","og_url":"https:\/\/melaniedubois.com\/fr\/de-nouvelles-regles-en-matiere-dassurance-des-coproprietes\/","og_site_name":"\u00c9quipe M\u00e9lanie Dubois","og_image":[{"url":"https:\/\/mcusercontent.com\/93cd80b45544fad91b6b44d60\/images\/f2b57528-b1a6-7699-bca1-dab825d79a90.jpg","type":"","width":"","height":""}],"twitter_card":"summary_large_image","twitter_misc":{"Dur\u00e9e de lecture estim\u00e9e":"3 minutes"},"schema":{"@context":"https:\/\/schema.org","@graph":[{"@type":"WebPage","@id":"https:\/\/melaniedubois.com\/fr\/de-nouvelles-regles-en-matiere-dassurance-des-coproprietes\/","url":"https:\/\/melaniedubois.com\/fr\/de-nouvelles-regles-en-matiere-dassurance-des-coproprietes\/","name":"De nouvelles r\u00e8gles en mati\u00e8re d\u2019assurance des copropri\u00e9t\u00e9s - \u00c9quipe M\u00e9lanie Dubois","isPartOf":{"@id":"https:\/\/melaniedubois.com\/en\/#website"},"primaryImageOfPage":{"@id":"https:\/\/melaniedubois.com\/fr\/de-nouvelles-regles-en-matiere-dassurance-des-coproprietes\/#primaryimage"},"image":{"@id":"https:\/\/melaniedubois.com\/fr\/de-nouvelles-regles-en-matiere-dassurance-des-coproprietes\/#primaryimage"},"thumbnailUrl":"https:\/\/mcusercontent.com\/93cd80b45544fad91b6b44d60\/images\/f2b57528-b1a6-7699-bca1-dab825d79a90.jpg","datePublished":"2021-05-24T18:16:41+00:00","breadcrumb":{"@id":"https:\/\/melaniedubois.com\/fr\/de-nouvelles-regles-en-matiere-dassurance-des-coproprietes\/#breadcrumb"},"inLanguage":"fr-FR","potentialAction":[{"@type":"ReadAction","target":["https:\/\/melaniedubois.com\/fr\/de-nouvelles-regles-en-matiere-dassurance-des-coproprietes\/"]}]},{"@type":"ImageObject","inLanguage":"fr-FR","@id":"https:\/\/melaniedubois.com\/fr\/de-nouvelles-regles-en-matiere-dassurance-des-coproprietes\/#primaryimage","url":"https:\/\/mcusercontent.com\/93cd80b45544fad91b6b44d60\/images\/f2b57528-b1a6-7699-bca1-dab825d79a90.jpg","contentUrl":"https:\/\/mcusercontent.com\/93cd80b45544fad91b6b44d60\/images\/f2b57528-b1a6-7699-bca1-dab825d79a90.jpg"},{"@type":"BreadcrumbList","@id":"https:\/\/melaniedubois.com\/fr\/de-nouvelles-regles-en-matiere-dassurance-des-coproprietes\/#breadcrumb","itemListElement":[{"@type":"ListItem","position":1,"name":"Accueil","item":"https:\/\/melaniedubois.com\/en\/"},{"@type":"ListItem","position":2,"name":"De nouvelles r\u00e8gles en mati\u00e8re d\u2019assurance des copropri\u00e9t\u00e9s"}]},{"@type":"WebSite","@id":"https:\/\/melaniedubois.com\/en\/#website","url":"https:\/\/melaniedubois.com\/en\/","name":"\u00c9quipe M\u00e9lanie Dubois","description":"Courtier immobilier Montr\u00e9al, KW Connexion","potentialAction":[{"@type":"SearchAction","target":{"@type":"EntryPoint","urlTemplate":"https:\/\/melaniedubois.com\/en\/?s={search_term_string}"},"query-input":{"@type":"PropertyValueSpecification","valueRequired":true,"valueName":"search_term_string"}}],"inLanguage":"fr-FR"}]}},"_links":{"self":[{"href":"https:\/\/melaniedubois.com\/fr\/wp-json\/wp\/v2\/pages\/1867","targetHints":{"allow":["GET"]}}],"collection":[{"href":"https:\/\/melaniedubois.com\/fr\/wp-json\/wp\/v2\/pages"}],"about":[{"href":"https:\/\/melaniedubois.com\/fr\/wp-json\/wp\/v2\/types\/page"}],"author":[{"embeddable":true,"href":"https:\/\/melaniedubois.com\/fr\/wp-json\/wp\/v2\/users\/742"}],"replies":[{"embeddable":true,"href":"https:\/\/melaniedubois.com\/fr\/wp-json\/wp\/v2\/comments?post=1867"}],"version-history":[{"count":2,"href":"https:\/\/melaniedubois.com\/fr\/wp-json\/wp\/v2\/pages\/1867\/revisions"}],"predecessor-version":[{"id":1870,"href":"https:\/\/melaniedubois.com\/fr\/wp-json\/wp\/v2\/pages\/1867\/revisions\/1870"}],"wp:attachment":[{"href":"https:\/\/melaniedubois.com\/fr\/wp-json\/wp\/v2\/media?parent=1867"}],"curies":[{"name":"wp","href":"https:\/\/api.w.org\/{rel}","templated":true}]}}