{"id":1876,"date":"2021-05-31T11:44:38","date_gmt":"2021-05-31T15:44:38","guid":{"rendered":"http:\/\/melaniedubois.com\/?page_id=1876"},"modified":"2021-05-31T11:44:38","modified_gmt":"2021-05-31T15:44:38","slug":"ordre-des-ameliorations-payantes-inchange-quoique","status":"publish","type":"page","link":"https:\/\/melaniedubois.com\/fr\/ordre-des-ameliorations-payantes-inchange-quoique\/","title":{"rendered":"Ordre des am\u00e9liorations payantes inchang\u00e9, quoique\u2026"},"content":{"rendered":"<p><\/p>\n<p style=\"text-align: justify;\"><strong>REVENTE. D\u2019apr\u00e8s les observateurs du march\u00e9 de l\u2019habitation, la hi\u00e9rarchie des r\u00e9novations r\u00e9sidentielles les plus populaires et rentables reste la m\u00eame. Malgr\u00e9 la pand\u00e9mie et le confinement des m\u00e9nages dans leur cocon familial, les am\u00e9liorations apport\u00e9es \u00e0 la cuisine et la salle de bain demeurent en t\u00eate de liste. Toutefois, il semble que les acqu\u00e9reurs s\u2019attardent davantage \u00e0 certains aspects permettant de profiter d\u2019un plus grand confort \u00e0 domicile.<\/strong><\/p>\n<p><img decoding=\"async\" src=\"https:\/\/mcusercontent.com\/93cd80b45544fad91b6b44d60\/images\/8c19fe1f-13d0-eea1-fe66-e5d38e1482dd.png\" \/><\/p>\n<p style=\"text-align: justify;\">Une r\u00e9cente \u00e9tude mise \u00e0 jour par l\u2019Association des professionnels de la construction et de l\u2019habitation du Qu\u00e9bec (APCHQ) le confirme. Les r\u00e9novations judicieuses \u00e0 la cuisine et \u00e0 la salle de bain continuent de se hisser au sommet. Il s\u2019agit de classiques toujours aussi appr\u00e9ci\u00e9s et recherch\u00e9s par les acheteurs.<\/p>\n<p style=\"text-align: justify;\">Un constat partag\u00e9 par l\u2019Institut canadien des \u00e9valuateurs, qui pr\u00e9cise \u00abqu\u2019il n\u2019est pas n\u00e9cessaire de se ruiner. Il suffit parfois de changer la robinetterie ou d\u2019ajouter un dosseret et du rangement \u00e0 la cuisine. La pr\u00e9sence d\u2019un \u00eelot a aussi toujours la cote, surtout en pr\u00e9vision du retour \u00e9ventuel de la visite pour souper. Du c\u00f4t\u00e9 de la salle de bain, l\u2019id\u00e9al consiste \u00e0 pouvoir profiter d\u2019une douche et d\u2019un bain s\u00e9par\u00e9s\u00bb.<\/p>\n<p style=\"text-align: justify;\">Suivent en succession d\u00e9croissante un simple rafra\u00eechissement de la peinture int\u00e9rieure et ext\u00e9rieure, le remplacement des vieilles portes et fen\u00eatres, l\u2019installation de planchers en mat\u00e9riaux naturelles (bois et c\u00e9ramique), ainsi que l\u2019am\u00e9nagement du sous-sol. Dans tous les cas, le secret est dans la mod\u00e9ration et le dosage. Un am\u00e9nagement trop personnalis\u00e9, surtout en pr\u00e9vision d\u2019une revente, peut avoir un effet r\u00e9barbatif.<\/p>\n<h2>Int\u00e9r\u00eat croissant<\/h2>\n<p style=\"text-align: justify;\">\u00abEn r\u00e9sum\u00e9, les am\u00e9liorations gagnantes demeurent essentiellement les m\u00eames. Cependant, on constate un int\u00e9r\u00eat croissant, autant dans le neuf que dans la r\u00e9novation, pour certains \u00e9l\u00e9ments qui contribuent \u00e0 la qualit\u00e9 de vie. Un sondage L\u00e9ger r\u00e9alis\u00e9 en janvier 2021 r\u00e9v\u00e8le notamment une mont\u00e9e en popularit\u00e9 pour tout ce qui concerne l\u2019am\u00e9nagement ext\u00e9rieur\u00bb, indique Paul Cardinal, directeur du service \u00e9conomique \u00e0 l\u2019APCHQ.<\/p>\n<p style=\"text-align: justify;\">\u00c0 son avis, cela se r\u00e9percute sur tout ce qui permet de profiter au maximum de la propri\u00e9t\u00e9 et de prolonger le confort \u00e0 l\u2019ext\u00e9rieur. \u00abEn ce sens, note-t-il, la pr\u00e9sence d\u2019un patio, d\u2019une terrasse, d\u2019une pergola, d\u2019un foyer et m\u00eame d\u2019une piscine sont devenus des atouts appr\u00e9ci\u00e9s. Plus que jamais, les propri\u00e9taires priv\u00e9s de sorties et reclus \u00e0 domicile veulent pouvoir passer du bon chez eux en toute saison.\u00bb<\/p>\n<p style=\"text-align: justify;\">Dans un march\u00e9 aussi effervescent et favorable aux vendeurs, Charles Brant reconna\u00eet qu\u2019une mise en sc\u00e8ne (home staging) de pr\u00e9vente s\u2019av\u00e8re moins requise. En contrepartie, le directeur du service d\u2019analyse de march\u00e9 \u00e0 l\u2019Association professionnelle des courtiers immobiliers du Qu\u00e9bec (APCIQ) \u00abrecommande aux acheteurs de se montrer prudents. Mieux vaut privil\u00e9gier les propri\u00e9t\u00e9s en bonne \u00e9tat, car la p\u00e9nurie de mat\u00e9riaux a fait grimper le co\u00fbt des r\u00e9novations.\u00bb<\/p>\n<h3>Rentabilit\u00e9 potentielle des investissements<\/h3>\n<ul>\n<li>Cuisine et salle de bain = de 75 \u00e0 100%<\/li>\n<li>Peinture int\u00e9rieure et ext\u00e9rieure = 50 \u00e0 100%<\/li>\n<li>Portes et fen\u00eatres, planchers, sous-sol = 50 \u00e0 75%<\/li>\n<\/ul>\n<p>&nbsp;<\/p>\n<p><a href=\"https:\/\/www.quebechebdo.com\/art-de-vivre\/254420\/ordre-des-ameliorations-payantes-inchange-quoique\/\">Source : Article de Fran\u00e7ois Cattapan sur le site quebechebdo.com le 27 mai 2021<\/a><\/p>\n<p>&nbsp;<\/p>\n<p>&nbsp;<\/p>\n<p style=\"text-align: center;\">Nous avons des acheteurs qui cherchent activement !<br \/>\nVous connaissez quelqu&rsquo;un qui consid\u00e8re vendre ?<br \/>\nNous pouvons\u00a0fournir\u00a0une liste des ventes comparables dans\u00a0leur\u00a0secteur.<br \/>\nC&rsquo;est GRATUIT, aucune obligation !<\/p>\n<p>&nbsp;<\/p>\n<p><img decoding=\"async\" src=\"https:\/\/mcusercontent.com\/93cd80b45544fad91b6b44d60\/images\/4e6f6591-1108-4326-bdd0-44f74a03ea2b.png\" \/><\/p>","protected":false},"excerpt":{"rendered":"<p>REVENTE. D\u2019apr\u00e8s les observateurs du march\u00e9 de l\u2019habitation, la hi\u00e9rarchie des r\u00e9novations r\u00e9sidentielles les plus populaires et rentables reste la m\u00eame. Malgr\u00e9 la pand\u00e9mie et le confinement des m\u00e9nages dans leur cocon familial, les am\u00e9liorations apport\u00e9es \u00e0 la cuisine et la salle de bain demeurent en t\u00eate de liste. Toutefois, il semble que les acqu\u00e9reurs [&hellip;]<\/p>\n","protected":false},"author":742,"featured_media":0,"parent":0,"menu_order":0,"comment_status":"closed","ping_status":"closed","template":"","meta":{"_acf_changed":false,"footnotes":""},"class_list":["post-1876","page","type-page","status-publish","hentry"],"acf":[],"yoast_head":"<!-- This site is optimized with the Yoast SEO plugin v26.7 - https:\/\/yoast.com\/wordpress\/plugins\/seo\/ -->\n<title>Ordre des am\u00e9liorations payantes inchang\u00e9, quoique\u2026 - \u00c9quipe M\u00e9lanie Dubois<\/title>\n<meta name=\"robots\" content=\"index, follow, max-snippet:-1, max-image-preview:large, max-video-preview:-1\" \/>\n<link rel=\"canonical\" href=\"https:\/\/melaniedubois.com\/fr\/ordre-des-ameliorations-payantes-inchange-quoique\/\" \/>\n<meta property=\"og:locale\" content=\"fr_FR\" \/>\n<meta property=\"og:type\" content=\"article\" \/>\n<meta property=\"og:title\" content=\"Ordre des am\u00e9liorations payantes inchang\u00e9, quoique\u2026 - \u00c9quipe M\u00e9lanie Dubois\" \/>\n<meta property=\"og:description\" content=\"REVENTE. D\u2019apr\u00e8s les observateurs du march\u00e9 de l\u2019habitation, la hi\u00e9rarchie des r\u00e9novations r\u00e9sidentielles les plus populaires et rentables reste la m\u00eame. Malgr\u00e9 la pand\u00e9mie et le confinement des m\u00e9nages dans leur cocon familial, les am\u00e9liorations apport\u00e9es \u00e0 la cuisine et la salle de bain demeurent en t\u00eate de liste. Toutefois, il semble que les acqu\u00e9reurs [&hellip;]\" \/>\n<meta property=\"og:url\" content=\"https:\/\/melaniedubois.com\/fr\/ordre-des-ameliorations-payantes-inchange-quoique\/\" \/>\n<meta property=\"og:site_name\" content=\"\u00c9quipe M\u00e9lanie Dubois\" \/>\n<meta property=\"og:image\" content=\"https:\/\/mcusercontent.com\/93cd80b45544fad91b6b44d60\/images\/8c19fe1f-13d0-eea1-fe66-e5d38e1482dd.png\" \/>\n<meta name=\"twitter:card\" content=\"summary_large_image\" \/>\n<meta name=\"twitter:label1\" content=\"Dur\u00e9e de lecture estim\u00e9e\" \/>\n\t<meta name=\"twitter:data1\" content=\"3 minutes\" \/>\n<script type=\"application\/ld+json\" class=\"yoast-schema-graph\">{\"@context\":\"https:\/\/schema.org\",\"@graph\":[{\"@type\":\"WebPage\",\"@id\":\"https:\/\/melaniedubois.com\/fr\/ordre-des-ameliorations-payantes-inchange-quoique\/\",\"url\":\"https:\/\/melaniedubois.com\/fr\/ordre-des-ameliorations-payantes-inchange-quoique\/\",\"name\":\"Ordre des am\u00e9liorations payantes inchang\u00e9, quoique\u2026 - \u00c9quipe M\u00e9lanie Dubois\",\"isPartOf\":{\"@id\":\"https:\/\/melaniedubois.com\/en\/#website\"},\"primaryImageOfPage\":{\"@id\":\"https:\/\/melaniedubois.com\/fr\/ordre-des-ameliorations-payantes-inchange-quoique\/#primaryimage\"},\"image\":{\"@id\":\"https:\/\/melaniedubois.com\/fr\/ordre-des-ameliorations-payantes-inchange-quoique\/#primaryimage\"},\"thumbnailUrl\":\"https:\/\/mcusercontent.com\/93cd80b45544fad91b6b44d60\/images\/8c19fe1f-13d0-eea1-fe66-e5d38e1482dd.png\",\"datePublished\":\"2021-05-31T15:44:38+00:00\",\"breadcrumb\":{\"@id\":\"https:\/\/melaniedubois.com\/fr\/ordre-des-ameliorations-payantes-inchange-quoique\/#breadcrumb\"},\"inLanguage\":\"fr-FR\",\"potentialAction\":[{\"@type\":\"ReadAction\",\"target\":[\"https:\/\/melaniedubois.com\/fr\/ordre-des-ameliorations-payantes-inchange-quoique\/\"]}]},{\"@type\":\"ImageObject\",\"inLanguage\":\"fr-FR\",\"@id\":\"https:\/\/melaniedubois.com\/fr\/ordre-des-ameliorations-payantes-inchange-quoique\/#primaryimage\",\"url\":\"https:\/\/mcusercontent.com\/93cd80b45544fad91b6b44d60\/images\/8c19fe1f-13d0-eea1-fe66-e5d38e1482dd.png\",\"contentUrl\":\"https:\/\/mcusercontent.com\/93cd80b45544fad91b6b44d60\/images\/8c19fe1f-13d0-eea1-fe66-e5d38e1482dd.png\"},{\"@type\":\"BreadcrumbList\",\"@id\":\"https:\/\/melaniedubois.com\/fr\/ordre-des-ameliorations-payantes-inchange-quoique\/#breadcrumb\",\"itemListElement\":[{\"@type\":\"ListItem\",\"position\":1,\"name\":\"Accueil\",\"item\":\"https:\/\/melaniedubois.com\/en\/\"},{\"@type\":\"ListItem\",\"position\":2,\"name\":\"Ordre des am\u00e9liorations payantes inchang\u00e9, quoique\u2026\"}]},{\"@type\":\"WebSite\",\"@id\":\"https:\/\/melaniedubois.com\/en\/#website\",\"url\":\"https:\/\/melaniedubois.com\/en\/\",\"name\":\"\u00c9quipe M\u00e9lanie Dubois\",\"description\":\"Courtier immobilier Montr\u00e9al, KW Connexion\",\"potentialAction\":[{\"@type\":\"SearchAction\",\"target\":{\"@type\":\"EntryPoint\",\"urlTemplate\":\"https:\/\/melaniedubois.com\/en\/?s={search_term_string}\"},\"query-input\":{\"@type\":\"PropertyValueSpecification\",\"valueRequired\":true,\"valueName\":\"search_term_string\"}}],\"inLanguage\":\"fr-FR\"}]}<\/script>\n<!-- \/ Yoast SEO plugin. -->","yoast_head_json":{"title":"Ordre des am\u00e9liorations payantes inchang\u00e9, quoique\u2026 - \u00c9quipe M\u00e9lanie Dubois","robots":{"index":"index","follow":"follow","max-snippet":"max-snippet:-1","max-image-preview":"max-image-preview:large","max-video-preview":"max-video-preview:-1"},"canonical":"https:\/\/melaniedubois.com\/fr\/ordre-des-ameliorations-payantes-inchange-quoique\/","og_locale":"fr_FR","og_type":"article","og_title":"Ordre des am\u00e9liorations payantes inchang\u00e9, quoique\u2026 - \u00c9quipe M\u00e9lanie Dubois","og_description":"REVENTE. D\u2019apr\u00e8s les observateurs du march\u00e9 de l\u2019habitation, la hi\u00e9rarchie des r\u00e9novations r\u00e9sidentielles les plus populaires et rentables reste la m\u00eame. Malgr\u00e9 la pand\u00e9mie et le confinement des m\u00e9nages dans leur cocon familial, les am\u00e9liorations apport\u00e9es \u00e0 la cuisine et la salle de bain demeurent en t\u00eate de liste. Toutefois, il semble que les acqu\u00e9reurs [&hellip;]","og_url":"https:\/\/melaniedubois.com\/fr\/ordre-des-ameliorations-payantes-inchange-quoique\/","og_site_name":"\u00c9quipe M\u00e9lanie Dubois","og_image":[{"url":"https:\/\/mcusercontent.com\/93cd80b45544fad91b6b44d60\/images\/8c19fe1f-13d0-eea1-fe66-e5d38e1482dd.png","type":"","width":"","height":""}],"twitter_card":"summary_large_image","twitter_misc":{"Dur\u00e9e de lecture estim\u00e9e":"3 minutes"},"schema":{"@context":"https:\/\/schema.org","@graph":[{"@type":"WebPage","@id":"https:\/\/melaniedubois.com\/fr\/ordre-des-ameliorations-payantes-inchange-quoique\/","url":"https:\/\/melaniedubois.com\/fr\/ordre-des-ameliorations-payantes-inchange-quoique\/","name":"Ordre des am\u00e9liorations payantes inchang\u00e9, quoique\u2026 - \u00c9quipe M\u00e9lanie Dubois","isPartOf":{"@id":"https:\/\/melaniedubois.com\/en\/#website"},"primaryImageOfPage":{"@id":"https:\/\/melaniedubois.com\/fr\/ordre-des-ameliorations-payantes-inchange-quoique\/#primaryimage"},"image":{"@id":"https:\/\/melaniedubois.com\/fr\/ordre-des-ameliorations-payantes-inchange-quoique\/#primaryimage"},"thumbnailUrl":"https:\/\/mcusercontent.com\/93cd80b45544fad91b6b44d60\/images\/8c19fe1f-13d0-eea1-fe66-e5d38e1482dd.png","datePublished":"2021-05-31T15:44:38+00:00","breadcrumb":{"@id":"https:\/\/melaniedubois.com\/fr\/ordre-des-ameliorations-payantes-inchange-quoique\/#breadcrumb"},"inLanguage":"fr-FR","potentialAction":[{"@type":"ReadAction","target":["https:\/\/melaniedubois.com\/fr\/ordre-des-ameliorations-payantes-inchange-quoique\/"]}]},{"@type":"ImageObject","inLanguage":"fr-FR","@id":"https:\/\/melaniedubois.com\/fr\/ordre-des-ameliorations-payantes-inchange-quoique\/#primaryimage","url":"https:\/\/mcusercontent.com\/93cd80b45544fad91b6b44d60\/images\/8c19fe1f-13d0-eea1-fe66-e5d38e1482dd.png","contentUrl":"https:\/\/mcusercontent.com\/93cd80b45544fad91b6b44d60\/images\/8c19fe1f-13d0-eea1-fe66-e5d38e1482dd.png"},{"@type":"BreadcrumbList","@id":"https:\/\/melaniedubois.com\/fr\/ordre-des-ameliorations-payantes-inchange-quoique\/#breadcrumb","itemListElement":[{"@type":"ListItem","position":1,"name":"Accueil","item":"https:\/\/melaniedubois.com\/en\/"},{"@type":"ListItem","position":2,"name":"Ordre des am\u00e9liorations payantes inchang\u00e9, quoique\u2026"}]},{"@type":"WebSite","@id":"https:\/\/melaniedubois.com\/en\/#website","url":"https:\/\/melaniedubois.com\/en\/","name":"\u00c9quipe M\u00e9lanie Dubois","description":"Courtier immobilier Montr\u00e9al, KW Connexion","potentialAction":[{"@type":"SearchAction","target":{"@type":"EntryPoint","urlTemplate":"https:\/\/melaniedubois.com\/en\/?s={search_term_string}"},"query-input":{"@type":"PropertyValueSpecification","valueRequired":true,"valueName":"search_term_string"}}],"inLanguage":"fr-FR"}]}},"_links":{"self":[{"href":"https:\/\/melaniedubois.com\/fr\/wp-json\/wp\/v2\/pages\/1876","targetHints":{"allow":["GET"]}}],"collection":[{"href":"https:\/\/melaniedubois.com\/fr\/wp-json\/wp\/v2\/pages"}],"about":[{"href":"https:\/\/melaniedubois.com\/fr\/wp-json\/wp\/v2\/types\/page"}],"author":[{"embeddable":true,"href":"https:\/\/melaniedubois.com\/fr\/wp-json\/wp\/v2\/users\/742"}],"replies":[{"embeddable":true,"href":"https:\/\/melaniedubois.com\/fr\/wp-json\/wp\/v2\/comments?post=1876"}],"version-history":[{"count":2,"href":"https:\/\/melaniedubois.com\/fr\/wp-json\/wp\/v2\/pages\/1876\/revisions"}],"predecessor-version":[{"id":1878,"href":"https:\/\/melaniedubois.com\/fr\/wp-json\/wp\/v2\/pages\/1876\/revisions\/1878"}],"wp:attachment":[{"href":"https:\/\/melaniedubois.com\/fr\/wp-json\/wp\/v2\/media?parent=1876"}],"curies":[{"name":"wp","href":"https:\/\/api.w.org\/{rel}","templated":true}]}}