{"id":1893,"date":"2021-06-06T15:00:19","date_gmt":"2021-06-06T19:00:19","guid":{"rendered":"http:\/\/melaniedubois.com\/?page_id=1893"},"modified":"2021-06-17T16:23:32","modified_gmt":"2021-06-17T20:23:32","slug":"english-pattie-lovett-reid-what-the-new-rules-around-uninsured-mortgages-mean-for-homebuyers","status":"publish","type":"page","link":"https:\/\/melaniedubois.com\/fr\/english-pattie-lovett-reid-what-the-new-rules-around-uninsured-mortgages-mean-for-homebuyers\/","title":{"rendered":"What the new rules around uninsured mortgages mean for homebuyers"},"content":{"rendered":"<p style=\"text-align: justify;\">HUNTSVILLE, ONT. &#8212; It is not the first time and it won&rsquo;t be the last time the Office of the Superintendent of Financial Institutions (OSFI) changed up the qualifying rules for uninsured mortgages (i.e. residential mortgages with a down payment of 20% or more).<\/p>\n<p><img decoding=\"async\" src=\"https:\/\/mcusercontent.com\/93cd80b45544fad91b6b44d60\/images\/0d17396f-f639-3c19-0b6c-f4d3af794fe2.png\" \/><\/p>\n<p style=\"text-align: justify;\">Effective June 1, even with a hefty down payment, the minimum qualifying rate for an uninsured mortgage will be the greater of the mortgage contract rate plus 2%, or 5.25%.<\/p>\n<p style=\"text-align: justify;\">Why are they doing this?<\/p>\n<p style=\"text-align: justify;\">The aim is to protect homebuyers who are stretched too thin and have little wiggle room should rates go higher. In other words, this is going to make it more difficult for\u00a0home buyers to qualify for a mortgage and reduces the mortgage amount a household can qualify for by roughly 5%.<\/p>\n<p style=\"text-align: justify;\">The purpose isn&rsquo;t only to slow the housing market down by reducing demand while forcing Canadians to save more. It is to protect the current loan quality metrics and to ensure they remain very strong.<\/p>\n<p style=\"text-align: justify;\">It is clear the housing market has been blistering hot in parts of Canada due to lack of supply, increased demand and competitive bidding, while, at the same time, Canadians are still highly indebted.<\/p>\n<p style=\"text-align: justify;\">Just this past week, the Bank of Canada governor said the quality of mortgages has declined during the pandemic and the central bank repeated warnings that the housing market poses one of the biggest risks to Canada&rsquo;s financial system.<\/p>\n<p style=\"text-align: justify;\">But before we panic, Canada has not experienced a run-up in mortgage arrears seen in the U.S. in part thanks to payment deferrals at the start of the pandemic. Credit card delinquencies also remain very low. Debt levels may be high, but Canadians have still been managing their payments effectively.<\/p>\n<p style=\"text-align: justify;\">However, this is still\u00a0a risk in the event the economy continues to mend and require less stimulus.<\/p>\n<p style=\"text-align: justify;\">This type of dynamic could create the perfect financial storm for households living so close to the margin\u00a0they might be unable to make their mortgage payments should rates start to increase. OSFI is trying to protect not only homeowners but the lender as well.<\/p>\n<p style=\"text-align: justify;\">Call to action: If you are house hunting ensure you are pre-approved. You may be grandfathered under the current stress test in place for those who were approved prior to June 1, but it is\u00a0at the lender&rsquo;s discretion. So don&rsquo;t assume grandfathering rules apply\u00a0without checking first.<\/p>\n<p style=\"text-align: justify;\">For anyone who purchased a home already, it would be a good idea to obtain mortgage approval prior to June 1 as that should allow you to qualify under the current conditions.<\/p>\n<p style=\"text-align: justify;\">And finally, if you need to refinance you might want to seek approval prior to the new rules taking effect June 1.<\/p>\n<p style=\"text-align: justify;\">The good news is we have a strong Canadian financial system and Canadian households have proven resilient in this economic environment. Yet, it still makes financial sense to err on the side of caution, even if the stricter stress test will only have a modest effect on the housing market in the second half of the year as the economic\u00a0reopening plans kick into gear.<\/p>\n<p style=\"text-align: justify;\">We also will get a look at just how strong the big bank balance sheets are when they begin reporting earnings for the 2nd Quarter on Wednesday.<\/p>\n<p>&nbsp;<\/p>\n<p><a href=\"https:\/\/www.ctvnews.ca\/business\/pattie-lovett-reid-what-the-new-rules-around-uninsured-mortgages-mean-for-homebuyers-1.5440888&#96;&#96;\">Source : Article by Pattie Lovett-Reid on the website ctvnews.com on Tuesday, May 25, 2021<\/a><\/p>\n<p>&nbsp;<\/p>\n<p>&nbsp;<\/p>\n<p style=\"text-align: center;\">We have buyers who are actively looking !<br \/>\nIf you know someone who is considering selling,<br \/>\nWe can provide a list of comparable sales in their area &#8211; it&rsquo;s FREE, no obligation !<\/p>\n<p>&nbsp;<\/p>\n<p><img decoding=\"async\" src=\"https:\/\/mcusercontent.com\/93cd80b45544fad91b6b44d60\/images\/4e6f6591-1108-4326-bdd0-44f74a03ea2b.png\" \/><\/p>\n","protected":false},"excerpt":{"rendered":"<p>HUNTSVILLE, ONT. &#8212; It is not the first time and it won&rsquo;t be the last time the Office of the Superintendent of Financial Institutions (OSFI) changed up the qualifying rules for uninsured mortgages (i.e. residential mortgages with a down payment of 20% or more). Effective June 1, even with a hefty down payment, the minimum [&hellip;]<\/p>\n","protected":false},"author":742,"featured_media":0,"parent":0,"menu_order":0,"comment_status":"closed","ping_status":"closed","template":"","meta":{"_acf_changed":false,"footnotes":""},"class_list":["post-1893","page","type-page","status-publish","hentry"],"acf":[],"yoast_head":"<!-- This site is optimized with the Yoast SEO plugin v26.7 - https:\/\/yoast.com\/wordpress\/plugins\/seo\/ -->\n<title>What the new rules around uninsured mortgages mean for homebuyers - \u00c9quipe M\u00e9lanie Dubois<\/title>\n<meta name=\"robots\" content=\"index, follow, max-snippet:-1, max-image-preview:large, max-video-preview:-1\" \/>\n<link rel=\"canonical\" href=\"https:\/\/melaniedubois.com\/fr\/english-pattie-lovett-reid-what-the-new-rules-around-uninsured-mortgages-mean-for-homebuyers\/\" \/>\n<meta property=\"og:locale\" content=\"fr_FR\" \/>\n<meta property=\"og:type\" content=\"article\" \/>\n<meta property=\"og:title\" content=\"What the new rules around uninsured mortgages mean for homebuyers - \u00c9quipe M\u00e9lanie Dubois\" \/>\n<meta property=\"og:description\" content=\"HUNTSVILLE, ONT. &#8212; It is not the first time and it won&rsquo;t be the last time the Office of the Superintendent of Financial Institutions (OSFI) changed up the qualifying rules for uninsured mortgages (i.e. residential mortgages with a down payment of 20% or more). Effective June 1, even with a hefty down payment, the minimum [&hellip;]\" \/>\n<meta property=\"og:url\" content=\"https:\/\/melaniedubois.com\/fr\/english-pattie-lovett-reid-what-the-new-rules-around-uninsured-mortgages-mean-for-homebuyers\/\" \/>\n<meta property=\"og:site_name\" content=\"\u00c9quipe M\u00e9lanie Dubois\" \/>\n<meta property=\"article:modified_time\" content=\"2021-06-17T20:23:32+00:00\" \/>\n<meta property=\"og:image\" content=\"https:\/\/mcusercontent.com\/93cd80b45544fad91b6b44d60\/images\/0d17396f-f639-3c19-0b6c-f4d3af794fe2.png\" \/>\n<meta name=\"twitter:card\" content=\"summary_large_image\" \/>\n<meta name=\"twitter:label1\" content=\"Dur\u00e9e de lecture estim\u00e9e\" \/>\n\t<meta name=\"twitter:data1\" content=\"3 minutes\" \/>\n<script type=\"application\/ld+json\" class=\"yoast-schema-graph\">{\"@context\":\"https:\/\/schema.org\",\"@graph\":[{\"@type\":\"WebPage\",\"@id\":\"https:\/\/melaniedubois.com\/fr\/english-pattie-lovett-reid-what-the-new-rules-around-uninsured-mortgages-mean-for-homebuyers\/\",\"url\":\"https:\/\/melaniedubois.com\/fr\/english-pattie-lovett-reid-what-the-new-rules-around-uninsured-mortgages-mean-for-homebuyers\/\",\"name\":\"[:fr]What the new rules around uninsured mortgages mean for homebuyers[:en]Pattie Lovett-Reid: What the new rules around uninsured mortgages mean for homebuyers[:] - \u00c9quipe M\u00e9lanie Dubois\",\"isPartOf\":{\"@id\":\"https:\/\/melaniedubois.com\/en\/#website\"},\"primaryImageOfPage\":{\"@id\":\"https:\/\/melaniedubois.com\/fr\/english-pattie-lovett-reid-what-the-new-rules-around-uninsured-mortgages-mean-for-homebuyers\/#primaryimage\"},\"image\":{\"@id\":\"https:\/\/melaniedubois.com\/fr\/english-pattie-lovett-reid-what-the-new-rules-around-uninsured-mortgages-mean-for-homebuyers\/#primaryimage\"},\"thumbnailUrl\":\"https:\/\/mcusercontent.com\/93cd80b45544fad91b6b44d60\/images\/0d17396f-f639-3c19-0b6c-f4d3af794fe2.png\",\"datePublished\":\"2021-06-06T19:00:19+00:00\",\"dateModified\":\"2021-06-17T20:23:32+00:00\",\"breadcrumb\":{\"@id\":\"https:\/\/melaniedubois.com\/fr\/english-pattie-lovett-reid-what-the-new-rules-around-uninsured-mortgages-mean-for-homebuyers\/#breadcrumb\"},\"inLanguage\":\"fr-FR\",\"potentialAction\":[{\"@type\":\"ReadAction\",\"target\":[\"https:\/\/melaniedubois.com\/fr\/english-pattie-lovett-reid-what-the-new-rules-around-uninsured-mortgages-mean-for-homebuyers\/\"]}]},{\"@type\":\"ImageObject\",\"inLanguage\":\"fr-FR\",\"@id\":\"https:\/\/melaniedubois.com\/fr\/english-pattie-lovett-reid-what-the-new-rules-around-uninsured-mortgages-mean-for-homebuyers\/#primaryimage\",\"url\":\"https:\/\/mcusercontent.com\/93cd80b45544fad91b6b44d60\/images\/0d17396f-f639-3c19-0b6c-f4d3af794fe2.png\",\"contentUrl\":\"https:\/\/mcusercontent.com\/93cd80b45544fad91b6b44d60\/images\/0d17396f-f639-3c19-0b6c-f4d3af794fe2.png\"},{\"@type\":\"BreadcrumbList\",\"@id\":\"https:\/\/melaniedubois.com\/fr\/english-pattie-lovett-reid-what-the-new-rules-around-uninsured-mortgages-mean-for-homebuyers\/#breadcrumb\",\"itemListElement\":[{\"@type\":\"ListItem\",\"position\":1,\"name\":\"Accueil\",\"item\":\"https:\/\/melaniedubois.com\/en\/\"},{\"@type\":\"ListItem\",\"position\":2,\"name\":\"What the new rules around uninsured mortgages mean for homebuyers\"}]},{\"@type\":\"WebSite\",\"@id\":\"https:\/\/melaniedubois.com\/en\/#website\",\"url\":\"https:\/\/melaniedubois.com\/en\/\",\"name\":\"\u00c9quipe M\u00e9lanie Dubois\",\"description\":\"Courtier immobilier Montr\u00e9al, KW Connexion\",\"potentialAction\":[{\"@type\":\"SearchAction\",\"target\":{\"@type\":\"EntryPoint\",\"urlTemplate\":\"https:\/\/melaniedubois.com\/en\/?s={search_term_string}\"},\"query-input\":{\"@type\":\"PropertyValueSpecification\",\"valueRequired\":true,\"valueName\":\"search_term_string\"}}],\"inLanguage\":\"fr-FR\"}]}<\/script>\n<!-- \/ Yoast SEO plugin. -->","yoast_head_json":{"title":"What the new rules around uninsured mortgages mean for homebuyers - \u00c9quipe M\u00e9lanie Dubois","robots":{"index":"index","follow":"follow","max-snippet":"max-snippet:-1","max-image-preview":"max-image-preview:large","max-video-preview":"max-video-preview:-1"},"canonical":"https:\/\/melaniedubois.com\/fr\/english-pattie-lovett-reid-what-the-new-rules-around-uninsured-mortgages-mean-for-homebuyers\/","og_locale":"fr_FR","og_type":"article","og_title":"What the new rules around uninsured mortgages mean for homebuyers - \u00c9quipe M\u00e9lanie Dubois","og_description":"HUNTSVILLE, ONT. &#8212; It is not the first time and it won&rsquo;t be the last time the Office of the Superintendent of Financial Institutions (OSFI) changed up the qualifying rules for uninsured mortgages (i.e. residential mortgages with a down payment of 20% or more). Effective June 1, even with a hefty down payment, the minimum [&hellip;]","og_url":"https:\/\/melaniedubois.com\/fr\/english-pattie-lovett-reid-what-the-new-rules-around-uninsured-mortgages-mean-for-homebuyers\/","og_site_name":"\u00c9quipe M\u00e9lanie Dubois","article_modified_time":"2021-06-17T20:23:32+00:00","og_image":[{"url":"https:\/\/mcusercontent.com\/93cd80b45544fad91b6b44d60\/images\/0d17396f-f639-3c19-0b6c-f4d3af794fe2.png","type":"","width":"","height":""}],"twitter_card":"summary_large_image","twitter_misc":{"Dur\u00e9e de lecture estim\u00e9e":"3 minutes"},"schema":{"@context":"https:\/\/schema.org","@graph":[{"@type":"WebPage","@id":"https:\/\/melaniedubois.com\/fr\/english-pattie-lovett-reid-what-the-new-rules-around-uninsured-mortgages-mean-for-homebuyers\/","url":"https:\/\/melaniedubois.com\/fr\/english-pattie-lovett-reid-what-the-new-rules-around-uninsured-mortgages-mean-for-homebuyers\/","name":"[:fr]What the new rules around uninsured mortgages mean for homebuyers[:en]Pattie Lovett-Reid: What the new rules around uninsured mortgages mean for homebuyers[:] - \u00c9quipe M\u00e9lanie Dubois","isPartOf":{"@id":"https:\/\/melaniedubois.com\/en\/#website"},"primaryImageOfPage":{"@id":"https:\/\/melaniedubois.com\/fr\/english-pattie-lovett-reid-what-the-new-rules-around-uninsured-mortgages-mean-for-homebuyers\/#primaryimage"},"image":{"@id":"https:\/\/melaniedubois.com\/fr\/english-pattie-lovett-reid-what-the-new-rules-around-uninsured-mortgages-mean-for-homebuyers\/#primaryimage"},"thumbnailUrl":"https:\/\/mcusercontent.com\/93cd80b45544fad91b6b44d60\/images\/0d17396f-f639-3c19-0b6c-f4d3af794fe2.png","datePublished":"2021-06-06T19:00:19+00:00","dateModified":"2021-06-17T20:23:32+00:00","breadcrumb":{"@id":"https:\/\/melaniedubois.com\/fr\/english-pattie-lovett-reid-what-the-new-rules-around-uninsured-mortgages-mean-for-homebuyers\/#breadcrumb"},"inLanguage":"fr-FR","potentialAction":[{"@type":"ReadAction","target":["https:\/\/melaniedubois.com\/fr\/english-pattie-lovett-reid-what-the-new-rules-around-uninsured-mortgages-mean-for-homebuyers\/"]}]},{"@type":"ImageObject","inLanguage":"fr-FR","@id":"https:\/\/melaniedubois.com\/fr\/english-pattie-lovett-reid-what-the-new-rules-around-uninsured-mortgages-mean-for-homebuyers\/#primaryimage","url":"https:\/\/mcusercontent.com\/93cd80b45544fad91b6b44d60\/images\/0d17396f-f639-3c19-0b6c-f4d3af794fe2.png","contentUrl":"https:\/\/mcusercontent.com\/93cd80b45544fad91b6b44d60\/images\/0d17396f-f639-3c19-0b6c-f4d3af794fe2.png"},{"@type":"BreadcrumbList","@id":"https:\/\/melaniedubois.com\/fr\/english-pattie-lovett-reid-what-the-new-rules-around-uninsured-mortgages-mean-for-homebuyers\/#breadcrumb","itemListElement":[{"@type":"ListItem","position":1,"name":"Accueil","item":"https:\/\/melaniedubois.com\/en\/"},{"@type":"ListItem","position":2,"name":"What the new rules around uninsured mortgages mean for homebuyers"}]},{"@type":"WebSite","@id":"https:\/\/melaniedubois.com\/en\/#website","url":"https:\/\/melaniedubois.com\/en\/","name":"\u00c9quipe M\u00e9lanie Dubois","description":"Courtier immobilier Montr\u00e9al, KW Connexion","potentialAction":[{"@type":"SearchAction","target":{"@type":"EntryPoint","urlTemplate":"https:\/\/melaniedubois.com\/en\/?s={search_term_string}"},"query-input":{"@type":"PropertyValueSpecification","valueRequired":true,"valueName":"search_term_string"}}],"inLanguage":"fr-FR"}]}},"_links":{"self":[{"href":"https:\/\/melaniedubois.com\/fr\/wp-json\/wp\/v2\/pages\/1893","targetHints":{"allow":["GET"]}}],"collection":[{"href":"https:\/\/melaniedubois.com\/fr\/wp-json\/wp\/v2\/pages"}],"about":[{"href":"https:\/\/melaniedubois.com\/fr\/wp-json\/wp\/v2\/types\/page"}],"author":[{"embeddable":true,"href":"https:\/\/melaniedubois.com\/fr\/wp-json\/wp\/v2\/users\/742"}],"replies":[{"embeddable":true,"href":"https:\/\/melaniedubois.com\/fr\/wp-json\/wp\/v2\/comments?post=1893"}],"version-history":[{"count":2,"href":"https:\/\/melaniedubois.com\/fr\/wp-json\/wp\/v2\/pages\/1893\/revisions"}],"predecessor-version":[{"id":1901,"href":"https:\/\/melaniedubois.com\/fr\/wp-json\/wp\/v2\/pages\/1893\/revisions\/1901"}],"wp:attachment":[{"href":"https:\/\/melaniedubois.com\/fr\/wp-json\/wp\/v2\/media?parent=1893"}],"curies":[{"name":"wp","href":"https:\/\/api.w.org\/{rel}","templated":true}]}}