{"id":1897,"date":"2021-06-06T15:04:19","date_gmt":"2021-06-06T19:04:19","guid":{"rendered":"http:\/\/melaniedubois.com\/?page_id=1897"},"modified":"2021-06-17T16:23:12","modified_gmt":"2021-06-17T20:23:12","slug":"pattie-lovett-reid-ce-que-les-nouvelles-regles-concernant-les-prets-hypothecaires-non-assures-signifient-pour-les-acheteurs-de-maisons","status":"publish","type":"page","link":"https:\/\/melaniedubois.com\/fr\/pattie-lovett-reid-ce-que-les-nouvelles-regles-concernant-les-prets-hypothecaires-non-assures-signifient-pour-les-acheteurs-de-maisons\/","title":{"rendered":"Ce que les nouvelles r\u00e8gles concernant les pr\u00eats hypoth\u00e9caires non assur\u00e9s signifient pour les acheteurs de maisons."},"content":{"rendered":"<p>HUNTSVILLE, ONT. &#8212; Ce n&rsquo;est pas la premi\u00e8re fois et ce ne sera pas la derni\u00e8re que le Bureau du surintendant des institutions financi\u00e8res (BSIF) modifie les r\u00e8gles d&rsquo;admissibilit\u00e9 des pr\u00eats hypoth\u00e9caires non assur\u00e9s (c&rsquo;est-\u00e0-dire les pr\u00eats hypoth\u00e9caires r\u00e9sidentiels avec une mise de fonds de 20 % ou plus).<\/p>\n<p><img decoding=\"async\" src=\"https:\/\/mcusercontent.com\/93cd80b45544fad91b6b44d60\/images\/0d17396f-f639-3c19-0b6c-f4d3af794fe2.png\" \/><\/p>\n<p style=\"text-align: justify;\">\u00c0 partir du 1er juin, m\u00eame avec une mise de fonds importante, le taux minimum d&rsquo;admissibilit\u00e9 pour un pr\u00eat hypoth\u00e9caire non assur\u00e9 sera le plus \u00e9lev\u00e9 des taux du contrat hypoth\u00e9caire plus 2 %, ou 5,25 %.<\/p>\n<p style=\"text-align: justify;\">Pourquoi font-ils cela ?<\/p>\n<p style=\"text-align: justify;\">L&rsquo;objectif est de prot\u00e9ger les acheteurs de maisons qui sont trop sollicit\u00e9s et qui n&rsquo;ont pas beaucoup de marge de man\u0153uvre en cas de hausse des taux. En d&rsquo;autres termes, cette mesure rendra plus difficile l&rsquo;acc\u00e8s \u00e0 un pr\u00eat hypoth\u00e9caire pour les acheteurs de maison et r\u00e9duira d&rsquo;environ 5 % le montant du pr\u00eat auquel un m\u00e9nage peut pr\u00e9tendre.<\/p>\n<p style=\"text-align: justify;\">L&rsquo;objectif n&rsquo;est pas seulement de ralentir le march\u00e9 du logement en r\u00e9duisant la demande tout en for\u00e7ant les Canadiens \u00e0 \u00e9pargner davantage. Il s&rsquo;agit de prot\u00e9ger les param\u00e8tres actuels de qualit\u00e9 des pr\u00eats et de s&rsquo;assurer qu&rsquo;ils restent tr\u00e8s solides.<\/p>\n<p style=\"text-align: justify;\">Il est clair que le march\u00e9 du logement a \u00e9t\u00e9 tr\u00e8s chaud dans certaines parties du Canada en raison du manque d&rsquo;offre, de l&rsquo;augmentation de la demande et des offres concurrentielles, alors que, dans le m\u00eame temps, les Canadiens sont toujours tr\u00e8s endett\u00e9s.<\/p>\n<p style=\"text-align: justify;\">Pas plus tard que la semaine derni\u00e8re, le gouverneur de la Banque du Canada a d\u00e9clar\u00e9 que la qualit\u00e9 des pr\u00eats hypoth\u00e9caires s&rsquo;est d\u00e9t\u00e9rior\u00e9e pendant la pand\u00e9mie et la banque centrale a r\u00e9it\u00e9r\u00e9 ses avertissements selon lesquels le march\u00e9 du logement repr\u00e9sente l&rsquo;un des plus grands risques pour le syst\u00e8me financier du Canada.<\/p>\n<p style=\"text-align: justify;\">But before we panic, Canada has not experienced a run-up in mortgage arrears seen in the U.S. in part thanks to payment deferrals at the start of the pandemic. Credit card delinquencies also remain very low. Debt levels may be high, but Canadians have still been managing their payments effectively.<\/p>\n<p style=\"text-align: justify;\">Mais avant de c\u00e9der \u00e0 la panique, le Canada n&rsquo;a pas connu la hausse des arri\u00e9r\u00e9s hypoth\u00e9caires observ\u00e9e aux \u00c9tats-Unis, en partie gr\u00e2ce aux reports de paiement au d\u00e9but de la pand\u00e9mie. Les d\u00e9faillances des cartes de cr\u00e9dit restent \u00e9galement tr\u00e8s faibles. Les niveaux d&rsquo;endettement sont peut-\u00eatre \u00e9lev\u00e9s, mais les Canadiens ont tout de m\u00eame r\u00e9ussi \u00e0 g\u00e9rer efficacement leurs paiements.<\/p>\n<p style=\"text-align: justify;\">Toutefois, cela reste un risque si l&rsquo;\u00e9conomie continue de se r\u00e9tablir et n\u00e9cessite moins de mesures de stimulation.<\/p>\n<p style=\"text-align: justify;\">Ce type de dynamique pourrait cr\u00e9er la temp\u00eate financi\u00e8re parfaite pour les m\u00e9nages vivant si pr\u00e8s de la marge qu&rsquo;ils pourraient \u00eatre incapables de faire leurs paiements hypoth\u00e9caires si les taux commen\u00e7aient \u00e0 augmenter. Le BSIF tente de prot\u00e9ger non seulement les propri\u00e9taires, mais aussi les pr\u00eateurs.<\/p>\n<p style=\"text-align: justify;\">Appel \u00e0 l&rsquo;action : Si vous \u00eates \u00e0 la recherche d&rsquo;une maison, assurez-vous d&rsquo;\u00eatre pr\u00e9-approuv\u00e9. Il se peut que vous b\u00e9n\u00e9ficiez d&rsquo;une clause de droits acquis en vertu du test de r\u00e9sistance en vigueur pour ceux qui ont \u00e9t\u00e9 approuv\u00e9s avant le 1er juin, mais c&rsquo;est \u00e0 la discr\u00e9tion du pr\u00eateur. Ne pr\u00e9sumez donc pas que les r\u00e8gles d&rsquo;ant\u00e9riorit\u00e9 s&rsquo;appliquent sans v\u00e9rifier au pr\u00e9alable.<\/p>\n<p style=\"text-align: justify;\">Pour tous ceux qui ont d\u00e9j\u00e0 achet\u00e9 une maison, il serait bon d&rsquo;obtenir une approbation hypoth\u00e9caire avant le 1er juin, car cela devrait vous permettre d&rsquo;\u00eatre admissible dans les conditions actuelles.<\/p>\n<p style=\"text-align: justify;\">Enfin, si vous avez besoin d&rsquo;un refinancement, il serait bon de demander une approbation avant l&rsquo;entr\u00e9e en vigueur des nouvelles r\u00e8gles le 1er juin.<\/p>\n<p style=\"text-align: justify;\">La bonne nouvelle est que le syst\u00e8me financier canadien est solide et que les m\u00e9nages canadiens ont fait preuve de r\u00e9silience dans ce contexte \u00e9conomique. Pourtant, il est toujours judicieux, d&rsquo;un point de vue financier, de p\u00e9cher par exc\u00e8s de prudence, m\u00eame si le test de r\u00e9sistance plus strict n&rsquo;aura qu&rsquo;un effet modeste sur le march\u00e9 du logement au cours du second semestre de l&rsquo;ann\u00e9e, lorsque les plans de relance \u00e9conomique entreront en action.<\/p>\n<p style=\"text-align: justify;\">Nous aurons \u00e9galement un aper\u00e7u de la solidit\u00e9 des bilans des grandes banques lorsqu&rsquo;elles commenceront \u00e0 publier leurs r\u00e9sultats pour le deuxi\u00e8me trimestre mercredi.<\/p>\n<p>&nbsp;<\/p>\n<p>&nbsp;<\/p>\n<p><a href=\"https:\/\/www.ctvnews.ca\/business\/pattie-lovett-reid-what-the-new-rules-around-uninsured-mortgages-mean-for-homebuyers-1.5440888&#96;&#96;\">Source : Article de Pattie Lovett-Reid sur le site ctvnews.com le 25 mai 2021<\/a><\/p>\n<p>&nbsp;<\/p>\n<p>&nbsp;<\/p>\n<p style=\"text-align: center;\">Nous avons des acheteurs qui cherchent activement !<br \/>\nVous connaissez quelqu&rsquo;un qui consid\u00e8re vendre ?<br \/>\nNous pouvons\u00a0fournir\u00a0une liste des ventes comparables dans\u00a0leur\u00a0secteur.<br \/>\nC&rsquo;est GRATUIT, aucune obligation !<\/p>\n<p>&nbsp;<\/p>\n<p><img decoding=\"async\" src=\"https:\/\/mcusercontent.com\/93cd80b45544fad91b6b44d60\/images\/4e6f6591-1108-4326-bdd0-44f74a03ea2b.png\" \/><\/p>","protected":false},"excerpt":{"rendered":"<p>HUNTSVILLE, ONT. &#8212; Ce n&rsquo;est pas la premi\u00e8re fois et ce ne sera pas la derni\u00e8re que le Bureau du surintendant des institutions financi\u00e8res (BSIF) modifie les r\u00e8gles d&rsquo;admissibilit\u00e9 des pr\u00eats hypoth\u00e9caires non assur\u00e9s (c&rsquo;est-\u00e0-dire les pr\u00eats hypoth\u00e9caires r\u00e9sidentiels avec une mise de fonds de 20 % ou plus). \u00c0 partir du 1er juin, m\u00eame [&hellip;]<\/p>\n","protected":false},"author":742,"featured_media":0,"parent":0,"menu_order":0,"comment_status":"closed","ping_status":"closed","template":"","meta":{"_acf_changed":false,"footnotes":""},"class_list":["post-1897","page","type-page","status-publish","hentry"],"acf":[],"yoast_head":"<!-- This site is optimized with the Yoast SEO plugin v26.7 - https:\/\/yoast.com\/wordpress\/plugins\/seo\/ -->\n<title>Ce que les nouvelles r\u00e8gles concernant les pr\u00eats hypoth\u00e9caires non assur\u00e9s signifient pour les acheteurs de maisons. - \u00c9quipe M\u00e9lanie Dubois<\/title>\n<meta name=\"robots\" content=\"index, follow, max-snippet:-1, max-image-preview:large, max-video-preview:-1\" \/>\n<link rel=\"canonical\" href=\"https:\/\/melaniedubois.com\/fr\/pattie-lovett-reid-ce-que-les-nouvelles-regles-concernant-les-prets-hypothecaires-non-assures-signifient-pour-les-acheteurs-de-maisons\/\" \/>\n<meta property=\"og:locale\" content=\"fr_FR\" \/>\n<meta property=\"og:type\" content=\"article\" \/>\n<meta property=\"og:title\" content=\"Ce que les nouvelles r\u00e8gles concernant les pr\u00eats hypoth\u00e9caires non assur\u00e9s signifient pour les acheteurs de maisons. - \u00c9quipe M\u00e9lanie Dubois\" \/>\n<meta property=\"og:description\" content=\"HUNTSVILLE, ONT. &#8212; Ce n&rsquo;est pas la premi\u00e8re fois et ce ne sera pas la derni\u00e8re que le Bureau du surintendant des institutions financi\u00e8res (BSIF) modifie les r\u00e8gles d&rsquo;admissibilit\u00e9 des pr\u00eats hypoth\u00e9caires non assur\u00e9s (c&rsquo;est-\u00e0-dire les pr\u00eats hypoth\u00e9caires r\u00e9sidentiels avec une mise de fonds de 20 % ou plus). \u00c0 partir du 1er juin, m\u00eame [&hellip;]\" \/>\n<meta property=\"og:url\" content=\"https:\/\/melaniedubois.com\/fr\/pattie-lovett-reid-ce-que-les-nouvelles-regles-concernant-les-prets-hypothecaires-non-assures-signifient-pour-les-acheteurs-de-maisons\/\" \/>\n<meta property=\"og:site_name\" content=\"\u00c9quipe M\u00e9lanie Dubois\" \/>\n<meta property=\"article:modified_time\" content=\"2021-06-17T20:23:12+00:00\" \/>\n<meta property=\"og:image\" content=\"https:\/\/mcusercontent.com\/93cd80b45544fad91b6b44d60\/images\/0d17396f-f639-3c19-0b6c-f4d3af794fe2.png\" \/>\n<meta name=\"twitter:card\" content=\"summary_large_image\" \/>\n<meta name=\"twitter:label1\" content=\"Dur\u00e9e de lecture estim\u00e9e\" \/>\n\t<meta name=\"twitter:data1\" content=\"4 minutes\" \/>\n<script type=\"application\/ld+json\" class=\"yoast-schema-graph\">{\"@context\":\"https:\/\/schema.org\",\"@graph\":[{\"@type\":\"WebPage\",\"@id\":\"https:\/\/melaniedubois.com\/fr\/pattie-lovett-reid-ce-que-les-nouvelles-regles-concernant-les-prets-hypothecaires-non-assures-signifient-pour-les-acheteurs-de-maisons\/\",\"url\":\"https:\/\/melaniedubois.com\/fr\/pattie-lovett-reid-ce-que-les-nouvelles-regles-concernant-les-prets-hypothecaires-non-assures-signifient-pour-les-acheteurs-de-maisons\/\",\"name\":\"[:fr]Ce que les nouvelles r\u00e8gles concernant les pr\u00eats hypoth\u00e9caires non assur\u00e9s signifient pour les acheteurs de maisons.[:] - \u00c9quipe M\u00e9lanie Dubois\",\"isPartOf\":{\"@id\":\"https:\/\/melaniedubois.com\/en\/#website\"},\"primaryImageOfPage\":{\"@id\":\"https:\/\/melaniedubois.com\/fr\/pattie-lovett-reid-ce-que-les-nouvelles-regles-concernant-les-prets-hypothecaires-non-assures-signifient-pour-les-acheteurs-de-maisons\/#primaryimage\"},\"image\":{\"@id\":\"https:\/\/melaniedubois.com\/fr\/pattie-lovett-reid-ce-que-les-nouvelles-regles-concernant-les-prets-hypothecaires-non-assures-signifient-pour-les-acheteurs-de-maisons\/#primaryimage\"},\"thumbnailUrl\":\"https:\/\/mcusercontent.com\/93cd80b45544fad91b6b44d60\/images\/0d17396f-f639-3c19-0b6c-f4d3af794fe2.png\",\"datePublished\":\"2021-06-06T19:04:19+00:00\",\"dateModified\":\"2021-06-17T20:23:12+00:00\",\"breadcrumb\":{\"@id\":\"https:\/\/melaniedubois.com\/fr\/pattie-lovett-reid-ce-que-les-nouvelles-regles-concernant-les-prets-hypothecaires-non-assures-signifient-pour-les-acheteurs-de-maisons\/#breadcrumb\"},\"inLanguage\":\"fr-FR\",\"potentialAction\":[{\"@type\":\"ReadAction\",\"target\":[\"https:\/\/melaniedubois.com\/fr\/pattie-lovett-reid-ce-que-les-nouvelles-regles-concernant-les-prets-hypothecaires-non-assures-signifient-pour-les-acheteurs-de-maisons\/\"]}]},{\"@type\":\"ImageObject\",\"inLanguage\":\"fr-FR\",\"@id\":\"https:\/\/melaniedubois.com\/fr\/pattie-lovett-reid-ce-que-les-nouvelles-regles-concernant-les-prets-hypothecaires-non-assures-signifient-pour-les-acheteurs-de-maisons\/#primaryimage\",\"url\":\"https:\/\/mcusercontent.com\/93cd80b45544fad91b6b44d60\/images\/0d17396f-f639-3c19-0b6c-f4d3af794fe2.png\",\"contentUrl\":\"https:\/\/mcusercontent.com\/93cd80b45544fad91b6b44d60\/images\/0d17396f-f639-3c19-0b6c-f4d3af794fe2.png\"},{\"@type\":\"BreadcrumbList\",\"@id\":\"https:\/\/melaniedubois.com\/fr\/pattie-lovett-reid-ce-que-les-nouvelles-regles-concernant-les-prets-hypothecaires-non-assures-signifient-pour-les-acheteurs-de-maisons\/#breadcrumb\",\"itemListElement\":[{\"@type\":\"ListItem\",\"position\":1,\"name\":\"Accueil\",\"item\":\"https:\/\/melaniedubois.com\/en\/\"},{\"@type\":\"ListItem\",\"position\":2,\"name\":\"Ce que les nouvelles r\u00e8gles concernant les pr\u00eats hypoth\u00e9caires non assur\u00e9s signifient pour les acheteurs de maisons.\"}]},{\"@type\":\"WebSite\",\"@id\":\"https:\/\/melaniedubois.com\/en\/#website\",\"url\":\"https:\/\/melaniedubois.com\/en\/\",\"name\":\"\u00c9quipe M\u00e9lanie Dubois\",\"description\":\"Courtier immobilier Montr\u00e9al, KW Connexion\",\"potentialAction\":[{\"@type\":\"SearchAction\",\"target\":{\"@type\":\"EntryPoint\",\"urlTemplate\":\"https:\/\/melaniedubois.com\/en\/?s={search_term_string}\"},\"query-input\":{\"@type\":\"PropertyValueSpecification\",\"valueRequired\":true,\"valueName\":\"search_term_string\"}}],\"inLanguage\":\"fr-FR\"}]}<\/script>\n<!-- \/ Yoast SEO plugin. -->","yoast_head_json":{"title":"Ce que les nouvelles r\u00e8gles concernant les pr\u00eats hypoth\u00e9caires non assur\u00e9s signifient pour les acheteurs de maisons. - \u00c9quipe M\u00e9lanie Dubois","robots":{"index":"index","follow":"follow","max-snippet":"max-snippet:-1","max-image-preview":"max-image-preview:large","max-video-preview":"max-video-preview:-1"},"canonical":"https:\/\/melaniedubois.com\/fr\/pattie-lovett-reid-ce-que-les-nouvelles-regles-concernant-les-prets-hypothecaires-non-assures-signifient-pour-les-acheteurs-de-maisons\/","og_locale":"fr_FR","og_type":"article","og_title":"Ce que les nouvelles r\u00e8gles concernant les pr\u00eats hypoth\u00e9caires non assur\u00e9s signifient pour les acheteurs de maisons. - \u00c9quipe M\u00e9lanie Dubois","og_description":"HUNTSVILLE, ONT. &#8212; Ce n&rsquo;est pas la premi\u00e8re fois et ce ne sera pas la derni\u00e8re que le Bureau du surintendant des institutions financi\u00e8res (BSIF) modifie les r\u00e8gles d&rsquo;admissibilit\u00e9 des pr\u00eats hypoth\u00e9caires non assur\u00e9s (c&rsquo;est-\u00e0-dire les pr\u00eats hypoth\u00e9caires r\u00e9sidentiels avec une mise de fonds de 20 % ou plus). \u00c0 partir du 1er juin, m\u00eame [&hellip;]","og_url":"https:\/\/melaniedubois.com\/fr\/pattie-lovett-reid-ce-que-les-nouvelles-regles-concernant-les-prets-hypothecaires-non-assures-signifient-pour-les-acheteurs-de-maisons\/","og_site_name":"\u00c9quipe M\u00e9lanie Dubois","article_modified_time":"2021-06-17T20:23:12+00:00","og_image":[{"url":"https:\/\/mcusercontent.com\/93cd80b45544fad91b6b44d60\/images\/0d17396f-f639-3c19-0b6c-f4d3af794fe2.png","type":"","width":"","height":""}],"twitter_card":"summary_large_image","twitter_misc":{"Dur\u00e9e de lecture estim\u00e9e":"4 minutes"},"schema":{"@context":"https:\/\/schema.org","@graph":[{"@type":"WebPage","@id":"https:\/\/melaniedubois.com\/fr\/pattie-lovett-reid-ce-que-les-nouvelles-regles-concernant-les-prets-hypothecaires-non-assures-signifient-pour-les-acheteurs-de-maisons\/","url":"https:\/\/melaniedubois.com\/fr\/pattie-lovett-reid-ce-que-les-nouvelles-regles-concernant-les-prets-hypothecaires-non-assures-signifient-pour-les-acheteurs-de-maisons\/","name":"[:fr]Ce que les nouvelles r\u00e8gles concernant les pr\u00eats hypoth\u00e9caires non assur\u00e9s signifient pour les acheteurs de maisons.[:] - \u00c9quipe M\u00e9lanie Dubois","isPartOf":{"@id":"https:\/\/melaniedubois.com\/en\/#website"},"primaryImageOfPage":{"@id":"https:\/\/melaniedubois.com\/fr\/pattie-lovett-reid-ce-que-les-nouvelles-regles-concernant-les-prets-hypothecaires-non-assures-signifient-pour-les-acheteurs-de-maisons\/#primaryimage"},"image":{"@id":"https:\/\/melaniedubois.com\/fr\/pattie-lovett-reid-ce-que-les-nouvelles-regles-concernant-les-prets-hypothecaires-non-assures-signifient-pour-les-acheteurs-de-maisons\/#primaryimage"},"thumbnailUrl":"https:\/\/mcusercontent.com\/93cd80b45544fad91b6b44d60\/images\/0d17396f-f639-3c19-0b6c-f4d3af794fe2.png","datePublished":"2021-06-06T19:04:19+00:00","dateModified":"2021-06-17T20:23:12+00:00","breadcrumb":{"@id":"https:\/\/melaniedubois.com\/fr\/pattie-lovett-reid-ce-que-les-nouvelles-regles-concernant-les-prets-hypothecaires-non-assures-signifient-pour-les-acheteurs-de-maisons\/#breadcrumb"},"inLanguage":"fr-FR","potentialAction":[{"@type":"ReadAction","target":["https:\/\/melaniedubois.com\/fr\/pattie-lovett-reid-ce-que-les-nouvelles-regles-concernant-les-prets-hypothecaires-non-assures-signifient-pour-les-acheteurs-de-maisons\/"]}]},{"@type":"ImageObject","inLanguage":"fr-FR","@id":"https:\/\/melaniedubois.com\/fr\/pattie-lovett-reid-ce-que-les-nouvelles-regles-concernant-les-prets-hypothecaires-non-assures-signifient-pour-les-acheteurs-de-maisons\/#primaryimage","url":"https:\/\/mcusercontent.com\/93cd80b45544fad91b6b44d60\/images\/0d17396f-f639-3c19-0b6c-f4d3af794fe2.png","contentUrl":"https:\/\/mcusercontent.com\/93cd80b45544fad91b6b44d60\/images\/0d17396f-f639-3c19-0b6c-f4d3af794fe2.png"},{"@type":"BreadcrumbList","@id":"https:\/\/melaniedubois.com\/fr\/pattie-lovett-reid-ce-que-les-nouvelles-regles-concernant-les-prets-hypothecaires-non-assures-signifient-pour-les-acheteurs-de-maisons\/#breadcrumb","itemListElement":[{"@type":"ListItem","position":1,"name":"Accueil","item":"https:\/\/melaniedubois.com\/en\/"},{"@type":"ListItem","position":2,"name":"Ce que les nouvelles r\u00e8gles concernant les pr\u00eats hypoth\u00e9caires non assur\u00e9s signifient pour les acheteurs de maisons."}]},{"@type":"WebSite","@id":"https:\/\/melaniedubois.com\/en\/#website","url":"https:\/\/melaniedubois.com\/en\/","name":"\u00c9quipe M\u00e9lanie Dubois","description":"Courtier immobilier Montr\u00e9al, KW Connexion","potentialAction":[{"@type":"SearchAction","target":{"@type":"EntryPoint","urlTemplate":"https:\/\/melaniedubois.com\/en\/?s={search_term_string}"},"query-input":{"@type":"PropertyValueSpecification","valueRequired":true,"valueName":"search_term_string"}}],"inLanguage":"fr-FR"}]}},"_links":{"self":[{"href":"https:\/\/melaniedubois.com\/fr\/wp-json\/wp\/v2\/pages\/1897","targetHints":{"allow":["GET"]}}],"collection":[{"href":"https:\/\/melaniedubois.com\/fr\/wp-json\/wp\/v2\/pages"}],"about":[{"href":"https:\/\/melaniedubois.com\/fr\/wp-json\/wp\/v2\/types\/page"}],"author":[{"embeddable":true,"href":"https:\/\/melaniedubois.com\/fr\/wp-json\/wp\/v2\/users\/742"}],"replies":[{"embeddable":true,"href":"https:\/\/melaniedubois.com\/fr\/wp-json\/wp\/v2\/comments?post=1897"}],"version-history":[{"count":2,"href":"https:\/\/melaniedubois.com\/fr\/wp-json\/wp\/v2\/pages\/1897\/revisions"}],"predecessor-version":[{"id":1900,"href":"https:\/\/melaniedubois.com\/fr\/wp-json\/wp\/v2\/pages\/1897\/revisions\/1900"}],"wp:attachment":[{"href":"https:\/\/melaniedubois.com\/fr\/wp-json\/wp\/v2\/media?parent=1897"}],"curies":[{"name":"wp","href":"https:\/\/api.w.org\/{rel}","templated":true}]}}