{"id":1902,"date":"2021-06-20T06:22:50","date_gmt":"2021-06-20T10:22:50","guid":{"rendered":"http:\/\/melaniedubois.com\/?page_id=1902"},"modified":"2021-06-20T06:22:50","modified_gmt":"2021-06-20T10:22:50","slug":"comment-tirer-le-meilleur-parti-de-la-nouvelle-subvention-federale-pour-la-renovation-des-logements-verts","status":"publish","type":"page","link":"https:\/\/melaniedubois.com\/fr\/comment-tirer-le-meilleur-parti-de-la-nouvelle-subvention-federale-pour-la-renovation-des-logements-verts\/","title":{"rendered":"Comment tirer le meilleur parti de la nouvelle subvention f\u00e9d\u00e9rale pour la r\u00e9novation des logements \u00ab\u00a0verts\u00a0\u00bb ?"},"content":{"rendered":"<p><\/p>\n<p style=\"text-align: justify;\">Les propri\u00e9taires peuvent b\u00e9n\u00e9ficier d&rsquo;une subvention f\u00e9d\u00e9rale d&rsquo;un montant maximal de 5 600 dollars pour des am\u00e9liorations et des audits \u00e9nerg\u00e9tiques.<\/p>\n<p style=\"text-align: justify;\"><img decoding=\"async\" src=\"https:\/\/infos.trouver-un-logement-neuf.com\/img_article\/zoom\/b124902c7eb26827031739e975b128a5-8334_zoom.jpg\" alt=\"21 propositions europ\u00e9ennes pour du logement vert et accessible\" \/><\/p>\n<p style=\"text-align: justify;\">Lorsque le gouvernement f\u00e9d\u00e9ral a lanc\u00e9 sa Subvention canadienne pour des maisons plus vertes il y a une semaine, le niveau d&rsquo;int\u00e9r\u00eat \u00e9tait suffisamment \u00e9lev\u00e9 pour faire planter temporairement le site Web. Le programme a re\u00e7u au moins 30 000 demandes jusqu&rsquo;\u00e0 pr\u00e9sent.<\/p>\n<p style=\"text-align: justify;\">Aujourd&rsquo;hui, les v\u00e9rificateurs de la consommation d&rsquo;\u00e9nergie et les entrepreneurs disent qu&rsquo;ils re\u00e7oivent une vague de demandes de renseignements de la part de propri\u00e9taires d\u00e9sireux de demander ce qui pourrait repr\u00e9senter une aide f\u00e9d\u00e9rale de 5 600 $ par m\u00e9nage.<\/p>\n<p style=\"text-align: justify;\">\u00a0\u00bb Il y a litt\u00e9ralement des milliers de propri\u00e9taires qui appellent \u00ab\u00a0, a d\u00e9clar\u00e9 Peter Sundberg, directeur ex\u00e9cutif de City Green Solutions, un organisme \u00e0 but non lucratif sp\u00e9cialis\u00e9 dans l&rsquo;efficacit\u00e9 \u00e9nerg\u00e9tique en Colombie-Britannique. \u00ab\u00a0Je pense qu&rsquo;il y a d\u00e9j\u00e0 une demande extr\u00eamement forte\u00a0\u00bb.<\/p>\n<p style=\"text-align: justify;\">Mais malgr\u00e9 cette forte demande, la taille et la port\u00e9e du programme de subventions suscitent des inqui\u00e9tudes.<\/p>\n<p style=\"text-align: justify;\">\u00ab\u00a0Ce programme pr\u00e9sente quelques d\u00e9fis\u00a0\u00bb, a d\u00e9clar\u00e9 Tom-Pierre Frapp\u00e9-S\u00e9n\u00e9clauze, directeur des b\u00e2timents et des solutions urbaines \u00e0 l&rsquo;Institut Pembina.<\/p>\n<p style=\"text-align: justify;\">Pour r\u00e9pondre \u00e0 certaines de ces questions en suspens et explorer les limites du programme, CBC News s&rsquo;est plong\u00e9 dans les d\u00e9tails de la Subvention canadienne pour des maisons plus vertes.<\/p>\n<h2 style=\"text-align: justify;\">Qui est \u00e9ligible ?<\/h2>\n<p style=\"text-align: justify;\">Les propri\u00e9taires de maison, \u00e9videmment. Mais les candidats doivent \u00e9galement remplir d&rsquo;autres conditions avant de faire leur demande en ligne :<\/p>\n<p style=\"text-align: justify;\">Ils doivent prouver qu&rsquo;ils vivent dans la maison ; les propri\u00e9taires qui vivent hors du site ne sont pas admissibles.<br \/>\nLe logement doit \u00eatre une maison individuelle ou jumel\u00e9e, une maison en rang\u00e9e, une maison en rang\u00e9e, un chalet toutes saisons ou un certain type de maison mobile ou de bateau-maison.<br \/>\nBien que les condos ne soient g\u00e9n\u00e9ralement pas admissibles, les propri\u00e9taires de condos dans des immeubles de faible hauteur peuvent \u00eatre admissibles.<br \/>\nLes conseils de bande des Premi\u00e8res nations, les organisations de revendications territoriales et les organismes de gestion du logement autochtone peuvent pr\u00e9senter une demande de subvention.<br \/>\nLes maisons neuves ne sont pas admissibles.<\/p>\n<h2 style=\"text-align: justify;\">Quelles sont les am\u00e9liorations admissibles ?<\/h2>\n<p style=\"text-align: justify;\">Selon Ressources naturelles Canada (RNCan), le minist\u00e8re f\u00e9d\u00e9ral qui administre le programme, voici les projets qui sont admissibles \u00e0 la subvention :<\/p>\n<p style=\"text-align: justify;\">Isolation (jusqu&rsquo;\u00e0 5 000 $)<br \/>\nScellement pour am\u00e9liorer l&rsquo;\u00e9tanch\u00e9it\u00e9 \u00e0 l&rsquo;air (jusqu&rsquo;\u00e0 1 000 $)<br \/>\nRemplacement des fen\u00eatres et des portes (jusqu&rsquo;\u00e0 5 000 $)<br \/>\nInstallation de pompes \u00e0 chaleur et de chauffe-eau (jusqu&rsquo;\u00e0 5 000 $)<br \/>\nInstallation de panneaux solaires (jusqu&rsquo;\u00e0 5 000 $)<br \/>\nMesures de r\u00e9silience comme les batteries, l&rsquo;imperm\u00e9abilisation des fondations et les membranes de toiture (jusqu&rsquo;\u00e0 2 625 $)<br \/>\nInstallation d&rsquo;un thermostat intelligent (jusqu&rsquo;\u00e0 50 $, mais doit \u00eatre combin\u00e9 \u00e0 une autre am\u00e9lioration).<br \/>\nSelon RNCan, les mat\u00e9riaux et l&rsquo;\u00e9quipement doivent \u00eatre achet\u00e9s au Canada ou aupr\u00e8s d&rsquo;un distributeur canadien en ligne.<\/p>\n<h2 style=\"text-align: justify;\">Y a-t-il des conditions \u00e0 remplir ?<\/h2>\n<p style=\"text-align: justify;\">Les propri\u00e9taires ne recevront pas l&rsquo;argent imm\u00e9diatement. La subvention n&rsquo;est vers\u00e9e qu&rsquo;apr\u00e8s qu&rsquo;ils aient d\u00e9pens\u00e9 l&rsquo;argent &#8211; dans certains cas, une somme consid\u00e9rable. Pour \u00eatre admissible, un propri\u00e9taire doit d&rsquo;abord faire l&rsquo;objet d&rsquo;une v\u00e9rification de la consommation d&rsquo;\u00e9nergie \u00e0 ses frais, engager des entrepreneurs, payer les mat\u00e9riaux, puis passer une v\u00e9rification finale de la consommation d&rsquo;\u00e9nergie &#8211; encore une fois, de sa poche.<\/p>\n<p style=\"text-align: justify;\">Une fois les am\u00e9liorations certifi\u00e9es, le gouvernement d\u00e9clare qu&rsquo;il remboursera les propri\u00e9taires et l&rsquo;argent devrait arriver dans un d\u00e9lai d&rsquo;un mois. Mais un propri\u00e9taire n&rsquo;est pas assur\u00e9 de recevoir la subvention maximale de 5 600 $. Le montant de la subvention d\u00e9pend de la v\u00e9rification effectu\u00e9e au moment des travaux.<\/p>\n<p style=\"text-align: justify;\">Selon l&rsquo;Institut Pembina, le co\u00fbt de travaux de r\u00e9novation importants visant \u00e0 r\u00e9duire les factures d&rsquo;\u00e9nergie et les \u00e9missions d\u00e9passerait probablement la valeur de la subvention. De tels travaux peuvent co\u00fbter entre 30 000 et 100 000 dollars pour une maison unifamiliale.<\/p>\n<p style=\"text-align: justify;\">\u00ab\u00a0Ce n&rsquo;est pas de l&rsquo;argent gratuit\u00a0\u00bb, a d\u00e9clar\u00e9 Mme Frapp\u00e9-S\u00e9n\u00e9clauze.<\/p>\n<h2 style=\"text-align: justify;\">Comment un propri\u00e9taire peut-il en avoir pour son argent ?<\/h2>\n<p style=\"text-align: justify;\">Selon les experts, les propri\u00e9taires devraient examiner attentivement leurs priorit\u00e9s en mati\u00e8re de r\u00e9novation avant de se lancer. La maison est-elle trop chaude en \u00e9t\u00e9 ? Y a-t-il des courants d&rsquo;air en hiver ? Est-il temps de r\u00e9parer les fuites dans les fondations ? Quelle est l&rsquo;ampleur de l&#8217;empreinte carbone du b\u00e2timent ? Les maisons et les b\u00e2timents sont responsables de 18 % des \u00e9missions de carbone du pays.<\/p>\n<p style=\"text-align: justify;\">\u00c9tant donn\u00e9 que la forte demande pour le programme augmente les d\u00e9lais d&rsquo;attente pour les conseillers en \u00e9nergie et les entrepreneurs, les demandeurs devront probablement attendre plus longtemps qu&rsquo;ils ne le souhaiteraient avant que les r\u00e9parations ne commencent.<\/p>\n<p style=\"text-align: justify;\">\u00ab\u00a0Je pense que la demande est tellement \u00e9lev\u00e9e en ce moment, et que la capacit\u00e9 de toutes les provinces et de r\u00e9pondre \u00e0 cette demande est limit\u00e9e\u00a0\u00bb, a d\u00e9clar\u00e9 M. Sundberg. \u00ab\u00a0Il est probablement pr\u00e9f\u00e9rable de faire une pause pendant un moment, de r\u00e9fl\u00e9chir aux am\u00e9liorations que vous pourriez vouloir faire, de r\u00e9fl\u00e9chir potentiellement au type d&rsquo;entrepreneurs avec lesquels vous voudriez travailler.\u00a0\u00bb<\/p>\n<p style=\"text-align: justify;\">Et il n&rsquo;y a pas d&rsquo;urgence ; la subvention pour des maisons plus vertes sera disponible pendant les sept prochaines ann\u00e9es. En fait, en r\u00e9fl\u00e9chissant \u00e0 l&rsquo;avance \u00e0 leurs objectifs de r\u00e9novation, de nombreux propri\u00e9taires peuvent d\u00e9cider qu&rsquo;il est plus rapide et moins cher de faire les travaux sans attendre l&rsquo;aide du gouvernement.<\/p>\n<p style=\"text-align: justify;\">D&rsquo;un autre c\u00f4t\u00e9, il est peut-\u00eatre pr\u00e9f\u00e9rable d&rsquo;attendre avant de pr\u00e9senter une demande, car d&rsquo;autres ordres de gouvernement pourraient finir par se lancer eux-m\u00eames dans le jeu des subventions. Bien que la Colombie-Britannique, le Qu\u00e9bec et la Nouvelle-\u00c9cosse offrent d\u00e9j\u00e0 des soutiens similaires, d&rsquo;autres r\u00e9gions pourraient bient\u00f4t annoncer leurs propres programmes, qui pourraient \u00eatre combin\u00e9s au programme f\u00e9d\u00e9ral.<\/p>\n<p style=\"text-align: justify;\">Entre-temps, certaines administrations municipales &#8211; dont celles d&rsquo;Edmonton et de Toronto &#8211; offrent leur propre aide \u00e0 la r\u00e9novation domiciliaire li\u00e9e aux imp\u00f4ts fonciers des propri\u00e9taires. Ces programmes municipaux sont mieux connus sous le nom de Property Assessed Clean Energy, ou PACE en abr\u00e9g\u00e9.<\/p>\n<p style=\"text-align: justify;\">\u00ab\u00a0Avec la participation du gouvernement f\u00e9d\u00e9ral, on esp\u00e8re que cette subvention pourra vraiment s&rsquo;inscrire dans un syst\u00e8me plus vaste de soutien aux Canadiens \u00ab\u00a0, a d\u00e9clar\u00e9 Brendan Haley, directeur des politiques \u00e0 Efficacit\u00e9 Canada.<\/p>\n<p style=\"text-align: justify;\">Et au cours de l&rsquo;\u00e9t\u00e9, le gouvernement f\u00e9d\u00e9ral devrait mettre en place un programme de pr\u00eats sans int\u00e9r\u00eat pour la r\u00e9novation, qui pourrait fournir jusqu&rsquo;\u00e0 40 000 dollars de capital d&#8217;emprunt par m\u00e9nage.<\/p>\n<p style=\"text-align: justify;\">Voici une autre raison d&rsquo;attendre. La r\u00e9novation d&rsquo;une maison n\u00e9cessite souvent l&rsquo;intervention de plusieurs entrepreneurs. \u00c0 mesure que la demande de r\u00e9novations augmente, nous pourrions voir davantage d&rsquo;entreprises offrir aux propri\u00e9taires des solutions \u00e0 guichet unique ou \u00a0\u00bb cl\u00e9s en main \u00ab\u00a0, a d\u00e9clar\u00e9 Mme Frapp\u00e9-S\u00e9n\u00e9clauze.<\/p>\n<h2 style=\"text-align: justify;\">Que peuvent faire ceux qui ne sont pas admissibles \u00e0 ce programme ?<\/h2>\n<p style=\"text-align: justify;\">Les d\u00e9fenseurs de l&rsquo;efficacit\u00e9 \u00e9nerg\u00e9tique affirment que c&rsquo;est l\u00e0 le probl\u00e8me flagrant du programme : il laisse de c\u00f4t\u00e9 les locataires et les propri\u00e9taires qui n&rsquo;ont pas les moyens de d\u00e9penser l&rsquo;argent au d\u00e9part.<br \/>\n\u00ab\u00a0L&rsquo;absence d&rsquo;un programme qui s&rsquo;adresse sp\u00e9cifiquement aux Canadiens \u00e0 faible revenu est une lacune de la politique \u00ab\u00a0, a d\u00e9clar\u00e9 Mme Haley.<\/p>\n<p style=\"text-align: justify;\">Un organisme sans but lucratif qui travaille avec des communaut\u00e9s multilingues et multiculturelles sugg\u00e8re que, dans la mesure du possible, les locataires adoptent des thermostats programmables ou \u00ab\u00a0intelligents\u00a0\u00bb et bouchent les fissures des portes et des fen\u00eatres qui laissent passer l&rsquo;air froid.<\/p>\n<p style=\"text-align: justify;\">\u00ab\u00a0Le chauffage de votre espace et de votre eau repr\u00e9sente 60 % de votre facture\u00a0\u00bb, a d\u00e9clar\u00e9 Yasmin Abraham, vice-pr\u00e9sident et cofondateur d&rsquo;Empower Me.<\/p>\n<p style=\"text-align: justify;\">En fin de compte, cependant, il y a une limite \u00e0 ce que les m\u00e9nages \u00e0 faible revenu et les locataires peuvent se permettre de faire. Abraham a demand\u00e9 au gouvernement f\u00e9d\u00e9ral de fournir des programmes qui r\u00e9pondent aux besoins de chaque m\u00e9nage canadien.<\/p>\n<p>&nbsp;<\/p>\n<p><a href=\"https:\/\/www.cbc.ca\/news\/politics\/retrofit-grant-green-homes-1.6051064\">Source : Article de David Thurton sur le site cbc.ca le 4 juin 2021<\/a><\/p>\n<p>&nbsp;<\/p>\n<p style=\"text-align: center;\">Nous avons des acheteurs qui cherchent activement !<br \/>\nVous connaissez quelqu&rsquo;un qui consid\u00e8re vendre ?<br \/>\nNous pouvons\u00a0fournir\u00a0une liste des ventes comparables dans\u00a0leur\u00a0secteur.<br \/>\nC&rsquo;est GRATUIT, aucune obligation !<\/p>\n<p>&nbsp;<\/p>\n<p><img decoding=\"async\" src=\"https:\/\/mcusercontent.com\/93cd80b45544fad91b6b44d60\/images\/4e6f6591-1108-4326-bdd0-44f74a03ea2b.png\" \/><\/p>","protected":false},"excerpt":{"rendered":"<p>Les propri\u00e9taires peuvent b\u00e9n\u00e9ficier d&rsquo;une subvention f\u00e9d\u00e9rale d&rsquo;un montant maximal de 5 600 dollars pour des am\u00e9liorations et des audits \u00e9nerg\u00e9tiques. Lorsque le gouvernement f\u00e9d\u00e9ral a lanc\u00e9 sa Subvention canadienne pour des maisons plus vertes il y a une semaine, le niveau d&rsquo;int\u00e9r\u00eat \u00e9tait suffisamment \u00e9lev\u00e9 pour faire planter temporairement le site Web. Le programme [&hellip;]<\/p>\n","protected":false},"author":742,"featured_media":0,"parent":0,"menu_order":0,"comment_status":"closed","ping_status":"closed","template":"","meta":{"_acf_changed":false,"footnotes":""},"class_list":["post-1902","page","type-page","status-publish","hentry"],"acf":[],"yoast_head":"<!-- This site is optimized with the Yoast SEO plugin v26.7 - https:\/\/yoast.com\/wordpress\/plugins\/seo\/ -->\n<title>Comment tirer le meilleur parti de la nouvelle subvention f\u00e9d\u00e9rale pour la r\u00e9novation des logements &quot;verts&quot; ? - \u00c9quipe M\u00e9lanie Dubois<\/title>\n<meta name=\"robots\" content=\"index, follow, max-snippet:-1, max-image-preview:large, max-video-preview:-1\" \/>\n<link rel=\"canonical\" href=\"https:\/\/melaniedubois.com\/fr\/comment-tirer-le-meilleur-parti-de-la-nouvelle-subvention-federale-pour-la-renovation-des-logements-verts\/\" \/>\n<meta property=\"og:locale\" content=\"fr_FR\" \/>\n<meta property=\"og:type\" content=\"article\" \/>\n<meta property=\"og:title\" content=\"Comment tirer le meilleur parti de la nouvelle subvention f\u00e9d\u00e9rale pour la r\u00e9novation des logements &quot;verts&quot; ? - \u00c9quipe M\u00e9lanie Dubois\" \/>\n<meta property=\"og:description\" content=\"Les propri\u00e9taires peuvent b\u00e9n\u00e9ficier d&rsquo;une subvention f\u00e9d\u00e9rale d&rsquo;un montant maximal de 5 600 dollars pour des am\u00e9liorations et des audits \u00e9nerg\u00e9tiques. Lorsque le gouvernement f\u00e9d\u00e9ral a lanc\u00e9 sa Subvention canadienne pour des maisons plus vertes il y a une semaine, le niveau d&rsquo;int\u00e9r\u00eat \u00e9tait suffisamment \u00e9lev\u00e9 pour faire planter temporairement le site Web. Le programme [&hellip;]\" \/>\n<meta property=\"og:url\" content=\"https:\/\/melaniedubois.com\/fr\/comment-tirer-le-meilleur-parti-de-la-nouvelle-subvention-federale-pour-la-renovation-des-logements-verts\/\" \/>\n<meta property=\"og:site_name\" content=\"\u00c9quipe M\u00e9lanie Dubois\" \/>\n<meta property=\"og:image\" content=\"https:\/\/infos.trouver-un-logement-neuf.com\/img_article\/zoom\/b124902c7eb26827031739e975b128a5-8334_zoom.jpg\" \/>\n<meta name=\"twitter:card\" content=\"summary_large_image\" \/>\n<meta name=\"twitter:label1\" content=\"Dur\u00e9e de lecture estim\u00e9e\" \/>\n\t<meta name=\"twitter:data1\" content=\"7 minutes\" \/>\n<script type=\"application\/ld+json\" class=\"yoast-schema-graph\">{\"@context\":\"https:\/\/schema.org\",\"@graph\":[{\"@type\":\"WebPage\",\"@id\":\"https:\/\/melaniedubois.com\/fr\/comment-tirer-le-meilleur-parti-de-la-nouvelle-subvention-federale-pour-la-renovation-des-logements-verts\/\",\"url\":\"https:\/\/melaniedubois.com\/fr\/comment-tirer-le-meilleur-parti-de-la-nouvelle-subvention-federale-pour-la-renovation-des-logements-verts\/\",\"name\":\"[:fr]Comment tirer le meilleur parti de la nouvelle subvention f\u00e9d\u00e9rale pour la r\u00e9novation des logements \\\"verts\\\" ?[:] - \u00c9quipe M\u00e9lanie Dubois\",\"isPartOf\":{\"@id\":\"https:\/\/melaniedubois.com\/en\/#website\"},\"primaryImageOfPage\":{\"@id\":\"https:\/\/melaniedubois.com\/fr\/comment-tirer-le-meilleur-parti-de-la-nouvelle-subvention-federale-pour-la-renovation-des-logements-verts\/#primaryimage\"},\"image\":{\"@id\":\"https:\/\/melaniedubois.com\/fr\/comment-tirer-le-meilleur-parti-de-la-nouvelle-subvention-federale-pour-la-renovation-des-logements-verts\/#primaryimage\"},\"thumbnailUrl\":\"https:\/\/infos.trouver-un-logement-neuf.com\/img_article\/zoom\/b124902c7eb26827031739e975b128a5-8334_zoom.jpg\",\"datePublished\":\"2021-06-20T10:22:50+00:00\",\"breadcrumb\":{\"@id\":\"https:\/\/melaniedubois.com\/fr\/comment-tirer-le-meilleur-parti-de-la-nouvelle-subvention-federale-pour-la-renovation-des-logements-verts\/#breadcrumb\"},\"inLanguage\":\"fr-FR\",\"potentialAction\":[{\"@type\":\"ReadAction\",\"target\":[\"https:\/\/melaniedubois.com\/fr\/comment-tirer-le-meilleur-parti-de-la-nouvelle-subvention-federale-pour-la-renovation-des-logements-verts\/\"]}]},{\"@type\":\"ImageObject\",\"inLanguage\":\"fr-FR\",\"@id\":\"https:\/\/melaniedubois.com\/fr\/comment-tirer-le-meilleur-parti-de-la-nouvelle-subvention-federale-pour-la-renovation-des-logements-verts\/#primaryimage\",\"url\":\"https:\/\/infos.trouver-un-logement-neuf.com\/img_article\/zoom\/b124902c7eb26827031739e975b128a5-8334_zoom.jpg\",\"contentUrl\":\"https:\/\/infos.trouver-un-logement-neuf.com\/img_article\/zoom\/b124902c7eb26827031739e975b128a5-8334_zoom.jpg\"},{\"@type\":\"BreadcrumbList\",\"@id\":\"https:\/\/melaniedubois.com\/fr\/comment-tirer-le-meilleur-parti-de-la-nouvelle-subvention-federale-pour-la-renovation-des-logements-verts\/#breadcrumb\",\"itemListElement\":[{\"@type\":\"ListItem\",\"position\":1,\"name\":\"Accueil\",\"item\":\"https:\/\/melaniedubois.com\/en\/\"},{\"@type\":\"ListItem\",\"position\":2,\"name\":\"Comment tirer le meilleur parti de la nouvelle subvention f\u00e9d\u00e9rale pour la r\u00e9novation des logements \u00ab\u00a0verts\u00a0\u00bb ?\"}]},{\"@type\":\"WebSite\",\"@id\":\"https:\/\/melaniedubois.com\/en\/#website\",\"url\":\"https:\/\/melaniedubois.com\/en\/\",\"name\":\"\u00c9quipe M\u00e9lanie Dubois\",\"description\":\"Courtier immobilier Montr\u00e9al, KW Connexion\",\"potentialAction\":[{\"@type\":\"SearchAction\",\"target\":{\"@type\":\"EntryPoint\",\"urlTemplate\":\"https:\/\/melaniedubois.com\/en\/?s={search_term_string}\"},\"query-input\":{\"@type\":\"PropertyValueSpecification\",\"valueRequired\":true,\"valueName\":\"search_term_string\"}}],\"inLanguage\":\"fr-FR\"}]}<\/script>\n<!-- \/ Yoast SEO plugin. -->","yoast_head_json":{"title":"Comment tirer le meilleur parti de la nouvelle subvention f\u00e9d\u00e9rale pour la r\u00e9novation des logements \"verts\" ? - \u00c9quipe M\u00e9lanie Dubois","robots":{"index":"index","follow":"follow","max-snippet":"max-snippet:-1","max-image-preview":"max-image-preview:large","max-video-preview":"max-video-preview:-1"},"canonical":"https:\/\/melaniedubois.com\/fr\/comment-tirer-le-meilleur-parti-de-la-nouvelle-subvention-federale-pour-la-renovation-des-logements-verts\/","og_locale":"fr_FR","og_type":"article","og_title":"Comment tirer le meilleur parti de la nouvelle subvention f\u00e9d\u00e9rale pour la r\u00e9novation des logements \"verts\" ? - \u00c9quipe M\u00e9lanie Dubois","og_description":"Les propri\u00e9taires peuvent b\u00e9n\u00e9ficier d&rsquo;une subvention f\u00e9d\u00e9rale d&rsquo;un montant maximal de 5 600 dollars pour des am\u00e9liorations et des audits \u00e9nerg\u00e9tiques. Lorsque le gouvernement f\u00e9d\u00e9ral a lanc\u00e9 sa Subvention canadienne pour des maisons plus vertes il y a une semaine, le niveau d&rsquo;int\u00e9r\u00eat \u00e9tait suffisamment \u00e9lev\u00e9 pour faire planter temporairement le site Web. Le programme [&hellip;]","og_url":"https:\/\/melaniedubois.com\/fr\/comment-tirer-le-meilleur-parti-de-la-nouvelle-subvention-federale-pour-la-renovation-des-logements-verts\/","og_site_name":"\u00c9quipe M\u00e9lanie Dubois","og_image":[{"url":"https:\/\/infos.trouver-un-logement-neuf.com\/img_article\/zoom\/b124902c7eb26827031739e975b128a5-8334_zoom.jpg","type":"","width":"","height":""}],"twitter_card":"summary_large_image","twitter_misc":{"Dur\u00e9e de lecture estim\u00e9e":"7 minutes"},"schema":{"@context":"https:\/\/schema.org","@graph":[{"@type":"WebPage","@id":"https:\/\/melaniedubois.com\/fr\/comment-tirer-le-meilleur-parti-de-la-nouvelle-subvention-federale-pour-la-renovation-des-logements-verts\/","url":"https:\/\/melaniedubois.com\/fr\/comment-tirer-le-meilleur-parti-de-la-nouvelle-subvention-federale-pour-la-renovation-des-logements-verts\/","name":"[:fr]Comment tirer le meilleur parti de la nouvelle subvention f\u00e9d\u00e9rale pour la r\u00e9novation des logements \"verts\" ?[:] - \u00c9quipe M\u00e9lanie Dubois","isPartOf":{"@id":"https:\/\/melaniedubois.com\/en\/#website"},"primaryImageOfPage":{"@id":"https:\/\/melaniedubois.com\/fr\/comment-tirer-le-meilleur-parti-de-la-nouvelle-subvention-federale-pour-la-renovation-des-logements-verts\/#primaryimage"},"image":{"@id":"https:\/\/melaniedubois.com\/fr\/comment-tirer-le-meilleur-parti-de-la-nouvelle-subvention-federale-pour-la-renovation-des-logements-verts\/#primaryimage"},"thumbnailUrl":"https:\/\/infos.trouver-un-logement-neuf.com\/img_article\/zoom\/b124902c7eb26827031739e975b128a5-8334_zoom.jpg","datePublished":"2021-06-20T10:22:50+00:00","breadcrumb":{"@id":"https:\/\/melaniedubois.com\/fr\/comment-tirer-le-meilleur-parti-de-la-nouvelle-subvention-federale-pour-la-renovation-des-logements-verts\/#breadcrumb"},"inLanguage":"fr-FR","potentialAction":[{"@type":"ReadAction","target":["https:\/\/melaniedubois.com\/fr\/comment-tirer-le-meilleur-parti-de-la-nouvelle-subvention-federale-pour-la-renovation-des-logements-verts\/"]}]},{"@type":"ImageObject","inLanguage":"fr-FR","@id":"https:\/\/melaniedubois.com\/fr\/comment-tirer-le-meilleur-parti-de-la-nouvelle-subvention-federale-pour-la-renovation-des-logements-verts\/#primaryimage","url":"https:\/\/infos.trouver-un-logement-neuf.com\/img_article\/zoom\/b124902c7eb26827031739e975b128a5-8334_zoom.jpg","contentUrl":"https:\/\/infos.trouver-un-logement-neuf.com\/img_article\/zoom\/b124902c7eb26827031739e975b128a5-8334_zoom.jpg"},{"@type":"BreadcrumbList","@id":"https:\/\/melaniedubois.com\/fr\/comment-tirer-le-meilleur-parti-de-la-nouvelle-subvention-federale-pour-la-renovation-des-logements-verts\/#breadcrumb","itemListElement":[{"@type":"ListItem","position":1,"name":"Accueil","item":"https:\/\/melaniedubois.com\/en\/"},{"@type":"ListItem","position":2,"name":"Comment tirer le meilleur parti de la nouvelle subvention f\u00e9d\u00e9rale pour la r\u00e9novation des logements \u00ab\u00a0verts\u00a0\u00bb ?"}]},{"@type":"WebSite","@id":"https:\/\/melaniedubois.com\/en\/#website","url":"https:\/\/melaniedubois.com\/en\/","name":"\u00c9quipe M\u00e9lanie Dubois","description":"Courtier immobilier Montr\u00e9al, KW Connexion","potentialAction":[{"@type":"SearchAction","target":{"@type":"EntryPoint","urlTemplate":"https:\/\/melaniedubois.com\/en\/?s={search_term_string}"},"query-input":{"@type":"PropertyValueSpecification","valueRequired":true,"valueName":"search_term_string"}}],"inLanguage":"fr-FR"}]}},"_links":{"self":[{"href":"https:\/\/melaniedubois.com\/fr\/wp-json\/wp\/v2\/pages\/1902","targetHints":{"allow":["GET"]}}],"collection":[{"href":"https:\/\/melaniedubois.com\/fr\/wp-json\/wp\/v2\/pages"}],"about":[{"href":"https:\/\/melaniedubois.com\/fr\/wp-json\/wp\/v2\/types\/page"}],"author":[{"embeddable":true,"href":"https:\/\/melaniedubois.com\/fr\/wp-json\/wp\/v2\/users\/742"}],"replies":[{"embeddable":true,"href":"https:\/\/melaniedubois.com\/fr\/wp-json\/wp\/v2\/comments?post=1902"}],"version-history":[{"count":2,"href":"https:\/\/melaniedubois.com\/fr\/wp-json\/wp\/v2\/pages\/1902\/revisions"}],"predecessor-version":[{"id":1905,"href":"https:\/\/melaniedubois.com\/fr\/wp-json\/wp\/v2\/pages\/1902\/revisions\/1905"}],"wp:attachment":[{"href":"https:\/\/melaniedubois.com\/fr\/wp-json\/wp\/v2\/media?parent=1902"}],"curies":[{"name":"wp","href":"https:\/\/api.w.org\/{rel}","templated":true}]}}