{"id":1906,"date":"2021-06-20T06:28:13","date_gmt":"2021-06-20T10:28:13","guid":{"rendered":"http:\/\/melaniedubois.com\/?page_id=1906"},"modified":"2021-06-20T06:28:13","modified_gmt":"2021-06-20T10:28:13","slug":"how-to-make-the-most-of-that-new-federal-green-home-retrofit-grant","status":"publish","type":"page","link":"https:\/\/melaniedubois.com\/fr\/how-to-make-the-most-of-that-new-federal-green-home-retrofit-grant\/","title":{"rendered":"How to make the most of that new, federal, &lsquo;green&rsquo; home retrofit grant"},"content":{"rendered":"<p><\/p>\n<p class=\"deck\" style=\"text-align: justify;\">Homeowners are eligible for a federal grant worth up to $5,600 for upgrades and energy audits.<\/p>\n<p><img decoding=\"async\" src=\"https:\/\/mcusercontent.com\/93cd80b45544fad91b6b44d60\/images\/5979fc49-5915-7cc0-7012-6415c326dafc.jpeg\" \/><\/p>\n<p style=\"text-align: justify;\">When the federal government launched its Canada Greener Homes Grant a week ago, the interest level was high enough to\u00a0crash the website\u00a0temporarily. The program has received\u00a0at least\u00a030,000\u00a0applications so far.<\/p>\n<p style=\"text-align: justify;\">Now, energy auditors and contractors say they&rsquo;re fielding\u00a0a wave of inquiries from homeowners keen to apply for what could amount to\u00a0$5,600 in federal\u00a0support per household.<\/p>\n<section id=\"inread-wrapper-id-102119124\"><\/section>\n<p style=\"text-align: justify;\">\u00ab\u00a0There&rsquo;s literally thousands of homeowners calling,\u00a0\u00bb said Peter Sundberg, executive director of City Green Solutions, an energy efficiency non-profit in British Columbia. \u00ab\u00a0I think there is extremely high demand already.\u00a0\u00bb<\/p>\n<p style=\"text-align: justify;\">But despite the high uptake, there are early concerns about the size and scope\u00a0of the grant program.<\/p>\n<p style=\"text-align: justify;\">\u00ab\u00a0There&rsquo;s a couple of challenges with this program,\u00a0\u00bb said Tom-Pierre Frapp\u00e9-S\u00e9n\u00e9clauze, director of buildings and urban solutions at the Pembina Institute.<\/p>\n<p style=\"text-align: justify;\">To answer some of those outstanding questions and explore\u00a0the program&rsquo;s limits, CBC News took a deeper dive into the details of\u00a0Canada Greener Homes Grant.<\/p>\n<h2 style=\"text-align: justify;\">Who is eligible?<\/h2>\n<p style=\"text-align: justify;\">Homeowners, obviously. But applicants must also\u00a0meet some other conditions\u00a0before applying online:<\/p>\n<ul style=\"text-align: justify;\">\n<li>They must prove they live in the house; landlords who live off-site are not eligible.<\/li>\n<li>The home must be\u00a0a single or\u00a0semi-detached house, a row house, a\u00a0townhome, an\u00a0all-season cottage\u00a0or a certain type of mobile home or houseboat.<\/li>\n<li>Although condos generally aren&rsquo;t eligible, condo\u00a0owners in low-rise buildings may qualify.<\/li>\n<li>First Nation band councils, land claims organizations and Indigenous housing management bodies can apply for the grant.<\/li>\n<li>New homes are not eligible.<\/li>\n<\/ul>\n<h2 style=\"text-align: justify;\">Which\u00a0upgrades qualify?<\/h2>\n<p style=\"text-align: justify;\">According to Natural Resources Canada (NRCAN),\u00a0the federal department that administers the program, these are the projects that qualify for the grant:<\/p>\n<ul style=\"text-align: justify;\">\n<li>Insulation (up to $5,000)<\/li>\n<li>Air-sealing to improve air-tightness (up to $1,000)<\/li>\n<li>Replacing windows and doors (up to $5,000)<\/li>\n<li>Installing heat pumps and hot water equipment (up to $5,000)<\/li>\n<li>Installing solar panels (up to $5,000)<\/li>\n<li>Resiliency measures like batteries, foundation waterproofing and roofing membranes (up to $2,625)<\/li>\n<li>Installing a\u00a0smart thermostat (up to $50 but must be combined with another retrofit)<\/li>\n<\/ul>\n<p style=\"text-align: justify;\">Materials and equipment, NRCAN says, must be purchased in Canada or from a Canadian online distributor.<\/p>\n<h2 style=\"text-align: justify;\">Are there strings attached?<\/h2>\n<p style=\"text-align: justify;\">Homeowners won&rsquo;t receive the money upfront. The grant\u00a0<span style=\"text-decoration: underline;\">only<\/span> arrives after they&rsquo;ve spent the money \u2014 in some cases\u00a0a considerable amount. To qualify, a\u00a0homeowner\u00a0must first\u00a0undergo an energy audit at their own expense, hire contractors, pay for materials and then pass a final follow-up energy audit \u2014\u00a0again, out of pocket.<\/p>\n<p style=\"text-align: justify;\">Once the upgrades are certified, the government says it will reimburse homeowners and the money should arrive within a month. But a homeowner isn&rsquo;t guaranteed\u00a0the maximum grant of\u00a0$5,600. The amount of the grant\u00a0depends on the audit conducted when the work is done.<\/p>\n<p style=\"text-align: justify;\">The Pembina Institute says\u00a0that the cost of\u00a0extensive retrofits to\u00a0cut energy bills and reduce emissions\u00a0likely would\u00a0exceed the value of the\u00a0grant. Such work can range in cost\u00a0from $30,000 up to\u00a0$100,000 for a single family home.<\/p>\n<p style=\"text-align: justify;\">\u00ab\u00a0This is not free money,\u00a0\u00bb said Frapp\u00e9-S\u00e9n\u00e9clauze.<\/p>\n<h2 style=\"text-align: justify;\">How can a homeowner\u00a0get the most bang for the buck?<\/h2>\n<p style=\"text-align: justify;\">Experts say that homeowners should carefully consider their renovation priorities before jumping in. Is the house too hot in the summer? Is it drafty in the winter? Is it time\u00a0to fix that leaky foundation? How big is the building&rsquo;s carbon footprint? Homes and buildings account for 18 per\u00a0cent of the country&rsquo;s carbon\u00a0emissions.<\/p>\n<p style=\"text-align: justify;\">Because the surge in demand for the program is driving up\u00a0wait times for energy advisers and contractors, applicants probably will have to\u00a0wait longer than they&rsquo;d like\u00a0for repairs to begin.<\/p>\n<p style=\"text-align: justify;\">\u00ab\u00a0I think there&rsquo;s such high demand right now, and there&rsquo;s only so much capacity in all the provinces and to be able to respond to this,\u00a0\u00bb Sundberg said. \u00ab\u00a0It&rsquo;s probably best to pause for a moment, think about what the upgrades you might want to do, potentially think about what kind of contractors you would want to work with.\u00a0\u00bb<\/p>\n<p style=\"text-align: justify;\">And there&rsquo;s no rush; the Greener Homes Grant will be available for the next seven years. In fact, by thinking through their\u00a0home retrofit goals in advance, many homeowners may decide\u00a0it&rsquo;s quicker and cheaper to do the work\u00a0without waiting for\u00a0government help.<\/p>\n<p style=\"text-align: justify;\">On the other hand, it might be better to wait before applying \u2014 because other orders of government may end up getting into the\u00a0grant game themselves.\u00a0Although B.C., Quebec and Nova Scotia already offer similar supports, other regions could soon announce their own programs,\u00a0which could be combined with the\u00a0federal one.<\/p>\n<p style=\"text-align: justify;\">Meanwhile, some\u00a0municipal governments \u2014 including Edmonton and Toronto\u00a0\u2014\u00a0are offering their own\u00a0home retrofit assistance tied to a homeowner&rsquo;s property taxes. Such municipal\u00a0programs are better known as Property Assessed Clean Energy, or PACE for short.<\/p>\n<p style=\"text-align: justify;\">\u00ab\u00a0So with the federal government getting involved, the hope is that this grant can really work in a larger system of supports for Canadians,\u00a0\u00bb said Brendan Haley, a\u00a0policy director at Efficiency Canada.<\/p>\n<p style=\"text-align: justify;\">And sometime over the summer,\u00a0the federal government is expected\u00a0to roll out an interest-free retrofit loan program that could provide up to $40,000 in loan capital per household.<\/p>\n<p style=\"text-align: justify;\">Here&rsquo;s another possible reason to wait. Home renos\u00a0frequently require multiple contractors. As demand for retrofits increases, we might see more companies offering homeowners one-stop or \u00ab\u00a0turnkey\u00a0\u00bb solutions, said\u00a0Frapp\u00e9-S\u00e9n\u00e9clauze.<\/p>\n<h2 style=\"text-align: justify;\">What&rsquo;s available to those who\u00a0don&rsquo;t qualify for this program?<\/h2>\n<p style=\"text-align: justify;\">Energy efficiency advocates say this is the glaring problem with the program:\u00a0it leaves out renters and homeowners\u00a0who can&rsquo;t afford to\u00a0spend the money upfront.<\/p>\n<p style=\"text-align: justify;\">\u00ab\u00a0A policy gap is the lack of a program that&rsquo;s specifically targeted to low-income Canadians in particular,\u00a0\u00bb Haley said.<\/p>\n<p style=\"text-align: justify;\">One non-profit that works with\u00a0multilingual and multicultural communities suggests that, where possible, renters should upgrade to\u00a0programmable or \u00ab\u00a0smart\u00a0\u00bb thermostats and plug any cracks in doors and windows that let\u00a0cold air in.<\/p>\n<p style=\"text-align: justify;\">\u00ab\u00a0Heating your space and heating your water is what\u00a060 per cent of your bill is made of,\u00a0\u00bb said Yasmin Abraham, the vice president and co-founder of Empower Me.<\/p>\n<p style=\"text-align: justify;\">Ultimately, however, there&rsquo;s a limit to what low-income households and renters can\u00a0afford to\u00a0do.\u00a0Abraham called on the federal government to provide programs that serve the needs of every Canadian household.<\/p>\n<p>Source : Article by David Thurton on the website cbc.ca on 4th June 2021<\/p>\n<p>&nbsp;<\/p>\n<p style=\"text-align: center;\">We have buyers who are actively looking !<br \/>\nIf you know someone who is considering selling,<br \/>\nWe can provide a list of comparable sales in their area &#8211; it&rsquo;s FREE, no obligation !<\/p>\n<p>&nbsp;<\/p>\n<p><img decoding=\"async\" src=\"https:\/\/mcusercontent.com\/93cd80b45544fad91b6b44d60\/images\/4e6f6591-1108-4326-bdd0-44f74a03ea2b.png\" \/><\/p>\n<p style=\"text-align: justify;\">\n<p><\/p>","protected":false},"excerpt":{"rendered":"<p>Homeowners are eligible for a federal grant worth up to $5,600 for upgrades and energy audits. When the federal government launched its Canada Greener Homes Grant a week ago, the interest level was high enough to\u00a0crash the website\u00a0temporarily. The program has received\u00a0at least\u00a030,000\u00a0applications so far. Now, energy auditors and contractors say they&rsquo;re fielding\u00a0a wave of [&hellip;]<\/p>\n","protected":false},"author":742,"featured_media":0,"parent":0,"menu_order":0,"comment_status":"closed","ping_status":"closed","template":"","meta":{"_acf_changed":false,"footnotes":""},"class_list":["post-1906","page","type-page","status-publish","hentry"],"acf":[],"yoast_head":"<!-- This site is optimized with the Yoast SEO plugin v26.7 - https:\/\/yoast.com\/wordpress\/plugins\/seo\/ -->\n<title>How to make the most of that new, federal, &#039;green&#039; home retrofit grant - \u00c9quipe M\u00e9lanie Dubois<\/title>\n<meta name=\"robots\" content=\"index, follow, max-snippet:-1, max-image-preview:large, max-video-preview:-1\" \/>\n<link rel=\"canonical\" href=\"https:\/\/melaniedubois.com\/fr\/how-to-make-the-most-of-that-new-federal-green-home-retrofit-grant\/\" \/>\n<meta property=\"og:locale\" content=\"fr_FR\" \/>\n<meta property=\"og:type\" content=\"article\" \/>\n<meta property=\"og:title\" content=\"How to make the most of that new, federal, &#039;green&#039; home retrofit grant - \u00c9quipe M\u00e9lanie Dubois\" \/>\n<meta property=\"og:description\" content=\"Homeowners are eligible for a federal grant worth up to $5,600 for upgrades and energy audits. When the federal government launched its Canada Greener Homes Grant a week ago, the interest level was high enough to\u00a0crash the website\u00a0temporarily. The program has received\u00a0at least\u00a030,000\u00a0applications so far. Now, energy auditors and contractors say they&rsquo;re fielding\u00a0a wave of [&hellip;]\" \/>\n<meta property=\"og:url\" content=\"https:\/\/melaniedubois.com\/fr\/how-to-make-the-most-of-that-new-federal-green-home-retrofit-grant\/\" \/>\n<meta property=\"og:site_name\" content=\"\u00c9quipe M\u00e9lanie Dubois\" \/>\n<meta property=\"og:image\" content=\"https:\/\/mcusercontent.com\/93cd80b45544fad91b6b44d60\/images\/5979fc49-5915-7cc0-7012-6415c326dafc.jpeg\" \/>\n<meta name=\"twitter:card\" content=\"summary_large_image\" \/>\n<meta name=\"twitter:label1\" content=\"Dur\u00e9e de lecture estim\u00e9e\" \/>\n\t<meta name=\"twitter:data1\" content=\"5 minutes\" \/>\n<script type=\"application\/ld+json\" class=\"yoast-schema-graph\">{\"@context\":\"https:\/\/schema.org\",\"@graph\":[{\"@type\":\"WebPage\",\"@id\":\"https:\/\/melaniedubois.com\/fr\/how-to-make-the-most-of-that-new-federal-green-home-retrofit-grant\/\",\"url\":\"https:\/\/melaniedubois.com\/fr\/how-to-make-the-most-of-that-new-federal-green-home-retrofit-grant\/\",\"name\":\"[:fr]How to make the most of that new, federal, 'green' home retrofit grant[:] - \u00c9quipe M\u00e9lanie Dubois\",\"isPartOf\":{\"@id\":\"https:\/\/melaniedubois.com\/en\/#website\"},\"primaryImageOfPage\":{\"@id\":\"https:\/\/melaniedubois.com\/fr\/how-to-make-the-most-of-that-new-federal-green-home-retrofit-grant\/#primaryimage\"},\"image\":{\"@id\":\"https:\/\/melaniedubois.com\/fr\/how-to-make-the-most-of-that-new-federal-green-home-retrofit-grant\/#primaryimage\"},\"thumbnailUrl\":\"https:\/\/mcusercontent.com\/93cd80b45544fad91b6b44d60\/images\/5979fc49-5915-7cc0-7012-6415c326dafc.jpeg\",\"datePublished\":\"2021-06-20T10:28:13+00:00\",\"breadcrumb\":{\"@id\":\"https:\/\/melaniedubois.com\/fr\/how-to-make-the-most-of-that-new-federal-green-home-retrofit-grant\/#breadcrumb\"},\"inLanguage\":\"fr-FR\",\"potentialAction\":[{\"@type\":\"ReadAction\",\"target\":[\"https:\/\/melaniedubois.com\/fr\/how-to-make-the-most-of-that-new-federal-green-home-retrofit-grant\/\"]}]},{\"@type\":\"ImageObject\",\"inLanguage\":\"fr-FR\",\"@id\":\"https:\/\/melaniedubois.com\/fr\/how-to-make-the-most-of-that-new-federal-green-home-retrofit-grant\/#primaryimage\",\"url\":\"https:\/\/mcusercontent.com\/93cd80b45544fad91b6b44d60\/images\/5979fc49-5915-7cc0-7012-6415c326dafc.jpeg\",\"contentUrl\":\"https:\/\/mcusercontent.com\/93cd80b45544fad91b6b44d60\/images\/5979fc49-5915-7cc0-7012-6415c326dafc.jpeg\"},{\"@type\":\"BreadcrumbList\",\"@id\":\"https:\/\/melaniedubois.com\/fr\/how-to-make-the-most-of-that-new-federal-green-home-retrofit-grant\/#breadcrumb\",\"itemListElement\":[{\"@type\":\"ListItem\",\"position\":1,\"name\":\"Accueil\",\"item\":\"https:\/\/melaniedubois.com\/en\/\"},{\"@type\":\"ListItem\",\"position\":2,\"name\":\"How to make the most of that new, federal, &lsquo;green&rsquo; home retrofit grant\"}]},{\"@type\":\"WebSite\",\"@id\":\"https:\/\/melaniedubois.com\/en\/#website\",\"url\":\"https:\/\/melaniedubois.com\/en\/\",\"name\":\"\u00c9quipe M\u00e9lanie Dubois\",\"description\":\"Courtier immobilier Montr\u00e9al, KW Connexion\",\"potentialAction\":[{\"@type\":\"SearchAction\",\"target\":{\"@type\":\"EntryPoint\",\"urlTemplate\":\"https:\/\/melaniedubois.com\/en\/?s={search_term_string}\"},\"query-input\":{\"@type\":\"PropertyValueSpecification\",\"valueRequired\":true,\"valueName\":\"search_term_string\"}}],\"inLanguage\":\"fr-FR\"}]}<\/script>\n<!-- \/ Yoast SEO plugin. -->","yoast_head_json":{"title":"How to make the most of that new, federal, 'green' home retrofit grant - \u00c9quipe M\u00e9lanie Dubois","robots":{"index":"index","follow":"follow","max-snippet":"max-snippet:-1","max-image-preview":"max-image-preview:large","max-video-preview":"max-video-preview:-1"},"canonical":"https:\/\/melaniedubois.com\/fr\/how-to-make-the-most-of-that-new-federal-green-home-retrofit-grant\/","og_locale":"fr_FR","og_type":"article","og_title":"How to make the most of that new, federal, 'green' home retrofit grant - \u00c9quipe M\u00e9lanie Dubois","og_description":"Homeowners are eligible for a federal grant worth up to $5,600 for upgrades and energy audits. When the federal government launched its Canada Greener Homes Grant a week ago, the interest level was high enough to\u00a0crash the website\u00a0temporarily. The program has received\u00a0at least\u00a030,000\u00a0applications so far. Now, energy auditors and contractors say they&rsquo;re fielding\u00a0a wave of [&hellip;]","og_url":"https:\/\/melaniedubois.com\/fr\/how-to-make-the-most-of-that-new-federal-green-home-retrofit-grant\/","og_site_name":"\u00c9quipe M\u00e9lanie Dubois","og_image":[{"url":"https:\/\/mcusercontent.com\/93cd80b45544fad91b6b44d60\/images\/5979fc49-5915-7cc0-7012-6415c326dafc.jpeg","type":"","width":"","height":""}],"twitter_card":"summary_large_image","twitter_misc":{"Dur\u00e9e de lecture estim\u00e9e":"5 minutes"},"schema":{"@context":"https:\/\/schema.org","@graph":[{"@type":"WebPage","@id":"https:\/\/melaniedubois.com\/fr\/how-to-make-the-most-of-that-new-federal-green-home-retrofit-grant\/","url":"https:\/\/melaniedubois.com\/fr\/how-to-make-the-most-of-that-new-federal-green-home-retrofit-grant\/","name":"[:fr]How to make the most of that new, federal, 'green' home retrofit grant[:] - \u00c9quipe M\u00e9lanie Dubois","isPartOf":{"@id":"https:\/\/melaniedubois.com\/en\/#website"},"primaryImageOfPage":{"@id":"https:\/\/melaniedubois.com\/fr\/how-to-make-the-most-of-that-new-federal-green-home-retrofit-grant\/#primaryimage"},"image":{"@id":"https:\/\/melaniedubois.com\/fr\/how-to-make-the-most-of-that-new-federal-green-home-retrofit-grant\/#primaryimage"},"thumbnailUrl":"https:\/\/mcusercontent.com\/93cd80b45544fad91b6b44d60\/images\/5979fc49-5915-7cc0-7012-6415c326dafc.jpeg","datePublished":"2021-06-20T10:28:13+00:00","breadcrumb":{"@id":"https:\/\/melaniedubois.com\/fr\/how-to-make-the-most-of-that-new-federal-green-home-retrofit-grant\/#breadcrumb"},"inLanguage":"fr-FR","potentialAction":[{"@type":"ReadAction","target":["https:\/\/melaniedubois.com\/fr\/how-to-make-the-most-of-that-new-federal-green-home-retrofit-grant\/"]}]},{"@type":"ImageObject","inLanguage":"fr-FR","@id":"https:\/\/melaniedubois.com\/fr\/how-to-make-the-most-of-that-new-federal-green-home-retrofit-grant\/#primaryimage","url":"https:\/\/mcusercontent.com\/93cd80b45544fad91b6b44d60\/images\/5979fc49-5915-7cc0-7012-6415c326dafc.jpeg","contentUrl":"https:\/\/mcusercontent.com\/93cd80b45544fad91b6b44d60\/images\/5979fc49-5915-7cc0-7012-6415c326dafc.jpeg"},{"@type":"BreadcrumbList","@id":"https:\/\/melaniedubois.com\/fr\/how-to-make-the-most-of-that-new-federal-green-home-retrofit-grant\/#breadcrumb","itemListElement":[{"@type":"ListItem","position":1,"name":"Accueil","item":"https:\/\/melaniedubois.com\/en\/"},{"@type":"ListItem","position":2,"name":"How to make the most of that new, federal, &lsquo;green&rsquo; home retrofit grant"}]},{"@type":"WebSite","@id":"https:\/\/melaniedubois.com\/en\/#website","url":"https:\/\/melaniedubois.com\/en\/","name":"\u00c9quipe M\u00e9lanie Dubois","description":"Courtier immobilier Montr\u00e9al, KW Connexion","potentialAction":[{"@type":"SearchAction","target":{"@type":"EntryPoint","urlTemplate":"https:\/\/melaniedubois.com\/en\/?s={search_term_string}"},"query-input":{"@type":"PropertyValueSpecification","valueRequired":true,"valueName":"search_term_string"}}],"inLanguage":"fr-FR"}]}},"_links":{"self":[{"href":"https:\/\/melaniedubois.com\/fr\/wp-json\/wp\/v2\/pages\/1906","targetHints":{"allow":["GET"]}}],"collection":[{"href":"https:\/\/melaniedubois.com\/fr\/wp-json\/wp\/v2\/pages"}],"about":[{"href":"https:\/\/melaniedubois.com\/fr\/wp-json\/wp\/v2\/types\/page"}],"author":[{"embeddable":true,"href":"https:\/\/melaniedubois.com\/fr\/wp-json\/wp\/v2\/users\/742"}],"replies":[{"embeddable":true,"href":"https:\/\/melaniedubois.com\/fr\/wp-json\/wp\/v2\/comments?post=1906"}],"version-history":[{"count":1,"href":"https:\/\/melaniedubois.com\/fr\/wp-json\/wp\/v2\/pages\/1906\/revisions"}],"predecessor-version":[{"id":1907,"href":"https:\/\/melaniedubois.com\/fr\/wp-json\/wp\/v2\/pages\/1906\/revisions\/1907"}],"wp:attachment":[{"href":"https:\/\/melaniedubois.com\/fr\/wp-json\/wp\/v2\/media?parent=1906"}],"curies":[{"name":"wp","href":"https:\/\/api.w.org\/{rel}","templated":true}]}}