{"id":1919,"date":"2021-07-04T08:37:04","date_gmt":"2021-07-04T12:37:04","guid":{"rendered":"http:\/\/melaniedubois.com\/?page_id=1919"},"modified":"2021-07-04T08:40:45","modified_gmt":"2021-07-04T12:40:45","slug":"les-provinces-qui-meneront-la-reprise-economique-du-canada-et-la-puissance-qui-pourrait-nous-freiner","status":"publish","type":"page","link":"https:\/\/melaniedubois.com\/fr\/les-provinces-qui-meneront-la-reprise-economique-du-canada-et-la-puissance-qui-pourrait-nous-freiner\/","title":{"rendered":"Les provinces qui m\u00e8neront la reprise \u00e9conomique du Canada &#8211; et la puissance qui pourrait nous freiner"},"content":{"rendered":"<p><\/p>\n<p style=\"text-align: justify;\">Le Qu\u00e9bec et la Colombie-Britannique devraient \u00eatre les chefs de file de la reprise \u00e9conomique au Canada, selon les nouvelles pr\u00e9visions de la Banque TD. La croissance du PIB du Qu\u00e9bec devrait s&rsquo;acc\u00e9l\u00e9rer de 6,7 % en 2021, tandis que celle de la Colombie-Britannique sera \u00e9quivalente, et toutes deux d\u00e9passeront la croissance du PIB national de 6,1 % cette ann\u00e9e.<\/p>\n<p><img decoding=\"async\" src=\"https:\/\/mcusercontent.com\/93cd80b45544fad91b6b44d60\/images\/8e1cf0c7-1877-5cbf-ccf0-4151defdc9e1.png\" \/><\/p>\n<p style=\"text-align: justify;\">Mais cette pouss\u00e9e survient apr\u00e8s de fortes baisses l&rsquo;an dernier. Le PIB du Qu\u00e9bec a chut\u00e9 de 5,3 % en 2020 en raison du virus qui a ravag\u00e9 l&rsquo;\u00e9conomie, tandis que la Colombie-Britannique a \u00e9galement connu une contraction relativement plus mod\u00e9r\u00e9e de 3,8 %.<\/p>\n<p style=\"text-align: justify;\">La d\u00e9cision du Qu\u00e9bec d&rsquo;assouplir les restrictions en juin, un secteur du logement robuste et le soutien du gouvernement alimenteront la croissance cette ann\u00e9e, tandis que le secteur des services et l&rsquo;industrie du bois de la Colombie-Britannique ont \u00e9t\u00e9 les principaux moteurs de la province de la c\u00f4te ouest.<\/p>\n<p style=\"text-align: justify;\">\u00ab\u00a0L&rsquo;am\u00e9lioration des perspectives se fait en d\u00e9pit d&rsquo;une troisi\u00e8me vague qui a inflig\u00e9 plus de dommages \u00e9conomiques que ceux subis lors de la deuxi\u00e8me vague\u00a0\u00bb, ont \u00e9crit les \u00e9conomistes de la TD dirig\u00e9s par Beata Caranci. \u00ab\u00a0L&rsquo;Ontario et la Nouvelle-\u00c9cosse semblent avoir subi plus de dommages, l&#8217;emploi dans ces provinces \u00e9tant le plus \u00e9loign\u00e9 des niveaux pr\u00e9-pand\u00e9miques en mai. En revanche, l&#8217;emploi est beaucoup plus proche des niveaux pr\u00e9-pand\u00e9miques en Colombie-Britannique, au Nouveau-Brunswick et dans les Prairies.\u00a0\u00bb<\/p>\n<p style=\"text-align: justify;\">L&rsquo;Ontario, la locomotive \u00e9conomique du pays, conna\u00eetra une croissance relativement mod\u00e9r\u00e9e de 5,4 % en 2021, apr\u00e8s une contraction de 5 % en 2020, estime la TD. L&rsquo;Ontario se distingue par son approche \u00a0\u00bb go-slow \u00ab\u00a0, selon les \u00e9conomistes de la banque.<\/p>\n<p style=\"text-align: justify;\">En effet, l&rsquo;Ontario est la seule \u00e9conomie que la TD a d\u00e9class\u00e9e dans son rapport en raison de deux vents contraires importants.<\/p>\n<p style=\"text-align: justify;\">\u00ab\u00a0D&rsquo;abord, la 3e vague de la province en avril et mai a \u00e9t\u00e9 extr\u00eamement dure, ce qui a amen\u00e9 la province \u00e0 resserrer des restrictions d\u00e9j\u00e0 tr\u00e8s s\u00e9v\u00e8res. Ces mesures ont laiss\u00e9 des traces sur la performance \u00e0 court terme de l&rsquo;\u00e9conomie, puisque l&#8217;emploi a diminu\u00e9 de 2,5 % de mars \u00e0 mai\u00a0\u00bb, ont indiqu\u00e9 les \u00e9conomistes de la TD. \u00ab\u00a0Ensuite, les distorsions de la production dans le secteur de l&rsquo;automobile en raison des p\u00e9nuries de semi-conducteurs sont pires que ce que l&rsquo;on avait suppos\u00e9, et les perturbations de la cha\u00eene d&rsquo;approvisionnement mondiale p\u00e8sent sur la fabrication ailleurs. Ensemble, ces chocs devraient lourdement peser sur la croissance de cette ann\u00e9e.\u00a0\u00bb<\/p>\n<p style=\"text-align: justify;\">De plus, le secteur immobilier ontarien, qui est en pleine effervescence, devrait commencer \u00e0 s&rsquo;essouffler, car les ventes de maisons diminuent.<\/p>\n<p style=\"text-align: justify;\">\u00ab\u00a0Nous nous attendons \u00e9galement \u00e0 ce que les mises en chantier et le rythme des r\u00e9novations r\u00e9sidentielles diminuent apr\u00e8s avoir atteint des niveaux stratosph\u00e9riques, car les prix \u00e9lev\u00e9s du bois d&rsquo;\u0153uvre grugent les marges des constructeurs\u00a0\u00bb, a not\u00e9 La Banque TD.<\/p>\n<p style=\"text-align: justify;\">L&rsquo;an prochain, cependant, la province devrait mener la croissance du PIB avec une expansion de 5 %, estime la banque.<\/p>\n<p style=\"text-align: justify;\">Les pr\u00e9visions de La Banque TD pour l&rsquo;Ontario contrastent avec les estimations de la Banque Royale du Canada, qui consid\u00e8re l&rsquo;Ontario comme l&rsquo;une des \u00e9conomies les plus dynamiques du pays cette ann\u00e9e, avec une croissance de 6,3 %. Bien que l&rsquo;\u00e9conomie ait stagn\u00e9 en raison des fermetures, la plupart des entreprises et des travailleurs touch\u00e9s pourraient \u00eatre de nouveau op\u00e9rationnels, du moins partiellement, d&rsquo;ici ao\u00fbt, croit RBC.<\/p>\n<p style=\"text-align: justify;\">\u00ab\u00a0Nous pensons que l&rsquo;\u00e9conomie provinciale rattrapera rapidement le terrain perdu au cours des deuxi\u00e8me et troisi\u00e8me vagues\u00a0\u00bb, ont d\u00e9clar\u00e9 les \u00e9conomistes de RBC.<\/p>\n<p style=\"text-align: justify;\">Cette ann\u00e9e, l&rsquo;\u00e9conomie de l&rsquo;Alberta, qui profite de la reprise des produits de base, sera un point positif. Le plongeon de 8,2 pour cent du PIB de la province l&rsquo;an dernier a \u00e9t\u00e9 le plus important de son histoire et le pire parmi les provinces canadiennes l&rsquo;an dernier. Mais l&rsquo;\u00e9conomie devrait regagner du terrain cette ann\u00e9e et se hisser parmi les plus fortes croissances du pays, avec une hausse de 6,4 % en 2021 et de 4,8 % en 2022, selon les pr\u00e9visions de la TD.<\/p>\n<p style=\"text-align: justify;\">La d\u00e9cision de l&rsquo;Alberta de rouvrir compl\u00e8tement l&rsquo;\u00e9conomie en juillet devrait \u00e9galement s&rsquo;av\u00e9rer un atout, \u00e0 moins d&rsquo;une r\u00e9surgence du virus. N\u00e9anmoins, le retour de l&rsquo;Alberta aux niveaux d&rsquo;activit\u00e9 pr\u00e9pand\u00e9mique n&rsquo;est pas pr\u00e9vu avant 2022, soit un an apr\u00e8s la plupart des autres provinces.<\/p>\n<p style=\"text-align: justify;\">Une autre province d\u00e9pendante du p\u00e9trole ne verra pas la mar\u00e9e soulever son bateau. Malgr\u00e9 la flamb\u00e9e des prix du p\u00e9trole, Terre-Neuve-et-Labrador ne sera pas en mesure de tirer pleinement profit du boom, son PIB augmentant de 4,1 % cette ann\u00e9e et de seulement 2 % en 2022 &#8211; la plus faible croissance parmi les provinces canadiennes, selon les pr\u00e9visions de la TD. La production p\u00e9troli\u00e8re de la province devrait ralentir, tandis que la fermeture de la raffinerie Come by Chance plafonnera la croissance du secteur manufacturier.<\/p>\n<p>&nbsp;<\/p>\n<p><a href=\"https:\/\/financialpost.com\/executive\/posthaste-the-provinces-that-will-lead-canadas-economic-recovery-and-the-powerhouse-that-could-hold-us-back\">Source : Article de Yadullah Hussain sur le site financialpost.com publi\u00e9 le 22 juin 2021<\/a><\/p>\n<p><em>Lien :<a href=\"https:\/\/financialpost.com\/executive\/posthaste-the-provinces-that-will-lead-canadas-economic-recovery-and-the-powerhouse-that-could-hold-us-back\"> https:\/\/financialpost.com\/executive\/posthaste-the-provinces-that-will-lead-canadas-economic-recovery-and-the-powerhouse-that-could-hold-us-back<\/a><\/em><\/p>\n<p>&nbsp;<\/p>\n<p>&nbsp;<\/p>\n<p style=\"text-align: center;\">Nous avons des acheteurs qui cherchent activement !<br \/>\nVous connaissez quelqu&rsquo;un qui consid\u00e8re vendre ?<br \/>\nNous pouvons\u00a0fournir\u00a0une liste des ventes comparables dans\u00a0leur\u00a0secteur.<br \/>\nC&rsquo;est GRATUIT, aucune obligation !<\/p>\n<p>&nbsp;<\/p>\n<p><img decoding=\"async\" src=\"https:\/\/mcusercontent.com\/93cd80b45544fad91b6b44d60\/images\/4e6f6591-1108-4326-bdd0-44f74a03ea2b.png\" \/><\/p>","protected":false},"excerpt":{"rendered":"<p>Le Qu\u00e9bec et la Colombie-Britannique devraient \u00eatre les chefs de file de la reprise \u00e9conomique au Canada, selon les nouvelles pr\u00e9visions de la Banque TD. La croissance du PIB du Qu\u00e9bec devrait s&rsquo;acc\u00e9l\u00e9rer de 6,7 % en 2021, tandis que celle de la Colombie-Britannique sera \u00e9quivalente, et toutes deux d\u00e9passeront la croissance du PIB national [&hellip;]<\/p>\n","protected":false},"author":742,"featured_media":0,"parent":0,"menu_order":0,"comment_status":"closed","ping_status":"closed","template":"","meta":{"_acf_changed":false,"footnotes":""},"class_list":["post-1919","page","type-page","status-publish","hentry"],"acf":[],"yoast_head":"<!-- This site is optimized with the Yoast SEO plugin v26.7 - https:\/\/yoast.com\/wordpress\/plugins\/seo\/ -->\n<title>Les provinces qui m\u00e8neront la reprise \u00e9conomique du Canada - et la puissance qui pourrait nous freiner - \u00c9quipe M\u00e9lanie Dubois<\/title>\n<meta name=\"robots\" content=\"index, follow, max-snippet:-1, max-image-preview:large, max-video-preview:-1\" \/>\n<link rel=\"canonical\" href=\"https:\/\/melaniedubois.com\/fr\/les-provinces-qui-meneront-la-reprise-economique-du-canada-et-la-puissance-qui-pourrait-nous-freiner\/\" \/>\n<meta property=\"og:locale\" content=\"fr_FR\" \/>\n<meta property=\"og:type\" content=\"article\" \/>\n<meta property=\"og:title\" content=\"Les provinces qui m\u00e8neront la reprise \u00e9conomique du Canada - et la puissance qui pourrait nous freiner - \u00c9quipe M\u00e9lanie Dubois\" \/>\n<meta property=\"og:description\" content=\"Le Qu\u00e9bec et la Colombie-Britannique devraient \u00eatre les chefs de file de la reprise \u00e9conomique au Canada, selon les nouvelles pr\u00e9visions de la Banque TD. La croissance du PIB du Qu\u00e9bec devrait s&rsquo;acc\u00e9l\u00e9rer de 6,7 % en 2021, tandis que celle de la Colombie-Britannique sera \u00e9quivalente, et toutes deux d\u00e9passeront la croissance du PIB national [&hellip;]\" \/>\n<meta property=\"og:url\" content=\"https:\/\/melaniedubois.com\/fr\/les-provinces-qui-meneront-la-reprise-economique-du-canada-et-la-puissance-qui-pourrait-nous-freiner\/\" \/>\n<meta property=\"og:site_name\" content=\"\u00c9quipe M\u00e9lanie Dubois\" \/>\n<meta property=\"article:modified_time\" content=\"2021-07-04T12:40:45+00:00\" \/>\n<meta property=\"og:image\" content=\"https:\/\/mcusercontent.com\/93cd80b45544fad91b6b44d60\/images\/8e1cf0c7-1877-5cbf-ccf0-4151defdc9e1.png\" \/>\n<meta name=\"twitter:card\" content=\"summary_large_image\" \/>\n<meta name=\"twitter:label1\" content=\"Dur\u00e9e de lecture estim\u00e9e\" \/>\n\t<meta name=\"twitter:data1\" content=\"4 minutes\" \/>\n<script type=\"application\/ld+json\" class=\"yoast-schema-graph\">{\"@context\":\"https:\/\/schema.org\",\"@graph\":[{\"@type\":\"WebPage\",\"@id\":\"https:\/\/melaniedubois.com\/fr\/les-provinces-qui-meneront-la-reprise-economique-du-canada-et-la-puissance-qui-pourrait-nous-freiner\/\",\"url\":\"https:\/\/melaniedubois.com\/fr\/les-provinces-qui-meneront-la-reprise-economique-du-canada-et-la-puissance-qui-pourrait-nous-freiner\/\",\"name\":\"[:fr]Les provinces qui m\u00e8neront la reprise \u00e9conomique du Canada - et la puissance qui pourrait nous freiner[:] - \u00c9quipe M\u00e9lanie Dubois\",\"isPartOf\":{\"@id\":\"https:\/\/melaniedubois.com\/en\/#website\"},\"primaryImageOfPage\":{\"@id\":\"https:\/\/melaniedubois.com\/fr\/les-provinces-qui-meneront-la-reprise-economique-du-canada-et-la-puissance-qui-pourrait-nous-freiner\/#primaryimage\"},\"image\":{\"@id\":\"https:\/\/melaniedubois.com\/fr\/les-provinces-qui-meneront-la-reprise-economique-du-canada-et-la-puissance-qui-pourrait-nous-freiner\/#primaryimage\"},\"thumbnailUrl\":\"https:\/\/mcusercontent.com\/93cd80b45544fad91b6b44d60\/images\/8e1cf0c7-1877-5cbf-ccf0-4151defdc9e1.png\",\"datePublished\":\"2021-07-04T12:37:04+00:00\",\"dateModified\":\"2021-07-04T12:40:45+00:00\",\"breadcrumb\":{\"@id\":\"https:\/\/melaniedubois.com\/fr\/les-provinces-qui-meneront-la-reprise-economique-du-canada-et-la-puissance-qui-pourrait-nous-freiner\/#breadcrumb\"},\"inLanguage\":\"fr-FR\",\"potentialAction\":[{\"@type\":\"ReadAction\",\"target\":[\"https:\/\/melaniedubois.com\/fr\/les-provinces-qui-meneront-la-reprise-economique-du-canada-et-la-puissance-qui-pourrait-nous-freiner\/\"]}]},{\"@type\":\"ImageObject\",\"inLanguage\":\"fr-FR\",\"@id\":\"https:\/\/melaniedubois.com\/fr\/les-provinces-qui-meneront-la-reprise-economique-du-canada-et-la-puissance-qui-pourrait-nous-freiner\/#primaryimage\",\"url\":\"https:\/\/mcusercontent.com\/93cd80b45544fad91b6b44d60\/images\/8e1cf0c7-1877-5cbf-ccf0-4151defdc9e1.png\",\"contentUrl\":\"https:\/\/mcusercontent.com\/93cd80b45544fad91b6b44d60\/images\/8e1cf0c7-1877-5cbf-ccf0-4151defdc9e1.png\"},{\"@type\":\"BreadcrumbList\",\"@id\":\"https:\/\/melaniedubois.com\/fr\/les-provinces-qui-meneront-la-reprise-economique-du-canada-et-la-puissance-qui-pourrait-nous-freiner\/#breadcrumb\",\"itemListElement\":[{\"@type\":\"ListItem\",\"position\":1,\"name\":\"Accueil\",\"item\":\"https:\/\/melaniedubois.com\/en\/\"},{\"@type\":\"ListItem\",\"position\":2,\"name\":\"Les provinces qui m\u00e8neront la reprise \u00e9conomique du Canada &#8211; et la puissance qui pourrait nous freiner\"}]},{\"@type\":\"WebSite\",\"@id\":\"https:\/\/melaniedubois.com\/en\/#website\",\"url\":\"https:\/\/melaniedubois.com\/en\/\",\"name\":\"\u00c9quipe M\u00e9lanie Dubois\",\"description\":\"Courtier immobilier Montr\u00e9al, KW Connexion\",\"potentialAction\":[{\"@type\":\"SearchAction\",\"target\":{\"@type\":\"EntryPoint\",\"urlTemplate\":\"https:\/\/melaniedubois.com\/en\/?s={search_term_string}\"},\"query-input\":{\"@type\":\"PropertyValueSpecification\",\"valueRequired\":true,\"valueName\":\"search_term_string\"}}],\"inLanguage\":\"fr-FR\"}]}<\/script>\n<!-- \/ Yoast SEO plugin. -->","yoast_head_json":{"title":"Les provinces qui m\u00e8neront la reprise \u00e9conomique du Canada - et la puissance qui pourrait nous freiner - \u00c9quipe M\u00e9lanie Dubois","robots":{"index":"index","follow":"follow","max-snippet":"max-snippet:-1","max-image-preview":"max-image-preview:large","max-video-preview":"max-video-preview:-1"},"canonical":"https:\/\/melaniedubois.com\/fr\/les-provinces-qui-meneront-la-reprise-economique-du-canada-et-la-puissance-qui-pourrait-nous-freiner\/","og_locale":"fr_FR","og_type":"article","og_title":"Les provinces qui m\u00e8neront la reprise \u00e9conomique du Canada - et la puissance qui pourrait nous freiner - \u00c9quipe M\u00e9lanie Dubois","og_description":"Le Qu\u00e9bec et la Colombie-Britannique devraient \u00eatre les chefs de file de la reprise \u00e9conomique au Canada, selon les nouvelles pr\u00e9visions de la Banque TD. La croissance du PIB du Qu\u00e9bec devrait s&rsquo;acc\u00e9l\u00e9rer de 6,7 % en 2021, tandis que celle de la Colombie-Britannique sera \u00e9quivalente, et toutes deux d\u00e9passeront la croissance du PIB national [&hellip;]","og_url":"https:\/\/melaniedubois.com\/fr\/les-provinces-qui-meneront-la-reprise-economique-du-canada-et-la-puissance-qui-pourrait-nous-freiner\/","og_site_name":"\u00c9quipe M\u00e9lanie Dubois","article_modified_time":"2021-07-04T12:40:45+00:00","og_image":[{"url":"https:\/\/mcusercontent.com\/93cd80b45544fad91b6b44d60\/images\/8e1cf0c7-1877-5cbf-ccf0-4151defdc9e1.png","type":"","width":"","height":""}],"twitter_card":"summary_large_image","twitter_misc":{"Dur\u00e9e de lecture estim\u00e9e":"4 minutes"},"schema":{"@context":"https:\/\/schema.org","@graph":[{"@type":"WebPage","@id":"https:\/\/melaniedubois.com\/fr\/les-provinces-qui-meneront-la-reprise-economique-du-canada-et-la-puissance-qui-pourrait-nous-freiner\/","url":"https:\/\/melaniedubois.com\/fr\/les-provinces-qui-meneront-la-reprise-economique-du-canada-et-la-puissance-qui-pourrait-nous-freiner\/","name":"[:fr]Les provinces qui m\u00e8neront la reprise \u00e9conomique du Canada - et la puissance qui pourrait nous freiner[:] - \u00c9quipe M\u00e9lanie Dubois","isPartOf":{"@id":"https:\/\/melaniedubois.com\/en\/#website"},"primaryImageOfPage":{"@id":"https:\/\/melaniedubois.com\/fr\/les-provinces-qui-meneront-la-reprise-economique-du-canada-et-la-puissance-qui-pourrait-nous-freiner\/#primaryimage"},"image":{"@id":"https:\/\/melaniedubois.com\/fr\/les-provinces-qui-meneront-la-reprise-economique-du-canada-et-la-puissance-qui-pourrait-nous-freiner\/#primaryimage"},"thumbnailUrl":"https:\/\/mcusercontent.com\/93cd80b45544fad91b6b44d60\/images\/8e1cf0c7-1877-5cbf-ccf0-4151defdc9e1.png","datePublished":"2021-07-04T12:37:04+00:00","dateModified":"2021-07-04T12:40:45+00:00","breadcrumb":{"@id":"https:\/\/melaniedubois.com\/fr\/les-provinces-qui-meneront-la-reprise-economique-du-canada-et-la-puissance-qui-pourrait-nous-freiner\/#breadcrumb"},"inLanguage":"fr-FR","potentialAction":[{"@type":"ReadAction","target":["https:\/\/melaniedubois.com\/fr\/les-provinces-qui-meneront-la-reprise-economique-du-canada-et-la-puissance-qui-pourrait-nous-freiner\/"]}]},{"@type":"ImageObject","inLanguage":"fr-FR","@id":"https:\/\/melaniedubois.com\/fr\/les-provinces-qui-meneront-la-reprise-economique-du-canada-et-la-puissance-qui-pourrait-nous-freiner\/#primaryimage","url":"https:\/\/mcusercontent.com\/93cd80b45544fad91b6b44d60\/images\/8e1cf0c7-1877-5cbf-ccf0-4151defdc9e1.png","contentUrl":"https:\/\/mcusercontent.com\/93cd80b45544fad91b6b44d60\/images\/8e1cf0c7-1877-5cbf-ccf0-4151defdc9e1.png"},{"@type":"BreadcrumbList","@id":"https:\/\/melaniedubois.com\/fr\/les-provinces-qui-meneront-la-reprise-economique-du-canada-et-la-puissance-qui-pourrait-nous-freiner\/#breadcrumb","itemListElement":[{"@type":"ListItem","position":1,"name":"Accueil","item":"https:\/\/melaniedubois.com\/en\/"},{"@type":"ListItem","position":2,"name":"Les provinces qui m\u00e8neront la reprise \u00e9conomique du Canada &#8211; et la puissance qui pourrait nous freiner"}]},{"@type":"WebSite","@id":"https:\/\/melaniedubois.com\/en\/#website","url":"https:\/\/melaniedubois.com\/en\/","name":"\u00c9quipe M\u00e9lanie Dubois","description":"Courtier immobilier Montr\u00e9al, KW Connexion","potentialAction":[{"@type":"SearchAction","target":{"@type":"EntryPoint","urlTemplate":"https:\/\/melaniedubois.com\/en\/?s={search_term_string}"},"query-input":{"@type":"PropertyValueSpecification","valueRequired":true,"valueName":"search_term_string"}}],"inLanguage":"fr-FR"}]}},"_links":{"self":[{"href":"https:\/\/melaniedubois.com\/fr\/wp-json\/wp\/v2\/pages\/1919","targetHints":{"allow":["GET"]}}],"collection":[{"href":"https:\/\/melaniedubois.com\/fr\/wp-json\/wp\/v2\/pages"}],"about":[{"href":"https:\/\/melaniedubois.com\/fr\/wp-json\/wp\/v2\/types\/page"}],"author":[{"embeddable":true,"href":"https:\/\/melaniedubois.com\/fr\/wp-json\/wp\/v2\/users\/742"}],"replies":[{"embeddable":true,"href":"https:\/\/melaniedubois.com\/fr\/wp-json\/wp\/v2\/comments?post=1919"}],"version-history":[{"count":2,"href":"https:\/\/melaniedubois.com\/fr\/wp-json\/wp\/v2\/pages\/1919\/revisions"}],"predecessor-version":[{"id":1924,"href":"https:\/\/melaniedubois.com\/fr\/wp-json\/wp\/v2\/pages\/1919\/revisions\/1924"}],"wp:attachment":[{"href":"https:\/\/melaniedubois.com\/fr\/wp-json\/wp\/v2\/media?parent=1919"}],"curies":[{"name":"wp","href":"https:\/\/api.w.org\/{rel}","templated":true}]}}