{"id":1939,"date":"2021-08-07T06:54:12","date_gmt":"2021-08-07T10:54:12","guid":{"rendered":"http:\/\/melaniedubois.com\/?page_id=1939"},"modified":"2021-08-07T06:56:13","modified_gmt":"2021-08-07T10:56:13","slug":"more-foreign-buyers-in-montreal","status":"publish","type":"page","link":"https:\/\/melaniedubois.com\/fr\/more-foreign-buyers-in-montreal\/","title":{"rendered":"More foreign buyers in Montreal?"},"content":{"rendered":"<p>The proportion of foreign buyers in the Montr\u00e9al real estate market remains below the record of 4.9% reached in 2018 in condominiums.<\/p>\n<p style=\"text-align: justify;\"><img decoding=\"async\" src=\"https:\/\/mcusercontent.com\/93cd80b45544fad91b6b44d60\/images\/a2fd59d7-a947-c6ee-ee93-d1cdd6bba85d.png\" \/><\/p>\n<p>A widespread perception that foreign buyers are contributing to the real estate overheating would not be entirely founded. Recent data from JLR Real Estate Solutions, obtained by Radio-Canada, show that the phenomenon has been rather stable for the past five years.<\/p>\n<p>On the island of Montreal, from 2016 to 2020, the proportion of foreign buyers has increased from 3.7 percent to 4.1 percent for condominiums and has remained at 1.2 percent for single-family homes. A very small increase was observed during the first five months of the current year, with the proportions standing at 4.4 per cent and 1.7 per cent respectively, for a total of 343 foreign buyers.<\/p>\n<p>The borough of Ville-Marie remains the preferred location in 2021, with 11.6 per cent of condo buyers coming from another country so far. Outside the metropolis, the results are somewhat anecdotal.<\/p>\n<p>\u00ab\u00a0What I&rsquo;m seeing is that there&rsquo;s an increase from what we had 10 years ago. If you look at 2014, we&rsquo;ve pretty much doubled, but for the last few years it&rsquo;s seemed pretty stagnant.\u00a0\u00bb &#8211; Joanie Fontaine, senior economist, JLR Land Solutions<\/p>\n<p>JLR Senior Economist Joanie Fontaine explains that this data is from buyers who had a foreign home address at the time of the transaction. They can therefore be confusing, because we have to distinguish between immigrants [who buy with the intention of settling in Montreal] and foreign investors.<\/p>\n<p>&nbsp;<\/p>\n<h2 style=\"text-align: justify;\"><strong>Purchases by foreign investors: Negligible<\/strong><\/h2>\n<p style=\"text-align: justify;\">Patrice Groleau, owner of the brokerage agencies McGill Real Estate and Engel &amp; V\u00f6lkers, observes that acquisitions made as investments by foreigners remain the exception to the rule in Montreal, compared to Vancouver and Toronto.<\/p>\n<p>We really have people in a migratory process, so it&rsquo;s not speculation,\u00a0\u00bb he maintains. He recalls that on average, close to 50,000 immigrants arrive in Quebec each year &#8211; with the exception of 2020 because of the pandemic. Most of them are gaining a foothold in the metropolis. In some condominium projects, up to 40% of the buyers are not born in Canada.<\/p>\n<p>Groleau points to a recent example of a Frenchman who bought a $9.5 million penthouse off-plan.\u00a0He insists that these people are moving here.<\/p>\n<p>\u00ab\u00a0Foreign investor buying is so negligible that it doesn&rsquo;t impact the increases we&rsquo;ve seen recently or the increases that are coming.\u00a0\u00bb &#8211; Patrice Groleau, owner, McGill Real Estate and Engel &amp; V\u00f6lkers<\/p>\n<p>The return of immigrants, however, he says, portends an increase in buyers who are still considered non-residents of the country. What has been delayed in time should in this sense be compensated for as soon as the borders reopen.<\/p>\n<h2><strong>More or less reliable data<\/strong><\/h2>\n<p style=\"text-align: justify;\">Both Joanie Fontaine and Patrice Groleau raised a problem with the quality of the statistics available to get a clear picture of foreign buyers. In addition to the large proportion of immigrants who ultimately distort the data, a phenomenon of nominees cannot be excluded.<\/p>\n<p>Among other things, it is difficult to know the origin of new buyers. Many come from France, Belgium, Switzerland and the Maghreb, but also from the United States and China.<\/p>\n<p>Last fall, economists at the Quebec Ministry of Finance began tracking transactions in the land register to get a better picture of the situation. The citizenship of the buyers is now listed. At this point, it is too early to obtain official information.<\/p>\n<p>In Ottawa, Statistics Canada&rsquo;s Canadian Housing Statistics Program has been trying since 2017 to get agreement from the Quebec government to acquire data on real estate transactions in the province.<\/p>\n<p>The lack of data for Quebec, notes program leader Jean-Philippe Deschamps-Laporte, means that public decision-makers &#8211; whether at the federal or provincial level, in the non-profit sector or public society groups &#8211; do not have access to information when making decisions.<\/p>\n<p>Despite several attempts, the Minist\u00e8re des Affaires municipales et de l&rsquo;Habitation du Qu\u00e9bec has not provided an explanation for this.<\/p>\n<p>However, with other data already at its disposal, Statistics Canada could establish a detailed profile of transactions, including certain socio-economic characteristics. Ontario, British Columbia, New Brunswick and Nova Scotia have agreed to share their data.<\/p>\n<p>In its last budget, the federal government announced its intention to impose a Canada-wide tax of one per cent on vacant units owned by foreigners for investment purposes, starting in 2022. The measure, aimed at combating soaring real estate prices, could raise up to $700 million over four years. At first glance, it may have little effect on the Montreal market.<\/p>\n<p>&nbsp;<\/p>\n<p><a href=\"https:\/\/ici.radio-canada.ca\/nouvelle\/1805815\/immobilier-montreal-acheteurs-etrangers-2020-2021\">Source : Article by Mathieu Dion on the website ici.radio-canada on 2nd July of 2021<\/a><\/p>\n<p>&nbsp;<\/p>\n<p style=\"text-align: center;\">We have buyers who are actively looking !<br \/>\nIf you know someone who is considering selling,<br \/>\nWe can provide a list of comparable sales in their area &#8211; it&rsquo;s FREE, no obligation !<\/p>\n<p>&nbsp;<\/p>\n<p>&nbsp;<\/p>\n<p><img decoding=\"async\" src=\"https:\/\/mcusercontent.com\/93cd80b45544fad91b6b44d60\/images\/4e6f6591-1108-4326-bdd0-44f74a03ea2b.png\" \/><\/p>","protected":false},"excerpt":{"rendered":"<p>The proportion of foreign buyers in the Montr\u00e9al real estate market remains below the record of 4.9% reached in 2018 in condominiums. A widespread perception that foreign buyers are contributing to the real estate overheating would not be entirely founded. Recent data from JLR Real Estate Solutions, obtained by Radio-Canada, show that the phenomenon has [&hellip;]<\/p>\n","protected":false},"author":742,"featured_media":0,"parent":0,"menu_order":0,"comment_status":"closed","ping_status":"closed","template":"","meta":{"_acf_changed":false,"footnotes":""},"class_list":["post-1939","page","type-page","status-publish","hentry"],"acf":[],"yoast_head":"<!-- This site is optimized with the Yoast SEO plugin v26.7 - https:\/\/yoast.com\/wordpress\/plugins\/seo\/ -->\n<title>More foreign buyers in Montreal? - \u00c9quipe M\u00e9lanie Dubois<\/title>\n<meta name=\"robots\" content=\"index, follow, max-snippet:-1, max-image-preview:large, max-video-preview:-1\" \/>\n<link rel=\"canonical\" href=\"https:\/\/melaniedubois.com\/fr\/more-foreign-buyers-in-montreal\/\" \/>\n<meta property=\"og:locale\" content=\"fr_FR\" \/>\n<meta property=\"og:type\" content=\"article\" \/>\n<meta property=\"og:title\" content=\"More foreign buyers in Montreal? - \u00c9quipe M\u00e9lanie Dubois\" \/>\n<meta property=\"og:description\" content=\"The proportion of foreign buyers in the Montr\u00e9al real estate market remains below the record of 4.9% reached in 2018 in condominiums. A widespread perception that foreign buyers are contributing to the real estate overheating would not be entirely founded. Recent data from JLR Real Estate Solutions, obtained by Radio-Canada, show that the phenomenon has [&hellip;]\" \/>\n<meta property=\"og:url\" content=\"https:\/\/melaniedubois.com\/fr\/more-foreign-buyers-in-montreal\/\" \/>\n<meta property=\"og:site_name\" content=\"\u00c9quipe M\u00e9lanie Dubois\" \/>\n<meta property=\"article:modified_time\" content=\"2021-08-07T10:56:13+00:00\" \/>\n<meta property=\"og:image\" content=\"https:\/\/mcusercontent.com\/93cd80b45544fad91b6b44d60\/images\/a2fd59d7-a947-c6ee-ee93-d1cdd6bba85d.png\" \/>\n<meta name=\"twitter:card\" content=\"summary_large_image\" \/>\n<meta name=\"twitter:label1\" content=\"Dur\u00e9e de lecture estim\u00e9e\" \/>\n\t<meta name=\"twitter:data1\" content=\"4 minutes\" \/>\n<script type=\"application\/ld+json\" class=\"yoast-schema-graph\">{\"@context\":\"https:\/\/schema.org\",\"@graph\":[{\"@type\":\"WebPage\",\"@id\":\"https:\/\/melaniedubois.com\/fr\/more-foreign-buyers-in-montreal\/\",\"url\":\"https:\/\/melaniedubois.com\/fr\/more-foreign-buyers-in-montreal\/\",\"name\":\"[:fr]More foreign buyers in Montreal?[:] - \u00c9quipe M\u00e9lanie Dubois\",\"isPartOf\":{\"@id\":\"https:\/\/melaniedubois.com\/en\/#website\"},\"primaryImageOfPage\":{\"@id\":\"https:\/\/melaniedubois.com\/fr\/more-foreign-buyers-in-montreal\/#primaryimage\"},\"image\":{\"@id\":\"https:\/\/melaniedubois.com\/fr\/more-foreign-buyers-in-montreal\/#primaryimage\"},\"thumbnailUrl\":\"https:\/\/mcusercontent.com\/93cd80b45544fad91b6b44d60\/images\/a2fd59d7-a947-c6ee-ee93-d1cdd6bba85d.png\",\"datePublished\":\"2021-08-07T10:54:12+00:00\",\"dateModified\":\"2021-08-07T10:56:13+00:00\",\"breadcrumb\":{\"@id\":\"https:\/\/melaniedubois.com\/fr\/more-foreign-buyers-in-montreal\/#breadcrumb\"},\"inLanguage\":\"fr-FR\",\"potentialAction\":[{\"@type\":\"ReadAction\",\"target\":[\"https:\/\/melaniedubois.com\/fr\/more-foreign-buyers-in-montreal\/\"]}]},{\"@type\":\"ImageObject\",\"inLanguage\":\"fr-FR\",\"@id\":\"https:\/\/melaniedubois.com\/fr\/more-foreign-buyers-in-montreal\/#primaryimage\",\"url\":\"https:\/\/mcusercontent.com\/93cd80b45544fad91b6b44d60\/images\/a2fd59d7-a947-c6ee-ee93-d1cdd6bba85d.png\",\"contentUrl\":\"https:\/\/mcusercontent.com\/93cd80b45544fad91b6b44d60\/images\/a2fd59d7-a947-c6ee-ee93-d1cdd6bba85d.png\"},{\"@type\":\"BreadcrumbList\",\"@id\":\"https:\/\/melaniedubois.com\/fr\/more-foreign-buyers-in-montreal\/#breadcrumb\",\"itemListElement\":[{\"@type\":\"ListItem\",\"position\":1,\"name\":\"Accueil\",\"item\":\"https:\/\/melaniedubois.com\/en\/\"},{\"@type\":\"ListItem\",\"position\":2,\"name\":\"More foreign buyers in Montreal?\"}]},{\"@type\":\"WebSite\",\"@id\":\"https:\/\/melaniedubois.com\/en\/#website\",\"url\":\"https:\/\/melaniedubois.com\/en\/\",\"name\":\"\u00c9quipe M\u00e9lanie Dubois\",\"description\":\"Courtier immobilier Montr\u00e9al, KW Connexion\",\"potentialAction\":[{\"@type\":\"SearchAction\",\"target\":{\"@type\":\"EntryPoint\",\"urlTemplate\":\"https:\/\/melaniedubois.com\/en\/?s={search_term_string}\"},\"query-input\":{\"@type\":\"PropertyValueSpecification\",\"valueRequired\":true,\"valueName\":\"search_term_string\"}}],\"inLanguage\":\"fr-FR\"}]}<\/script>\n<!-- \/ Yoast SEO plugin. -->","yoast_head_json":{"title":"More foreign buyers in Montreal? - \u00c9quipe M\u00e9lanie Dubois","robots":{"index":"index","follow":"follow","max-snippet":"max-snippet:-1","max-image-preview":"max-image-preview:large","max-video-preview":"max-video-preview:-1"},"canonical":"https:\/\/melaniedubois.com\/fr\/more-foreign-buyers-in-montreal\/","og_locale":"fr_FR","og_type":"article","og_title":"More foreign buyers in Montreal? - \u00c9quipe M\u00e9lanie Dubois","og_description":"The proportion of foreign buyers in the Montr\u00e9al real estate market remains below the record of 4.9% reached in 2018 in condominiums. A widespread perception that foreign buyers are contributing to the real estate overheating would not be entirely founded. Recent data from JLR Real Estate Solutions, obtained by Radio-Canada, show that the phenomenon has [&hellip;]","og_url":"https:\/\/melaniedubois.com\/fr\/more-foreign-buyers-in-montreal\/","og_site_name":"\u00c9quipe M\u00e9lanie Dubois","article_modified_time":"2021-08-07T10:56:13+00:00","og_image":[{"url":"https:\/\/mcusercontent.com\/93cd80b45544fad91b6b44d60\/images\/a2fd59d7-a947-c6ee-ee93-d1cdd6bba85d.png","type":"","width":"","height":""}],"twitter_card":"summary_large_image","twitter_misc":{"Dur\u00e9e de lecture estim\u00e9e":"4 minutes"},"schema":{"@context":"https:\/\/schema.org","@graph":[{"@type":"WebPage","@id":"https:\/\/melaniedubois.com\/fr\/more-foreign-buyers-in-montreal\/","url":"https:\/\/melaniedubois.com\/fr\/more-foreign-buyers-in-montreal\/","name":"[:fr]More foreign buyers in Montreal?[:] - \u00c9quipe M\u00e9lanie Dubois","isPartOf":{"@id":"https:\/\/melaniedubois.com\/en\/#website"},"primaryImageOfPage":{"@id":"https:\/\/melaniedubois.com\/fr\/more-foreign-buyers-in-montreal\/#primaryimage"},"image":{"@id":"https:\/\/melaniedubois.com\/fr\/more-foreign-buyers-in-montreal\/#primaryimage"},"thumbnailUrl":"https:\/\/mcusercontent.com\/93cd80b45544fad91b6b44d60\/images\/a2fd59d7-a947-c6ee-ee93-d1cdd6bba85d.png","datePublished":"2021-08-07T10:54:12+00:00","dateModified":"2021-08-07T10:56:13+00:00","breadcrumb":{"@id":"https:\/\/melaniedubois.com\/fr\/more-foreign-buyers-in-montreal\/#breadcrumb"},"inLanguage":"fr-FR","potentialAction":[{"@type":"ReadAction","target":["https:\/\/melaniedubois.com\/fr\/more-foreign-buyers-in-montreal\/"]}]},{"@type":"ImageObject","inLanguage":"fr-FR","@id":"https:\/\/melaniedubois.com\/fr\/more-foreign-buyers-in-montreal\/#primaryimage","url":"https:\/\/mcusercontent.com\/93cd80b45544fad91b6b44d60\/images\/a2fd59d7-a947-c6ee-ee93-d1cdd6bba85d.png","contentUrl":"https:\/\/mcusercontent.com\/93cd80b45544fad91b6b44d60\/images\/a2fd59d7-a947-c6ee-ee93-d1cdd6bba85d.png"},{"@type":"BreadcrumbList","@id":"https:\/\/melaniedubois.com\/fr\/more-foreign-buyers-in-montreal\/#breadcrumb","itemListElement":[{"@type":"ListItem","position":1,"name":"Accueil","item":"https:\/\/melaniedubois.com\/en\/"},{"@type":"ListItem","position":2,"name":"More foreign buyers in Montreal?"}]},{"@type":"WebSite","@id":"https:\/\/melaniedubois.com\/en\/#website","url":"https:\/\/melaniedubois.com\/en\/","name":"\u00c9quipe M\u00e9lanie Dubois","description":"Courtier immobilier Montr\u00e9al, KW Connexion","potentialAction":[{"@type":"SearchAction","target":{"@type":"EntryPoint","urlTemplate":"https:\/\/melaniedubois.com\/en\/?s={search_term_string}"},"query-input":{"@type":"PropertyValueSpecification","valueRequired":true,"valueName":"search_term_string"}}],"inLanguage":"fr-FR"}]}},"_links":{"self":[{"href":"https:\/\/melaniedubois.com\/fr\/wp-json\/wp\/v2\/pages\/1939","targetHints":{"allow":["GET"]}}],"collection":[{"href":"https:\/\/melaniedubois.com\/fr\/wp-json\/wp\/v2\/pages"}],"about":[{"href":"https:\/\/melaniedubois.com\/fr\/wp-json\/wp\/v2\/types\/page"}],"author":[{"embeddable":true,"href":"https:\/\/melaniedubois.com\/fr\/wp-json\/wp\/v2\/users\/742"}],"replies":[{"embeddable":true,"href":"https:\/\/melaniedubois.com\/fr\/wp-json\/wp\/v2\/comments?post=1939"}],"version-history":[{"count":2,"href":"https:\/\/melaniedubois.com\/fr\/wp-json\/wp\/v2\/pages\/1939\/revisions"}],"predecessor-version":[{"id":1943,"href":"https:\/\/melaniedubois.com\/fr\/wp-json\/wp\/v2\/pages\/1939\/revisions\/1943"}],"wp:attachment":[{"href":"https:\/\/melaniedubois.com\/fr\/wp-json\/wp\/v2\/media?parent=1939"}],"curies":[{"name":"wp","href":"https:\/\/api.w.org\/{rel}","templated":true}]}}