{"id":1944,"date":"2021-08-18T08:37:45","date_gmt":"2021-08-18T12:37:45","guid":{"rendered":"http:\/\/melaniedubois.com\/?page_id=1944"},"modified":"2021-08-18T08:37:59","modified_gmt":"2021-08-18T12:37:59","slug":"comment-profiter-de-la-hausse-de-la-valeur-de-ma-residence","status":"publish","type":"page","link":"https:\/\/melaniedubois.com\/fr\/comment-profiter-de-la-hausse-de-la-valeur-de-ma-residence\/","title":{"rendered":"Comment profiter de la hausse de la valeur de ma r\u00e9sidence ?"},"content":{"rendered":"<p><\/p>\n<p style=\"text-align: justify;\">Avec la hausse r\u00e9cente de la valeur des maisons, plusieurs propri\u00e9taires se sont \u00ab enrichis \u00bb sur papier. Comment faire pour mettre \u00e0 profit cette nouvelle richesse ?<\/p>\n<p><img decoding=\"async\" src=\"https:\/\/mcusercontent.com\/93cd80b45544fad91b6b44d60\/images\/ada90edc-0962-d98d-0508-26c0c75876ed.png\" \/><\/p>\n<p style=\"text-align: justify;\">De f\u00e9vrier 2020 \u00e0 f\u00e9vrier 2021, le prix m\u00e9dian des maisons unifamiliales au Qu\u00e9bec est pass\u00e9 de 274 700 $ en 2020 \u00e0 336 670 $, ce qui repr\u00e9sente une hausse de 23 % en seulement un an. Concr\u00e8tement, cela veut dire que le propri\u00e9taire d\u2019une maison qui valait 274 700 $ au d\u00e9but de 2020 s\u2019est enrichi de 61 970 $, uniquement gr\u00e2ce \u00e0 la hausse des prix.<\/p>\n<p style=\"text-align: justify;\">Si vous \u00eates ouvert aux occasions, en voici une belle : il est possible d\u2019aller voir votre banque pour emprunter sur la nouvelle valeur de votre propri\u00e9t\u00e9. Voici six mani\u00e8res d\u2019utiliser un tel emprunt.<\/p>\n<p style=\"text-align: justify;\"><strong>1. Transf\u00e9rer des dettes \u00e0 haut taux d\u2019int\u00e9r\u00eat<\/strong><\/p>\n<p style=\"text-align: justify;\">Si vous avez un solde de carte de cr\u00e9dit impay\u00e9 ou encore un pr\u00eat personnel, vous pourriez transf\u00e9rer ces dettes sur votre emprunt hypoth\u00e9caire, dont le taux d\u2019int\u00e9r\u00eat est moins \u00e9lev\u00e9. Toutefois, il faudra \u00eatre disciplin\u00e9 par la suite et \u00e9viter de vous endetter \u00e0 nouveau.<\/p>\n<p style=\"text-align: justify;\">Une variante serait de vendre votre maison, d\u2019utiliser une partie du profit \u00e0 la revente pour rembourser vos dettes, puis d\u2019acheter une propri\u00e9t\u00e9 moins ch\u00e8re.<\/p>\n<p style=\"text-align: justify;\"><strong>2. Financer des r\u00e9novations<\/strong><\/p>\n<p style=\"text-align: justify;\">Pour que cela en vaille la peine financi\u00e8rement, il vaut mieux prioriser les travaux qui visent la conservation de l\u2019immeuble, comme une r\u00e9fection de toiture, puis les r\u00e9novations qui rehaussent la valeur de votre maison, par exemple la r\u00e9novation de la cuisine et des salles de bain.<\/p>\n<p style=\"text-align: justify;\">Certaines r\u00e9novations, comme l\u2019ajout d\u2019une piscine, ont peu d\u2019effet sur la valeur d\u2019une propri\u00e9t\u00e9.<\/p>\n<p style=\"text-align: justify;\">Il faut aussi consid\u00e9rer le prix des mat\u00e9riaux. Lorsque les prix sont \u00e9lev\u00e9s, comme c\u2019est le cas actuellement, il vaut peut-\u00eatre mieux repousser certains travaux non urgents.<\/p>\n<p style=\"text-align: justify;\"><strong>3. Gonfler vos placements<\/strong><\/p>\n<p style=\"text-align: justify;\">Vous pouvez emprunter sur la valeur de votre maison afin de maximiser certains placements, par exemple votre REER.<\/p>\n<p style=\"text-align: justify;\">Cette strat\u00e9gie offre deux avantages : d\u2019abord, lorsque les taux d\u2019int\u00e9r\u00eat sont faibles, comme c\u2019est le cas actuellement, vos REER peuvent produire un rendement sup\u00e9rieur \u00e0 ce que vous en co\u00fbte votre hypoth\u00e8que. De plus, le fait de cotiser \u00e0 votre REER r\u00e9duit votre revenu imposable.<\/p>\n<p style=\"text-align: justify;\"><strong>4. Financer l\u2019acquisition d\u2019un chalet ou d\u2019un immeuble<\/strong><\/p>\n<p style=\"text-align: justify;\">Vous r\u00eavez depuis un moment d\u2019avoir votre chalet ? La plus-value de votre maison pourrait vous aider \u00e0 financer votre r\u00eave. Pour un achat rentable, vous pourriez m\u00eame opter pour un chalet offert en location (pour les journ\u00e9es que vous n\u2019y \u00eates pas), ou encore pour un immeuble \u00e0 revenus.<\/p>\n<p style=\"text-align: justify;\"><strong>5. Pr\u00eater de l\u2019argent<\/strong><\/p>\n<p style=\"text-align: justify;\">Si vous \u00eates un peu plus audacieux, vous pouvez m\u00eame vous servir de la valeur de votre maison afin de pr\u00eater de l\u2019argent en devenant pr\u00eateur priv\u00e9. Cette strat\u00e9gie requiert que vous alliez chercher certaines connaissances, mais elle peut s\u2019av\u00e9rer tr\u00e8s payante sur le long terme.<\/p>\n<p style=\"text-align: justify;\"><strong>6. Se \u00ab g\u00e2ter \u00bb<\/strong><\/p>\n<p style=\"text-align: justify;\">Je recommande d\u2019\u00e9viter cette derni\u00e8re possibilit\u00e9, puisque le pi\u00e8ge est double. D\u2019une part, vous pourriez vous appauvrir en achetant des biens qui ne prennent pas de valeur (et m\u00eame qui en perdent) et d\u2019une autre, la valeur possiblement gonfl\u00e9e de votre maison pourrait redescendre. Bref, si vous souhaitez vous payer un petit luxe, il vaut souvent mieux \u00eatre capable de payer comptant la d\u00e9pense.<\/p>\n<p>&nbsp;<\/p>\n<h2><strong>CONSEILS<\/strong><\/h2>\n<ul style=\"list-style-type: circle;\">\n<li>Si vous empruntez sur la valeur de votre maison, l\u2019id\u00e9al est de le faire avec l\u2019objectif de cr\u00e9er de la valeur.<\/li>\n<li>Attention : Il n\u2019est pas possible de refinancer plus de 80 % de la valeur marchande de votre maison.<\/li>\n<li>Pour savoir si cela vaut la peine d\u2019emprunter, faites des calculs. N\u2019oubliez pas que vous devrez non seulement rembourser votre nouvel emprunt, mais aussi payer les int\u00e9r\u00eats qui s\u2019y rattachent et possiblement diff\u00e9rents frais factur\u00e9s par votre institution financi\u00e8re.<\/li>\n<\/ul>\n<p>&nbsp;<\/p>\n<p>Source : <a href=\"https:\/\/www.journaldequebec.com\/2021\/07\/12\/comment-profiter-de-la-hausse-de-la-valeur-de-ma-residence\">Article de Ghislain Larochelle publi\u00e9 sur le site journaldequebec.com le 12 juillet 2021<\/a><\/p>\n<p>Lien : <a href=\"https:\/\/www.journaldequebec.com\/2021\/07\/12\/comment-profiter-de-la-hausse-de-la-valeur-de-ma-residence\">https:\/\/www.journaldequebec.com\/2021\/07\/12\/comment-profiter-de-la-hausse-de-la-valeur-de-ma-residence<\/a><\/p>\n<p>&nbsp;<\/p>\n<p>&nbsp;<\/p>\n<p style=\"text-align: center;\">Nous avons des acheteurs qui cherchent activement !<br \/>\nVous connaissez quelqu&rsquo;un qui consid\u00e8re vendre ?<br \/>\nNous pouvons\u00a0fournir\u00a0une liste des ventes comparables dans\u00a0leur\u00a0secteur.<br \/>\nC&rsquo;est GRATUIT, aucune obligation !<\/p>\n<p>&nbsp;<\/p>\n<p><img decoding=\"async\" src=\"https:\/\/mcusercontent.com\/93cd80b45544fad91b6b44d60\/images\/4e6f6591-1108-4326-bdd0-44f74a03ea2b.png\" \/><\/p>","protected":false},"excerpt":{"rendered":"<p>Avec la hausse r\u00e9cente de la valeur des maisons, plusieurs propri\u00e9taires se sont \u00ab enrichis \u00bb sur papier. Comment faire pour mettre \u00e0 profit cette nouvelle richesse ? De f\u00e9vrier 2020 \u00e0 f\u00e9vrier 2021, le prix m\u00e9dian des maisons unifamiliales au Qu\u00e9bec est pass\u00e9 de 274 700 $ en 2020 \u00e0 336 670 $, ce [&hellip;]<\/p>\n","protected":false},"author":742,"featured_media":0,"parent":0,"menu_order":0,"comment_status":"closed","ping_status":"closed","template":"","meta":{"_acf_changed":false,"footnotes":""},"class_list":["post-1944","page","type-page","status-publish","hentry"],"acf":[],"yoast_head":"<!-- This site is optimized with the Yoast SEO plugin v26.7 - https:\/\/yoast.com\/wordpress\/plugins\/seo\/ -->\n<title>Comment profiter de la hausse de la valeur de ma r\u00e9sidence ? - \u00c9quipe M\u00e9lanie Dubois<\/title>\n<meta name=\"robots\" content=\"index, follow, max-snippet:-1, max-image-preview:large, max-video-preview:-1\" \/>\n<link rel=\"canonical\" href=\"https:\/\/melaniedubois.com\/fr\/comment-profiter-de-la-hausse-de-la-valeur-de-ma-residence\/\" \/>\n<meta property=\"og:locale\" content=\"fr_FR\" \/>\n<meta property=\"og:type\" content=\"article\" \/>\n<meta property=\"og:title\" content=\"Comment profiter de la hausse de la valeur de ma r\u00e9sidence ? - \u00c9quipe M\u00e9lanie Dubois\" \/>\n<meta property=\"og:description\" content=\"Avec la hausse r\u00e9cente de la valeur des maisons, plusieurs propri\u00e9taires se sont \u00ab enrichis \u00bb sur papier. Comment faire pour mettre \u00e0 profit cette nouvelle richesse ? De f\u00e9vrier 2020 \u00e0 f\u00e9vrier 2021, le prix m\u00e9dian des maisons unifamiliales au Qu\u00e9bec est pass\u00e9 de 274 700 $ en 2020 \u00e0 336 670 $, ce [&hellip;]\" \/>\n<meta property=\"og:url\" content=\"https:\/\/melaniedubois.com\/fr\/comment-profiter-de-la-hausse-de-la-valeur-de-ma-residence\/\" \/>\n<meta property=\"og:site_name\" content=\"\u00c9quipe M\u00e9lanie Dubois\" \/>\n<meta property=\"article:modified_time\" content=\"2021-08-18T12:37:59+00:00\" \/>\n<meta property=\"og:image\" content=\"https:\/\/mcusercontent.com\/93cd80b45544fad91b6b44d60\/images\/ada90edc-0962-d98d-0508-26c0c75876ed.png\" \/>\n<meta name=\"twitter:card\" content=\"summary_large_image\" \/>\n<meta name=\"twitter:label1\" content=\"Dur\u00e9e de lecture estim\u00e9e\" \/>\n\t<meta name=\"twitter:data1\" content=\"4 minutes\" \/>\n<script type=\"application\/ld+json\" class=\"yoast-schema-graph\">{\"@context\":\"https:\/\/schema.org\",\"@graph\":[{\"@type\":\"WebPage\",\"@id\":\"https:\/\/melaniedubois.com\/fr\/comment-profiter-de-la-hausse-de-la-valeur-de-ma-residence\/\",\"url\":\"https:\/\/melaniedubois.com\/fr\/comment-profiter-de-la-hausse-de-la-valeur-de-ma-residence\/\",\"name\":\"[:fr]Comment profiter de la hausse de la valeur de ma r\u00e9sidence ?[:] - \u00c9quipe M\u00e9lanie Dubois\",\"isPartOf\":{\"@id\":\"https:\/\/melaniedubois.com\/en\/#website\"},\"primaryImageOfPage\":{\"@id\":\"https:\/\/melaniedubois.com\/fr\/comment-profiter-de-la-hausse-de-la-valeur-de-ma-residence\/#primaryimage\"},\"image\":{\"@id\":\"https:\/\/melaniedubois.com\/fr\/comment-profiter-de-la-hausse-de-la-valeur-de-ma-residence\/#primaryimage\"},\"thumbnailUrl\":\"https:\/\/mcusercontent.com\/93cd80b45544fad91b6b44d60\/images\/ada90edc-0962-d98d-0508-26c0c75876ed.png\",\"datePublished\":\"2021-08-18T12:37:45+00:00\",\"dateModified\":\"2021-08-18T12:37:59+00:00\",\"breadcrumb\":{\"@id\":\"https:\/\/melaniedubois.com\/fr\/comment-profiter-de-la-hausse-de-la-valeur-de-ma-residence\/#breadcrumb\"},\"inLanguage\":\"fr-FR\",\"potentialAction\":[{\"@type\":\"ReadAction\",\"target\":[\"https:\/\/melaniedubois.com\/fr\/comment-profiter-de-la-hausse-de-la-valeur-de-ma-residence\/\"]}]},{\"@type\":\"ImageObject\",\"inLanguage\":\"fr-FR\",\"@id\":\"https:\/\/melaniedubois.com\/fr\/comment-profiter-de-la-hausse-de-la-valeur-de-ma-residence\/#primaryimage\",\"url\":\"https:\/\/mcusercontent.com\/93cd80b45544fad91b6b44d60\/images\/ada90edc-0962-d98d-0508-26c0c75876ed.png\",\"contentUrl\":\"https:\/\/mcusercontent.com\/93cd80b45544fad91b6b44d60\/images\/ada90edc-0962-d98d-0508-26c0c75876ed.png\"},{\"@type\":\"BreadcrumbList\",\"@id\":\"https:\/\/melaniedubois.com\/fr\/comment-profiter-de-la-hausse-de-la-valeur-de-ma-residence\/#breadcrumb\",\"itemListElement\":[{\"@type\":\"ListItem\",\"position\":1,\"name\":\"Accueil\",\"item\":\"https:\/\/melaniedubois.com\/en\/\"},{\"@type\":\"ListItem\",\"position\":2,\"name\":\"Comment profiter de la hausse de la valeur de ma r\u00e9sidence ?\"}]},{\"@type\":\"WebSite\",\"@id\":\"https:\/\/melaniedubois.com\/en\/#website\",\"url\":\"https:\/\/melaniedubois.com\/en\/\",\"name\":\"\u00c9quipe M\u00e9lanie Dubois\",\"description\":\"Courtier immobilier Montr\u00e9al, KW Connexion\",\"potentialAction\":[{\"@type\":\"SearchAction\",\"target\":{\"@type\":\"EntryPoint\",\"urlTemplate\":\"https:\/\/melaniedubois.com\/en\/?s={search_term_string}\"},\"query-input\":{\"@type\":\"PropertyValueSpecification\",\"valueRequired\":true,\"valueName\":\"search_term_string\"}}],\"inLanguage\":\"fr-FR\"}]}<\/script>\n<!-- \/ Yoast SEO plugin. -->","yoast_head_json":{"title":"Comment profiter de la hausse de la valeur de ma r\u00e9sidence ? - \u00c9quipe M\u00e9lanie Dubois","robots":{"index":"index","follow":"follow","max-snippet":"max-snippet:-1","max-image-preview":"max-image-preview:large","max-video-preview":"max-video-preview:-1"},"canonical":"https:\/\/melaniedubois.com\/fr\/comment-profiter-de-la-hausse-de-la-valeur-de-ma-residence\/","og_locale":"fr_FR","og_type":"article","og_title":"Comment profiter de la hausse de la valeur de ma r\u00e9sidence ? - \u00c9quipe M\u00e9lanie Dubois","og_description":"Avec la hausse r\u00e9cente de la valeur des maisons, plusieurs propri\u00e9taires se sont \u00ab enrichis \u00bb sur papier. Comment faire pour mettre \u00e0 profit cette nouvelle richesse ? De f\u00e9vrier 2020 \u00e0 f\u00e9vrier 2021, le prix m\u00e9dian des maisons unifamiliales au Qu\u00e9bec est pass\u00e9 de 274 700 $ en 2020 \u00e0 336 670 $, ce [&hellip;]","og_url":"https:\/\/melaniedubois.com\/fr\/comment-profiter-de-la-hausse-de-la-valeur-de-ma-residence\/","og_site_name":"\u00c9quipe M\u00e9lanie Dubois","article_modified_time":"2021-08-18T12:37:59+00:00","og_image":[{"url":"https:\/\/mcusercontent.com\/93cd80b45544fad91b6b44d60\/images\/ada90edc-0962-d98d-0508-26c0c75876ed.png","type":"","width":"","height":""}],"twitter_card":"summary_large_image","twitter_misc":{"Dur\u00e9e de lecture estim\u00e9e":"4 minutes"},"schema":{"@context":"https:\/\/schema.org","@graph":[{"@type":"WebPage","@id":"https:\/\/melaniedubois.com\/fr\/comment-profiter-de-la-hausse-de-la-valeur-de-ma-residence\/","url":"https:\/\/melaniedubois.com\/fr\/comment-profiter-de-la-hausse-de-la-valeur-de-ma-residence\/","name":"[:fr]Comment profiter de la hausse de la valeur de ma r\u00e9sidence ?[:] - \u00c9quipe M\u00e9lanie Dubois","isPartOf":{"@id":"https:\/\/melaniedubois.com\/en\/#website"},"primaryImageOfPage":{"@id":"https:\/\/melaniedubois.com\/fr\/comment-profiter-de-la-hausse-de-la-valeur-de-ma-residence\/#primaryimage"},"image":{"@id":"https:\/\/melaniedubois.com\/fr\/comment-profiter-de-la-hausse-de-la-valeur-de-ma-residence\/#primaryimage"},"thumbnailUrl":"https:\/\/mcusercontent.com\/93cd80b45544fad91b6b44d60\/images\/ada90edc-0962-d98d-0508-26c0c75876ed.png","datePublished":"2021-08-18T12:37:45+00:00","dateModified":"2021-08-18T12:37:59+00:00","breadcrumb":{"@id":"https:\/\/melaniedubois.com\/fr\/comment-profiter-de-la-hausse-de-la-valeur-de-ma-residence\/#breadcrumb"},"inLanguage":"fr-FR","potentialAction":[{"@type":"ReadAction","target":["https:\/\/melaniedubois.com\/fr\/comment-profiter-de-la-hausse-de-la-valeur-de-ma-residence\/"]}]},{"@type":"ImageObject","inLanguage":"fr-FR","@id":"https:\/\/melaniedubois.com\/fr\/comment-profiter-de-la-hausse-de-la-valeur-de-ma-residence\/#primaryimage","url":"https:\/\/mcusercontent.com\/93cd80b45544fad91b6b44d60\/images\/ada90edc-0962-d98d-0508-26c0c75876ed.png","contentUrl":"https:\/\/mcusercontent.com\/93cd80b45544fad91b6b44d60\/images\/ada90edc-0962-d98d-0508-26c0c75876ed.png"},{"@type":"BreadcrumbList","@id":"https:\/\/melaniedubois.com\/fr\/comment-profiter-de-la-hausse-de-la-valeur-de-ma-residence\/#breadcrumb","itemListElement":[{"@type":"ListItem","position":1,"name":"Accueil","item":"https:\/\/melaniedubois.com\/en\/"},{"@type":"ListItem","position":2,"name":"Comment profiter de la hausse de la valeur de ma r\u00e9sidence ?"}]},{"@type":"WebSite","@id":"https:\/\/melaniedubois.com\/en\/#website","url":"https:\/\/melaniedubois.com\/en\/","name":"\u00c9quipe M\u00e9lanie Dubois","description":"Courtier immobilier Montr\u00e9al, KW Connexion","potentialAction":[{"@type":"SearchAction","target":{"@type":"EntryPoint","urlTemplate":"https:\/\/melaniedubois.com\/en\/?s={search_term_string}"},"query-input":{"@type":"PropertyValueSpecification","valueRequired":true,"valueName":"search_term_string"}}],"inLanguage":"fr-FR"}]}},"_links":{"self":[{"href":"https:\/\/melaniedubois.com\/fr\/wp-json\/wp\/v2\/pages\/1944","targetHints":{"allow":["GET"]}}],"collection":[{"href":"https:\/\/melaniedubois.com\/fr\/wp-json\/wp\/v2\/pages"}],"about":[{"href":"https:\/\/melaniedubois.com\/fr\/wp-json\/wp\/v2\/types\/page"}],"author":[{"embeddable":true,"href":"https:\/\/melaniedubois.com\/fr\/wp-json\/wp\/v2\/users\/742"}],"replies":[{"embeddable":true,"href":"https:\/\/melaniedubois.com\/fr\/wp-json\/wp\/v2\/comments?post=1944"}],"version-history":[{"count":2,"href":"https:\/\/melaniedubois.com\/fr\/wp-json\/wp\/v2\/pages\/1944\/revisions"}],"predecessor-version":[{"id":1947,"href":"https:\/\/melaniedubois.com\/fr\/wp-json\/wp\/v2\/pages\/1944\/revisions\/1947"}],"wp:attachment":[{"href":"https:\/\/melaniedubois.com\/fr\/wp-json\/wp\/v2\/media?parent=1944"}],"curies":[{"name":"wp","href":"https:\/\/api.w.org\/{rel}","templated":true}]}}