{"id":1955,"date":"2021-08-22T18:35:13","date_gmt":"2021-08-22T22:35:13","guid":{"rendered":"http:\/\/melaniedubois.com\/?page_id=1955"},"modified":"2021-08-22T18:35:13","modified_gmt":"2021-08-22T22:35:13","slug":"les-ventes-de-maisons-reculent-de-30-a-montreal-en-juillet","status":"publish","type":"page","link":"https:\/\/melaniedubois.com\/fr\/les-ventes-de-maisons-reculent-de-30-a-montreal-en-juillet\/","title":{"rendered":"Les ventes de maisons reculent de 30% \u00e0 Montr\u00e9al en juillet"},"content":{"rendered":"<p><\/p>\n<p style=\"text-align: justify;\">Les ventes de maisons et le nombre de nouvelles inscriptions ont chut\u00e9 d\u2019environ 30\u00a0% le mois dernier, par rapport \u00e0 juillet 2020, a indiqu\u00e9 mercredi l\u2019Association professionnelle des courtiers immobiliers du Qu\u00e9bec (APCIQ). La tendance substantielle \u00e0 la baisse entam\u00e9e en mai s\u2019est poursuivie et semble signaler que le march\u00e9 revient \u00e0 ses niveaux d\u2019avant la pand\u00e9mie, a observ\u00e9 l\u2019association.<\/p>\n<p><img decoding=\"async\" src=\"https:\/\/mcusercontent.com\/93cd80b45544fad91b6b44d60\/images\/2fd7ce93-6e47-a50d-167c-cc864c895246.png\" \/><\/p>\n<p style=\"text-align: justify;\">Au total, 3799 maisons ont \u00e9t\u00e9 vendues dans la grande r\u00e9gion montr\u00e9alaise en juillet, contre 5324 lors du m\u00eame mois l\u2019ann\u00e9e derni\u00e8re, a pr\u00e9cis\u00e9 l\u2019APCIQ. Les nouvelles inscriptions se sont chiffr\u00e9es \u00e0 4118 le mois dernier, une baisse par rapport aux 5918 du mois de juillet pr\u00e9c\u00e9dent. Le prix m\u00e9dian d\u2019une maison unifamiliale a augment\u00e9 de 18\u00a0% par rapport \u00e0 juillet 2020, pour atteindre 500\u00a0500\u00a0$ le mois dernier, tandis que les prix des copropri\u00e9t\u00e9s ont augment\u00e9 de 16\u00a0% pour atteindre une m\u00e9diane de 360\u00a0000\u00a0$.<\/p>\n<p style=\"text-align: justify;\">Selon le directeur du service de l\u2019analyse du march\u00e9 de l\u2019APCIQ, Charles Brant, les chiffres montrent un changement par rapport \u00e0 juillet dernier, lorsque la r\u00e9gion a connu un niveau de ventes \u00ab\u00a0spectaculaire\u00a0\u00bb. \u00ab\u00a0Si ce ralentissement est en partie issu d\u2019une baisse des inscriptions en vigueur des propri\u00e9t\u00e9s unifamiliales \u00e0 un niveau historique, il s\u2019explique aussi par le r\u00e9tr\u00e9cissement du bassin d\u2019acheteurs en mesure de s\u2019offrir une propri\u00e9t\u00e9 aux prix qui se transigent sur le march\u00e9\u00a0\u00bb, a-t-il \u00e9crit dans un communiqu\u00e9. \u00ab\u00a0On observe effectivement un ralentissement de la hausse des prix et un plafonnement de leur \u00e9volution depuis le printemps, toutes cat\u00e9gories confondues.\u00a0\u00bb<\/p>\n<p style=\"text-align: justify;\">L\u2019accessibilit\u00e9 au logement au Canada s\u2019est d\u00e9t\u00e9rior\u00e9e de 3,2 points au deuxi\u00e8me trimestre de 2021, marquant la plus forte d\u00e9t\u00e9rioration depuis le deuxi\u00e8me trimestre de 1994, notaient les \u00e9conomistes Kyle Dahms et Alexandra Ducharme, de la Banque Nationale, dans leur analyse publi\u00e9e au d\u00e9but du mois. Les paiements hypoth\u00e9caires engloutissent maintenant 45\u00a0% du revenu d\u2019un m\u00e9nage repr\u00e9sentatif, ce qui est sup\u00e9rieur \u00e0 la moyenne de 43\u00a0% observ\u00e9e depuis 1980.<\/p>\n<p style=\"text-align: justify;\">\u00ab\u00a0La croissance des revenus et la baisse des taux d\u2019int\u00e9r\u00eat ont \u00e9t\u00e9 propices \u00e0 l\u2019am\u00e9lioration de l\u2019accessibilit\u00e9 immobili\u00e8re pendant la majeure partie des deux derni\u00e8res ann\u00e9es. Ce n\u2019est plus le cas en 2021, car la croissance des revenus est facilement d\u00e9pass\u00e9e par la hausse des prix des maisons, tandis que les taux d\u2019int\u00e9r\u00eat hypoth\u00e9caires ont \u00e9galement augment\u00e9 sur une base trimestrielle\u00a0\u00bb, ont-ils \u00e9crit. Ces taux ont grimp\u00e9 de 22 points de base au deuxi\u00e8me trimestre, soit la plus forte hausse sur un trimestre depuis le troisi\u00e8me de 2017, contribuant largement \u00e0 la baisse de l\u2019accessibilit\u00e9.<\/p>\n<h3 style=\"text-align: center;\">3799<\/h3>\n<h3 style=\"text-align: center;\">C\u2019est le nombre de maisons qui ont \u00e9t\u00e9 vendues dans la grande r\u00e9gion montr\u00e9alaise en juillet, contre 5324 lors du m\u00eame mois l\u2019ann\u00e9e derni\u00e8re.<\/h3>\n<p style=\"text-align: justify;\">\u00ab\u00a0\u00c0 vrai dire, la part principale de la d\u00e9t\u00e9rioration provient de la hausse des prix des logements. \u00c0 l\u2019\u00e9chelle nationale, les prix ont bondi de 5,9\u00a0% au deuxi\u00e8me trimestre, ce qui s\u2019est traduit par un bond de 14,8\u00a0% des prix des maisons en glissement annuel. Le rythme trimestriel et annuel de la croissance des prix des logements a \u00e9t\u00e9 respectivement le plus fort depuis 1989.\u00a0\u00bb Les niveaux plus \u00e9lev\u00e9s des prix des maisons ont des cons\u00e9quences sur l\u2019accessibilit\u00e9 pour les acheteurs potentiels. La hausse des prix a augment\u00e9 le fardeau de l\u2019accumulation de la mise de fonds minimale. Pour le logement repr\u00e9sentatif au Canada, il faudrait 69 mois \u00e0 un taux d\u2019\u00e9pargne de 10\u00a0% pour le revenu m\u00e9dian du m\u00e9nage avant imp\u00f4t, comparativement \u00e0 57 mois \u00e0 pareille date l\u2019an dernier.<\/p>\n<p style=\"text-align: justify;\">\u00ab\u00a0Certes, les derniers rapports sur l\u2019activit\u00e9 du march\u00e9 de l\u2019habitation laissent entrevoir que nous sommes peut-\u00eatre \u00e0 un tournant\u00a0: les ventes de maisons ont ralenti et les prix semblent d\u00e9c\u00e9l\u00e9rer dans certains march\u00e9s. En outre, les taux d\u2019int\u00e9r\u00eat hypoth\u00e9caires ont l\u00e9g\u00e8rement baiss\u00e9 ces derni\u00e8res semaines. N\u00e9anmoins, les indicateurs du march\u00e9 de la revente, tels que le ratio inscriptions actives\/ventes, indiquent toujours un march\u00e9 favorable \u00e0 l\u2019appr\u00e9ciation des prix des maisons. Par cons\u00e9quent, nous ne pr\u00e9voyons pas d\u2019am\u00e9lioration de l\u2019abordabilit\u00e9 au cours du second semestre de 2021\u00a0\u00bb, ajoutent les analystes de la Nationale.<\/p>\n<p>&nbsp;<\/p>\n<p>Source :\u00a0<a href=\"https:\/\/media1.ledevoir.com\/economie\/622716\/immobilier-les-ventes-de-maisons-reculent-de-30-a-montreal-en-juillet\">Article de La Presse Canadienne publi\u00e9 sur le site media1.ledevoir.com le 05 ao\u00fbt 2021<\/a><\/p>\n<p>Lien : <a href=\"https:\/\/media1.ledevoir.com\/economie\/622716\/immobilier-les-ventes-de-maisons-reculent-de-30-a-montreal-en-juillet\">https:\/\/media1.ledevoir.com\/economie\/622716\/immobilier-les-ventes-de-maisons-reculent-de-30-a-montreal-en-juillet<\/a><\/p>\n<p>&nbsp;<\/p>\n<p>&nbsp;<\/p>\n<p style=\"text-align: center;\">Nous avons des acheteurs qui cherchent activement !<br \/>\nVous connaissez quelqu&rsquo;un qui consid\u00e8re vendre ?<br \/>\nNous pouvons\u00a0fournir\u00a0une liste des ventes comparables dans\u00a0leur\u00a0secteur.<br \/>\nC&rsquo;est GRATUIT, aucune obligation !<\/p>\n<p><img decoding=\"async\" src=\"https:\/\/mcusercontent.com\/93cd80b45544fad91b6b44d60\/images\/4e6f6591-1108-4326-bdd0-44f74a03ea2b.png\" \/><\/p>","protected":false},"excerpt":{"rendered":"<p>Les ventes de maisons et le nombre de nouvelles inscriptions ont chut\u00e9 d\u2019environ 30\u00a0% le mois dernier, par rapport \u00e0 juillet 2020, a indiqu\u00e9 mercredi l\u2019Association professionnelle des courtiers immobiliers du Qu\u00e9bec (APCIQ). La tendance substantielle \u00e0 la baisse entam\u00e9e en mai s\u2019est poursuivie et semble signaler que le march\u00e9 revient \u00e0 ses niveaux d\u2019avant [&hellip;]<\/p>\n","protected":false},"author":742,"featured_media":0,"parent":0,"menu_order":0,"comment_status":"closed","ping_status":"closed","template":"","meta":{"_acf_changed":false,"footnotes":""},"class_list":["post-1955","page","type-page","status-publish","hentry"],"acf":[],"yoast_head":"<!-- This site is optimized with the Yoast SEO plugin v26.7 - https:\/\/yoast.com\/wordpress\/plugins\/seo\/ -->\n<title>Les ventes de maisons reculent de 30% \u00e0 Montr\u00e9al en juillet  - \u00c9quipe M\u00e9lanie Dubois<\/title>\n<meta name=\"robots\" content=\"index, follow, max-snippet:-1, max-image-preview:large, max-video-preview:-1\" \/>\n<link rel=\"canonical\" href=\"https:\/\/melaniedubois.com\/fr\/les-ventes-de-maisons-reculent-de-30-a-montreal-en-juillet\/\" \/>\n<meta property=\"og:locale\" content=\"fr_FR\" \/>\n<meta property=\"og:type\" content=\"article\" \/>\n<meta property=\"og:title\" content=\"Les ventes de maisons reculent de 30% \u00e0 Montr\u00e9al en juillet  - \u00c9quipe M\u00e9lanie Dubois\" \/>\n<meta property=\"og:description\" content=\"Les ventes de maisons et le nombre de nouvelles inscriptions ont chut\u00e9 d\u2019environ 30\u00a0% le mois dernier, par rapport \u00e0 juillet 2020, a indiqu\u00e9 mercredi l\u2019Association professionnelle des courtiers immobiliers du Qu\u00e9bec (APCIQ). La tendance substantielle \u00e0 la baisse entam\u00e9e en mai s\u2019est poursuivie et semble signaler que le march\u00e9 revient \u00e0 ses niveaux d\u2019avant [&hellip;]\" \/>\n<meta property=\"og:url\" content=\"https:\/\/melaniedubois.com\/fr\/les-ventes-de-maisons-reculent-de-30-a-montreal-en-juillet\/\" \/>\n<meta property=\"og:site_name\" content=\"\u00c9quipe M\u00e9lanie Dubois\" \/>\n<meta property=\"og:image\" content=\"https:\/\/mcusercontent.com\/93cd80b45544fad91b6b44d60\/images\/2fd7ce93-6e47-a50d-167c-cc864c895246.png\" \/>\n<meta name=\"twitter:card\" content=\"summary_large_image\" \/>\n<meta name=\"twitter:label1\" content=\"Dur\u00e9e de lecture estim\u00e9e\" \/>\n\t<meta name=\"twitter:data1\" content=\"4 minutes\" \/>\n<script type=\"application\/ld+json\" class=\"yoast-schema-graph\">{\"@context\":\"https:\/\/schema.org\",\"@graph\":[{\"@type\":\"WebPage\",\"@id\":\"https:\/\/melaniedubois.com\/fr\/les-ventes-de-maisons-reculent-de-30-a-montreal-en-juillet\/\",\"url\":\"https:\/\/melaniedubois.com\/fr\/les-ventes-de-maisons-reculent-de-30-a-montreal-en-juillet\/\",\"name\":\"[:fr]Les ventes de maisons reculent de 30% \u00e0 Montr\u00e9al en juillet [:] - \u00c9quipe M\u00e9lanie Dubois\",\"isPartOf\":{\"@id\":\"https:\/\/melaniedubois.com\/en\/#website\"},\"primaryImageOfPage\":{\"@id\":\"https:\/\/melaniedubois.com\/fr\/les-ventes-de-maisons-reculent-de-30-a-montreal-en-juillet\/#primaryimage\"},\"image\":{\"@id\":\"https:\/\/melaniedubois.com\/fr\/les-ventes-de-maisons-reculent-de-30-a-montreal-en-juillet\/#primaryimage\"},\"thumbnailUrl\":\"https:\/\/mcusercontent.com\/93cd80b45544fad91b6b44d60\/images\/2fd7ce93-6e47-a50d-167c-cc864c895246.png\",\"datePublished\":\"2021-08-22T22:35:13+00:00\",\"breadcrumb\":{\"@id\":\"https:\/\/melaniedubois.com\/fr\/les-ventes-de-maisons-reculent-de-30-a-montreal-en-juillet\/#breadcrumb\"},\"inLanguage\":\"fr-FR\",\"potentialAction\":[{\"@type\":\"ReadAction\",\"target\":[\"https:\/\/melaniedubois.com\/fr\/les-ventes-de-maisons-reculent-de-30-a-montreal-en-juillet\/\"]}]},{\"@type\":\"ImageObject\",\"inLanguage\":\"fr-FR\",\"@id\":\"https:\/\/melaniedubois.com\/fr\/les-ventes-de-maisons-reculent-de-30-a-montreal-en-juillet\/#primaryimage\",\"url\":\"https:\/\/mcusercontent.com\/93cd80b45544fad91b6b44d60\/images\/2fd7ce93-6e47-a50d-167c-cc864c895246.png\",\"contentUrl\":\"https:\/\/mcusercontent.com\/93cd80b45544fad91b6b44d60\/images\/2fd7ce93-6e47-a50d-167c-cc864c895246.png\"},{\"@type\":\"BreadcrumbList\",\"@id\":\"https:\/\/melaniedubois.com\/fr\/les-ventes-de-maisons-reculent-de-30-a-montreal-en-juillet\/#breadcrumb\",\"itemListElement\":[{\"@type\":\"ListItem\",\"position\":1,\"name\":\"Accueil\",\"item\":\"https:\/\/melaniedubois.com\/en\/\"},{\"@type\":\"ListItem\",\"position\":2,\"name\":\"Les ventes de maisons reculent de 30% \u00e0 Montr\u00e9al en juillet\"}]},{\"@type\":\"WebSite\",\"@id\":\"https:\/\/melaniedubois.com\/en\/#website\",\"url\":\"https:\/\/melaniedubois.com\/en\/\",\"name\":\"\u00c9quipe M\u00e9lanie Dubois\",\"description\":\"Courtier immobilier Montr\u00e9al, KW Connexion\",\"potentialAction\":[{\"@type\":\"SearchAction\",\"target\":{\"@type\":\"EntryPoint\",\"urlTemplate\":\"https:\/\/melaniedubois.com\/en\/?s={search_term_string}\"},\"query-input\":{\"@type\":\"PropertyValueSpecification\",\"valueRequired\":true,\"valueName\":\"search_term_string\"}}],\"inLanguage\":\"fr-FR\"}]}<\/script>\n<!-- \/ Yoast SEO plugin. -->","yoast_head_json":{"title":"Les ventes de maisons reculent de 30% \u00e0 Montr\u00e9al en juillet  - \u00c9quipe M\u00e9lanie Dubois","robots":{"index":"index","follow":"follow","max-snippet":"max-snippet:-1","max-image-preview":"max-image-preview:large","max-video-preview":"max-video-preview:-1"},"canonical":"https:\/\/melaniedubois.com\/fr\/les-ventes-de-maisons-reculent-de-30-a-montreal-en-juillet\/","og_locale":"fr_FR","og_type":"article","og_title":"Les ventes de maisons reculent de 30% \u00e0 Montr\u00e9al en juillet  - \u00c9quipe M\u00e9lanie Dubois","og_description":"Les ventes de maisons et le nombre de nouvelles inscriptions ont chut\u00e9 d\u2019environ 30\u00a0% le mois dernier, par rapport \u00e0 juillet 2020, a indiqu\u00e9 mercredi l\u2019Association professionnelle des courtiers immobiliers du Qu\u00e9bec (APCIQ). La tendance substantielle \u00e0 la baisse entam\u00e9e en mai s\u2019est poursuivie et semble signaler que le march\u00e9 revient \u00e0 ses niveaux d\u2019avant [&hellip;]","og_url":"https:\/\/melaniedubois.com\/fr\/les-ventes-de-maisons-reculent-de-30-a-montreal-en-juillet\/","og_site_name":"\u00c9quipe M\u00e9lanie Dubois","og_image":[{"url":"https:\/\/mcusercontent.com\/93cd80b45544fad91b6b44d60\/images\/2fd7ce93-6e47-a50d-167c-cc864c895246.png","type":"","width":"","height":""}],"twitter_card":"summary_large_image","twitter_misc":{"Dur\u00e9e de lecture estim\u00e9e":"4 minutes"},"schema":{"@context":"https:\/\/schema.org","@graph":[{"@type":"WebPage","@id":"https:\/\/melaniedubois.com\/fr\/les-ventes-de-maisons-reculent-de-30-a-montreal-en-juillet\/","url":"https:\/\/melaniedubois.com\/fr\/les-ventes-de-maisons-reculent-de-30-a-montreal-en-juillet\/","name":"[:fr]Les ventes de maisons reculent de 30% \u00e0 Montr\u00e9al en juillet [:] - \u00c9quipe M\u00e9lanie Dubois","isPartOf":{"@id":"https:\/\/melaniedubois.com\/en\/#website"},"primaryImageOfPage":{"@id":"https:\/\/melaniedubois.com\/fr\/les-ventes-de-maisons-reculent-de-30-a-montreal-en-juillet\/#primaryimage"},"image":{"@id":"https:\/\/melaniedubois.com\/fr\/les-ventes-de-maisons-reculent-de-30-a-montreal-en-juillet\/#primaryimage"},"thumbnailUrl":"https:\/\/mcusercontent.com\/93cd80b45544fad91b6b44d60\/images\/2fd7ce93-6e47-a50d-167c-cc864c895246.png","datePublished":"2021-08-22T22:35:13+00:00","breadcrumb":{"@id":"https:\/\/melaniedubois.com\/fr\/les-ventes-de-maisons-reculent-de-30-a-montreal-en-juillet\/#breadcrumb"},"inLanguage":"fr-FR","potentialAction":[{"@type":"ReadAction","target":["https:\/\/melaniedubois.com\/fr\/les-ventes-de-maisons-reculent-de-30-a-montreal-en-juillet\/"]}]},{"@type":"ImageObject","inLanguage":"fr-FR","@id":"https:\/\/melaniedubois.com\/fr\/les-ventes-de-maisons-reculent-de-30-a-montreal-en-juillet\/#primaryimage","url":"https:\/\/mcusercontent.com\/93cd80b45544fad91b6b44d60\/images\/2fd7ce93-6e47-a50d-167c-cc864c895246.png","contentUrl":"https:\/\/mcusercontent.com\/93cd80b45544fad91b6b44d60\/images\/2fd7ce93-6e47-a50d-167c-cc864c895246.png"},{"@type":"BreadcrumbList","@id":"https:\/\/melaniedubois.com\/fr\/les-ventes-de-maisons-reculent-de-30-a-montreal-en-juillet\/#breadcrumb","itemListElement":[{"@type":"ListItem","position":1,"name":"Accueil","item":"https:\/\/melaniedubois.com\/en\/"},{"@type":"ListItem","position":2,"name":"Les ventes de maisons reculent de 30% \u00e0 Montr\u00e9al en juillet"}]},{"@type":"WebSite","@id":"https:\/\/melaniedubois.com\/en\/#website","url":"https:\/\/melaniedubois.com\/en\/","name":"\u00c9quipe M\u00e9lanie Dubois","description":"Courtier immobilier Montr\u00e9al, KW Connexion","potentialAction":[{"@type":"SearchAction","target":{"@type":"EntryPoint","urlTemplate":"https:\/\/melaniedubois.com\/en\/?s={search_term_string}"},"query-input":{"@type":"PropertyValueSpecification","valueRequired":true,"valueName":"search_term_string"}}],"inLanguage":"fr-FR"}]}},"_links":{"self":[{"href":"https:\/\/melaniedubois.com\/fr\/wp-json\/wp\/v2\/pages\/1955","targetHints":{"allow":["GET"]}}],"collection":[{"href":"https:\/\/melaniedubois.com\/fr\/wp-json\/wp\/v2\/pages"}],"about":[{"href":"https:\/\/melaniedubois.com\/fr\/wp-json\/wp\/v2\/types\/page"}],"author":[{"embeddable":true,"href":"https:\/\/melaniedubois.com\/fr\/wp-json\/wp\/v2\/users\/742"}],"replies":[{"embeddable":true,"href":"https:\/\/melaniedubois.com\/fr\/wp-json\/wp\/v2\/comments?post=1955"}],"version-history":[{"count":2,"href":"https:\/\/melaniedubois.com\/fr\/wp-json\/wp\/v2\/pages\/1955\/revisions"}],"predecessor-version":[{"id":1957,"href":"https:\/\/melaniedubois.com\/fr\/wp-json\/wp\/v2\/pages\/1955\/revisions\/1957"}],"wp:attachment":[{"href":"https:\/\/melaniedubois.com\/fr\/wp-json\/wp\/v2\/media?parent=1955"}],"curies":[{"name":"wp","href":"https:\/\/api.w.org\/{rel}","templated":true}]}}