{"id":1968,"date":"2021-09-02T16:35:05","date_gmt":"2021-09-02T20:35:05","guid":{"rendered":"http:\/\/melaniedubois.com\/?page_id=1968"},"modified":"2021-09-02T16:35:05","modified_gmt":"2021-09-02T20:35:05","slug":"is-paying-off-your-mortgage-over-30-years-a-good-idea","status":"publish","type":"page","link":"https:\/\/melaniedubois.com\/fr\/is-paying-off-your-mortgage-over-30-years-a-good-idea\/","title":{"rendered":"Is paying off your mortgage over 30 years a good idea?"},"content":{"rendered":"<p><\/p>\n<div style=\"text-align: justify;\">Are you about to buy a new property and want to find the best scenario for setting the repayment period of your mortgage?<\/div>\n<div style=\"text-align: justify;\"><img decoding=\"async\" src=\"https:\/\/mcusercontent.com\/93cd80b45544fad91b6b44d60\/images\/22869782-f53d-39d5-f369-098988702a1c.png\" \/><\/p>\n<p>It&rsquo;s a decision worth thinking about, as it will have a significant impact on the total amount of interest you will pay over the life of your mortgage.<\/p>\n<p>Here are the advantages and disadvantages that will help you choose between the traditional 25-year and 30-year terms.<\/p><\/div>\n<div style=\"text-align: justify;\"><\/div>\n<h2 style=\"text-align: justify;\">How does it work?<\/h2>\n<div style=\"text-align: justify;\">\nIt is important to know that if you put less than 20% of the property value down, you will be required to take out a mortgage insured by either Canada Mortgage and Housing Corporation (CMHC) or Sagen, simply to guarantee your payments to the bank.<\/p>\n<p>If your financial situation allows it and you are able to put more than 20% down, you will not have to insure your mortgage. With some financial institutions, you will have the choice of paying over 30 years instead of 25.<\/p><\/div>\n<h2 style=\"text-align: justify;\">\n30-year mortgage<\/h2>\n<div style=\"text-align: justify;\">\nThis period is always of great interest to many buyers because the monthly payments are lower and it allows you to have a less tight budget. However, the amount of interest paid over the life of the mortgage will be greater and you will not pay off your home as quickly.<\/div>\n<div><\/div>\n<h2 style=\"text-align: justify;\">25-year mortgage<\/h2>\n<div style=\"text-align: justify;\">\nWith the current state of the housing market, where mortgage rates are at historic lows, paying off your mortgage faster will save you interest costs, but it may not be the best strategy for everyone.<\/p>\n<p>If you don&rsquo;t have an emergency fund, now might be a good time to create one. It will help you deal with the unexpected.<\/p>\n<p>You could also invest in an RRSP or TFSA, for example, to take advantage of the benefits of these plans, but the return must be much higher than the interest costs on your mortgage.<\/p>\n<p>Unfortunately, keeping the money in your emergency fund or TFSA from being spent can be a daunting task. If this is your case, I suggest that you opt for the shortest amortization possible and thus pay off your mortgage faster.<\/p>\n<\/div>\n<div style=\"text-align: justify;\">To help you make the best decision: above is an example of a 15, 25 and 30 year mortgage.<\/p>\n<p>Conclusion: The longer the repayment period, the lower your monthly payments will be. However, your total interest costs will be higher with a shorter repayment period. The choice is yours!<\/p><\/div>\n<div style=\"text-align: justify;\"><\/div>\n<h2 style=\"text-align: justify;\">Tips<\/h2>\n<div style=\"text-align: justify;\">\nYou will always have the opportunity to reduce your original amortization period when you refinance. You do not have to maintain it for the life of your mortgage.<\/p>\n<p>To further reduce your interest costs, you can increase your regular payment amount or make a lump sum payment.<\/p>\n<p>If you renew your mortgage and the interest rate is lower, you can keep your payments the same and pay off your mortgage faster.<\/p><\/div>\n<div><\/div>\n<div><\/div>\n<div><\/div>\n<div>Source : <a href=\"https:\/\/www.tvanouvelles.ca\/2021\/08\/09\/rembourser-son-hypotheque-sur-30-ans-une-bonne-idee\">Article by Ghislain Larochelle on the website tvanouvelles.ca on 9th August of 2021<\/a><\/div>\n<div><\/div>\n<div><\/div>\n<div>Link : <a href=\"https:\/\/www.tvanouvelles.ca\/2021\/08\/09\/rembourser-son-hypotheque-sur-30-ans-une-bonne-idee\">https:\/\/www.tvanouvelles.ca\/2021\/08\/09\/rembourser-son-hypotheque-sur-30-ans-une-bonne-idee<\/a><\/div>\n<div><\/div>\n<div><\/div>\n<div><\/div>\n<div><\/div>\n<div><\/div>\n<div style=\"text-align: center;\">We have buyers who are actively looking !<br \/>\nIf you know someone who is considering selling,<br \/>\nWe can provide a list of comparable sales in their area &#8211; it&rsquo;s FREE, no obligation !<\/div>\n<div><\/div>\n<div><img decoding=\"async\" src=\"https:\/\/mcusercontent.com\/93cd80b45544fad91b6b44d60\/images\/4e6f6591-1108-4326-bdd0-44f74a03ea2b.png\" \/><\/div>\n<p><\/p>","protected":false},"excerpt":{"rendered":"<p>Are you about to buy a new property and want to find the best scenario for setting the repayment period of your mortgage? It&rsquo;s a decision worth thinking about, as it will have a significant impact on the total amount of interest you will pay over the life of your mortgage. Here are the advantages [&hellip;]<\/p>\n","protected":false},"author":742,"featured_media":0,"parent":0,"menu_order":0,"comment_status":"closed","ping_status":"closed","template":"","meta":{"_acf_changed":false,"footnotes":""},"class_list":["post-1968","page","type-page","status-publish","hentry"],"acf":[],"yoast_head":"<!-- This site is optimized with the Yoast SEO plugin v26.7 - https:\/\/yoast.com\/wordpress\/plugins\/seo\/ -->\n<title>Is paying off your mortgage over 30 years a good idea? - \u00c9quipe M\u00e9lanie Dubois<\/title>\n<meta name=\"robots\" content=\"index, follow, max-snippet:-1, max-image-preview:large, max-video-preview:-1\" \/>\n<link rel=\"canonical\" href=\"https:\/\/melaniedubois.com\/fr\/is-paying-off-your-mortgage-over-30-years-a-good-idea\/\" \/>\n<meta property=\"og:locale\" content=\"fr_FR\" \/>\n<meta property=\"og:type\" content=\"article\" \/>\n<meta property=\"og:title\" content=\"Is paying off your mortgage over 30 years a good idea? - \u00c9quipe M\u00e9lanie Dubois\" \/>\n<meta property=\"og:description\" content=\"Are you about to buy a new property and want to find the best scenario for setting the repayment period of your mortgage? It&rsquo;s a decision worth thinking about, as it will have a significant impact on the total amount of interest you will pay over the life of your mortgage. Here are the advantages [&hellip;]\" \/>\n<meta property=\"og:url\" content=\"https:\/\/melaniedubois.com\/fr\/is-paying-off-your-mortgage-over-30-years-a-good-idea\/\" \/>\n<meta property=\"og:site_name\" content=\"\u00c9quipe M\u00e9lanie Dubois\" \/>\n<meta property=\"og:image\" content=\"https:\/\/mcusercontent.com\/93cd80b45544fad91b6b44d60\/images\/22869782-f53d-39d5-f369-098988702a1c.png\" \/>\n<meta name=\"twitter:card\" content=\"summary_large_image\" \/>\n<meta name=\"twitter:label1\" content=\"Dur\u00e9e de lecture estim\u00e9e\" \/>\n\t<meta name=\"twitter:data1\" content=\"3 minutes\" \/>\n<script type=\"application\/ld+json\" class=\"yoast-schema-graph\">{\"@context\":\"https:\/\/schema.org\",\"@graph\":[{\"@type\":\"WebPage\",\"@id\":\"https:\/\/melaniedubois.com\/fr\/is-paying-off-your-mortgage-over-30-years-a-good-idea\/\",\"url\":\"https:\/\/melaniedubois.com\/fr\/is-paying-off-your-mortgage-over-30-years-a-good-idea\/\",\"name\":\"[:fr]Is paying off your mortgage over 30 years a good idea?[:] - \u00c9quipe M\u00e9lanie Dubois\",\"isPartOf\":{\"@id\":\"https:\/\/melaniedubois.com\/en\/#website\"},\"primaryImageOfPage\":{\"@id\":\"https:\/\/melaniedubois.com\/fr\/is-paying-off-your-mortgage-over-30-years-a-good-idea\/#primaryimage\"},\"image\":{\"@id\":\"https:\/\/melaniedubois.com\/fr\/is-paying-off-your-mortgage-over-30-years-a-good-idea\/#primaryimage\"},\"thumbnailUrl\":\"https:\/\/mcusercontent.com\/93cd80b45544fad91b6b44d60\/images\/22869782-f53d-39d5-f369-098988702a1c.png\",\"datePublished\":\"2021-09-02T20:35:05+00:00\",\"breadcrumb\":{\"@id\":\"https:\/\/melaniedubois.com\/fr\/is-paying-off-your-mortgage-over-30-years-a-good-idea\/#breadcrumb\"},\"inLanguage\":\"fr-FR\",\"potentialAction\":[{\"@type\":\"ReadAction\",\"target\":[\"https:\/\/melaniedubois.com\/fr\/is-paying-off-your-mortgage-over-30-years-a-good-idea\/\"]}]},{\"@type\":\"ImageObject\",\"inLanguage\":\"fr-FR\",\"@id\":\"https:\/\/melaniedubois.com\/fr\/is-paying-off-your-mortgage-over-30-years-a-good-idea\/#primaryimage\",\"url\":\"https:\/\/mcusercontent.com\/93cd80b45544fad91b6b44d60\/images\/22869782-f53d-39d5-f369-098988702a1c.png\",\"contentUrl\":\"https:\/\/mcusercontent.com\/93cd80b45544fad91b6b44d60\/images\/22869782-f53d-39d5-f369-098988702a1c.png\"},{\"@type\":\"BreadcrumbList\",\"@id\":\"https:\/\/melaniedubois.com\/fr\/is-paying-off-your-mortgage-over-30-years-a-good-idea\/#breadcrumb\",\"itemListElement\":[{\"@type\":\"ListItem\",\"position\":1,\"name\":\"Accueil\",\"item\":\"https:\/\/melaniedubois.com\/en\/\"},{\"@type\":\"ListItem\",\"position\":2,\"name\":\"Is paying off your mortgage over 30 years a good idea?\"}]},{\"@type\":\"WebSite\",\"@id\":\"https:\/\/melaniedubois.com\/en\/#website\",\"url\":\"https:\/\/melaniedubois.com\/en\/\",\"name\":\"\u00c9quipe M\u00e9lanie Dubois\",\"description\":\"Courtier immobilier Montr\u00e9al, KW Connexion\",\"potentialAction\":[{\"@type\":\"SearchAction\",\"target\":{\"@type\":\"EntryPoint\",\"urlTemplate\":\"https:\/\/melaniedubois.com\/en\/?s={search_term_string}\"},\"query-input\":{\"@type\":\"PropertyValueSpecification\",\"valueRequired\":true,\"valueName\":\"search_term_string\"}}],\"inLanguage\":\"fr-FR\"}]}<\/script>\n<!-- \/ Yoast SEO plugin. -->","yoast_head_json":{"title":"Is paying off your mortgage over 30 years a good idea? - \u00c9quipe M\u00e9lanie Dubois","robots":{"index":"index","follow":"follow","max-snippet":"max-snippet:-1","max-image-preview":"max-image-preview:large","max-video-preview":"max-video-preview:-1"},"canonical":"https:\/\/melaniedubois.com\/fr\/is-paying-off-your-mortgage-over-30-years-a-good-idea\/","og_locale":"fr_FR","og_type":"article","og_title":"Is paying off your mortgage over 30 years a good idea? - \u00c9quipe M\u00e9lanie Dubois","og_description":"Are you about to buy a new property and want to find the best scenario for setting the repayment period of your mortgage? It&rsquo;s a decision worth thinking about, as it will have a significant impact on the total amount of interest you will pay over the life of your mortgage. Here are the advantages [&hellip;]","og_url":"https:\/\/melaniedubois.com\/fr\/is-paying-off-your-mortgage-over-30-years-a-good-idea\/","og_site_name":"\u00c9quipe M\u00e9lanie Dubois","og_image":[{"url":"https:\/\/mcusercontent.com\/93cd80b45544fad91b6b44d60\/images\/22869782-f53d-39d5-f369-098988702a1c.png","type":"","width":"","height":""}],"twitter_card":"summary_large_image","twitter_misc":{"Dur\u00e9e de lecture estim\u00e9e":"3 minutes"},"schema":{"@context":"https:\/\/schema.org","@graph":[{"@type":"WebPage","@id":"https:\/\/melaniedubois.com\/fr\/is-paying-off-your-mortgage-over-30-years-a-good-idea\/","url":"https:\/\/melaniedubois.com\/fr\/is-paying-off-your-mortgage-over-30-years-a-good-idea\/","name":"[:fr]Is paying off your mortgage over 30 years a good idea?[:] - \u00c9quipe M\u00e9lanie Dubois","isPartOf":{"@id":"https:\/\/melaniedubois.com\/en\/#website"},"primaryImageOfPage":{"@id":"https:\/\/melaniedubois.com\/fr\/is-paying-off-your-mortgage-over-30-years-a-good-idea\/#primaryimage"},"image":{"@id":"https:\/\/melaniedubois.com\/fr\/is-paying-off-your-mortgage-over-30-years-a-good-idea\/#primaryimage"},"thumbnailUrl":"https:\/\/mcusercontent.com\/93cd80b45544fad91b6b44d60\/images\/22869782-f53d-39d5-f369-098988702a1c.png","datePublished":"2021-09-02T20:35:05+00:00","breadcrumb":{"@id":"https:\/\/melaniedubois.com\/fr\/is-paying-off-your-mortgage-over-30-years-a-good-idea\/#breadcrumb"},"inLanguage":"fr-FR","potentialAction":[{"@type":"ReadAction","target":["https:\/\/melaniedubois.com\/fr\/is-paying-off-your-mortgage-over-30-years-a-good-idea\/"]}]},{"@type":"ImageObject","inLanguage":"fr-FR","@id":"https:\/\/melaniedubois.com\/fr\/is-paying-off-your-mortgage-over-30-years-a-good-idea\/#primaryimage","url":"https:\/\/mcusercontent.com\/93cd80b45544fad91b6b44d60\/images\/22869782-f53d-39d5-f369-098988702a1c.png","contentUrl":"https:\/\/mcusercontent.com\/93cd80b45544fad91b6b44d60\/images\/22869782-f53d-39d5-f369-098988702a1c.png"},{"@type":"BreadcrumbList","@id":"https:\/\/melaniedubois.com\/fr\/is-paying-off-your-mortgage-over-30-years-a-good-idea\/#breadcrumb","itemListElement":[{"@type":"ListItem","position":1,"name":"Accueil","item":"https:\/\/melaniedubois.com\/en\/"},{"@type":"ListItem","position":2,"name":"Is paying off your mortgage over 30 years a good idea?"}]},{"@type":"WebSite","@id":"https:\/\/melaniedubois.com\/en\/#website","url":"https:\/\/melaniedubois.com\/en\/","name":"\u00c9quipe M\u00e9lanie Dubois","description":"Courtier immobilier Montr\u00e9al, KW Connexion","potentialAction":[{"@type":"SearchAction","target":{"@type":"EntryPoint","urlTemplate":"https:\/\/melaniedubois.com\/en\/?s={search_term_string}"},"query-input":{"@type":"PropertyValueSpecification","valueRequired":true,"valueName":"search_term_string"}}],"inLanguage":"fr-FR"}]}},"_links":{"self":[{"href":"https:\/\/melaniedubois.com\/fr\/wp-json\/wp\/v2\/pages\/1968","targetHints":{"allow":["GET"]}}],"collection":[{"href":"https:\/\/melaniedubois.com\/fr\/wp-json\/wp\/v2\/pages"}],"about":[{"href":"https:\/\/melaniedubois.com\/fr\/wp-json\/wp\/v2\/types\/page"}],"author":[{"embeddable":true,"href":"https:\/\/melaniedubois.com\/fr\/wp-json\/wp\/v2\/users\/742"}],"replies":[{"embeddable":true,"href":"https:\/\/melaniedubois.com\/fr\/wp-json\/wp\/v2\/comments?post=1968"}],"version-history":[{"count":2,"href":"https:\/\/melaniedubois.com\/fr\/wp-json\/wp\/v2\/pages\/1968\/revisions"}],"predecessor-version":[{"id":1970,"href":"https:\/\/melaniedubois.com\/fr\/wp-json\/wp\/v2\/pages\/1968\/revisions\/1970"}],"wp:attachment":[{"href":"https:\/\/melaniedubois.com\/fr\/wp-json\/wp\/v2\/media?parent=1968"}],"curies":[{"name":"wp","href":"https:\/\/api.w.org\/{rel}","templated":true}]}}