{"id":1994,"date":"2021-10-13T14:36:10","date_gmt":"2021-10-13T18:36:10","guid":{"rendered":"http:\/\/melaniedubois.com\/?page_id=1994"},"modified":"2021-10-14T19:15:58","modified_gmt":"2021-10-14T23:15:58","slug":"combien-coutent-les-condos-pres-des-metros-a-montreal","status":"publish","type":"page","link":"https:\/\/melaniedubois.com\/fr\/combien-coutent-les-condos-pres-des-metros-a-montreal\/","title":{"rendered":"Combien co\u00fbtent les condos pr\u00e8s des m\u00e9tros \u00e0 Montr\u00e9al ?"},"content":{"rendered":"<p><\/p>\n<p style=\"text-align: justify;\">Avis aux futurs propri\u00e9taires: une courti\u00e8re immobili\u00e8re a con\u00e7u une nouvelle carte des prix m\u00e9dians des condos \u00e0 proximit\u00e9 de chaque station de m\u00e9tro pour permettre de jouer au jeu des comparaisons avec les prix de 2020.<\/p>\n<p><img decoding=\"async\" src=\"https:\/\/mcusercontent.com\/93cd80b45544fad91b6b44d60\/images\/15a5ff6a-b564-a498-8147-9dcd9dcfb902.jpg\" \/><\/p>\n<p style=\"text-align: justify;\">Avec les donn\u00e9es du site immobilier Centris, le courtier a compil\u00e9 le prix de tous les condos vendus dans un rayon d\u2019un kilom\u00e8tre de chaque station de m\u00e9tro pour \u00e9tablir un prix m\u00e9dian.<\/p>\n<p style=\"text-align: justify;\">Comme sa premi\u00e8re carte, con\u00e7ue en f\u00e9vrier 2020, a \u00e9t\u00e9 un franc succ\u00e8s \u2013 275 000 partages sur LinkedIn! \u2013, Charlyse Amoussou a d\u00e9cid\u00e9 de r\u00e9cidiver avec une nouvelle publication. \u00c0 terme, la courti\u00e8re immobili\u00e8re aimerait en cr\u00e9er une par ann\u00e9e pour permettre aux acheteurs de comparer la variation des prix avec les ann\u00e9es ant\u00e9rieures.<\/p>\n<p style=\"text-align: justify;\">\u00abC\u2019est vraiment une mise \u00e0 jour \u00e0 titre indicatif\u00bb, a-t-elle indiqu\u00e9 au sujet de ce bilan mi-annuel, qui prend en compte les ventes de janvier 2021 \u00e0 septembre 2021. Comme ce fut le cas en 2020, l\u2019outil int\u00e8gre aussi les prix minimum et maximum pay\u00e9s pour chaque condo, par secteur.<\/p>\n<h3 style=\"text-align: justify;\">Aux extr\u00e9mit\u00e9s des lignes<\/h3>\n<p style=\"text-align: justify;\">M\u00eame si M<sup>me<\/sup> Amoussou pr\u00e9f\u00e8re attendre le bilan de fin d\u2019ann\u00e9e pour comparer 2021 \u00e0 2020, elle a tout de m\u00eame d\u00e9j\u00e0 observ\u00e9 quelques tendances.<\/p>\n<p style=\"text-align: justify;\">\u00b7 Les quartiers aux extr\u00e9mit\u00e9s des lignes de m\u00e9tro (Sud-Ouest, Verdun, Hochelaga-Maisonneuve, Iberville) pr\u00e9sentent des augmentations plus importantes que les quartiers centraux. \u00abMon hypoth\u00e8se est que dans les quartiers centraux, les prix \u00e9taient d\u00e9j\u00e0 \u00e9lev\u00e9s.\u00bb<\/p>\n<p style=\"text-align: justify;\">\u00b7 Des baisses importantes des prix ont aussi \u00e9t\u00e9 constat\u00e9es dans le Vieux-Port de Montr\u00e9al (Place-d\u2019Armes, Champ-de-Mars): \u00abPlusieurs condos locatifs n&rsquo;ont pas \u00e9t\u00e9 populaires durant la pand\u00e9mie, ce qui a possiblement pouss\u00e9 plusieurs propri\u00e9taires \u00e0 mettre en vente. L&rsquo;augmentation de l&rsquo;offre dans ces secteurs a eu un impact sur les prix de vente, car un acheteur a le choix entre 5 ou 6 propri\u00e9t\u00e9s et a plus de latitude pour n\u00e9gocier, surtout s&rsquo;il n&rsquo;est pas en comp\u00e9tition\u00bb, a suppos\u00e9 la courti\u00e8re immobili\u00e8re.<\/p>\n<h3 style=\"text-align: justify;\"><strong>Les 5 stations o\u00f9 on note les plus fortes augmentations en 2021<\/strong><\/h3>\n<p style=\"text-align: justify;\">1-Acadie: 440 000$ \u00e0 525 000$ (85 000$).<\/p>\n<p style=\"text-align: justify;\">2-LaSalle: 398 500$ \u00e0 460 000$ (61 500$).<\/p>\n<p style=\"text-align: justify;\">3-Montmorency: 250 000$ \u00e0 298 500$ (48 500$).<\/p>\n<p style=\"text-align: justify;\">4-Charlevoix: 455 000$ \u00e0 497 500$ (42 500$).<\/p>\n<p style=\"text-align: justify;\">5-De l\u2019\u00c9glise: 409 000$ \u00e0 450 000$ (41 000$).<\/p>\n<h3 style=\"text-align: justify;\"><strong>Les 5 stations o\u00f9 le prix des condos est le plus cher en 2021<\/strong><\/h3>\n<p style=\"text-align: justify;\">1- \u00c9douard-Montpetit: 824 000$<\/p>\n<p style=\"text-align: justify;\">2- Outremont: 637 000$<\/p>\n<p style=\"text-align: justify;\">3- Villa-Maria:620 000$<\/p>\n<p style=\"text-align: justify;\">4- Snowdon:573 000$<\/p>\n<p style=\"text-align: justify;\">5- Acadie: 525 000$<\/p>\n<h3 style=\"text-align: justify;\"><strong>Les 5 stations o\u00f9 le prix des condos est le plus abordable en 2021<\/strong><\/h3>\n<p style=\"text-align: justify;\">1-De la Concorde: 280 000$<\/p>\n<p style=\"text-align: justify;\">2-Saint-Michel: 285 000$<\/p>\n<p style=\"text-align: justify;\">3- Montmorency: 298 500$<\/p>\n<p style=\"text-align: justify;\">4-C\u00f4te-Sainte-Catherine: 310 000$<\/p>\n<p style=\"text-align: justify;\">5-Honor\u00e9-Beaugrand: 330 000$<\/p>\n<p>&nbsp;<\/p>\n<p>&nbsp;<\/p>\n<p><strong>Source<\/strong> : <a href=\"https:\/\/www.24heures.ca\/2021\/09\/23\/voici-le-prix-median-des-condos-a-proximite-de-chaque-station-de-metro-en-2021\">Article de Guillaume Cyr publi\u00e9 sur le site 24heures.ca le 23 septembre 2021<\/a><\/p>\n<p><strong>Lien<\/strong> : <a href=\"https:\/\/www.24heures.ca\/2021\/09\/23\/voici-le-prix-median-des-condos-a-proximite-de-chaque-station-de-metro-en-2021\">https:\/\/www.24heures.ca\/2021\/09\/23\/voici-le-prix-median-des-condos-a-proximite-de-chaque-station-de-metro-en-2021<\/a><\/p>\n<p>&nbsp;<\/p>\n<p>&nbsp;<\/p>\n<p style=\"text-align: center;\">Nous avons des acheteurs qui cherchent activement !<br \/>\nVous connaissez quelqu&rsquo;un qui consid\u00e8re vendre ?<br \/>\nNous pouvons\u00a0fournir\u00a0une liste des ventes comparables dans\u00a0leur\u00a0secteur.<br \/>\nC&rsquo;est GRATUIT, aucune obligation !<\/p>\n<p><img decoding=\"async\" src=\"https:\/\/mcusercontent.com\/93cd80b45544fad91b6b44d60\/images\/4e6f6591-1108-4326-bdd0-44f74a03ea2b.png\" \/><\/p>","protected":false},"excerpt":{"rendered":"<p>Avis aux futurs propri\u00e9taires: une courti\u00e8re immobili\u00e8re a con\u00e7u une nouvelle carte des prix m\u00e9dians des condos \u00e0 proximit\u00e9 de chaque station de m\u00e9tro pour permettre de jouer au jeu des comparaisons avec les prix de 2020. Avec les donn\u00e9es du site immobilier Centris, le courtier a compil\u00e9 le prix de tous les condos vendus [&hellip;]<\/p>\n","protected":false},"author":742,"featured_media":0,"parent":0,"menu_order":0,"comment_status":"closed","ping_status":"closed","template":"","meta":{"_acf_changed":false,"footnotes":""},"class_list":["post-1994","page","type-page","status-publish","hentry"],"acf":[],"yoast_head":"<!-- This site is optimized with the Yoast SEO plugin v26.7 - https:\/\/yoast.com\/wordpress\/plugins\/seo\/ -->\n<title>Combien co\u00fbtent les condos pr\u00e8s des m\u00e9tros \u00e0 Montr\u00e9al ? - \u00c9quipe M\u00e9lanie Dubois<\/title>\n<meta name=\"robots\" content=\"index, follow, max-snippet:-1, max-image-preview:large, max-video-preview:-1\" \/>\n<link rel=\"canonical\" href=\"https:\/\/melaniedubois.com\/en\/combien-coutent-les-condos-pres-des-metros-a-montreal\/\" \/>\n<meta property=\"og:locale\" content=\"fr_FR\" \/>\n<meta property=\"og:type\" content=\"article\" \/>\n<meta property=\"og:title\" content=\"Combien co\u00fbtent les condos pr\u00e8s des m\u00e9tros \u00e0 Montr\u00e9al ? - \u00c9quipe M\u00e9lanie Dubois\" \/>\n<meta property=\"og:description\" content=\"Avis aux futurs propri\u00e9taires: une courti\u00e8re immobili\u00e8re a con\u00e7u une nouvelle carte des prix m\u00e9dians des condos \u00e0 proximit\u00e9 de chaque station de m\u00e9tro pour permettre de jouer au jeu des comparaisons avec les prix de 2020. Avec les donn\u00e9es du site immobilier Centris, le courtier a compil\u00e9 le prix de tous les condos vendus [&hellip;]\" \/>\n<meta property=\"og:url\" content=\"https:\/\/melaniedubois.com\/en\/combien-coutent-les-condos-pres-des-metros-a-montreal\/\" \/>\n<meta property=\"og:site_name\" content=\"\u00c9quipe M\u00e9lanie Dubois\" \/>\n<meta property=\"article:modified_time\" content=\"2021-10-14T23:15:58+00:00\" \/>\n<meta property=\"og:image\" content=\"https:\/\/mcusercontent.com\/93cd80b45544fad91b6b44d60\/images\/15a5ff6a-b564-a498-8147-9dcd9dcfb902.jpg\" \/>\n<meta name=\"twitter:card\" content=\"summary_large_image\" \/>\n<meta name=\"twitter:label1\" content=\"Dur\u00e9e de lecture estim\u00e9e\" \/>\n\t<meta name=\"twitter:data1\" content=\"2 minutes\" \/>\n<script type=\"application\/ld+json\" class=\"yoast-schema-graph\">{\"@context\":\"https:\/\/schema.org\",\"@graph\":[{\"@type\":\"WebPage\",\"@id\":\"https:\/\/melaniedubois.com\/en\/combien-coutent-les-condos-pres-des-metros-a-montreal\/\",\"url\":\"https:\/\/melaniedubois.com\/en\/combien-coutent-les-condos-pres-des-metros-a-montreal\/\",\"name\":\"[:fr]Combien co\u00fbtent les condos pr\u00e8s des m\u00e9tros \u00e0 Montr\u00e9al ?[:] - \u00c9quipe M\u00e9lanie Dubois\",\"isPartOf\":{\"@id\":\"https:\/\/melaniedubois.com\/en\/#website\"},\"primaryImageOfPage\":{\"@id\":\"https:\/\/melaniedubois.com\/en\/combien-coutent-les-condos-pres-des-metros-a-montreal\/#primaryimage\"},\"image\":{\"@id\":\"https:\/\/melaniedubois.com\/en\/combien-coutent-les-condos-pres-des-metros-a-montreal\/#primaryimage\"},\"thumbnailUrl\":\"https:\/\/mcusercontent.com\/93cd80b45544fad91b6b44d60\/images\/15a5ff6a-b564-a498-8147-9dcd9dcfb902.jpg\",\"datePublished\":\"2021-10-13T18:36:10+00:00\",\"dateModified\":\"2021-10-14T23:15:58+00:00\",\"breadcrumb\":{\"@id\":\"https:\/\/melaniedubois.com\/en\/combien-coutent-les-condos-pres-des-metros-a-montreal\/#breadcrumb\"},\"inLanguage\":\"fr-FR\",\"potentialAction\":[{\"@type\":\"ReadAction\",\"target\":[\"https:\/\/melaniedubois.com\/en\/combien-coutent-les-condos-pres-des-metros-a-montreal\/\"]}]},{\"@type\":\"ImageObject\",\"inLanguage\":\"fr-FR\",\"@id\":\"https:\/\/melaniedubois.com\/en\/combien-coutent-les-condos-pres-des-metros-a-montreal\/#primaryimage\",\"url\":\"https:\/\/mcusercontent.com\/93cd80b45544fad91b6b44d60\/images\/15a5ff6a-b564-a498-8147-9dcd9dcfb902.jpg\",\"contentUrl\":\"https:\/\/mcusercontent.com\/93cd80b45544fad91b6b44d60\/images\/15a5ff6a-b564-a498-8147-9dcd9dcfb902.jpg\"},{\"@type\":\"BreadcrumbList\",\"@id\":\"https:\/\/melaniedubois.com\/en\/combien-coutent-les-condos-pres-des-metros-a-montreal\/#breadcrumb\",\"itemListElement\":[{\"@type\":\"ListItem\",\"position\":1,\"name\":\"Accueil\",\"item\":\"https:\/\/melaniedubois.com\/en\/\"},{\"@type\":\"ListItem\",\"position\":2,\"name\":\"(Fran\u00e7ais) Combien co\u00fbtent les condos pr\u00e8s des m\u00e9tros \u00e0 Montr\u00e9al ?\"}]},{\"@type\":\"WebSite\",\"@id\":\"https:\/\/melaniedubois.com\/en\/#website\",\"url\":\"https:\/\/melaniedubois.com\/en\/\",\"name\":\"\u00c9quipe M\u00e9lanie Dubois\",\"description\":\"Courtier immobilier Montr\u00e9al, KW Connexion\",\"potentialAction\":[{\"@type\":\"SearchAction\",\"target\":{\"@type\":\"EntryPoint\",\"urlTemplate\":\"https:\/\/melaniedubois.com\/en\/?s={search_term_string}\"},\"query-input\":{\"@type\":\"PropertyValueSpecification\",\"valueRequired\":true,\"valueName\":\"search_term_string\"}}],\"inLanguage\":\"fr-FR\"}]}<\/script>\n<!-- \/ Yoast SEO plugin. -->","yoast_head_json":{"title":"Combien co\u00fbtent les condos pr\u00e8s des m\u00e9tros \u00e0 Montr\u00e9al ? - \u00c9quipe M\u00e9lanie Dubois","robots":{"index":"index","follow":"follow","max-snippet":"max-snippet:-1","max-image-preview":"max-image-preview:large","max-video-preview":"max-video-preview:-1"},"canonical":"https:\/\/melaniedubois.com\/en\/combien-coutent-les-condos-pres-des-metros-a-montreal\/","og_locale":"fr_FR","og_type":"article","og_title":"Combien co\u00fbtent les condos pr\u00e8s des m\u00e9tros \u00e0 Montr\u00e9al ? - \u00c9quipe M\u00e9lanie Dubois","og_description":"Avis aux futurs propri\u00e9taires: une courti\u00e8re immobili\u00e8re a con\u00e7u une nouvelle carte des prix m\u00e9dians des condos \u00e0 proximit\u00e9 de chaque station de m\u00e9tro pour permettre de jouer au jeu des comparaisons avec les prix de 2020. Avec les donn\u00e9es du site immobilier Centris, le courtier a compil\u00e9 le prix de tous les condos vendus [&hellip;]","og_url":"https:\/\/melaniedubois.com\/en\/combien-coutent-les-condos-pres-des-metros-a-montreal\/","og_site_name":"\u00c9quipe M\u00e9lanie Dubois","article_modified_time":"2021-10-14T23:15:58+00:00","og_image":[{"url":"https:\/\/mcusercontent.com\/93cd80b45544fad91b6b44d60\/images\/15a5ff6a-b564-a498-8147-9dcd9dcfb902.jpg","type":"","width":"","height":""}],"twitter_card":"summary_large_image","twitter_misc":{"Dur\u00e9e de lecture estim\u00e9e":"2 minutes"},"schema":{"@context":"https:\/\/schema.org","@graph":[{"@type":"WebPage","@id":"https:\/\/melaniedubois.com\/en\/combien-coutent-les-condos-pres-des-metros-a-montreal\/","url":"https:\/\/melaniedubois.com\/en\/combien-coutent-les-condos-pres-des-metros-a-montreal\/","name":"[:fr]Combien co\u00fbtent les condos pr\u00e8s des m\u00e9tros \u00e0 Montr\u00e9al ?[:] - \u00c9quipe M\u00e9lanie Dubois","isPartOf":{"@id":"https:\/\/melaniedubois.com\/en\/#website"},"primaryImageOfPage":{"@id":"https:\/\/melaniedubois.com\/en\/combien-coutent-les-condos-pres-des-metros-a-montreal\/#primaryimage"},"image":{"@id":"https:\/\/melaniedubois.com\/en\/combien-coutent-les-condos-pres-des-metros-a-montreal\/#primaryimage"},"thumbnailUrl":"https:\/\/mcusercontent.com\/93cd80b45544fad91b6b44d60\/images\/15a5ff6a-b564-a498-8147-9dcd9dcfb902.jpg","datePublished":"2021-10-13T18:36:10+00:00","dateModified":"2021-10-14T23:15:58+00:00","breadcrumb":{"@id":"https:\/\/melaniedubois.com\/en\/combien-coutent-les-condos-pres-des-metros-a-montreal\/#breadcrumb"},"inLanguage":"fr-FR","potentialAction":[{"@type":"ReadAction","target":["https:\/\/melaniedubois.com\/en\/combien-coutent-les-condos-pres-des-metros-a-montreal\/"]}]},{"@type":"ImageObject","inLanguage":"fr-FR","@id":"https:\/\/melaniedubois.com\/en\/combien-coutent-les-condos-pres-des-metros-a-montreal\/#primaryimage","url":"https:\/\/mcusercontent.com\/93cd80b45544fad91b6b44d60\/images\/15a5ff6a-b564-a498-8147-9dcd9dcfb902.jpg","contentUrl":"https:\/\/mcusercontent.com\/93cd80b45544fad91b6b44d60\/images\/15a5ff6a-b564-a498-8147-9dcd9dcfb902.jpg"},{"@type":"BreadcrumbList","@id":"https:\/\/melaniedubois.com\/en\/combien-coutent-les-condos-pres-des-metros-a-montreal\/#breadcrumb","itemListElement":[{"@type":"ListItem","position":1,"name":"Accueil","item":"https:\/\/melaniedubois.com\/en\/"},{"@type":"ListItem","position":2,"name":"(Fran\u00e7ais) Combien co\u00fbtent les condos pr\u00e8s des m\u00e9tros \u00e0 Montr\u00e9al ?"}]},{"@type":"WebSite","@id":"https:\/\/melaniedubois.com\/en\/#website","url":"https:\/\/melaniedubois.com\/en\/","name":"\u00c9quipe M\u00e9lanie Dubois","description":"Courtier immobilier Montr\u00e9al, KW Connexion","potentialAction":[{"@type":"SearchAction","target":{"@type":"EntryPoint","urlTemplate":"https:\/\/melaniedubois.com\/en\/?s={search_term_string}"},"query-input":{"@type":"PropertyValueSpecification","valueRequired":true,"valueName":"search_term_string"}}],"inLanguage":"fr-FR"}]}},"_links":{"self":[{"href":"https:\/\/melaniedubois.com\/fr\/wp-json\/wp\/v2\/pages\/1994","targetHints":{"allow":["GET"]}}],"collection":[{"href":"https:\/\/melaniedubois.com\/fr\/wp-json\/wp\/v2\/pages"}],"about":[{"href":"https:\/\/melaniedubois.com\/fr\/wp-json\/wp\/v2\/types\/page"}],"author":[{"embeddable":true,"href":"https:\/\/melaniedubois.com\/fr\/wp-json\/wp\/v2\/users\/742"}],"replies":[{"embeddable":true,"href":"https:\/\/melaniedubois.com\/fr\/wp-json\/wp\/v2\/comments?post=1994"}],"version-history":[{"count":2,"href":"https:\/\/melaniedubois.com\/fr\/wp-json\/wp\/v2\/pages\/1994\/revisions"}],"predecessor-version":[{"id":2000,"href":"https:\/\/melaniedubois.com\/fr\/wp-json\/wp\/v2\/pages\/1994\/revisions\/2000"}],"wp:attachment":[{"href":"https:\/\/melaniedubois.com\/fr\/wp-json\/wp\/v2\/media?parent=1994"}],"curies":[{"name":"wp","href":"https:\/\/api.w.org\/{rel}","templated":true}]}}