{"id":2038,"date":"2021-11-24T06:19:55","date_gmt":"2021-11-24T11:19:55","guid":{"rendered":"http:\/\/melaniedubois.com\/?page_id=2038"},"modified":"2021-11-24T06:19:55","modified_gmt":"2021-11-24T11:19:55","slug":"acheter-une-propriete-avant-de-vendre-une-bonne-idee","status":"publish","type":"page","link":"https:\/\/melaniedubois.com\/fr\/acheter-une-propriete-avant-de-vendre-une-bonne-idee\/","title":{"rendered":"Acheter une propri\u00e9t\u00e9 avant de vendre, une bonne id\u00e9e?"},"content":{"rendered":"<p><strong>Acheter une propri\u00e9t\u00e9 avant de vendre la sienne est une pratique commune, mais est-ce une bonne id\u00e9e de proc\u00e9der ainsi?<\/strong><\/p>\n<p><img decoding=\"async\" src=\"https:\/\/mcusercontent.com\/93cd80b45544fad91b6b44d60\/images\/a0364572-480c-a96d-ab97-1c0bfce39929.png\" \/><\/p>\n<p style=\"text-align: justify;\">\u00abC\u2019est une question de tol\u00e9rance au risque financier d\u2019abord parce qu\u2019on va se retrouver avec la possibilit\u00e9 de devoir supporter deux propri\u00e9t\u00e9s\u00bb, a indiqu\u00e9 Denis Joanis, pr\u00e9sident de l\u2019Association professionnelle des courtiers immobiliers du Qu\u00e9bec.<\/p>\n<p style=\"text-align: justify;\">Encore faut-il qu\u2019un pr\u00eateur hypoth\u00e9caire soit pr\u00eat \u00e0 vous offrir un financement relais, une situation qui s\u2019est amplifi\u00e9e avec la surchauffe immobili\u00e8re, selon M. Joanis.<\/p>\n<p style=\"text-align: justify;\">L\u2019autre m\u00e9thode \u2013 plus \u00abcoutumi\u00e8re\u00bb \u2013 est de faire une offre d\u2019achat conditionnelle \u00e0 la vente de sa propri\u00e9t\u00e9 pour \u00e9viter de se retrouver avec deux hypoth\u00e8ques.<\/p>\n<h2><strong>La surchauffe d\u00e9c\u00e9l\u00e8re<\/strong><\/h2>\n<p style=\"text-align: justify;\">Alors que la surchauffe immobili\u00e8re d\u00e9c\u00e9l\u00e8re et qu\u2019il y a une certaine stabilit\u00e9 dans les prix depuis quelques mois, cela ne signifie pas que tout est r\u00e9gl\u00e9 sur le march\u00e9.<\/p>\n<p style=\"text-align: justify;\">\u00abLe grand probl\u00e8me qu\u2019on a dans le march\u00e9 immobilier, c\u2019est que les acheteurs sont encore l\u00e0 [mais] l\u2019inventaire n\u2019est pas suffisant. Alors on se retrouve encore avec des valeurs qui peuvent encore un peu augmenter m\u00eame si on voit une stabilit\u00e9 dans les prix depuis 4 ou 5 mois\u00bb, a expliqu\u00e9 Denis Joanis, en entrevue \u00e0 LCN.<\/p>\n<p style=\"text-align: justify;\">M\u00eame si elle est moins importante que par le pass\u00e9, la concurrence entre les acheteurs est toujours omnipr\u00e9sente.<\/p>\n<p style=\"text-align: justify;\">\u00abOn a, dans certains march\u00e9s, une concurrence entre les acheteurs qui veulent consolider leur choix de propri\u00e9t\u00e9. Il y en a encore\u00bb, a dit M. Joanis.<\/p>\n<p style=\"text-align: justify;\">Pour \u00e9viter qu\u2019un acheteur paie trop cher une propri\u00e9t\u00e9, les courtiers doivent sensibiliser leurs clients \u00e0 respecter la limite qu\u2019ils se sont fix\u00e9e.<\/p>\n<p style=\"text-align: justify;\">Par ailleurs, Denis Joanis pr\u00e9voit une stabilisation des prix dans tous les march\u00e9s au cours des prochains mois.<\/p>\n<p>&nbsp;<\/p>\n<p>&nbsp;<\/p>\n<p><strong>Source<\/strong>\u00a0:\u00a0<a href=\"https:\/\/www.journaldequebec.com\/2021\/10\/24\/acheter-une-propriete-avant-de-vendre-une-bonne-idee-1\">Article publi\u00e9 sur le site journaldequebec.com le 24 octobre 2021<\/a><\/p>\n<p><strong>Lien : <\/strong><a href=\"https:\/\/www.journaldequebec.com\/2021\/10\/24\/acheter-une-propriete-avant-de-vendre-une-bonne-idee-1\">https:\/\/www.journaldequebec.com\/2021\/10\/24\/acheter-une-propriete-avant-de-vendre-une-bonne-idee-1<\/a><\/p>\n<p>&nbsp;<\/p>\n<p>&nbsp;<\/p>\n<p style=\"text-align: center;\">Vous voulez gardez un oeil sur le march\u00e9 et sur votre investissement ?<\/p>\n<p style=\"text-align: center;\">Nous pouvons p\u00e9riodiquement vous envoyer les ventes dans votre secteur.<\/p>\n<p style=\"text-align: center;\">C&rsquo;est GRATUIT! Aucune obligation de votre part.<\/p>\n<p><img decoding=\"async\" src=\"https:\/\/mcusercontent.com\/93cd80b45544fad91b6b44d60\/images\/4e6f6591-1108-4326-bdd0-44f74a03ea2b.png\" \/><\/p>","protected":false},"excerpt":{"rendered":"<p>Acheter une propri\u00e9t\u00e9 avant de vendre la sienne est une pratique commune, mais est-ce une bonne id\u00e9e de proc\u00e9der ainsi? \u00abC\u2019est une question de tol\u00e9rance au risque financier d\u2019abord parce qu\u2019on va se retrouver avec la possibilit\u00e9 de devoir supporter deux propri\u00e9t\u00e9s\u00bb, a indiqu\u00e9 Denis Joanis, pr\u00e9sident de l\u2019Association professionnelle des courtiers immobiliers du Qu\u00e9bec. [&hellip;]<\/p>\n","protected":false},"author":742,"featured_media":0,"parent":0,"menu_order":0,"comment_status":"closed","ping_status":"closed","template":"","meta":{"_acf_changed":false,"footnotes":""},"class_list":["post-2038","page","type-page","status-publish","hentry"],"acf":[],"yoast_head":"<!-- This site is optimized with the Yoast SEO plugin v26.7 - https:\/\/yoast.com\/wordpress\/plugins\/seo\/ -->\n<title>Acheter une propri\u00e9t\u00e9 avant de vendre, une bonne id\u00e9e? - \u00c9quipe M\u00e9lanie Dubois<\/title>\n<meta name=\"robots\" content=\"index, follow, max-snippet:-1, max-image-preview:large, max-video-preview:-1\" \/>\n<link rel=\"canonical\" href=\"https:\/\/melaniedubois.com\/fr\/acheter-une-propriete-avant-de-vendre-une-bonne-idee\/\" \/>\n<meta property=\"og:locale\" content=\"fr_FR\" \/>\n<meta property=\"og:type\" content=\"article\" \/>\n<meta property=\"og:title\" content=\"Acheter une propri\u00e9t\u00e9 avant de vendre, une bonne id\u00e9e? - \u00c9quipe M\u00e9lanie Dubois\" \/>\n<meta property=\"og:description\" content=\"Acheter une propri\u00e9t\u00e9 avant de vendre la sienne est une pratique commune, mais est-ce une bonne id\u00e9e de proc\u00e9der ainsi? \u00abC\u2019est une question de tol\u00e9rance au risque financier d\u2019abord parce qu\u2019on va se retrouver avec la possibilit\u00e9 de devoir supporter deux propri\u00e9t\u00e9s\u00bb, a indiqu\u00e9 Denis Joanis, pr\u00e9sident de l\u2019Association professionnelle des courtiers immobiliers du Qu\u00e9bec. [&hellip;]\" \/>\n<meta property=\"og:url\" content=\"https:\/\/melaniedubois.com\/fr\/acheter-une-propriete-avant-de-vendre-une-bonne-idee\/\" \/>\n<meta property=\"og:site_name\" content=\"\u00c9quipe M\u00e9lanie Dubois\" \/>\n<meta property=\"og:image\" content=\"https:\/\/mcusercontent.com\/93cd80b45544fad91b6b44d60\/images\/a0364572-480c-a96d-ab97-1c0bfce39929.png\" \/>\n<meta name=\"twitter:card\" content=\"summary_large_image\" \/>\n<meta name=\"twitter:label1\" content=\"Dur\u00e9e de lecture estim\u00e9e\" \/>\n\t<meta name=\"twitter:data1\" content=\"2 minutes\" \/>\n<script type=\"application\/ld+json\" class=\"yoast-schema-graph\">{\"@context\":\"https:\/\/schema.org\",\"@graph\":[{\"@type\":\"WebPage\",\"@id\":\"https:\/\/melaniedubois.com\/fr\/acheter-une-propriete-avant-de-vendre-une-bonne-idee\/\",\"url\":\"https:\/\/melaniedubois.com\/fr\/acheter-une-propriete-avant-de-vendre-une-bonne-idee\/\",\"name\":\"[:fr]Acheter une propri\u00e9t\u00e9 avant de vendre, une bonne id\u00e9e?[:] - \u00c9quipe M\u00e9lanie Dubois\",\"isPartOf\":{\"@id\":\"https:\/\/melaniedubois.com\/en\/#website\"},\"primaryImageOfPage\":{\"@id\":\"https:\/\/melaniedubois.com\/fr\/acheter-une-propriete-avant-de-vendre-une-bonne-idee\/#primaryimage\"},\"image\":{\"@id\":\"https:\/\/melaniedubois.com\/fr\/acheter-une-propriete-avant-de-vendre-une-bonne-idee\/#primaryimage\"},\"thumbnailUrl\":\"https:\/\/mcusercontent.com\/93cd80b45544fad91b6b44d60\/images\/a0364572-480c-a96d-ab97-1c0bfce39929.png\",\"datePublished\":\"2021-11-24T11:19:55+00:00\",\"breadcrumb\":{\"@id\":\"https:\/\/melaniedubois.com\/fr\/acheter-une-propriete-avant-de-vendre-une-bonne-idee\/#breadcrumb\"},\"inLanguage\":\"fr-FR\",\"potentialAction\":[{\"@type\":\"ReadAction\",\"target\":[\"https:\/\/melaniedubois.com\/fr\/acheter-une-propriete-avant-de-vendre-une-bonne-idee\/\"]}]},{\"@type\":\"ImageObject\",\"inLanguage\":\"fr-FR\",\"@id\":\"https:\/\/melaniedubois.com\/fr\/acheter-une-propriete-avant-de-vendre-une-bonne-idee\/#primaryimage\",\"url\":\"https:\/\/mcusercontent.com\/93cd80b45544fad91b6b44d60\/images\/a0364572-480c-a96d-ab97-1c0bfce39929.png\",\"contentUrl\":\"https:\/\/mcusercontent.com\/93cd80b45544fad91b6b44d60\/images\/a0364572-480c-a96d-ab97-1c0bfce39929.png\"},{\"@type\":\"BreadcrumbList\",\"@id\":\"https:\/\/melaniedubois.com\/fr\/acheter-une-propriete-avant-de-vendre-une-bonne-idee\/#breadcrumb\",\"itemListElement\":[{\"@type\":\"ListItem\",\"position\":1,\"name\":\"Accueil\",\"item\":\"https:\/\/melaniedubois.com\/en\/\"},{\"@type\":\"ListItem\",\"position\":2,\"name\":\"Acheter une propri\u00e9t\u00e9 avant de vendre, une bonne id\u00e9e?\"}]},{\"@type\":\"WebSite\",\"@id\":\"https:\/\/melaniedubois.com\/en\/#website\",\"url\":\"https:\/\/melaniedubois.com\/en\/\",\"name\":\"\u00c9quipe M\u00e9lanie Dubois\",\"description\":\"Courtier immobilier Montr\u00e9al, KW Connexion\",\"potentialAction\":[{\"@type\":\"SearchAction\",\"target\":{\"@type\":\"EntryPoint\",\"urlTemplate\":\"https:\/\/melaniedubois.com\/en\/?s={search_term_string}\"},\"query-input\":{\"@type\":\"PropertyValueSpecification\",\"valueRequired\":true,\"valueName\":\"search_term_string\"}}],\"inLanguage\":\"fr-FR\"}]}<\/script>\n<!-- \/ Yoast SEO plugin. -->","yoast_head_json":{"title":"Acheter une propri\u00e9t\u00e9 avant de vendre, une bonne id\u00e9e? - \u00c9quipe M\u00e9lanie Dubois","robots":{"index":"index","follow":"follow","max-snippet":"max-snippet:-1","max-image-preview":"max-image-preview:large","max-video-preview":"max-video-preview:-1"},"canonical":"https:\/\/melaniedubois.com\/fr\/acheter-une-propriete-avant-de-vendre-une-bonne-idee\/","og_locale":"fr_FR","og_type":"article","og_title":"Acheter une propri\u00e9t\u00e9 avant de vendre, une bonne id\u00e9e? - \u00c9quipe M\u00e9lanie Dubois","og_description":"Acheter une propri\u00e9t\u00e9 avant de vendre la sienne est une pratique commune, mais est-ce une bonne id\u00e9e de proc\u00e9der ainsi? \u00abC\u2019est une question de tol\u00e9rance au risque financier d\u2019abord parce qu\u2019on va se retrouver avec la possibilit\u00e9 de devoir supporter deux propri\u00e9t\u00e9s\u00bb, a indiqu\u00e9 Denis Joanis, pr\u00e9sident de l\u2019Association professionnelle des courtiers immobiliers du Qu\u00e9bec. [&hellip;]","og_url":"https:\/\/melaniedubois.com\/fr\/acheter-une-propriete-avant-de-vendre-une-bonne-idee\/","og_site_name":"\u00c9quipe M\u00e9lanie Dubois","og_image":[{"url":"https:\/\/mcusercontent.com\/93cd80b45544fad91b6b44d60\/images\/a0364572-480c-a96d-ab97-1c0bfce39929.png","type":"","width":"","height":""}],"twitter_card":"summary_large_image","twitter_misc":{"Dur\u00e9e de lecture estim\u00e9e":"2 minutes"},"schema":{"@context":"https:\/\/schema.org","@graph":[{"@type":"WebPage","@id":"https:\/\/melaniedubois.com\/fr\/acheter-une-propriete-avant-de-vendre-une-bonne-idee\/","url":"https:\/\/melaniedubois.com\/fr\/acheter-une-propriete-avant-de-vendre-une-bonne-idee\/","name":"[:fr]Acheter une propri\u00e9t\u00e9 avant de vendre, une bonne id\u00e9e?[:] - \u00c9quipe M\u00e9lanie Dubois","isPartOf":{"@id":"https:\/\/melaniedubois.com\/en\/#website"},"primaryImageOfPage":{"@id":"https:\/\/melaniedubois.com\/fr\/acheter-une-propriete-avant-de-vendre-une-bonne-idee\/#primaryimage"},"image":{"@id":"https:\/\/melaniedubois.com\/fr\/acheter-une-propriete-avant-de-vendre-une-bonne-idee\/#primaryimage"},"thumbnailUrl":"https:\/\/mcusercontent.com\/93cd80b45544fad91b6b44d60\/images\/a0364572-480c-a96d-ab97-1c0bfce39929.png","datePublished":"2021-11-24T11:19:55+00:00","breadcrumb":{"@id":"https:\/\/melaniedubois.com\/fr\/acheter-une-propriete-avant-de-vendre-une-bonne-idee\/#breadcrumb"},"inLanguage":"fr-FR","potentialAction":[{"@type":"ReadAction","target":["https:\/\/melaniedubois.com\/fr\/acheter-une-propriete-avant-de-vendre-une-bonne-idee\/"]}]},{"@type":"ImageObject","inLanguage":"fr-FR","@id":"https:\/\/melaniedubois.com\/fr\/acheter-une-propriete-avant-de-vendre-une-bonne-idee\/#primaryimage","url":"https:\/\/mcusercontent.com\/93cd80b45544fad91b6b44d60\/images\/a0364572-480c-a96d-ab97-1c0bfce39929.png","contentUrl":"https:\/\/mcusercontent.com\/93cd80b45544fad91b6b44d60\/images\/a0364572-480c-a96d-ab97-1c0bfce39929.png"},{"@type":"BreadcrumbList","@id":"https:\/\/melaniedubois.com\/fr\/acheter-une-propriete-avant-de-vendre-une-bonne-idee\/#breadcrumb","itemListElement":[{"@type":"ListItem","position":1,"name":"Accueil","item":"https:\/\/melaniedubois.com\/en\/"},{"@type":"ListItem","position":2,"name":"Acheter une propri\u00e9t\u00e9 avant de vendre, une bonne id\u00e9e?"}]},{"@type":"WebSite","@id":"https:\/\/melaniedubois.com\/en\/#website","url":"https:\/\/melaniedubois.com\/en\/","name":"\u00c9quipe M\u00e9lanie Dubois","description":"Courtier immobilier Montr\u00e9al, KW Connexion","potentialAction":[{"@type":"SearchAction","target":{"@type":"EntryPoint","urlTemplate":"https:\/\/melaniedubois.com\/en\/?s={search_term_string}"},"query-input":{"@type":"PropertyValueSpecification","valueRequired":true,"valueName":"search_term_string"}}],"inLanguage":"fr-FR"}]}},"_links":{"self":[{"href":"https:\/\/melaniedubois.com\/fr\/wp-json\/wp\/v2\/pages\/2038","targetHints":{"allow":["GET"]}}],"collection":[{"href":"https:\/\/melaniedubois.com\/fr\/wp-json\/wp\/v2\/pages"}],"about":[{"href":"https:\/\/melaniedubois.com\/fr\/wp-json\/wp\/v2\/types\/page"}],"author":[{"embeddable":true,"href":"https:\/\/melaniedubois.com\/fr\/wp-json\/wp\/v2\/users\/742"}],"replies":[{"embeddable":true,"href":"https:\/\/melaniedubois.com\/fr\/wp-json\/wp\/v2\/comments?post=2038"}],"version-history":[{"count":2,"href":"https:\/\/melaniedubois.com\/fr\/wp-json\/wp\/v2\/pages\/2038\/revisions"}],"predecessor-version":[{"id":2040,"href":"https:\/\/melaniedubois.com\/fr\/wp-json\/wp\/v2\/pages\/2038\/revisions\/2040"}],"wp:attachment":[{"href":"https:\/\/melaniedubois.com\/fr\/wp-json\/wp\/v2\/media?parent=2038"}],"curies":[{"name":"wp","href":"https:\/\/api.w.org\/{rel}","templated":true}]}}