{"id":2048,"date":"2021-12-10T04:31:12","date_gmt":"2021-12-10T09:31:12","guid":{"rendered":"http:\/\/melaniedubois.com\/?page_id=2048"},"modified":"2021-12-10T04:31:12","modified_gmt":"2021-12-10T09:31:12","slug":"se-fier-a-levaluation-municipale-pour-acheter-une-propriete-ce-nest-pas-une-bonne-idee","status":"publish","type":"page","link":"https:\/\/melaniedubois.com\/fr\/se-fier-a-levaluation-municipale-pour-acheter-une-propriete-ce-nest-pas-une-bonne-idee\/","title":{"rendered":"Se fier \u00e0 l\u2019\u00e9valuation municipale pour acheter une propri\u00e9t\u00e9, ce n\u2019est pas une bonne id\u00e9e!"},"content":{"rendered":"<p><\/p>\n<p style=\"text-align: justify;\"><strong>Le march\u00e9 immobilier, principalement dans les grands centres, est en surchauffe depuis plusieurs mois. Les propri\u00e9t\u00e9s se vendent rapidement et \u00e0 un prix \u00e9lev\u00e9. Pour estimer si le prix de vente affich\u00e9 est juste par rapport \u00e0 la valeur de la propri\u00e9t\u00e9, plusieurs ont tendance \u00e0 se fier \u00e0 l\u2019\u00e9valuation municipale. Est-ce un bon indicatif? Non, indique un expert, estimant que le march\u00e9 \u00e9volue trop rapidement.<\/strong><\/p>\n<p><img decoding=\"async\" src=\"https:\/\/mcusercontent.com\/93cd80b45544fad91b6b44d60\/images\/5cb3498f-b8f7-86ba-2584-fcef7ab18488.png\" \/><\/p>\n<h2 style=\"text-align: justify;\"><strong>Cours 101 sur l\u2019\u00e9valuation municipale\u00a0<\/strong><\/h2>\n<p style=\"text-align: justify;\">L\u2019\u00e9valuation municipale \u2013 en r\u00e9sum\u00e9 &#8211; est la somme de l\u2019\u00e9valuation du terrain et de celle du b\u00e2timent. Le r\u00e9sultat donne l\u2019\u00e9valuation municipale g\u00e9n\u00e9ralement affich\u00e9e dans la fiche des propri\u00e9t\u00e9s \u00e0 vendre. Sur la plupart des sites immobiliers, l\u2019information se retrouve dans la section \u00abcaract\u00e9ristiques de la propri\u00e9t\u00e9\u00bb ou \u00abd\u00e9tails financiers\u00bb.<\/p>\n<p style=\"text-align: justify;\">L\u2019\u00e9valuation municipale n\u2019est toutefois pas disponible sur toutes les fiches. Lorsqu\u2019elle n\u2019y est pas, il est toujours possible de la demander au courtier immobilier responsable de la propri\u00e9t\u00e9.<\/p>\n<p style=\"text-align: justify;\">Deux exemples concrets avec des maisons en vente en ce moment :<\/p>\n<p style=\"text-align: justify;\">\u00b7 Une maison \u00e0 Rivi\u00e8re-des-Prairies est affich\u00e9e \u00e0 un prix de vente de 539 000$, alors que la valeur de son \u00e9valuation est de 339 700$.<\/p>\n<p style=\"text-align: justify;\">\u00b7 On demande 449 000$ pour une autre propri\u00e9t\u00e9 \u00e0 Pierrefonds \/ Roxboro, tandis que son \u00e9valuation municipale s\u2019\u00e9l\u00e8ve \u00e0 392 797$.<\/p>\n<h2 style=\"text-align: justify;\"><strong>Pourquoi des \u00e9carts si \u00e9lev\u00e9s?<\/strong><\/h2>\n<p style=\"text-align: justify;\">L\u2019\u00e9valuation municipale n\u2019est pas repr\u00e9sentative du march\u00e9 immobilier en date d\u2019aujourd\u2019hui.<\/p>\n<p style=\"text-align: justify;\">L\u2019\u00e9valuation municipale, c\u2019est la valeur d\u2019une propri\u00e9t\u00e9 en date du 1er juillet, 18 mois avant l\u2019entr\u00e9e en vigueur du r\u00f4le d\u2019\u00e9valuation de la ville, d\u00e9pos\u00e9 tous les trois ans.<\/p>\n<p style=\"text-align: justify;\">Pour la ville de Montr\u00e9al, le r\u00f4le d\u2019\u00e9valuation fonci\u00e8re est entr\u00e9 en vigueur le 1er janvier 2020. Reposant sur les donn\u00e9es du march\u00e9 18 mois auparavant, les \u00e9valuations municipales affich\u00e9es en ce moment repr\u00e9sentent, pour la plupart, le march\u00e9 au 1er juillet 2018.<\/p>\n<p style=\"text-align: justify;\">Il va sans dire que le march\u00e9 peut conna\u00eetre plusieurs bouleversements entre le moment de l\u2019\u00e9valuation et l\u2019entr\u00e9e en vigueur du r\u00f4le d\u2019\u00e9valuation. Notamment, depuis 2018, nous avons pass\u00e9 \u00e0 travers une crise \u00e9conomique, une pand\u00e9mie mondiale et la surchauffe immobili\u00e8re, et \u00e7a n\u2019a toujours pas eu d\u2019impact sur les \u00e9valuations municipales !<\/p>\n<p style=\"text-align: justify;\">Le march\u00e9 \u00e9volue donc trop rapidement pour que l\u2019\u00e9valuation municipale soit un bon indicatif pour l\u2019achat d\u2019une propri\u00e9t\u00e9.<\/p>\n<h2 style=\"text-align: justify;\">L\u2019\u00e9valuation municipale, c\u2019est une \u00e9valuation de masse<\/h2>\n<p style=\"text-align: justify;\">Le r\u00f4le d\u2019\u00e9valuation, c\u2019est une \u00e9valuation de masse qui s\u2019effectue dans un secteur donn\u00e9. Chaque propri\u00e9t\u00e9 n\u2019est pas n\u00e9cessairement analys\u00e9e au peigne fin.<\/p>\n<p style=\"text-align: justify;\">\u00ab Ce qui est important dans un r\u00f4le d\u2019\u00e9valuation, c\u2019est qu\u2019il y ait une \u00e9quit\u00e9, que toutes les propri\u00e9t\u00e9s soient \u00e9valu\u00e9es sur la m\u00eame base, mentionne Pierre Goudreau \u00c9.A., pr\u00e9sident de l\u2019Ordre des \u00e9valuateurs agr\u00e9\u00e9s du Qu\u00e9bec, que le fardeau fiscal soit partag\u00e9 \u00e9quitablement entre tous les propri\u00e9taires de la ville \u00bb.<\/p>\n<p style=\"text-align: justify;\">L\u2019\u00e9valuation municipale est principalement un outil pour la municipalit\u00e9 afin d\u2019\u00e9tablir les taxes fonci\u00e8res, et non une expertise particuli\u00e8re de la juste valeur marchande d\u2019une propri\u00e9t\u00e9 \u00e0 une date contemporaine du march\u00e9. Pour avoir acc\u00e8s \u00e0 cette information, il faut plut\u00f4t faire appel \u00e0 un expert, l\u2019\u00e9valuateur agr\u00e9\u00e9.<\/p>\n<h2 style=\"text-align: justify;\">L\u2019\u00e9valuation municipale pourrait ne pas \u00eatre \u00e0 jour<\/h2>\n<p style=\"text-align: justify;\">Dans le cas o\u00f9 des r\u00e9novations auraient \u00e9t\u00e9 faites r\u00e9cemment, il se pourrait que l\u2019\u00e9valuation municipale ne soit pas repr\u00e9sentative de l\u2019\u00e9tat r\u00e9el de la demeure. \u00ab En effet, pr\u00e9cise Pierre Goudreau \u00c9.A., le temps que les travaux se fassent, que l\u2019\u00e9valuateur municipal prenne connaissance du permis de r\u00e9novation, il s\u2019\u00e9coulera de 12 \u00e0 18 mois avant que la correction du r\u00f4le d\u2019\u00e9valuation ne s\u2019effectue. \u00bb<\/p>\n<p style=\"text-align: justify;\">Et cette correction est toujours \u00e9tablie en fonction de la valeur du march\u00e9, 18 mois avant l\u2019entr\u00e9e en vigueur du r\u00f4le d\u2019\u00e9valuation. Cette date fixe ne change pas !<\/p>\n<p style=\"text-align: justify;\">Ainsi, en cas d\u2019achat d\u2019une propri\u00e9t\u00e9 r\u00e9cemment r\u00e9nov\u00e9e, tenir compte de l\u2019\u00e9valuation municipale pourrait vous induire en erreur.<\/p>\n<h2 style=\"text-align: justify;\">Quels indicateurs consid\u00e9rer \u00e0 la place de l\u2019\u00e9valuation municipale ?<\/h2>\n<p style=\"text-align: justify;\">Si l\u2019\u00e9valuation municipale n\u2019est pas un bon indicatif, alors sur quoi se fier? Selon Pierre Goudreau \u00c9.A., il faut prendre le temps de regarder la tendance du march\u00e9 d\u2019un quartier (prix de vente des propri\u00e9t\u00e9s comparables dans le quartier, pr\u00e9sence de surench\u00e8re ou non, etc.)<\/p>\n<p style=\"text-align: justify;\">Pour ce faire, trois options s\u2019offrent \u00e0 vous : obtenir une opinion de la juste valeur marchande aupr\u00e8s d\u2019un \u00e9valuateur agr\u00e9\u00e9 ; obtenir d\u2019un courtier immobilier un relev\u00e9 des propri\u00e9t\u00e9s comparables r\u00e9cemment vendues ou effectuer vos recherches par vous-m\u00eames en utilisant des outils comme le\u00a0Registre foncier du Qu\u00e9bec en ligne.<\/p>\n<p>&nbsp;<\/p>\n<p><strong>Source<\/strong>\u00a0:\u00a0<a href=\"https:\/\/www.24heures.ca\/2021\/11\/11\/se-fier-a-levaluation-municipale-pour-acheter-une-propriete-ce-nest-pas-une-bonne-idee\">Article de Shanna Sarrazin-Laverdure publi\u00e9 sur le site 24heures.ca le 11 novembre 2021<\/a><\/p>\n<p><strong>Lien : <\/strong><a href=\"https:\/\/www.24heures.ca\/2021\/11\/11\/se-fier-a-levaluation-municipale-pour-acheter-une-propriete-ce-nest-pas-une-bonne-idee\">https:\/\/www.24heures.ca\/2021\/11\/11\/se-fier-a-levaluation-municipale-pour-acheter-une-propriete-ce-nest-pas-une-bonne-idee<\/a><\/p>\n<p>&nbsp;<\/p>\n<p>&nbsp;<\/p>\n<p style=\"text-align: center;\">Vous voulez gardez un oeil sur le march\u00e9 et sur votre investissement ?<\/p>\n<p style=\"text-align: center;\">Nous pouvons p\u00e9riodiquement vous envoyer les ventes dans votre secteur.<\/p>\n<p style=\"text-align: center;\">C&rsquo;est GRATUIT! Aucune obligation de votre part.<\/p>\n<p><img decoding=\"async\" src=\"https:\/\/mcusercontent.com\/93cd80b45544fad91b6b44d60\/images\/4e6f6591-1108-4326-bdd0-44f74a03ea2b.png\" \/><\/p>","protected":false},"excerpt":{"rendered":"<p>Le march\u00e9 immobilier, principalement dans les grands centres, est en surchauffe depuis plusieurs mois. Les propri\u00e9t\u00e9s se vendent rapidement et \u00e0 un prix \u00e9lev\u00e9. Pour estimer si le prix de vente affich\u00e9 est juste par rapport \u00e0 la valeur de la propri\u00e9t\u00e9, plusieurs ont tendance \u00e0 se fier \u00e0 l\u2019\u00e9valuation municipale. Est-ce un bon indicatif? [&hellip;]<\/p>\n","protected":false},"author":742,"featured_media":0,"parent":0,"menu_order":0,"comment_status":"closed","ping_status":"closed","template":"","meta":{"_acf_changed":false,"footnotes":""},"class_list":["post-2048","page","type-page","status-publish","hentry"],"acf":[],"yoast_head":"<!-- This site is optimized with the Yoast SEO plugin v26.7 - https:\/\/yoast.com\/wordpress\/plugins\/seo\/ -->\n<title>Se fier \u00e0 l\u2019\u00e9valuation municipale pour acheter une propri\u00e9t\u00e9, ce n\u2019est pas une bonne id\u00e9e! - \u00c9quipe M\u00e9lanie Dubois<\/title>\n<meta name=\"robots\" content=\"index, follow, max-snippet:-1, max-image-preview:large, max-video-preview:-1\" \/>\n<link rel=\"canonical\" href=\"https:\/\/melaniedubois.com\/fr\/se-fier-a-levaluation-municipale-pour-acheter-une-propriete-ce-nest-pas-une-bonne-idee\/\" \/>\n<meta property=\"og:locale\" content=\"fr_FR\" \/>\n<meta property=\"og:type\" content=\"article\" \/>\n<meta property=\"og:title\" content=\"Se fier \u00e0 l\u2019\u00e9valuation municipale pour acheter une propri\u00e9t\u00e9, ce n\u2019est pas une bonne id\u00e9e! - \u00c9quipe M\u00e9lanie Dubois\" \/>\n<meta property=\"og:description\" content=\"Le march\u00e9 immobilier, principalement dans les grands centres, est en surchauffe depuis plusieurs mois. Les propri\u00e9t\u00e9s se vendent rapidement et \u00e0 un prix \u00e9lev\u00e9. Pour estimer si le prix de vente affich\u00e9 est juste par rapport \u00e0 la valeur de la propri\u00e9t\u00e9, plusieurs ont tendance \u00e0 se fier \u00e0 l\u2019\u00e9valuation municipale. Est-ce un bon indicatif? [&hellip;]\" \/>\n<meta property=\"og:url\" content=\"https:\/\/melaniedubois.com\/fr\/se-fier-a-levaluation-municipale-pour-acheter-une-propriete-ce-nest-pas-une-bonne-idee\/\" \/>\n<meta property=\"og:site_name\" content=\"\u00c9quipe M\u00e9lanie Dubois\" \/>\n<meta property=\"og:image\" content=\"https:\/\/mcusercontent.com\/93cd80b45544fad91b6b44d60\/images\/5cb3498f-b8f7-86ba-2584-fcef7ab18488.png\" \/>\n<meta name=\"twitter:card\" content=\"summary_large_image\" \/>\n<meta name=\"twitter:label1\" content=\"Dur\u00e9e de lecture estim\u00e9e\" \/>\n\t<meta name=\"twitter:data1\" content=\"4 minutes\" \/>\n<script type=\"application\/ld+json\" class=\"yoast-schema-graph\">{\"@context\":\"https:\/\/schema.org\",\"@graph\":[{\"@type\":\"WebPage\",\"@id\":\"https:\/\/melaniedubois.com\/fr\/se-fier-a-levaluation-municipale-pour-acheter-une-propriete-ce-nest-pas-une-bonne-idee\/\",\"url\":\"https:\/\/melaniedubois.com\/fr\/se-fier-a-levaluation-municipale-pour-acheter-une-propriete-ce-nest-pas-une-bonne-idee\/\",\"name\":\"[:fr]Se fier \u00e0 l\u2019\u00e9valuation municipale pour acheter une propri\u00e9t\u00e9, ce n\u2019est pas une bonne id\u00e9e![:] - \u00c9quipe M\u00e9lanie Dubois\",\"isPartOf\":{\"@id\":\"https:\/\/melaniedubois.com\/en\/#website\"},\"primaryImageOfPage\":{\"@id\":\"https:\/\/melaniedubois.com\/fr\/se-fier-a-levaluation-municipale-pour-acheter-une-propriete-ce-nest-pas-une-bonne-idee\/#primaryimage\"},\"image\":{\"@id\":\"https:\/\/melaniedubois.com\/fr\/se-fier-a-levaluation-municipale-pour-acheter-une-propriete-ce-nest-pas-une-bonne-idee\/#primaryimage\"},\"thumbnailUrl\":\"https:\/\/mcusercontent.com\/93cd80b45544fad91b6b44d60\/images\/5cb3498f-b8f7-86ba-2584-fcef7ab18488.png\",\"datePublished\":\"2021-12-10T09:31:12+00:00\",\"breadcrumb\":{\"@id\":\"https:\/\/melaniedubois.com\/fr\/se-fier-a-levaluation-municipale-pour-acheter-une-propriete-ce-nest-pas-une-bonne-idee\/#breadcrumb\"},\"inLanguage\":\"fr-FR\",\"potentialAction\":[{\"@type\":\"ReadAction\",\"target\":[\"https:\/\/melaniedubois.com\/fr\/se-fier-a-levaluation-municipale-pour-acheter-une-propriete-ce-nest-pas-une-bonne-idee\/\"]}]},{\"@type\":\"ImageObject\",\"inLanguage\":\"fr-FR\",\"@id\":\"https:\/\/melaniedubois.com\/fr\/se-fier-a-levaluation-municipale-pour-acheter-une-propriete-ce-nest-pas-une-bonne-idee\/#primaryimage\",\"url\":\"https:\/\/mcusercontent.com\/93cd80b45544fad91b6b44d60\/images\/5cb3498f-b8f7-86ba-2584-fcef7ab18488.png\",\"contentUrl\":\"https:\/\/mcusercontent.com\/93cd80b45544fad91b6b44d60\/images\/5cb3498f-b8f7-86ba-2584-fcef7ab18488.png\"},{\"@type\":\"BreadcrumbList\",\"@id\":\"https:\/\/melaniedubois.com\/fr\/se-fier-a-levaluation-municipale-pour-acheter-une-propriete-ce-nest-pas-une-bonne-idee\/#breadcrumb\",\"itemListElement\":[{\"@type\":\"ListItem\",\"position\":1,\"name\":\"Accueil\",\"item\":\"https:\/\/melaniedubois.com\/en\/\"},{\"@type\":\"ListItem\",\"position\":2,\"name\":\"Se fier \u00e0 l\u2019\u00e9valuation municipale pour acheter une propri\u00e9t\u00e9, ce n\u2019est pas une bonne id\u00e9e!\"}]},{\"@type\":\"WebSite\",\"@id\":\"https:\/\/melaniedubois.com\/en\/#website\",\"url\":\"https:\/\/melaniedubois.com\/en\/\",\"name\":\"\u00c9quipe M\u00e9lanie Dubois\",\"description\":\"Courtier immobilier Montr\u00e9al, KW Connexion\",\"potentialAction\":[{\"@type\":\"SearchAction\",\"target\":{\"@type\":\"EntryPoint\",\"urlTemplate\":\"https:\/\/melaniedubois.com\/en\/?s={search_term_string}\"},\"query-input\":{\"@type\":\"PropertyValueSpecification\",\"valueRequired\":true,\"valueName\":\"search_term_string\"}}],\"inLanguage\":\"fr-FR\"}]}<\/script>\n<!-- \/ Yoast SEO plugin. -->","yoast_head_json":{"title":"Se fier \u00e0 l\u2019\u00e9valuation municipale pour acheter une propri\u00e9t\u00e9, ce n\u2019est pas une bonne id\u00e9e! - \u00c9quipe M\u00e9lanie Dubois","robots":{"index":"index","follow":"follow","max-snippet":"max-snippet:-1","max-image-preview":"max-image-preview:large","max-video-preview":"max-video-preview:-1"},"canonical":"https:\/\/melaniedubois.com\/fr\/se-fier-a-levaluation-municipale-pour-acheter-une-propriete-ce-nest-pas-une-bonne-idee\/","og_locale":"fr_FR","og_type":"article","og_title":"Se fier \u00e0 l\u2019\u00e9valuation municipale pour acheter une propri\u00e9t\u00e9, ce n\u2019est pas une bonne id\u00e9e! - \u00c9quipe M\u00e9lanie Dubois","og_description":"Le march\u00e9 immobilier, principalement dans les grands centres, est en surchauffe depuis plusieurs mois. Les propri\u00e9t\u00e9s se vendent rapidement et \u00e0 un prix \u00e9lev\u00e9. Pour estimer si le prix de vente affich\u00e9 est juste par rapport \u00e0 la valeur de la propri\u00e9t\u00e9, plusieurs ont tendance \u00e0 se fier \u00e0 l\u2019\u00e9valuation municipale. Est-ce un bon indicatif? [&hellip;]","og_url":"https:\/\/melaniedubois.com\/fr\/se-fier-a-levaluation-municipale-pour-acheter-une-propriete-ce-nest-pas-une-bonne-idee\/","og_site_name":"\u00c9quipe M\u00e9lanie Dubois","og_image":[{"url":"https:\/\/mcusercontent.com\/93cd80b45544fad91b6b44d60\/images\/5cb3498f-b8f7-86ba-2584-fcef7ab18488.png","type":"","width":"","height":""}],"twitter_card":"summary_large_image","twitter_misc":{"Dur\u00e9e de lecture estim\u00e9e":"4 minutes"},"schema":{"@context":"https:\/\/schema.org","@graph":[{"@type":"WebPage","@id":"https:\/\/melaniedubois.com\/fr\/se-fier-a-levaluation-municipale-pour-acheter-une-propriete-ce-nest-pas-une-bonne-idee\/","url":"https:\/\/melaniedubois.com\/fr\/se-fier-a-levaluation-municipale-pour-acheter-une-propriete-ce-nest-pas-une-bonne-idee\/","name":"[:fr]Se fier \u00e0 l\u2019\u00e9valuation municipale pour acheter une propri\u00e9t\u00e9, ce n\u2019est pas une bonne id\u00e9e![:] - \u00c9quipe M\u00e9lanie Dubois","isPartOf":{"@id":"https:\/\/melaniedubois.com\/en\/#website"},"primaryImageOfPage":{"@id":"https:\/\/melaniedubois.com\/fr\/se-fier-a-levaluation-municipale-pour-acheter-une-propriete-ce-nest-pas-une-bonne-idee\/#primaryimage"},"image":{"@id":"https:\/\/melaniedubois.com\/fr\/se-fier-a-levaluation-municipale-pour-acheter-une-propriete-ce-nest-pas-une-bonne-idee\/#primaryimage"},"thumbnailUrl":"https:\/\/mcusercontent.com\/93cd80b45544fad91b6b44d60\/images\/5cb3498f-b8f7-86ba-2584-fcef7ab18488.png","datePublished":"2021-12-10T09:31:12+00:00","breadcrumb":{"@id":"https:\/\/melaniedubois.com\/fr\/se-fier-a-levaluation-municipale-pour-acheter-une-propriete-ce-nest-pas-une-bonne-idee\/#breadcrumb"},"inLanguage":"fr-FR","potentialAction":[{"@type":"ReadAction","target":["https:\/\/melaniedubois.com\/fr\/se-fier-a-levaluation-municipale-pour-acheter-une-propriete-ce-nest-pas-une-bonne-idee\/"]}]},{"@type":"ImageObject","inLanguage":"fr-FR","@id":"https:\/\/melaniedubois.com\/fr\/se-fier-a-levaluation-municipale-pour-acheter-une-propriete-ce-nest-pas-une-bonne-idee\/#primaryimage","url":"https:\/\/mcusercontent.com\/93cd80b45544fad91b6b44d60\/images\/5cb3498f-b8f7-86ba-2584-fcef7ab18488.png","contentUrl":"https:\/\/mcusercontent.com\/93cd80b45544fad91b6b44d60\/images\/5cb3498f-b8f7-86ba-2584-fcef7ab18488.png"},{"@type":"BreadcrumbList","@id":"https:\/\/melaniedubois.com\/fr\/se-fier-a-levaluation-municipale-pour-acheter-une-propriete-ce-nest-pas-une-bonne-idee\/#breadcrumb","itemListElement":[{"@type":"ListItem","position":1,"name":"Accueil","item":"https:\/\/melaniedubois.com\/en\/"},{"@type":"ListItem","position":2,"name":"Se fier \u00e0 l\u2019\u00e9valuation municipale pour acheter une propri\u00e9t\u00e9, ce n\u2019est pas une bonne id\u00e9e!"}]},{"@type":"WebSite","@id":"https:\/\/melaniedubois.com\/en\/#website","url":"https:\/\/melaniedubois.com\/en\/","name":"\u00c9quipe M\u00e9lanie Dubois","description":"Courtier immobilier Montr\u00e9al, KW Connexion","potentialAction":[{"@type":"SearchAction","target":{"@type":"EntryPoint","urlTemplate":"https:\/\/melaniedubois.com\/en\/?s={search_term_string}"},"query-input":{"@type":"PropertyValueSpecification","valueRequired":true,"valueName":"search_term_string"}}],"inLanguage":"fr-FR"}]}},"_links":{"self":[{"href":"https:\/\/melaniedubois.com\/fr\/wp-json\/wp\/v2\/pages\/2048","targetHints":{"allow":["GET"]}}],"collection":[{"href":"https:\/\/melaniedubois.com\/fr\/wp-json\/wp\/v2\/pages"}],"about":[{"href":"https:\/\/melaniedubois.com\/fr\/wp-json\/wp\/v2\/types\/page"}],"author":[{"embeddable":true,"href":"https:\/\/melaniedubois.com\/fr\/wp-json\/wp\/v2\/users\/742"}],"replies":[{"embeddable":true,"href":"https:\/\/melaniedubois.com\/fr\/wp-json\/wp\/v2\/comments?post=2048"}],"version-history":[{"count":2,"href":"https:\/\/melaniedubois.com\/fr\/wp-json\/wp\/v2\/pages\/2048\/revisions"}],"predecessor-version":[{"id":2050,"href":"https:\/\/melaniedubois.com\/fr\/wp-json\/wp\/v2\/pages\/2048\/revisions\/2050"}],"wp:attachment":[{"href":"https:\/\/melaniedubois.com\/fr\/wp-json\/wp\/v2\/media?parent=2048"}],"curies":[{"name":"wp","href":"https:\/\/api.w.org\/{rel}","templated":true}]}}