{"id":2057,"date":"2021-12-14T09:21:21","date_gmt":"2021-12-14T14:21:21","guid":{"rendered":"http:\/\/melaniedubois.com\/?page_id=2057"},"modified":"2021-12-14T09:21:21","modified_gmt":"2021-12-14T14:21:21","slug":"what-you-should-definitely-check-before-buying-a-condominium","status":"publish","type":"page","link":"https:\/\/melaniedubois.com\/fr\/what-you-should-definitely-check-before-buying-a-condominium\/","title":{"rendered":"What you should definitely check before buying a condominium"},"content":{"rendered":"<p><\/p>\n<p style=\"text-align: justify;\"><strong>You have just visited a condominium, you have a crush. You&rsquo;re thrilled and you rush to make an offer to purchase. But wait! Do you know what actions to take to avoid as many bad surprises as possible in the years to come? The list is long, but we&rsquo;ll share with you the best advice from experts.<\/strong><\/p>\n<p><img decoding=\"async\" src=\"https:\/\/mcusercontent.com\/93cd80b45544fad91b6b44d60\/images\/8b0ee152-9590-9eb4-6087-6eea63570a3a.png\" \/><\/p>\n<h2 style=\"text-align: justify;\">Divided or undivided co-ownership?<\/h2>\n<p style=\"text-align: justify;\">First element to consider: are you buying a divided or undivided co-ownership? There are important differences between the two.<\/p>\n<p style=\"text-align: justify;\">Divided co-ownership is what is generally called a condo. It is a property where each buyer owns his or her own unit and shares the common areas (gym, roof, elevator, etc.) with the other co-owners.<\/p>\n<p style=\"text-align: justify;\">In the case of undivided co-ownership, several people share the same common property (the building) and own a share of the property. There is only one lot number for the property, unlike divided co-ownership. It is generally referred to as a \u00ab\u00a0plex\u00a0\u00bb (duplex, triplex, etc.).<\/p>\n<h2 style=\"text-align: justify;\">In the case of a divided co-ownership<\/h2>\n<p style=\"text-align: justify;\">Now, what should you consider before taking action?<\/p>\n<p style=\"text-align: justify;\">\u00ab\u00a0The most important thing is to check the contingency fund,\u00a0\u00bb says Charles Brant, Director of Market Analysis at the Association professionnelle des courtiers immobiliers du Qu\u00e9bec. The contingency fund is what covers the expenses of major repairs and replacement of the common areas of the building.<\/p>\n<p style=\"text-align: justify;\">The coming into force of Bill 16 has made it possible to better supervise the purchase of a condominium and make it more secure. This law requires, among other things, that a maintenance booklet be kept and that a study of the contingency fund be carried out, explains Prot\u00e9gez Vous. The study will mention the amount that it is recommended to deposit in the fund.<\/p>\n<p style=\"text-align: justify;\">The Civil Code of Qu\u00e9bec stipulates that \u00ab\u00a0the contribution of co-owners to the contingency fund is at least 5% of their contribution to the common expenses\u00a0\u00bb.<\/p>\n<p style=\"text-align: justify;\">The common expenses are what are commonly called \u00ab\u00a0condo fees\u00a0\u00bb. If they are modest, verify if they will be sufficient to cover the expenses to come in the next few years. If they are too high, make sure that the monthly payments are managed in a reasonable manner. It is a good practice to check financial statements.<\/p>\n<p style=\"text-align: justify;\">In fact, \u00ab\u00a0it is possible to make the offer to purchase conditional on the verification of certain documents, for example, the minutes of previous years,\u00a0\u00bb says Pierre Goudreau, president of the Ordre des \u00e9valuateurs agr\u00e9\u00e9s du Qu\u00e9bec. This verification is important because it can indicate whether there have been any disputes in the past, what the dynamics of the syndicate of co-ownership are and whether there are any renovations to come in the next few years.<\/p>\n<p style=\"text-align: justify;\">Also take the time to pay attention to the condition of the building and its common areas. Indeed, Charles Brant explains, \u00ab\u00a0the common facilities of a condominium can be expensive to repair, especially the pool or the elevator, if applicable. Also, if the condominium is of a certain age, it will require more and more maintenance over the years.\u00a0\u00bb<\/p>\n<p style=\"text-align: justify;\">Other things to consider include: the declaration of co-ownership &#8211; the legal document that binds all co-owners and contains the building&rsquo;s bylaws, your rights and responsibilities, and resale rules &#8211; the presence of a special renovation fee, the syndicate of co-ownership&rsquo;s insurance coverage and the status of the new home warranty, if applicable.<\/p>\n<h2 style=\"text-align: justify;\">In the case of undivided co-ownership<\/h2>\n<p style=\"text-align: justify;\">Buying undivided co-ownership is a different matter. You have to be even more careful,\u00a0\u00bb warns Charles Brant. \u00ab\u00a0Plexes [the majority of condominiums] are older buildings, most of which were built in the early to mid 1900s. They generally need repairs or renovations, so maintenance costs can escalate very quickly.\u00a0\u00bb That&rsquo;s why it&rsquo;s important to make sure there&rsquo;s a contingency fund.<\/p>\n<p style=\"text-align: justify;\">In the case of undivided co-ownerships, Bill 16 on contingency funds does not apply. It is therefore important to verify if there is one, and if so, to see how it is managed, as well as if it is sufficient for the upcoming maintenance.<\/p>\n<p style=\"text-align: justify;\">You should also read the undivided agreement, which contains information such as the rights and obligations of each of the occupying parties, the rules for administering the building and the sharing of expenses, as specified by the Chambre des notaires du Qu\u00e9bec.<\/p>\n<h2 style=\"text-align: justify;\">Final tips<\/h2>\n<p style=\"text-align: justify;\">In both cases, thinking about resale value right away can be relevant: does the condominium you are planning to buy contain elements that are desirable and attractive to future buyers? We are thinking here of an outdoor space (balcony, terrace or courtyard), the location of the building (close to services and public transportation), as well as access to a storage space or a parking space.<\/p>\n<p style=\"text-align: justify;\">The number of bedrooms is also a consideration, according to Charles Brant: \u00ab\u00a0Three-bedroom condominiums are much more desirable because people want space for an office. That&rsquo;s something to consider if you want the property to maintain some value.\u00a0\u00bb<\/p>\n<p style=\"text-align: justify;\">Charles Brant concludes by mentioning that in the presence of certain negative points, despite a certain love affair, one should not hesitate to negotiate the sale price. It is not recommended to start this new adventure without having done a due diligence on the management of the syndicate of co-ownership.<\/p>\n<p>&nbsp;<\/p>\n<p><strong>Source :<\/strong>\u00a0<a href=\"https:\/\/www.24heures.ca\/2021\/11\/12\/ce-quil-faut-absolument-verifier-avant-dacheter-une-copropriete\">Article by Shanna Sarrazin-Laverdure on the 24heures.ca on the 12 November of 2021<\/a><\/p>\n<p><strong>Link : <\/strong><a href=\"https:\/\/www.24heures.ca\/2021\/11\/12\/ce-quil-faut-absolument-verifier-avant-dacheter-une-copropriete\">https:\/\/www.24heures.ca\/2021\/11\/12\/ce-quil-faut-absolument-verifier-avant-dacheter-une-copropriete<\/a><\/p>\n<p>&nbsp;<\/p>\n<p style=\"text-align: center;\">You want to keep an eye on the market and your investment ?<\/p>\n<p style=\"text-align: center;\">We can periodically send you a list of sales in your neighborhood.<\/p>\n<p style=\"text-align: center;\">It&rsquo;s FREE!\u00a0 No obligation on your part.<\/p>\n<p><img decoding=\"async\" src=\"https:\/\/mcusercontent.com\/93cd80b45544fad91b6b44d60\/images\/4e6f6591-1108-4326-bdd0-44f74a03ea2b.png\" \/><\/p>","protected":false},"excerpt":{"rendered":"<p>You have just visited a condominium, you have a crush. You&rsquo;re thrilled and you rush to make an offer to purchase. But wait! Do you know what actions to take to avoid as many bad surprises as possible in the years to come? The list is long, but we&rsquo;ll share with you the best advice [&hellip;]<\/p>\n","protected":false},"author":742,"featured_media":0,"parent":0,"menu_order":0,"comment_status":"closed","ping_status":"closed","template":"","meta":{"_acf_changed":false,"footnotes":""},"class_list":["post-2057","page","type-page","status-publish","hentry"],"acf":[],"yoast_head":"<!-- This site is optimized with the Yoast SEO plugin v26.7 - https:\/\/yoast.com\/wordpress\/plugins\/seo\/ -->\n<title>What you should definitely check before buying a condominium - \u00c9quipe M\u00e9lanie Dubois<\/title>\n<meta name=\"robots\" content=\"index, follow, max-snippet:-1, max-image-preview:large, max-video-preview:-1\" \/>\n<link rel=\"canonical\" href=\"https:\/\/melaniedubois.com\/fr\/what-you-should-definitely-check-before-buying-a-condominium\/\" \/>\n<meta property=\"og:locale\" content=\"fr_FR\" \/>\n<meta property=\"og:type\" content=\"article\" \/>\n<meta property=\"og:title\" content=\"What you should definitely check before buying a condominium - \u00c9quipe M\u00e9lanie Dubois\" \/>\n<meta property=\"og:description\" content=\"You have just visited a condominium, you have a crush. You&rsquo;re thrilled and you rush to make an offer to purchase. But wait! Do you know what actions to take to avoid as many bad surprises as possible in the years to come? The list is long, but we&rsquo;ll share with you the best advice [&hellip;]\" \/>\n<meta property=\"og:url\" content=\"https:\/\/melaniedubois.com\/fr\/what-you-should-definitely-check-before-buying-a-condominium\/\" \/>\n<meta property=\"og:site_name\" content=\"\u00c9quipe M\u00e9lanie Dubois\" \/>\n<meta property=\"og:image\" content=\"https:\/\/mcusercontent.com\/93cd80b45544fad91b6b44d60\/images\/8b0ee152-9590-9eb4-6087-6eea63570a3a.png\" \/>\n<meta name=\"twitter:card\" content=\"summary_large_image\" \/>\n<meta name=\"twitter:label1\" content=\"Dur\u00e9e de lecture estim\u00e9e\" \/>\n\t<meta name=\"twitter:data1\" content=\"5 minutes\" \/>\n<script type=\"application\/ld+json\" class=\"yoast-schema-graph\">{\"@context\":\"https:\/\/schema.org\",\"@graph\":[{\"@type\":\"WebPage\",\"@id\":\"https:\/\/melaniedubois.com\/fr\/what-you-should-definitely-check-before-buying-a-condominium\/\",\"url\":\"https:\/\/melaniedubois.com\/fr\/what-you-should-definitely-check-before-buying-a-condominium\/\",\"name\":\"[:fr]What you should definitely check before buying a condominium[:] - \u00c9quipe M\u00e9lanie Dubois\",\"isPartOf\":{\"@id\":\"https:\/\/melaniedubois.com\/en\/#website\"},\"primaryImageOfPage\":{\"@id\":\"https:\/\/melaniedubois.com\/fr\/what-you-should-definitely-check-before-buying-a-condominium\/#primaryimage\"},\"image\":{\"@id\":\"https:\/\/melaniedubois.com\/fr\/what-you-should-definitely-check-before-buying-a-condominium\/#primaryimage\"},\"thumbnailUrl\":\"https:\/\/mcusercontent.com\/93cd80b45544fad91b6b44d60\/images\/8b0ee152-9590-9eb4-6087-6eea63570a3a.png\",\"datePublished\":\"2021-12-14T14:21:21+00:00\",\"breadcrumb\":{\"@id\":\"https:\/\/melaniedubois.com\/fr\/what-you-should-definitely-check-before-buying-a-condominium\/#breadcrumb\"},\"inLanguage\":\"fr-FR\",\"potentialAction\":[{\"@type\":\"ReadAction\",\"target\":[\"https:\/\/melaniedubois.com\/fr\/what-you-should-definitely-check-before-buying-a-condominium\/\"]}]},{\"@type\":\"ImageObject\",\"inLanguage\":\"fr-FR\",\"@id\":\"https:\/\/melaniedubois.com\/fr\/what-you-should-definitely-check-before-buying-a-condominium\/#primaryimage\",\"url\":\"https:\/\/mcusercontent.com\/93cd80b45544fad91b6b44d60\/images\/8b0ee152-9590-9eb4-6087-6eea63570a3a.png\",\"contentUrl\":\"https:\/\/mcusercontent.com\/93cd80b45544fad91b6b44d60\/images\/8b0ee152-9590-9eb4-6087-6eea63570a3a.png\"},{\"@type\":\"BreadcrumbList\",\"@id\":\"https:\/\/melaniedubois.com\/fr\/what-you-should-definitely-check-before-buying-a-condominium\/#breadcrumb\",\"itemListElement\":[{\"@type\":\"ListItem\",\"position\":1,\"name\":\"Accueil\",\"item\":\"https:\/\/melaniedubois.com\/en\/\"},{\"@type\":\"ListItem\",\"position\":2,\"name\":\"What you should definitely check before buying a condominium\"}]},{\"@type\":\"WebSite\",\"@id\":\"https:\/\/melaniedubois.com\/en\/#website\",\"url\":\"https:\/\/melaniedubois.com\/en\/\",\"name\":\"\u00c9quipe M\u00e9lanie Dubois\",\"description\":\"Courtier immobilier Montr\u00e9al, KW Connexion\",\"potentialAction\":[{\"@type\":\"SearchAction\",\"target\":{\"@type\":\"EntryPoint\",\"urlTemplate\":\"https:\/\/melaniedubois.com\/en\/?s={search_term_string}\"},\"query-input\":{\"@type\":\"PropertyValueSpecification\",\"valueRequired\":true,\"valueName\":\"search_term_string\"}}],\"inLanguage\":\"fr-FR\"}]}<\/script>\n<!-- \/ Yoast SEO plugin. -->","yoast_head_json":{"title":"What you should definitely check before buying a condominium - \u00c9quipe M\u00e9lanie Dubois","robots":{"index":"index","follow":"follow","max-snippet":"max-snippet:-1","max-image-preview":"max-image-preview:large","max-video-preview":"max-video-preview:-1"},"canonical":"https:\/\/melaniedubois.com\/fr\/what-you-should-definitely-check-before-buying-a-condominium\/","og_locale":"fr_FR","og_type":"article","og_title":"What you should definitely check before buying a condominium - \u00c9quipe M\u00e9lanie Dubois","og_description":"You have just visited a condominium, you have a crush. You&rsquo;re thrilled and you rush to make an offer to purchase. But wait! Do you know what actions to take to avoid as many bad surprises as possible in the years to come? The list is long, but we&rsquo;ll share with you the best advice [&hellip;]","og_url":"https:\/\/melaniedubois.com\/fr\/what-you-should-definitely-check-before-buying-a-condominium\/","og_site_name":"\u00c9quipe M\u00e9lanie Dubois","og_image":[{"url":"https:\/\/mcusercontent.com\/93cd80b45544fad91b6b44d60\/images\/8b0ee152-9590-9eb4-6087-6eea63570a3a.png","type":"","width":"","height":""}],"twitter_card":"summary_large_image","twitter_misc":{"Dur\u00e9e de lecture estim\u00e9e":"5 minutes"},"schema":{"@context":"https:\/\/schema.org","@graph":[{"@type":"WebPage","@id":"https:\/\/melaniedubois.com\/fr\/what-you-should-definitely-check-before-buying-a-condominium\/","url":"https:\/\/melaniedubois.com\/fr\/what-you-should-definitely-check-before-buying-a-condominium\/","name":"[:fr]What you should definitely check before buying a condominium[:] - \u00c9quipe M\u00e9lanie Dubois","isPartOf":{"@id":"https:\/\/melaniedubois.com\/en\/#website"},"primaryImageOfPage":{"@id":"https:\/\/melaniedubois.com\/fr\/what-you-should-definitely-check-before-buying-a-condominium\/#primaryimage"},"image":{"@id":"https:\/\/melaniedubois.com\/fr\/what-you-should-definitely-check-before-buying-a-condominium\/#primaryimage"},"thumbnailUrl":"https:\/\/mcusercontent.com\/93cd80b45544fad91b6b44d60\/images\/8b0ee152-9590-9eb4-6087-6eea63570a3a.png","datePublished":"2021-12-14T14:21:21+00:00","breadcrumb":{"@id":"https:\/\/melaniedubois.com\/fr\/what-you-should-definitely-check-before-buying-a-condominium\/#breadcrumb"},"inLanguage":"fr-FR","potentialAction":[{"@type":"ReadAction","target":["https:\/\/melaniedubois.com\/fr\/what-you-should-definitely-check-before-buying-a-condominium\/"]}]},{"@type":"ImageObject","inLanguage":"fr-FR","@id":"https:\/\/melaniedubois.com\/fr\/what-you-should-definitely-check-before-buying-a-condominium\/#primaryimage","url":"https:\/\/mcusercontent.com\/93cd80b45544fad91b6b44d60\/images\/8b0ee152-9590-9eb4-6087-6eea63570a3a.png","contentUrl":"https:\/\/mcusercontent.com\/93cd80b45544fad91b6b44d60\/images\/8b0ee152-9590-9eb4-6087-6eea63570a3a.png"},{"@type":"BreadcrumbList","@id":"https:\/\/melaniedubois.com\/fr\/what-you-should-definitely-check-before-buying-a-condominium\/#breadcrumb","itemListElement":[{"@type":"ListItem","position":1,"name":"Accueil","item":"https:\/\/melaniedubois.com\/en\/"},{"@type":"ListItem","position":2,"name":"What you should definitely check before buying a condominium"}]},{"@type":"WebSite","@id":"https:\/\/melaniedubois.com\/en\/#website","url":"https:\/\/melaniedubois.com\/en\/","name":"\u00c9quipe M\u00e9lanie Dubois","description":"Courtier immobilier Montr\u00e9al, KW Connexion","potentialAction":[{"@type":"SearchAction","target":{"@type":"EntryPoint","urlTemplate":"https:\/\/melaniedubois.com\/en\/?s={search_term_string}"},"query-input":{"@type":"PropertyValueSpecification","valueRequired":true,"valueName":"search_term_string"}}],"inLanguage":"fr-FR"}]}},"_links":{"self":[{"href":"https:\/\/melaniedubois.com\/fr\/wp-json\/wp\/v2\/pages\/2057","targetHints":{"allow":["GET"]}}],"collection":[{"href":"https:\/\/melaniedubois.com\/fr\/wp-json\/wp\/v2\/pages"}],"about":[{"href":"https:\/\/melaniedubois.com\/fr\/wp-json\/wp\/v2\/types\/page"}],"author":[{"embeddable":true,"href":"https:\/\/melaniedubois.com\/fr\/wp-json\/wp\/v2\/users\/742"}],"replies":[{"embeddable":true,"href":"https:\/\/melaniedubois.com\/fr\/wp-json\/wp\/v2\/comments?post=2057"}],"version-history":[{"count":1,"href":"https:\/\/melaniedubois.com\/fr\/wp-json\/wp\/v2\/pages\/2057\/revisions"}],"predecessor-version":[{"id":2058,"href":"https:\/\/melaniedubois.com\/fr\/wp-json\/wp\/v2\/pages\/2057\/revisions\/2058"}],"wp:attachment":[{"href":"https:\/\/melaniedubois.com\/fr\/wp-json\/wp\/v2\/media?parent=2057"}],"curies":[{"name":"wp","href":"https:\/\/api.w.org\/{rel}","templated":true}]}}