{"id":2060,"date":"2021-12-22T17:34:45","date_gmt":"2021-12-22T22:34:45","guid":{"rendered":"http:\/\/melaniedubois.com\/?page_id=2060"},"modified":"2021-12-22T17:34:45","modified_gmt":"2021-12-22T22:34:45","slug":"la-rupture-anticipee-de-mon-hypotheque-sera-t-elle-rentable","status":"publish","type":"page","link":"https:\/\/melaniedubois.com\/fr\/la-rupture-anticipee-de-mon-hypotheque-sera-t-elle-rentable\/","title":{"rendered":"La rupture anticip\u00e9e de mon hypoth\u00e8que sera-t-elle rentable?"},"content":{"rendered":"<p><\/p>\n<p style=\"text-align: justify;\">La faiblesse record des taux cr\u00e9e un dilemme pour de nombreux propri\u00e9taires qui se situent pr\u00e9sentement dans une situation \u00e0 taux hypoth\u00e9caires plus \u00e9lev\u00e9s et qui se questionnent sur la rentabilit\u00e9 de briser leur hypoth\u00e8que et r\u00e9duire leur taux d\u2019int\u00e9r\u00eat. Est-ce judicieux apr\u00e8s avoir pay\u00e9 toutes les p\u00e9nalit\u00e9s li\u00e9es \u00e0 la rupture anticip\u00e9e de l\u2019hypoth\u00e8que\u2009?<\/p>\n<p><img decoding=\"async\" src=\"https:\/\/mcusercontent.com\/93cd80b45544fad91b6b44d60\/images\/ba8ec478-041e-a922-5001-31f27a47de7d.png\" \/><\/p>\n<h2 style=\"text-align: justify;\"><strong>D\u00e9terminer vos objectifs hypoth\u00e9caires<\/strong><\/h2>\n<p style=\"text-align: justify;\">La p\u00e9nalit\u00e9 est un des premiers facteurs \u00e0 prendre en consid\u00e9ration. Il faut avant tout d\u00e9terminer nos besoins r\u00e9els et profiter de l\u2019occasion pour augmenter les liquidit\u00e9s mensuelles ou consolider certaines dettes \u00e0 taux plus \u00e9lev\u00e9s. Un bilan de sant\u00e9 des finances personnelles devrait \u00eatre fait en m\u00eame temps afin de rentabiliser le tout au maximum.<\/p>\n<p style=\"text-align: justify;\">Il peut aussi y avoir un besoin o\u00f9 la rupture d\u2019un pr\u00eat hypoth\u00e9caire peut \u00eatre judicieuse m\u00eame si elle ne permet pas d\u2019\u00e9conomies. Am\u00e9liorer votre \u00ab<em>cashflow\u00bb<\/em> peut \u00eatre une raison valable de briser votre hypoth\u00e8que sans n\u00e9cessairement parler d\u2019\u00e9conomies.<\/p>\n<p style=\"text-align: justify;\">Il est parfois avantageux d\u2019accepter un taux l\u00e9g\u00e8rement plus \u00e9lev\u00e9 si cela signifie une p\u00e9nalit\u00e9 nettement moins \u00e9lev\u00e9e sachant que vous planifiez briser votre hypoth\u00e8que dans les prochaines ann\u00e9es.<\/p>\n<p style=\"text-align: justify;\">En cas de doute, il est imp\u00e9ratif de demander conseil \u00e0 un professionnel qui pourra examiner votre situation financi\u00e8re personnelle, vos besoins et vous proposer la meilleure solution.<\/p>\n<h2 style=\"text-align: justify;\"><strong>Quand rompre votre hypoth\u00e8que<\/strong><\/h2>\n<p style=\"text-align: justify;\">Tout d\u00e9pendant du produit, en variable, le co\u00fbt de la p\u00e9nalit\u00e9 est relativement tr\u00e8s similaire tout au long du terme hypoth\u00e9caire. Pour un produit fixe, le co\u00fbt pourrait ressembler \u00e0 des monts et vall\u00e9es chaque fois qu\u2019on se rapproche de la date d\u2019anniversaire du pr\u00eat.<\/p>\n<p style=\"text-align: justify;\">Il est n\u00e9cessaire de faire des calculs qui peuvent varier au courant d\u2019une m\u00eame p\u00e9riode. Donc, des calculs et une date de transaction rapproch\u00e9e sont fortement recommand\u00e9s. Faire les calculs est la premi\u00e8re \u00e9tape afin de d\u00e9terminer le moment propice pour rompre une hypoth\u00e8que afin de r\u00e9aliser des \u00e9conomies ou un besoin autre. Ceci vous permettra aussi de d\u00e9terminer l\u2019ampleur de vos \u00e9conomies s\u2019il y a lieu.<\/p>\n<h2 style=\"text-align: justify;\"><strong>Avez-vous le droit de rompre votre hypoth\u00e8que?<\/strong><\/h2>\n<p style=\"text-align: justify;\">La majorit\u00e9 des produits hypoth\u00e9caires vont vous permettre de rompre votre hypoth\u00e8que. Soyons francs, une p\u00e9nalit\u00e9 hypoth\u00e9caire pour non-respect d\u2019un contrat profite au cr\u00e9ancier. Il existe par contre certains produits qui vous obligeront \u00e0 renouveler ou \u00e0 refinancer avec ce m\u00eame cr\u00e9ancier et dans le m\u00eame produit pour un nouveau terme de 5 ans. Il est crucial de comprendre son produit hypoth\u00e9caire avant de signer afin de pr\u00e9voir ces \u00e9ventualit\u00e9s. Certains produits peuvent m\u00eame vous emp\u00eacher de vendre \u00e0 un membre de votre famille, informez-vous!<\/p>\n<h2 style=\"text-align: justify;\"><strong>Combien co\u00fbte la rupture d\u2019une hypoth\u00e8que?<\/strong><\/h2>\n<p style=\"text-align: justify;\">Les p\u00e9nalit\u00e9s peuvent varier selon le type de pr\u00eat hypoth\u00e9caire\u00a0: \u00e0 taux variable ou \u00e0 taux fixe. La majorit\u00e9 des taux variables correspondent \u00e0 trois mois d\u2019int\u00e9r\u00eats et en ce qui concerne les taux fixes, il s\u2019agit du plus \u00e9lev\u00e9 entre\u00a0: trois mois d\u2019int\u00e9r\u00eats ou le DTI (Diff\u00e9rentiel de Taux d\u2019Int\u00e9r\u00eat) qui peut varier d\u2019un cr\u00e9ancier \u00e0 l\u2019autre.<\/p>\n<p style=\"text-align: justify;\">Malgr\u00e9 le fait que tous les pr\u00eateurs sont tenus d\u2019afficher leur m\u00e9thode de calcul des p\u00e9nalit\u00e9s sur leur site internet, il est imp\u00e9ratif de confirmer avec son cr\u00e9ancier, car certaines compensations ou remises en argent peuvent \u00eatre propres aux clients et ainsi ajout\u00e9es \u00e0 la p\u00e9nalit\u00e9. Il est important de noter que les p\u00e9nalit\u00e9s sont modifiables sans pr\u00e9avis, donc il faut toujours valider la p\u00e9nalit\u00e9 sp\u00e9cialement \u00e0 la suite des variations de taux.<strong>\u00a0<\/strong><\/p>\n<h2 style=\"text-align: justify;\"><strong>La rupture d\u2019une hypoth\u00e8que fixe entra\u00eene des p\u00e9nalit\u00e9s plus \u00e9lev\u00e9es<\/strong><\/h2>\n<p style=\"text-align: justify;\">Le DTI repr\u00e9sente les int\u00e9r\u00eats perdus par le cr\u00e9ancier lors de la rupture du contrat. Ce calcul peut varier d\u2019un cr\u00e9ancier \u00e0 l\u2019autre. Cela d\u00e9pend du taux contractuel ou du taux affich\u00e9 qui est utilis\u00e9. Ce sont pr\u00e9cis\u00e9ment dans ces situations que les p\u00e9nalit\u00e9s catastrophiques sont observ\u00e9es. Cela varie avec les cr\u00e9anciers et leurs m\u00e9thodes de calcul.<\/p>\n<p style=\"text-align: justify;\">Certains produits restrictifs \u00e0 tr\u00e8s bas taux imposent un calcul de p\u00e9nalit\u00e9 diff\u00e9rent bas\u00e9 sur le solde hypoth\u00e9caire.<\/p>\n<p style=\"text-align: justify;\">Cela dit, le co\u00fbt ne se r\u00e9sume pas toujours au taux. La flexibilit\u00e9 et les frais de rupture moins \u00e9lev\u00e9s devraient \u00eatre une consid\u00e9ration majeure.<\/p>\n<p style=\"text-align: justify;\">Pour ceux qui obtiennent des p\u00e9nalit\u00e9s plus importantes, il est possible de rentabiliser le tout gr\u00e2ce \u00e0 un refinancement au lieu d\u2019un renouvellement en utilisant l\u2019\u00e9quit\u00e9 de la propri\u00e9t\u00e9 pour rembourser la p\u00e9nalit\u00e9.<\/p>\n<p style=\"text-align: justify;\">Devriez-vous rompre pour une hypoth\u00e8que \u00e0 taux fixe ou \u00e0 taux variable\u2009? Tout est une question de calculs, de strat\u00e9gie, de rentabilit\u00e9 et de besoins. Votre courtier hypoth\u00e9caire peut vous guider dans le processus et vous permettre d\u2019y voir clair.<\/p>\n<h2 style=\"text-align: justify;\"><strong>Risques li\u00e9s \u00e0 la rupture d\u2019une hypoth\u00e8que<\/strong><\/h2>\n<p style=\"text-align: justify;\">Outre la p\u00e9nalit\u00e9, qui peut \u00eatre consolid\u00e9e avec un refinancement ou un renouvellement tout d\u00e9pendant du montant impliqu\u00e9, il faut aussi comparer des pommes avec des pommes lors d\u2019une telle strat\u00e9gie. Certains emprunteurs en profitent pour allonger leur amortissement, pensant faire les m\u00eames \u00e9conomies alors qu\u2019ils sabotent compl\u00e8tement la rentabilit\u00e9 d\u2019une telle transaction. Oui, prolonger l\u2019amortissement est une option lorsqu\u2019on souhaite augmenter notre \u00abcash-flow\u00bb, mais rarement rentable lorsque le but est de r\u00e9duire l\u2019int\u00e9r\u00eat pay\u00e9.<\/p>\n<p style=\"text-align: justify;\">Sans oublier le choix du produit et du cr\u00e9ancier qui peut avoir un impact significatif si un changement dans notre situation n\u00e9cessite une vente ou refinancement pendant le terme en cours.<\/p>\n<p>&nbsp;<\/p>\n<p><strong>Source<\/strong>\u00a0: <a href=\"https:\/\/www.lesaffaires.com\/blogues\/malik-yacoubi\/la-rupture-anticipee-de-mon-hypotheque-sera-t-elle-rentable\/629362\">Article de Malik Yacoubi publi\u00e9 sur le site lesaffaires.com le 01 d\u00e9cembre 2021<\/a><\/p>\n<p><strong>Lien : <\/strong><a href=\"https:\/\/www.lesaffaires.com\/blogues\/malik-yacoubi\/la-rupture-anticipee-de-mon-hypotheque-sera-t-elle-rentable\/629362\">https:\/\/www.lesaffaires.com\/blogues\/malik-yacoubi\/la-rupture-anticipee-de-mon-hypotheque-sera-t-elle-rentable\/629362<\/a><\/p>\n<p>&nbsp;<\/p>\n<p>&nbsp;<\/p>\n<p style=\"text-align: center;\">Si vous consid\u00e9rez une rupture d&rsquo;hypoth\u00e8que, contactez-nous!<\/p>\n<p style=\"text-align: center;\">Nous vous mettrons en contact avec un courtier hypoth\u00e9caire qui pourra vous conseiller et vous offrir les meilleurs conditions.<\/p>\n<p><img decoding=\"async\" src=\"https:\/\/mcusercontent.com\/93cd80b45544fad91b6b44d60\/images\/4e6f6591-1108-4326-bdd0-44f74a03ea2b.png\" \/><\/p>","protected":false},"excerpt":{"rendered":"<p>La faiblesse record des taux cr\u00e9e un dilemme pour de nombreux propri\u00e9taires qui se situent pr\u00e9sentement dans une situation \u00e0 taux hypoth\u00e9caires plus \u00e9lev\u00e9s et qui se questionnent sur la rentabilit\u00e9 de briser leur hypoth\u00e8que et r\u00e9duire leur taux d\u2019int\u00e9r\u00eat. Est-ce judicieux apr\u00e8s avoir pay\u00e9 toutes les p\u00e9nalit\u00e9s li\u00e9es \u00e0 la rupture anticip\u00e9e de l\u2019hypoth\u00e8que\u2009? [&hellip;]<\/p>\n","protected":false},"author":742,"featured_media":0,"parent":0,"menu_order":0,"comment_status":"closed","ping_status":"closed","template":"","meta":{"_acf_changed":false,"footnotes":""},"class_list":["post-2060","page","type-page","status-publish","hentry"],"acf":[],"yoast_head":"<!-- This site is optimized with the Yoast SEO plugin v26.7 - https:\/\/yoast.com\/wordpress\/plugins\/seo\/ -->\n<title>La rupture anticip\u00e9e de mon hypoth\u00e8que sera-t-elle rentable? - \u00c9quipe M\u00e9lanie Dubois<\/title>\n<meta name=\"robots\" content=\"index, follow, max-snippet:-1, max-image-preview:large, max-video-preview:-1\" \/>\n<link rel=\"canonical\" href=\"https:\/\/melaniedubois.com\/en\/la-rupture-anticipee-de-mon-hypotheque-sera-t-elle-rentable\/\" \/>\n<meta property=\"og:locale\" content=\"fr_FR\" \/>\n<meta property=\"og:type\" content=\"article\" \/>\n<meta property=\"og:title\" content=\"La rupture anticip\u00e9e de mon hypoth\u00e8que sera-t-elle rentable? - \u00c9quipe M\u00e9lanie Dubois\" \/>\n<meta property=\"og:description\" content=\"La faiblesse record des taux cr\u00e9e un dilemme pour de nombreux propri\u00e9taires qui se situent pr\u00e9sentement dans une situation \u00e0 taux hypoth\u00e9caires plus \u00e9lev\u00e9s et qui se questionnent sur la rentabilit\u00e9 de briser leur hypoth\u00e8que et r\u00e9duire leur taux d\u2019int\u00e9r\u00eat. Est-ce judicieux apr\u00e8s avoir pay\u00e9 toutes les p\u00e9nalit\u00e9s li\u00e9es \u00e0 la rupture anticip\u00e9e de l\u2019hypoth\u00e8que\u2009? [&hellip;]\" \/>\n<meta property=\"og:url\" content=\"https:\/\/melaniedubois.com\/en\/la-rupture-anticipee-de-mon-hypotheque-sera-t-elle-rentable\/\" \/>\n<meta property=\"og:site_name\" content=\"\u00c9quipe M\u00e9lanie Dubois\" \/>\n<meta property=\"og:image\" content=\"https:\/\/mcusercontent.com\/93cd80b45544fad91b6b44d60\/images\/ba8ec478-041e-a922-5001-31f27a47de7d.png\" \/>\n<meta name=\"twitter:card\" content=\"summary_large_image\" \/>\n<meta name=\"twitter:label1\" content=\"Dur\u00e9e de lecture estim\u00e9e\" \/>\n\t<meta name=\"twitter:data1\" content=\"5 minutes\" \/>\n<script type=\"application\/ld+json\" class=\"yoast-schema-graph\">{\"@context\":\"https:\/\/schema.org\",\"@graph\":[{\"@type\":\"WebPage\",\"@id\":\"https:\/\/melaniedubois.com\/en\/la-rupture-anticipee-de-mon-hypotheque-sera-t-elle-rentable\/\",\"url\":\"https:\/\/melaniedubois.com\/en\/la-rupture-anticipee-de-mon-hypotheque-sera-t-elle-rentable\/\",\"name\":\"[:fr]La rupture anticip\u00e9e de mon hypoth\u00e8que sera-t-elle rentable?[:] - \u00c9quipe M\u00e9lanie Dubois\",\"isPartOf\":{\"@id\":\"https:\/\/melaniedubois.com\/en\/#website\"},\"primaryImageOfPage\":{\"@id\":\"https:\/\/melaniedubois.com\/en\/la-rupture-anticipee-de-mon-hypotheque-sera-t-elle-rentable\/#primaryimage\"},\"image\":{\"@id\":\"https:\/\/melaniedubois.com\/en\/la-rupture-anticipee-de-mon-hypotheque-sera-t-elle-rentable\/#primaryimage\"},\"thumbnailUrl\":\"https:\/\/mcusercontent.com\/93cd80b45544fad91b6b44d60\/images\/ba8ec478-041e-a922-5001-31f27a47de7d.png\",\"datePublished\":\"2021-12-22T22:34:45+00:00\",\"breadcrumb\":{\"@id\":\"https:\/\/melaniedubois.com\/en\/la-rupture-anticipee-de-mon-hypotheque-sera-t-elle-rentable\/#breadcrumb\"},\"inLanguage\":\"fr-FR\",\"potentialAction\":[{\"@type\":\"ReadAction\",\"target\":[\"https:\/\/melaniedubois.com\/en\/la-rupture-anticipee-de-mon-hypotheque-sera-t-elle-rentable\/\"]}]},{\"@type\":\"ImageObject\",\"inLanguage\":\"fr-FR\",\"@id\":\"https:\/\/melaniedubois.com\/en\/la-rupture-anticipee-de-mon-hypotheque-sera-t-elle-rentable\/#primaryimage\",\"url\":\"https:\/\/mcusercontent.com\/93cd80b45544fad91b6b44d60\/images\/ba8ec478-041e-a922-5001-31f27a47de7d.png\",\"contentUrl\":\"https:\/\/mcusercontent.com\/93cd80b45544fad91b6b44d60\/images\/ba8ec478-041e-a922-5001-31f27a47de7d.png\"},{\"@type\":\"BreadcrumbList\",\"@id\":\"https:\/\/melaniedubois.com\/en\/la-rupture-anticipee-de-mon-hypotheque-sera-t-elle-rentable\/#breadcrumb\",\"itemListElement\":[{\"@type\":\"ListItem\",\"position\":1,\"name\":\"Accueil\",\"item\":\"https:\/\/melaniedubois.com\/en\/\"},{\"@type\":\"ListItem\",\"position\":2,\"name\":\"(Fran\u00e7ais) La rupture anticip\u00e9e de mon hypoth\u00e8que sera-t-elle rentable?\"}]},{\"@type\":\"WebSite\",\"@id\":\"https:\/\/melaniedubois.com\/en\/#website\",\"url\":\"https:\/\/melaniedubois.com\/en\/\",\"name\":\"\u00c9quipe M\u00e9lanie Dubois\",\"description\":\"Courtier immobilier Montr\u00e9al, KW Connexion\",\"potentialAction\":[{\"@type\":\"SearchAction\",\"target\":{\"@type\":\"EntryPoint\",\"urlTemplate\":\"https:\/\/melaniedubois.com\/en\/?s={search_term_string}\"},\"query-input\":{\"@type\":\"PropertyValueSpecification\",\"valueRequired\":true,\"valueName\":\"search_term_string\"}}],\"inLanguage\":\"fr-FR\"}]}<\/script>\n<!-- \/ Yoast SEO plugin. -->","yoast_head_json":{"title":"La rupture anticip\u00e9e de mon hypoth\u00e8que sera-t-elle rentable? - \u00c9quipe M\u00e9lanie Dubois","robots":{"index":"index","follow":"follow","max-snippet":"max-snippet:-1","max-image-preview":"max-image-preview:large","max-video-preview":"max-video-preview:-1"},"canonical":"https:\/\/melaniedubois.com\/en\/la-rupture-anticipee-de-mon-hypotheque-sera-t-elle-rentable\/","og_locale":"fr_FR","og_type":"article","og_title":"La rupture anticip\u00e9e de mon hypoth\u00e8que sera-t-elle rentable? - \u00c9quipe M\u00e9lanie Dubois","og_description":"La faiblesse record des taux cr\u00e9e un dilemme pour de nombreux propri\u00e9taires qui se situent pr\u00e9sentement dans une situation \u00e0 taux hypoth\u00e9caires plus \u00e9lev\u00e9s et qui se questionnent sur la rentabilit\u00e9 de briser leur hypoth\u00e8que et r\u00e9duire leur taux d\u2019int\u00e9r\u00eat. Est-ce judicieux apr\u00e8s avoir pay\u00e9 toutes les p\u00e9nalit\u00e9s li\u00e9es \u00e0 la rupture anticip\u00e9e de l\u2019hypoth\u00e8que\u2009? [&hellip;]","og_url":"https:\/\/melaniedubois.com\/en\/la-rupture-anticipee-de-mon-hypotheque-sera-t-elle-rentable\/","og_site_name":"\u00c9quipe M\u00e9lanie Dubois","og_image":[{"url":"https:\/\/mcusercontent.com\/93cd80b45544fad91b6b44d60\/images\/ba8ec478-041e-a922-5001-31f27a47de7d.png","type":"","width":"","height":""}],"twitter_card":"summary_large_image","twitter_misc":{"Dur\u00e9e de lecture estim\u00e9e":"5 minutes"},"schema":{"@context":"https:\/\/schema.org","@graph":[{"@type":"WebPage","@id":"https:\/\/melaniedubois.com\/en\/la-rupture-anticipee-de-mon-hypotheque-sera-t-elle-rentable\/","url":"https:\/\/melaniedubois.com\/en\/la-rupture-anticipee-de-mon-hypotheque-sera-t-elle-rentable\/","name":"[:fr]La rupture anticip\u00e9e de mon hypoth\u00e8que sera-t-elle rentable?[:] - \u00c9quipe M\u00e9lanie Dubois","isPartOf":{"@id":"https:\/\/melaniedubois.com\/en\/#website"},"primaryImageOfPage":{"@id":"https:\/\/melaniedubois.com\/en\/la-rupture-anticipee-de-mon-hypotheque-sera-t-elle-rentable\/#primaryimage"},"image":{"@id":"https:\/\/melaniedubois.com\/en\/la-rupture-anticipee-de-mon-hypotheque-sera-t-elle-rentable\/#primaryimage"},"thumbnailUrl":"https:\/\/mcusercontent.com\/93cd80b45544fad91b6b44d60\/images\/ba8ec478-041e-a922-5001-31f27a47de7d.png","datePublished":"2021-12-22T22:34:45+00:00","breadcrumb":{"@id":"https:\/\/melaniedubois.com\/en\/la-rupture-anticipee-de-mon-hypotheque-sera-t-elle-rentable\/#breadcrumb"},"inLanguage":"fr-FR","potentialAction":[{"@type":"ReadAction","target":["https:\/\/melaniedubois.com\/en\/la-rupture-anticipee-de-mon-hypotheque-sera-t-elle-rentable\/"]}]},{"@type":"ImageObject","inLanguage":"fr-FR","@id":"https:\/\/melaniedubois.com\/en\/la-rupture-anticipee-de-mon-hypotheque-sera-t-elle-rentable\/#primaryimage","url":"https:\/\/mcusercontent.com\/93cd80b45544fad91b6b44d60\/images\/ba8ec478-041e-a922-5001-31f27a47de7d.png","contentUrl":"https:\/\/mcusercontent.com\/93cd80b45544fad91b6b44d60\/images\/ba8ec478-041e-a922-5001-31f27a47de7d.png"},{"@type":"BreadcrumbList","@id":"https:\/\/melaniedubois.com\/en\/la-rupture-anticipee-de-mon-hypotheque-sera-t-elle-rentable\/#breadcrumb","itemListElement":[{"@type":"ListItem","position":1,"name":"Accueil","item":"https:\/\/melaniedubois.com\/en\/"},{"@type":"ListItem","position":2,"name":"(Fran\u00e7ais) La rupture anticip\u00e9e de mon hypoth\u00e8que sera-t-elle rentable?"}]},{"@type":"WebSite","@id":"https:\/\/melaniedubois.com\/en\/#website","url":"https:\/\/melaniedubois.com\/en\/","name":"\u00c9quipe M\u00e9lanie Dubois","description":"Courtier immobilier Montr\u00e9al, KW Connexion","potentialAction":[{"@type":"SearchAction","target":{"@type":"EntryPoint","urlTemplate":"https:\/\/melaniedubois.com\/en\/?s={search_term_string}"},"query-input":{"@type":"PropertyValueSpecification","valueRequired":true,"valueName":"search_term_string"}}],"inLanguage":"fr-FR"}]}},"_links":{"self":[{"href":"https:\/\/melaniedubois.com\/fr\/wp-json\/wp\/v2\/pages\/2060","targetHints":{"allow":["GET"]}}],"collection":[{"href":"https:\/\/melaniedubois.com\/fr\/wp-json\/wp\/v2\/pages"}],"about":[{"href":"https:\/\/melaniedubois.com\/fr\/wp-json\/wp\/v2\/types\/page"}],"author":[{"embeddable":true,"href":"https:\/\/melaniedubois.com\/fr\/wp-json\/wp\/v2\/users\/742"}],"replies":[{"embeddable":true,"href":"https:\/\/melaniedubois.com\/fr\/wp-json\/wp\/v2\/comments?post=2060"}],"version-history":[{"count":2,"href":"https:\/\/melaniedubois.com\/fr\/wp-json\/wp\/v2\/pages\/2060\/revisions"}],"predecessor-version":[{"id":2064,"href":"https:\/\/melaniedubois.com\/fr\/wp-json\/wp\/v2\/pages\/2060\/revisions\/2064"}],"wp:attachment":[{"href":"https:\/\/melaniedubois.com\/fr\/wp-json\/wp\/v2\/media?parent=2060"}],"curies":[{"name":"wp","href":"https:\/\/api.w.org\/{rel}","templated":true}]}}