{"id":2072,"date":"2021-12-23T06:58:06","date_gmt":"2021-12-23T11:58:06","guid":{"rendered":"http:\/\/melaniedubois.com\/?page_id=2072"},"modified":"2025-03-10T09:34:18","modified_gmt":"2025-03-10T13:34:18","slug":"partenaires-daffaires","status":"publish","type":"page","link":"https:\/\/melaniedubois.com\/fr\/partenaires-daffaires\/","title":{"rendered":"Partenaires d&rsquo;affaires"},"content":{"rendered":"<p><\/p>\n<h2 style=\"text-align: center;\">NOS PARTENAIRES<\/h2>\n<h4>Trouver une entreprise recommand\u00e9e sur <em><a href=\"https:\/\/www.caaquebec.com\/fr\/a-la-maison\/entreprises-recommandees\">CAA Qu\u00e9bec<\/a>\u00a0<\/em><\/h4>\n<h4><a href=\"http:\/\/melaniedubois.com\/architectes\/\">Architectes<\/a><\/h4>\n<h4><a href=\"http:\/\/melaniedubois.com\/avocats\/\">Avocats<\/a><\/h4>\n<h4><a href=\"http:\/\/melaniedubois.com\/avocats-droit-familial\/\">Avocats \u2013 Droit familial<\/a><\/h4>\n<h4><a href=\"http:\/\/melaniedubois.com\/arpenteurs-et-ingenieurs\/\">Arpenteurs et Ing\u00e9nieurs<\/a><\/h4>\n<h4><a href=\"http:\/\/melaniedubois.com\/assurances-dommages\/\">Assurances dommages<\/a><\/h4>\n<h4><a href=\"http:\/\/melaniedubois.com\/comptabilite-non-residents-canadiens\/\">Comptabilit\u00e9 pour les non-r\u00e9sidents Canadiens<\/a><\/h4>\n<h4><a href=\"http:\/\/melaniedubois.com\/contracteur-general\/\">Contracteur g\u00e9n\u00e9ral<\/a><\/h4>\n<h4><a href=\"http:\/\/melaniedubois.com\/comptoirs\/\">Comptoirs<\/a><\/h4>\n<h4><a href=\"http:\/\/melaniedubois.com\/mortgage-broker\/\">Courtier Hypoth\u00e9caire<\/a><\/h4>\n<h4><a href=\"http:\/\/melaniedubois.com\/cuisines-et-salle-de-bains\/\">Cuisines et salle de bains<\/a><\/h4>\n<h4><a href=\"http:\/\/melaniedubois.com\/demenageurs\/\">D\u00e9m\u00e9nageurs<\/a><\/h4>\n<h4><a href=\"http:\/\/melaniedubois.com\/designer-dinterieur\/\">Designer d\u2019int\u00e9rieur<\/a><\/h4>\n<h4><a href=\"http:\/\/melaniedubois.com\/english-drones\/\">Drones<\/a><\/h4>\n<h4><a href=\"http:\/\/melaniedubois.com\/ebeniste\/\">\u00c9b\u00e9niste<\/a><\/h4>\n<h4><a href=\"http:\/\/melaniedubois.com\/electriciens\/\">\u00c9lectriciens<\/a><\/h4>\n<h4><a href=\"http:\/\/melaniedubois.com\/electromenagers\/\">\u00c9lectrom\u00e9nagers<\/a><\/h4>\n<h4><a href=\"http:\/\/melaniedubois.com\/evaluateur-agree\/\">\u00c9valuateur agr\u00e9\u00e9<\/a><\/h4>\n<h4><a href=\"http:\/\/melaniedubois.com\/extermination\/\">Extermination<\/a><\/h4>\n<h4><a href=\"http:\/\/melaniedubois.com\/fondations\/\">Fondations<\/a><\/h4>\n<h4><a href=\"http:\/\/melaniedubois.com\/homme-a-tout-faire\/\">Homme \u00e0 tout faire<\/a><\/h4>\n<h4><a href=\"http:\/\/melaniedubois.com\/home-staging\/\">Home staging<\/a><\/h4>\n<h4><a href=\"http:\/\/melaniedubois.com\/inspecteurs-en-batiment\/\">Inspecteurs en\u00a0b\u00e2timent<\/a><\/h4>\n<h4><a href=\"http:\/\/melaniedubois.com\/menage\/\">M\u00e9nage<\/a><\/h4>\n<h4><a href=\"http:\/\/melaniedubois.com\/notaires\/\">Notaires<\/a><\/h4>\n<h4><a href=\"http:\/\/melaniedubois.com\/paysagiste\/\">Paysagiste<\/a><\/h4>\n<h4><a href=\"http:\/\/melaniedubois.com\/peintres\/\">Peintres<\/a><\/h4>\n<h4><a href=\"http:\/\/melaniedubois.com\/planchers\/\">Planchers<\/a><\/h4>\n<h4><a href=\"http:\/\/melaniedubois.com\/plombiers\/\">Plombiers<\/a><\/h4>\n<h4><a href=\"http:\/\/melaniedubois.com\/portes-et-fenetres-vitriers\/\">Portes et Fen\u00eatres \/ Vitriers<\/a><\/h4>\n<h4><a href=\"http:\/\/melaniedubois.com\/pyrite-amiante-vermicullite\/\">Pyrite, Amiante, Vermicullite<\/a><\/h4>\n<h4><a href=\"http:\/\/melaniedubois.com\/ventilation\/\">Ventilation<\/a><\/h4>\n<p>&nbsp;<\/p>","protected":false},"excerpt":{"rendered":"<p>NOS PARTENAIRES Trouver une entreprise recommand\u00e9e sur CAA Qu\u00e9bec\u00a0 Architectes Avocats Avocats \u2013 Droit familial Arpenteurs et Ing\u00e9nieurs Assurances dommages Comptabilit\u00e9 pour les non-r\u00e9sidents Canadiens Contracteur g\u00e9n\u00e9ral Comptoirs Courtier Hypoth\u00e9caire Cuisines et salle de bains D\u00e9m\u00e9nageurs Designer d\u2019int\u00e9rieur Drones \u00c9b\u00e9niste \u00c9lectriciens \u00c9lectrom\u00e9nagers \u00c9valuateur agr\u00e9\u00e9 Extermination Fondations Homme \u00e0 tout faire Home staging Inspecteurs en\u00a0b\u00e2timent M\u00e9nage [&hellip;]<\/p>\n","protected":false},"author":742,"featured_media":0,"parent":0,"menu_order":0,"comment_status":"closed","ping_status":"closed","template":"page-templates\/advanced_page.php","meta":{"_acf_changed":false,"footnotes":""},"class_list":["post-2072","page","type-page","status-publish","hentry"],"acf":[],"yoast_head":"<!-- This site is optimized with the Yoast SEO plugin v26.7 - https:\/\/yoast.com\/wordpress\/plugins\/seo\/ -->\n<title>Partenaires d&#039;affaires - \u00c9quipe M\u00e9lanie Dubois<\/title>\n<meta name=\"robots\" content=\"index, follow, max-snippet:-1, max-image-preview:large, max-video-preview:-1\" \/>\n<link rel=\"canonical\" href=\"https:\/\/melaniedubois.com\/fr\/partenaires-daffaires\/\" \/>\n<meta property=\"og:locale\" content=\"fr_FR\" \/>\n<meta property=\"og:type\" content=\"article\" \/>\n<meta property=\"og:title\" content=\"Partenaires d&#039;affaires - \u00c9quipe M\u00e9lanie Dubois\" \/>\n<meta property=\"og:description\" content=\"NOS PARTENAIRES Trouver une entreprise recommand\u00e9e sur CAA Qu\u00e9bec\u00a0 Architectes Avocats Avocats \u2013 Droit familial Arpenteurs et Ing\u00e9nieurs Assurances dommages Comptabilit\u00e9 pour les non-r\u00e9sidents Canadiens Contracteur g\u00e9n\u00e9ral Comptoirs Courtier Hypoth\u00e9caire Cuisines et salle de bains D\u00e9m\u00e9nageurs Designer d\u2019int\u00e9rieur Drones \u00c9b\u00e9niste \u00c9lectriciens \u00c9lectrom\u00e9nagers \u00c9valuateur agr\u00e9\u00e9 Extermination Fondations Homme \u00e0 tout faire Home staging Inspecteurs en\u00a0b\u00e2timent M\u00e9nage [&hellip;]\" \/>\n<meta property=\"og:url\" content=\"https:\/\/melaniedubois.com\/fr\/partenaires-daffaires\/\" \/>\n<meta property=\"og:site_name\" content=\"\u00c9quipe M\u00e9lanie Dubois\" \/>\n<meta property=\"article:modified_time\" content=\"2025-03-10T13:34:18+00:00\" \/>\n<meta property=\"og:image\" content=\"https:\/\/melaniedubois.com\/files\/2023\/09\/Melanie-Dubois_Partage.png\" \/>\n\t<meta property=\"og:image:width\" content=\"683\" \/>\n\t<meta property=\"og:image:height\" content=\"351\" \/>\n\t<meta property=\"og:image:type\" content=\"image\/png\" \/>\n<meta name=\"twitter:card\" content=\"summary_large_image\" \/>\n<meta name=\"twitter:label1\" content=\"Dur\u00e9e de lecture estim\u00e9e\" \/>\n\t<meta name=\"twitter:data1\" content=\"1 minute\" \/>\n<script type=\"application\/ld+json\" class=\"yoast-schema-graph\">{\"@context\":\"https:\/\/schema.org\",\"@graph\":[{\"@type\":\"WebPage\",\"@id\":\"https:\/\/melaniedubois.com\/fr\/partenaires-daffaires\/\",\"url\":\"https:\/\/melaniedubois.com\/fr\/partenaires-daffaires\/\",\"name\":\"[:fr]Partenaires d'affaires[:en]Our partners[:] - \u00c9quipe M\u00e9lanie Dubois\",\"isPartOf\":{\"@id\":\"https:\/\/melaniedubois.com\/fr\/#website\"},\"datePublished\":\"2021-12-23T11:58:06+00:00\",\"dateModified\":\"2025-03-10T13:34:18+00:00\",\"breadcrumb\":{\"@id\":\"https:\/\/melaniedubois.com\/fr\/partenaires-daffaires\/#breadcrumb\"},\"inLanguage\":\"fr-FR\",\"potentialAction\":[{\"@type\":\"ReadAction\",\"target\":[\"https:\/\/melaniedubois.com\/fr\/partenaires-daffaires\/\"]}]},{\"@type\":\"BreadcrumbList\",\"@id\":\"https:\/\/melaniedubois.com\/fr\/partenaires-daffaires\/#breadcrumb\",\"itemListElement\":[{\"@type\":\"ListItem\",\"position\":1,\"name\":\"Accueil\",\"item\":\"https:\/\/melaniedubois.com\/fr\/\"},{\"@type\":\"ListItem\",\"position\":2,\"name\":\"Partenaires d&rsquo;affaires\"}]},{\"@type\":\"WebSite\",\"@id\":\"https:\/\/melaniedubois.com\/fr\/#website\",\"url\":\"https:\/\/melaniedubois.com\/fr\/\",\"name\":\"\u00c9quipe M\u00e9lanie Dubois\",\"description\":\"Courtier immobilier Montr\u00e9al, KW Connexion\",\"potentialAction\":[{\"@type\":\"SearchAction\",\"target\":{\"@type\":\"EntryPoint\",\"urlTemplate\":\"https:\/\/melaniedubois.com\/fr\/?s={search_term_string}\"},\"query-input\":{\"@type\":\"PropertyValueSpecification\",\"valueRequired\":true,\"valueName\":\"search_term_string\"}}],\"inLanguage\":\"fr-FR\"}]}<\/script>\n<!-- \/ Yoast SEO plugin. -->","yoast_head_json":{"title":"Partenaires d'affaires - \u00c9quipe M\u00e9lanie Dubois","robots":{"index":"index","follow":"follow","max-snippet":"max-snippet:-1","max-image-preview":"max-image-preview:large","max-video-preview":"max-video-preview:-1"},"canonical":"https:\/\/melaniedubois.com\/fr\/partenaires-daffaires\/","og_locale":"fr_FR","og_type":"article","og_title":"Partenaires d'affaires - \u00c9quipe M\u00e9lanie Dubois","og_description":"NOS PARTENAIRES Trouver une entreprise recommand\u00e9e sur CAA Qu\u00e9bec\u00a0 Architectes Avocats Avocats \u2013 Droit familial Arpenteurs et Ing\u00e9nieurs Assurances dommages Comptabilit\u00e9 pour les non-r\u00e9sidents Canadiens Contracteur g\u00e9n\u00e9ral Comptoirs Courtier Hypoth\u00e9caire Cuisines et salle de bains D\u00e9m\u00e9nageurs Designer d\u2019int\u00e9rieur Drones \u00c9b\u00e9niste \u00c9lectriciens \u00c9lectrom\u00e9nagers \u00c9valuateur agr\u00e9\u00e9 Extermination Fondations Homme \u00e0 tout faire Home staging Inspecteurs en\u00a0b\u00e2timent M\u00e9nage [&hellip;]","og_url":"https:\/\/melaniedubois.com\/fr\/partenaires-daffaires\/","og_site_name":"\u00c9quipe M\u00e9lanie Dubois","article_modified_time":"2025-03-10T13:34:18+00:00","og_image":[{"width":683,"height":351,"url":"https:\/\/melaniedubois.com\/files\/2023\/09\/Melanie-Dubois_Partage.png","type":"image\/png"}],"twitter_card":"summary_large_image","twitter_misc":{"Dur\u00e9e de lecture estim\u00e9e":"1 minute"},"schema":{"@context":"https:\/\/schema.org","@graph":[{"@type":"WebPage","@id":"https:\/\/melaniedubois.com\/fr\/partenaires-daffaires\/","url":"https:\/\/melaniedubois.com\/fr\/partenaires-daffaires\/","name":"[:fr]Partenaires d'affaires[:en]Our partners[:] - \u00c9quipe M\u00e9lanie Dubois","isPartOf":{"@id":"https:\/\/melaniedubois.com\/fr\/#website"},"datePublished":"2021-12-23T11:58:06+00:00","dateModified":"2025-03-10T13:34:18+00:00","breadcrumb":{"@id":"https:\/\/melaniedubois.com\/fr\/partenaires-daffaires\/#breadcrumb"},"inLanguage":"fr-FR","potentialAction":[{"@type":"ReadAction","target":["https:\/\/melaniedubois.com\/fr\/partenaires-daffaires\/"]}]},{"@type":"BreadcrumbList","@id":"https:\/\/melaniedubois.com\/fr\/partenaires-daffaires\/#breadcrumb","itemListElement":[{"@type":"ListItem","position":1,"name":"Accueil","item":"https:\/\/melaniedubois.com\/fr\/"},{"@type":"ListItem","position":2,"name":"Partenaires d&rsquo;affaires"}]},{"@type":"WebSite","@id":"https:\/\/melaniedubois.com\/fr\/#website","url":"https:\/\/melaniedubois.com\/fr\/","name":"\u00c9quipe M\u00e9lanie Dubois","description":"Courtier immobilier Montr\u00e9al, KW Connexion","potentialAction":[{"@type":"SearchAction","target":{"@type":"EntryPoint","urlTemplate":"https:\/\/melaniedubois.com\/fr\/?s={search_term_string}"},"query-input":{"@type":"PropertyValueSpecification","valueRequired":true,"valueName":"search_term_string"}}],"inLanguage":"fr-FR"}]}},"_links":{"self":[{"href":"https:\/\/melaniedubois.com\/fr\/wp-json\/wp\/v2\/pages\/2072","targetHints":{"allow":["GET"]}}],"collection":[{"href":"https:\/\/melaniedubois.com\/fr\/wp-json\/wp\/v2\/pages"}],"about":[{"href":"https:\/\/melaniedubois.com\/fr\/wp-json\/wp\/v2\/types\/page"}],"author":[{"embeddable":true,"href":"https:\/\/melaniedubois.com\/fr\/wp-json\/wp\/v2\/users\/742"}],"replies":[{"embeddable":true,"href":"https:\/\/melaniedubois.com\/fr\/wp-json\/wp\/v2\/comments?post=2072"}],"version-history":[{"count":3,"href":"https:\/\/melaniedubois.com\/fr\/wp-json\/wp\/v2\/pages\/2072\/revisions"}],"predecessor-version":[{"id":2530,"href":"https:\/\/melaniedubois.com\/fr\/wp-json\/wp\/v2\/pages\/2072\/revisions\/2530"}],"wp:attachment":[{"href":"https:\/\/melaniedubois.com\/fr\/wp-json\/wp\/v2\/media?parent=2072"}],"curies":[{"name":"wp","href":"https:\/\/api.w.org\/{rel}","templated":true}]}}