{"id":2196,"date":"2022-01-12T11:45:49","date_gmt":"2022-01-12T16:45:49","guid":{"rendered":"http:\/\/melaniedubois.com\/?page_id=2196"},"modified":"2022-01-12T11:45:49","modified_gmt":"2022-01-12T16:45:49","slug":"comment-determiner-la-valeur-de-ma-maison","status":"publish","type":"page","link":"https:\/\/melaniedubois.com\/fr\/comment-determiner-la-valeur-de-ma-maison\/","title":{"rendered":"Comment d\u00e9terminer la valeur de ma maison ?"},"content":{"rendered":"<p><\/p>\n<p style=\"text-align: justify;\">Le d\u00e9but du mois de janvier est souvent un moment pris\u00e9 pour prendre des d\u00e9cisions d\u2019importance, \u00e0 l\u2019aube d\u2019une nouvelle ann\u00e9e. En plus du classique \u00ab\u00a0perdre du poids\u00a0\u00bb, l\u2019achat d\u2019une nouvelle maison ou d\u2019un condo convenant davantage \u00e0 la famille est l\u2019un des projets qui revient souvent.<\/p>\n<p><img decoding=\"async\" src=\"https:\/\/mcusercontent.com\/93cd80b45544fad91b6b44d60\/images\/49958cca-2907-3577-7a4e-e348cdec2f11.png\" \/><\/p>\n<p style=\"text-align: justify;\">Le d\u00e9fi auquel les gens font face est de d\u00e9terminer le montant qu\u2019ils pourraient avoir pour leur maison ou condo.<\/p>\n<p style=\"text-align: justify;\">Plusieurs se basent sur la valeur municipale, qui est, \u00e0 mon avis, une mesure inad\u00e9quate. En effet, cette donn\u00e9e ne vous procure pas la vraie valeur marchande d\u2019un immeuble surtout si les prix ont augment\u00e9 en fou comme nous en avons \u00e9t\u00e9 t\u00e9moins dans les derni\u00e8res ann\u00e9es.<\/p>\n<p style=\"text-align: justify;\">Alors que faire ?<\/p>\n<p style=\"text-align: justify;\">Voici quelques pistes de solution pour vous.<\/p>\n<h2 style=\"text-align: justify;\"><strong>1. \u00c9valuateur<\/strong><\/h2>\n<p style=\"text-align: justify;\">Le r\u00f4le de l\u2019\u00e9valuateur est de vous donner la valeur de votre r\u00e9sidence \u00e0 un moment pr\u00e9cis dans le temps.<\/p>\n<p style=\"text-align: justify;\">Il visitera autant l\u2019int\u00e9rieur que l\u2019ext\u00e9rieur de la propri\u00e9t\u00e9.<\/p>\n<p style=\"text-align: justify;\">C\u2019est l\u2019expert en la mati\u00e8re, il vous en co\u00fbtera environ 400 \u00e0 600\u00a0dollars pour ses services.<\/p>\n<p style=\"text-align: justify;\">Il faut \u00e9galement pr\u00e9voir quelques semaines de d\u00e9lai pour obtenir le rapport qui pourra par la suite vous servir lors de la vente avec un acheteur futur.<\/p>\n<h2 style=\"text-align: justify;\"><strong>2. Courtier immobilier<\/strong><\/h2>\n<p style=\"text-align: justify;\">Le courtier immobilier est en mesure de vous fournir de fa\u00e7on assez pr\u00e9cise la valeur marchande de votre propri\u00e9t\u00e9. Si vous faites visiter votre propri\u00e9t\u00e9 par plus d\u2019un courtier et que la valeur n\u2019est pas la m\u00eame, faites attention \u00e0 ne pas vous fier seulement \u00e0 l\u2019estimation la plus \u00e9lev\u00e9e. Demandez \u00e0 voir les comparables utilis\u00e9s pour mieux comprendre sa valeur marchande. Bien qu\u2019il n\u2019y ait pas de frais \u00e0 d\u00e9bourser aupr\u00e8s du courtier pour ce service, il esp\u00e8re que vous choisirez de vendre votre propri\u00e9t\u00e9 avec lui.<\/p>\n<h2 style=\"text-align: justify;\"><strong>3. Les sites internet<\/strong><\/h2>\n<p style=\"text-align: justify;\">En \u00e9crivant dans votre moteur de recherche sur internet\u00a0: \u00ab\u00a0Combien vaut ma maison ?\u00a0\u00bb, vous vous retrouverez avec une tonne de r\u00e9sultats vous offrant gratuitement d\u2019\u00e9valuer la valeur de votre maison. Pourquoi ? C\u2019est une m\u00e9thode utilis\u00e9e pour obtenir des listes de contacts potentiels pour les courtiers immobiliers. Normalement, le courtier indiquera dans le bas de page du site internet qu\u2019il est courtier immobilier. Est-ce qu\u2019il y a un probl\u00e8me \u00e0 utiliser ces sites ? Non, pas du tout. N\u00e9anmoins, assurez-vous simplement de ne pas remplir 10\u00a0demandes, car vous allez faire travailler plusieurs personnes pour rien.<\/p>\n<h2 style=\"text-align: justify;\"><strong>4. Sites sp\u00e9cialis\u00e9s<\/strong><\/h2>\n<p style=\"text-align: justify;\">Certains sites sp\u00e9cialis\u00e9s pour obtenir les comparables tels que JLR, Mon Prospecteur et Matrix sont souvent utilis\u00e9s par les professionnels du domaine et non M. et M<sup>me<\/sup>\u00a0Tout-le-Monde.<\/p>\n<h2 style=\"text-align: center;\"><strong>Conseils<\/strong><\/h2>\n<ul>\n<li style=\"text-align: justify;\">Ne vous lancez pas dans la vente de votre maison sans avoir une id\u00e9e de sa valeur marchande.<\/li>\n<li style=\"text-align: justify;\">N\u2019oubliez pas que l\u2019offre et la demande dans votre r\u00e9gion influencent beaucoup la valeur de votre propri\u00e9t\u00e9 et cela varie d\u2019ann\u00e9e en ann\u00e9e.<\/li>\n<li style=\"text-align: justify;\">La valeur municipale est \u00e0 proscrire pour d\u00e9terminer votre prix de vente.<\/li>\n<li style=\"text-align: justify;\">Le co\u00fbt pour obtenir une \u00e9valuation est minime comparativement au prix de vente des maisons.<\/li>\n<\/ul>\n<p>&nbsp;<\/p>\n<p><strong>Source<\/strong> : <a href=\"https:\/\/www.journaldemontreal.com\/2022\/01\/06\/comment-determiner-la-valeur-de-ma-maison\">Article de Ghislain Larochelle publi\u00e9 sur le site journaldemontreal.com le 6 Janvier 2022<\/a><\/p>\n<p><strong>Lien :<\/strong> <a href=\"https:\/\/www.journaldemontreal.com\/2022\/01\/06\/comment-determiner-la-valeur-de-ma-maison\">https:\/\/www.journaldemontreal.com\/2022\/01\/06\/comment-determiner-la-valeur-de-ma-maison<\/a><\/p>\n<p>&nbsp;<\/p>\n<p>&nbsp;<\/p>\n<p style=\"text-align: center;\">Vous voulez gardez un oeil sur le march\u00e9 et sur votre investissement ?<\/p>\n<p style=\"text-align: center;\">Nous pouvons p\u00e9riodiquement vous envoyer les ventes dans votre secteur.<\/p>\n<p style=\"text-align: center;\">C&rsquo;est GRATUIT! Aucune obligation de votre part.<\/p>\n<p><img decoding=\"async\" src=\"https:\/\/mcusercontent.com\/93cd80b45544fad91b6b44d60\/images\/4e6f6591-1108-4326-bdd0-44f74a03ea2b.png\" \/><\/p>","protected":false},"excerpt":{"rendered":"<p>Le d\u00e9but du mois de janvier est souvent un moment pris\u00e9 pour prendre des d\u00e9cisions d\u2019importance, \u00e0 l\u2019aube d\u2019une nouvelle ann\u00e9e. En plus du classique \u00ab\u00a0perdre du poids\u00a0\u00bb, l\u2019achat d\u2019une nouvelle maison ou d\u2019un condo convenant davantage \u00e0 la famille est l\u2019un des projets qui revient souvent. Le d\u00e9fi auquel les gens font face est [&hellip;]<\/p>\n","protected":false},"author":742,"featured_media":0,"parent":0,"menu_order":0,"comment_status":"closed","ping_status":"closed","template":"","meta":{"_acf_changed":false,"footnotes":""},"class_list":["post-2196","page","type-page","status-publish","hentry"],"acf":[],"yoast_head":"<!-- This site is optimized with the Yoast SEO plugin v26.7 - https:\/\/yoast.com\/wordpress\/plugins\/seo\/ -->\n<title>Comment d\u00e9terminer la valeur de ma maison ? - \u00c9quipe M\u00e9lanie Dubois<\/title>\n<meta name=\"robots\" content=\"index, follow, max-snippet:-1, max-image-preview:large, max-video-preview:-1\" \/>\n<link rel=\"canonical\" href=\"https:\/\/melaniedubois.com\/fr\/comment-determiner-la-valeur-de-ma-maison\/\" \/>\n<meta property=\"og:locale\" content=\"fr_FR\" \/>\n<meta property=\"og:type\" content=\"article\" \/>\n<meta property=\"og:title\" content=\"Comment d\u00e9terminer la valeur de ma maison ? - \u00c9quipe M\u00e9lanie Dubois\" \/>\n<meta property=\"og:description\" content=\"Le d\u00e9but du mois de janvier est souvent un moment pris\u00e9 pour prendre des d\u00e9cisions d\u2019importance, \u00e0 l\u2019aube d\u2019une nouvelle ann\u00e9e. En plus du classique \u00ab\u00a0perdre du poids\u00a0\u00bb, l\u2019achat d\u2019une nouvelle maison ou d\u2019un condo convenant davantage \u00e0 la famille est l\u2019un des projets qui revient souvent. Le d\u00e9fi auquel les gens font face est [&hellip;]\" \/>\n<meta property=\"og:url\" content=\"https:\/\/melaniedubois.com\/fr\/comment-determiner-la-valeur-de-ma-maison\/\" \/>\n<meta property=\"og:site_name\" content=\"\u00c9quipe M\u00e9lanie Dubois\" \/>\n<meta property=\"og:image\" content=\"https:\/\/mcusercontent.com\/93cd80b45544fad91b6b44d60\/images\/49958cca-2907-3577-7a4e-e348cdec2f11.png\" \/>\n<meta name=\"twitter:card\" content=\"summary_large_image\" \/>\n<meta name=\"twitter:label1\" content=\"Dur\u00e9e de lecture estim\u00e9e\" \/>\n\t<meta name=\"twitter:data1\" content=\"3 minutes\" \/>\n<script type=\"application\/ld+json\" class=\"yoast-schema-graph\">{\"@context\":\"https:\/\/schema.org\",\"@graph\":[{\"@type\":\"WebPage\",\"@id\":\"https:\/\/melaniedubois.com\/fr\/comment-determiner-la-valeur-de-ma-maison\/\",\"url\":\"https:\/\/melaniedubois.com\/fr\/comment-determiner-la-valeur-de-ma-maison\/\",\"name\":\"[:fr]Comment d\u00e9terminer la valeur de ma maison ?[:] - \u00c9quipe M\u00e9lanie Dubois\",\"isPartOf\":{\"@id\":\"https:\/\/melaniedubois.com\/en\/#website\"},\"primaryImageOfPage\":{\"@id\":\"https:\/\/melaniedubois.com\/fr\/comment-determiner-la-valeur-de-ma-maison\/#primaryimage\"},\"image\":{\"@id\":\"https:\/\/melaniedubois.com\/fr\/comment-determiner-la-valeur-de-ma-maison\/#primaryimage\"},\"thumbnailUrl\":\"https:\/\/mcusercontent.com\/93cd80b45544fad91b6b44d60\/images\/49958cca-2907-3577-7a4e-e348cdec2f11.png\",\"datePublished\":\"2022-01-12T16:45:49+00:00\",\"breadcrumb\":{\"@id\":\"https:\/\/melaniedubois.com\/fr\/comment-determiner-la-valeur-de-ma-maison\/#breadcrumb\"},\"inLanguage\":\"fr-FR\",\"potentialAction\":[{\"@type\":\"ReadAction\",\"target\":[\"https:\/\/melaniedubois.com\/fr\/comment-determiner-la-valeur-de-ma-maison\/\"]}]},{\"@type\":\"ImageObject\",\"inLanguage\":\"fr-FR\",\"@id\":\"https:\/\/melaniedubois.com\/fr\/comment-determiner-la-valeur-de-ma-maison\/#primaryimage\",\"url\":\"https:\/\/mcusercontent.com\/93cd80b45544fad91b6b44d60\/images\/49958cca-2907-3577-7a4e-e348cdec2f11.png\",\"contentUrl\":\"https:\/\/mcusercontent.com\/93cd80b45544fad91b6b44d60\/images\/49958cca-2907-3577-7a4e-e348cdec2f11.png\"},{\"@type\":\"BreadcrumbList\",\"@id\":\"https:\/\/melaniedubois.com\/fr\/comment-determiner-la-valeur-de-ma-maison\/#breadcrumb\",\"itemListElement\":[{\"@type\":\"ListItem\",\"position\":1,\"name\":\"Accueil\",\"item\":\"https:\/\/melaniedubois.com\/en\/\"},{\"@type\":\"ListItem\",\"position\":2,\"name\":\"Comment d\u00e9terminer la valeur de ma maison ?\"}]},{\"@type\":\"WebSite\",\"@id\":\"https:\/\/melaniedubois.com\/en\/#website\",\"url\":\"https:\/\/melaniedubois.com\/en\/\",\"name\":\"\u00c9quipe M\u00e9lanie Dubois\",\"description\":\"Courtier immobilier Montr\u00e9al, KW Connexion\",\"potentialAction\":[{\"@type\":\"SearchAction\",\"target\":{\"@type\":\"EntryPoint\",\"urlTemplate\":\"https:\/\/melaniedubois.com\/en\/?s={search_term_string}\"},\"query-input\":{\"@type\":\"PropertyValueSpecification\",\"valueRequired\":true,\"valueName\":\"search_term_string\"}}],\"inLanguage\":\"fr-FR\"}]}<\/script>\n<!-- \/ Yoast SEO plugin. -->","yoast_head_json":{"title":"Comment d\u00e9terminer la valeur de ma maison ? - \u00c9quipe M\u00e9lanie Dubois","robots":{"index":"index","follow":"follow","max-snippet":"max-snippet:-1","max-image-preview":"max-image-preview:large","max-video-preview":"max-video-preview:-1"},"canonical":"https:\/\/melaniedubois.com\/fr\/comment-determiner-la-valeur-de-ma-maison\/","og_locale":"fr_FR","og_type":"article","og_title":"Comment d\u00e9terminer la valeur de ma maison ? - \u00c9quipe M\u00e9lanie Dubois","og_description":"Le d\u00e9but du mois de janvier est souvent un moment pris\u00e9 pour prendre des d\u00e9cisions d\u2019importance, \u00e0 l\u2019aube d\u2019une nouvelle ann\u00e9e. En plus du classique \u00ab\u00a0perdre du poids\u00a0\u00bb, l\u2019achat d\u2019une nouvelle maison ou d\u2019un condo convenant davantage \u00e0 la famille est l\u2019un des projets qui revient souvent. Le d\u00e9fi auquel les gens font face est [&hellip;]","og_url":"https:\/\/melaniedubois.com\/fr\/comment-determiner-la-valeur-de-ma-maison\/","og_site_name":"\u00c9quipe M\u00e9lanie Dubois","og_image":[{"url":"https:\/\/mcusercontent.com\/93cd80b45544fad91b6b44d60\/images\/49958cca-2907-3577-7a4e-e348cdec2f11.png","type":"","width":"","height":""}],"twitter_card":"summary_large_image","twitter_misc":{"Dur\u00e9e de lecture estim\u00e9e":"3 minutes"},"schema":{"@context":"https:\/\/schema.org","@graph":[{"@type":"WebPage","@id":"https:\/\/melaniedubois.com\/fr\/comment-determiner-la-valeur-de-ma-maison\/","url":"https:\/\/melaniedubois.com\/fr\/comment-determiner-la-valeur-de-ma-maison\/","name":"[:fr]Comment d\u00e9terminer la valeur de ma maison ?[:] - \u00c9quipe M\u00e9lanie Dubois","isPartOf":{"@id":"https:\/\/melaniedubois.com\/en\/#website"},"primaryImageOfPage":{"@id":"https:\/\/melaniedubois.com\/fr\/comment-determiner-la-valeur-de-ma-maison\/#primaryimage"},"image":{"@id":"https:\/\/melaniedubois.com\/fr\/comment-determiner-la-valeur-de-ma-maison\/#primaryimage"},"thumbnailUrl":"https:\/\/mcusercontent.com\/93cd80b45544fad91b6b44d60\/images\/49958cca-2907-3577-7a4e-e348cdec2f11.png","datePublished":"2022-01-12T16:45:49+00:00","breadcrumb":{"@id":"https:\/\/melaniedubois.com\/fr\/comment-determiner-la-valeur-de-ma-maison\/#breadcrumb"},"inLanguage":"fr-FR","potentialAction":[{"@type":"ReadAction","target":["https:\/\/melaniedubois.com\/fr\/comment-determiner-la-valeur-de-ma-maison\/"]}]},{"@type":"ImageObject","inLanguage":"fr-FR","@id":"https:\/\/melaniedubois.com\/fr\/comment-determiner-la-valeur-de-ma-maison\/#primaryimage","url":"https:\/\/mcusercontent.com\/93cd80b45544fad91b6b44d60\/images\/49958cca-2907-3577-7a4e-e348cdec2f11.png","contentUrl":"https:\/\/mcusercontent.com\/93cd80b45544fad91b6b44d60\/images\/49958cca-2907-3577-7a4e-e348cdec2f11.png"},{"@type":"BreadcrumbList","@id":"https:\/\/melaniedubois.com\/fr\/comment-determiner-la-valeur-de-ma-maison\/#breadcrumb","itemListElement":[{"@type":"ListItem","position":1,"name":"Accueil","item":"https:\/\/melaniedubois.com\/en\/"},{"@type":"ListItem","position":2,"name":"Comment d\u00e9terminer la valeur de ma maison ?"}]},{"@type":"WebSite","@id":"https:\/\/melaniedubois.com\/en\/#website","url":"https:\/\/melaniedubois.com\/en\/","name":"\u00c9quipe M\u00e9lanie Dubois","description":"Courtier immobilier Montr\u00e9al, KW Connexion","potentialAction":[{"@type":"SearchAction","target":{"@type":"EntryPoint","urlTemplate":"https:\/\/melaniedubois.com\/en\/?s={search_term_string}"},"query-input":{"@type":"PropertyValueSpecification","valueRequired":true,"valueName":"search_term_string"}}],"inLanguage":"fr-FR"}]}},"_links":{"self":[{"href":"https:\/\/melaniedubois.com\/fr\/wp-json\/wp\/v2\/pages\/2196","targetHints":{"allow":["GET"]}}],"collection":[{"href":"https:\/\/melaniedubois.com\/fr\/wp-json\/wp\/v2\/pages"}],"about":[{"href":"https:\/\/melaniedubois.com\/fr\/wp-json\/wp\/v2\/types\/page"}],"author":[{"embeddable":true,"href":"https:\/\/melaniedubois.com\/fr\/wp-json\/wp\/v2\/users\/742"}],"replies":[{"embeddable":true,"href":"https:\/\/melaniedubois.com\/fr\/wp-json\/wp\/v2\/comments?post=2196"}],"version-history":[{"count":2,"href":"https:\/\/melaniedubois.com\/fr\/wp-json\/wp\/v2\/pages\/2196\/revisions"}],"predecessor-version":[{"id":2199,"href":"https:\/\/melaniedubois.com\/fr\/wp-json\/wp\/v2\/pages\/2196\/revisions\/2199"}],"wp:attachment":[{"href":"https:\/\/melaniedubois.com\/fr\/wp-json\/wp\/v2\/media?parent=2196"}],"curies":[{"name":"wp","href":"https:\/\/api.w.org\/{rel}","templated":true}]}}