{"id":2220,"date":"2022-02-13T15:22:00","date_gmt":"2022-02-13T20:22:00","guid":{"rendered":"http:\/\/melaniedubois.com\/?page_id=2220"},"modified":"2022-02-13T15:22:00","modified_gmt":"2022-02-13T20:22:00","slug":"10-trucs-simples-pour-economiser-sur-sa-facture-de-chauffage","status":"publish","type":"page","link":"https:\/\/melaniedubois.com\/fr\/10-trucs-simples-pour-economiser-sur-sa-facture-de-chauffage\/","title":{"rendered":"10 trucs simples pour \u00e9conomiser sur sa facture de chauffage"},"content":{"rendered":"<p style=\"text-align: justify;\">L&rsquo;\u00e9tat de votre maison, de votre syst\u00e8me de chauffage ou vos habitudes peuvent tous affecter votre facture de chauffage, et il est possible que vous utilisiez plus d&rsquo;\u00e9nergie que vous n&rsquo;en avez r\u00e9ellement besoin. Si vous voulez \u00e9conomiser de l&rsquo;argent sur le chauffage, vous devrez utiliser des astuces qui vous aideront \u00e0 diminuer les co\u00fbts de chauffage. Voici 10 trucs pour \u00e9conomiser sur cette facture.<\/p>\n<p><img decoding=\"async\" src=\"https:\/\/mcusercontent.com\/93cd80b45544fad91b6b44d60\/images\/58a8d099-7eb4-7970-ce42-c6918711a174.png\" \/><\/p>\n<p style=\"text-align: justify;\"><strong>Baissez le thermostat<\/strong><\/p>\n<p style=\"text-align: justify;\">Le r\u00e9glage de votre thermostat peut avoir des effets importants sur vos factures de chauffage. Baisser le thermostat de quelques degr\u00e9s, surtout la nuit, peut vous aider \u00e0 \u00e9conomiser jusqu&rsquo;\u00e0 10 % par an sur le chauffage.<\/p>\n<p style=\"text-align: justify;\"><strong>Installez des thermostats intelligents<\/strong><\/p>\n<p style=\"text-align: justify;\">En rempla\u00e7ant vos vieux thermostats par des mod\u00e8les programmables, il vous sera plus facile de contr\u00f4ler la temp\u00e9rature dans votre r\u00e9sidence.<\/p>\n<p style=\"text-align: justify;\"><b>Fermez les portes des pi\u00e8ces inutilis\u00e9es<\/b><\/p>\n<p style=\"text-align: justify;\">Vous n\u2019avez pas besoin de chauffer les pi\u00e8ces inutilis\u00e9es de votre maison. Pour faire des \u00e9conomies sur vos frais de chauffage, fermez les portes des pi\u00e8ces que vous n&rsquo;utilisez pas. Vous pouvez \u00e9galement fermer les bouches d&rsquo;a\u00e9ration dans les pi\u00e8ces que vous n&rsquo;utilisez pas, afin que l&rsquo;air chaud des conduits ne s&rsquo;y rende pas.<\/p>\n<p style=\"text-align: justify;\"><b>V\u00e9rifiez que les portes ext\u00e9rieures et les fen\u00eatres soient bien ferm\u00e9es<\/b><\/p>\n<p style=\"text-align: justify;\">Votre maison peut perdre de la chaleur par les fen\u00eatres et les portes, surtout si ces ouvertures ne sont pas herm\u00e9tiquement ferm\u00e9es. Au d\u00e9but de l&rsquo;hiver, c&rsquo;est une bonne id\u00e9e de faire le tour de toutes les fen\u00eatres et portes de votre maison et de les tester pour les fuites d&rsquo;air. Verrouiller les fen\u00eatres contribue \u00e0 les rendre plus herm\u00e9tique.<\/p>\n<p style=\"text-align: justify;\"><b>Emp\u00eachez la chaleur de s&rsquo;\u00e9chapper de vos conduits<\/b><\/p>\n<p style=\"text-align: justify;\">Les conduits de votre maison peuvent \u00eatre une source de perte de chaleur, surtout s&rsquo;ils se trouvent dans des zones non isol\u00e9es comme le sous-sol ou le garage. Sceller vos conduits autour des joints peut aider \u00e0 emp\u00eacher l&rsquo;air chaud de fuir.<\/p>\n<p style=\"text-align: justify;\"><b>Utilisez les rayons du soleil pour chauffer<\/b><\/p>\n<p style=\"text-align: justify;\">Vous pouvez utiliser la chaleur du soleil pour r\u00e9chauffer votre maison pendant la journ\u00e9e. Si vous avez des stores ou des rideaux, ouvrez-les par beau temps pour profiter des rayons du soleil, et fermez-les la nuit pour profiter de leur effet isolant.<\/p>\n<p style=\"text-align: justify;\"><b>Utilisez les ventilateurs de plafond<\/b><\/p>\n<p style=\"text-align: justify;\">Si vous avez des ventilateurs de plafond dans l&rsquo;une des pi\u00e8ces de votre maison, vous pouvez les utiliser pendant les mois les plus froids de l&rsquo;ann\u00e9e pour aider \u00e0 diffuser l&rsquo;air chaud et r\u00e9duire votre facture de chauffage. Pour ce faire, inversez les pales des ventilateurs pour qu\u2019elles tournent dans le sens des aiguilles d&rsquo;une montre.<\/p>\n<p style=\"text-align: justify;\"><b>Am\u00e9liorez la circulation d\u2019air dans la maison<\/b><\/p>\n<p style=\"text-align: justify;\">Si vos meubles sont plac\u00e9s pr\u00e8s ou sur les bouches d\u2019air, pensez \u00e0 les d\u00e9placer. Cela am\u00e9liorera la circulation de l&rsquo;air dans une pi\u00e8ce, ce qui signifie que la chaleur des bouches d&rsquo;a\u00e9ration sera mieux r\u00e9partie.<\/p>\n<p style=\"text-align: justify;\"><b>Habillez-vous plus chaudement<\/b><\/p>\n<p style=\"text-align: justify;\">En portant des v\u00eatements chauds comme une veste, des chaussettes ou des pantoufles, vous serez confortable dans la maison m\u00eame si vous baissez un peu le chauffage.<\/p>\n<p style=\"text-align: justify;\"><b>Profitez de la chaleur de votre cuisini\u00e8re<\/b><\/p>\n<p style=\"text-align: justify;\">Cuisiner \u00e0 la maison vous aidera non seulement \u00e0 \u00e9conomiser sur les factures de restaurant, mais cela pourrait \u00e9galement contribuer \u00e0 r\u00e9duire votre facture de chauffage, car la chaleur de la cuisini\u00e8re vous aidera \u00e0 r\u00e9chauffer votre cuisine. Lorsque vous avez termin\u00e9 la cuisson, \u00e9teignez le four et laissez la porte l\u00e9g\u00e8rement ouverte, afin que l&rsquo;air chaud puisse s&rsquo;\u00e9chapper.<\/p>\n<p>&nbsp;<\/p>\n<p>&nbsp;<\/p>\n<p><strong>Source<\/strong> : <a href=\"https:\/\/www.centris.ca\/fr\/blogue\/finances\/10-trucs-simples-pour-economiser-sur-sa-facture-de-chauffage?uc=1\">Article publi\u00e9 sur le site centris.ca le 27 Janvier 2022<\/a><\/p>\n<p><strong>Lien : <\/strong><a href=\"https:\/\/www.centris.ca\/fr\/blogue\/finances\/10-trucs-simples-pour-economiser-sur-sa-facture-de-chauffage?uc=1\">10 trucs simples pour \u00e9conomiser sur sa facture de chauffage &#8211; Centris.ca<\/a><\/p>\n<p>&nbsp;<\/p>\n<p>&nbsp;<\/p>\n<p style=\"text-align: center;\">Vous voulez gardez un oeil sur le march\u00e9 et sur votre investissement ?<\/p>\n<p style=\"text-align: center;\">Nous pouvons p\u00e9riodiquement vous envoyer les ventes dans votre secteur.<\/p>\n<p style=\"text-align: center;\">C&rsquo;est GRATUIT! Aucune obligation de votre part.<\/p>\n<p><img decoding=\"async\" src=\"https:\/\/mcusercontent.com\/93cd80b45544fad91b6b44d60\/images\/4e6f6591-1108-4326-bdd0-44f74a03ea2b.png\" \/><\/p>\n","protected":false},"excerpt":{"rendered":"<p>L&rsquo;\u00e9tat de votre maison, de votre syst\u00e8me de chauffage ou vos habitudes peuvent tous affecter votre facture de chauffage, et il est possible que vous utilisiez plus d&rsquo;\u00e9nergie que vous n&rsquo;en avez r\u00e9ellement besoin. Si vous voulez \u00e9conomiser de l&rsquo;argent sur le chauffage, vous devrez utiliser des astuces qui vous aideront \u00e0 diminuer les co\u00fbts [&hellip;]<\/p>\n","protected":false},"author":742,"featured_media":0,"parent":0,"menu_order":0,"comment_status":"closed","ping_status":"closed","template":"","meta":{"_acf_changed":false,"footnotes":""},"class_list":["post-2220","page","type-page","status-publish","hentry"],"acf":[],"yoast_head":"<!-- This site is optimized with the Yoast SEO plugin v26.7 - https:\/\/yoast.com\/wordpress\/plugins\/seo\/ -->\n<title>10 trucs simples pour \u00e9conomiser sur sa facture de chauffage - \u00c9quipe M\u00e9lanie Dubois<\/title>\n<meta name=\"robots\" content=\"index, follow, max-snippet:-1, max-image-preview:large, max-video-preview:-1\" \/>\n<link rel=\"canonical\" href=\"https:\/\/melaniedubois.com\/fr\/10-trucs-simples-pour-economiser-sur-sa-facture-de-chauffage\/\" \/>\n<meta property=\"og:locale\" content=\"fr_FR\" \/>\n<meta property=\"og:type\" content=\"article\" \/>\n<meta property=\"og:title\" content=\"10 trucs simples pour \u00e9conomiser sur sa facture de chauffage - \u00c9quipe M\u00e9lanie Dubois\" \/>\n<meta property=\"og:description\" content=\"L&rsquo;\u00e9tat de votre maison, de votre syst\u00e8me de chauffage ou vos habitudes peuvent tous affecter votre facture de chauffage, et il est possible que vous utilisiez plus d&rsquo;\u00e9nergie que vous n&rsquo;en avez r\u00e9ellement besoin. Si vous voulez \u00e9conomiser de l&rsquo;argent sur le chauffage, vous devrez utiliser des astuces qui vous aideront \u00e0 diminuer les co\u00fbts [&hellip;]\" \/>\n<meta property=\"og:url\" content=\"https:\/\/melaniedubois.com\/fr\/10-trucs-simples-pour-economiser-sur-sa-facture-de-chauffage\/\" \/>\n<meta property=\"og:site_name\" content=\"\u00c9quipe M\u00e9lanie Dubois\" \/>\n<meta property=\"og:image\" content=\"https:\/\/mcusercontent.com\/93cd80b45544fad91b6b44d60\/images\/58a8d099-7eb4-7970-ce42-c6918711a174.png\" \/>\n<meta name=\"twitter:card\" content=\"summary_large_image\" \/>\n<meta name=\"twitter:label1\" content=\"Dur\u00e9e de lecture estim\u00e9e\" \/>\n\t<meta name=\"twitter:data1\" content=\"3 minutes\" \/>\n<script type=\"application\/ld+json\" class=\"yoast-schema-graph\">{\"@context\":\"https:\/\/schema.org\",\"@graph\":[{\"@type\":\"WebPage\",\"@id\":\"https:\/\/melaniedubois.com\/fr\/10-trucs-simples-pour-economiser-sur-sa-facture-de-chauffage\/\",\"url\":\"https:\/\/melaniedubois.com\/fr\/10-trucs-simples-pour-economiser-sur-sa-facture-de-chauffage\/\",\"name\":\"10 trucs simples pour \u00e9conomiser sur sa facture de chauffage - \u00c9quipe M\u00e9lanie Dubois\",\"isPartOf\":{\"@id\":\"https:\/\/melaniedubois.com\/en\/#website\"},\"primaryImageOfPage\":{\"@id\":\"https:\/\/melaniedubois.com\/fr\/10-trucs-simples-pour-economiser-sur-sa-facture-de-chauffage\/#primaryimage\"},\"image\":{\"@id\":\"https:\/\/melaniedubois.com\/fr\/10-trucs-simples-pour-economiser-sur-sa-facture-de-chauffage\/#primaryimage\"},\"thumbnailUrl\":\"https:\/\/mcusercontent.com\/93cd80b45544fad91b6b44d60\/images\/58a8d099-7eb4-7970-ce42-c6918711a174.png\",\"datePublished\":\"2022-02-13T20:22:00+00:00\",\"breadcrumb\":{\"@id\":\"https:\/\/melaniedubois.com\/fr\/10-trucs-simples-pour-economiser-sur-sa-facture-de-chauffage\/#breadcrumb\"},\"inLanguage\":\"fr-FR\",\"potentialAction\":[{\"@type\":\"ReadAction\",\"target\":[\"https:\/\/melaniedubois.com\/fr\/10-trucs-simples-pour-economiser-sur-sa-facture-de-chauffage\/\"]}]},{\"@type\":\"ImageObject\",\"inLanguage\":\"fr-FR\",\"@id\":\"https:\/\/melaniedubois.com\/fr\/10-trucs-simples-pour-economiser-sur-sa-facture-de-chauffage\/#primaryimage\",\"url\":\"https:\/\/mcusercontent.com\/93cd80b45544fad91b6b44d60\/images\/58a8d099-7eb4-7970-ce42-c6918711a174.png\",\"contentUrl\":\"https:\/\/mcusercontent.com\/93cd80b45544fad91b6b44d60\/images\/58a8d099-7eb4-7970-ce42-c6918711a174.png\"},{\"@type\":\"BreadcrumbList\",\"@id\":\"https:\/\/melaniedubois.com\/fr\/10-trucs-simples-pour-economiser-sur-sa-facture-de-chauffage\/#breadcrumb\",\"itemListElement\":[{\"@type\":\"ListItem\",\"position\":1,\"name\":\"Accueil\",\"item\":\"https:\/\/melaniedubois.com\/en\/\"},{\"@type\":\"ListItem\",\"position\":2,\"name\":\"10 trucs simples pour \u00e9conomiser sur sa facture de chauffage\"}]},{\"@type\":\"WebSite\",\"@id\":\"https:\/\/melaniedubois.com\/en\/#website\",\"url\":\"https:\/\/melaniedubois.com\/en\/\",\"name\":\"\u00c9quipe M\u00e9lanie Dubois\",\"description\":\"Courtier immobilier Montr\u00e9al, KW Connexion\",\"potentialAction\":[{\"@type\":\"SearchAction\",\"target\":{\"@type\":\"EntryPoint\",\"urlTemplate\":\"https:\/\/melaniedubois.com\/en\/?s={search_term_string}\"},\"query-input\":{\"@type\":\"PropertyValueSpecification\",\"valueRequired\":true,\"valueName\":\"search_term_string\"}}],\"inLanguage\":\"fr-FR\"}]}<\/script>\n<!-- \/ Yoast SEO plugin. -->","yoast_head_json":{"title":"10 trucs simples pour \u00e9conomiser sur sa facture de chauffage - \u00c9quipe M\u00e9lanie Dubois","robots":{"index":"index","follow":"follow","max-snippet":"max-snippet:-1","max-image-preview":"max-image-preview:large","max-video-preview":"max-video-preview:-1"},"canonical":"https:\/\/melaniedubois.com\/fr\/10-trucs-simples-pour-economiser-sur-sa-facture-de-chauffage\/","og_locale":"fr_FR","og_type":"article","og_title":"10 trucs simples pour \u00e9conomiser sur sa facture de chauffage - \u00c9quipe M\u00e9lanie Dubois","og_description":"L&rsquo;\u00e9tat de votre maison, de votre syst\u00e8me de chauffage ou vos habitudes peuvent tous affecter votre facture de chauffage, et il est possible que vous utilisiez plus d&rsquo;\u00e9nergie que vous n&rsquo;en avez r\u00e9ellement besoin. Si vous voulez \u00e9conomiser de l&rsquo;argent sur le chauffage, vous devrez utiliser des astuces qui vous aideront \u00e0 diminuer les co\u00fbts [&hellip;]","og_url":"https:\/\/melaniedubois.com\/fr\/10-trucs-simples-pour-economiser-sur-sa-facture-de-chauffage\/","og_site_name":"\u00c9quipe M\u00e9lanie Dubois","og_image":[{"url":"https:\/\/mcusercontent.com\/93cd80b45544fad91b6b44d60\/images\/58a8d099-7eb4-7970-ce42-c6918711a174.png","type":"","width":"","height":""}],"twitter_card":"summary_large_image","twitter_misc":{"Dur\u00e9e de lecture estim\u00e9e":"3 minutes"},"schema":{"@context":"https:\/\/schema.org","@graph":[{"@type":"WebPage","@id":"https:\/\/melaniedubois.com\/fr\/10-trucs-simples-pour-economiser-sur-sa-facture-de-chauffage\/","url":"https:\/\/melaniedubois.com\/fr\/10-trucs-simples-pour-economiser-sur-sa-facture-de-chauffage\/","name":"10 trucs simples pour \u00e9conomiser sur sa facture de chauffage - \u00c9quipe M\u00e9lanie Dubois","isPartOf":{"@id":"https:\/\/melaniedubois.com\/en\/#website"},"primaryImageOfPage":{"@id":"https:\/\/melaniedubois.com\/fr\/10-trucs-simples-pour-economiser-sur-sa-facture-de-chauffage\/#primaryimage"},"image":{"@id":"https:\/\/melaniedubois.com\/fr\/10-trucs-simples-pour-economiser-sur-sa-facture-de-chauffage\/#primaryimage"},"thumbnailUrl":"https:\/\/mcusercontent.com\/93cd80b45544fad91b6b44d60\/images\/58a8d099-7eb4-7970-ce42-c6918711a174.png","datePublished":"2022-02-13T20:22:00+00:00","breadcrumb":{"@id":"https:\/\/melaniedubois.com\/fr\/10-trucs-simples-pour-economiser-sur-sa-facture-de-chauffage\/#breadcrumb"},"inLanguage":"fr-FR","potentialAction":[{"@type":"ReadAction","target":["https:\/\/melaniedubois.com\/fr\/10-trucs-simples-pour-economiser-sur-sa-facture-de-chauffage\/"]}]},{"@type":"ImageObject","inLanguage":"fr-FR","@id":"https:\/\/melaniedubois.com\/fr\/10-trucs-simples-pour-economiser-sur-sa-facture-de-chauffage\/#primaryimage","url":"https:\/\/mcusercontent.com\/93cd80b45544fad91b6b44d60\/images\/58a8d099-7eb4-7970-ce42-c6918711a174.png","contentUrl":"https:\/\/mcusercontent.com\/93cd80b45544fad91b6b44d60\/images\/58a8d099-7eb4-7970-ce42-c6918711a174.png"},{"@type":"BreadcrumbList","@id":"https:\/\/melaniedubois.com\/fr\/10-trucs-simples-pour-economiser-sur-sa-facture-de-chauffage\/#breadcrumb","itemListElement":[{"@type":"ListItem","position":1,"name":"Accueil","item":"https:\/\/melaniedubois.com\/en\/"},{"@type":"ListItem","position":2,"name":"10 trucs simples pour \u00e9conomiser sur sa facture de chauffage"}]},{"@type":"WebSite","@id":"https:\/\/melaniedubois.com\/en\/#website","url":"https:\/\/melaniedubois.com\/en\/","name":"\u00c9quipe M\u00e9lanie Dubois","description":"Courtier immobilier Montr\u00e9al, KW Connexion","potentialAction":[{"@type":"SearchAction","target":{"@type":"EntryPoint","urlTemplate":"https:\/\/melaniedubois.com\/en\/?s={search_term_string}"},"query-input":{"@type":"PropertyValueSpecification","valueRequired":true,"valueName":"search_term_string"}}],"inLanguage":"fr-FR"}]}},"_links":{"self":[{"href":"https:\/\/melaniedubois.com\/fr\/wp-json\/wp\/v2\/pages\/2220","targetHints":{"allow":["GET"]}}],"collection":[{"href":"https:\/\/melaniedubois.com\/fr\/wp-json\/wp\/v2\/pages"}],"about":[{"href":"https:\/\/melaniedubois.com\/fr\/wp-json\/wp\/v2\/types\/page"}],"author":[{"embeddable":true,"href":"https:\/\/melaniedubois.com\/fr\/wp-json\/wp\/v2\/users\/742"}],"replies":[{"embeddable":true,"href":"https:\/\/melaniedubois.com\/fr\/wp-json\/wp\/v2\/comments?post=2220"}],"version-history":[{"count":2,"href":"https:\/\/melaniedubois.com\/fr\/wp-json\/wp\/v2\/pages\/2220\/revisions"}],"predecessor-version":[{"id":2222,"href":"https:\/\/melaniedubois.com\/fr\/wp-json\/wp\/v2\/pages\/2220\/revisions\/2222"}],"wp:attachment":[{"href":"https:\/\/melaniedubois.com\/fr\/wp-json\/wp\/v2\/media?parent=2220"}],"curies":[{"name":"wp","href":"https:\/\/api.w.org\/{rel}","templated":true}]}}