{"id":2235,"date":"2022-03-26T09:50:09","date_gmt":"2022-03-26T13:50:09","guid":{"rendered":"http:\/\/melaniedubois.com\/?page_id=2235"},"modified":"2022-03-26T09:50:09","modified_gmt":"2022-03-26T13:50:09","slug":"impots-fonciers-comment-contester-une-hausse-de-taxes-municipales","status":"publish","type":"page","link":"https:\/\/melaniedubois.com\/fr\/impots-fonciers-comment-contester-une-hausse-de-taxes-municipales\/","title":{"rendered":"Imp\u00f4ts fonciers: comment contester une hausse de taxes municipales"},"content":{"rendered":"<p><strong>Surprise ! Votre municipalit\u00e9 a augment\u00e9 les taxes sur votre propri\u00e9t\u00e9 cette ann\u00e9e.<\/strong><\/p>\n<p><img decoding=\"async\" src=\"https:\/\/mcusercontent.com\/93cd80b45544fad91b6b44d60\/images\/2e4dfbd7-f667-36bf-df36-fcda756c45ba.png\" \/><\/p>\n<p style=\"text-align: justify;\">Savez-vous que vous pouvez demander une r\u00e9vision aupr\u00e8s de la municipalit\u00e9 ?<\/p>\n<p style=\"text-align: justify;\"><strong>Pourquoi vos taxes augmentent-elles ?<\/strong><\/p>\n<p style=\"text-align: justify;\">Votre compte de taxes annuel est fix\u00e9 en fonction de la valeur de votre propri\u00e9t\u00e9. Au Qu\u00e9bec, c\u2019est l\u2019\u00e9valuateur de la municipalit\u00e9 qui d\u00e9termine cette valeur. L\u2019exercice est effectu\u00e9 tous les trois ans \u00e0 l\u2019aide de diff\u00e9rentes m\u00e9thodes pr\u00e9vues par la loi.<\/p>\n<p style=\"text-align: justify;\">Vous \u00eates inform\u00e9 par \u00e9crit des r\u00e9sultats de l\u2019\u00e9valuation dans un document appel\u00e9 \u00ab\u00a0avis d\u2019\u00e9valuation\u00a0\u00bb. L\u2019avis doit vous \u00eatre transmis au d\u00e9but de la premi\u00e8re des trois ann\u00e9es, g\u00e9n\u00e9ralement avant le 1er mars.<\/p>\n<p style=\"text-align: justify;\"><strong>Vous pouvez demander une r\u00e9vision<\/strong><\/p>\n<p style=\"text-align: justify;\">Vous devez remplir un formulaire officiel et obligatoire pour demander de r\u00e9viser l\u2019\u00e9valuation.<\/p>\n<p style=\"text-align: justify;\">Le formulaire est disponible aupr\u00e8s de votre municipalit\u00e9 ou sur le site du minist\u00e8re des Affaires municipales et de l\u2019Habitation.<\/p>\n<p style=\"text-align: justify;\">Vous devrez y expliquer pourquoi vous croyez qu\u2019une r\u00e9vision est n\u00e9cessaire. Remettez votre demande et les documents qui l\u2019appuient avant le 1er mai. La municipalit\u00e9 peut exiger des frais pour pr\u00e9senter votre demande.<\/p>\n<p style=\"text-align: justify;\">L\u2019\u00e9valuateur r\u00e9pondra \u00e0 votre demande par \u00e9crit. Il peut vous offrir une entente pour modifier l\u2019\u00e9valuation ou vous informer pourquoi il refuse de modifier celle-ci.<\/p>\n<p style=\"text-align: justify;\"><strong>Adressez-vous au Tribunal<\/strong><\/p>\n<p style=\"text-align: justify;\">Vous n\u2019\u00eates pas d\u2019accord avec la d\u00e9cision de l\u2019\u00e9valuateur ?<\/p>\n<p style=\"text-align: justify;\">Vous avez alors 60 jours \u00e0 partir de l\u2019envoi de la r\u00e9ponse de l\u2019\u00e9valuateur pour pr\u00e9senter une demande au Tribunal administratif du Qu\u00e9bec. Un formulaire est disponible au Tribunal pour vous aider \u00e0 pr\u00e9senter votre demande.<\/p>\n<p style=\"text-align: justify;\">Rappelez-vous que l\u2019\u00e9valuation immobili\u00e8re est un domaine complexe et encadr\u00e9. Vous pourriez avoir besoin de l\u2019aide d\u2019un \u00e9valuateur agr\u00e9\u00e9, \u00e0 vos frais. Le processus peut donc s\u2019av\u00e9rer co\u00fbteux, particuli\u00e8rement si la d\u00e9cision ne tourne pas en votre faveur.<\/p>\n<p>&nbsp;<\/p>\n<p><strong>Source<\/strong>\u00a0:\u00a0<a href=\"https:\/\/www.journaldemontreal.com\/2022\/03\/21\/impots-fonciers-comment-contester-une-hausse-de-taxes-municipales\">Article\u00a0 de Educaloi publi\u00e9 sur le site journalmetro.com le 21 Mars 2022<\/a><\/p>\n<p><strong>Lien : <\/strong><a href=\"https:\/\/www.journaldemontreal.com\/2022\/03\/21\/impots-fonciers-comment-contester-une-hausse-de-taxes-municipales\">https:\/\/www.journaldemontreal.com\/2022\/03\/21\/impots-fonciers-comment-contester-une-hausse-de-taxes-municipales<\/a><\/p>\n<p>&nbsp;<\/p>\n<p>&nbsp;<\/p>\n<p style=\"text-align: center;\">Vous voulez gardez un oeil sur le march\u00e9 et sur votre investissement ?<\/p>\n<p style=\"text-align: center;\">Nous pouvons p\u00e9riodiquement vous envoyer les ventes dans votre secteur.<\/p>\n<p style=\"text-align: center;\">C&rsquo;est GRATUIT! Aucune obligation de votre part.<\/p>\n<p><img decoding=\"async\" src=\"https:\/\/mcusercontent.com\/93cd80b45544fad91b6b44d60\/images\/4e6f6591-1108-4326-bdd0-44f74a03ea2b.png\" \/><\/p>","protected":false},"excerpt":{"rendered":"<p>Surprise ! Votre municipalit\u00e9 a augment\u00e9 les taxes sur votre propri\u00e9t\u00e9 cette ann\u00e9e. Savez-vous que vous pouvez demander une r\u00e9vision aupr\u00e8s de la municipalit\u00e9 ? Pourquoi vos taxes augmentent-elles ? Votre compte de taxes annuel est fix\u00e9 en fonction de la valeur de votre propri\u00e9t\u00e9. Au Qu\u00e9bec, c\u2019est l\u2019\u00e9valuateur de la municipalit\u00e9 qui d\u00e9termine cette [&hellip;]<\/p>\n","protected":false},"author":742,"featured_media":0,"parent":0,"menu_order":0,"comment_status":"closed","ping_status":"closed","template":"","meta":{"_acf_changed":false,"footnotes":""},"class_list":["post-2235","page","type-page","status-publish","hentry"],"acf":[],"yoast_head":"<!-- This site is optimized with the Yoast SEO plugin v26.7 - https:\/\/yoast.com\/wordpress\/plugins\/seo\/ -->\n<title>Imp\u00f4ts fonciers: comment contester une hausse de taxes municipales - \u00c9quipe M\u00e9lanie Dubois<\/title>\n<meta name=\"robots\" content=\"index, follow, max-snippet:-1, max-image-preview:large, max-video-preview:-1\" \/>\n<link rel=\"canonical\" href=\"https:\/\/melaniedubois.com\/fr\/impots-fonciers-comment-contester-une-hausse-de-taxes-municipales\/\" \/>\n<meta property=\"og:locale\" content=\"fr_FR\" \/>\n<meta property=\"og:type\" content=\"article\" \/>\n<meta property=\"og:title\" content=\"Imp\u00f4ts fonciers: comment contester une hausse de taxes municipales - \u00c9quipe M\u00e9lanie Dubois\" \/>\n<meta property=\"og:description\" content=\"Surprise ! Votre municipalit\u00e9 a augment\u00e9 les taxes sur votre propri\u00e9t\u00e9 cette ann\u00e9e. Savez-vous que vous pouvez demander une r\u00e9vision aupr\u00e8s de la municipalit\u00e9 ? Pourquoi vos taxes augmentent-elles ? Votre compte de taxes annuel est fix\u00e9 en fonction de la valeur de votre propri\u00e9t\u00e9. Au Qu\u00e9bec, c\u2019est l\u2019\u00e9valuateur de la municipalit\u00e9 qui d\u00e9termine cette [&hellip;]\" \/>\n<meta property=\"og:url\" content=\"https:\/\/melaniedubois.com\/fr\/impots-fonciers-comment-contester-une-hausse-de-taxes-municipales\/\" \/>\n<meta property=\"og:site_name\" content=\"\u00c9quipe M\u00e9lanie Dubois\" \/>\n<meta property=\"og:image\" content=\"https:\/\/mcusercontent.com\/93cd80b45544fad91b6b44d60\/images\/2e4dfbd7-f667-36bf-df36-fcda756c45ba.png\" \/>\n<meta name=\"twitter:card\" content=\"summary_large_image\" \/>\n<meta name=\"twitter:label1\" content=\"Dur\u00e9e de lecture estim\u00e9e\" \/>\n\t<meta name=\"twitter:data1\" content=\"2 minutes\" \/>\n<script type=\"application\/ld+json\" class=\"yoast-schema-graph\">{\"@context\":\"https:\/\/schema.org\",\"@graph\":[{\"@type\":\"WebPage\",\"@id\":\"https:\/\/melaniedubois.com\/fr\/impots-fonciers-comment-contester-une-hausse-de-taxes-municipales\/\",\"url\":\"https:\/\/melaniedubois.com\/fr\/impots-fonciers-comment-contester-une-hausse-de-taxes-municipales\/\",\"name\":\"[:fr]Imp\u00f4ts fonciers: comment contester une hausse de taxes municipales[:] - \u00c9quipe M\u00e9lanie Dubois\",\"isPartOf\":{\"@id\":\"https:\/\/melaniedubois.com\/en\/#website\"},\"primaryImageOfPage\":{\"@id\":\"https:\/\/melaniedubois.com\/fr\/impots-fonciers-comment-contester-une-hausse-de-taxes-municipales\/#primaryimage\"},\"image\":{\"@id\":\"https:\/\/melaniedubois.com\/fr\/impots-fonciers-comment-contester-une-hausse-de-taxes-municipales\/#primaryimage\"},\"thumbnailUrl\":\"https:\/\/mcusercontent.com\/93cd80b45544fad91b6b44d60\/images\/2e4dfbd7-f667-36bf-df36-fcda756c45ba.png\",\"datePublished\":\"2022-03-26T13:50:09+00:00\",\"breadcrumb\":{\"@id\":\"https:\/\/melaniedubois.com\/fr\/impots-fonciers-comment-contester-une-hausse-de-taxes-municipales\/#breadcrumb\"},\"inLanguage\":\"fr-FR\",\"potentialAction\":[{\"@type\":\"ReadAction\",\"target\":[\"https:\/\/melaniedubois.com\/fr\/impots-fonciers-comment-contester-une-hausse-de-taxes-municipales\/\"]}]},{\"@type\":\"ImageObject\",\"inLanguage\":\"fr-FR\",\"@id\":\"https:\/\/melaniedubois.com\/fr\/impots-fonciers-comment-contester-une-hausse-de-taxes-municipales\/#primaryimage\",\"url\":\"https:\/\/mcusercontent.com\/93cd80b45544fad91b6b44d60\/images\/2e4dfbd7-f667-36bf-df36-fcda756c45ba.png\",\"contentUrl\":\"https:\/\/mcusercontent.com\/93cd80b45544fad91b6b44d60\/images\/2e4dfbd7-f667-36bf-df36-fcda756c45ba.png\"},{\"@type\":\"BreadcrumbList\",\"@id\":\"https:\/\/melaniedubois.com\/fr\/impots-fonciers-comment-contester-une-hausse-de-taxes-municipales\/#breadcrumb\",\"itemListElement\":[{\"@type\":\"ListItem\",\"position\":1,\"name\":\"Accueil\",\"item\":\"https:\/\/melaniedubois.com\/en\/\"},{\"@type\":\"ListItem\",\"position\":2,\"name\":\"Imp\u00f4ts fonciers: comment contester une hausse de taxes municipales\"}]},{\"@type\":\"WebSite\",\"@id\":\"https:\/\/melaniedubois.com\/en\/#website\",\"url\":\"https:\/\/melaniedubois.com\/en\/\",\"name\":\"\u00c9quipe M\u00e9lanie Dubois\",\"description\":\"Courtier immobilier Montr\u00e9al, KW Connexion\",\"potentialAction\":[{\"@type\":\"SearchAction\",\"target\":{\"@type\":\"EntryPoint\",\"urlTemplate\":\"https:\/\/melaniedubois.com\/en\/?s={search_term_string}\"},\"query-input\":{\"@type\":\"PropertyValueSpecification\",\"valueRequired\":true,\"valueName\":\"search_term_string\"}}],\"inLanguage\":\"fr-FR\"}]}<\/script>\n<!-- \/ Yoast SEO plugin. -->","yoast_head_json":{"title":"Imp\u00f4ts fonciers: comment contester une hausse de taxes municipales - \u00c9quipe M\u00e9lanie Dubois","robots":{"index":"index","follow":"follow","max-snippet":"max-snippet:-1","max-image-preview":"max-image-preview:large","max-video-preview":"max-video-preview:-1"},"canonical":"https:\/\/melaniedubois.com\/fr\/impots-fonciers-comment-contester-une-hausse-de-taxes-municipales\/","og_locale":"fr_FR","og_type":"article","og_title":"Imp\u00f4ts fonciers: comment contester une hausse de taxes municipales - \u00c9quipe M\u00e9lanie Dubois","og_description":"Surprise ! Votre municipalit\u00e9 a augment\u00e9 les taxes sur votre propri\u00e9t\u00e9 cette ann\u00e9e. Savez-vous que vous pouvez demander une r\u00e9vision aupr\u00e8s de la municipalit\u00e9 ? Pourquoi vos taxes augmentent-elles ? Votre compte de taxes annuel est fix\u00e9 en fonction de la valeur de votre propri\u00e9t\u00e9. Au Qu\u00e9bec, c\u2019est l\u2019\u00e9valuateur de la municipalit\u00e9 qui d\u00e9termine cette [&hellip;]","og_url":"https:\/\/melaniedubois.com\/fr\/impots-fonciers-comment-contester-une-hausse-de-taxes-municipales\/","og_site_name":"\u00c9quipe M\u00e9lanie Dubois","og_image":[{"url":"https:\/\/mcusercontent.com\/93cd80b45544fad91b6b44d60\/images\/2e4dfbd7-f667-36bf-df36-fcda756c45ba.png","type":"","width":"","height":""}],"twitter_card":"summary_large_image","twitter_misc":{"Dur\u00e9e de lecture estim\u00e9e":"2 minutes"},"schema":{"@context":"https:\/\/schema.org","@graph":[{"@type":"WebPage","@id":"https:\/\/melaniedubois.com\/fr\/impots-fonciers-comment-contester-une-hausse-de-taxes-municipales\/","url":"https:\/\/melaniedubois.com\/fr\/impots-fonciers-comment-contester-une-hausse-de-taxes-municipales\/","name":"[:fr]Imp\u00f4ts fonciers: comment contester une hausse de taxes municipales[:] - \u00c9quipe M\u00e9lanie Dubois","isPartOf":{"@id":"https:\/\/melaniedubois.com\/en\/#website"},"primaryImageOfPage":{"@id":"https:\/\/melaniedubois.com\/fr\/impots-fonciers-comment-contester-une-hausse-de-taxes-municipales\/#primaryimage"},"image":{"@id":"https:\/\/melaniedubois.com\/fr\/impots-fonciers-comment-contester-une-hausse-de-taxes-municipales\/#primaryimage"},"thumbnailUrl":"https:\/\/mcusercontent.com\/93cd80b45544fad91b6b44d60\/images\/2e4dfbd7-f667-36bf-df36-fcda756c45ba.png","datePublished":"2022-03-26T13:50:09+00:00","breadcrumb":{"@id":"https:\/\/melaniedubois.com\/fr\/impots-fonciers-comment-contester-une-hausse-de-taxes-municipales\/#breadcrumb"},"inLanguage":"fr-FR","potentialAction":[{"@type":"ReadAction","target":["https:\/\/melaniedubois.com\/fr\/impots-fonciers-comment-contester-une-hausse-de-taxes-municipales\/"]}]},{"@type":"ImageObject","inLanguage":"fr-FR","@id":"https:\/\/melaniedubois.com\/fr\/impots-fonciers-comment-contester-une-hausse-de-taxes-municipales\/#primaryimage","url":"https:\/\/mcusercontent.com\/93cd80b45544fad91b6b44d60\/images\/2e4dfbd7-f667-36bf-df36-fcda756c45ba.png","contentUrl":"https:\/\/mcusercontent.com\/93cd80b45544fad91b6b44d60\/images\/2e4dfbd7-f667-36bf-df36-fcda756c45ba.png"},{"@type":"BreadcrumbList","@id":"https:\/\/melaniedubois.com\/fr\/impots-fonciers-comment-contester-une-hausse-de-taxes-municipales\/#breadcrumb","itemListElement":[{"@type":"ListItem","position":1,"name":"Accueil","item":"https:\/\/melaniedubois.com\/en\/"},{"@type":"ListItem","position":2,"name":"Imp\u00f4ts fonciers: comment contester une hausse de taxes municipales"}]},{"@type":"WebSite","@id":"https:\/\/melaniedubois.com\/en\/#website","url":"https:\/\/melaniedubois.com\/en\/","name":"\u00c9quipe M\u00e9lanie Dubois","description":"Courtier immobilier Montr\u00e9al, KW Connexion","potentialAction":[{"@type":"SearchAction","target":{"@type":"EntryPoint","urlTemplate":"https:\/\/melaniedubois.com\/en\/?s={search_term_string}"},"query-input":{"@type":"PropertyValueSpecification","valueRequired":true,"valueName":"search_term_string"}}],"inLanguage":"fr-FR"}]}},"_links":{"self":[{"href":"https:\/\/melaniedubois.com\/fr\/wp-json\/wp\/v2\/pages\/2235","targetHints":{"allow":["GET"]}}],"collection":[{"href":"https:\/\/melaniedubois.com\/fr\/wp-json\/wp\/v2\/pages"}],"about":[{"href":"https:\/\/melaniedubois.com\/fr\/wp-json\/wp\/v2\/types\/page"}],"author":[{"embeddable":true,"href":"https:\/\/melaniedubois.com\/fr\/wp-json\/wp\/v2\/users\/742"}],"replies":[{"embeddable":true,"href":"https:\/\/melaniedubois.com\/fr\/wp-json\/wp\/v2\/comments?post=2235"}],"version-history":[{"count":2,"href":"https:\/\/melaniedubois.com\/fr\/wp-json\/wp\/v2\/pages\/2235\/revisions"}],"predecessor-version":[{"id":2237,"href":"https:\/\/melaniedubois.com\/fr\/wp-json\/wp\/v2\/pages\/2235\/revisions\/2237"}],"wp:attachment":[{"href":"https:\/\/melaniedubois.com\/fr\/wp-json\/wp\/v2\/media?parent=2235"}],"curies":[{"name":"wp","href":"https:\/\/api.w.org\/{rel}","templated":true}]}}