{"id":2307,"date":"2022-06-19T10:43:05","date_gmt":"2022-06-19T14:43:05","guid":{"rendered":"http:\/\/melaniedubois.com\/?page_id=2307"},"modified":"2022-06-19T10:43:05","modified_gmt":"2022-06-19T14:43:05","slug":"hypotheque-au-dela-du-taux-dinteret","status":"publish","type":"page","link":"https:\/\/melaniedubois.com\/fr\/hypotheque-au-dela-du-taux-dinteret\/","title":{"rendered":"Hypoth\u00e8que : Au-del\u00e0 du taux d\u2019int\u00e9r\u00eat"},"content":{"rendered":"<p><\/p>\n<p style=\"text-align: justify;\">Vous vous pr\u00e9parez \u00e0 contracter votre pr\u00eat hypoth\u00e9caire et, bien s\u00fbr, vous avez en t\u00eate toute la question du taux d\u2019int\u00e9r\u00eat, croyant qu\u2019il s\u2019agit du facteur ultime qui vous am\u00e8nera \u00e0 d\u00e9cider des termes du pr\u00eat. Mais il y a pourtant bien d\u2019autres facteurs tout aussi importants, expliquent les experts. En voici quelques-uns.<\/p>\n<p><img decoding=\"async\" src=\"https:\/\/mcusercontent.com\/93cd80b45544fad91b6b44d60\/images\/5a4c0ba7-7449-9428-75a0-7dd7f7481328.png\" \/><\/p>\n<h3 class=\"textModule textModule--type-subhead \" style=\"text-align: justify;\">Votre situation<\/h3>\n<p class=\"paragraph textModule textModule--type-paragraph \" style=\"text-align: justify;\">Le pr\u00eat hypoth\u00e9caire ne sera qu\u2019une partie, quoique assez importante, de vos engagements financiers. C\u2019est pourquoi, au moment de d\u00e9cider quel pr\u00eat hypoth\u00e9caire vous convient le mieux, vous devez prendre en consid\u00e9ration l\u2019ensemble de votre situation financi\u00e8re, afin que celle-ci conserve la flexibilit\u00e9 qui vous assurera d\u2019atteindre tous vos objectifs. La premi\u00e8re \u00e9tape sera de bien \u00e9tablir votre budget, explique Aline Aoueiss, sp\u00e9cialiste hypoth\u00e9caire, BMO Banque de Montr\u00e9al. \u00ab\u00a0R\u00e8gle g\u00e9n\u00e9rale, il n\u2019est pas avis\u00e9 de consacrer plus de 30-35\u00a0% de son revenu brut au remboursement de l\u2019hypoth\u00e8que\u00a0\u00bb, r\u00e9it\u00e8re-t-elle.<\/p>\n<h3 class=\"textModule textModule--type-subhead \" style=\"text-align: justify;\">L\u2019importance de la pr\u00e9qualification<\/h3>\n<p class=\"paragraph textModule textModule--type-paragraph \" style=\"text-align: justify;\">La pand\u00e9mie de COVID-19 a modifi\u00e9 l\u2019environnement \u00e9conomique \u00e0 bien des \u00e9gards, et le secteur immobilier n\u2019y a pas \u00e9chapp\u00e9. Elle a entra\u00een\u00e9 une baisse significative des taux d\u2019int\u00e9r\u00eat. Celle-ci a eu pour effet de stimuler la demande de la part des acheteurs de maisons, ce qui a entra\u00een\u00e9 une augmentation significative des prix, explique M<sup>me<\/sup>\u00a0Aoueiss. \u00ab\u00a0D\u2019o\u00f9 l\u2019importance pour les acheteurs \u00e0 la recherche d\u2019une nouvelle propri\u00e9t\u00e9 de faire pr\u00e9qualifier leur pr\u00eat hypoth\u00e9caire par leur pr\u00eateur de fa\u00e7on \u00e0 s\u2019assurer que leur offre d\u2019achat sera prise en consid\u00e9ration\u00a0\u00bb, dit-elle.<\/p>\n<h3 class=\"textModule textModule--type-subhead \" style=\"text-align: justify;\">Diversit\u00e9 de choix<\/h3>\n<p class=\"paragraph textModule textModule--type-paragraph \" style=\"text-align: justify;\">Il existe des pr\u00eats hypoth\u00e9caires de toutes sortes qui permettent \u00e0 l\u2019emprunteur de choisir le terme qui lui convient le mieux. En fait, le terme de ces pr\u00eats peut varier entre un jour et dix ans. La marge hypoth\u00e9caire permettra \u00e0 l\u2019emprunteur de rembourser la somme qu\u2019il d\u00e9sire en tout temps. Quant aux pr\u00eats conventionnels, les termes les plus demand\u00e9s varient entre un et cinq ans, mais il y a aussi des termes de sept et dix ans pour ceux qui pr\u00e9f\u00e8rent geler le taux d\u2019int\u00e9r\u00eat pour une p\u00e9riode plus longue, explique Nicolas Fr\u00e9chette, directeur, gestion de produits de financement, chez Desjardins, qui constate que ces termes plus longs ont g\u00e9n\u00e9r\u00e9 un certain engouement durant la pand\u00e9mie, \u00e9tant donn\u00e9 que les taux d\u2019int\u00e9r\u00eat \u00e9taient \u00e0 leur plus bas.<\/p>\n<h3 class=\"textModule textModule--type-subhead \" style=\"text-align: justify;\">Profil de l\u2019emprunteur<\/h3>\n<p class=\"paragraph textModule textModule--type-paragraph \" style=\"text-align: justify;\">Les individus se font dire continuellement que la gestion de leurs \u00e9pargnes doit se faire en fonction de leur profil d\u2019investisseur. Il en est de m\u00eame pour la gestion de leur passif qui doit tenir compte de leur profil d\u2019emprunteur, explique Enrik Brassard, vice-pr\u00e9sident adjoint, financement r\u00e9sidentiel, \u00e0 la Banque Nationale. Par exemple, le risque associ\u00e9 \u00e0 une hypoth\u00e8que \u00e0 taux variable n\u2019est pas id\u00e9al pour les emprunteurs qui pr\u00e9f\u00e8rent conna\u00eetre \u00e0 l\u2019avance les engagements auxquels ils devront faire face. \u00ab\u00a0Les gens mettent souvent beaucoup de temps et d\u2019\u00e9nergie \u00e0 d\u00e9terminer quels sont les investissements qui leur conviennent, mais souvent ne se pr\u00e9occupent pas de bien g\u00e9rer leur passif en fonction de leur tol\u00e9rance au risque\u00a0\u00bb, dit-il.<\/p>\n<h3 class=\"textModule textModule--type-subhead \" style=\"text-align: justify;\">Des options pour les couples<\/h3>\n<p class=\"paragraph textModule textModule--type-paragraph \" style=\"text-align: justify;\">Il n\u2019est pas rare que, chez un couple, le profil d\u2019emprunteur soit diff\u00e9rent de l\u2019un \u00e0 l\u2019autre. Il est possible, dans ce cas, de faire deux choix de pr\u00eats hypoth\u00e9caires et de les combiner, explique Nicolas Fr\u00e9chette. Ainsi, une partie pourrait \u00eatre \u00e0 taux variable et l\u2019autre, \u00e0 taux fixe. On peut aussi combiner deux pr\u00eats hypoth\u00e9caires \u00e0 taux fixe, soit un \u00e0 court terme, tel un an, et un autre \u00e0 plus long terme. Cela r\u00e9duira le risque lorsqu\u2019une hausse ou une baisse de taux d\u2019int\u00e9r\u00eat se produira.<\/p>\n<h3 class=\"textModule textModule--type-subhead \" style=\"text-align: justify;\">Des options pour se prot\u00e9ger<\/h3>\n<p class=\"paragraph textModule textModule--type-paragraph \" style=\"text-align: justify;\">L\u2019emprunteur peut se prot\u00e9ger contre l\u2019\u00e9ventualit\u00e9 de ne plus pouvoir effectuer ses paiements gr\u00e2ce \u00e0 des assurances, explique Enrik Brassard. Ce peut \u00eatre une assurance vie qui prot\u00e9gera en cas de mort, ou encore une assurance invalidit\u00e9 grave ou incapacit\u00e9. L\u2019emprunteur peut aussi \u00e9tablir avec son pr\u00eateur des options dans le cas o\u00f9 il pourrait devoir r\u00e9silier les conditions du pr\u00eat. Toutes ces solutions en cas de non-respect des conditions doivent \u00eatre \u00e9tablies au d\u00e9part lorsque le pr\u00eat est contract\u00e9.<\/p>\n<p>&nbsp;<\/p>\n<p><strong>Source<\/strong> :\u00a0<a href=\"https:\/\/www.lapresse.ca\/affaires\/portfolio\/2022-03-20\/hypotheque\/au-dela-du-taux-d-interet.php\">Article de Jean Gagnon publi\u00e9 sur le site lapresse.ca le 20 mars 2022<\/a><\/p>\n<p><strong>Lien : <\/strong><a href=\"https:\/\/www.lapresse.ca\/affaires\/portfolio\/2022-03-20\/hypotheque\/au-dela-du-taux-d-interet.php\">https:\/\/www.lapresse.ca\/affaires\/portfolio\/2022-03-20\/hypotheque\/au-dela-du-taux-d-interet.php<\/a><\/p>\n<p>&nbsp;<\/p>\n<p style=\"text-align: center;\">Vous voulez gardez un oeil sur le march\u00e9 et sur votre investissement ?<\/p>\n<p style=\"text-align: center;\">Nous pouvons p\u00e9riodiquement vous envoyer les ventes dans votre secteur.<\/p>\n<p style=\"text-align: center;\">C&rsquo;est GRATUIT! Aucune obligation de votre part.<\/p>\n<p><img decoding=\"async\" src=\"https:\/\/mcusercontent.com\/93cd80b45544fad91b6b44d60\/images\/4e6f6591-1108-4326-bdd0-44f74a03ea2b.png\" \/><\/p>","protected":false},"excerpt":{"rendered":"<p>Vous vous pr\u00e9parez \u00e0 contracter votre pr\u00eat hypoth\u00e9caire et, bien s\u00fbr, vous avez en t\u00eate toute la question du taux d\u2019int\u00e9r\u00eat, croyant qu\u2019il s\u2019agit du facteur ultime qui vous am\u00e8nera \u00e0 d\u00e9cider des termes du pr\u00eat. Mais il y a pourtant bien d\u2019autres facteurs tout aussi importants, expliquent les experts. En voici quelques-uns. Votre situation [&hellip;]<\/p>\n","protected":false},"author":742,"featured_media":0,"parent":0,"menu_order":0,"comment_status":"closed","ping_status":"closed","template":"","meta":{"_acf_changed":false,"footnotes":""},"class_list":["post-2307","page","type-page","status-publish","hentry"],"acf":[],"yoast_head":"<!-- This site is optimized with the Yoast SEO plugin v26.7 - https:\/\/yoast.com\/wordpress\/plugins\/seo\/ -->\n<title>Hypoth\u00e8que : Au-del\u00e0 du taux d\u2019int\u00e9r\u00eat - \u00c9quipe M\u00e9lanie Dubois<\/title>\n<meta name=\"robots\" content=\"index, follow, max-snippet:-1, max-image-preview:large, max-video-preview:-1\" \/>\n<link rel=\"canonical\" href=\"https:\/\/melaniedubois.com\/fr\/hypotheque-au-dela-du-taux-dinteret\/\" \/>\n<meta property=\"og:locale\" content=\"fr_FR\" \/>\n<meta property=\"og:type\" content=\"article\" \/>\n<meta property=\"og:title\" content=\"Hypoth\u00e8que : Au-del\u00e0 du taux d\u2019int\u00e9r\u00eat - \u00c9quipe M\u00e9lanie Dubois\" \/>\n<meta property=\"og:description\" content=\"Vous vous pr\u00e9parez \u00e0 contracter votre pr\u00eat hypoth\u00e9caire et, bien s\u00fbr, vous avez en t\u00eate toute la question du taux d\u2019int\u00e9r\u00eat, croyant qu\u2019il s\u2019agit du facteur ultime qui vous am\u00e8nera \u00e0 d\u00e9cider des termes du pr\u00eat. Mais il y a pourtant bien d\u2019autres facteurs tout aussi importants, expliquent les experts. En voici quelques-uns. Votre situation [&hellip;]\" \/>\n<meta property=\"og:url\" content=\"https:\/\/melaniedubois.com\/fr\/hypotheque-au-dela-du-taux-dinteret\/\" \/>\n<meta property=\"og:site_name\" content=\"\u00c9quipe M\u00e9lanie Dubois\" \/>\n<meta property=\"og:image\" content=\"https:\/\/mcusercontent.com\/93cd80b45544fad91b6b44d60\/images\/5a4c0ba7-7449-9428-75a0-7dd7f7481328.png\" \/>\n<meta name=\"twitter:card\" content=\"summary_large_image\" \/>\n<meta name=\"twitter:label1\" content=\"Dur\u00e9e de lecture estim\u00e9e\" \/>\n\t<meta name=\"twitter:data1\" content=\"4 minutes\" \/>\n<script type=\"application\/ld+json\" class=\"yoast-schema-graph\">{\"@context\":\"https:\/\/schema.org\",\"@graph\":[{\"@type\":\"WebPage\",\"@id\":\"https:\/\/melaniedubois.com\/fr\/hypotheque-au-dela-du-taux-dinteret\/\",\"url\":\"https:\/\/melaniedubois.com\/fr\/hypotheque-au-dela-du-taux-dinteret\/\",\"name\":\"[:fr]Hypoth\u00e8que : Au-del\u00e0 du taux d\u2019int\u00e9r\u00eat[:] - \u00c9quipe M\u00e9lanie Dubois\",\"isPartOf\":{\"@id\":\"https:\/\/melaniedubois.com\/en\/#website\"},\"primaryImageOfPage\":{\"@id\":\"https:\/\/melaniedubois.com\/fr\/hypotheque-au-dela-du-taux-dinteret\/#primaryimage\"},\"image\":{\"@id\":\"https:\/\/melaniedubois.com\/fr\/hypotheque-au-dela-du-taux-dinteret\/#primaryimage\"},\"thumbnailUrl\":\"https:\/\/mcusercontent.com\/93cd80b45544fad91b6b44d60\/images\/5a4c0ba7-7449-9428-75a0-7dd7f7481328.png\",\"datePublished\":\"2022-06-19T14:43:05+00:00\",\"breadcrumb\":{\"@id\":\"https:\/\/melaniedubois.com\/fr\/hypotheque-au-dela-du-taux-dinteret\/#breadcrumb\"},\"inLanguage\":\"fr-FR\",\"potentialAction\":[{\"@type\":\"ReadAction\",\"target\":[\"https:\/\/melaniedubois.com\/fr\/hypotheque-au-dela-du-taux-dinteret\/\"]}]},{\"@type\":\"ImageObject\",\"inLanguage\":\"fr-FR\",\"@id\":\"https:\/\/melaniedubois.com\/fr\/hypotheque-au-dela-du-taux-dinteret\/#primaryimage\",\"url\":\"https:\/\/mcusercontent.com\/93cd80b45544fad91b6b44d60\/images\/5a4c0ba7-7449-9428-75a0-7dd7f7481328.png\",\"contentUrl\":\"https:\/\/mcusercontent.com\/93cd80b45544fad91b6b44d60\/images\/5a4c0ba7-7449-9428-75a0-7dd7f7481328.png\"},{\"@type\":\"BreadcrumbList\",\"@id\":\"https:\/\/melaniedubois.com\/fr\/hypotheque-au-dela-du-taux-dinteret\/#breadcrumb\",\"itemListElement\":[{\"@type\":\"ListItem\",\"position\":1,\"name\":\"Accueil\",\"item\":\"https:\/\/melaniedubois.com\/en\/\"},{\"@type\":\"ListItem\",\"position\":2,\"name\":\"Hypoth\u00e8que : Au-del\u00e0 du taux d\u2019int\u00e9r\u00eat\"}]},{\"@type\":\"WebSite\",\"@id\":\"https:\/\/melaniedubois.com\/en\/#website\",\"url\":\"https:\/\/melaniedubois.com\/en\/\",\"name\":\"\u00c9quipe M\u00e9lanie Dubois\",\"description\":\"Courtier immobilier Montr\u00e9al, KW Connexion\",\"potentialAction\":[{\"@type\":\"SearchAction\",\"target\":{\"@type\":\"EntryPoint\",\"urlTemplate\":\"https:\/\/melaniedubois.com\/en\/?s={search_term_string}\"},\"query-input\":{\"@type\":\"PropertyValueSpecification\",\"valueRequired\":true,\"valueName\":\"search_term_string\"}}],\"inLanguage\":\"fr-FR\"}]}<\/script>\n<!-- \/ Yoast SEO plugin. -->","yoast_head_json":{"title":"Hypoth\u00e8que : Au-del\u00e0 du taux d\u2019int\u00e9r\u00eat - \u00c9quipe M\u00e9lanie Dubois","robots":{"index":"index","follow":"follow","max-snippet":"max-snippet:-1","max-image-preview":"max-image-preview:large","max-video-preview":"max-video-preview:-1"},"canonical":"https:\/\/melaniedubois.com\/fr\/hypotheque-au-dela-du-taux-dinteret\/","og_locale":"fr_FR","og_type":"article","og_title":"Hypoth\u00e8que : Au-del\u00e0 du taux d\u2019int\u00e9r\u00eat - \u00c9quipe M\u00e9lanie Dubois","og_description":"Vous vous pr\u00e9parez \u00e0 contracter votre pr\u00eat hypoth\u00e9caire et, bien s\u00fbr, vous avez en t\u00eate toute la question du taux d\u2019int\u00e9r\u00eat, croyant qu\u2019il s\u2019agit du facteur ultime qui vous am\u00e8nera \u00e0 d\u00e9cider des termes du pr\u00eat. Mais il y a pourtant bien d\u2019autres facteurs tout aussi importants, expliquent les experts. En voici quelques-uns. Votre situation [&hellip;]","og_url":"https:\/\/melaniedubois.com\/fr\/hypotheque-au-dela-du-taux-dinteret\/","og_site_name":"\u00c9quipe M\u00e9lanie Dubois","og_image":[{"url":"https:\/\/mcusercontent.com\/93cd80b45544fad91b6b44d60\/images\/5a4c0ba7-7449-9428-75a0-7dd7f7481328.png","type":"","width":"","height":""}],"twitter_card":"summary_large_image","twitter_misc":{"Dur\u00e9e de lecture estim\u00e9e":"4 minutes"},"schema":{"@context":"https:\/\/schema.org","@graph":[{"@type":"WebPage","@id":"https:\/\/melaniedubois.com\/fr\/hypotheque-au-dela-du-taux-dinteret\/","url":"https:\/\/melaniedubois.com\/fr\/hypotheque-au-dela-du-taux-dinteret\/","name":"[:fr]Hypoth\u00e8que : Au-del\u00e0 du taux d\u2019int\u00e9r\u00eat[:] - \u00c9quipe M\u00e9lanie Dubois","isPartOf":{"@id":"https:\/\/melaniedubois.com\/en\/#website"},"primaryImageOfPage":{"@id":"https:\/\/melaniedubois.com\/fr\/hypotheque-au-dela-du-taux-dinteret\/#primaryimage"},"image":{"@id":"https:\/\/melaniedubois.com\/fr\/hypotheque-au-dela-du-taux-dinteret\/#primaryimage"},"thumbnailUrl":"https:\/\/mcusercontent.com\/93cd80b45544fad91b6b44d60\/images\/5a4c0ba7-7449-9428-75a0-7dd7f7481328.png","datePublished":"2022-06-19T14:43:05+00:00","breadcrumb":{"@id":"https:\/\/melaniedubois.com\/fr\/hypotheque-au-dela-du-taux-dinteret\/#breadcrumb"},"inLanguage":"fr-FR","potentialAction":[{"@type":"ReadAction","target":["https:\/\/melaniedubois.com\/fr\/hypotheque-au-dela-du-taux-dinteret\/"]}]},{"@type":"ImageObject","inLanguage":"fr-FR","@id":"https:\/\/melaniedubois.com\/fr\/hypotheque-au-dela-du-taux-dinteret\/#primaryimage","url":"https:\/\/mcusercontent.com\/93cd80b45544fad91b6b44d60\/images\/5a4c0ba7-7449-9428-75a0-7dd7f7481328.png","contentUrl":"https:\/\/mcusercontent.com\/93cd80b45544fad91b6b44d60\/images\/5a4c0ba7-7449-9428-75a0-7dd7f7481328.png"},{"@type":"BreadcrumbList","@id":"https:\/\/melaniedubois.com\/fr\/hypotheque-au-dela-du-taux-dinteret\/#breadcrumb","itemListElement":[{"@type":"ListItem","position":1,"name":"Accueil","item":"https:\/\/melaniedubois.com\/en\/"},{"@type":"ListItem","position":2,"name":"Hypoth\u00e8que : Au-del\u00e0 du taux d\u2019int\u00e9r\u00eat"}]},{"@type":"WebSite","@id":"https:\/\/melaniedubois.com\/en\/#website","url":"https:\/\/melaniedubois.com\/en\/","name":"\u00c9quipe M\u00e9lanie Dubois","description":"Courtier immobilier Montr\u00e9al, KW Connexion","potentialAction":[{"@type":"SearchAction","target":{"@type":"EntryPoint","urlTemplate":"https:\/\/melaniedubois.com\/en\/?s={search_term_string}"},"query-input":{"@type":"PropertyValueSpecification","valueRequired":true,"valueName":"search_term_string"}}],"inLanguage":"fr-FR"}]}},"_links":{"self":[{"href":"https:\/\/melaniedubois.com\/fr\/wp-json\/wp\/v2\/pages\/2307","targetHints":{"allow":["GET"]}}],"collection":[{"href":"https:\/\/melaniedubois.com\/fr\/wp-json\/wp\/v2\/pages"}],"about":[{"href":"https:\/\/melaniedubois.com\/fr\/wp-json\/wp\/v2\/types\/page"}],"author":[{"embeddable":true,"href":"https:\/\/melaniedubois.com\/fr\/wp-json\/wp\/v2\/users\/742"}],"replies":[{"embeddable":true,"href":"https:\/\/melaniedubois.com\/fr\/wp-json\/wp\/v2\/comments?post=2307"}],"version-history":[{"count":1,"href":"https:\/\/melaniedubois.com\/fr\/wp-json\/wp\/v2\/pages\/2307\/revisions"}],"predecessor-version":[{"id":2308,"href":"https:\/\/melaniedubois.com\/fr\/wp-json\/wp\/v2\/pages\/2307\/revisions\/2308"}],"wp:attachment":[{"href":"https:\/\/melaniedubois.com\/fr\/wp-json\/wp\/v2\/media?parent=2307"}],"curies":[{"name":"wp","href":"https:\/\/api.w.org\/{rel}","templated":true}]}}