{"id":2322,"date":"2022-08-07T11:14:47","date_gmt":"2022-08-07T15:14:47","guid":{"rendered":"http:\/\/melaniedubois.com\/?page_id=2322"},"modified":"2022-08-07T11:14:47","modified_gmt":"2022-08-07T15:14:47","slug":"les-corrections-du-marche-font-partie-de-la-vie-profitez-de-la-correction","status":"publish","type":"page","link":"https:\/\/melaniedubois.com\/fr\/les-corrections-du-marche-font-partie-de-la-vie-profitez-de-la-correction\/","title":{"rendered":"Les corrections du march\u00e9 font partie de la vie &#8211; profitez de la correction."},"content":{"rendered":"<p><\/p>\n<p style=\"text-align: justify;\">Attention aux propri\u00e9taires de maisons : la valeur de ce qui est probablement le plus gros investissement que vous ferez jamais, est en train de chuter.<\/p>\n<p><img decoding=\"async\" src=\"https:\/\/mcusercontent.com\/93cd80b45544fad91b6b44d60\/images\/8b2ce076-e0a5-56ea-b054-77700a4958f3.png\" \/><\/p>\n<p style=\"text-align: justify;\">Voil\u00e0 pour les mauvaises nouvelles. La bonne nouvelle est que poss\u00e9der une maison reste probablement le meilleur investissement que vous puissiez faire \u00e0 long terme.<\/p>\n<p style=\"text-align: justify;\">Les estimations de la baisse des prix des maisons \u00e0 court terme sont tr\u00e8s variables et d\u00e9pendent de facteurs propres au type de propri\u00e9t\u00e9 r\u00e9sidentielle et \u00e0 l&#8217;emplacement.<\/p>\n<p style=\"text-align: justify;\">RBC Economics &#8211; une source conservatrice et relativement pr\u00e9cise pour les projections du march\u00e9 immobilier &#8211; a r\u00e9cemment publi\u00e9 un rapport pr\u00e9voyant une correction de 12 % des prix du march\u00e9 immobilier par rapport au pic de f\u00e9vrier dernier, d&rsquo;ici l&rsquo;hiver prochain.<\/p>\n<p style=\"text-align: justify;\">\u00ab\u00a0Nous pensons que le ralentissement actuel doit \u00eatre consid\u00e9r\u00e9 comme une accalmie bienvenue apr\u00e8s une fr\u00e9n\u00e9sie de deux ans qui a impos\u00e9 un \u00e9norme fardeau financier \u00e0 de nombreux nouveaux propri\u00e9taires et rendu les r\u00eaves de propri\u00e9t\u00e9 plus difficiles \u00e0 r\u00e9aliser\u00a0\u00bb, a \u00e9crit Robert Hogue, \u00e9conomiste en chef adjoint de RBC, dans le rapport.<\/p>\n<p style=\"text-align: justify;\">Ce n&rsquo;est qu&rsquo;un maigre r\u00e9confort pour les propri\u00e9taires qui voient leur investissement fondre \u00e0 cause d&rsquo;une \u00e9valuation qui n&rsquo;a jamais vraiment exist\u00e9. Les m\u00e9dias font \u00e9tat de nombreux cas de propri\u00e9taires qui vendent leur maison \u00e0 un prix inf\u00e9rieur au prix demand\u00e9 arbitrairement et qui qualifient la diff\u00e9rence de perte, comme s&rsquo;il s&rsquo;agissait d&rsquo;argent en banque.<\/p>\n<p style=\"text-align: justify;\">Dans de nombreux cas, ces \u00e9valuations ont doubl\u00e9 ou tripl\u00e9 au cours des dix derni\u00e8res ann\u00e9es, au-del\u00e0 de la valeur intrins\u00e8que r\u00e9elle de la maison.<\/p>\n<p style=\"text-align: justify;\">C&rsquo;est pourquoi on appelle cela une correction, c&rsquo;est-\u00e0-dire un retour du prix d&rsquo;un actif \u00e0 sa valeur intrins\u00e8que r\u00e9elle. Les \u00e9conomistes de la Soci\u00e9t\u00e9 canadienne d&rsquo;hypoth\u00e8ques et de logement (SCHL) affirment depuis longtemps que le prix moyen d&rsquo;une maison moyenne a toujours augment\u00e9 d&rsquo;au moins cinq pour cent par an au cours des 25 ann\u00e9es \u00e9coul\u00e9es depuis la Seconde Guerre mondiale, et il n&rsquo;y a aucune raison pr\u00e9visible pour que l&rsquo;avenir soit diff\u00e9rent.<\/p>\n<p style=\"text-align: justify;\">La seule chose que toutes les corrections ont en commun, c&rsquo;est leur tendance \u00e0 nous faire perdre la t\u00eate, car notre crainte la plus profonde est qu&rsquo;elles se poursuivent jusqu&rsquo;\u00e0 l&rsquo;effondrement.<\/p>\n<p style=\"text-align: justify;\">La perspective \u00e0 long terme est le meilleur rem\u00e8de \u00e0 la peur \u00e0 court terme, du moins dans ce cas.<\/p>\n<p style=\"text-align: justify;\">Le S&amp;P 500 est un bon exemple de la fa\u00e7on dont les corrections se produisent, car l&rsquo;indice contient une section transversale diversifi\u00e9e d&rsquo;actions qui refl\u00e8tent l&rsquo;ensemble des march\u00e9s. Jusqu&rsquo;\u00e0 la cl\u00f4ture des march\u00e9s jeudi, l&rsquo;indice de r\u00e9f\u00e9rence avait perdu pr\u00e8s de 15 % cette ann\u00e9e : il s&rsquo;agit officiellement d&rsquo;une correction.<\/p>\n<p style=\"text-align: justify;\">Toutefois, la valeur de l&rsquo;indice S&amp;P 500 a grimp\u00e9 d&rsquo;environ 65 % au cours des cinq derni\u00e8res ann\u00e9es.<\/p>\n<p style=\"text-align: justify;\">De m\u00eame, le Nasdaq 100, tr\u00e8s technologique, a d\u00e9pass\u00e9 le stade de la correction pour se retrouver en territoire de march\u00e9 baissier apr\u00e8s avoir chut\u00e9 de pr\u00e8s de 25 % par rapport \u00e0 son sommet du 1er d\u00e9cembre 2021.<\/p>\n<p style=\"text-align: justify;\">M\u00eame en territoire de march\u00e9 baissier, le Nasdaq 100 a augment\u00e9 de pr\u00e8s de 90 % au cours des cinq derni\u00e8res ann\u00e9es.<\/p>\n<p style=\"text-align: justify;\">Les corrections deviennent beaucoup plus claires lorsque vous regardez les graphiques \u00e0 long terme et que vous r\u00e9alisez que vous pourriez perdre le sommeil \u00e0 cause d&rsquo;une anomalie \u00e0 court terme.<\/p>\n<p style=\"text-align: justify;\">Oh, et les corrections fonctionnent dans les deux sens. Comme le souligne RBC, une correction du march\u00e9 immobilier offre des possibilit\u00e9s aux acheteurs de maisons, tout comme les corrections du march\u00e9 boursier offrent aux investisseurs la possibilit\u00e9 d&rsquo;acheter en dessous de la valeur intrins\u00e8que r\u00e9elle.<\/p>\n<p style=\"text-align: justify;\">Voici une id\u00e9e pour les propri\u00e9taires et les investisseurs qui craignent une correction. Recherchez des graphiques de prix \u00e0 long terme aupr\u00e8s de sources en ligne cr\u00e9dibles, imprimez-les et collez-les sur votre r\u00e9frig\u00e9rateur.<\/p>\n<p>&nbsp;<\/p>\n<p><strong>Source<\/strong> :\u00a0<a href=\"https:\/\/www.bnnbloomberg.ca\/market-corrections-are-just-part-of-life-embrace-the-correction-1.1798958\">Article de Dale Jackson publi\u00e9 sur le site <em>BNNBloomberg.ca<\/em> le 19 juillet 2022<\/a><\/p>\n<p><strong>Lien : <\/strong><a href=\"https:\/\/www.bnnbloomberg.ca\/market-corrections-are-just-part-of-life-embrace-the-correction-1.1798958\">https:\/\/www.bnnbloomberg.ca\/market-corrections-are-just-part-of-life-embrace-the-correction-1.1798958<\/a><\/p>\n<p>&nbsp;<\/p>\n<p style=\"text-align: center;\">Vous voulez gardez un oeil sur le march\u00e9 et sur votre investissement ?<\/p>\n<p style=\"text-align: center;\">Nous pouvons p\u00e9riodiquement vous envoyer les ventes dans votre secteur.<\/p>\n<p style=\"text-align: center;\">C&rsquo;est GRATUIT! Aucune obligation de votre part.<\/p>\n<p><img decoding=\"async\" src=\"https:\/\/mcusercontent.com\/93cd80b45544fad91b6b44d60\/images\/4e6f6591-1108-4326-bdd0-44f74a03ea2b.png\" \/><\/p>","protected":false},"excerpt":{"rendered":"<p>Attention aux propri\u00e9taires de maisons : la valeur de ce qui est probablement le plus gros investissement que vous ferez jamais, est en train de chuter. Voil\u00e0 pour les mauvaises nouvelles. La bonne nouvelle est que poss\u00e9der une maison reste probablement le meilleur investissement que vous puissiez faire \u00e0 long terme. Les estimations de la [&hellip;]<\/p>\n","protected":false},"author":742,"featured_media":0,"parent":0,"menu_order":0,"comment_status":"closed","ping_status":"closed","template":"","meta":{"_acf_changed":false,"footnotes":""},"class_list":["post-2322","page","type-page","status-publish","hentry"],"acf":[],"yoast_head":"<!-- This site is optimized with the Yoast SEO plugin v26.7 - https:\/\/yoast.com\/wordpress\/plugins\/seo\/ -->\n<title>Les corrections du march\u00e9 font partie de la vie - profitez de la correction. - \u00c9quipe M\u00e9lanie Dubois<\/title>\n<meta name=\"robots\" content=\"index, follow, max-snippet:-1, max-image-preview:large, max-video-preview:-1\" \/>\n<link rel=\"canonical\" href=\"https:\/\/melaniedubois.com\/fr\/les-corrections-du-marche-font-partie-de-la-vie-profitez-de-la-correction\/\" \/>\n<meta property=\"og:locale\" content=\"fr_FR\" \/>\n<meta property=\"og:type\" content=\"article\" \/>\n<meta property=\"og:title\" content=\"Les corrections du march\u00e9 font partie de la vie - profitez de la correction. - \u00c9quipe M\u00e9lanie Dubois\" \/>\n<meta property=\"og:description\" content=\"Attention aux propri\u00e9taires de maisons : la valeur de ce qui est probablement le plus gros investissement que vous ferez jamais, est en train de chuter. Voil\u00e0 pour les mauvaises nouvelles. La bonne nouvelle est que poss\u00e9der une maison reste probablement le meilleur investissement que vous puissiez faire \u00e0 long terme. Les estimations de la [&hellip;]\" \/>\n<meta property=\"og:url\" content=\"https:\/\/melaniedubois.com\/fr\/les-corrections-du-marche-font-partie-de-la-vie-profitez-de-la-correction\/\" \/>\n<meta property=\"og:site_name\" content=\"\u00c9quipe M\u00e9lanie Dubois\" \/>\n<meta property=\"og:image\" content=\"https:\/\/mcusercontent.com\/93cd80b45544fad91b6b44d60\/images\/8b2ce076-e0a5-56ea-b054-77700a4958f3.png\" \/>\n<meta name=\"twitter:card\" content=\"summary_large_image\" \/>\n<meta name=\"twitter:label1\" content=\"Dur\u00e9e de lecture estim\u00e9e\" \/>\n\t<meta name=\"twitter:data1\" content=\"4 minutes\" \/>\n<script type=\"application\/ld+json\" class=\"yoast-schema-graph\">{\"@context\":\"https:\/\/schema.org\",\"@graph\":[{\"@type\":\"WebPage\",\"@id\":\"https:\/\/melaniedubois.com\/fr\/les-corrections-du-marche-font-partie-de-la-vie-profitez-de-la-correction\/\",\"url\":\"https:\/\/melaniedubois.com\/fr\/les-corrections-du-marche-font-partie-de-la-vie-profitez-de-la-correction\/\",\"name\":\"[:fr]Les corrections du march\u00e9 font partie de la vie - profitez de la correction.[:] - \u00c9quipe M\u00e9lanie Dubois\",\"isPartOf\":{\"@id\":\"https:\/\/melaniedubois.com\/en\/#website\"},\"primaryImageOfPage\":{\"@id\":\"https:\/\/melaniedubois.com\/fr\/les-corrections-du-marche-font-partie-de-la-vie-profitez-de-la-correction\/#primaryimage\"},\"image\":{\"@id\":\"https:\/\/melaniedubois.com\/fr\/les-corrections-du-marche-font-partie-de-la-vie-profitez-de-la-correction\/#primaryimage\"},\"thumbnailUrl\":\"https:\/\/mcusercontent.com\/93cd80b45544fad91b6b44d60\/images\/8b2ce076-e0a5-56ea-b054-77700a4958f3.png\",\"datePublished\":\"2022-08-07T15:14:47+00:00\",\"breadcrumb\":{\"@id\":\"https:\/\/melaniedubois.com\/fr\/les-corrections-du-marche-font-partie-de-la-vie-profitez-de-la-correction\/#breadcrumb\"},\"inLanguage\":\"fr-FR\",\"potentialAction\":[{\"@type\":\"ReadAction\",\"target\":[\"https:\/\/melaniedubois.com\/fr\/les-corrections-du-marche-font-partie-de-la-vie-profitez-de-la-correction\/\"]}]},{\"@type\":\"ImageObject\",\"inLanguage\":\"fr-FR\",\"@id\":\"https:\/\/melaniedubois.com\/fr\/les-corrections-du-marche-font-partie-de-la-vie-profitez-de-la-correction\/#primaryimage\",\"url\":\"https:\/\/mcusercontent.com\/93cd80b45544fad91b6b44d60\/images\/8b2ce076-e0a5-56ea-b054-77700a4958f3.png\",\"contentUrl\":\"https:\/\/mcusercontent.com\/93cd80b45544fad91b6b44d60\/images\/8b2ce076-e0a5-56ea-b054-77700a4958f3.png\"},{\"@type\":\"BreadcrumbList\",\"@id\":\"https:\/\/melaniedubois.com\/fr\/les-corrections-du-marche-font-partie-de-la-vie-profitez-de-la-correction\/#breadcrumb\",\"itemListElement\":[{\"@type\":\"ListItem\",\"position\":1,\"name\":\"Accueil\",\"item\":\"https:\/\/melaniedubois.com\/en\/\"},{\"@type\":\"ListItem\",\"position\":2,\"name\":\"Les corrections du march\u00e9 font partie de la vie &#8211; profitez de la correction.\"}]},{\"@type\":\"WebSite\",\"@id\":\"https:\/\/melaniedubois.com\/en\/#website\",\"url\":\"https:\/\/melaniedubois.com\/en\/\",\"name\":\"\u00c9quipe M\u00e9lanie Dubois\",\"description\":\"Courtier immobilier Montr\u00e9al, KW Connexion\",\"potentialAction\":[{\"@type\":\"SearchAction\",\"target\":{\"@type\":\"EntryPoint\",\"urlTemplate\":\"https:\/\/melaniedubois.com\/en\/?s={search_term_string}\"},\"query-input\":{\"@type\":\"PropertyValueSpecification\",\"valueRequired\":true,\"valueName\":\"search_term_string\"}}],\"inLanguage\":\"fr-FR\"}]}<\/script>\n<!-- \/ Yoast SEO plugin. -->","yoast_head_json":{"title":"Les corrections du march\u00e9 font partie de la vie - profitez de la correction. - \u00c9quipe M\u00e9lanie Dubois","robots":{"index":"index","follow":"follow","max-snippet":"max-snippet:-1","max-image-preview":"max-image-preview:large","max-video-preview":"max-video-preview:-1"},"canonical":"https:\/\/melaniedubois.com\/fr\/les-corrections-du-marche-font-partie-de-la-vie-profitez-de-la-correction\/","og_locale":"fr_FR","og_type":"article","og_title":"Les corrections du march\u00e9 font partie de la vie - profitez de la correction. - \u00c9quipe M\u00e9lanie Dubois","og_description":"Attention aux propri\u00e9taires de maisons : la valeur de ce qui est probablement le plus gros investissement que vous ferez jamais, est en train de chuter. Voil\u00e0 pour les mauvaises nouvelles. La bonne nouvelle est que poss\u00e9der une maison reste probablement le meilleur investissement que vous puissiez faire \u00e0 long terme. Les estimations de la [&hellip;]","og_url":"https:\/\/melaniedubois.com\/fr\/les-corrections-du-marche-font-partie-de-la-vie-profitez-de-la-correction\/","og_site_name":"\u00c9quipe M\u00e9lanie Dubois","og_image":[{"url":"https:\/\/mcusercontent.com\/93cd80b45544fad91b6b44d60\/images\/8b2ce076-e0a5-56ea-b054-77700a4958f3.png","type":"","width":"","height":""}],"twitter_card":"summary_large_image","twitter_misc":{"Dur\u00e9e de lecture estim\u00e9e":"4 minutes"},"schema":{"@context":"https:\/\/schema.org","@graph":[{"@type":"WebPage","@id":"https:\/\/melaniedubois.com\/fr\/les-corrections-du-marche-font-partie-de-la-vie-profitez-de-la-correction\/","url":"https:\/\/melaniedubois.com\/fr\/les-corrections-du-marche-font-partie-de-la-vie-profitez-de-la-correction\/","name":"[:fr]Les corrections du march\u00e9 font partie de la vie - profitez de la correction.[:] - \u00c9quipe M\u00e9lanie Dubois","isPartOf":{"@id":"https:\/\/melaniedubois.com\/en\/#website"},"primaryImageOfPage":{"@id":"https:\/\/melaniedubois.com\/fr\/les-corrections-du-marche-font-partie-de-la-vie-profitez-de-la-correction\/#primaryimage"},"image":{"@id":"https:\/\/melaniedubois.com\/fr\/les-corrections-du-marche-font-partie-de-la-vie-profitez-de-la-correction\/#primaryimage"},"thumbnailUrl":"https:\/\/mcusercontent.com\/93cd80b45544fad91b6b44d60\/images\/8b2ce076-e0a5-56ea-b054-77700a4958f3.png","datePublished":"2022-08-07T15:14:47+00:00","breadcrumb":{"@id":"https:\/\/melaniedubois.com\/fr\/les-corrections-du-marche-font-partie-de-la-vie-profitez-de-la-correction\/#breadcrumb"},"inLanguage":"fr-FR","potentialAction":[{"@type":"ReadAction","target":["https:\/\/melaniedubois.com\/fr\/les-corrections-du-marche-font-partie-de-la-vie-profitez-de-la-correction\/"]}]},{"@type":"ImageObject","inLanguage":"fr-FR","@id":"https:\/\/melaniedubois.com\/fr\/les-corrections-du-marche-font-partie-de-la-vie-profitez-de-la-correction\/#primaryimage","url":"https:\/\/mcusercontent.com\/93cd80b45544fad91b6b44d60\/images\/8b2ce076-e0a5-56ea-b054-77700a4958f3.png","contentUrl":"https:\/\/mcusercontent.com\/93cd80b45544fad91b6b44d60\/images\/8b2ce076-e0a5-56ea-b054-77700a4958f3.png"},{"@type":"BreadcrumbList","@id":"https:\/\/melaniedubois.com\/fr\/les-corrections-du-marche-font-partie-de-la-vie-profitez-de-la-correction\/#breadcrumb","itemListElement":[{"@type":"ListItem","position":1,"name":"Accueil","item":"https:\/\/melaniedubois.com\/en\/"},{"@type":"ListItem","position":2,"name":"Les corrections du march\u00e9 font partie de la vie &#8211; profitez de la correction."}]},{"@type":"WebSite","@id":"https:\/\/melaniedubois.com\/en\/#website","url":"https:\/\/melaniedubois.com\/en\/","name":"\u00c9quipe M\u00e9lanie Dubois","description":"Courtier immobilier Montr\u00e9al, KW Connexion","potentialAction":[{"@type":"SearchAction","target":{"@type":"EntryPoint","urlTemplate":"https:\/\/melaniedubois.com\/en\/?s={search_term_string}"},"query-input":{"@type":"PropertyValueSpecification","valueRequired":true,"valueName":"search_term_string"}}],"inLanguage":"fr-FR"}]}},"_links":{"self":[{"href":"https:\/\/melaniedubois.com\/fr\/wp-json\/wp\/v2\/pages\/2322","targetHints":{"allow":["GET"]}}],"collection":[{"href":"https:\/\/melaniedubois.com\/fr\/wp-json\/wp\/v2\/pages"}],"about":[{"href":"https:\/\/melaniedubois.com\/fr\/wp-json\/wp\/v2\/types\/page"}],"author":[{"embeddable":true,"href":"https:\/\/melaniedubois.com\/fr\/wp-json\/wp\/v2\/users\/742"}],"replies":[{"embeddable":true,"href":"https:\/\/melaniedubois.com\/fr\/wp-json\/wp\/v2\/comments?post=2322"}],"version-history":[{"count":1,"href":"https:\/\/melaniedubois.com\/fr\/wp-json\/wp\/v2\/pages\/2322\/revisions"}],"predecessor-version":[{"id":2323,"href":"https:\/\/melaniedubois.com\/fr\/wp-json\/wp\/v2\/pages\/2322\/revisions\/2323"}],"wp:attachment":[{"href":"https:\/\/melaniedubois.com\/fr\/wp-json\/wp\/v2\/media?parent=2322"}],"curies":[{"name":"wp","href":"https:\/\/api.w.org\/{rel}","templated":true}]}}