{"id":2331,"date":"2022-08-19T16:59:06","date_gmt":"2022-08-19T20:59:06","guid":{"rendered":"http:\/\/melaniedubois.com\/?page_id=2331"},"modified":"2022-08-19T16:59:06","modified_gmt":"2022-08-19T20:59:06","slug":"english-buying-a-house-how-much-does-it-really-cost","status":"publish","type":"page","link":"https:\/\/melaniedubois.com\/fr\/english-buying-a-house-how-much-does-it-really-cost\/","title":{"rendered":"(English) Buying a house: how much does it really cost?"},"content":{"rendered":"<p class=\"qtranxs-available-languages-message qtranxs-available-languages-message-fr\">D\u00e9sol\u00e9, cet article est seulement disponible en <a href=\"https:\/\/melaniedubois.com\/en\/wp-json\/wp\/v2\/pages\/2331\" class=\"qtranxs-available-language-link qtranxs-available-language-link-en\" title=\"English\">English<\/a>.<\/p>","protected":false},"excerpt":{"rendered":"<p>D\u00e9sol\u00e9, cet article est seulement disponible en English.<\/p>\n","protected":false},"author":742,"featured_media":0,"parent":0,"menu_order":0,"comment_status":"closed","ping_status":"closed","template":"","meta":{"_acf_changed":false,"footnotes":""},"class_list":["post-2331","page","type-page","status-publish","hentry"],"acf":[],"yoast_head":"<!-- This site is optimized with the Yoast SEO plugin v26.7 - https:\/\/yoast.com\/wordpress\/plugins\/seo\/ -->\n<title>(English) Buying a house: how much does it really cost? - \u00c9quipe M\u00e9lanie Dubois<\/title>\n<meta name=\"robots\" content=\"index, follow, max-snippet:-1, max-image-preview:large, max-video-preview:-1\" \/>\n<link rel=\"canonical\" href=\"https:\/\/melaniedubois.com\/fr\/english-buying-a-house-how-much-does-it-really-cost\/\" \/>\n<meta property=\"og:locale\" content=\"fr_FR\" \/>\n<meta property=\"og:type\" content=\"article\" \/>\n<meta property=\"og:title\" content=\"(English) Buying a house: how much does it really cost? - \u00c9quipe M\u00e9lanie Dubois\" \/>\n<meta property=\"og:description\" content=\"D\u00e9sol\u00e9, cet article est seulement disponible en English.\" \/>\n<meta property=\"og:url\" content=\"https:\/\/melaniedubois.com\/fr\/english-buying-a-house-how-much-does-it-really-cost\/\" \/>\n<meta property=\"og:site_name\" content=\"\u00c9quipe M\u00e9lanie Dubois\" \/>\n<meta property=\"og:image\" content=\"https:\/\/mcusercontent.com\/93cd80b45544fad91b6b44d60\/images\/92f6ef44-6ad4-ef18-fac7-492fe776a81b.png\" \/>\n<meta name=\"twitter:card\" content=\"summary_large_image\" \/>\n<meta name=\"twitter:label1\" content=\"Dur\u00e9e de lecture estim\u00e9e\" \/>\n\t<meta name=\"twitter:data1\" content=\"3 minutes\" \/>\n<script type=\"application\/ld+json\" class=\"yoast-schema-graph\">{\"@context\":\"https:\/\/schema.org\",\"@graph\":[{\"@type\":\"WebPage\",\"@id\":\"https:\/\/melaniedubois.com\/fr\/english-buying-a-house-how-much-does-it-really-cost\/\",\"url\":\"https:\/\/melaniedubois.com\/fr\/english-buying-a-house-how-much-does-it-really-cost\/\",\"name\":\"[:en]Buying a house: how much does it really cost?[:] - \u00c9quipe M\u00e9lanie Dubois\",\"isPartOf\":{\"@id\":\"https:\/\/melaniedubois.com\/en\/#website\"},\"primaryImageOfPage\":{\"@id\":\"https:\/\/melaniedubois.com\/fr\/english-buying-a-house-how-much-does-it-really-cost\/#primaryimage\"},\"image\":{\"@id\":\"https:\/\/melaniedubois.com\/fr\/english-buying-a-house-how-much-does-it-really-cost\/#primaryimage\"},\"thumbnailUrl\":\"https:\/\/mcusercontent.com\/93cd80b45544fad91b6b44d60\/images\/92f6ef44-6ad4-ef18-fac7-492fe776a81b.png\",\"datePublished\":\"2022-08-19T20:59:06+00:00\",\"breadcrumb\":{\"@id\":\"https:\/\/melaniedubois.com\/fr\/english-buying-a-house-how-much-does-it-really-cost\/#breadcrumb\"},\"inLanguage\":\"fr-FR\",\"potentialAction\":[{\"@type\":\"ReadAction\",\"target\":[\"https:\/\/melaniedubois.com\/fr\/english-buying-a-house-how-much-does-it-really-cost\/\"]}]},{\"@type\":\"ImageObject\",\"inLanguage\":\"fr-FR\",\"@id\":\"https:\/\/melaniedubois.com\/fr\/english-buying-a-house-how-much-does-it-really-cost\/#primaryimage\",\"url\":\"https:\/\/mcusercontent.com\/93cd80b45544fad91b6b44d60\/images\/92f6ef44-6ad4-ef18-fac7-492fe776a81b.png\",\"contentUrl\":\"https:\/\/mcusercontent.com\/93cd80b45544fad91b6b44d60\/images\/92f6ef44-6ad4-ef18-fac7-492fe776a81b.png\"},{\"@type\":\"BreadcrumbList\",\"@id\":\"https:\/\/melaniedubois.com\/fr\/english-buying-a-house-how-much-does-it-really-cost\/#breadcrumb\",\"itemListElement\":[{\"@type\":\"ListItem\",\"position\":1,\"name\":\"Accueil\",\"item\":\"https:\/\/melaniedubois.com\/en\/\"},{\"@type\":\"ListItem\",\"position\":2,\"name\":\"(English) Buying a house: how much does it really cost?\"}]},{\"@type\":\"WebSite\",\"@id\":\"https:\/\/melaniedubois.com\/en\/#website\",\"url\":\"https:\/\/melaniedubois.com\/en\/\",\"name\":\"\u00c9quipe M\u00e9lanie Dubois\",\"description\":\"Courtier immobilier Montr\u00e9al, KW Connexion\",\"potentialAction\":[{\"@type\":\"SearchAction\",\"target\":{\"@type\":\"EntryPoint\",\"urlTemplate\":\"https:\/\/melaniedubois.com\/en\/?s={search_term_string}\"},\"query-input\":{\"@type\":\"PropertyValueSpecification\",\"valueRequired\":true,\"valueName\":\"search_term_string\"}}],\"inLanguage\":\"fr-FR\"}]}<\/script>\n<!-- \/ Yoast SEO plugin. -->","yoast_head_json":{"title":"(English) Buying a house: how much does it really cost? - \u00c9quipe M\u00e9lanie Dubois","robots":{"index":"index","follow":"follow","max-snippet":"max-snippet:-1","max-image-preview":"max-image-preview:large","max-video-preview":"max-video-preview:-1"},"canonical":"https:\/\/melaniedubois.com\/fr\/english-buying-a-house-how-much-does-it-really-cost\/","og_locale":"fr_FR","og_type":"article","og_title":"(English) Buying a house: how much does it really cost? - \u00c9quipe M\u00e9lanie Dubois","og_description":"D\u00e9sol\u00e9, cet article est seulement disponible en English.","og_url":"https:\/\/melaniedubois.com\/fr\/english-buying-a-house-how-much-does-it-really-cost\/","og_site_name":"\u00c9quipe M\u00e9lanie Dubois","og_image":[{"url":"https:\/\/mcusercontent.com\/93cd80b45544fad91b6b44d60\/images\/92f6ef44-6ad4-ef18-fac7-492fe776a81b.png","type":"","width":"","height":""}],"twitter_card":"summary_large_image","twitter_misc":{"Dur\u00e9e de lecture estim\u00e9e":"3 minutes"},"schema":{"@context":"https:\/\/schema.org","@graph":[{"@type":"WebPage","@id":"https:\/\/melaniedubois.com\/fr\/english-buying-a-house-how-much-does-it-really-cost\/","url":"https:\/\/melaniedubois.com\/fr\/english-buying-a-house-how-much-does-it-really-cost\/","name":"[:en]Buying a house: how much does it really cost?[:] - \u00c9quipe M\u00e9lanie Dubois","isPartOf":{"@id":"https:\/\/melaniedubois.com\/en\/#website"},"primaryImageOfPage":{"@id":"https:\/\/melaniedubois.com\/fr\/english-buying-a-house-how-much-does-it-really-cost\/#primaryimage"},"image":{"@id":"https:\/\/melaniedubois.com\/fr\/english-buying-a-house-how-much-does-it-really-cost\/#primaryimage"},"thumbnailUrl":"https:\/\/mcusercontent.com\/93cd80b45544fad91b6b44d60\/images\/92f6ef44-6ad4-ef18-fac7-492fe776a81b.png","datePublished":"2022-08-19T20:59:06+00:00","breadcrumb":{"@id":"https:\/\/melaniedubois.com\/fr\/english-buying-a-house-how-much-does-it-really-cost\/#breadcrumb"},"inLanguage":"fr-FR","potentialAction":[{"@type":"ReadAction","target":["https:\/\/melaniedubois.com\/fr\/english-buying-a-house-how-much-does-it-really-cost\/"]}]},{"@type":"ImageObject","inLanguage":"fr-FR","@id":"https:\/\/melaniedubois.com\/fr\/english-buying-a-house-how-much-does-it-really-cost\/#primaryimage","url":"https:\/\/mcusercontent.com\/93cd80b45544fad91b6b44d60\/images\/92f6ef44-6ad4-ef18-fac7-492fe776a81b.png","contentUrl":"https:\/\/mcusercontent.com\/93cd80b45544fad91b6b44d60\/images\/92f6ef44-6ad4-ef18-fac7-492fe776a81b.png"},{"@type":"BreadcrumbList","@id":"https:\/\/melaniedubois.com\/fr\/english-buying-a-house-how-much-does-it-really-cost\/#breadcrumb","itemListElement":[{"@type":"ListItem","position":1,"name":"Accueil","item":"https:\/\/melaniedubois.com\/en\/"},{"@type":"ListItem","position":2,"name":"(English) Buying a house: how much does it really cost?"}]},{"@type":"WebSite","@id":"https:\/\/melaniedubois.com\/en\/#website","url":"https:\/\/melaniedubois.com\/en\/","name":"\u00c9quipe M\u00e9lanie Dubois","description":"Courtier immobilier Montr\u00e9al, KW Connexion","potentialAction":[{"@type":"SearchAction","target":{"@type":"EntryPoint","urlTemplate":"https:\/\/melaniedubois.com\/en\/?s={search_term_string}"},"query-input":{"@type":"PropertyValueSpecification","valueRequired":true,"valueName":"search_term_string"}}],"inLanguage":"fr-FR"}]}},"_links":{"self":[{"href":"https:\/\/melaniedubois.com\/fr\/wp-json\/wp\/v2\/pages\/2331","targetHints":{"allow":["GET"]}}],"collection":[{"href":"https:\/\/melaniedubois.com\/fr\/wp-json\/wp\/v2\/pages"}],"about":[{"href":"https:\/\/melaniedubois.com\/fr\/wp-json\/wp\/v2\/types\/page"}],"author":[{"embeddable":true,"href":"https:\/\/melaniedubois.com\/fr\/wp-json\/wp\/v2\/users\/742"}],"replies":[{"embeddable":true,"href":"https:\/\/melaniedubois.com\/fr\/wp-json\/wp\/v2\/comments?post=2331"}],"version-history":[{"count":1,"href":"https:\/\/melaniedubois.com\/fr\/wp-json\/wp\/v2\/pages\/2331\/revisions"}],"predecessor-version":[{"id":2332,"href":"https:\/\/melaniedubois.com\/fr\/wp-json\/wp\/v2\/pages\/2331\/revisions\/2332"}],"wp:attachment":[{"href":"https:\/\/melaniedubois.com\/fr\/wp-json\/wp\/v2\/media?parent=2331"}],"curies":[{"name":"wp","href":"https:\/\/api.w.org\/{rel}","templated":true}]}}