{"id":2333,"date":"2022-09-04T05:34:18","date_gmt":"2022-09-04T09:34:18","guid":{"rendered":"http:\/\/melaniedubois.com\/?page_id=2333"},"modified":"2022-09-04T05:34:18","modified_gmt":"2022-09-04T09:34:18","slug":"choisir-un-secteur-attrayant-pour-y-faire-son-nid","status":"publish","type":"page","link":"https:\/\/melaniedubois.com\/fr\/choisir-un-secteur-attrayant-pour-y-faire-son-nid\/","title":{"rendered":"Choisir un secteur attrayant pour y faire son nid"},"content":{"rendered":"<p><\/p>\n<p style=\"text-align: justify;\">IMMOBILIER R\u00c9SIDENTIEL. Voici quatre secteurs du Qu\u00e9bec qui risquent de devenir fort attirants au cours des prochaines ann\u00e9es pour les acheteurs \u00e0 la recherche d\u2019une plus-value sur leurs investissements immobiliers.<\/p>\n<p><img decoding=\"async\" src=\"https:\/\/www.quebec-cite.com\/sites\/otq\/files\/styles\/landscape_wide_desktop\/public\/media\/image\/Vieux-quebec.jpg?itok=e9Fyog0k\" alt=\"Pourquoi voyager \u00e0 Qu\u00e9bec? | Visiter Qu\u00e9bec\" \/><\/p>\n<h3 style=\"text-align: justify;\">Brossard<\/h3>\n<p style=\"text-align: justify;\">Tout ce qui s\u2019approche des trois stations du futur R\u00e9seau express m\u00e9tropolitain (REM), dont la mise en service est pr\u00e9vue d\u2019ici la fin de l\u2019ann\u00e9e, est en \u00e9bullition \u00e0 Brossard. On construit beaucoup autour du terminus du m\u00eame nom, et l\u2019activit\u00e9 immobili\u00e8re est soutenue autour des stations Du Quartier et Panama. \u00abTout ce qui entoure les stations est tr\u00e8s recherch\u00e9, indique la courti\u00e8re Loubna Makraji, cofranchis\u00e9e et directrice de l\u2019agence RE\/MAX Platine \u00e0 Brossard. \u00c7a se vend avant m\u00eame que ce soit construit. M\u00eame du c\u00f4t\u00e9 de Solar Uniquartier, d\u00e9velopp\u00e9 par Devimco\u00bb<\/p>\n<p style=\"text-align: justify;\">Malgr\u00e9 le spectre de hausses multiples des taux d\u2019int\u00e9r\u00eat, Loubna Makraji pr\u00e9voit que le march\u00e9 restera largement \u00e0 l\u2019avantage des vendeurs en 2022. Les difficult\u00e9s d\u2019accessibilit\u00e9 \u00e0 la propri\u00e9t\u00e9 \u00e0 Montr\u00e9al devraient pousser beaucoup de personnes \u00e0 jeter un oeil du c\u00f4t\u00e9 de Brossard.<\/p>\n<h3 style=\"text-align: justify;\">La Rive-Sud de Qu\u00e9bec<\/h3>\n<p style=\"text-align: justify;\">L\u2019activit\u00e9 immobili\u00e8re bat son plein \u00e0 L\u00e9vis en pr\u00e9vision du potentiel \u00abtroisi\u00e8me lien\u00bb. Des entreprises ont d\u00e9j\u00e0 des projets en t\u00eate, peu importe si le controvers\u00e9 projet d\u2019infrastructure voit le jour ou non.<\/p>\n<p style=\"text-align: justify;\">\u00abHonn\u00eatement, \u00e0 L\u00e9vis m\u00eame, c\u2019est pas mal r\u00e9gl\u00e9 pour les terrains, avoue Stephen Boutin, pr\u00e9sident du Groupe CSB et deuxi\u00e8me vice-pr\u00e9sident de l\u2019Association des professionnels de la construction et de l\u2019habitation du Qu\u00e9bec (APCHQ). Les promoteurs sont sur la ligne de d\u00e9part et attendent l\u2019annonce formelle pour d\u00e9marrer des projets dormants.\u00bbIl ajoute que les prochains projets de d\u00e9veloppement vont s\u2019effectuer \u00abvers la municipalit\u00e9 de Beaumont, \u00e0 l\u2019est, et vers la MRC de Bellechasse, au sud.\u00bb Stephen Boutin indique qu\u2019advenant la construction du tunnel projet\u00e9, ce serait la premi\u00e8re fois qu\u2019un lien routier permettra de joindre Qu\u00e9bec et L\u00e9vis en seulement 12 minutes. \u00abLa mobilit\u00e9 deviendrait alors tr\u00e8s int\u00e9ressante pour les travailleurs\u00bb, note-t-il.<\/p>\n<h3 style=\"text-align: justify;\">La fronti\u00e8re ontarienne \u00e0 l\u2019ouest de Montr\u00e9al<\/h3>\n<p style=\"text-align: justify;\">Les investisseurs qui cherchent des terrains en p\u00e9riph\u00e9rie de Montr\u00e9al devraient regarder \u00e0 l\u2019ouest, pr\u00e8s de la fronti\u00e8re ontarienne. Vaudreuil-Dorion s\u2019est d\u00e9velopp\u00e9e \u00e0 la vitesse grand V au cours des derni\u00e8res ann\u00e9es.<\/p>\n<p style=\"text-align: justify;\">Des municipalit\u00e9s telles Les C\u00e8dres, Saint-T\u00e9lesphore, Saint-Zotique, Rivi\u00e8re-Beaudette et Rigaud offrent \u00e9galement une bonne possibilit\u00e9 de d\u00e9veloppement dans un secteur strat\u00e9gique.<\/p>\n<p style=\"text-align: justify;\">\u00abJe n\u2019ai pas de boule de cristal et l\u2019immobilier bouge vite, mais ces endroits-l\u00e0 ont un excellent potentiel \u00e0 court, moyen et long terme\u00bb, souligne Jean-Pierre Mathieu, courtier franchis\u00e9 du Groupe Sutton Distinction, \u00e0 Vaudreuil. Il pr\u00e9cise que les investisseurs qui cherchent des terrains ont tout int\u00e9r\u00eat \u00e0 \u00aballer \u00e0 l\u2019ouest de Vaudreuil, surtout s\u2019ils veulent construire des unifamiliales\u00bb. Ce secteur est desservi par le train de Rigaud, et le REM viendra bient\u00f4t ajouter \u00e0 l\u2019offre de transports en commun. Un h\u00f4pital est actuellement en construction \u00e0 Vaudreuil, et celui d\u2019Hawkesbury, en Ontario, \u00e0 15 minutes de Rigaud, est facile d\u2019acc\u00e8s. Chaque municipalit\u00e9 a \u00e9galement des particularit\u00e9s attirantes: la plage de Saint-Zotique et la station de ski et de v\u00e9lo de montagne Mont Rigaud, par exemple.<\/p>\n<h3 style=\"text-align: justify;\">Trois-Rivi\u00e8res<\/h3>\n<p style=\"text-align: justify;\">Trois-Rivi\u00e8res a connu un important boom immobilier en 2021: plus de 1000 appartements, dont 500 maisons unifamiliales, ont \u00e9t\u00e9 construits l\u2019an dernier, selon les chiffres de la Soci\u00e9t\u00e9 canadienne d\u2019hypoth\u00e8ques et de logement (SCHL). Et l\u2019immobilier risque d\u2019y \u00eatre un investissement fort int\u00e9ressant pour encore quelques ann\u00e9es.<\/p>\n<p style=\"text-align: justify;\">\u00abTrois-Rivi\u00e8res est encore en mode rattrapage; il y a de la place, soutient Charles Brant, directeur du Service de l\u2019analyse du march\u00e9 de l\u2019Association professionnelle des courtiers immobiliers du Qu\u00e9bec (APCIQ). Les m\u00e9nages ont un pouvoir d\u2019achat suffisant pour s\u2019y procurer une maison au prix affich\u00e9 sur le march\u00e9.\u00bb Ceux-ci sont tr\u00e8s abordables en comparaison des r\u00e9gions m\u00e9tropolitaines de Montr\u00e9al et de Qu\u00e9bec.<\/p>\n<p style=\"text-align: justify;\">Le t\u00e9l\u00e9travail est appel\u00e9 \u00e0 rester, estime-t-il, et Trois-Rivi\u00e8res est bien plac\u00e9e pour accueillir les t\u00e9l\u00e9travailleurs. Situ\u00e9e \u00e0 environ 90 minutes autant de Montr\u00e9al que de Qu\u00e9bec, cette ville offre diff\u00e9rents services, attraits et infrastructures, dont une universit\u00e9 et un parc national, de m\u00eame que l\u2019acc\u00e8s \u00e0 la rivi\u00e8re Saint-Maurice et au fleuve Saint-Laurent.<\/p>\n<p style=\"text-align: justify;\">\u00abIl y a eu beaucoup de construction, mais c\u2019est un march\u00e9 qui pr\u00e9sente encore un bon potentiel de croissance\u00bb, assure Charles Brant.<\/p>\n<p>&nbsp;<\/p>\n<p><strong>Source<\/strong>\u00a0:\u00a0<a href=\"https:\/\/www.lesaffaires.com\/dossier\/immobilier-residentiel-jongler-avec-la-rarete\/choisir-un-secteur-attrayant-pour-y-faire-son-nid\/630887\">Article de Charles POULIN publi\u00e9 sur le site lesaffaires<em>.com<\/em> le 16 f\u00e9vrier 2022<\/a><\/p>\n<p><strong>Lien : <\/strong><a href=\"https:\/\/www.lesaffaires.com\/dossier\/immobilier-residentiel-jongler-avec-la-rarete\/choisir-un-secteur-attrayant-pour-y-faire-son-nid\/630887\">https:\/\/www.lesaffaires.com\/dossier\/immobilier-residentiel-jongler-avec-la-rarete\/choisir-un-secteur-attrayant-pour-y-faire-son-nid\/630887<\/a><\/p>\n<p>&nbsp;<\/p>\n<p style=\"text-align: center;\">Vous voulez gardez un oeil sur le march\u00e9 et sur votre investissement ?<\/p>\n<p style=\"text-align: center;\">Nous pouvons p\u00e9riodiquement vous envoyer les ventes dans votre secteur.<\/p>\n<p style=\"text-align: center;\">C&rsquo;est GRATUIT! Aucune obligation de votre part.<\/p>\n<p><img decoding=\"async\" src=\"https:\/\/mcusercontent.com\/93cd80b45544fad91b6b44d60\/images\/4e6f6591-1108-4326-bdd0-44f74a03ea2b.png\" \/><\/p>","protected":false},"excerpt":{"rendered":"<p>IMMOBILIER R\u00c9SIDENTIEL. Voici quatre secteurs du Qu\u00e9bec qui risquent de devenir fort attirants au cours des prochaines ann\u00e9es pour les acheteurs \u00e0 la recherche d\u2019une plus-value sur leurs investissements immobiliers. Brossard Tout ce qui s\u2019approche des trois stations du futur R\u00e9seau express m\u00e9tropolitain (REM), dont la mise en service est pr\u00e9vue d\u2019ici la fin de [&hellip;]<\/p>\n","protected":false},"author":742,"featured_media":0,"parent":0,"menu_order":0,"comment_status":"closed","ping_status":"closed","template":"","meta":{"_acf_changed":false,"footnotes":""},"class_list":["post-2333","page","type-page","status-publish","hentry"],"acf":[],"yoast_head":"<!-- This site is optimized with the Yoast SEO plugin v26.7 - https:\/\/yoast.com\/wordpress\/plugins\/seo\/ -->\n<title>Choisir un secteur attrayant pour y faire son nid - \u00c9quipe M\u00e9lanie Dubois<\/title>\n<meta name=\"robots\" content=\"index, follow, max-snippet:-1, max-image-preview:large, max-video-preview:-1\" \/>\n<link rel=\"canonical\" href=\"https:\/\/melaniedubois.com\/fr\/choisir-un-secteur-attrayant-pour-y-faire-son-nid\/\" \/>\n<meta property=\"og:locale\" content=\"fr_FR\" \/>\n<meta property=\"og:type\" content=\"article\" \/>\n<meta property=\"og:title\" content=\"Choisir un secteur attrayant pour y faire son nid - \u00c9quipe M\u00e9lanie Dubois\" \/>\n<meta property=\"og:description\" content=\"IMMOBILIER R\u00c9SIDENTIEL. Voici quatre secteurs du Qu\u00e9bec qui risquent de devenir fort attirants au cours des prochaines ann\u00e9es pour les acheteurs \u00e0 la recherche d\u2019une plus-value sur leurs investissements immobiliers. Brossard Tout ce qui s\u2019approche des trois stations du futur R\u00e9seau express m\u00e9tropolitain (REM), dont la mise en service est pr\u00e9vue d\u2019ici la fin de [&hellip;]\" \/>\n<meta property=\"og:url\" content=\"https:\/\/melaniedubois.com\/fr\/choisir-un-secteur-attrayant-pour-y-faire-son-nid\/\" \/>\n<meta property=\"og:site_name\" content=\"\u00c9quipe M\u00e9lanie Dubois\" \/>\n<meta property=\"og:image\" content=\"https:\/\/www.quebec-cite.com\/sites\/otq\/files\/styles\/landscape_wide_desktop\/public\/media\/image\/Vieux-quebec.jpg?itok=e9Fyog0k\" \/>\n<meta name=\"twitter:card\" content=\"summary_large_image\" \/>\n<meta name=\"twitter:label1\" content=\"Dur\u00e9e de lecture estim\u00e9e\" \/>\n\t<meta name=\"twitter:data1\" content=\"4 minutes\" \/>\n<script type=\"application\/ld+json\" class=\"yoast-schema-graph\">{\"@context\":\"https:\/\/schema.org\",\"@graph\":[{\"@type\":\"WebPage\",\"@id\":\"https:\/\/melaniedubois.com\/fr\/choisir-un-secteur-attrayant-pour-y-faire-son-nid\/\",\"url\":\"https:\/\/melaniedubois.com\/fr\/choisir-un-secteur-attrayant-pour-y-faire-son-nid\/\",\"name\":\"[:fr]Choisir un secteur attrayant pour y faire son nid[:] - \u00c9quipe M\u00e9lanie Dubois\",\"isPartOf\":{\"@id\":\"https:\/\/melaniedubois.com\/en\/#website\"},\"primaryImageOfPage\":{\"@id\":\"https:\/\/melaniedubois.com\/fr\/choisir-un-secteur-attrayant-pour-y-faire-son-nid\/#primaryimage\"},\"image\":{\"@id\":\"https:\/\/melaniedubois.com\/fr\/choisir-un-secteur-attrayant-pour-y-faire-son-nid\/#primaryimage\"},\"thumbnailUrl\":\"https:\/\/www.quebec-cite.com\/sites\/otq\/files\/styles\/landscape_wide_desktop\/public\/media\/image\/Vieux-quebec.jpg?itok=e9Fyog0k\",\"datePublished\":\"2022-09-04T09:34:18+00:00\",\"breadcrumb\":{\"@id\":\"https:\/\/melaniedubois.com\/fr\/choisir-un-secteur-attrayant-pour-y-faire-son-nid\/#breadcrumb\"},\"inLanguage\":\"fr-FR\",\"potentialAction\":[{\"@type\":\"ReadAction\",\"target\":[\"https:\/\/melaniedubois.com\/fr\/choisir-un-secteur-attrayant-pour-y-faire-son-nid\/\"]}]},{\"@type\":\"ImageObject\",\"inLanguage\":\"fr-FR\",\"@id\":\"https:\/\/melaniedubois.com\/fr\/choisir-un-secteur-attrayant-pour-y-faire-son-nid\/#primaryimage\",\"url\":\"https:\/\/www.quebec-cite.com\/sites\/otq\/files\/styles\/landscape_wide_desktop\/public\/media\/image\/Vieux-quebec.jpg?itok=e9Fyog0k\",\"contentUrl\":\"https:\/\/www.quebec-cite.com\/sites\/otq\/files\/styles\/landscape_wide_desktop\/public\/media\/image\/Vieux-quebec.jpg?itok=e9Fyog0k\"},{\"@type\":\"BreadcrumbList\",\"@id\":\"https:\/\/melaniedubois.com\/fr\/choisir-un-secteur-attrayant-pour-y-faire-son-nid\/#breadcrumb\",\"itemListElement\":[{\"@type\":\"ListItem\",\"position\":1,\"name\":\"Accueil\",\"item\":\"https:\/\/melaniedubois.com\/en\/\"},{\"@type\":\"ListItem\",\"position\":2,\"name\":\"Choisir un secteur attrayant pour y faire son nid\"}]},{\"@type\":\"WebSite\",\"@id\":\"https:\/\/melaniedubois.com\/en\/#website\",\"url\":\"https:\/\/melaniedubois.com\/en\/\",\"name\":\"\u00c9quipe M\u00e9lanie Dubois\",\"description\":\"Courtier immobilier Montr\u00e9al, KW Connexion\",\"potentialAction\":[{\"@type\":\"SearchAction\",\"target\":{\"@type\":\"EntryPoint\",\"urlTemplate\":\"https:\/\/melaniedubois.com\/en\/?s={search_term_string}\"},\"query-input\":{\"@type\":\"PropertyValueSpecification\",\"valueRequired\":true,\"valueName\":\"search_term_string\"}}],\"inLanguage\":\"fr-FR\"}]}<\/script>\n<!-- \/ Yoast SEO plugin. -->","yoast_head_json":{"title":"Choisir un secteur attrayant pour y faire son nid - \u00c9quipe M\u00e9lanie Dubois","robots":{"index":"index","follow":"follow","max-snippet":"max-snippet:-1","max-image-preview":"max-image-preview:large","max-video-preview":"max-video-preview:-1"},"canonical":"https:\/\/melaniedubois.com\/fr\/choisir-un-secteur-attrayant-pour-y-faire-son-nid\/","og_locale":"fr_FR","og_type":"article","og_title":"Choisir un secteur attrayant pour y faire son nid - \u00c9quipe M\u00e9lanie Dubois","og_description":"IMMOBILIER R\u00c9SIDENTIEL. Voici quatre secteurs du Qu\u00e9bec qui risquent de devenir fort attirants au cours des prochaines ann\u00e9es pour les acheteurs \u00e0 la recherche d\u2019une plus-value sur leurs investissements immobiliers. Brossard Tout ce qui s\u2019approche des trois stations du futur R\u00e9seau express m\u00e9tropolitain (REM), dont la mise en service est pr\u00e9vue d\u2019ici la fin de [&hellip;]","og_url":"https:\/\/melaniedubois.com\/fr\/choisir-un-secteur-attrayant-pour-y-faire-son-nid\/","og_site_name":"\u00c9quipe M\u00e9lanie Dubois","og_image":[{"url":"https:\/\/www.quebec-cite.com\/sites\/otq\/files\/styles\/landscape_wide_desktop\/public\/media\/image\/Vieux-quebec.jpg?itok=e9Fyog0k","type":"","width":"","height":""}],"twitter_card":"summary_large_image","twitter_misc":{"Dur\u00e9e de lecture estim\u00e9e":"4 minutes"},"schema":{"@context":"https:\/\/schema.org","@graph":[{"@type":"WebPage","@id":"https:\/\/melaniedubois.com\/fr\/choisir-un-secteur-attrayant-pour-y-faire-son-nid\/","url":"https:\/\/melaniedubois.com\/fr\/choisir-un-secteur-attrayant-pour-y-faire-son-nid\/","name":"[:fr]Choisir un secteur attrayant pour y faire son nid[:] - \u00c9quipe M\u00e9lanie Dubois","isPartOf":{"@id":"https:\/\/melaniedubois.com\/en\/#website"},"primaryImageOfPage":{"@id":"https:\/\/melaniedubois.com\/fr\/choisir-un-secteur-attrayant-pour-y-faire-son-nid\/#primaryimage"},"image":{"@id":"https:\/\/melaniedubois.com\/fr\/choisir-un-secteur-attrayant-pour-y-faire-son-nid\/#primaryimage"},"thumbnailUrl":"https:\/\/www.quebec-cite.com\/sites\/otq\/files\/styles\/landscape_wide_desktop\/public\/media\/image\/Vieux-quebec.jpg?itok=e9Fyog0k","datePublished":"2022-09-04T09:34:18+00:00","breadcrumb":{"@id":"https:\/\/melaniedubois.com\/fr\/choisir-un-secteur-attrayant-pour-y-faire-son-nid\/#breadcrumb"},"inLanguage":"fr-FR","potentialAction":[{"@type":"ReadAction","target":["https:\/\/melaniedubois.com\/fr\/choisir-un-secteur-attrayant-pour-y-faire-son-nid\/"]}]},{"@type":"ImageObject","inLanguage":"fr-FR","@id":"https:\/\/melaniedubois.com\/fr\/choisir-un-secteur-attrayant-pour-y-faire-son-nid\/#primaryimage","url":"https:\/\/www.quebec-cite.com\/sites\/otq\/files\/styles\/landscape_wide_desktop\/public\/media\/image\/Vieux-quebec.jpg?itok=e9Fyog0k","contentUrl":"https:\/\/www.quebec-cite.com\/sites\/otq\/files\/styles\/landscape_wide_desktop\/public\/media\/image\/Vieux-quebec.jpg?itok=e9Fyog0k"},{"@type":"BreadcrumbList","@id":"https:\/\/melaniedubois.com\/fr\/choisir-un-secteur-attrayant-pour-y-faire-son-nid\/#breadcrumb","itemListElement":[{"@type":"ListItem","position":1,"name":"Accueil","item":"https:\/\/melaniedubois.com\/en\/"},{"@type":"ListItem","position":2,"name":"Choisir un secteur attrayant pour y faire son nid"}]},{"@type":"WebSite","@id":"https:\/\/melaniedubois.com\/en\/#website","url":"https:\/\/melaniedubois.com\/en\/","name":"\u00c9quipe M\u00e9lanie Dubois","description":"Courtier immobilier Montr\u00e9al, KW Connexion","potentialAction":[{"@type":"SearchAction","target":{"@type":"EntryPoint","urlTemplate":"https:\/\/melaniedubois.com\/en\/?s={search_term_string}"},"query-input":{"@type":"PropertyValueSpecification","valueRequired":true,"valueName":"search_term_string"}}],"inLanguage":"fr-FR"}]}},"_links":{"self":[{"href":"https:\/\/melaniedubois.com\/fr\/wp-json\/wp\/v2\/pages\/2333","targetHints":{"allow":["GET"]}}],"collection":[{"href":"https:\/\/melaniedubois.com\/fr\/wp-json\/wp\/v2\/pages"}],"about":[{"href":"https:\/\/melaniedubois.com\/fr\/wp-json\/wp\/v2\/types\/page"}],"author":[{"embeddable":true,"href":"https:\/\/melaniedubois.com\/fr\/wp-json\/wp\/v2\/users\/742"}],"replies":[{"embeddable":true,"href":"https:\/\/melaniedubois.com\/fr\/wp-json\/wp\/v2\/comments?post=2333"}],"version-history":[{"count":1,"href":"https:\/\/melaniedubois.com\/fr\/wp-json\/wp\/v2\/pages\/2333\/revisions"}],"predecessor-version":[{"id":2334,"href":"https:\/\/melaniedubois.com\/fr\/wp-json\/wp\/v2\/pages\/2333\/revisions\/2334"}],"wp:attachment":[{"href":"https:\/\/melaniedubois.com\/fr\/wp-json\/wp\/v2\/media?parent=2333"}],"curies":[{"name":"wp","href":"https:\/\/api.w.org\/{rel}","templated":true}]}}