{"id":2341,"date":"2022-09-11T08:21:17","date_gmt":"2022-09-11T12:21:17","guid":{"rendered":"http:\/\/melaniedubois.com\/?page_id=2341"},"modified":"2022-09-11T08:21:17","modified_gmt":"2022-09-11T12:21:17","slug":"rap-le-defi-dacheter-une-propriete-en-couple","status":"publish","type":"page","link":"https:\/\/melaniedubois.com\/fr\/rap-le-defi-dacheter-une-propriete-en-couple\/","title":{"rendered":"RAP: le d\u00e9fi d\u2019acheter une propri\u00e9t\u00e9 en couple"},"content":{"rendered":"<p><\/p>\n<p style=\"text-align: justify;\">Avec le prix de l\u2019immobilier, le recours au R\u00e9gime d\u2019accession \u00e0 la propri\u00e9t\u00e9 (RAP) est devenu quasiment incontournable pour acheter une premi\u00e8re maison.<\/p>\n<p><img decoding=\"async\" src=\"https:\/\/mcusercontent.com\/93cd80b45544fad91b6b44d60\/images\/a8e14482-42a3-5335-dff8-1c02babc4c2f.png\" \/><\/p>\n<p style=\"text-align: justify;\">Dans les march\u00e9s les plus chauds, il est devenu impossible de se qualifier pour une premi\u00e8re hypoth\u00e8que sans l\u2019apport de deux revenus.<\/p>\n<p style=\"text-align: justify;\">Ce qui nous am\u00e8ne \u00e0 la question du RAP en couple. L\u2019op\u00e9ration ne pose pas de probl\u00e8me la plupart du temps, mais il existe des r\u00e8gles m\u00e9connues qui pourraient en surprendre, agr\u00e9ablement comme d\u00e9sagr\u00e9ablement.<\/p>\n<p style=\"text-align: justify;\">Commen\u00e7ons par le volet irritant.<\/p>\n<h2 style=\"text-align: justify;\">Des conjoints qui se contaminent<\/h2>\n<p style=\"text-align: justify;\">Le RAP permet \u00e0 un individu de retirer 35 000 $ de son REER sans payer d\u2019imp\u00f4t \u00e0 l\u2019achat d\u2019une premi\u00e8re propri\u00e9t\u00e9. Un couple peut donc puiser jusqu\u2019\u00e0 70 000 $ dans le cadre du programme.<\/p>\n<p style=\"text-align: justify;\">Cet argent devra \u00eatre rembours\u00e9 dans les comptes sur une p\u00e9riode de 15 ans.<\/p>\n<p style=\"text-align: justify;\">Pour se qualifier au RAP, on ne doit pas avoir \u00e9t\u00e9 propri\u00e9taire de son lieu de r\u00e9sidence au cours des quatre ann\u00e9es pr\u00e9c\u00e9dentes, donc apr\u00e8s le 1er janvier 2018 pour ceux qui projettent d\u2019acheter cette ann\u00e9e.<\/p>\n<p style=\"text-align: justify;\">Soulignons qu\u2019il s\u2019agit d\u2019un programme individuel. Un seul des membres du couple pourrait r\u00e9pondre aux crit\u00e8res parce qu\u2019il a toujours v\u00e9cu en location. Il pourra \u00ab raper \u00bb, au contraire de son conjoint qui a \u00e9t\u00e9 propri\u00e9taire r\u00e9cemment.<\/p>\n<p style=\"text-align: justify;\">Voil\u00e0 qui nous am\u00e8ne vers ce qui semble une aberration : si celui qui n\u2019a jamais poss\u00e9d\u00e9 son lieu de r\u00e9sidence a eu le malheur d\u2019habiter la propri\u00e9t\u00e9 de son conjoint, il sera \u00ab contamin\u00e9 \u00bb. Il suffit d\u2019emm\u00e9nager dans la maison de son chum ou de sa blonde pour \u00eatre barr\u00e9 du RAP, que ce soit en vue d\u2019acheter une nouvelle habitation \u00e0 deux ou pour acqu\u00e9rir une part de la propri\u00e9t\u00e9 de sa douce moiti\u00e9.<\/p>\n<p style=\"text-align: justify;\">Notez que la \u00ab contamination \u00bb n\u2019est possible que chez les conjoints de fait \u00ab fiscaux \u00bb ou les couples mari\u00e9s. On re\u00e7oit le statut de \u00ab conjoints de fait \u00bb apr\u00e8s 12 mois de concubinage, ou \u00e0 la naissance d\u2019un enfant commun.<\/p>\n<p style=\"text-align: justify;\">Voil\u00e0 mati\u00e8re \u00e0 r\u00e9flexion pour toutes ces personnes qui s\u2019installent dans la maison de leur nouvel amoureux. Ce d\u00e9m\u00e9nagement finira par nuire \u00e0 leur capacit\u00e9 \u00e0 devenir propri\u00e9taire \u00e0 leur tour.<\/p>\n<h2 style=\"text-align: justify;\">\u00ab Raper \u00bb apr\u00e8s la s\u00e9paration<\/h2>\n<p style=\"text-align: justify;\">Cette contrainte contraste \u00e9trangement avec un assouplissement introduit au programme en 2020. Depuis deux ans, les couples qui se s\u00e9parent peuvent \u00e0 nouveau se qualifier au RAP 90 jours apr\u00e8s la rupture, m\u00eame si les conjoints \u00e9taient tous les deux propri\u00e9taires avant la fin de leur relation.<\/p>\n<p style=\"text-align: justify;\">On comprend sans peine l\u2019objectif du changement, il permet aux deux anciens conjoints de demeurer propri\u00e9taires. Avec la valeur actuelle de l\u2019immobilier, on ne s\u2019\u00e9tonne plus de voir deux \u00ab ex \u00bb, faute de moyens, se r\u00e9soudre \u00e0 se d\u00e9partir de la maison familiale. Le RAP peut r\u00e9gler ce probl\u00e8me.<\/p>\n<p style=\"text-align: justify;\">Il semble incoh\u00e9rent qu\u2019on ferme le RAP \u00e0 un conjoint qui d\u00e9sire acqu\u00e9rir une partie dans la propri\u00e9t\u00e9 de son amoureux, mais qu\u2019on l\u2019ouvre de l\u2019autre c\u00f4t\u00e9 pour celui qui veut acheter la part de son ex apr\u00e8s la s\u00e9paration&#8230;<\/p>\n<p style=\"text-align: justify;\">Je dis \u00e7a de m\u00eame.<\/p>\n<p style=\"text-align: justify;\"><em>Le RAP apr\u00e8s la s\u00e9paration<\/em><\/p>\n<ul style=\"list-style-type: circle;\">\n<li style=\"text-align: justify;\">On peut \u00ab raper \u00bb 90 jours apr\u00e8s la rupture, et non avant. Il ne faut pas se pr\u00e9cipiter \u00e0 acqu\u00e9rir la part de son ex apr\u00e8s avoir cass\u00e9.<\/li>\n<li style=\"text-align: justify;\">Le retrait RAP doit \u00eatre effectu\u00e9 au plus tard 30 jours apr\u00e8s l\u2019acquisition de la part de son ex.<\/li>\n<li style=\"text-align: justify;\">S\u2019il reste un solde d\u2019un RAP pr\u00e9c\u00e9dent, on ne peut recourir de nouveau au programme.<\/li>\n<li style=\"text-align: justify;\">On peut rembourser d\u2019un coup le reste de premier RAP en vue de se qualifier une nouvelle fois, mais l\u2019ann\u00e9e suivante. Notez que les remboursements faits au cours des 60 premiers jours de l\u2019ann\u00e9e (la \u00ab saison REER \u00bb) sont pr\u00e9sum\u00e9s avoir \u00e9t\u00e9 r\u00e9alis\u00e9s avant le 31 d\u00e9cembre de l\u2019ann\u00e9e pr\u00e9c\u00e9dente (comme les contributions REER).<\/li>\n<li style=\"text-align: justify;\">Vous l\u2019aurez compris, le RAP de s\u00e9paration exige un minimum de planification.<\/li>\n<li style=\"text-align: justify;\">Vous n\u2019avez pas besoin d\u2019utiliser le RAP pour rester propri\u00e9taire ? Vous auriez sans doute int\u00e9r\u00eat \u00e0 \u00ab raper \u00bb quand m\u00eame. Je vous en reparle dans une chronique \u00e0 venir.<\/li>\n<\/ul>\n<p>&nbsp;<\/p>\n<p><strong>Source<\/strong>\u00a0:\u00a0<a href=\"https:\/\/www.journaldemontreal.com\/2022\/03\/12\/un-defi-pour-le-couple-dacheter-une-propriete-avec-le-rap#:~:text=Le%20RAP%20permet%20%C3%A0%20un,une%20p%C3%A9riode%20de%2015%20ans\">Article de Daniel Germain publi\u00e9 sur le site journaldemontreal<em>.com<\/em> le 12 mars 2022<\/a><\/p>\n<p><strong>Lien : <\/strong><a href=\"https:\/\/www.journaldemontreal.com\/2022\/03\/12\/un-defi-pour-le-couple-dacheter-une-propriete-avec-le-rap#:~:text=Le%20RAP%20permet%20%C3%A0%20un,une%20p%C3%A9riode%20de%2015%20ans\">https:\/\/www.journaldemontreal.com\/2022\/03\/12\/un-defi-pour-le-couple-dacheter-une-propriete-avec-le-rap#:~:text=Le%20RAP%20permet%20%C3%A0%20un,une%20p%C3%A9riode%20de%2015%20ans<\/a><\/p>\n<p>&nbsp;<\/p>\n<p style=\"text-align: center;\">Vous voulez gardez un oeil sur le march\u00e9 et sur votre investissement ?<\/p>\n<p style=\"text-align: center;\">Nous pouvons p\u00e9riodiquement vous envoyer les ventes dans votre secteur.<\/p>\n<p style=\"text-align: center;\">C&rsquo;est GRATUIT! Aucune obligation de votre part.<\/p>\n<p><img decoding=\"async\" src=\"https:\/\/mcusercontent.com\/93cd80b45544fad91b6b44d60\/images\/4e6f6591-1108-4326-bdd0-44f74a03ea2b.png\" \/><\/p>","protected":false},"excerpt":{"rendered":"<p>Avec le prix de l\u2019immobilier, le recours au R\u00e9gime d\u2019accession \u00e0 la propri\u00e9t\u00e9 (RAP) est devenu quasiment incontournable pour acheter une premi\u00e8re maison. Dans les march\u00e9s les plus chauds, il est devenu impossible de se qualifier pour une premi\u00e8re hypoth\u00e8que sans l\u2019apport de deux revenus. Ce qui nous am\u00e8ne \u00e0 la question du RAP en [&hellip;]<\/p>\n","protected":false},"author":742,"featured_media":0,"parent":0,"menu_order":0,"comment_status":"closed","ping_status":"closed","template":"","meta":{"_acf_changed":false,"footnotes":""},"class_list":["post-2341","page","type-page","status-publish","hentry"],"acf":[],"yoast_head":"<!-- This site is optimized with the Yoast SEO plugin v26.7 - https:\/\/yoast.com\/wordpress\/plugins\/seo\/ -->\n<title>RAP: le d\u00e9fi d\u2019acheter une propri\u00e9t\u00e9 en couple - \u00c9quipe M\u00e9lanie Dubois<\/title>\n<meta name=\"robots\" content=\"index, follow, max-snippet:-1, max-image-preview:large, max-video-preview:-1\" \/>\n<link rel=\"canonical\" href=\"https:\/\/melaniedubois.com\/en\/rap-le-defi-dacheter-une-propriete-en-couple\/\" \/>\n<meta property=\"og:locale\" content=\"fr_FR\" \/>\n<meta property=\"og:type\" content=\"article\" \/>\n<meta property=\"og:title\" content=\"RAP: le d\u00e9fi d\u2019acheter une propri\u00e9t\u00e9 en couple - \u00c9quipe M\u00e9lanie Dubois\" \/>\n<meta property=\"og:description\" content=\"Avec le prix de l\u2019immobilier, le recours au R\u00e9gime d\u2019accession \u00e0 la propri\u00e9t\u00e9 (RAP) est devenu quasiment incontournable pour acheter une premi\u00e8re maison. Dans les march\u00e9s les plus chauds, il est devenu impossible de se qualifier pour une premi\u00e8re hypoth\u00e8que sans l\u2019apport de deux revenus. Ce qui nous am\u00e8ne \u00e0 la question du RAP en [&hellip;]\" \/>\n<meta property=\"og:url\" content=\"https:\/\/melaniedubois.com\/en\/rap-le-defi-dacheter-une-propriete-en-couple\/\" \/>\n<meta property=\"og:site_name\" content=\"\u00c9quipe M\u00e9lanie Dubois\" \/>\n<meta property=\"og:image\" content=\"https:\/\/mcusercontent.com\/93cd80b45544fad91b6b44d60\/images\/a8e14482-42a3-5335-dff8-1c02babc4c2f.png\" \/>\n<meta name=\"twitter:card\" content=\"summary_large_image\" \/>\n<meta name=\"twitter:label1\" content=\"Dur\u00e9e de lecture estim\u00e9e\" \/>\n\t<meta name=\"twitter:data1\" content=\"4 minutes\" \/>\n<script type=\"application\/ld+json\" class=\"yoast-schema-graph\">{\"@context\":\"https:\/\/schema.org\",\"@graph\":[{\"@type\":\"WebPage\",\"@id\":\"https:\/\/melaniedubois.com\/en\/rap-le-defi-dacheter-une-propriete-en-couple\/\",\"url\":\"https:\/\/melaniedubois.com\/en\/rap-le-defi-dacheter-une-propriete-en-couple\/\",\"name\":\"[:fr]RAP: le d\u00e9fi d\u2019acheter une propri\u00e9t\u00e9 en couple[:] - \u00c9quipe M\u00e9lanie Dubois\",\"isPartOf\":{\"@id\":\"https:\/\/melaniedubois.com\/en\/#website\"},\"primaryImageOfPage\":{\"@id\":\"https:\/\/melaniedubois.com\/en\/rap-le-defi-dacheter-une-propriete-en-couple\/#primaryimage\"},\"image\":{\"@id\":\"https:\/\/melaniedubois.com\/en\/rap-le-defi-dacheter-une-propriete-en-couple\/#primaryimage\"},\"thumbnailUrl\":\"https:\/\/mcusercontent.com\/93cd80b45544fad91b6b44d60\/images\/a8e14482-42a3-5335-dff8-1c02babc4c2f.png\",\"datePublished\":\"2022-09-11T12:21:17+00:00\",\"breadcrumb\":{\"@id\":\"https:\/\/melaniedubois.com\/en\/rap-le-defi-dacheter-une-propriete-en-couple\/#breadcrumb\"},\"inLanguage\":\"fr-FR\",\"potentialAction\":[{\"@type\":\"ReadAction\",\"target\":[\"https:\/\/melaniedubois.com\/en\/rap-le-defi-dacheter-une-propriete-en-couple\/\"]}]},{\"@type\":\"ImageObject\",\"inLanguage\":\"fr-FR\",\"@id\":\"https:\/\/melaniedubois.com\/en\/rap-le-defi-dacheter-une-propriete-en-couple\/#primaryimage\",\"url\":\"https:\/\/mcusercontent.com\/93cd80b45544fad91b6b44d60\/images\/a8e14482-42a3-5335-dff8-1c02babc4c2f.png\",\"contentUrl\":\"https:\/\/mcusercontent.com\/93cd80b45544fad91b6b44d60\/images\/a8e14482-42a3-5335-dff8-1c02babc4c2f.png\"},{\"@type\":\"BreadcrumbList\",\"@id\":\"https:\/\/melaniedubois.com\/en\/rap-le-defi-dacheter-une-propriete-en-couple\/#breadcrumb\",\"itemListElement\":[{\"@type\":\"ListItem\",\"position\":1,\"name\":\"Accueil\",\"item\":\"https:\/\/melaniedubois.com\/en\/\"},{\"@type\":\"ListItem\",\"position\":2,\"name\":\"(Fran\u00e7ais) RAP: le d\u00e9fi d\u2019acheter une propri\u00e9t\u00e9 en couple\"}]},{\"@type\":\"WebSite\",\"@id\":\"https:\/\/melaniedubois.com\/en\/#website\",\"url\":\"https:\/\/melaniedubois.com\/en\/\",\"name\":\"\u00c9quipe M\u00e9lanie Dubois\",\"description\":\"Courtier immobilier Montr\u00e9al, KW Connexion\",\"potentialAction\":[{\"@type\":\"SearchAction\",\"target\":{\"@type\":\"EntryPoint\",\"urlTemplate\":\"https:\/\/melaniedubois.com\/en\/?s={search_term_string}\"},\"query-input\":{\"@type\":\"PropertyValueSpecification\",\"valueRequired\":true,\"valueName\":\"search_term_string\"}}],\"inLanguage\":\"fr-FR\"}]}<\/script>\n<!-- \/ Yoast SEO plugin. -->","yoast_head_json":{"title":"RAP: le d\u00e9fi d\u2019acheter une propri\u00e9t\u00e9 en couple - \u00c9quipe M\u00e9lanie Dubois","robots":{"index":"index","follow":"follow","max-snippet":"max-snippet:-1","max-image-preview":"max-image-preview:large","max-video-preview":"max-video-preview:-1"},"canonical":"https:\/\/melaniedubois.com\/en\/rap-le-defi-dacheter-une-propriete-en-couple\/","og_locale":"fr_FR","og_type":"article","og_title":"RAP: le d\u00e9fi d\u2019acheter une propri\u00e9t\u00e9 en couple - \u00c9quipe M\u00e9lanie Dubois","og_description":"Avec le prix de l\u2019immobilier, le recours au R\u00e9gime d\u2019accession \u00e0 la propri\u00e9t\u00e9 (RAP) est devenu quasiment incontournable pour acheter une premi\u00e8re maison. Dans les march\u00e9s les plus chauds, il est devenu impossible de se qualifier pour une premi\u00e8re hypoth\u00e8que sans l\u2019apport de deux revenus. Ce qui nous am\u00e8ne \u00e0 la question du RAP en [&hellip;]","og_url":"https:\/\/melaniedubois.com\/en\/rap-le-defi-dacheter-une-propriete-en-couple\/","og_site_name":"\u00c9quipe M\u00e9lanie Dubois","og_image":[{"url":"https:\/\/mcusercontent.com\/93cd80b45544fad91b6b44d60\/images\/a8e14482-42a3-5335-dff8-1c02babc4c2f.png","type":"","width":"","height":""}],"twitter_card":"summary_large_image","twitter_misc":{"Dur\u00e9e de lecture estim\u00e9e":"4 minutes"},"schema":{"@context":"https:\/\/schema.org","@graph":[{"@type":"WebPage","@id":"https:\/\/melaniedubois.com\/en\/rap-le-defi-dacheter-une-propriete-en-couple\/","url":"https:\/\/melaniedubois.com\/en\/rap-le-defi-dacheter-une-propriete-en-couple\/","name":"[:fr]RAP: le d\u00e9fi d\u2019acheter une propri\u00e9t\u00e9 en couple[:] - \u00c9quipe M\u00e9lanie Dubois","isPartOf":{"@id":"https:\/\/melaniedubois.com\/en\/#website"},"primaryImageOfPage":{"@id":"https:\/\/melaniedubois.com\/en\/rap-le-defi-dacheter-une-propriete-en-couple\/#primaryimage"},"image":{"@id":"https:\/\/melaniedubois.com\/en\/rap-le-defi-dacheter-une-propriete-en-couple\/#primaryimage"},"thumbnailUrl":"https:\/\/mcusercontent.com\/93cd80b45544fad91b6b44d60\/images\/a8e14482-42a3-5335-dff8-1c02babc4c2f.png","datePublished":"2022-09-11T12:21:17+00:00","breadcrumb":{"@id":"https:\/\/melaniedubois.com\/en\/rap-le-defi-dacheter-une-propriete-en-couple\/#breadcrumb"},"inLanguage":"fr-FR","potentialAction":[{"@type":"ReadAction","target":["https:\/\/melaniedubois.com\/en\/rap-le-defi-dacheter-une-propriete-en-couple\/"]}]},{"@type":"ImageObject","inLanguage":"fr-FR","@id":"https:\/\/melaniedubois.com\/en\/rap-le-defi-dacheter-une-propriete-en-couple\/#primaryimage","url":"https:\/\/mcusercontent.com\/93cd80b45544fad91b6b44d60\/images\/a8e14482-42a3-5335-dff8-1c02babc4c2f.png","contentUrl":"https:\/\/mcusercontent.com\/93cd80b45544fad91b6b44d60\/images\/a8e14482-42a3-5335-dff8-1c02babc4c2f.png"},{"@type":"BreadcrumbList","@id":"https:\/\/melaniedubois.com\/en\/rap-le-defi-dacheter-une-propriete-en-couple\/#breadcrumb","itemListElement":[{"@type":"ListItem","position":1,"name":"Accueil","item":"https:\/\/melaniedubois.com\/en\/"},{"@type":"ListItem","position":2,"name":"(Fran\u00e7ais) RAP: le d\u00e9fi d\u2019acheter une propri\u00e9t\u00e9 en couple"}]},{"@type":"WebSite","@id":"https:\/\/melaniedubois.com\/en\/#website","url":"https:\/\/melaniedubois.com\/en\/","name":"\u00c9quipe M\u00e9lanie Dubois","description":"Courtier immobilier Montr\u00e9al, KW Connexion","potentialAction":[{"@type":"SearchAction","target":{"@type":"EntryPoint","urlTemplate":"https:\/\/melaniedubois.com\/en\/?s={search_term_string}"},"query-input":{"@type":"PropertyValueSpecification","valueRequired":true,"valueName":"search_term_string"}}],"inLanguage":"fr-FR"}]}},"_links":{"self":[{"href":"https:\/\/melaniedubois.com\/fr\/wp-json\/wp\/v2\/pages\/2341","targetHints":{"allow":["GET"]}}],"collection":[{"href":"https:\/\/melaniedubois.com\/fr\/wp-json\/wp\/v2\/pages"}],"about":[{"href":"https:\/\/melaniedubois.com\/fr\/wp-json\/wp\/v2\/types\/page"}],"author":[{"embeddable":true,"href":"https:\/\/melaniedubois.com\/fr\/wp-json\/wp\/v2\/users\/742"}],"replies":[{"embeddable":true,"href":"https:\/\/melaniedubois.com\/fr\/wp-json\/wp\/v2\/comments?post=2341"}],"version-history":[{"count":1,"href":"https:\/\/melaniedubois.com\/fr\/wp-json\/wp\/v2\/pages\/2341\/revisions"}],"predecessor-version":[{"id":2342,"href":"https:\/\/melaniedubois.com\/fr\/wp-json\/wp\/v2\/pages\/2341\/revisions\/2342"}],"wp:attachment":[{"href":"https:\/\/melaniedubois.com\/fr\/wp-json\/wp\/v2\/media?parent=2341"}],"curies":[{"name":"wp","href":"https:\/\/api.w.org\/{rel}","templated":true}]}}