{"id":2345,"date":"2022-09-23T16:22:47","date_gmt":"2022-09-23T20:22:47","guid":{"rendered":"http:\/\/melaniedubois.com\/?page_id=2345"},"modified":"2022-09-23T16:22:47","modified_gmt":"2022-09-23T20:22:47","slug":"memo-fiscal-moratoire-de-2-ans-sur-les-acquisitions-de-proprietes-residentielles-par-les-etrangers","status":"publish","type":"page","link":"https:\/\/melaniedubois.com\/fr\/memo-fiscal-moratoire-de-2-ans-sur-les-acquisitions-de-proprietes-residentielles-par-les-etrangers\/","title":{"rendered":"MEMO FISCAL \u2013 Moratoire de 2 ans sur les acquisitions de propri\u00e9t\u00e9s r\u00e9sidentielles par les \u00e9trangers"},"content":{"rendered":"<p><\/p>\n<p style=\"text-align: justify;\">Dans le budget f\u00e9d\u00e9ral d\u00e9pos\u00e9 le 7 avril 2022, un nouveau moratoire sur l&rsquo;achat de toute propri\u00e9t\u00e9 r\u00e9sidentielle par des non-Canadiens (projet de loi C-19) a \u00e9t\u00e9 annonc\u00e9 et devrait entrer en vigueur le 1er er janvier 2023.<\/p>\n<p><img decoding=\"async\" src=\"https:\/\/mcusercontent.com\/93cd80b45544fad91b6b44d60\/images\/1ce6ec6f-7f2b-1a5e-2f99-9a59e47eaf13.png\" \/><\/p>\n<p style=\"text-align: justify;\">Ce moratoire de deux ann\u00e9es civiles devrait prendre fin le 31 d\u00e9cembre 2024, mais il est possible qu\u2019il soit renouvel\u00e9.<\/p>\n<p style=\"text-align: justify;\">Ce nouveau moratoire f\u00e9d\u00e9ral s&rsquo;appliquera \u00e0 vous si vous \u00eates un particulier \u00e9tranger, une fiducie, une soci\u00e9t\u00e9 \u00e9trang\u00e8re ou une soci\u00e9t\u00e9 canadienne contr\u00f4l\u00e9e par une entit\u00e9 ou un particulier \u00e9tranger.<\/p>\n<p style=\"text-align: justify;\">\n<p style=\"text-align: justify;\">Vous pourriez \u00eatre exempt\u00e9 si :<\/p>\n<p style=\"text-align: justify;\">1. Vous \u00eates citoyen canadien ou r\u00e9sident permanent du Canada (avec une carte de r\u00e9sidence valide), ou un r\u00e9fugi\u00e9 accept\u00e9<\/p>\n<p style=\"text-align: justify;\">2. Vous achetez la propri\u00e9t\u00e9 en copropri\u00e9t\u00e9 avec votre conjoint(e) citoyen(ne) canadien(ne) ou r\u00e9sident(e) permanent(e) (d\u00e9tails sur les exigences \u00e0 venir)<\/p>\n<p style=\"text-align: justify;\">3. Vous achetez un multiplex compos\u00e9 de trois logements ou plus, c&rsquo;est-\u00e0-dire un triplex<\/p>\n<p style=\"text-align: justify;\">4. Vous achetez une propri\u00e9t\u00e9 \u00e0 usage commercial, c&rsquo;est-\u00e0-dire : un espace de bureau ou un magasin de d\u00e9tail.<\/p>\n<p style=\"text-align: justify;\">5. Vous avez sign\u00e9 un contrat d&rsquo;achat avec le vendeur avant le 1er janvier 2023<\/p>\n<p style=\"text-align: justify;\">6. La propri\u00e9t\u00e9 est situ\u00e9e dans des zones r\u00e9cr\u00e9atives, telles que Mont-Tremblant et Whistler, qui ne peuvent \u00eatre utilis\u00e9es qu&rsquo;\u00e0 des fins de vacances (pr\u00e9cisions \u00e0 venir)<\/p>\n<p style=\"text-align: justify;\">\n<p style=\"text-align: justify;\">Cela signifie qu&rsquo;il sera strictement interdit \u00e0 TOUS les \u00e9trangers d&rsquo;acheter des propri\u00e9t\u00e9s r\u00e9sidentielles canadiennes. \u00c0 l&rsquo;heure actuelle, nous ne savons pas qui aura la responsabilit\u00e9 de v\u00e9rifier la citoyennet\u00e9 et l&rsquo;\u00e9ligibilit\u00e9, mais nous supposons que ce seront les avocats en titre (notaires) &#8211; tr\u00e8s probablement au moment de la cl\u00f4ture. En cas d&rsquo;infraction \u00e0 la loi, l&rsquo;acheteur peut se voir infliger une amende pouvant aller jusqu&rsquo;\u00e0 10 000 $ CAN et \u00eatre contraint de revendre la propri\u00e9t\u00e9, \u00e0 un prix \u00e9gal ou inf\u00e9rieur au co\u00fbt d&rsquo;acquisition, afin de lui interdire de r\u00e9aliser un profit.<\/p>\n<p style=\"text-align: justify;\">Le r\u00e9cent budget f\u00e9d\u00e9ral pr\u00e9voit \u00e9galement une nouvelle r\u00e8gle visant \u00e0 garantir que les b\u00e9n\u00e9fices tir\u00e9s de la revente de propri\u00e9t\u00e9s soient impos\u00e9s de mani\u00e8re compl\u00e8te et \u00e9quitable. \u00c0 compter du 1er er janvier 2023, toute propri\u00e9t\u00e9 d\u00e9tenue depuis moins de 12 mois et vendue par un particulier sera consid\u00e9r\u00e9e comme une revente pr\u00e9cipit\u00e9e (\u00abflip\u00bb) et sera impos\u00e9e \u00e0 100 % comme un revenu d&rsquo;entreprise. Par cons\u00e9quent, l&rsquo;exemption de 50 % sur les gains en capital ne serait pas accord\u00e9e. Des exemptions pourraient s&rsquo;appliquer aux Canadiens qui vendent leur maison en raison de certaines circonstances de la vie, comme un d\u00e9c\u00e8s, une invalidit\u00e9, la naissance d&rsquo;un enfant, un nouvel emploi ou un divorce.<\/p>\n<p style=\"text-align: justify;\">Veuillez consulter le site du Parlement canadien pour conna\u00eetre tous les d\u00e9tails du projet de loi C-19<\/p>\n<p>&nbsp;<\/p>\n<p><strong>Source :<\/strong> Memo fiscal de Julie C\u00f4t\u00e9, Directrice fiscalit\u00e9 des non-r\u00e9sidents et l\u2019immobilier. 2022<\/p>\n<p>&nbsp;<\/p>\n<p style=\"text-align: center;\">Vous voulez gardez un oeil sur le march\u00e9 et sur votre investissement ?<\/p>\n<p style=\"text-align: center;\">Nous pouvons p\u00e9riodiquement vous envoyer les ventes dans votre secteur.<\/p>\n<p style=\"text-align: center;\">C&rsquo;est GRATUIT! Aucune obligation de votre part.<\/p>\n<p><img decoding=\"async\" src=\"https:\/\/mcusercontent.com\/93cd80b45544fad91b6b44d60\/images\/4e6f6591-1108-4326-bdd0-44f74a03ea2b.png\" \/><\/p>","protected":false},"excerpt":{"rendered":"<p>Dans le budget f\u00e9d\u00e9ral d\u00e9pos\u00e9 le 7 avril 2022, un nouveau moratoire sur l&rsquo;achat de toute propri\u00e9t\u00e9 r\u00e9sidentielle par des non-Canadiens (projet de loi C-19) a \u00e9t\u00e9 annonc\u00e9 et devrait entrer en vigueur le 1er er janvier 2023. Ce moratoire de deux ann\u00e9es civiles devrait prendre fin le 31 d\u00e9cembre 2024, mais il est possible [&hellip;]<\/p>\n","protected":false},"author":742,"featured_media":0,"parent":0,"menu_order":0,"comment_status":"closed","ping_status":"closed","template":"","meta":{"_acf_changed":false,"footnotes":""},"class_list":["post-2345","page","type-page","status-publish","hentry"],"acf":[],"yoast_head":"<!-- This site is optimized with the Yoast SEO plugin v26.7 - https:\/\/yoast.com\/wordpress\/plugins\/seo\/ -->\n<title>MEMO FISCAL \u2013 Moratoire de 2 ans sur les acquisitions de propri\u00e9t\u00e9s r\u00e9sidentielles par les \u00e9trangers - \u00c9quipe M\u00e9lanie Dubois<\/title>\n<meta name=\"robots\" content=\"index, follow, max-snippet:-1, max-image-preview:large, max-video-preview:-1\" \/>\n<link rel=\"canonical\" href=\"https:\/\/melaniedubois.com\/fr\/memo-fiscal-moratoire-de-2-ans-sur-les-acquisitions-de-proprietes-residentielles-par-les-etrangers\/\" \/>\n<meta property=\"og:locale\" content=\"fr_FR\" \/>\n<meta property=\"og:type\" content=\"article\" \/>\n<meta property=\"og:title\" content=\"MEMO FISCAL \u2013 Moratoire de 2 ans sur les acquisitions de propri\u00e9t\u00e9s r\u00e9sidentielles par les \u00e9trangers - \u00c9quipe M\u00e9lanie Dubois\" \/>\n<meta property=\"og:description\" content=\"Dans le budget f\u00e9d\u00e9ral d\u00e9pos\u00e9 le 7 avril 2022, un nouveau moratoire sur l&rsquo;achat de toute propri\u00e9t\u00e9 r\u00e9sidentielle par des non-Canadiens (projet de loi C-19) a \u00e9t\u00e9 annonc\u00e9 et devrait entrer en vigueur le 1er er janvier 2023. Ce moratoire de deux ann\u00e9es civiles devrait prendre fin le 31 d\u00e9cembre 2024, mais il est possible [&hellip;]\" \/>\n<meta property=\"og:url\" content=\"https:\/\/melaniedubois.com\/fr\/memo-fiscal-moratoire-de-2-ans-sur-les-acquisitions-de-proprietes-residentielles-par-les-etrangers\/\" \/>\n<meta property=\"og:site_name\" content=\"\u00c9quipe M\u00e9lanie Dubois\" \/>\n<meta property=\"og:image\" content=\"https:\/\/mcusercontent.com\/93cd80b45544fad91b6b44d60\/images\/1ce6ec6f-7f2b-1a5e-2f99-9a59e47eaf13.png\" \/>\n<meta name=\"twitter:card\" content=\"summary_large_image\" \/>\n<meta name=\"twitter:label1\" content=\"Dur\u00e9e de lecture estim\u00e9e\" \/>\n\t<meta name=\"twitter:data1\" content=\"3 minutes\" \/>\n<script type=\"application\/ld+json\" class=\"yoast-schema-graph\">{\"@context\":\"https:\/\/schema.org\",\"@graph\":[{\"@type\":\"WebPage\",\"@id\":\"https:\/\/melaniedubois.com\/fr\/memo-fiscal-moratoire-de-2-ans-sur-les-acquisitions-de-proprietes-residentielles-par-les-etrangers\/\",\"url\":\"https:\/\/melaniedubois.com\/fr\/memo-fiscal-moratoire-de-2-ans-sur-les-acquisitions-de-proprietes-residentielles-par-les-etrangers\/\",\"name\":\"[:fr]MEMO FISCAL \u2013 Moratoire de 2 ans sur les acquisitions de propri\u00e9t\u00e9s r\u00e9sidentielles par les \u00e9trangers[:] - \u00c9quipe M\u00e9lanie Dubois\",\"isPartOf\":{\"@id\":\"https:\/\/melaniedubois.com\/en\/#website\"},\"primaryImageOfPage\":{\"@id\":\"https:\/\/melaniedubois.com\/fr\/memo-fiscal-moratoire-de-2-ans-sur-les-acquisitions-de-proprietes-residentielles-par-les-etrangers\/#primaryimage\"},\"image\":{\"@id\":\"https:\/\/melaniedubois.com\/fr\/memo-fiscal-moratoire-de-2-ans-sur-les-acquisitions-de-proprietes-residentielles-par-les-etrangers\/#primaryimage\"},\"thumbnailUrl\":\"https:\/\/mcusercontent.com\/93cd80b45544fad91b6b44d60\/images\/1ce6ec6f-7f2b-1a5e-2f99-9a59e47eaf13.png\",\"datePublished\":\"2022-09-23T20:22:47+00:00\",\"breadcrumb\":{\"@id\":\"https:\/\/melaniedubois.com\/fr\/memo-fiscal-moratoire-de-2-ans-sur-les-acquisitions-de-proprietes-residentielles-par-les-etrangers\/#breadcrumb\"},\"inLanguage\":\"fr-FR\",\"potentialAction\":[{\"@type\":\"ReadAction\",\"target\":[\"https:\/\/melaniedubois.com\/fr\/memo-fiscal-moratoire-de-2-ans-sur-les-acquisitions-de-proprietes-residentielles-par-les-etrangers\/\"]}]},{\"@type\":\"ImageObject\",\"inLanguage\":\"fr-FR\",\"@id\":\"https:\/\/melaniedubois.com\/fr\/memo-fiscal-moratoire-de-2-ans-sur-les-acquisitions-de-proprietes-residentielles-par-les-etrangers\/#primaryimage\",\"url\":\"https:\/\/mcusercontent.com\/93cd80b45544fad91b6b44d60\/images\/1ce6ec6f-7f2b-1a5e-2f99-9a59e47eaf13.png\",\"contentUrl\":\"https:\/\/mcusercontent.com\/93cd80b45544fad91b6b44d60\/images\/1ce6ec6f-7f2b-1a5e-2f99-9a59e47eaf13.png\"},{\"@type\":\"BreadcrumbList\",\"@id\":\"https:\/\/melaniedubois.com\/fr\/memo-fiscal-moratoire-de-2-ans-sur-les-acquisitions-de-proprietes-residentielles-par-les-etrangers\/#breadcrumb\",\"itemListElement\":[{\"@type\":\"ListItem\",\"position\":1,\"name\":\"Accueil\",\"item\":\"https:\/\/melaniedubois.com\/en\/\"},{\"@type\":\"ListItem\",\"position\":2,\"name\":\"MEMO FISCAL \u2013 Moratoire de 2 ans sur les acquisitions de propri\u00e9t\u00e9s r\u00e9sidentielles par les \u00e9trangers\"}]},{\"@type\":\"WebSite\",\"@id\":\"https:\/\/melaniedubois.com\/en\/#website\",\"url\":\"https:\/\/melaniedubois.com\/en\/\",\"name\":\"\u00c9quipe M\u00e9lanie Dubois\",\"description\":\"Courtier immobilier Montr\u00e9al, KW Connexion\",\"potentialAction\":[{\"@type\":\"SearchAction\",\"target\":{\"@type\":\"EntryPoint\",\"urlTemplate\":\"https:\/\/melaniedubois.com\/en\/?s={search_term_string}\"},\"query-input\":{\"@type\":\"PropertyValueSpecification\",\"valueRequired\":true,\"valueName\":\"search_term_string\"}}],\"inLanguage\":\"fr-FR\"}]}<\/script>\n<!-- \/ Yoast SEO plugin. -->","yoast_head_json":{"title":"MEMO FISCAL \u2013 Moratoire de 2 ans sur les acquisitions de propri\u00e9t\u00e9s r\u00e9sidentielles par les \u00e9trangers - \u00c9quipe M\u00e9lanie Dubois","robots":{"index":"index","follow":"follow","max-snippet":"max-snippet:-1","max-image-preview":"max-image-preview:large","max-video-preview":"max-video-preview:-1"},"canonical":"https:\/\/melaniedubois.com\/fr\/memo-fiscal-moratoire-de-2-ans-sur-les-acquisitions-de-proprietes-residentielles-par-les-etrangers\/","og_locale":"fr_FR","og_type":"article","og_title":"MEMO FISCAL \u2013 Moratoire de 2 ans sur les acquisitions de propri\u00e9t\u00e9s r\u00e9sidentielles par les \u00e9trangers - \u00c9quipe M\u00e9lanie Dubois","og_description":"Dans le budget f\u00e9d\u00e9ral d\u00e9pos\u00e9 le 7 avril 2022, un nouveau moratoire sur l&rsquo;achat de toute propri\u00e9t\u00e9 r\u00e9sidentielle par des non-Canadiens (projet de loi C-19) a \u00e9t\u00e9 annonc\u00e9 et devrait entrer en vigueur le 1er er janvier 2023. Ce moratoire de deux ann\u00e9es civiles devrait prendre fin le 31 d\u00e9cembre 2024, mais il est possible [&hellip;]","og_url":"https:\/\/melaniedubois.com\/fr\/memo-fiscal-moratoire-de-2-ans-sur-les-acquisitions-de-proprietes-residentielles-par-les-etrangers\/","og_site_name":"\u00c9quipe M\u00e9lanie Dubois","og_image":[{"url":"https:\/\/mcusercontent.com\/93cd80b45544fad91b6b44d60\/images\/1ce6ec6f-7f2b-1a5e-2f99-9a59e47eaf13.png","type":"","width":"","height":""}],"twitter_card":"summary_large_image","twitter_misc":{"Dur\u00e9e de lecture estim\u00e9e":"3 minutes"},"schema":{"@context":"https:\/\/schema.org","@graph":[{"@type":"WebPage","@id":"https:\/\/melaniedubois.com\/fr\/memo-fiscal-moratoire-de-2-ans-sur-les-acquisitions-de-proprietes-residentielles-par-les-etrangers\/","url":"https:\/\/melaniedubois.com\/fr\/memo-fiscal-moratoire-de-2-ans-sur-les-acquisitions-de-proprietes-residentielles-par-les-etrangers\/","name":"[:fr]MEMO FISCAL \u2013 Moratoire de 2 ans sur les acquisitions de propri\u00e9t\u00e9s r\u00e9sidentielles par les \u00e9trangers[:] - \u00c9quipe M\u00e9lanie Dubois","isPartOf":{"@id":"https:\/\/melaniedubois.com\/en\/#website"},"primaryImageOfPage":{"@id":"https:\/\/melaniedubois.com\/fr\/memo-fiscal-moratoire-de-2-ans-sur-les-acquisitions-de-proprietes-residentielles-par-les-etrangers\/#primaryimage"},"image":{"@id":"https:\/\/melaniedubois.com\/fr\/memo-fiscal-moratoire-de-2-ans-sur-les-acquisitions-de-proprietes-residentielles-par-les-etrangers\/#primaryimage"},"thumbnailUrl":"https:\/\/mcusercontent.com\/93cd80b45544fad91b6b44d60\/images\/1ce6ec6f-7f2b-1a5e-2f99-9a59e47eaf13.png","datePublished":"2022-09-23T20:22:47+00:00","breadcrumb":{"@id":"https:\/\/melaniedubois.com\/fr\/memo-fiscal-moratoire-de-2-ans-sur-les-acquisitions-de-proprietes-residentielles-par-les-etrangers\/#breadcrumb"},"inLanguage":"fr-FR","potentialAction":[{"@type":"ReadAction","target":["https:\/\/melaniedubois.com\/fr\/memo-fiscal-moratoire-de-2-ans-sur-les-acquisitions-de-proprietes-residentielles-par-les-etrangers\/"]}]},{"@type":"ImageObject","inLanguage":"fr-FR","@id":"https:\/\/melaniedubois.com\/fr\/memo-fiscal-moratoire-de-2-ans-sur-les-acquisitions-de-proprietes-residentielles-par-les-etrangers\/#primaryimage","url":"https:\/\/mcusercontent.com\/93cd80b45544fad91b6b44d60\/images\/1ce6ec6f-7f2b-1a5e-2f99-9a59e47eaf13.png","contentUrl":"https:\/\/mcusercontent.com\/93cd80b45544fad91b6b44d60\/images\/1ce6ec6f-7f2b-1a5e-2f99-9a59e47eaf13.png"},{"@type":"BreadcrumbList","@id":"https:\/\/melaniedubois.com\/fr\/memo-fiscal-moratoire-de-2-ans-sur-les-acquisitions-de-proprietes-residentielles-par-les-etrangers\/#breadcrumb","itemListElement":[{"@type":"ListItem","position":1,"name":"Accueil","item":"https:\/\/melaniedubois.com\/en\/"},{"@type":"ListItem","position":2,"name":"MEMO FISCAL \u2013 Moratoire de 2 ans sur les acquisitions de propri\u00e9t\u00e9s r\u00e9sidentielles par les \u00e9trangers"}]},{"@type":"WebSite","@id":"https:\/\/melaniedubois.com\/en\/#website","url":"https:\/\/melaniedubois.com\/en\/","name":"\u00c9quipe M\u00e9lanie Dubois","description":"Courtier immobilier Montr\u00e9al, KW Connexion","potentialAction":[{"@type":"SearchAction","target":{"@type":"EntryPoint","urlTemplate":"https:\/\/melaniedubois.com\/en\/?s={search_term_string}"},"query-input":{"@type":"PropertyValueSpecification","valueRequired":true,"valueName":"search_term_string"}}],"inLanguage":"fr-FR"}]}},"_links":{"self":[{"href":"https:\/\/melaniedubois.com\/fr\/wp-json\/wp\/v2\/pages\/2345","targetHints":{"allow":["GET"]}}],"collection":[{"href":"https:\/\/melaniedubois.com\/fr\/wp-json\/wp\/v2\/pages"}],"about":[{"href":"https:\/\/melaniedubois.com\/fr\/wp-json\/wp\/v2\/types\/page"}],"author":[{"embeddable":true,"href":"https:\/\/melaniedubois.com\/fr\/wp-json\/wp\/v2\/users\/742"}],"replies":[{"embeddable":true,"href":"https:\/\/melaniedubois.com\/fr\/wp-json\/wp\/v2\/comments?post=2345"}],"version-history":[{"count":1,"href":"https:\/\/melaniedubois.com\/fr\/wp-json\/wp\/v2\/pages\/2345\/revisions"}],"predecessor-version":[{"id":2346,"href":"https:\/\/melaniedubois.com\/fr\/wp-json\/wp\/v2\/pages\/2345\/revisions\/2346"}],"wp:attachment":[{"href":"https:\/\/melaniedubois.com\/fr\/wp-json\/wp\/v2\/media?parent=2345"}],"curies":[{"name":"wp","href":"https:\/\/api.w.org\/{rel}","templated":true}]}}