{"id":2353,"date":"2022-10-30T06:09:40","date_gmt":"2022-10-30T10:09:40","guid":{"rendered":"http:\/\/melaniedubois.com\/?page_id=2353"},"modified":"2022-10-30T06:09:40","modified_gmt":"2022-10-30T10:09:40","slug":"limmobilier-cest-du-solide-nest-ce-pas","status":"publish","type":"page","link":"https:\/\/melaniedubois.com\/fr\/limmobilier-cest-du-solide-nest-ce-pas\/","title":{"rendered":"L\u2019immobilier, c\u2019est du solide\u2026 n\u2019est-ce pas ?"},"content":{"rendered":"<p class=\"qtranxs-available-languages-message qtranxs-available-languages-message-fr\">D\u00e9sol\u00e9, cet article est seulement disponible en <a href=\"https:\/\/melaniedubois.com\/en\/wp-json\/wp\/v2\/pages\/2353\" class=\"qtranxs-available-language-link qtranxs-available-language-link-en\" title=\"English\">English<\/a>.<\/p>","protected":false},"excerpt":{"rendered":"<p>D\u00e9sol\u00e9, cet article est seulement disponible en English.<\/p>\n","protected":false},"author":742,"featured_media":0,"parent":0,"menu_order":0,"comment_status":"closed","ping_status":"closed","template":"","meta":{"_acf_changed":false,"footnotes":""},"class_list":["post-2353","page","type-page","status-publish","hentry"],"acf":[],"yoast_head":"<!-- This site is optimized with the Yoast SEO plugin v26.7 - https:\/\/yoast.com\/wordpress\/plugins\/seo\/ -->\n<title>L\u2019immobilier, c\u2019est du solide\u2026 n\u2019est-ce pas ? - \u00c9quipe M\u00e9lanie Dubois<\/title>\n<meta name=\"robots\" content=\"index, follow, max-snippet:-1, max-image-preview:large, max-video-preview:-1\" \/>\n<link rel=\"canonical\" href=\"https:\/\/melaniedubois.com\/fr\/limmobilier-cest-du-solide-nest-ce-pas\/\" \/>\n<meta property=\"og:locale\" content=\"fr_FR\" \/>\n<meta property=\"og:type\" content=\"article\" \/>\n<meta property=\"og:title\" content=\"L\u2019immobilier, c\u2019est du solide\u2026 n\u2019est-ce pas ? - \u00c9quipe M\u00e9lanie Dubois\" \/>\n<meta property=\"og:description\" content=\"D\u00e9sol\u00e9, cet article est seulement disponible en English.\" \/>\n<meta property=\"og:url\" content=\"https:\/\/melaniedubois.com\/fr\/limmobilier-cest-du-solide-nest-ce-pas\/\" \/>\n<meta property=\"og:site_name\" content=\"\u00c9quipe M\u00e9lanie Dubois\" \/>\n<meta property=\"og:image\" content=\"https:\/\/www.moneyvox.fr\/i\/media\/07l\/007440l302.jpg\" \/>\n<meta name=\"twitter:card\" content=\"summary_large_image\" \/>\n<meta name=\"twitter:label1\" content=\"Dur\u00e9e de lecture estim\u00e9e\" \/>\n\t<meta name=\"twitter:data1\" content=\"5 minutes\" \/>\n<script type=\"application\/ld+json\" class=\"yoast-schema-graph\">{\"@context\":\"https:\/\/schema.org\",\"@graph\":[{\"@type\":\"WebPage\",\"@id\":\"https:\/\/melaniedubois.com\/fr\/limmobilier-cest-du-solide-nest-ce-pas\/\",\"url\":\"https:\/\/melaniedubois.com\/fr\/limmobilier-cest-du-solide-nest-ce-pas\/\",\"name\":\"L\u2019immobilier, c\u2019est du solide\u2026 n\u2019est-ce pas ? - \u00c9quipe M\u00e9lanie Dubois\",\"isPartOf\":{\"@id\":\"https:\/\/melaniedubois.com\/en\/#website\"},\"primaryImageOfPage\":{\"@id\":\"https:\/\/melaniedubois.com\/fr\/limmobilier-cest-du-solide-nest-ce-pas\/#primaryimage\"},\"image\":{\"@id\":\"https:\/\/melaniedubois.com\/fr\/limmobilier-cest-du-solide-nest-ce-pas\/#primaryimage\"},\"thumbnailUrl\":\"https:\/\/www.moneyvox.fr\/i\/media\/07l\/007440l302.jpg\",\"datePublished\":\"2022-10-30T10:09:40+00:00\",\"breadcrumb\":{\"@id\":\"https:\/\/melaniedubois.com\/fr\/limmobilier-cest-du-solide-nest-ce-pas\/#breadcrumb\"},\"inLanguage\":\"fr-FR\",\"potentialAction\":[{\"@type\":\"ReadAction\",\"target\":[\"https:\/\/melaniedubois.com\/fr\/limmobilier-cest-du-solide-nest-ce-pas\/\"]}]},{\"@type\":\"ImageObject\",\"inLanguage\":\"fr-FR\",\"@id\":\"https:\/\/melaniedubois.com\/fr\/limmobilier-cest-du-solide-nest-ce-pas\/#primaryimage\",\"url\":\"https:\/\/www.moneyvox.fr\/i\/media\/07l\/007440l302.jpg\",\"contentUrl\":\"https:\/\/www.moneyvox.fr\/i\/media\/07l\/007440l302.jpg\"},{\"@type\":\"BreadcrumbList\",\"@id\":\"https:\/\/melaniedubois.com\/fr\/limmobilier-cest-du-solide-nest-ce-pas\/#breadcrumb\",\"itemListElement\":[{\"@type\":\"ListItem\",\"position\":1,\"name\":\"Accueil\",\"item\":\"https:\/\/melaniedubois.com\/en\/\"},{\"@type\":\"ListItem\",\"position\":2,\"name\":\"L\u2019immobilier, c\u2019est du solide\u2026 n\u2019est-ce pas ?\"}]},{\"@type\":\"WebSite\",\"@id\":\"https:\/\/melaniedubois.com\/en\/#website\",\"url\":\"https:\/\/melaniedubois.com\/en\/\",\"name\":\"\u00c9quipe M\u00e9lanie Dubois\",\"description\":\"Courtier immobilier Montr\u00e9al, KW Connexion\",\"potentialAction\":[{\"@type\":\"SearchAction\",\"target\":{\"@type\":\"EntryPoint\",\"urlTemplate\":\"https:\/\/melaniedubois.com\/en\/?s={search_term_string}\"},\"query-input\":{\"@type\":\"PropertyValueSpecification\",\"valueRequired\":true,\"valueName\":\"search_term_string\"}}],\"inLanguage\":\"fr-FR\"}]}<\/script>\n<!-- \/ Yoast SEO plugin. -->","yoast_head_json":{"title":"L\u2019immobilier, c\u2019est du solide\u2026 n\u2019est-ce pas ? - \u00c9quipe M\u00e9lanie Dubois","robots":{"index":"index","follow":"follow","max-snippet":"max-snippet:-1","max-image-preview":"max-image-preview:large","max-video-preview":"max-video-preview:-1"},"canonical":"https:\/\/melaniedubois.com\/fr\/limmobilier-cest-du-solide-nest-ce-pas\/","og_locale":"fr_FR","og_type":"article","og_title":"L\u2019immobilier, c\u2019est du solide\u2026 n\u2019est-ce pas ? - \u00c9quipe M\u00e9lanie Dubois","og_description":"D\u00e9sol\u00e9, cet article est seulement disponible en English.","og_url":"https:\/\/melaniedubois.com\/fr\/limmobilier-cest-du-solide-nest-ce-pas\/","og_site_name":"\u00c9quipe M\u00e9lanie Dubois","og_image":[{"url":"https:\/\/www.moneyvox.fr\/i\/media\/07l\/007440l302.jpg","type":"","width":"","height":""}],"twitter_card":"summary_large_image","twitter_misc":{"Dur\u00e9e de lecture estim\u00e9e":"5 minutes"},"schema":{"@context":"https:\/\/schema.org","@graph":[{"@type":"WebPage","@id":"https:\/\/melaniedubois.com\/fr\/limmobilier-cest-du-solide-nest-ce-pas\/","url":"https:\/\/melaniedubois.com\/fr\/limmobilier-cest-du-solide-nest-ce-pas\/","name":"L\u2019immobilier, c\u2019est du solide\u2026 n\u2019est-ce pas ? - \u00c9quipe M\u00e9lanie Dubois","isPartOf":{"@id":"https:\/\/melaniedubois.com\/en\/#website"},"primaryImageOfPage":{"@id":"https:\/\/melaniedubois.com\/fr\/limmobilier-cest-du-solide-nest-ce-pas\/#primaryimage"},"image":{"@id":"https:\/\/melaniedubois.com\/fr\/limmobilier-cest-du-solide-nest-ce-pas\/#primaryimage"},"thumbnailUrl":"https:\/\/www.moneyvox.fr\/i\/media\/07l\/007440l302.jpg","datePublished":"2022-10-30T10:09:40+00:00","breadcrumb":{"@id":"https:\/\/melaniedubois.com\/fr\/limmobilier-cest-du-solide-nest-ce-pas\/#breadcrumb"},"inLanguage":"fr-FR","potentialAction":[{"@type":"ReadAction","target":["https:\/\/melaniedubois.com\/fr\/limmobilier-cest-du-solide-nest-ce-pas\/"]}]},{"@type":"ImageObject","inLanguage":"fr-FR","@id":"https:\/\/melaniedubois.com\/fr\/limmobilier-cest-du-solide-nest-ce-pas\/#primaryimage","url":"https:\/\/www.moneyvox.fr\/i\/media\/07l\/007440l302.jpg","contentUrl":"https:\/\/www.moneyvox.fr\/i\/media\/07l\/007440l302.jpg"},{"@type":"BreadcrumbList","@id":"https:\/\/melaniedubois.com\/fr\/limmobilier-cest-du-solide-nest-ce-pas\/#breadcrumb","itemListElement":[{"@type":"ListItem","position":1,"name":"Accueil","item":"https:\/\/melaniedubois.com\/en\/"},{"@type":"ListItem","position":2,"name":"L\u2019immobilier, c\u2019est du solide\u2026 n\u2019est-ce pas ?"}]},{"@type":"WebSite","@id":"https:\/\/melaniedubois.com\/en\/#website","url":"https:\/\/melaniedubois.com\/en\/","name":"\u00c9quipe M\u00e9lanie Dubois","description":"Courtier immobilier Montr\u00e9al, KW Connexion","potentialAction":[{"@type":"SearchAction","target":{"@type":"EntryPoint","urlTemplate":"https:\/\/melaniedubois.com\/en\/?s={search_term_string}"},"query-input":{"@type":"PropertyValueSpecification","valueRequired":true,"valueName":"search_term_string"}}],"inLanguage":"fr-FR"}]}},"_links":{"self":[{"href":"https:\/\/melaniedubois.com\/fr\/wp-json\/wp\/v2\/pages\/2353","targetHints":{"allow":["GET"]}}],"collection":[{"href":"https:\/\/melaniedubois.com\/fr\/wp-json\/wp\/v2\/pages"}],"about":[{"href":"https:\/\/melaniedubois.com\/fr\/wp-json\/wp\/v2\/types\/page"}],"author":[{"embeddable":true,"href":"https:\/\/melaniedubois.com\/fr\/wp-json\/wp\/v2\/users\/742"}],"replies":[{"embeddable":true,"href":"https:\/\/melaniedubois.com\/fr\/wp-json\/wp\/v2\/comments?post=2353"}],"version-history":[{"count":1,"href":"https:\/\/melaniedubois.com\/fr\/wp-json\/wp\/v2\/pages\/2353\/revisions"}],"predecessor-version":[{"id":2354,"href":"https:\/\/melaniedubois.com\/fr\/wp-json\/wp\/v2\/pages\/2353\/revisions\/2354"}],"wp:attachment":[{"href":"https:\/\/melaniedubois.com\/fr\/wp-json\/wp\/v2\/media?parent=2353"}],"curies":[{"name":"wp","href":"https:\/\/api.w.org\/{rel}","templated":true}]}}