{"id":2418,"date":"2023-02-19T08:08:42","date_gmt":"2023-02-19T13:08:42","guid":{"rendered":"http:\/\/melaniedubois.com\/?page_id=2418"},"modified":"2023-02-19T08:10:02","modified_gmt":"2023-02-19T13:10:02","slug":"ce-que-vous-devez-savoir-sur-linterdiction-du-canada-aux-etrangers-dacquerir-des-biens-immobiliers-residentiels","status":"publish","type":"page","link":"https:\/\/melaniedubois.com\/fr\/ce-que-vous-devez-savoir-sur-linterdiction-du-canada-aux-etrangers-dacquerir-des-biens-immobiliers-residentiels\/","title":{"rendered":"Ce que vous devez savoir sur l&rsquo;interdiction du Canada aux \u00e9trangers d&rsquo;acqu\u00e9rir des biens immobiliers r\u00e9sidentiels"},"content":{"rendered":"<p><\/p>\n<p style=\"text-align: justify;\"><span class=\"\">Dans la derni\u00e8re tentative de freiner le prix de l&rsquo;immobilier r\u00e9sidentiel au Canada, le Parlement a pr\u00e9sent\u00e9 une nouvelle loi visant \u00e0 rendre le logement plus abordable et accessible aux Canadiens.<\/span><\/p>\n<p><img decoding=\"async\" src=\"https:\/\/mcusercontent.com\/93cd80b45544fad91b6b44d60\/images\/1f68dcb2-7799-3810-655c-a4f48129206f.png\" \/><\/p>\n<p style=\"text-align: justify;\"><span class=\"\">La <\/span><em><span class=\"\">Loi sur l&rsquo;interdiction d&rsquo;acheter des propri\u00e9t\u00e9s r\u00e9sidentielles par des non-Canadiens, LC 2022, ch.\u00a0<\/span>10, art.\u00a0235<\/em>\u00a0(la \u00ab Loi \u00bb) est officiellement entr\u00e9e en vigueur le 1er janvier 2023 et devrait rester en vigueur jusqu&rsquo;au 31 d\u00e9cembre 2024.<\/p>\n<p style=\"text-align: justify;\">En un mot, la Loi interdit aux non-Canadiens d&rsquo;acheter directement ou indirectement une propri\u00e9t\u00e9 r\u00e9sidentielle.<\/p>\n<p style=\"text-align: justify;\">Cependant, ces param\u00e8tres ne sont pas aussi simples qu&rsquo;il n&rsquo;y para\u00eet.\u00a0Les nuances de la loi, ses implications et les sanctions en cas de violation doivent \u00eatre comprises et appr\u00e9ci\u00e9es par les acteurs du secteur immobilier pour \u00e9viter de se retrouver du mauvais c\u00f4t\u00e9 d&rsquo;une transaction interdite.<\/p>\n<h2>Qu&rsquo;est-ce qu&rsquo;un \u00ab\u00a0non-Canadien\u00a0\u00bb\u00a0?<\/h2>\n<p style=\"text-align: justify;\">Aux fins de la Loi, les \u00ab\u00a0non-Canadiens\u00a0\u00bb ne d\u00e9signent pas seulement les \u00e9trangers.\u00a0L&rsquo;interdiction s&rsquo;\u00e9tend plut\u00f4t aux personnes qui ne sont pas des citoyens, des r\u00e9sidents permanents ou qui ne sont pas inscrites comme Indiens en vertu de la Loi sur les Indiens.<\/p>\n<p style=\"text-align: justify;\">Il comprend \u00e9galement les soci\u00e9t\u00e9s qui ne sont pas constitu\u00e9es au niveau f\u00e9d\u00e9ral ou provincial au Canada ou constitu\u00e9es en vertu des lois canadiennes.\u00a0L&rsquo;interdiction s&rsquo;\u00e9tend \u00e9galement aux soci\u00e9t\u00e9s form\u00e9es ou constitu\u00e9es en vertu du droit canadien si leurs actions ne sont pas inscrites \u00e0 la cote des bourses canadiennes et qu&rsquo;elles sont contr\u00f4l\u00e9es par des non-Canadiens.<\/p>\n<p style=\"text-align: justify;\">Pour plus de clart\u00e9, une soci\u00e9t\u00e9 est \u00ab\u00a0contr\u00f4l\u00e9e\u00a0\u00bb soit par l&rsquo;actionnariat ou les droits de vote, soit par le \u00ab\u00a0contr\u00f4le de fait\u00a0\u00bb de la soci\u00e9t\u00e9, par la propri\u00e9t\u00e9, un accord ou par tout autre moyen.<\/p>\n<p style=\"text-align: justify;\">La Loi pr\u00e9voit quelques exceptions aux r\u00e8gles pour les non-Canadiens.<\/p>\n<p style=\"text-align: justify;\">Par exemple, les non-Canadiens sont exempt\u00e9s s&rsquo;ils ach\u00e8tent un bien avec un \u00e9poux ou conjoint de fait canadien.\u00a0Les r\u00e9fugi\u00e9s et les personnes ayant obtenu le statut de r\u00e9sident pour des raisons humanitaires sont \u00e9galement exempt\u00e9s, tout comme les \u00c9tats \u00e9trangers et les ressortissants \u00e0 des fins diplomatiques.<\/p>\n<p style=\"text-align: justify;\">Il existe \u00e9galement des exemptions pour les r\u00e9sidents temporaires s&rsquo;ils satisfont \u00e0 certaines conditions prescrites.<\/p>\n<h2 style=\"text-align: justify;\">Qu&rsquo;est-ce qu&rsquo;un \u00ab immeuble d&rsquo;habitation \u00bb ?<\/h2>\n<p style=\"text-align: justify;\">En ce qui concerne ce qui constitue une \u00ab propri\u00e9t\u00e9 r\u00e9sidentielle \u00bb en vertu de la Loi, des param\u00e8tres \u00e9tablis sont \u00e9galement prescrits.<\/p>\n<p style=\"text-align: justify;\">Pour qu&rsquo;une propri\u00e9t\u00e9 soit qualifi\u00e9e de \u00ab\u00a0r\u00e9sidentielle\u00a0\u00bb, elle doit \u00eatre soit\u00a0:<\/p>\n<ol style=\"text-align: justify;\">\n<li>une maison individuelle (ou construction similaire) qui ne contient pas plus de trois logements\u00a0;<\/li>\n<li>une maison en rang\u00e9e, une maison en rang\u00e9e, une maison jumel\u00e9e ou un condominium qui est une parcelle de terrain s\u00e9par\u00e9e et distincte qui appartient ind\u00e9pendamment des autres parcelles du b\u00e2timent\u00a0;\u00a0et<\/li>\n<li>un terrain zon\u00e9 \u00e0 usage r\u00e9sidentiel ou r\u00e9sidentiel mixte, m\u00eame s&rsquo;il n&rsquo;a pas de structure habitable.<\/li>\n<\/ol>\n<p style=\"text-align: justify;\">Cependant, il existe des d\u00e9rogations \u00e0 ces r\u00e8gles pour les zones \u00ab rurales \u00bb.\u00a0Les dispositions de la Loi sur les propri\u00e9t\u00e9s r\u00e9sidentielles ne s&rsquo;appliquent qu&rsquo;aux biens immobiliers r\u00e9sidentiels situ\u00e9s dans les \u00ab r\u00e9gions m\u00e9tropolitaines de recensement \u00bb et les \u00ab agglom\u00e9rations de recensement \u00bb, qui sont des villes et des villages qui d\u00e9passent une certaine population d\u00e9termin\u00e9e par Statistique Canada.<\/p>\n<p style=\"text-align: justify;\">Il y a environ 150 zones urbaines au Canada qui sont actuellement reconnues comme telles.\u00a0Une liste des municipalit\u00e9s canadiennes qualifi\u00e9es de \u00ab r\u00e9gions m\u00e9tropolitaines de recensement \u00bb et d&rsquo;\u00ab agglom\u00e9rations de recensement \u00bb\u00a0<a href=\"https:\/\/www150.statcan.gc.ca\/t1\/tbl1\/en\/tv.action?pid=9810000301\" target=\"_blank\" rel=\"noopener\">se trouve ici<\/a>\u00a0et une carte de ces r\u00e9gions\u00a0<a href=\"https:\/\/www12.statcan.gc.ca\/census-recensement\/2021\/geo\/maps-cartes\/referencemaps-cartesdereference\/sgc-cgt\/files-fichiers\/2021-12572-01-B.pdf\" target=\"_blank\" rel=\"noopener\">se trouve ici<\/a>\u00a0.<\/p>\n<h2 style=\"text-align: justify;\">Exemptions en vertu de la Loi<\/h2>\n<p style=\"text-align: justify;\">Les param\u00e8tres \u00e9tablis dans la Loi sont larges lorsqu&rsquo;il s&rsquo;agit de \u00ab non-Canadiens \u00bb et de \u00ab propri\u00e9t\u00e9s r\u00e9sidentielles \u00bb.\u00a0Mais il existe quelques exceptions pour contourner les r\u00e8gles dans certaines circonstances.<\/p>\n<p style=\"text-align: justify;\">Premi\u00e8rement, m\u00eame si la loi est entr\u00e9e en vigueur au d\u00e9but de cette ann\u00e9e, les transactions conclues avant cette date ne seront pas n\u00e9cessairement vis\u00e9es.<\/p>\n<p style=\"text-align: justify;\">Par cons\u00e9quent, si un non-Canadien a conclu une convention d&rsquo;achat et de vente d&rsquo;une propri\u00e9t\u00e9 r\u00e9sidentielle avant le 1er janvier 2023, la transaction pourrait ne pas \u00eatre interdite par la Loi, m\u00eame si la cl\u00f4ture est post\u00e9rieure \u00e0 cette date.<\/p>\n<p style=\"text-align: justify;\">Certaines transactions ne sont pas consid\u00e9r\u00e9es comme un \u00ab achat \u00bb aux fins de la Loi et sont donc exempt\u00e9es.<\/p>\n<p style=\"text-align: justify;\">Par exemple, si un bien est acquis en tant qu&rsquo;int\u00e9r\u00eat de plein droit \u00e0 la suite d&rsquo;un d\u00e9c\u00e8s ou d&rsquo;un divorce ou par donation, la transaction ne sera pas consid\u00e9r\u00e9e comme un achat en vertu de la Loi et sera donc exempt\u00e9e.\u00a0De m\u00eame, si un bien est acquis \u00e0 partir d&rsquo;un transfert au moyen d&rsquo;une fiducie cr\u00e9\u00e9e avant l&rsquo;entr\u00e9e en vigueur de la Loi, il sera \u00e9galement exon\u00e9r\u00e9.<\/p>\n<p style=\"text-align: justify;\">Les transferts qui proviennent de s\u00fbret\u00e9s ou de droits de cr\u00e9anciers garantis sont \u00e9galement exon\u00e9r\u00e9s.<\/p>\n<h2 style=\"text-align: justify;\">Sanctions pour violation de la loi<\/h2>\n<p style=\"text-align: justify;\">Si la loi est viol\u00e9e en achetant des propri\u00e9t\u00e9s contrairement \u00e0 ses termes, l&rsquo;acheteur peut \u00eatre passible d&rsquo;amendes et de p\u00e9nalit\u00e9s.<\/p>\n<p style=\"text-align: justify;\">La Loi sera viol\u00e9e non seulement par des non-Canadiens qui ach\u00e8tent une propri\u00e9t\u00e9, mais aussi en conseillant, incitant ou aidant (ou tentant d&rsquo;aider) un non-Canadien \u00e0 acheter un bien immobilier r\u00e9sidentiel tout en sachant qu&rsquo;il lui est interdit de le faire.\u00a0Cette interdiction s&rsquo;applique \u00e9galement aux dirigeants et aux dirigeants des soci\u00e9t\u00e9s qui autorisent ou acquiescent \u00e0 de telles actions.<\/p>\n<p style=\"text-align: justify;\">Les particuliers et les personnes morales qui contreviennent \u00e0 la Loi se rendront coupables d&rsquo;une infraction et pourront devoir payer une amende pouvant aller jusqu&rsquo;\u00e0 10 000 $.\u00a0Les dirigeants et administrateurs de la soci\u00e9t\u00e9 peuvent \u00eatre condamn\u00e9s en vertu de la Loi m\u00eame si la soci\u00e9t\u00e9 elle-m\u00eame ne l&rsquo;est pas.<\/p>\n<p style=\"text-align: justify;\">Si une transaction est jug\u00e9e contraire \u00e0 la Loi, la vente ne sera pas n\u00e9cessairement annul\u00e9e.<\/p>\n<p style=\"text-align: justify;\">Ainsi, si une transaction contrevient \u00e0 la Loi, les parties ne sont pas relev\u00e9es de leurs obligations de conclure la transaction.\u00a0Cependant, dans certains cas, un tribunal peut ordonner qu&rsquo;un bien puisse \u00eatre vendu s&rsquo;il a \u00e9t\u00e9 achet\u00e9 en violation de la Loi.<\/p>\n<h2 style=\"text-align: justify;\">Soyez prudent et prot\u00e9gez-vous<\/h2>\n<p style=\"text-align: justify;\">Compte tenu des vastes param\u00e8tres \u00e9tablis par la Loi, il faut faire preuve de prudence avant de conclure des transactions pour des propri\u00e9t\u00e9s r\u00e9sidentielles si l&rsquo;acheteur pourrait \u00eatre consid\u00e9r\u00e9 comme un non-Canadien.<\/p>\n<p style=\"text-align: justify;\">Il est \u00e0 noter que les sanctions pr\u00e9vues par la loi ne s&rsquo;appliquent pas seulement aux acqu\u00e9reurs r\u00e9els, mais peuvent \u00e9galement \u00eatre impos\u00e9es aux agents immobiliers, courtiers, avocats, notaires et vendeurs travaillant pour des soci\u00e9t\u00e9s de d\u00e9veloppement.<\/p>\n<p style=\"text-align: justify;\">Ainsi, s&rsquo;il y a le moindre soup\u00e7on qu&rsquo;une transaction violerait la Loi, les acheteurs seraient avis\u00e9s de consulter un avocat au pr\u00e9alable pour s&rsquo;assurer que la partie concern\u00e9e n&rsquo;est pas un non-Canadien et\/ou que la propri\u00e9t\u00e9 en question est situ\u00e9e \u00e0 l&rsquo;ext\u00e9rieur de la zones affect\u00e9es.<\/p>\n<p style=\"text-align: justify;\">De plus, pour se prot\u00e9ger, les vendeurs devraient envisager de demander aux acheteurs de signer des d\u00e9clarations et des garanties pour confirmer que la transaction est conforme \u00e0 la Loi.\u00a0Plus pr\u00e9cis\u00e9ment, les vendeurs devraient obtenir des d\u00e9clarations \u00e9crites des acheteurs, qui confirment qu&rsquo;ils ne sont pas des non-Canadiens aux fins de la Loi.<\/p>\n<p style=\"text-align: justify;\">Il reste \u00e0 voir ce qu&rsquo;il adviendra de la loi au cours de son application de deux ans et au-del\u00e0.\u00a0Il peut \u00eatre modifi\u00e9 ou contest\u00e9 s&rsquo;il ne fonctionne pas sur le plan pratique.<\/p>\n<p style=\"text-align: justify;\">D&rsquo;ici l\u00e0, cependant, les acqu\u00e9reurs de biens immobiliers r\u00e9sidentiels devraient le prendre au s\u00e9rieux pour \u00e9viter d&rsquo;\u00eatre soumis \u00e0 ses sanctions.<\/p>\n<p>&nbsp;<\/p>\n<p><strong>Source<\/strong> : <a href=\"https:\/\/renx.ca\/what-you-should-know-about-canadas-prohibition-on-foreigners-acquiring-residential-real-estate\">Article de Daniel Walman publi\u00e9 sur le site renx.ca le 25 janvier 2023<\/a><\/p>\n<p><strong>Lien : <\/strong><a href=\"https:\/\/renx.ca\/what-you-should-know-about-canadas-prohibition-on-foreigners-acquiring-residential-real-estate\">https:\/\/renx.ca\/what-you-should-know-about-canadas-prohibition-on-foreigners-acquiring-residential-real-estate<\/a><\/p>\n<p>&nbsp;<\/p>\n<p style=\"text-align: center;\">Vous voulez gardez un oeil sur le march\u00e9 et sur votre investissement ?<\/p>\n<p style=\"text-align: center;\">Nous pouvons p\u00e9riodiquement vous envoyer les ventes dans votre secteur.<\/p>\n<p style=\"text-align: center;\">C&rsquo;est GRATUIT! Aucune obligation de votre part.<\/p>\n<p><img decoding=\"async\" class=\"aligncenter\" src=\"https:\/\/mcusercontent.com\/93cd80b45544fad91b6b44d60\/images\/22eff594-89e6-7c93-0054-7fc2388cf7ae.png\" \/><\/p>","protected":false},"excerpt":{"rendered":"<p>Dans la derni\u00e8re tentative de freiner le prix de l&rsquo;immobilier r\u00e9sidentiel au Canada, le Parlement a pr\u00e9sent\u00e9 une nouvelle loi visant \u00e0 rendre le logement plus abordable et accessible aux Canadiens. La Loi sur l&rsquo;interdiction d&rsquo;acheter des propri\u00e9t\u00e9s r\u00e9sidentielles par des non-Canadiens, LC 2022, ch.\u00a010, art.\u00a0235\u00a0(la \u00ab Loi \u00bb) est officiellement entr\u00e9e en vigueur le [&hellip;]<\/p>\n","protected":false},"author":742,"featured_media":0,"parent":0,"menu_order":0,"comment_status":"closed","ping_status":"closed","template":"","meta":{"_acf_changed":false,"footnotes":""},"class_list":["post-2418","page","type-page","status-publish","hentry"],"acf":[],"yoast_head":"<!-- This site is optimized with the Yoast SEO plugin v26.7 - https:\/\/yoast.com\/wordpress\/plugins\/seo\/ -->\n<title>Ce que vous devez savoir sur l&#039;interdiction du Canada aux \u00e9trangers d&#039;acqu\u00e9rir des biens immobiliers r\u00e9sidentiels - \u00c9quipe M\u00e9lanie Dubois<\/title>\n<meta name=\"robots\" content=\"index, follow, max-snippet:-1, max-image-preview:large, max-video-preview:-1\" \/>\n<link rel=\"canonical\" href=\"https:\/\/melaniedubois.com\/fr\/ce-que-vous-devez-savoir-sur-linterdiction-du-canada-aux-etrangers-dacquerir-des-biens-immobiliers-residentiels\/\" \/>\n<meta property=\"og:locale\" content=\"fr_FR\" \/>\n<meta property=\"og:type\" content=\"article\" \/>\n<meta property=\"og:title\" content=\"Ce que vous devez savoir sur l&#039;interdiction du Canada aux \u00e9trangers d&#039;acqu\u00e9rir des biens immobiliers r\u00e9sidentiels - \u00c9quipe M\u00e9lanie Dubois\" \/>\n<meta property=\"og:description\" content=\"Dans la derni\u00e8re tentative de freiner le prix de l&rsquo;immobilier r\u00e9sidentiel au Canada, le Parlement a pr\u00e9sent\u00e9 une nouvelle loi visant \u00e0 rendre le logement plus abordable et accessible aux Canadiens. La Loi sur l&rsquo;interdiction d&rsquo;acheter des propri\u00e9t\u00e9s r\u00e9sidentielles par des non-Canadiens, LC 2022, ch.\u00a010, art.\u00a0235\u00a0(la \u00ab Loi \u00bb) est officiellement entr\u00e9e en vigueur le [&hellip;]\" \/>\n<meta property=\"og:url\" content=\"https:\/\/melaniedubois.com\/fr\/ce-que-vous-devez-savoir-sur-linterdiction-du-canada-aux-etrangers-dacquerir-des-biens-immobiliers-residentiels\/\" \/>\n<meta property=\"og:site_name\" content=\"\u00c9quipe M\u00e9lanie Dubois\" \/>\n<meta property=\"article:modified_time\" content=\"2023-02-19T13:10:02+00:00\" \/>\n<meta property=\"og:image\" content=\"https:\/\/mcusercontent.com\/93cd80b45544fad91b6b44d60\/images\/1f68dcb2-7799-3810-655c-a4f48129206f.png\" \/>\n<meta name=\"twitter:card\" content=\"summary_large_image\" \/>\n<meta name=\"twitter:label1\" content=\"Dur\u00e9e de lecture estim\u00e9e\" \/>\n\t<meta name=\"twitter:data1\" content=\"6 minutes\" \/>\n<script type=\"application\/ld+json\" class=\"yoast-schema-graph\">{\"@context\":\"https:\/\/schema.org\",\"@graph\":[{\"@type\":\"WebPage\",\"@id\":\"https:\/\/melaniedubois.com\/fr\/ce-que-vous-devez-savoir-sur-linterdiction-du-canada-aux-etrangers-dacquerir-des-biens-immobiliers-residentiels\/\",\"url\":\"https:\/\/melaniedubois.com\/fr\/ce-que-vous-devez-savoir-sur-linterdiction-du-canada-aux-etrangers-dacquerir-des-biens-immobiliers-residentiels\/\",\"name\":\"[:fr]Ce que vous devez savoir sur l'interdiction du Canada aux \u00e9trangers d'acqu\u00e9rir des biens immobiliers r\u00e9sidentiels[:] - \u00c9quipe M\u00e9lanie Dubois\",\"isPartOf\":{\"@id\":\"https:\/\/melaniedubois.com\/en\/#website\"},\"primaryImageOfPage\":{\"@id\":\"https:\/\/melaniedubois.com\/fr\/ce-que-vous-devez-savoir-sur-linterdiction-du-canada-aux-etrangers-dacquerir-des-biens-immobiliers-residentiels\/#primaryimage\"},\"image\":{\"@id\":\"https:\/\/melaniedubois.com\/fr\/ce-que-vous-devez-savoir-sur-linterdiction-du-canada-aux-etrangers-dacquerir-des-biens-immobiliers-residentiels\/#primaryimage\"},\"thumbnailUrl\":\"https:\/\/mcusercontent.com\/93cd80b45544fad91b6b44d60\/images\/1f68dcb2-7799-3810-655c-a4f48129206f.png\",\"datePublished\":\"2023-02-19T13:08:42+00:00\",\"dateModified\":\"2023-02-19T13:10:02+00:00\",\"breadcrumb\":{\"@id\":\"https:\/\/melaniedubois.com\/fr\/ce-que-vous-devez-savoir-sur-linterdiction-du-canada-aux-etrangers-dacquerir-des-biens-immobiliers-residentiels\/#breadcrumb\"},\"inLanguage\":\"fr-FR\",\"potentialAction\":[{\"@type\":\"ReadAction\",\"target\":[\"https:\/\/melaniedubois.com\/fr\/ce-que-vous-devez-savoir-sur-linterdiction-du-canada-aux-etrangers-dacquerir-des-biens-immobiliers-residentiels\/\"]}]},{\"@type\":\"ImageObject\",\"inLanguage\":\"fr-FR\",\"@id\":\"https:\/\/melaniedubois.com\/fr\/ce-que-vous-devez-savoir-sur-linterdiction-du-canada-aux-etrangers-dacquerir-des-biens-immobiliers-residentiels\/#primaryimage\",\"url\":\"https:\/\/mcusercontent.com\/93cd80b45544fad91b6b44d60\/images\/1f68dcb2-7799-3810-655c-a4f48129206f.png\",\"contentUrl\":\"https:\/\/mcusercontent.com\/93cd80b45544fad91b6b44d60\/images\/1f68dcb2-7799-3810-655c-a4f48129206f.png\"},{\"@type\":\"BreadcrumbList\",\"@id\":\"https:\/\/melaniedubois.com\/fr\/ce-que-vous-devez-savoir-sur-linterdiction-du-canada-aux-etrangers-dacquerir-des-biens-immobiliers-residentiels\/#breadcrumb\",\"itemListElement\":[{\"@type\":\"ListItem\",\"position\":1,\"name\":\"Accueil\",\"item\":\"https:\/\/melaniedubois.com\/en\/\"},{\"@type\":\"ListItem\",\"position\":2,\"name\":\"Ce que vous devez savoir sur l&rsquo;interdiction du Canada aux \u00e9trangers d&rsquo;acqu\u00e9rir des biens immobiliers r\u00e9sidentiels\"}]},{\"@type\":\"WebSite\",\"@id\":\"https:\/\/melaniedubois.com\/en\/#website\",\"url\":\"https:\/\/melaniedubois.com\/en\/\",\"name\":\"\u00c9quipe M\u00e9lanie Dubois\",\"description\":\"Courtier immobilier Montr\u00e9al, KW Connexion\",\"potentialAction\":[{\"@type\":\"SearchAction\",\"target\":{\"@type\":\"EntryPoint\",\"urlTemplate\":\"https:\/\/melaniedubois.com\/en\/?s={search_term_string}\"},\"query-input\":{\"@type\":\"PropertyValueSpecification\",\"valueRequired\":true,\"valueName\":\"search_term_string\"}}],\"inLanguage\":\"fr-FR\"}]}<\/script>\n<!-- \/ Yoast SEO plugin. -->","yoast_head_json":{"title":"Ce que vous devez savoir sur l'interdiction du Canada aux \u00e9trangers d'acqu\u00e9rir des biens immobiliers r\u00e9sidentiels - \u00c9quipe M\u00e9lanie Dubois","robots":{"index":"index","follow":"follow","max-snippet":"max-snippet:-1","max-image-preview":"max-image-preview:large","max-video-preview":"max-video-preview:-1"},"canonical":"https:\/\/melaniedubois.com\/fr\/ce-que-vous-devez-savoir-sur-linterdiction-du-canada-aux-etrangers-dacquerir-des-biens-immobiliers-residentiels\/","og_locale":"fr_FR","og_type":"article","og_title":"Ce que vous devez savoir sur l'interdiction du Canada aux \u00e9trangers d'acqu\u00e9rir des biens immobiliers r\u00e9sidentiels - \u00c9quipe M\u00e9lanie Dubois","og_description":"Dans la derni\u00e8re tentative de freiner le prix de l&rsquo;immobilier r\u00e9sidentiel au Canada, le Parlement a pr\u00e9sent\u00e9 une nouvelle loi visant \u00e0 rendre le logement plus abordable et accessible aux Canadiens. La Loi sur l&rsquo;interdiction d&rsquo;acheter des propri\u00e9t\u00e9s r\u00e9sidentielles par des non-Canadiens, LC 2022, ch.\u00a010, art.\u00a0235\u00a0(la \u00ab Loi \u00bb) est officiellement entr\u00e9e en vigueur le [&hellip;]","og_url":"https:\/\/melaniedubois.com\/fr\/ce-que-vous-devez-savoir-sur-linterdiction-du-canada-aux-etrangers-dacquerir-des-biens-immobiliers-residentiels\/","og_site_name":"\u00c9quipe M\u00e9lanie Dubois","article_modified_time":"2023-02-19T13:10:02+00:00","og_image":[{"url":"https:\/\/mcusercontent.com\/93cd80b45544fad91b6b44d60\/images\/1f68dcb2-7799-3810-655c-a4f48129206f.png","type":"","width":"","height":""}],"twitter_card":"summary_large_image","twitter_misc":{"Dur\u00e9e de lecture estim\u00e9e":"6 minutes"},"schema":{"@context":"https:\/\/schema.org","@graph":[{"@type":"WebPage","@id":"https:\/\/melaniedubois.com\/fr\/ce-que-vous-devez-savoir-sur-linterdiction-du-canada-aux-etrangers-dacquerir-des-biens-immobiliers-residentiels\/","url":"https:\/\/melaniedubois.com\/fr\/ce-que-vous-devez-savoir-sur-linterdiction-du-canada-aux-etrangers-dacquerir-des-biens-immobiliers-residentiels\/","name":"[:fr]Ce que vous devez savoir sur l'interdiction du Canada aux \u00e9trangers d'acqu\u00e9rir des biens immobiliers r\u00e9sidentiels[:] - \u00c9quipe M\u00e9lanie Dubois","isPartOf":{"@id":"https:\/\/melaniedubois.com\/en\/#website"},"primaryImageOfPage":{"@id":"https:\/\/melaniedubois.com\/fr\/ce-que-vous-devez-savoir-sur-linterdiction-du-canada-aux-etrangers-dacquerir-des-biens-immobiliers-residentiels\/#primaryimage"},"image":{"@id":"https:\/\/melaniedubois.com\/fr\/ce-que-vous-devez-savoir-sur-linterdiction-du-canada-aux-etrangers-dacquerir-des-biens-immobiliers-residentiels\/#primaryimage"},"thumbnailUrl":"https:\/\/mcusercontent.com\/93cd80b45544fad91b6b44d60\/images\/1f68dcb2-7799-3810-655c-a4f48129206f.png","datePublished":"2023-02-19T13:08:42+00:00","dateModified":"2023-02-19T13:10:02+00:00","breadcrumb":{"@id":"https:\/\/melaniedubois.com\/fr\/ce-que-vous-devez-savoir-sur-linterdiction-du-canada-aux-etrangers-dacquerir-des-biens-immobiliers-residentiels\/#breadcrumb"},"inLanguage":"fr-FR","potentialAction":[{"@type":"ReadAction","target":["https:\/\/melaniedubois.com\/fr\/ce-que-vous-devez-savoir-sur-linterdiction-du-canada-aux-etrangers-dacquerir-des-biens-immobiliers-residentiels\/"]}]},{"@type":"ImageObject","inLanguage":"fr-FR","@id":"https:\/\/melaniedubois.com\/fr\/ce-que-vous-devez-savoir-sur-linterdiction-du-canada-aux-etrangers-dacquerir-des-biens-immobiliers-residentiels\/#primaryimage","url":"https:\/\/mcusercontent.com\/93cd80b45544fad91b6b44d60\/images\/1f68dcb2-7799-3810-655c-a4f48129206f.png","contentUrl":"https:\/\/mcusercontent.com\/93cd80b45544fad91b6b44d60\/images\/1f68dcb2-7799-3810-655c-a4f48129206f.png"},{"@type":"BreadcrumbList","@id":"https:\/\/melaniedubois.com\/fr\/ce-que-vous-devez-savoir-sur-linterdiction-du-canada-aux-etrangers-dacquerir-des-biens-immobiliers-residentiels\/#breadcrumb","itemListElement":[{"@type":"ListItem","position":1,"name":"Accueil","item":"https:\/\/melaniedubois.com\/en\/"},{"@type":"ListItem","position":2,"name":"Ce que vous devez savoir sur l&rsquo;interdiction du Canada aux \u00e9trangers d&rsquo;acqu\u00e9rir des biens immobiliers r\u00e9sidentiels"}]},{"@type":"WebSite","@id":"https:\/\/melaniedubois.com\/en\/#website","url":"https:\/\/melaniedubois.com\/en\/","name":"\u00c9quipe M\u00e9lanie Dubois","description":"Courtier immobilier Montr\u00e9al, KW Connexion","potentialAction":[{"@type":"SearchAction","target":{"@type":"EntryPoint","urlTemplate":"https:\/\/melaniedubois.com\/en\/?s={search_term_string}"},"query-input":{"@type":"PropertyValueSpecification","valueRequired":true,"valueName":"search_term_string"}}],"inLanguage":"fr-FR"}]}},"_links":{"self":[{"href":"https:\/\/melaniedubois.com\/fr\/wp-json\/wp\/v2\/pages\/2418","targetHints":{"allow":["GET"]}}],"collection":[{"href":"https:\/\/melaniedubois.com\/fr\/wp-json\/wp\/v2\/pages"}],"about":[{"href":"https:\/\/melaniedubois.com\/fr\/wp-json\/wp\/v2\/types\/page"}],"author":[{"embeddable":true,"href":"https:\/\/melaniedubois.com\/fr\/wp-json\/wp\/v2\/users\/742"}],"replies":[{"embeddable":true,"href":"https:\/\/melaniedubois.com\/fr\/wp-json\/wp\/v2\/comments?post=2418"}],"version-history":[{"count":2,"href":"https:\/\/melaniedubois.com\/fr\/wp-json\/wp\/v2\/pages\/2418\/revisions"}],"predecessor-version":[{"id":2420,"href":"https:\/\/melaniedubois.com\/fr\/wp-json\/wp\/v2\/pages\/2418\/revisions\/2420"}],"wp:attachment":[{"href":"https:\/\/melaniedubois.com\/fr\/wp-json\/wp\/v2\/media?parent=2418"}],"curies":[{"name":"wp","href":"https:\/\/api.w.org\/{rel}","templated":true}]}}