{"id":2421,"date":"2023-02-19T08:14:07","date_gmt":"2023-02-19T13:14:07","guid":{"rendered":"http:\/\/melaniedubois.com\/?page_id=2421"},"modified":"2023-02-19T08:14:07","modified_gmt":"2023-02-19T13:14:07","slug":"english-what-you-should-know-about-canadas-prohibition-on-foreigners-acquiring-residential-real-estate","status":"publish","type":"page","link":"https:\/\/melaniedubois.com\/fr\/english-what-you-should-know-about-canadas-prohibition-on-foreigners-acquiring-residential-real-estate\/","title":{"rendered":"(English) What you should know about Canada&rsquo;s prohibition on foreigners acquiring residential real estate"},"content":{"rendered":"<p class=\"qtranxs-available-languages-message qtranxs-available-languages-message-fr\">D\u00e9sol\u00e9, cet article est seulement disponible en <a href=\"https:\/\/melaniedubois.com\/en\/wp-json\/wp\/v2\/pages\/2421\" class=\"qtranxs-available-language-link qtranxs-available-language-link-en\" title=\"English\">English<\/a>.<\/p>","protected":false},"excerpt":{"rendered":"<p>D\u00e9sol\u00e9, cet article est seulement disponible en English.<\/p>\n","protected":false},"author":742,"featured_media":0,"parent":0,"menu_order":0,"comment_status":"closed","ping_status":"closed","template":"","meta":{"_acf_changed":false,"footnotes":""},"class_list":["post-2421","page","type-page","status-publish","hentry"],"acf":[],"yoast_head":"<!-- This site is optimized with the Yoast SEO plugin v26.7 - https:\/\/yoast.com\/wordpress\/plugins\/seo\/ -->\n<title>(English) What you should know about Canada&#039;s prohibition on foreigners acquiring residential real estate - \u00c9quipe M\u00e9lanie Dubois<\/title>\n<meta name=\"robots\" content=\"index, follow, max-snippet:-1, max-image-preview:large, max-video-preview:-1\" \/>\n<link rel=\"canonical\" href=\"https:\/\/melaniedubois.com\/fr\/english-what-you-should-know-about-canadas-prohibition-on-foreigners-acquiring-residential-real-estate\/\" \/>\n<meta property=\"og:locale\" content=\"fr_FR\" \/>\n<meta property=\"og:type\" content=\"article\" \/>\n<meta property=\"og:title\" content=\"(English) What you should know about Canada&#039;s prohibition on foreigners acquiring residential real estate - \u00c9quipe M\u00e9lanie Dubois\" \/>\n<meta property=\"og:description\" content=\"D\u00e9sol\u00e9, cet article est seulement disponible en English.\" \/>\n<meta property=\"og:url\" content=\"https:\/\/melaniedubois.com\/fr\/english-what-you-should-know-about-canadas-prohibition-on-foreigners-acquiring-residential-real-estate\/\" \/>\n<meta property=\"og:site_name\" content=\"\u00c9quipe M\u00e9lanie Dubois\" \/>\n<meta property=\"og:image\" content=\"https:\/\/mcusercontent.com\/93cd80b45544fad91b6b44d60\/images\/1f68dcb2-7799-3810-655c-a4f48129206f.png\" \/>\n<meta name=\"twitter:card\" content=\"summary_large_image\" \/>\n<meta name=\"twitter:label1\" content=\"Dur\u00e9e de lecture estim\u00e9e\" \/>\n\t<meta name=\"twitter:data1\" content=\"6 minutes\" \/>\n<script type=\"application\/ld+json\" class=\"yoast-schema-graph\">{\"@context\":\"https:\/\/schema.org\",\"@graph\":[{\"@type\":\"WebPage\",\"@id\":\"https:\/\/melaniedubois.com\/fr\/english-what-you-should-know-about-canadas-prohibition-on-foreigners-acquiring-residential-real-estate\/\",\"url\":\"https:\/\/melaniedubois.com\/fr\/english-what-you-should-know-about-canadas-prohibition-on-foreigners-acquiring-residential-real-estate\/\",\"name\":\"[:en]What you should know about Canada's prohibition on foreigners acquiring residential real estate[:] - \u00c9quipe M\u00e9lanie Dubois\",\"isPartOf\":{\"@id\":\"https:\/\/melaniedubois.com\/en\/#website\"},\"primaryImageOfPage\":{\"@id\":\"https:\/\/melaniedubois.com\/fr\/english-what-you-should-know-about-canadas-prohibition-on-foreigners-acquiring-residential-real-estate\/#primaryimage\"},\"image\":{\"@id\":\"https:\/\/melaniedubois.com\/fr\/english-what-you-should-know-about-canadas-prohibition-on-foreigners-acquiring-residential-real-estate\/#primaryimage\"},\"thumbnailUrl\":\"https:\/\/mcusercontent.com\/93cd80b45544fad91b6b44d60\/images\/1f68dcb2-7799-3810-655c-a4f48129206f.png\",\"datePublished\":\"2023-02-19T13:14:07+00:00\",\"breadcrumb\":{\"@id\":\"https:\/\/melaniedubois.com\/fr\/english-what-you-should-know-about-canadas-prohibition-on-foreigners-acquiring-residential-real-estate\/#breadcrumb\"},\"inLanguage\":\"fr-FR\",\"potentialAction\":[{\"@type\":\"ReadAction\",\"target\":[\"https:\/\/melaniedubois.com\/fr\/english-what-you-should-know-about-canadas-prohibition-on-foreigners-acquiring-residential-real-estate\/\"]}]},{\"@type\":\"ImageObject\",\"inLanguage\":\"fr-FR\",\"@id\":\"https:\/\/melaniedubois.com\/fr\/english-what-you-should-know-about-canadas-prohibition-on-foreigners-acquiring-residential-real-estate\/#primaryimage\",\"url\":\"https:\/\/mcusercontent.com\/93cd80b45544fad91b6b44d60\/images\/1f68dcb2-7799-3810-655c-a4f48129206f.png\",\"contentUrl\":\"https:\/\/mcusercontent.com\/93cd80b45544fad91b6b44d60\/images\/1f68dcb2-7799-3810-655c-a4f48129206f.png\"},{\"@type\":\"BreadcrumbList\",\"@id\":\"https:\/\/melaniedubois.com\/fr\/english-what-you-should-know-about-canadas-prohibition-on-foreigners-acquiring-residential-real-estate\/#breadcrumb\",\"itemListElement\":[{\"@type\":\"ListItem\",\"position\":1,\"name\":\"Accueil\",\"item\":\"https:\/\/melaniedubois.com\/en\/\"},{\"@type\":\"ListItem\",\"position\":2,\"name\":\"(English) What you should know about Canada&rsquo;s prohibition on foreigners acquiring residential real estate\"}]},{\"@type\":\"WebSite\",\"@id\":\"https:\/\/melaniedubois.com\/en\/#website\",\"url\":\"https:\/\/melaniedubois.com\/en\/\",\"name\":\"\u00c9quipe M\u00e9lanie Dubois\",\"description\":\"Courtier immobilier Montr\u00e9al, KW Connexion\",\"potentialAction\":[{\"@type\":\"SearchAction\",\"target\":{\"@type\":\"EntryPoint\",\"urlTemplate\":\"https:\/\/melaniedubois.com\/en\/?s={search_term_string}\"},\"query-input\":{\"@type\":\"PropertyValueSpecification\",\"valueRequired\":true,\"valueName\":\"search_term_string\"}}],\"inLanguage\":\"fr-FR\"}]}<\/script>\n<!-- \/ Yoast SEO plugin. -->","yoast_head_json":{"title":"(English) What you should know about Canada's prohibition on foreigners acquiring residential real estate - \u00c9quipe M\u00e9lanie Dubois","robots":{"index":"index","follow":"follow","max-snippet":"max-snippet:-1","max-image-preview":"max-image-preview:large","max-video-preview":"max-video-preview:-1"},"canonical":"https:\/\/melaniedubois.com\/fr\/english-what-you-should-know-about-canadas-prohibition-on-foreigners-acquiring-residential-real-estate\/","og_locale":"fr_FR","og_type":"article","og_title":"(English) What you should know about Canada's prohibition on foreigners acquiring residential real estate - \u00c9quipe M\u00e9lanie Dubois","og_description":"D\u00e9sol\u00e9, cet article est seulement disponible en English.","og_url":"https:\/\/melaniedubois.com\/fr\/english-what-you-should-know-about-canadas-prohibition-on-foreigners-acquiring-residential-real-estate\/","og_site_name":"\u00c9quipe M\u00e9lanie Dubois","og_image":[{"url":"https:\/\/mcusercontent.com\/93cd80b45544fad91b6b44d60\/images\/1f68dcb2-7799-3810-655c-a4f48129206f.png","type":"","width":"","height":""}],"twitter_card":"summary_large_image","twitter_misc":{"Dur\u00e9e de lecture estim\u00e9e":"6 minutes"},"schema":{"@context":"https:\/\/schema.org","@graph":[{"@type":"WebPage","@id":"https:\/\/melaniedubois.com\/fr\/english-what-you-should-know-about-canadas-prohibition-on-foreigners-acquiring-residential-real-estate\/","url":"https:\/\/melaniedubois.com\/fr\/english-what-you-should-know-about-canadas-prohibition-on-foreigners-acquiring-residential-real-estate\/","name":"[:en]What you should know about Canada's prohibition on foreigners acquiring residential real estate[:] - \u00c9quipe M\u00e9lanie Dubois","isPartOf":{"@id":"https:\/\/melaniedubois.com\/en\/#website"},"primaryImageOfPage":{"@id":"https:\/\/melaniedubois.com\/fr\/english-what-you-should-know-about-canadas-prohibition-on-foreigners-acquiring-residential-real-estate\/#primaryimage"},"image":{"@id":"https:\/\/melaniedubois.com\/fr\/english-what-you-should-know-about-canadas-prohibition-on-foreigners-acquiring-residential-real-estate\/#primaryimage"},"thumbnailUrl":"https:\/\/mcusercontent.com\/93cd80b45544fad91b6b44d60\/images\/1f68dcb2-7799-3810-655c-a4f48129206f.png","datePublished":"2023-02-19T13:14:07+00:00","breadcrumb":{"@id":"https:\/\/melaniedubois.com\/fr\/english-what-you-should-know-about-canadas-prohibition-on-foreigners-acquiring-residential-real-estate\/#breadcrumb"},"inLanguage":"fr-FR","potentialAction":[{"@type":"ReadAction","target":["https:\/\/melaniedubois.com\/fr\/english-what-you-should-know-about-canadas-prohibition-on-foreigners-acquiring-residential-real-estate\/"]}]},{"@type":"ImageObject","inLanguage":"fr-FR","@id":"https:\/\/melaniedubois.com\/fr\/english-what-you-should-know-about-canadas-prohibition-on-foreigners-acquiring-residential-real-estate\/#primaryimage","url":"https:\/\/mcusercontent.com\/93cd80b45544fad91b6b44d60\/images\/1f68dcb2-7799-3810-655c-a4f48129206f.png","contentUrl":"https:\/\/mcusercontent.com\/93cd80b45544fad91b6b44d60\/images\/1f68dcb2-7799-3810-655c-a4f48129206f.png"},{"@type":"BreadcrumbList","@id":"https:\/\/melaniedubois.com\/fr\/english-what-you-should-know-about-canadas-prohibition-on-foreigners-acquiring-residential-real-estate\/#breadcrumb","itemListElement":[{"@type":"ListItem","position":1,"name":"Accueil","item":"https:\/\/melaniedubois.com\/en\/"},{"@type":"ListItem","position":2,"name":"(English) What you should know about Canada&rsquo;s prohibition on foreigners acquiring residential real estate"}]},{"@type":"WebSite","@id":"https:\/\/melaniedubois.com\/en\/#website","url":"https:\/\/melaniedubois.com\/en\/","name":"\u00c9quipe M\u00e9lanie Dubois","description":"Courtier immobilier Montr\u00e9al, KW Connexion","potentialAction":[{"@type":"SearchAction","target":{"@type":"EntryPoint","urlTemplate":"https:\/\/melaniedubois.com\/en\/?s={search_term_string}"},"query-input":{"@type":"PropertyValueSpecification","valueRequired":true,"valueName":"search_term_string"}}],"inLanguage":"fr-FR"}]}},"_links":{"self":[{"href":"https:\/\/melaniedubois.com\/fr\/wp-json\/wp\/v2\/pages\/2421","targetHints":{"allow":["GET"]}}],"collection":[{"href":"https:\/\/melaniedubois.com\/fr\/wp-json\/wp\/v2\/pages"}],"about":[{"href":"https:\/\/melaniedubois.com\/fr\/wp-json\/wp\/v2\/types\/page"}],"author":[{"embeddable":true,"href":"https:\/\/melaniedubois.com\/fr\/wp-json\/wp\/v2\/users\/742"}],"replies":[{"embeddable":true,"href":"https:\/\/melaniedubois.com\/fr\/wp-json\/wp\/v2\/comments?post=2421"}],"version-history":[{"count":1,"href":"https:\/\/melaniedubois.com\/fr\/wp-json\/wp\/v2\/pages\/2421\/revisions"}],"predecessor-version":[{"id":2422,"href":"https:\/\/melaniedubois.com\/fr\/wp-json\/wp\/v2\/pages\/2421\/revisions\/2422"}],"wp:attachment":[{"href":"https:\/\/melaniedubois.com\/fr\/wp-json\/wp\/v2\/media?parent=2421"}],"curies":[{"name":"wp","href":"https:\/\/api.w.org\/{rel}","templated":true}]}}