{"id":2442,"date":"2023-03-19T11:26:18","date_gmt":"2023-03-19T15:26:18","guid":{"rendered":"http:\/\/melaniedubois.com\/?page_id=2442"},"modified":"2023-03-19T11:27:48","modified_gmt":"2023-03-19T15:27:48","slug":"reprendre-le-pret-hypothecaire-dun-vendeur-une-bonne-idee","status":"publish","type":"page","link":"https:\/\/melaniedubois.com\/fr\/reprendre-le-pret-hypothecaire-dun-vendeur-une-bonne-idee\/","title":{"rendered":"Reprendre le pr\u00eat hypoth\u00e9caire d\u2019un vendeur, une bonne id\u00e9e?"},"content":{"rendered":"<p><\/p>\n<p style=\"text-align: justify;\"><strong>Avec la hausse des taux d\u2019int\u00e9r\u00eat, l\u2019acquisition d\u2019une propri\u00e9t\u00e9 par ce qu\u2019on appelle l\u2019\u00abassumation\u00bb revient au go\u00fbt du jour.<\/strong><\/p>\n<p><img decoding=\"async\" src=\"https:\/\/mcusercontent.com\/93cd80b45544fad91b6b44d60\/images\/2440b1d5-1c42-bfbb-c30a-37de6fede1d8.png\" \/><\/p>\n<p style=\"text-align: justify;\">Pourtant, il n\u2019y a pas si longtemps, ce concept avait mauvaise presse.<\/p>\n<p style=\"text-align: justify;\">Voyons la raison d\u2019\u00eatre du retour \u00e0 la mode de ce mal-aim\u00e9 et la fa\u00e7on de l\u2019appliquer si l\u2019on d\u00e9sire y recourir.<\/p>\n<p style=\"text-align: justify;\"><strong>L\u2019\u00abassumation\u00bb, c\u2019est quoi?<\/strong><\/p>\n<p style=\"text-align: justify;\">Il s\u2019agit d\u2019inclure la prise en charge du pr\u00eat hypoth\u00e9caire dans la proposition d\u2019achat.<\/p>\n<p style=\"text-align: justify;\">Par exemple, Mathilde, propri\u00e9taire d\u2019une maison, a contract\u00e9 un pr\u00eat hypoth\u00e9caire en 2020 au taux d\u2019int\u00e9r\u00eat de 1,5\u00a0%, amorti sur 25 ans pour un terme de 5 ans. Le solde actuel\u00a0: 350 000\u00a0$. Gabriel lui propose d\u2019acqu\u00e9rir la propri\u00e9t\u00e9 pour une somme de 450 000\u00a0$ r\u00e9partie de la fa\u00e7on suivante\u00a0: il prend en charge le pr\u00eat hypoth\u00e9caire aupr\u00e8s de l\u2019institution financi\u00e8re et paie la diff\u00e9rence \u00e0 Mathilde, soit 100 000\u00a0$.<\/p>\n<p style=\"text-align: justify;\"><strong>Pourquoi proc\u00e9der ainsi?<\/strong><\/p>\n<p style=\"text-align: justify;\">L\u2019avantage de proc\u00e9der par \u00abassumation\u00bb pour l\u2019acheteur est de b\u00e9n\u00e9ficier du taux d\u2019int\u00e9r\u00eat obtenu par le vendeur lors de la signature du pr\u00eat.<\/p>\n<p style=\"text-align: justify;\">Dans notre exemple, le terme de 5\u00a0ans viendra \u00e0 \u00e9ch\u00e9ance en 2025. Gabriel pourra donc profiter du taux de 1,5\u00a0% pendant encore deux ans. \u00c0 l\u2019heure actuelle, les taux oscillent autour de 6\u00a0%, ce qui repr\u00e9sente des versements mensuels de 2239\u00a0$, alors qu\u2019\u00e0 1,5\u00a0%, ils s\u2019\u00e9levaient \u00e0 1399\u00a0$. Une diff\u00e9rence de plus de 20 000\u00a0$ sur deux ans !<\/p>\n<p style=\"text-align: justify;\">De plus, cette fa\u00e7on de proc\u00e9der permet de diminuer les frais de notaire, car la transaction est beaucoup plus simple, et le vendeur n\u2019a pas \u00e0 payer de p\u00e9nalit\u00e9 pour paiement par anticipation aupr\u00e8s de son institution financi\u00e8re.<\/p>\n<p style=\"text-align: justify;\"><strong>Quels sont les d\u00e9savantages?<\/strong><\/p>\n<p style=\"text-align: justify;\">Le principal inconv\u00e9nient concerne le vendeur qui demeure responsable du pr\u00eat hypoth\u00e9caire alors qu\u2019il n\u2019est plus propri\u00e9taire de la maison. Et ce, m\u00eame si la maison est vendue \u00e0 de multiples reprises au cours des ann\u00e9es subs\u00e9quentes. Tant que l\u2019institution financi\u00e8re qui a accord\u00e9 le pr\u00eat n\u2019\u00e9met pas de quittance, la responsabilit\u00e9 persiste.<\/p>\n<p style=\"text-align: justify;\">De plus, lorsque le vendeur voudra contracter un pr\u00eat \u00e0 l\u2019avenir, les cr\u00e9anciers prendront en compte qu\u2019il est responsable de cette hypoth\u00e8que.<\/p>\n<p style=\"text-align: justify;\"><strong>Quelles sont les \u00e9tapes?<\/strong><\/p>\n<ol style=\"text-align: justify;\">\n<li dir=\"auto\">Indiquer dans la promesse d\u2019achat votre d\u00e9sir de reprendrel\u2019hypoth\u00e8que du vendeur.<\/li>\n<li dir=\"auto\">L\u2019acheteur souhaitant effectuer ce type de transaction doit contacter l\u2019institution financi\u00e8re du vendeur.<\/li>\n<li dir=\"auto\">L\u2019acheteur doit constituer un dossier de cr\u00e9dit afin de d\u00e9montrer sa capacit\u00e9 financi\u00e8re \u00e0 assumer le pr\u00eat hypoth\u00e9caire du vendeur\u00a0: d\u00e9clarations de revenus, preuves d\u2019emploi, etc.<\/li>\n<li dir=\"auto\">L\u2019institution financi\u00e8re fournit au notaire une autorisation autorisant le transfert de l\u2019hypoth\u00e8que.<\/li>\n<li dir=\"auto\">Signer le contrat de vente.<\/li>\n<\/ol>\n<p style=\"text-align: justify;\"><strong>Marges de cr\u00e9dit et \u00abassumation\u00bb<\/strong><\/p>\n<p style=\"text-align: justify;\">Les institutions financi\u00e8res proposent souvent aux clients des marges de cr\u00e9dit de type \u00abmarge \u00e0 tout\u00bb ou \u00abmarge Proprio\u00bb en s\u2019appuyant sur des garanties hypoth\u00e9caires.<\/p>\n<p style=\"text-align: justify;\">Une hypoth\u00e8que \u00e0 laquelle est rattach\u00e9e une telle marge qui fait varier continuellement la dette de son d\u00e9tenteur rend presque impossible \u00abl\u2019assumation\u00bb.<\/p>\n<p style=\"text-align: justify;\"><strong>En conclusion<\/strong><\/p>\n<p style=\"text-align: justify;\">Bien que l\u2019op\u00e9ration comporte certains risques, il n\u2019est pas rare de voir des acheteurs friands d\u2019\u00e9conomies passer \u00e0 l\u2019action. Particuli\u00e8rement, lorsqu\u2019il s\u2019agit d\u2019un membre de la famille, d\u2019une relation proche ou d\u2019une connaissance.<\/p>\n<p style=\"text-align: justify;\">Cependant, s\u2019il s\u2019agit d\u2019un pur inconnu, prenez des pr\u00e9cautions en effectuant des v\u00e9rifications\u00a0: revenus, emploi, cote de cr\u00e9dit, etc.<\/p>\n<h3 style=\"text-align: justify;\">CONSEILS<\/h3>\n<ul>\n<li dir=\"auto\" style=\"text-align: justify;\">Le vendeur peut demander \u00e0 l\u2019institution financi\u00e8re de r\u00e9diger une lettre comme quoi il n\u2019est plus responsable de la dette une fois la vente effectu\u00e9e. Garder pr\u00e9cieusement ce document.<\/li>\n<li dir=\"auto\" style=\"text-align: justify;\">Le vendeur peut faire ajouter au contrat une clause obligeant l\u2019acheteur \u00e0 obtenir une quittance s\u2019il revend la propri\u00e9t\u00e9.<\/li>\n<li dir=\"auto\" style=\"text-align: justify;\">L\u2019institution financi\u00e8re peut aussi annuler le pr\u00eat hypoth\u00e9caire du vendeur et faire un taux pond\u00e9r\u00e9 sur une nouvelle hypoth\u00e8que pour l\u2019acheteur.<\/li>\n<\/ul>\n<p>&nbsp;<\/p>\n<p><strong>Source<\/strong> : <a href=\"https:\/\/www.journaldequebec.com\/2023\/02\/20\/reprendre-le-pret-hypothecaire-dun-vendeur-une-bonne-idee\">Article de Ghislain Larochelle publi\u00e9 sur le site journaldemontreal.com le 20 f\u00e9vrier 2023<\/a><\/p>\n<p><strong>Lien : <\/strong><a href=\"https:\/\/www.journaldequebec.com\/2023\/02\/20\/reprendre-le-pret-hypothecaire-dun-vendeur-une-bonne-idee\">https:\/\/www.journaldequebec.com\/2023\/02\/20\/reprendre-le-pret-hypothecaire-dun-vendeur-une-bonne-idee<\/a><\/p>\n<p>&nbsp;<\/p>\n<p style=\"text-align: center;\">Vous voulez gardez un oeil sur le march\u00e9 et sur votre investissement ?<\/p>\n<p style=\"text-align: center;\">Nous pouvons p\u00e9riodiquement vous envoyer les ventes dans votre secteur.<\/p>\n<p style=\"text-align: center;\">C&rsquo;est GRATUIT! Aucune obligation de votre part.<\/p>\n<p><img decoding=\"async\" class=\"aligncenter\" src=\"https:\/\/mcusercontent.com\/93cd80b45544fad91b6b44d60\/images\/22eff594-89e6-7c93-0054-7fc2388cf7ae.png\" \/><\/p>","protected":false},"excerpt":{"rendered":"<p>Avec la hausse des taux d\u2019int\u00e9r\u00eat, l\u2019acquisition d\u2019une propri\u00e9t\u00e9 par ce qu\u2019on appelle l\u2019\u00abassumation\u00bb revient au go\u00fbt du jour. Pourtant, il n\u2019y a pas si longtemps, ce concept avait mauvaise presse. Voyons la raison d\u2019\u00eatre du retour \u00e0 la mode de ce mal-aim\u00e9 et la fa\u00e7on de l\u2019appliquer si l\u2019on d\u00e9sire y recourir. L\u2019\u00abassumation\u00bb, c\u2019est [&hellip;]<\/p>\n","protected":false},"author":742,"featured_media":0,"parent":0,"menu_order":0,"comment_status":"closed","ping_status":"closed","template":"","meta":{"_acf_changed":false,"footnotes":""},"class_list":["post-2442","page","type-page","status-publish","hentry"],"acf":[],"yoast_head":"<!-- This site is optimized with the Yoast SEO plugin v26.7 - https:\/\/yoast.com\/wordpress\/plugins\/seo\/ -->\n<title>Reprendre le pr\u00eat hypoth\u00e9caire d\u2019un vendeur, une bonne id\u00e9e? - \u00c9quipe M\u00e9lanie Dubois<\/title>\n<meta name=\"robots\" content=\"index, follow, max-snippet:-1, max-image-preview:large, max-video-preview:-1\" \/>\n<link rel=\"canonical\" href=\"https:\/\/melaniedubois.com\/fr\/reprendre-le-pret-hypothecaire-dun-vendeur-une-bonne-idee\/\" \/>\n<meta property=\"og:locale\" content=\"fr_FR\" \/>\n<meta property=\"og:type\" content=\"article\" \/>\n<meta property=\"og:title\" content=\"Reprendre le pr\u00eat hypoth\u00e9caire d\u2019un vendeur, une bonne id\u00e9e? - \u00c9quipe M\u00e9lanie Dubois\" \/>\n<meta property=\"og:description\" content=\"Avec la hausse des taux d\u2019int\u00e9r\u00eat, l\u2019acquisition d\u2019une propri\u00e9t\u00e9 par ce qu\u2019on appelle l\u2019\u00abassumation\u00bb revient au go\u00fbt du jour. Pourtant, il n\u2019y a pas si longtemps, ce concept avait mauvaise presse. Voyons la raison d\u2019\u00eatre du retour \u00e0 la mode de ce mal-aim\u00e9 et la fa\u00e7on de l\u2019appliquer si l\u2019on d\u00e9sire y recourir. L\u2019\u00abassumation\u00bb, c\u2019est [&hellip;]\" \/>\n<meta property=\"og:url\" content=\"https:\/\/melaniedubois.com\/fr\/reprendre-le-pret-hypothecaire-dun-vendeur-une-bonne-idee\/\" \/>\n<meta property=\"og:site_name\" content=\"\u00c9quipe M\u00e9lanie Dubois\" \/>\n<meta property=\"article:modified_time\" content=\"2023-03-19T15:27:48+00:00\" \/>\n<meta property=\"og:image\" content=\"https:\/\/mcusercontent.com\/93cd80b45544fad91b6b44d60\/images\/2440b1d5-1c42-bfbb-c30a-37de6fede1d8.png\" \/>\n<meta name=\"twitter:card\" content=\"summary_large_image\" \/>\n<meta name=\"twitter:label1\" content=\"Dur\u00e9e de lecture estim\u00e9e\" \/>\n\t<meta name=\"twitter:data1\" content=\"4 minutes\" \/>\n<script type=\"application\/ld+json\" class=\"yoast-schema-graph\">{\"@context\":\"https:\/\/schema.org\",\"@graph\":[{\"@type\":\"WebPage\",\"@id\":\"https:\/\/melaniedubois.com\/fr\/reprendre-le-pret-hypothecaire-dun-vendeur-une-bonne-idee\/\",\"url\":\"https:\/\/melaniedubois.com\/fr\/reprendre-le-pret-hypothecaire-dun-vendeur-une-bonne-idee\/\",\"name\":\"[:fr]Reprendre le pr\u00eat hypoth\u00e9caire d\u2019un vendeur, une bonne id\u00e9e?[:] - \u00c9quipe M\u00e9lanie Dubois\",\"isPartOf\":{\"@id\":\"https:\/\/melaniedubois.com\/en\/#website\"},\"primaryImageOfPage\":{\"@id\":\"https:\/\/melaniedubois.com\/fr\/reprendre-le-pret-hypothecaire-dun-vendeur-une-bonne-idee\/#primaryimage\"},\"image\":{\"@id\":\"https:\/\/melaniedubois.com\/fr\/reprendre-le-pret-hypothecaire-dun-vendeur-une-bonne-idee\/#primaryimage\"},\"thumbnailUrl\":\"https:\/\/mcusercontent.com\/93cd80b45544fad91b6b44d60\/images\/2440b1d5-1c42-bfbb-c30a-37de6fede1d8.png\",\"datePublished\":\"2023-03-19T15:26:18+00:00\",\"dateModified\":\"2023-03-19T15:27:48+00:00\",\"breadcrumb\":{\"@id\":\"https:\/\/melaniedubois.com\/fr\/reprendre-le-pret-hypothecaire-dun-vendeur-une-bonne-idee\/#breadcrumb\"},\"inLanguage\":\"fr-FR\",\"potentialAction\":[{\"@type\":\"ReadAction\",\"target\":[\"https:\/\/melaniedubois.com\/fr\/reprendre-le-pret-hypothecaire-dun-vendeur-une-bonne-idee\/\"]}]},{\"@type\":\"ImageObject\",\"inLanguage\":\"fr-FR\",\"@id\":\"https:\/\/melaniedubois.com\/fr\/reprendre-le-pret-hypothecaire-dun-vendeur-une-bonne-idee\/#primaryimage\",\"url\":\"https:\/\/mcusercontent.com\/93cd80b45544fad91b6b44d60\/images\/2440b1d5-1c42-bfbb-c30a-37de6fede1d8.png\",\"contentUrl\":\"https:\/\/mcusercontent.com\/93cd80b45544fad91b6b44d60\/images\/2440b1d5-1c42-bfbb-c30a-37de6fede1d8.png\"},{\"@type\":\"BreadcrumbList\",\"@id\":\"https:\/\/melaniedubois.com\/fr\/reprendre-le-pret-hypothecaire-dun-vendeur-une-bonne-idee\/#breadcrumb\",\"itemListElement\":[{\"@type\":\"ListItem\",\"position\":1,\"name\":\"Accueil\",\"item\":\"https:\/\/melaniedubois.com\/en\/\"},{\"@type\":\"ListItem\",\"position\":2,\"name\":\"Reprendre le pr\u00eat hypoth\u00e9caire d\u2019un vendeur, une bonne id\u00e9e?\"}]},{\"@type\":\"WebSite\",\"@id\":\"https:\/\/melaniedubois.com\/en\/#website\",\"url\":\"https:\/\/melaniedubois.com\/en\/\",\"name\":\"\u00c9quipe M\u00e9lanie Dubois\",\"description\":\"Courtier immobilier Montr\u00e9al, KW Connexion\",\"potentialAction\":[{\"@type\":\"SearchAction\",\"target\":{\"@type\":\"EntryPoint\",\"urlTemplate\":\"https:\/\/melaniedubois.com\/en\/?s={search_term_string}\"},\"query-input\":{\"@type\":\"PropertyValueSpecification\",\"valueRequired\":true,\"valueName\":\"search_term_string\"}}],\"inLanguage\":\"fr-FR\"}]}<\/script>\n<!-- \/ Yoast SEO plugin. -->","yoast_head_json":{"title":"Reprendre le pr\u00eat hypoth\u00e9caire d\u2019un vendeur, une bonne id\u00e9e? - \u00c9quipe M\u00e9lanie Dubois","robots":{"index":"index","follow":"follow","max-snippet":"max-snippet:-1","max-image-preview":"max-image-preview:large","max-video-preview":"max-video-preview:-1"},"canonical":"https:\/\/melaniedubois.com\/fr\/reprendre-le-pret-hypothecaire-dun-vendeur-une-bonne-idee\/","og_locale":"fr_FR","og_type":"article","og_title":"Reprendre le pr\u00eat hypoth\u00e9caire d\u2019un vendeur, une bonne id\u00e9e? - \u00c9quipe M\u00e9lanie Dubois","og_description":"Avec la hausse des taux d\u2019int\u00e9r\u00eat, l\u2019acquisition d\u2019une propri\u00e9t\u00e9 par ce qu\u2019on appelle l\u2019\u00abassumation\u00bb revient au go\u00fbt du jour. Pourtant, il n\u2019y a pas si longtemps, ce concept avait mauvaise presse. Voyons la raison d\u2019\u00eatre du retour \u00e0 la mode de ce mal-aim\u00e9 et la fa\u00e7on de l\u2019appliquer si l\u2019on d\u00e9sire y recourir. L\u2019\u00abassumation\u00bb, c\u2019est [&hellip;]","og_url":"https:\/\/melaniedubois.com\/fr\/reprendre-le-pret-hypothecaire-dun-vendeur-une-bonne-idee\/","og_site_name":"\u00c9quipe M\u00e9lanie Dubois","article_modified_time":"2023-03-19T15:27:48+00:00","og_image":[{"url":"https:\/\/mcusercontent.com\/93cd80b45544fad91b6b44d60\/images\/2440b1d5-1c42-bfbb-c30a-37de6fede1d8.png","type":"","width":"","height":""}],"twitter_card":"summary_large_image","twitter_misc":{"Dur\u00e9e de lecture estim\u00e9e":"4 minutes"},"schema":{"@context":"https:\/\/schema.org","@graph":[{"@type":"WebPage","@id":"https:\/\/melaniedubois.com\/fr\/reprendre-le-pret-hypothecaire-dun-vendeur-une-bonne-idee\/","url":"https:\/\/melaniedubois.com\/fr\/reprendre-le-pret-hypothecaire-dun-vendeur-une-bonne-idee\/","name":"[:fr]Reprendre le pr\u00eat hypoth\u00e9caire d\u2019un vendeur, une bonne id\u00e9e?[:] - \u00c9quipe M\u00e9lanie Dubois","isPartOf":{"@id":"https:\/\/melaniedubois.com\/en\/#website"},"primaryImageOfPage":{"@id":"https:\/\/melaniedubois.com\/fr\/reprendre-le-pret-hypothecaire-dun-vendeur-une-bonne-idee\/#primaryimage"},"image":{"@id":"https:\/\/melaniedubois.com\/fr\/reprendre-le-pret-hypothecaire-dun-vendeur-une-bonne-idee\/#primaryimage"},"thumbnailUrl":"https:\/\/mcusercontent.com\/93cd80b45544fad91b6b44d60\/images\/2440b1d5-1c42-bfbb-c30a-37de6fede1d8.png","datePublished":"2023-03-19T15:26:18+00:00","dateModified":"2023-03-19T15:27:48+00:00","breadcrumb":{"@id":"https:\/\/melaniedubois.com\/fr\/reprendre-le-pret-hypothecaire-dun-vendeur-une-bonne-idee\/#breadcrumb"},"inLanguage":"fr-FR","potentialAction":[{"@type":"ReadAction","target":["https:\/\/melaniedubois.com\/fr\/reprendre-le-pret-hypothecaire-dun-vendeur-une-bonne-idee\/"]}]},{"@type":"ImageObject","inLanguage":"fr-FR","@id":"https:\/\/melaniedubois.com\/fr\/reprendre-le-pret-hypothecaire-dun-vendeur-une-bonne-idee\/#primaryimage","url":"https:\/\/mcusercontent.com\/93cd80b45544fad91b6b44d60\/images\/2440b1d5-1c42-bfbb-c30a-37de6fede1d8.png","contentUrl":"https:\/\/mcusercontent.com\/93cd80b45544fad91b6b44d60\/images\/2440b1d5-1c42-bfbb-c30a-37de6fede1d8.png"},{"@type":"BreadcrumbList","@id":"https:\/\/melaniedubois.com\/fr\/reprendre-le-pret-hypothecaire-dun-vendeur-une-bonne-idee\/#breadcrumb","itemListElement":[{"@type":"ListItem","position":1,"name":"Accueil","item":"https:\/\/melaniedubois.com\/en\/"},{"@type":"ListItem","position":2,"name":"Reprendre le pr\u00eat hypoth\u00e9caire d\u2019un vendeur, une bonne id\u00e9e?"}]},{"@type":"WebSite","@id":"https:\/\/melaniedubois.com\/en\/#website","url":"https:\/\/melaniedubois.com\/en\/","name":"\u00c9quipe M\u00e9lanie Dubois","description":"Courtier immobilier Montr\u00e9al, KW Connexion","potentialAction":[{"@type":"SearchAction","target":{"@type":"EntryPoint","urlTemplate":"https:\/\/melaniedubois.com\/en\/?s={search_term_string}"},"query-input":{"@type":"PropertyValueSpecification","valueRequired":true,"valueName":"search_term_string"}}],"inLanguage":"fr-FR"}]}},"_links":{"self":[{"href":"https:\/\/melaniedubois.com\/fr\/wp-json\/wp\/v2\/pages\/2442","targetHints":{"allow":["GET"]}}],"collection":[{"href":"https:\/\/melaniedubois.com\/fr\/wp-json\/wp\/v2\/pages"}],"about":[{"href":"https:\/\/melaniedubois.com\/fr\/wp-json\/wp\/v2\/types\/page"}],"author":[{"embeddable":true,"href":"https:\/\/melaniedubois.com\/fr\/wp-json\/wp\/v2\/users\/742"}],"replies":[{"embeddable":true,"href":"https:\/\/melaniedubois.com\/fr\/wp-json\/wp\/v2\/comments?post=2442"}],"version-history":[{"count":2,"href":"https:\/\/melaniedubois.com\/fr\/wp-json\/wp\/v2\/pages\/2442\/revisions"}],"predecessor-version":[{"id":2444,"href":"https:\/\/melaniedubois.com\/fr\/wp-json\/wp\/v2\/pages\/2442\/revisions\/2444"}],"wp:attachment":[{"href":"https:\/\/melaniedubois.com\/fr\/wp-json\/wp\/v2\/media?parent=2442"}],"curies":[{"name":"wp","href":"https:\/\/api.w.org\/{rel}","templated":true}]}}