{"id":2457,"date":"2023-06-19T15:47:17","date_gmt":"2023-06-19T19:47:17","guid":{"rendered":"http:\/\/melaniedubois.com\/?page_id=2457"},"modified":"2023-06-19T15:47:17","modified_gmt":"2023-06-19T19:47:17","slug":"quelles-sont-les-banques-canadiennes-qui-proposent-le-compte-depargne-logement-exonere-dimpot","status":"publish","type":"page","link":"https:\/\/melaniedubois.com\/fr\/quelles-sont-les-banques-canadiennes-qui-proposent-le-compte-depargne-logement-exonere-dimpot\/","title":{"rendered":"Quelles sont les banques canadiennes qui proposent le compte d&rsquo;\u00e9pargne logement exon\u00e9r\u00e9 d&rsquo;imp\u00f4t ?"},"content":{"rendered":"<p><\/p>\n<p style=\"text-align: justify;\"><span>Deux des principales banques canadiennes offrent maintenant le\u00a0<\/span><span>nouveau compte d&rsquo;\u00e9pargne-logement libre d&rsquo;imp\u00f4t<\/span><span>\u00a0(FHSA), quelques semaines apr\u00e8s que le gouvernement a lanc\u00e9 l&rsquo;option bancaire pour les futurs propri\u00e9taires.<\/span><\/p>\n<p style=\"text-align: justify;\"><span>La Banque Nationale<\/span><span>\u00a0du Canada et\u00a0<\/span><span>la Banque Royale du Canada<\/span><span>\u00a0ont toutes deux annonc\u00e9 la semaine derni\u00e8re qu&rsquo;elles offraient cette option aux clients.<\/span><\/p>\n<p><img decoding=\"async\" src=\"https:\/\/mcusercontent.com\/93cd80b45544fad91b6b44d60\/images\/c57153cd-6230-d4ea-beb8-7075ef0bd138.png\" \/><\/p>\n<p style=\"text-align: justify;\"><strong><span>QU&rsquo;EST-CE QU&rsquo;UNE FHSA<\/span><\/strong><\/p>\n<p style=\"text-align: justify;\"><span>Annonc\u00e9 dans le budget f\u00e9d\u00e9ral de 2022, le compte d&rsquo;\u00e9pargne libre d&rsquo;imp\u00f4t \u00ab combine les meilleures caract\u00e9ristiques d&rsquo;un REER (r\u00e9gime enregistr\u00e9 d&rsquo;\u00e9pargne-retraite) et d&rsquo;un CELI (compte d&rsquo;\u00e9pargne libre d&rsquo;imp\u00f4t) \u00bb, selon RBC.<\/span><\/p>\n<p style=\"text-align: justify;\"><span>Les cotisations sont d\u00e9ductibles d&rsquo;imp\u00f4t et les revenus du compte sont exon\u00e9r\u00e9s d&rsquo;imp\u00f4t, \u00e0 condition qu&rsquo;ils soient utilis\u00e9s pour l&rsquo;achat d&rsquo;une maison une fois retir\u00e9s.<\/span><\/p>\n<p style=\"text-align: justify;\"><span>Le compte a une limite \u00e0 vie de 40 000 $ et une limite de cotisation annuelle de 8 000 $, les portions inutilis\u00e9es pouvant \u00eatre report\u00e9es \u00e0 l&rsquo;ann\u00e9e suivante.\u00a0Les comptes peuvent \u00eatre ouverts pendant 15 ans, jusqu&rsquo;\u00e0 ce que la personne atteigne 71 ans ou effectue son premier retrait admissible, selon la premi\u00e8re \u00e9ventualit\u00e9.<\/span><\/p>\n<p style=\"text-align: justify;\"><span>Il est ouvert aux r\u00e9sidents canadiens acc\u00e9dant \u00e0 la propri\u00e9t\u00e9 \u00e2g\u00e9s de 18 \u00e0 71 ans, sauf dans les provinces o\u00f9 l&rsquo;\u00e2ge l\u00e9gal pour conclure un contrat est de 19 ans.<\/span><\/p>\n<p style=\"text-align: justify;\"><span>Erica Nielsen, vice-pr\u00e9sidente \u00e0 la direction, Services bancaires aux particuliers et Placements de RBC, a d\u00e9clar\u00e9 que les recherches de la banque montraient un vif int\u00e9r\u00eat pour le compte parmi les futurs propri\u00e9taires.<\/span><\/p>\n<p style=\"text-align: justify;\"><span>\u00ab\u00a0Nos recherches indiquent que les Canadiens attendaient avec impatience la FHSA, avec pr\u00e8s d&rsquo;un tiers de ceux qui ne sont pas encore propri\u00e9taires nous disant qu&rsquo;ils pr\u00e9voyaient d&rsquo;utiliser ce nouveau compte pour \u00e9pargner en vue d&rsquo;un achat de maison\u00a0\u00bb, a d\u00e9clar\u00e9 Nielsen dans un communiqu\u00e9 de presse.<\/span><\/p>\n<p style=\"text-align: justify;\"><span>\u00ab\u00a0Ce nouveau compte d&rsquo;\u00e9pargne et d&rsquo;investissement sera un soutien formidable pour tous ceux qui ont ce r\u00eave.<\/span><\/p>\n<p style=\"text-align: justify;\"><strong><span>O\u00d9 EST-IL DISPONIBLE<\/span><\/strong><\/p>\n<p style=\"text-align: justify;\"><span>Aucune des six grandes banques canadiennes n&rsquo;offrait le FHSA \u00e0 la date de lancement du gouvernement le 1er avril.\u00a0Jusqu&rsquo;\u00e0 pr\u00e9sent, RBC et la Banque Nationale sont les deux seules grandes banques \u00e0 avoir propos\u00e9 cette option aux clients.<\/span><\/p>\n<p style=\"text-align: justify;\"><span>RBC a d\u00e9clar\u00e9 que les gens peuvent ouvrir des comptes num\u00e9riquement via RBC Placements en Direct et RBC InvestEase, en parlant avec un conseiller financier ou en visitant une succursale RBC.<\/span><\/p>\n<p style=\"text-align: justify;\"><span>La Banque Nationale a demand\u00e9 aux gens de\u00a0<\/span><span>prendre rendez-vous en ligne<\/span><span>\u00a0pour ouvrir un compte.<\/span><\/p>\n<p style=\"text-align: justify;\"><span>Comme autre option,\u00a0<\/span><span>la soci\u00e9t\u00e9 d&rsquo;investissement en ligne Questrade<\/span><span>\u00a0propose d\u00e9sormais la FHSA.\u00a0<\/span><span>Fidelity Investments Canada<\/span><span>\u00a0, une autre entreprise de services financiers, a \u00e9galement annonc\u00e9 qu&rsquo;elle offrirait le compte \u00e0 partir du 19 avril, \u00ab\u00a0sous r\u00e9serve de l&rsquo;\u00e9tat de pr\u00e9paration op\u00e9rationnelle des institutions financi\u00e8res interm\u00e9diaires et des partenaires qui offrent des fonds Fidelity\u00a0\u00bb.<\/span><\/p>\n<p style=\"text-align: justify;\"><span>La Banque TD a d\u00e9clar\u00e9 dans un e-mail qu&rsquo;elle visait \u00e0 lancer l&rsquo;option de compte \u00e0 \u00ab\u00a0l&rsquo;\u00e9t\u00e9 2023\u00a0\u00bb.\u00a0En attendant, il invite les clients \u00e0\u00a0<\/span><span>s&rsquo;inscrire pour recevoir les mises \u00e0 jour sur son site Web<\/span><span>\u00a0.\u00a0<\/span><\/p>\n<p style=\"text-align: justify;\"><span>Sur son site Web, BMO a d\u00e9clar\u00e9 que les comptes FHSA seront disponibles pour les clients \u00ab\u00a0vers la mi-2023\u00a0\u00bb.\u00a0La CIBC a d\u00e9clar\u00e9 dans un communiqu\u00e9 envoy\u00e9 par courrier \u00e9lectronique qu&rsquo;elle pr\u00e9voyait d&rsquo;offrir la FHSA \u00ab\u00a0plus tard cette ann\u00e9e\u00a0\u00bb et qu&rsquo;elle partagerait plus d&rsquo;informations sur le calendrier exact \u00ab\u00a0dans les mois \u00e0 venir\u00a0\u00bb.\u00a0<\/span><\/p>\n<p style=\"text-align: justify;\">La Banque Scotia a d\u00e9clar\u00e9 dans un courriel qu&rsquo;elle \u00ab\u00a0vise \u00e0 offrir le nouveau compte d&rsquo;\u00e9pargne pour l&rsquo;achat d&rsquo;une premi\u00e8re maison aux clients au cours de l&rsquo;ann\u00e9e d&rsquo;imposition 2023\u00a0\u00bb.<\/p>\n<p style=\"text-align: justify;\"><span>Deux des principales banques canadiennes offrent maintenant le\u00a0<\/span><span>nouveau compte d&rsquo;\u00e9pargne-logement libre d&rsquo;imp\u00f4t<\/span><span>\u00a0(FHSA), quelques semaines apr\u00e8s que le gouvernement a lanc\u00e9 l&rsquo;option bancaire pour les futurs propri\u00e9taires.<\/span><\/p>\n<p style=\"text-align: justify;\"><span>La Banque Nationale<\/span><span>\u00a0du Canada et\u00a0<\/span><span>la Banque Royale du Canada<\/span><span>\u00a0ont toutes deux annonc\u00e9 la semaine derni\u00e8re qu&rsquo;elles offraient cette option aux clients.<\/span><\/p>\n<p style=\"text-align: justify;\"><strong><span>QU&rsquo;EST-CE QU&rsquo;UNE FHSA<\/span><\/strong><\/p>\n<p style=\"text-align: justify;\"><span>Annonc\u00e9 dans le budget f\u00e9d\u00e9ral de 2022, le compte d&rsquo;\u00e9pargne libre d&rsquo;imp\u00f4t \u00ab combine les meilleures caract\u00e9ristiques d&rsquo;un REER (r\u00e9gime enregistr\u00e9 d&rsquo;\u00e9pargne-retraite) et d&rsquo;un CELI (compte d&rsquo;\u00e9pargne libre d&rsquo;imp\u00f4t) \u00bb, selon RBC.<\/span><\/p>\n<p style=\"text-align: justify;\"><span>Les cotisations sont d\u00e9ductibles d&rsquo;imp\u00f4t et les revenus du compte sont exon\u00e9r\u00e9s d&rsquo;imp\u00f4t, \u00e0 condition qu&rsquo;ils soient utilis\u00e9s pour l&rsquo;achat d&rsquo;une maison une fois retir\u00e9s.<\/span><\/p>\n<p style=\"text-align: justify;\"><span>Le compte a une limite \u00e0 vie de 40 000 $ et une limite de cotisation annuelle de 8 000 $, les portions inutilis\u00e9es pouvant \u00eatre report\u00e9es \u00e0 l&rsquo;ann\u00e9e suivante.\u00a0Les comptes peuvent \u00eatre ouverts pendant 15 ans, jusqu&rsquo;\u00e0 ce que la personne atteigne 71 ans ou effectue son premier retrait admissible, selon la premi\u00e8re \u00e9ventualit\u00e9.<\/span><\/p>\n<p style=\"text-align: justify;\"><span>Il est ouvert aux r\u00e9sidents canadiens acc\u00e9dant \u00e0 la propri\u00e9t\u00e9 \u00e2g\u00e9s de 18 \u00e0 71 ans, sauf dans les provinces o\u00f9 l&rsquo;\u00e2ge l\u00e9gal pour conclure un contrat est de 19 ans.<\/span><\/p>\n<p style=\"text-align: justify;\"><span>Erica Nielsen, vice-pr\u00e9sidente \u00e0 la direction, Services bancaires aux particuliers et Placements de RBC, a d\u00e9clar\u00e9 que les recherches de la banque montraient un vif int\u00e9r\u00eat pour le compte parmi les futurs propri\u00e9taires.<\/span><\/p>\n<p style=\"text-align: justify;\"><span>\u00ab\u00a0Nos recherches indiquent que les Canadiens attendaient avec impatience la FHSA, avec pr\u00e8s d&rsquo;un tiers de ceux qui ne sont pas encore propri\u00e9taires nous disant qu&rsquo;ils pr\u00e9voyaient d&rsquo;utiliser ce nouveau compte pour \u00e9pargner en vue d&rsquo;un achat de maison\u00a0\u00bb, a d\u00e9clar\u00e9 Nielsen dans un communiqu\u00e9 de presse.<\/span><\/p>\n<p style=\"text-align: justify;\"><span>\u00ab\u00a0Ce nouveau compte d&rsquo;\u00e9pargne et d&rsquo;investissement sera un soutien formidable pour tous ceux qui ont ce r\u00eave.<\/span><\/p>\n<p style=\"text-align: justify;\"><strong><span>O\u00d9 EST-IL DISPONIBLE<\/span><\/strong><\/p>\n<p style=\"text-align: justify;\"><span>Aucune des six grandes banques canadiennes n&rsquo;offrait le FHSA \u00e0 la date de lancement du gouvernement le 1er avril.\u00a0Jusqu&rsquo;\u00e0 pr\u00e9sent, RBC et la Banque Nationale sont les deux seules grandes banques \u00e0 avoir propos\u00e9 cette option aux clients.<\/span><\/p>\n<p style=\"text-align: justify;\"><span>RBC a d\u00e9clar\u00e9 que les gens peuvent ouvrir des comptes num\u00e9riquement via RBC Placements en Direct et RBC InvestEase, en parlant avec un conseiller financier ou en visitant une succursale RBC.<\/span><\/p>\n<p style=\"text-align: justify;\"><span>La Banque Nationale a demand\u00e9 aux gens de\u00a0<\/span><span>prendre rendez-vous en ligne<\/span><span>\u00a0pour ouvrir un compte.<\/span><\/p>\n<p style=\"text-align: justify;\"><span>Comme autre option,\u00a0<\/span><span>la soci\u00e9t\u00e9 d&rsquo;investissement en ligne Questrade<\/span><span>\u00a0propose d\u00e9sormais la FHSA.\u00a0<\/span><span>Fidelity Investments Canada<\/span><span>\u00a0, une autre entreprise de services financiers, a \u00e9galement annonc\u00e9 qu&rsquo;elle offrirait le compte \u00e0 partir du 19 avril, \u00ab\u00a0sous r\u00e9serve de l&rsquo;\u00e9tat de pr\u00e9paration op\u00e9rationnelle des institutions financi\u00e8res interm\u00e9diaires et des partenaires qui offrent des fonds Fidelity\u00a0\u00bb.<\/span><\/p>\n<p style=\"text-align: justify;\"><span>La Banque TD a d\u00e9clar\u00e9 dans un e-mail qu&rsquo;elle visait \u00e0 lancer l&rsquo;option de compte \u00e0 \u00ab\u00a0l&rsquo;\u00e9t\u00e9 2023\u00a0\u00bb.\u00a0En attendant, il invite les clients \u00e0\u00a0<\/span><span>s&rsquo;inscrire pour recevoir les mises \u00e0 jour sur son site Web<\/span><span>\u00a0.\u00a0<\/span><\/p>\n<p style=\"text-align: justify;\"><span>Sur son site Web, BMO a d\u00e9clar\u00e9 que les comptes FHSA seront disponibles pour les clients \u00ab\u00a0vers la mi-2023\u00a0\u00bb.\u00a0La CIBC a d\u00e9clar\u00e9 dans un communiqu\u00e9 envoy\u00e9 par courrier \u00e9lectronique qu&rsquo;elle pr\u00e9voyait d&rsquo;offrir la FHSA \u00ab\u00a0plus tard cette ann\u00e9e\u00a0\u00bb et qu&rsquo;elle partagerait plus d&rsquo;informations sur le calendrier exact \u00ab\u00a0dans les mois \u00e0 venir\u00a0\u00bb.\u00a0<\/span><\/p>\n<p style=\"text-align: justify;\"><span>La Banque Scotia a d\u00e9clar\u00e9 dans un courriel qu&rsquo;elle \u00ab\u00a0vise \u00e0 offrir le nouveau compte d&rsquo;\u00e9pargne pour l&rsquo;achat d&rsquo;une premi\u00e8re maison aux clients au cours de l&rsquo;ann\u00e9e d&rsquo;imposition 2023\u00a0\u00bb.<\/span><\/p>\n<p>&nbsp;<\/p>\n<p>&nbsp;<\/p>\n<p><strong>Source<\/strong> : <a href=\"https:\/\/www.bnnbloomberg.ca\/which-canadian-banks-are-offering-the-tax-free-first-home-savings-account-1.1911481\">Article de <span class=\"author\">Holly McKenzie-Sutter<\/span>\u00a0publi\u00e9 sur le site BNNBloomberg.ca le 24 avril 2023<\/a><\/p>\n<p><strong>Lien : <\/strong><a href=\"https:\/\/www.bnnbloomberg.ca\/which-canadian-banks-are-offering-the-tax-free-first-home-savings-account-1.1911481\">https:\/\/www.bnnbloomberg.ca\/which-canadian-banks-are-offering-the-tax-free-first-home-savings-account-1.1911481<\/a><\/p>\n<p>&nbsp;<\/p>\n<p style=\"text-align: center;\">Vous voulez gardez un oeil sur le march\u00e9 et sur votre investissement ?<\/p>\n<p style=\"text-align: center;\">Nous pouvons p\u00e9riodiquement vous envoyer les ventes dans votre secteur.<\/p>\n<p style=\"text-align: center;\">C&rsquo;est GRATUIT! Aucune obligation de votre part.<\/p>\n<p><img decoding=\"async\" class=\"aligncenter\" src=\"https:\/\/mcusercontent.com\/93cd80b45544fad91b6b44d60\/images\/22eff594-89e6-7c93-0054-7fc2388cf7ae.png\" \/><\/p>\n<div class=\"element-embed clear-both\" style=\"text-align: justify;\"><\/div>\n<p><\/p>","protected":false},"excerpt":{"rendered":"<p>Deux des principales banques canadiennes offrent maintenant le\u00a0nouveau compte d&rsquo;\u00e9pargne-logement libre d&rsquo;imp\u00f4t\u00a0(FHSA), quelques semaines apr\u00e8s que le gouvernement a lanc\u00e9 l&rsquo;option bancaire pour les futurs propri\u00e9taires. La Banque Nationale\u00a0du Canada et\u00a0la Banque Royale du Canada\u00a0ont toutes deux annonc\u00e9 la semaine derni\u00e8re qu&rsquo;elles offraient cette option aux clients. QU&rsquo;EST-CE QU&rsquo;UNE FHSA Annonc\u00e9 dans le budget f\u00e9d\u00e9ral [&hellip;]<\/p>\n","protected":false},"author":742,"featured_media":0,"parent":0,"menu_order":0,"comment_status":"closed","ping_status":"closed","template":"","meta":{"_acf_changed":false,"footnotes":""},"class_list":["post-2457","page","type-page","status-publish","hentry"],"acf":[],"yoast_head":"<!-- This site is optimized with the Yoast SEO plugin v26.7 - https:\/\/yoast.com\/wordpress\/plugins\/seo\/ -->\n<title>Quelles sont les banques canadiennes qui proposent le compte d&#039;\u00e9pargne logement exon\u00e9r\u00e9 d&#039;imp\u00f4t ? - \u00c9quipe M\u00e9lanie Dubois<\/title>\n<meta name=\"robots\" content=\"index, follow, max-snippet:-1, max-image-preview:large, max-video-preview:-1\" \/>\n<link rel=\"canonical\" href=\"https:\/\/melaniedubois.com\/fr\/quelles-sont-les-banques-canadiennes-qui-proposent-le-compte-depargne-logement-exonere-dimpot\/\" \/>\n<meta property=\"og:locale\" content=\"fr_FR\" \/>\n<meta property=\"og:type\" content=\"article\" \/>\n<meta property=\"og:title\" content=\"Quelles sont les banques canadiennes qui proposent le compte d&#039;\u00e9pargne logement exon\u00e9r\u00e9 d&#039;imp\u00f4t ? - \u00c9quipe M\u00e9lanie Dubois\" \/>\n<meta property=\"og:description\" content=\"Deux des principales banques canadiennes offrent maintenant le\u00a0nouveau compte d&rsquo;\u00e9pargne-logement libre d&rsquo;imp\u00f4t\u00a0(FHSA), quelques semaines apr\u00e8s que le gouvernement a lanc\u00e9 l&rsquo;option bancaire pour les futurs propri\u00e9taires. La Banque Nationale\u00a0du Canada et\u00a0la Banque Royale du Canada\u00a0ont toutes deux annonc\u00e9 la semaine derni\u00e8re qu&rsquo;elles offraient cette option aux clients. QU&rsquo;EST-CE QU&rsquo;UNE FHSA Annonc\u00e9 dans le budget f\u00e9d\u00e9ral [&hellip;]\" \/>\n<meta property=\"og:url\" content=\"https:\/\/melaniedubois.com\/fr\/quelles-sont-les-banques-canadiennes-qui-proposent-le-compte-depargne-logement-exonere-dimpot\/\" \/>\n<meta property=\"og:site_name\" content=\"\u00c9quipe M\u00e9lanie Dubois\" \/>\n<meta property=\"og:image\" content=\"https:\/\/mcusercontent.com\/93cd80b45544fad91b6b44d60\/images\/c57153cd-6230-d4ea-beb8-7075ef0bd138.png\" \/>\n<meta name=\"twitter:card\" content=\"summary_large_image\" \/>\n<meta name=\"twitter:label1\" content=\"Dur\u00e9e de lecture estim\u00e9e\" \/>\n\t<meta name=\"twitter:data1\" content=\"6 minutes\" \/>\n<script type=\"application\/ld+json\" class=\"yoast-schema-graph\">{\"@context\":\"https:\/\/schema.org\",\"@graph\":[{\"@type\":\"WebPage\",\"@id\":\"https:\/\/melaniedubois.com\/fr\/quelles-sont-les-banques-canadiennes-qui-proposent-le-compte-depargne-logement-exonere-dimpot\/\",\"url\":\"https:\/\/melaniedubois.com\/fr\/quelles-sont-les-banques-canadiennes-qui-proposent-le-compte-depargne-logement-exonere-dimpot\/\",\"name\":\"[:fr]Quelles sont les banques canadiennes qui proposent le compte d'\u00e9pargne logement exon\u00e9r\u00e9 d'imp\u00f4t ?[:] - \u00c9quipe M\u00e9lanie Dubois\",\"isPartOf\":{\"@id\":\"https:\/\/melaniedubois.com\/en\/#website\"},\"primaryImageOfPage\":{\"@id\":\"https:\/\/melaniedubois.com\/fr\/quelles-sont-les-banques-canadiennes-qui-proposent-le-compte-depargne-logement-exonere-dimpot\/#primaryimage\"},\"image\":{\"@id\":\"https:\/\/melaniedubois.com\/fr\/quelles-sont-les-banques-canadiennes-qui-proposent-le-compte-depargne-logement-exonere-dimpot\/#primaryimage\"},\"thumbnailUrl\":\"https:\/\/mcusercontent.com\/93cd80b45544fad91b6b44d60\/images\/c57153cd-6230-d4ea-beb8-7075ef0bd138.png\",\"datePublished\":\"2023-06-19T19:47:17+00:00\",\"breadcrumb\":{\"@id\":\"https:\/\/melaniedubois.com\/fr\/quelles-sont-les-banques-canadiennes-qui-proposent-le-compte-depargne-logement-exonere-dimpot\/#breadcrumb\"},\"inLanguage\":\"fr-FR\",\"potentialAction\":[{\"@type\":\"ReadAction\",\"target\":[\"https:\/\/melaniedubois.com\/fr\/quelles-sont-les-banques-canadiennes-qui-proposent-le-compte-depargne-logement-exonere-dimpot\/\"]}]},{\"@type\":\"ImageObject\",\"inLanguage\":\"fr-FR\",\"@id\":\"https:\/\/melaniedubois.com\/fr\/quelles-sont-les-banques-canadiennes-qui-proposent-le-compte-depargne-logement-exonere-dimpot\/#primaryimage\",\"url\":\"https:\/\/mcusercontent.com\/93cd80b45544fad91b6b44d60\/images\/c57153cd-6230-d4ea-beb8-7075ef0bd138.png\",\"contentUrl\":\"https:\/\/mcusercontent.com\/93cd80b45544fad91b6b44d60\/images\/c57153cd-6230-d4ea-beb8-7075ef0bd138.png\"},{\"@type\":\"BreadcrumbList\",\"@id\":\"https:\/\/melaniedubois.com\/fr\/quelles-sont-les-banques-canadiennes-qui-proposent-le-compte-depargne-logement-exonere-dimpot\/#breadcrumb\",\"itemListElement\":[{\"@type\":\"ListItem\",\"position\":1,\"name\":\"Accueil\",\"item\":\"https:\/\/melaniedubois.com\/en\/\"},{\"@type\":\"ListItem\",\"position\":2,\"name\":\"Quelles sont les banques canadiennes qui proposent le compte d&rsquo;\u00e9pargne logement exon\u00e9r\u00e9 d&rsquo;imp\u00f4t ?\"}]},{\"@type\":\"WebSite\",\"@id\":\"https:\/\/melaniedubois.com\/en\/#website\",\"url\":\"https:\/\/melaniedubois.com\/en\/\",\"name\":\"\u00c9quipe M\u00e9lanie Dubois\",\"description\":\"Courtier immobilier Montr\u00e9al, KW Connexion\",\"potentialAction\":[{\"@type\":\"SearchAction\",\"target\":{\"@type\":\"EntryPoint\",\"urlTemplate\":\"https:\/\/melaniedubois.com\/en\/?s={search_term_string}\"},\"query-input\":{\"@type\":\"PropertyValueSpecification\",\"valueRequired\":true,\"valueName\":\"search_term_string\"}}],\"inLanguage\":\"fr-FR\"}]}<\/script>\n<!-- \/ Yoast SEO plugin. -->","yoast_head_json":{"title":"Quelles sont les banques canadiennes qui proposent le compte d'\u00e9pargne logement exon\u00e9r\u00e9 d'imp\u00f4t ? - \u00c9quipe M\u00e9lanie Dubois","robots":{"index":"index","follow":"follow","max-snippet":"max-snippet:-1","max-image-preview":"max-image-preview:large","max-video-preview":"max-video-preview:-1"},"canonical":"https:\/\/melaniedubois.com\/fr\/quelles-sont-les-banques-canadiennes-qui-proposent-le-compte-depargne-logement-exonere-dimpot\/","og_locale":"fr_FR","og_type":"article","og_title":"Quelles sont les banques canadiennes qui proposent le compte d'\u00e9pargne logement exon\u00e9r\u00e9 d'imp\u00f4t ? - \u00c9quipe M\u00e9lanie Dubois","og_description":"Deux des principales banques canadiennes offrent maintenant le\u00a0nouveau compte d&rsquo;\u00e9pargne-logement libre d&rsquo;imp\u00f4t\u00a0(FHSA), quelques semaines apr\u00e8s que le gouvernement a lanc\u00e9 l&rsquo;option bancaire pour les futurs propri\u00e9taires. La Banque Nationale\u00a0du Canada et\u00a0la Banque Royale du Canada\u00a0ont toutes deux annonc\u00e9 la semaine derni\u00e8re qu&rsquo;elles offraient cette option aux clients. QU&rsquo;EST-CE QU&rsquo;UNE FHSA Annonc\u00e9 dans le budget f\u00e9d\u00e9ral [&hellip;]","og_url":"https:\/\/melaniedubois.com\/fr\/quelles-sont-les-banques-canadiennes-qui-proposent-le-compte-depargne-logement-exonere-dimpot\/","og_site_name":"\u00c9quipe M\u00e9lanie Dubois","og_image":[{"url":"https:\/\/mcusercontent.com\/93cd80b45544fad91b6b44d60\/images\/c57153cd-6230-d4ea-beb8-7075ef0bd138.png","type":"","width":"","height":""}],"twitter_card":"summary_large_image","twitter_misc":{"Dur\u00e9e de lecture estim\u00e9e":"6 minutes"},"schema":{"@context":"https:\/\/schema.org","@graph":[{"@type":"WebPage","@id":"https:\/\/melaniedubois.com\/fr\/quelles-sont-les-banques-canadiennes-qui-proposent-le-compte-depargne-logement-exonere-dimpot\/","url":"https:\/\/melaniedubois.com\/fr\/quelles-sont-les-banques-canadiennes-qui-proposent-le-compte-depargne-logement-exonere-dimpot\/","name":"[:fr]Quelles sont les banques canadiennes qui proposent le compte d'\u00e9pargne logement exon\u00e9r\u00e9 d'imp\u00f4t ?[:] - \u00c9quipe M\u00e9lanie Dubois","isPartOf":{"@id":"https:\/\/melaniedubois.com\/en\/#website"},"primaryImageOfPage":{"@id":"https:\/\/melaniedubois.com\/fr\/quelles-sont-les-banques-canadiennes-qui-proposent-le-compte-depargne-logement-exonere-dimpot\/#primaryimage"},"image":{"@id":"https:\/\/melaniedubois.com\/fr\/quelles-sont-les-banques-canadiennes-qui-proposent-le-compte-depargne-logement-exonere-dimpot\/#primaryimage"},"thumbnailUrl":"https:\/\/mcusercontent.com\/93cd80b45544fad91b6b44d60\/images\/c57153cd-6230-d4ea-beb8-7075ef0bd138.png","datePublished":"2023-06-19T19:47:17+00:00","breadcrumb":{"@id":"https:\/\/melaniedubois.com\/fr\/quelles-sont-les-banques-canadiennes-qui-proposent-le-compte-depargne-logement-exonere-dimpot\/#breadcrumb"},"inLanguage":"fr-FR","potentialAction":[{"@type":"ReadAction","target":["https:\/\/melaniedubois.com\/fr\/quelles-sont-les-banques-canadiennes-qui-proposent-le-compte-depargne-logement-exonere-dimpot\/"]}]},{"@type":"ImageObject","inLanguage":"fr-FR","@id":"https:\/\/melaniedubois.com\/fr\/quelles-sont-les-banques-canadiennes-qui-proposent-le-compte-depargne-logement-exonere-dimpot\/#primaryimage","url":"https:\/\/mcusercontent.com\/93cd80b45544fad91b6b44d60\/images\/c57153cd-6230-d4ea-beb8-7075ef0bd138.png","contentUrl":"https:\/\/mcusercontent.com\/93cd80b45544fad91b6b44d60\/images\/c57153cd-6230-d4ea-beb8-7075ef0bd138.png"},{"@type":"BreadcrumbList","@id":"https:\/\/melaniedubois.com\/fr\/quelles-sont-les-banques-canadiennes-qui-proposent-le-compte-depargne-logement-exonere-dimpot\/#breadcrumb","itemListElement":[{"@type":"ListItem","position":1,"name":"Accueil","item":"https:\/\/melaniedubois.com\/en\/"},{"@type":"ListItem","position":2,"name":"Quelles sont les banques canadiennes qui proposent le compte d&rsquo;\u00e9pargne logement exon\u00e9r\u00e9 d&rsquo;imp\u00f4t ?"}]},{"@type":"WebSite","@id":"https:\/\/melaniedubois.com\/en\/#website","url":"https:\/\/melaniedubois.com\/en\/","name":"\u00c9quipe M\u00e9lanie Dubois","description":"Courtier immobilier Montr\u00e9al, KW Connexion","potentialAction":[{"@type":"SearchAction","target":{"@type":"EntryPoint","urlTemplate":"https:\/\/melaniedubois.com\/en\/?s={search_term_string}"},"query-input":{"@type":"PropertyValueSpecification","valueRequired":true,"valueName":"search_term_string"}}],"inLanguage":"fr-FR"}]}},"_links":{"self":[{"href":"https:\/\/melaniedubois.com\/fr\/wp-json\/wp\/v2\/pages\/2457","targetHints":{"allow":["GET"]}}],"collection":[{"href":"https:\/\/melaniedubois.com\/fr\/wp-json\/wp\/v2\/pages"}],"about":[{"href":"https:\/\/melaniedubois.com\/fr\/wp-json\/wp\/v2\/types\/page"}],"author":[{"embeddable":true,"href":"https:\/\/melaniedubois.com\/fr\/wp-json\/wp\/v2\/users\/742"}],"replies":[{"embeddable":true,"href":"https:\/\/melaniedubois.com\/fr\/wp-json\/wp\/v2\/comments?post=2457"}],"version-history":[{"count":1,"href":"https:\/\/melaniedubois.com\/fr\/wp-json\/wp\/v2\/pages\/2457\/revisions"}],"predecessor-version":[{"id":2458,"href":"https:\/\/melaniedubois.com\/fr\/wp-json\/wp\/v2\/pages\/2457\/revisions\/2458"}],"wp:attachment":[{"href":"https:\/\/melaniedubois.com\/fr\/wp-json\/wp\/v2\/media?parent=2457"}],"curies":[{"name":"wp","href":"https:\/\/api.w.org\/{rel}","templated":true}]}}