{"id":2488,"date":"2023-08-27T09:31:05","date_gmt":"2023-08-27T13:31:05","guid":{"rendered":"http:\/\/melaniedubois.com\/?page_id=2488"},"modified":"2023-08-27T09:31:05","modified_gmt":"2023-08-27T13:31:05","slug":"pour-vendre-sa-demeure-plus-chere-que-sa-valeur","status":"publish","type":"page","link":"https:\/\/melaniedubois.com\/fr\/pour-vendre-sa-demeure-plus-chere-que-sa-valeur\/","title":{"rendered":"Pour vendre sa demeure plus ch\u00e8re que sa valeur"},"content":{"rendered":"<p><\/p>\n<p style=\"text-align: justify;\">En demandant un prix plus \u00e9lev\u00e9 que la valeur de votre domicile, vous aurez peu de visites, diminuant l\u2019engouement engendr\u00e9 lorsqu\u2019une propri\u00e9t\u00e9 devient disponible. Le d\u00e9lai de vente sera long.<\/p>\n<p><img decoding=\"async\" src=\"https:\/\/mcusercontent.com\/93cd80b45544fad91b6b44d60\/images\/9a002a48-1df0-59af-8f67-087b44438b85.png\" \/><\/p>\n<p style=\"text-align: justify;\">Les acheteurs voudront alors n\u00e9gocier, particuli\u00e8rement si la maison reste un certain temps sur le march\u00e9. Si la vente tarde trop, votre maison sera \u00abbr\u00fbl\u00e9e\u00bb et le prix de vente sera probablement moindre que si vous aviez vendu rapidement.<\/p>\n<p style=\"text-align: justify;\">Il est pr\u00e9f\u00e9rable de fixer un prix juste. Typiquement, plusieurs visites surviennent d\u00e8s le d\u00e9but de la mise en march\u00e9. C\u2019est dans ces circonstances qu\u2019il y a une possibilit\u00e9 d\u2019offres multiples et que le vendeur obtient un prix d\u2019achat plus \u00e9lev\u00e9 que celui demand\u00e9.<\/p>\n<p style=\"text-align: justify;\">L\u2019Association professionnelle des courtiers immobiliers du Qu\u00e9bec (APCIQ) a pr\u00e9par\u00e9 une int\u00e9ressante analyse sur les dynamiques de n\u00e9gociation de prix. Ils ont pris en compte toutes les ventes d\u2019unifamiliales au Qu\u00e9bec, de janvier 2022 \u00e0 avril 2023.<\/p>\n<h1 style=\"text-align: justify;\">N\u00e9gociation de prix<\/h1>\n<p style=\"text-align: justify;\">Si la hausse fulgurante des taux d\u2019int\u00e9r\u00eat s\u2019est traduite par une forte baisse des ventes, le nombre de propri\u00e9t\u00e9s disponibles \u00e0 la vente sur le march\u00e9 n\u2019est remont\u00e9 que tr\u00e8s mod\u00e9r\u00e9ment. Le niveau d\u2019inscriptions en vigueur est toujours bien au-dessous de la moyenne historique. Toutefois, la diminution du nombre d\u2019acheteurs sur le march\u00e9 s\u2019est traduite directement sur les dynamiques de n\u00e9gociation de prix des maisons unifamiliales vendues au Qu\u00e9bec.<\/p>\n<h1 style=\"text-align: justify;\">R\u00e9partition des ventes selon le type de n\u00e9gociations de prix<\/h1>\n<p style=\"text-align: justify;\">On est revenu \u00e0 une proportion normale de surench\u00e8res, avec 11% des ventes qui se sont finalis\u00e9es avec une surench\u00e8re d\u2019au moins 5% au-dessus du prix demand\u00e9. C\u2019est nettement inf\u00e9rieur au printemps\u00a02022.<\/p>\n<p style=\"text-align: justify;\">Les propri\u00e9t\u00e9s vendues \u00e0 plus ou moins 5% du prix demand\u00e9 ont gagn\u00e9 du terrain dans la derni\u00e8re ann\u00e9e et repr\u00e9sentent maintenant 68% des transactions.<\/p>\n<p style=\"text-align: justify;\">\u00abTout ceci d\u00e9montre une belle r\u00e9silience du march\u00e9. On peut se r\u00e9jouir de cette normalisation du march\u00e9 avec une augmentation des ventes qui se concluent au prix demand\u00e9. C\u2019est un ph\u00e9nom\u00e8ne qui est sain, car les offres multiples peuvent impliquer des d\u00e9cisions irrationnelles du c\u00f4t\u00e9 des acheteurs et abusives du c\u00f4t\u00e9 des vendeurs\u00bb, explique Charles Brant, directeur du Service de l\u2019analyse de march\u00e9 de l\u2019APCIQ.<\/p>\n<h1 style=\"text-align: justify;\">N\u00e9gociations de prix et d\u00e9lais de vente<\/h1>\n<p style=\"text-align: justify;\">Le prix demand\u00e9 a une grande influence sur le d\u00e9lai de vente. Une propri\u00e9t\u00e9 mise sur le march\u00e9 \u00e0 un prix sur\u00e9valu\u00e9 prend en moyenne 88\u00a0jours avant de trouver preneur.<\/p>\n<p style=\"text-align: justify;\">\u00c0 47\u00a0jours, il est rassurant de constater que les ventes conclues pr\u00e8s du prix demand\u00e9 se font dans des d\u00e9lais de transaction plus raisonnables.<\/p>\n<p style=\"text-align: justify;\">Lorsqu\u2019une propri\u00e9t\u00e9 est vendue apr\u00e8s un processus d\u2019offres multiples conduisant \u00e0 la surench\u00e8re, les d\u00e9lais sont presque toujours tr\u00e8s courts.<\/p>\n<h1 style=\"text-align: justify;\">La mise en valeur c\u2019est comme Tinder<\/h1>\n<p style=\"text-align: justify;\">Lorsque deux personnes se pr\u00e9parent pour leur premier rendez-vous galant, ils soignent leur apparence. \u00c0 cette rencontre, ils \u00e9tablissent rapidement s\u2019il y a un int\u00e9r\u00eat \u00e0 poursuivre. On observe le m\u00eame ph\u00e9nom\u00e8ne en immobilier.<\/p>\n<p style=\"text-align: justify;\">C\u2019est d\u00e8s les premi\u00e8res minutes de leur visite que des acheteurs potentiels d\u00e9cident s\u2019ils ont le go\u00fbt d\u2019y vivre ou non. Il est essentiel de conditionner l\u2019espace, en soulignant les points forts de sorte que l\u2019acheteur \u00e9ventuel soit \u00e0 l\u2019aise:<\/p>\n<ol style=\"text-align: justify;\">\n<li>Faites un grand m\u00e9nage\u2009;<\/li>\n<li>R\u00e9parez les imperfections mineures: portes, robinets, trous dans les murs, etc.\u2009;<\/li>\n<li>Peinturez\u2009;<\/li>\n<li>\u00c9purez et d\u00e9personnalisez votre d\u00e9cor\u2009;<\/li>\n<li>Recourez au\u00a0<em>home staging<\/em>.<\/li>\n<\/ol>\n<div>\n<h1 style=\"text-align: justify;\">Mise en march\u00e9<\/h1>\n<p style=\"text-align: justify;\">Choisissez un courtier immobilier qui r\u00e9pondra \u00e0 vos besoins et qui a fait plusieurs transactions dans votre secteur. Ce courtier va vous proposer une strat\u00e9gie de vente con\u00e7ue sur mesure pour votre propri\u00e9t\u00e9.<\/p>\n<p style=\"text-align: justify;\">Votre propri\u00e9t\u00e9 sera pr\u00e9sente dans le syst\u00e8me de collaboration Centris, le site immobilier le plus consult\u00e9 au Qu\u00e9bec. Votre propri\u00e9t\u00e9 est donc rendue accessible \u00e0 pr\u00e8s de 13\u2009000\u00a0courtiers immobiliers et \u00e0 leurs clients acheteurs.<\/p>\n<p style=\"text-align: justify;\">Vous profitez ainsi d\u2019une visibilit\u00e9 in\u00e9gal\u00e9e, tant sur le web qu\u2019aupr\u00e8s du r\u00e9seau des courtiers, ce qui se traduit par de meilleures chances de vendre rapidement et \u00e0 vos conditions.<\/p>\n<p style=\"text-align: justify;\">Ne succombez pas \u00e0 la tentation de choisir un prix de vente trop \u00e9lev\u00e9. Pour vendre au meilleur prix, offrez un prix juste, mettez en valeur votre demeure et choisissez un courtier immobilier qui conna\u00eet \u00e0 fond le march\u00e9 immobilier de votre secteur.<\/p>\n<\/div>\n<p>&nbsp;<\/p>\n<p><strong>Source<\/strong> : <a href=\"https:\/\/www.lesaffaires.com\/blogues\/jean-sasseville\/pour-vendre-sa-demeure-plus-chere-que-sa-valeur\/642438\">Article de Jean Sasseville publi\u00e9 sur le site lesaffaires.com le 2 ao\u00fbt 2023<\/a><\/p>\n<p><strong>Lien : <\/strong><a href=\"https:\/\/www.lesaffaires.com\/blogues\/jean-sasseville\/pour-vendre-sa-demeure-plus-chere-que-sa-valeur\/642438\">https:\/\/www.lesaffaires.com\/blogues\/jean-sasseville\/pour-vendre-sa-demeure-plus-chere-que-sa-valeur\/642438<\/a><\/p>\n<p>&nbsp;<\/p>\n<p style=\"text-align: center;\">Vous voulez gardez un oeil sur le march\u00e9 et sur votre investissement ?<\/p>\n<p style=\"text-align: center;\">Nous pouvons p\u00e9riodiquement vous envoyer les ventes dans votre secteur.<\/p>\n<p style=\"text-align: center;\">C&rsquo;est GRATUIT! Aucune obligation de votre part.<\/p>\n<p><img decoding=\"async\" class=\"aligncenter\" src=\"https:\/\/mcusercontent.com\/93cd80b45544fad91b6b44d60\/images\/22eff594-89e6-7c93-0054-7fc2388cf7ae.png\" \/><\/p>","protected":false},"excerpt":{"rendered":"<p>En demandant un prix plus \u00e9lev\u00e9 que la valeur de votre domicile, vous aurez peu de visites, diminuant l\u2019engouement engendr\u00e9 lorsqu\u2019une propri\u00e9t\u00e9 devient disponible. Le d\u00e9lai de vente sera long. Les acheteurs voudront alors n\u00e9gocier, particuli\u00e8rement si la maison reste un certain temps sur le march\u00e9. Si la vente tarde trop, votre maison sera \u00abbr\u00fbl\u00e9e\u00bb [&hellip;]<\/p>\n","protected":false},"author":742,"featured_media":0,"parent":0,"menu_order":0,"comment_status":"closed","ping_status":"closed","template":"","meta":{"_acf_changed":false,"footnotes":""},"class_list":["post-2488","page","type-page","status-publish","hentry"],"acf":[],"yoast_head":"<!-- This site is optimized with the Yoast SEO plugin v26.7 - https:\/\/yoast.com\/wordpress\/plugins\/seo\/ -->\n<title>Pour vendre sa demeure plus ch\u00e8re que sa valeur - \u00c9quipe M\u00e9lanie Dubois<\/title>\n<meta name=\"robots\" content=\"index, follow, max-snippet:-1, max-image-preview:large, max-video-preview:-1\" \/>\n<link rel=\"canonical\" href=\"https:\/\/melaniedubois.com\/fr\/pour-vendre-sa-demeure-plus-chere-que-sa-valeur\/\" \/>\n<meta property=\"og:locale\" content=\"fr_FR\" \/>\n<meta property=\"og:type\" content=\"article\" \/>\n<meta property=\"og:title\" content=\"Pour vendre sa demeure plus ch\u00e8re que sa valeur - \u00c9quipe M\u00e9lanie Dubois\" \/>\n<meta property=\"og:description\" content=\"En demandant un prix plus \u00e9lev\u00e9 que la valeur de votre domicile, vous aurez peu de visites, diminuant l\u2019engouement engendr\u00e9 lorsqu\u2019une propri\u00e9t\u00e9 devient disponible. Le d\u00e9lai de vente sera long. Les acheteurs voudront alors n\u00e9gocier, particuli\u00e8rement si la maison reste un certain temps sur le march\u00e9. Si la vente tarde trop, votre maison sera \u00abbr\u00fbl\u00e9e\u00bb [&hellip;]\" \/>\n<meta property=\"og:url\" content=\"https:\/\/melaniedubois.com\/fr\/pour-vendre-sa-demeure-plus-chere-que-sa-valeur\/\" \/>\n<meta property=\"og:site_name\" content=\"\u00c9quipe M\u00e9lanie Dubois\" \/>\n<meta property=\"og:image\" content=\"https:\/\/mcusercontent.com\/93cd80b45544fad91b6b44d60\/images\/9a002a48-1df0-59af-8f67-087b44438b85.png\" \/>\n<meta name=\"twitter:card\" content=\"summary_large_image\" \/>\n<meta name=\"twitter:label1\" content=\"Dur\u00e9e de lecture estim\u00e9e\" \/>\n\t<meta name=\"twitter:data1\" content=\"4 minutes\" \/>\n<script type=\"application\/ld+json\" class=\"yoast-schema-graph\">{\"@context\":\"https:\/\/schema.org\",\"@graph\":[{\"@type\":\"WebPage\",\"@id\":\"https:\/\/melaniedubois.com\/fr\/pour-vendre-sa-demeure-plus-chere-que-sa-valeur\/\",\"url\":\"https:\/\/melaniedubois.com\/fr\/pour-vendre-sa-demeure-plus-chere-que-sa-valeur\/\",\"name\":\"[:fr]Pour vendre sa demeure plus ch\u00e8re que sa valeur[:] - \u00c9quipe M\u00e9lanie Dubois\",\"isPartOf\":{\"@id\":\"https:\/\/melaniedubois.com\/en\/#website\"},\"primaryImageOfPage\":{\"@id\":\"https:\/\/melaniedubois.com\/fr\/pour-vendre-sa-demeure-plus-chere-que-sa-valeur\/#primaryimage\"},\"image\":{\"@id\":\"https:\/\/melaniedubois.com\/fr\/pour-vendre-sa-demeure-plus-chere-que-sa-valeur\/#primaryimage\"},\"thumbnailUrl\":\"https:\/\/mcusercontent.com\/93cd80b45544fad91b6b44d60\/images\/9a002a48-1df0-59af-8f67-087b44438b85.png\",\"datePublished\":\"2023-08-27T13:31:05+00:00\",\"breadcrumb\":{\"@id\":\"https:\/\/melaniedubois.com\/fr\/pour-vendre-sa-demeure-plus-chere-que-sa-valeur\/#breadcrumb\"},\"inLanguage\":\"fr-FR\",\"potentialAction\":[{\"@type\":\"ReadAction\",\"target\":[\"https:\/\/melaniedubois.com\/fr\/pour-vendre-sa-demeure-plus-chere-que-sa-valeur\/\"]}]},{\"@type\":\"ImageObject\",\"inLanguage\":\"fr-FR\",\"@id\":\"https:\/\/melaniedubois.com\/fr\/pour-vendre-sa-demeure-plus-chere-que-sa-valeur\/#primaryimage\",\"url\":\"https:\/\/mcusercontent.com\/93cd80b45544fad91b6b44d60\/images\/9a002a48-1df0-59af-8f67-087b44438b85.png\",\"contentUrl\":\"https:\/\/mcusercontent.com\/93cd80b45544fad91b6b44d60\/images\/9a002a48-1df0-59af-8f67-087b44438b85.png\"},{\"@type\":\"BreadcrumbList\",\"@id\":\"https:\/\/melaniedubois.com\/fr\/pour-vendre-sa-demeure-plus-chere-que-sa-valeur\/#breadcrumb\",\"itemListElement\":[{\"@type\":\"ListItem\",\"position\":1,\"name\":\"Accueil\",\"item\":\"https:\/\/melaniedubois.com\/en\/\"},{\"@type\":\"ListItem\",\"position\":2,\"name\":\"Pour vendre sa demeure plus ch\u00e8re que sa valeur\"}]},{\"@type\":\"WebSite\",\"@id\":\"https:\/\/melaniedubois.com\/en\/#website\",\"url\":\"https:\/\/melaniedubois.com\/en\/\",\"name\":\"\u00c9quipe M\u00e9lanie Dubois\",\"description\":\"Courtier immobilier Montr\u00e9al, KW Connexion\",\"potentialAction\":[{\"@type\":\"SearchAction\",\"target\":{\"@type\":\"EntryPoint\",\"urlTemplate\":\"https:\/\/melaniedubois.com\/en\/?s={search_term_string}\"},\"query-input\":{\"@type\":\"PropertyValueSpecification\",\"valueRequired\":true,\"valueName\":\"search_term_string\"}}],\"inLanguage\":\"fr-FR\"}]}<\/script>\n<!-- \/ Yoast SEO plugin. -->","yoast_head_json":{"title":"Pour vendre sa demeure plus ch\u00e8re que sa valeur - \u00c9quipe M\u00e9lanie Dubois","robots":{"index":"index","follow":"follow","max-snippet":"max-snippet:-1","max-image-preview":"max-image-preview:large","max-video-preview":"max-video-preview:-1"},"canonical":"https:\/\/melaniedubois.com\/fr\/pour-vendre-sa-demeure-plus-chere-que-sa-valeur\/","og_locale":"fr_FR","og_type":"article","og_title":"Pour vendre sa demeure plus ch\u00e8re que sa valeur - \u00c9quipe M\u00e9lanie Dubois","og_description":"En demandant un prix plus \u00e9lev\u00e9 que la valeur de votre domicile, vous aurez peu de visites, diminuant l\u2019engouement engendr\u00e9 lorsqu\u2019une propri\u00e9t\u00e9 devient disponible. Le d\u00e9lai de vente sera long. Les acheteurs voudront alors n\u00e9gocier, particuli\u00e8rement si la maison reste un certain temps sur le march\u00e9. Si la vente tarde trop, votre maison sera \u00abbr\u00fbl\u00e9e\u00bb [&hellip;]","og_url":"https:\/\/melaniedubois.com\/fr\/pour-vendre-sa-demeure-plus-chere-que-sa-valeur\/","og_site_name":"\u00c9quipe M\u00e9lanie Dubois","og_image":[{"url":"https:\/\/mcusercontent.com\/93cd80b45544fad91b6b44d60\/images\/9a002a48-1df0-59af-8f67-087b44438b85.png","type":"","width":"","height":""}],"twitter_card":"summary_large_image","twitter_misc":{"Dur\u00e9e de lecture estim\u00e9e":"4 minutes"},"schema":{"@context":"https:\/\/schema.org","@graph":[{"@type":"WebPage","@id":"https:\/\/melaniedubois.com\/fr\/pour-vendre-sa-demeure-plus-chere-que-sa-valeur\/","url":"https:\/\/melaniedubois.com\/fr\/pour-vendre-sa-demeure-plus-chere-que-sa-valeur\/","name":"[:fr]Pour vendre sa demeure plus ch\u00e8re que sa valeur[:] - \u00c9quipe M\u00e9lanie Dubois","isPartOf":{"@id":"https:\/\/melaniedubois.com\/en\/#website"},"primaryImageOfPage":{"@id":"https:\/\/melaniedubois.com\/fr\/pour-vendre-sa-demeure-plus-chere-que-sa-valeur\/#primaryimage"},"image":{"@id":"https:\/\/melaniedubois.com\/fr\/pour-vendre-sa-demeure-plus-chere-que-sa-valeur\/#primaryimage"},"thumbnailUrl":"https:\/\/mcusercontent.com\/93cd80b45544fad91b6b44d60\/images\/9a002a48-1df0-59af-8f67-087b44438b85.png","datePublished":"2023-08-27T13:31:05+00:00","breadcrumb":{"@id":"https:\/\/melaniedubois.com\/fr\/pour-vendre-sa-demeure-plus-chere-que-sa-valeur\/#breadcrumb"},"inLanguage":"fr-FR","potentialAction":[{"@type":"ReadAction","target":["https:\/\/melaniedubois.com\/fr\/pour-vendre-sa-demeure-plus-chere-que-sa-valeur\/"]}]},{"@type":"ImageObject","inLanguage":"fr-FR","@id":"https:\/\/melaniedubois.com\/fr\/pour-vendre-sa-demeure-plus-chere-que-sa-valeur\/#primaryimage","url":"https:\/\/mcusercontent.com\/93cd80b45544fad91b6b44d60\/images\/9a002a48-1df0-59af-8f67-087b44438b85.png","contentUrl":"https:\/\/mcusercontent.com\/93cd80b45544fad91b6b44d60\/images\/9a002a48-1df0-59af-8f67-087b44438b85.png"},{"@type":"BreadcrumbList","@id":"https:\/\/melaniedubois.com\/fr\/pour-vendre-sa-demeure-plus-chere-que-sa-valeur\/#breadcrumb","itemListElement":[{"@type":"ListItem","position":1,"name":"Accueil","item":"https:\/\/melaniedubois.com\/en\/"},{"@type":"ListItem","position":2,"name":"Pour vendre sa demeure plus ch\u00e8re que sa valeur"}]},{"@type":"WebSite","@id":"https:\/\/melaniedubois.com\/en\/#website","url":"https:\/\/melaniedubois.com\/en\/","name":"\u00c9quipe M\u00e9lanie Dubois","description":"Courtier immobilier Montr\u00e9al, KW Connexion","potentialAction":[{"@type":"SearchAction","target":{"@type":"EntryPoint","urlTemplate":"https:\/\/melaniedubois.com\/en\/?s={search_term_string}"},"query-input":{"@type":"PropertyValueSpecification","valueRequired":true,"valueName":"search_term_string"}}],"inLanguage":"fr-FR"}]}},"_links":{"self":[{"href":"https:\/\/melaniedubois.com\/fr\/wp-json\/wp\/v2\/pages\/2488","targetHints":{"allow":["GET"]}}],"collection":[{"href":"https:\/\/melaniedubois.com\/fr\/wp-json\/wp\/v2\/pages"}],"about":[{"href":"https:\/\/melaniedubois.com\/fr\/wp-json\/wp\/v2\/types\/page"}],"author":[{"embeddable":true,"href":"https:\/\/melaniedubois.com\/fr\/wp-json\/wp\/v2\/users\/742"}],"replies":[{"embeddable":true,"href":"https:\/\/melaniedubois.com\/fr\/wp-json\/wp\/v2\/comments?post=2488"}],"version-history":[{"count":1,"href":"https:\/\/melaniedubois.com\/fr\/wp-json\/wp\/v2\/pages\/2488\/revisions"}],"predecessor-version":[{"id":2489,"href":"https:\/\/melaniedubois.com\/fr\/wp-json\/wp\/v2\/pages\/2488\/revisions\/2489"}],"wp:attachment":[{"href":"https:\/\/melaniedubois.com\/fr\/wp-json\/wp\/v2\/media?parent=2488"}],"curies":[{"name":"wp","href":"https:\/\/api.w.org\/{rel}","templated":true}]}}