{"id":2490,"date":"2023-08-27T09:43:37","date_gmt":"2023-08-27T13:43:37","guid":{"rendered":"http:\/\/melaniedubois.com\/?page_id=2490"},"modified":"2023-08-27T09:47:57","modified_gmt":"2023-08-27T13:47:57","slug":"english-to-sell-his-house-for-more-than-its-value","status":"publish","type":"page","link":"https:\/\/melaniedubois.com\/fr\/english-to-sell-his-house-for-more-than-its-value\/","title":{"rendered":"(English) To sell his house for more than its value"},"content":{"rendered":"<p class=\"qtranxs-available-languages-message qtranxs-available-languages-message-fr\">D\u00e9sol\u00e9, cet article est seulement disponible en <a href=\"https:\/\/melaniedubois.com\/en\/wp-json\/wp\/v2\/pages\/2490\" class=\"qtranxs-available-language-link qtranxs-available-language-link-en\" title=\"English\">English<\/a>.<\/p>","protected":false},"excerpt":{"rendered":"<p>D\u00e9sol\u00e9, cet article est seulement disponible en English.<\/p>\n","protected":false},"author":742,"featured_media":0,"parent":0,"menu_order":0,"comment_status":"closed","ping_status":"closed","template":"","meta":{"_acf_changed":false,"footnotes":""},"class_list":["post-2490","page","type-page","status-publish","hentry"],"acf":[],"yoast_head":"<!-- This site is optimized with the Yoast SEO plugin v26.7 - https:\/\/yoast.com\/wordpress\/plugins\/seo\/ -->\n<title>(English) To sell his house for more than its value - \u00c9quipe M\u00e9lanie Dubois<\/title>\n<meta name=\"robots\" content=\"index, follow, max-snippet:-1, max-image-preview:large, max-video-preview:-1\" \/>\n<link rel=\"canonical\" href=\"https:\/\/melaniedubois.com\/fr\/english-to-sell-his-house-for-more-than-its-value\/\" \/>\n<meta property=\"og:locale\" content=\"fr_FR\" \/>\n<meta property=\"og:type\" content=\"article\" \/>\n<meta property=\"og:title\" content=\"(English) To sell his house for more than its value - \u00c9quipe M\u00e9lanie Dubois\" \/>\n<meta property=\"og:description\" content=\"D\u00e9sol\u00e9, cet article est seulement disponible en English.\" \/>\n<meta property=\"og:url\" content=\"https:\/\/melaniedubois.com\/fr\/english-to-sell-his-house-for-more-than-its-value\/\" \/>\n<meta property=\"og:site_name\" content=\"\u00c9quipe M\u00e9lanie Dubois\" \/>\n<meta property=\"article:modified_time\" content=\"2023-08-27T13:47:57+00:00\" \/>\n<meta property=\"og:image\" content=\"https:\/\/mcusercontent.com\/93cd80b45544fad91b6b44d60\/images\/9a002a48-1df0-59af-8f67-087b44438b85.png\" \/>\n<meta name=\"twitter:card\" content=\"summary_large_image\" \/>\n<meta name=\"twitter:label1\" content=\"Dur\u00e9e de lecture estim\u00e9e\" \/>\n\t<meta name=\"twitter:data1\" content=\"4 minutes\" \/>\n<script type=\"application\/ld+json\" class=\"yoast-schema-graph\">{\"@context\":\"https:\/\/schema.org\",\"@graph\":[{\"@type\":\"WebPage\",\"@id\":\"https:\/\/melaniedubois.com\/fr\/english-to-sell-his-house-for-more-than-its-value\/\",\"url\":\"https:\/\/melaniedubois.com\/fr\/english-to-sell-his-house-for-more-than-its-value\/\",\"name\":\"[:en]To sell his house for more than its value[:] - \u00c9quipe M\u00e9lanie Dubois\",\"isPartOf\":{\"@id\":\"https:\/\/melaniedubois.com\/en\/#website\"},\"primaryImageOfPage\":{\"@id\":\"https:\/\/melaniedubois.com\/fr\/english-to-sell-his-house-for-more-than-its-value\/#primaryimage\"},\"image\":{\"@id\":\"https:\/\/melaniedubois.com\/fr\/english-to-sell-his-house-for-more-than-its-value\/#primaryimage\"},\"thumbnailUrl\":\"https:\/\/mcusercontent.com\/93cd80b45544fad91b6b44d60\/images\/9a002a48-1df0-59af-8f67-087b44438b85.png\",\"datePublished\":\"2023-08-27T13:43:37+00:00\",\"dateModified\":\"2023-08-27T13:47:57+00:00\",\"breadcrumb\":{\"@id\":\"https:\/\/melaniedubois.com\/fr\/english-to-sell-his-house-for-more-than-its-value\/#breadcrumb\"},\"inLanguage\":\"fr-FR\",\"potentialAction\":[{\"@type\":\"ReadAction\",\"target\":[\"https:\/\/melaniedubois.com\/fr\/english-to-sell-his-house-for-more-than-its-value\/\"]}]},{\"@type\":\"ImageObject\",\"inLanguage\":\"fr-FR\",\"@id\":\"https:\/\/melaniedubois.com\/fr\/english-to-sell-his-house-for-more-than-its-value\/#primaryimage\",\"url\":\"https:\/\/mcusercontent.com\/93cd80b45544fad91b6b44d60\/images\/9a002a48-1df0-59af-8f67-087b44438b85.png\",\"contentUrl\":\"https:\/\/mcusercontent.com\/93cd80b45544fad91b6b44d60\/images\/9a002a48-1df0-59af-8f67-087b44438b85.png\"},{\"@type\":\"BreadcrumbList\",\"@id\":\"https:\/\/melaniedubois.com\/fr\/english-to-sell-his-house-for-more-than-its-value\/#breadcrumb\",\"itemListElement\":[{\"@type\":\"ListItem\",\"position\":1,\"name\":\"Accueil\",\"item\":\"https:\/\/melaniedubois.com\/en\/\"},{\"@type\":\"ListItem\",\"position\":2,\"name\":\"(English) To sell his house for more than its value\"}]},{\"@type\":\"WebSite\",\"@id\":\"https:\/\/melaniedubois.com\/en\/#website\",\"url\":\"https:\/\/melaniedubois.com\/en\/\",\"name\":\"\u00c9quipe M\u00e9lanie Dubois\",\"description\":\"Courtier immobilier Montr\u00e9al, KW Connexion\",\"potentialAction\":[{\"@type\":\"SearchAction\",\"target\":{\"@type\":\"EntryPoint\",\"urlTemplate\":\"https:\/\/melaniedubois.com\/en\/?s={search_term_string}\"},\"query-input\":{\"@type\":\"PropertyValueSpecification\",\"valueRequired\":true,\"valueName\":\"search_term_string\"}}],\"inLanguage\":\"fr-FR\"}]}<\/script>\n<!-- \/ Yoast SEO plugin. -->","yoast_head_json":{"title":"(English) To sell his house for more than its value - \u00c9quipe M\u00e9lanie Dubois","robots":{"index":"index","follow":"follow","max-snippet":"max-snippet:-1","max-image-preview":"max-image-preview:large","max-video-preview":"max-video-preview:-1"},"canonical":"https:\/\/melaniedubois.com\/fr\/english-to-sell-his-house-for-more-than-its-value\/","og_locale":"fr_FR","og_type":"article","og_title":"(English) To sell his house for more than its value - \u00c9quipe M\u00e9lanie Dubois","og_description":"D\u00e9sol\u00e9, cet article est seulement disponible en English.","og_url":"https:\/\/melaniedubois.com\/fr\/english-to-sell-his-house-for-more-than-its-value\/","og_site_name":"\u00c9quipe M\u00e9lanie Dubois","article_modified_time":"2023-08-27T13:47:57+00:00","og_image":[{"url":"https:\/\/mcusercontent.com\/93cd80b45544fad91b6b44d60\/images\/9a002a48-1df0-59af-8f67-087b44438b85.png","type":"","width":"","height":""}],"twitter_card":"summary_large_image","twitter_misc":{"Dur\u00e9e de lecture estim\u00e9e":"4 minutes"},"schema":{"@context":"https:\/\/schema.org","@graph":[{"@type":"WebPage","@id":"https:\/\/melaniedubois.com\/fr\/english-to-sell-his-house-for-more-than-its-value\/","url":"https:\/\/melaniedubois.com\/fr\/english-to-sell-his-house-for-more-than-its-value\/","name":"[:en]To sell his house for more than its value[:] - \u00c9quipe M\u00e9lanie Dubois","isPartOf":{"@id":"https:\/\/melaniedubois.com\/en\/#website"},"primaryImageOfPage":{"@id":"https:\/\/melaniedubois.com\/fr\/english-to-sell-his-house-for-more-than-its-value\/#primaryimage"},"image":{"@id":"https:\/\/melaniedubois.com\/fr\/english-to-sell-his-house-for-more-than-its-value\/#primaryimage"},"thumbnailUrl":"https:\/\/mcusercontent.com\/93cd80b45544fad91b6b44d60\/images\/9a002a48-1df0-59af-8f67-087b44438b85.png","datePublished":"2023-08-27T13:43:37+00:00","dateModified":"2023-08-27T13:47:57+00:00","breadcrumb":{"@id":"https:\/\/melaniedubois.com\/fr\/english-to-sell-his-house-for-more-than-its-value\/#breadcrumb"},"inLanguage":"fr-FR","potentialAction":[{"@type":"ReadAction","target":["https:\/\/melaniedubois.com\/fr\/english-to-sell-his-house-for-more-than-its-value\/"]}]},{"@type":"ImageObject","inLanguage":"fr-FR","@id":"https:\/\/melaniedubois.com\/fr\/english-to-sell-his-house-for-more-than-its-value\/#primaryimage","url":"https:\/\/mcusercontent.com\/93cd80b45544fad91b6b44d60\/images\/9a002a48-1df0-59af-8f67-087b44438b85.png","contentUrl":"https:\/\/mcusercontent.com\/93cd80b45544fad91b6b44d60\/images\/9a002a48-1df0-59af-8f67-087b44438b85.png"},{"@type":"BreadcrumbList","@id":"https:\/\/melaniedubois.com\/fr\/english-to-sell-his-house-for-more-than-its-value\/#breadcrumb","itemListElement":[{"@type":"ListItem","position":1,"name":"Accueil","item":"https:\/\/melaniedubois.com\/en\/"},{"@type":"ListItem","position":2,"name":"(English) To sell his house for more than its value"}]},{"@type":"WebSite","@id":"https:\/\/melaniedubois.com\/en\/#website","url":"https:\/\/melaniedubois.com\/en\/","name":"\u00c9quipe M\u00e9lanie Dubois","description":"Courtier immobilier Montr\u00e9al, KW Connexion","potentialAction":[{"@type":"SearchAction","target":{"@type":"EntryPoint","urlTemplate":"https:\/\/melaniedubois.com\/en\/?s={search_term_string}"},"query-input":{"@type":"PropertyValueSpecification","valueRequired":true,"valueName":"search_term_string"}}],"inLanguage":"fr-FR"}]}},"_links":{"self":[{"href":"https:\/\/melaniedubois.com\/fr\/wp-json\/wp\/v2\/pages\/2490","targetHints":{"allow":["GET"]}}],"collection":[{"href":"https:\/\/melaniedubois.com\/fr\/wp-json\/wp\/v2\/pages"}],"about":[{"href":"https:\/\/melaniedubois.com\/fr\/wp-json\/wp\/v2\/types\/page"}],"author":[{"embeddable":true,"href":"https:\/\/melaniedubois.com\/fr\/wp-json\/wp\/v2\/users\/742"}],"replies":[{"embeddable":true,"href":"https:\/\/melaniedubois.com\/fr\/wp-json\/wp\/v2\/comments?post=2490"}],"version-history":[{"count":2,"href":"https:\/\/melaniedubois.com\/fr\/wp-json\/wp\/v2\/pages\/2490\/revisions"}],"predecessor-version":[{"id":2493,"href":"https:\/\/melaniedubois.com\/fr\/wp-json\/wp\/v2\/pages\/2490\/revisions\/2493"}],"wp:attachment":[{"href":"https:\/\/melaniedubois.com\/fr\/wp-json\/wp\/v2\/media?parent=2490"}],"curies":[{"name":"wp","href":"https:\/\/api.w.org\/{rel}","templated":true}]}}