{"id":2494,"date":"2023-08-27T09:54:20","date_gmt":"2023-08-27T13:54:20","guid":{"rendered":"http:\/\/melaniedubois.com\/?page_id=2494"},"modified":"2023-08-27T09:54:20","modified_gmt":"2023-08-27T13:54:20","slug":"peut-on-vendre-une-deuxieme-residence-sans-etre-impose","status":"publish","type":"page","link":"https:\/\/melaniedubois.com\/fr\/peut-on-vendre-une-deuxieme-residence-sans-etre-impose\/","title":{"rendered":"Peut-on vendre une deuxi\u00e8me r\u00e9sidence sans \u00eatre impos\u00e9?"},"content":{"rendered":"<p><\/p>\n<p style=\"text-align: justify;\">Puisqu\u2019on peut \u00eatre propri\u00e9taire de plus d\u2019une r\u00e9sidence \u00e0 titre personnel, la question peut \u00eatre complexe.<\/p>\n<p><img decoding=\"async\" src=\"https:\/\/mcusercontent.com\/93cd80b45544fad91b6b44d60\/images\/749734b1-0b12-c38b-3820-837c530fc581.png\" \/><\/p>\n<p style=\"text-align: justify;\">Selon Ludovick Nadeau, fiscaliste-comptable et propri\u00e9taire de Gestion fiscale de l\u2019Estrie : \u00ab\u00c7a d\u00e9pend. Il faut tenir compte de trois points principalement.\u00bb<\/p>\n<h2 style=\"text-align: justify;\"><strong>On ne peut avoir qu\u2019une seule r\u00e9sidence principale \u00e0 la fois.<\/strong><\/h2>\n<p style=\"text-align: justify;\">Lors de la vente de la propri\u00e9t\u00e9, si on s\u2019en est servi comme r\u00e9sidence principale en partie, on doit indiquer les ann\u00e9es pour lesquelles on l\u2019a utilis\u00e9e en tant que telle.<\/p>\n<p style=\"text-align: justify;\">\u00ab\u00c0 la suite de la vente d\u2019une propri\u00e9t\u00e9 qu\u2019on a habit\u00e9e quelques ann\u00e9es, par exemple un immeuble \u00e0 revenus dont on est toujours propri\u00e9taire, on devra d\u00e9clarer dans un formulaire \u00e0 l\u2019imp\u00f4t quel pourcentage de l\u2019immeuble on a habit\u00e9 comme propri\u00e9taire-occupant (pour sa r\u00e9sidence principale) et pr\u00e9ciser pendant quelles ann\u00e9es. La partie de l\u2019immeuble et les ann\u00e9es non utilis\u00e9es en tant que propri\u00e9taire-occupant seront impos\u00e9es lors de la vente de l\u2019immeuble. Le gain en capital correspondant \u00e0 la partie et aux ann\u00e9es utilis\u00e9es en tant que r\u00e9sidence principale du propri\u00e9taire-occupant ne sera pas impos\u00e9\u00bb, explique Ludovick Nadeau<\/p>\n<p style=\"text-align: justify;\">Vous louez votre r\u00e9sidence principale?<\/p>\n<p style=\"text-align: justify;\">Quelques semaines al\u00e9atoires lou\u00e9es en mode Airbnb chez soi sont possibles, \u00ab\u00e0 la condition qu\u2019il ne s\u2019agissait que de location ponctuelle, et non massive durant l\u2019ann\u00e9e\u00bb, ajoute M. Nadeau.<\/p>\n<h2 style=\"text-align: justify;\"><strong>La structure de la propri\u00e9t\u00e9ne doit pas avoir chang\u00e9 de fa\u00e7on importante.<\/strong><\/h2>\n<p style=\"text-align: justify;\">Ici, on ne fait pas r\u00e9f\u00e9rence \u00e0 la r\u00e9novation de la cuisine ou \u00e0 l\u2019annexion du solarium. Vos enfants habitent le logement au sous-sol que vous leur avez am\u00e9nag\u00e9 gratuitement? Oui, c\u2019est bien une r\u00e9sidence principale familiale. Vous avez am\u00e9nag\u00e9 un appartement pour le louer au sous-sol \u00e0 autrui? Cette partie doit \u00eatre d\u00e9clar\u00e9e comme une portion \u00e0 revenus pour les ann\u00e9es o\u00f9 elle a \u00e9t\u00e9 utilis\u00e9e comme appartement.<\/p>\n<h2 style=\"text-align: justify;\"><strong>La r\u00e8gle du \u00ab+ 1\u00bb.<\/strong><\/h2>\n<p style=\"text-align: justify;\">Ce type de situation fait que nous habitons plus d\u2019une r\u00e9sidence principale durant la m\u00eame ann\u00e9e.<\/p>\n<p style=\"text-align: justify;\">Par exemple, vous avez vendu votre r\u00e9sidence principale et vous devez temporairement emm\u00e9nager dans votre r\u00e9sidence secondaire le temps de trouver une nouvelle propri\u00e9t\u00e9 ou que celle-ci puisse \u00eatre accessible. Lors de cette m\u00eame ann\u00e9e financi\u00e8re, vous aurez donc deux r\u00e9sidences principales \u00e0 d\u00e9clarer. Autre exemple, vous pourriez d\u00e9cider de vendre votre r\u00e9sidence familiale pour dor\u00e9navant vivre en permanence dans votre chalet, et ainsi le d\u00e9signer comme r\u00e9sidence principale.<\/p>\n<h3 style=\"text-align: justify;\">CONSEILS<\/h3>\n<ul>\n<li dir=\"auto\" style=\"text-align: justify;\">N\u2019exag\u00e9rez pas la fonction de votre propri\u00e9t\u00e9: Une minuscule propri\u00e9t\u00e9 loin des zones urbaines est-elle r\u00e9ellement votre r\u00e9sidence principale? \u00c9vitez une d\u00e9claration exag\u00e9r\u00e9e que l\u2019imp\u00f4t pourrait contester.<\/li>\n<li dir=\"auto\" style=\"text-align: justify;\">Consultez un professionnel: Certains cas particuliers m\u00e9ritent une consultation professionnelle afin de tirer le meilleur parti de votre situation sans fausse d\u00e9claration ou erreur co\u00fbteuse.<\/li>\n<li dir=\"auto\" style=\"text-align: justify;\">Planifiez: Une consultation avec un fiscaliste peut vous aider \u00e0 planifier vos d\u00e9cisions afin de comprendre l\u2019impact fiscal de la vente d\u2019une propri\u00e9t\u00e9 \u00e0 une ann\u00e9e plut\u00f4t qu\u2019\u00e0 une autre.<\/li>\n<\/ul>\n<p>&nbsp;<\/p>\n<p><strong>Source<\/strong> : Article de Ghislain Larochelle publi\u00e9 sur le site journaldemontreal.com le 20 mars 2023<\/p>\n<p><strong>Lien : <\/strong><a href=\"https:\/\/www.journaldemontreal.com\/2023\/03\/20\/peut-on-vendre-une-deuxieme-residence-sans-etre-impose\">https:\/\/www.journaldemontreal.com\/2023\/03\/20\/peut-on-vendre-une-deuxieme-residence-sans-etre-impose<\/a><\/p>\n<p>&nbsp;<\/p>\n<p style=\"text-align: center;\">Vous voulez gardez un oeil sur le march\u00e9 et sur votre investissement ?<\/p>\n<p style=\"text-align: center;\">Nous pouvons p\u00e9riodiquement vous envoyer les ventes dans votre secteur.<\/p>\n<p style=\"text-align: center;\">C&rsquo;est GRATUIT! Aucune obligation de votre part.<\/p>\n<p><img decoding=\"async\" class=\"aligncenter\" src=\"https:\/\/mcusercontent.com\/93cd80b45544fad91b6b44d60\/images\/22eff594-89e6-7c93-0054-7fc2388cf7ae.png\" \/><\/p>","protected":false},"excerpt":{"rendered":"<p>Puisqu\u2019on peut \u00eatre propri\u00e9taire de plus d\u2019une r\u00e9sidence \u00e0 titre personnel, la question peut \u00eatre complexe. Selon Ludovick Nadeau, fiscaliste-comptable et propri\u00e9taire de Gestion fiscale de l\u2019Estrie : \u00ab\u00c7a d\u00e9pend. Il faut tenir compte de trois points principalement.\u00bb On ne peut avoir qu\u2019une seule r\u00e9sidence principale \u00e0 la fois. Lors de la vente de la [&hellip;]<\/p>\n","protected":false},"author":742,"featured_media":0,"parent":0,"menu_order":0,"comment_status":"closed","ping_status":"closed","template":"","meta":{"_acf_changed":false,"footnotes":""},"class_list":["post-2494","page","type-page","status-publish","hentry"],"acf":[],"yoast_head":"<!-- This site is optimized with the Yoast SEO plugin v26.7 - https:\/\/yoast.com\/wordpress\/plugins\/seo\/ -->\n<title>Peut-on vendre une deuxi\u00e8me r\u00e9sidence sans \u00eatre impos\u00e9? - \u00c9quipe M\u00e9lanie Dubois<\/title>\n<meta name=\"robots\" content=\"index, follow, max-snippet:-1, max-image-preview:large, max-video-preview:-1\" \/>\n<link rel=\"canonical\" href=\"https:\/\/melaniedubois.com\/fr\/peut-on-vendre-une-deuxieme-residence-sans-etre-impose\/\" \/>\n<meta property=\"og:locale\" content=\"fr_FR\" \/>\n<meta property=\"og:type\" content=\"article\" \/>\n<meta property=\"og:title\" content=\"Peut-on vendre une deuxi\u00e8me r\u00e9sidence sans \u00eatre impos\u00e9? - \u00c9quipe M\u00e9lanie Dubois\" \/>\n<meta property=\"og:description\" content=\"Puisqu\u2019on peut \u00eatre propri\u00e9taire de plus d\u2019une r\u00e9sidence \u00e0 titre personnel, la question peut \u00eatre complexe. Selon Ludovick Nadeau, fiscaliste-comptable et propri\u00e9taire de Gestion fiscale de l\u2019Estrie : \u00ab\u00c7a d\u00e9pend. Il faut tenir compte de trois points principalement.\u00bb On ne peut avoir qu\u2019une seule r\u00e9sidence principale \u00e0 la fois. Lors de la vente de la [&hellip;]\" \/>\n<meta property=\"og:url\" content=\"https:\/\/melaniedubois.com\/fr\/peut-on-vendre-une-deuxieme-residence-sans-etre-impose\/\" \/>\n<meta property=\"og:site_name\" content=\"\u00c9quipe M\u00e9lanie Dubois\" \/>\n<meta property=\"og:image\" content=\"https:\/\/mcusercontent.com\/93cd80b45544fad91b6b44d60\/images\/749734b1-0b12-c38b-3820-837c530fc581.png\" \/>\n<meta name=\"twitter:card\" content=\"summary_large_image\" \/>\n<meta name=\"twitter:label1\" content=\"Dur\u00e9e de lecture estim\u00e9e\" \/>\n\t<meta name=\"twitter:data1\" content=\"3 minutes\" \/>\n<script type=\"application\/ld+json\" class=\"yoast-schema-graph\">{\"@context\":\"https:\/\/schema.org\",\"@graph\":[{\"@type\":\"WebPage\",\"@id\":\"https:\/\/melaniedubois.com\/fr\/peut-on-vendre-une-deuxieme-residence-sans-etre-impose\/\",\"url\":\"https:\/\/melaniedubois.com\/fr\/peut-on-vendre-une-deuxieme-residence-sans-etre-impose\/\",\"name\":\"[:fr]Peut-on vendre une deuxi\u00e8me r\u00e9sidence sans \u00eatre impos\u00e9?[:] - \u00c9quipe M\u00e9lanie Dubois\",\"isPartOf\":{\"@id\":\"https:\/\/melaniedubois.com\/en\/#website\"},\"primaryImageOfPage\":{\"@id\":\"https:\/\/melaniedubois.com\/fr\/peut-on-vendre-une-deuxieme-residence-sans-etre-impose\/#primaryimage\"},\"image\":{\"@id\":\"https:\/\/melaniedubois.com\/fr\/peut-on-vendre-une-deuxieme-residence-sans-etre-impose\/#primaryimage\"},\"thumbnailUrl\":\"https:\/\/mcusercontent.com\/93cd80b45544fad91b6b44d60\/images\/749734b1-0b12-c38b-3820-837c530fc581.png\",\"datePublished\":\"2023-08-27T13:54:20+00:00\",\"breadcrumb\":{\"@id\":\"https:\/\/melaniedubois.com\/fr\/peut-on-vendre-une-deuxieme-residence-sans-etre-impose\/#breadcrumb\"},\"inLanguage\":\"fr-FR\",\"potentialAction\":[{\"@type\":\"ReadAction\",\"target\":[\"https:\/\/melaniedubois.com\/fr\/peut-on-vendre-une-deuxieme-residence-sans-etre-impose\/\"]}]},{\"@type\":\"ImageObject\",\"inLanguage\":\"fr-FR\",\"@id\":\"https:\/\/melaniedubois.com\/fr\/peut-on-vendre-une-deuxieme-residence-sans-etre-impose\/#primaryimage\",\"url\":\"https:\/\/mcusercontent.com\/93cd80b45544fad91b6b44d60\/images\/749734b1-0b12-c38b-3820-837c530fc581.png\",\"contentUrl\":\"https:\/\/mcusercontent.com\/93cd80b45544fad91b6b44d60\/images\/749734b1-0b12-c38b-3820-837c530fc581.png\"},{\"@type\":\"BreadcrumbList\",\"@id\":\"https:\/\/melaniedubois.com\/fr\/peut-on-vendre-une-deuxieme-residence-sans-etre-impose\/#breadcrumb\",\"itemListElement\":[{\"@type\":\"ListItem\",\"position\":1,\"name\":\"Accueil\",\"item\":\"https:\/\/melaniedubois.com\/en\/\"},{\"@type\":\"ListItem\",\"position\":2,\"name\":\"Peut-on vendre une deuxi\u00e8me r\u00e9sidence sans \u00eatre impos\u00e9?\"}]},{\"@type\":\"WebSite\",\"@id\":\"https:\/\/melaniedubois.com\/en\/#website\",\"url\":\"https:\/\/melaniedubois.com\/en\/\",\"name\":\"\u00c9quipe M\u00e9lanie Dubois\",\"description\":\"Courtier immobilier Montr\u00e9al, KW Connexion\",\"potentialAction\":[{\"@type\":\"SearchAction\",\"target\":{\"@type\":\"EntryPoint\",\"urlTemplate\":\"https:\/\/melaniedubois.com\/en\/?s={search_term_string}\"},\"query-input\":{\"@type\":\"PropertyValueSpecification\",\"valueRequired\":true,\"valueName\":\"search_term_string\"}}],\"inLanguage\":\"fr-FR\"}]}<\/script>\n<!-- \/ Yoast SEO plugin. -->","yoast_head_json":{"title":"Peut-on vendre une deuxi\u00e8me r\u00e9sidence sans \u00eatre impos\u00e9? - \u00c9quipe M\u00e9lanie Dubois","robots":{"index":"index","follow":"follow","max-snippet":"max-snippet:-1","max-image-preview":"max-image-preview:large","max-video-preview":"max-video-preview:-1"},"canonical":"https:\/\/melaniedubois.com\/fr\/peut-on-vendre-une-deuxieme-residence-sans-etre-impose\/","og_locale":"fr_FR","og_type":"article","og_title":"Peut-on vendre une deuxi\u00e8me r\u00e9sidence sans \u00eatre impos\u00e9? - \u00c9quipe M\u00e9lanie Dubois","og_description":"Puisqu\u2019on peut \u00eatre propri\u00e9taire de plus d\u2019une r\u00e9sidence \u00e0 titre personnel, la question peut \u00eatre complexe. Selon Ludovick Nadeau, fiscaliste-comptable et propri\u00e9taire de Gestion fiscale de l\u2019Estrie : \u00ab\u00c7a d\u00e9pend. Il faut tenir compte de trois points principalement.\u00bb On ne peut avoir qu\u2019une seule r\u00e9sidence principale \u00e0 la fois. Lors de la vente de la [&hellip;]","og_url":"https:\/\/melaniedubois.com\/fr\/peut-on-vendre-une-deuxieme-residence-sans-etre-impose\/","og_site_name":"\u00c9quipe M\u00e9lanie Dubois","og_image":[{"url":"https:\/\/mcusercontent.com\/93cd80b45544fad91b6b44d60\/images\/749734b1-0b12-c38b-3820-837c530fc581.png","type":"","width":"","height":""}],"twitter_card":"summary_large_image","twitter_misc":{"Dur\u00e9e de lecture estim\u00e9e":"3 minutes"},"schema":{"@context":"https:\/\/schema.org","@graph":[{"@type":"WebPage","@id":"https:\/\/melaniedubois.com\/fr\/peut-on-vendre-une-deuxieme-residence-sans-etre-impose\/","url":"https:\/\/melaniedubois.com\/fr\/peut-on-vendre-une-deuxieme-residence-sans-etre-impose\/","name":"[:fr]Peut-on vendre une deuxi\u00e8me r\u00e9sidence sans \u00eatre impos\u00e9?[:] - \u00c9quipe M\u00e9lanie Dubois","isPartOf":{"@id":"https:\/\/melaniedubois.com\/en\/#website"},"primaryImageOfPage":{"@id":"https:\/\/melaniedubois.com\/fr\/peut-on-vendre-une-deuxieme-residence-sans-etre-impose\/#primaryimage"},"image":{"@id":"https:\/\/melaniedubois.com\/fr\/peut-on-vendre-une-deuxieme-residence-sans-etre-impose\/#primaryimage"},"thumbnailUrl":"https:\/\/mcusercontent.com\/93cd80b45544fad91b6b44d60\/images\/749734b1-0b12-c38b-3820-837c530fc581.png","datePublished":"2023-08-27T13:54:20+00:00","breadcrumb":{"@id":"https:\/\/melaniedubois.com\/fr\/peut-on-vendre-une-deuxieme-residence-sans-etre-impose\/#breadcrumb"},"inLanguage":"fr-FR","potentialAction":[{"@type":"ReadAction","target":["https:\/\/melaniedubois.com\/fr\/peut-on-vendre-une-deuxieme-residence-sans-etre-impose\/"]}]},{"@type":"ImageObject","inLanguage":"fr-FR","@id":"https:\/\/melaniedubois.com\/fr\/peut-on-vendre-une-deuxieme-residence-sans-etre-impose\/#primaryimage","url":"https:\/\/mcusercontent.com\/93cd80b45544fad91b6b44d60\/images\/749734b1-0b12-c38b-3820-837c530fc581.png","contentUrl":"https:\/\/mcusercontent.com\/93cd80b45544fad91b6b44d60\/images\/749734b1-0b12-c38b-3820-837c530fc581.png"},{"@type":"BreadcrumbList","@id":"https:\/\/melaniedubois.com\/fr\/peut-on-vendre-une-deuxieme-residence-sans-etre-impose\/#breadcrumb","itemListElement":[{"@type":"ListItem","position":1,"name":"Accueil","item":"https:\/\/melaniedubois.com\/en\/"},{"@type":"ListItem","position":2,"name":"Peut-on vendre une deuxi\u00e8me r\u00e9sidence sans \u00eatre impos\u00e9?"}]},{"@type":"WebSite","@id":"https:\/\/melaniedubois.com\/en\/#website","url":"https:\/\/melaniedubois.com\/en\/","name":"\u00c9quipe M\u00e9lanie Dubois","description":"Courtier immobilier Montr\u00e9al, KW Connexion","potentialAction":[{"@type":"SearchAction","target":{"@type":"EntryPoint","urlTemplate":"https:\/\/melaniedubois.com\/en\/?s={search_term_string}"},"query-input":{"@type":"PropertyValueSpecification","valueRequired":true,"valueName":"search_term_string"}}],"inLanguage":"fr-FR"}]}},"_links":{"self":[{"href":"https:\/\/melaniedubois.com\/fr\/wp-json\/wp\/v2\/pages\/2494","targetHints":{"allow":["GET"]}}],"collection":[{"href":"https:\/\/melaniedubois.com\/fr\/wp-json\/wp\/v2\/pages"}],"about":[{"href":"https:\/\/melaniedubois.com\/fr\/wp-json\/wp\/v2\/types\/page"}],"author":[{"embeddable":true,"href":"https:\/\/melaniedubois.com\/fr\/wp-json\/wp\/v2\/users\/742"}],"replies":[{"embeddable":true,"href":"https:\/\/melaniedubois.com\/fr\/wp-json\/wp\/v2\/comments?post=2494"}],"version-history":[{"count":1,"href":"https:\/\/melaniedubois.com\/fr\/wp-json\/wp\/v2\/pages\/2494\/revisions"}],"predecessor-version":[{"id":2495,"href":"https:\/\/melaniedubois.com\/fr\/wp-json\/wp\/v2\/pages\/2494\/revisions\/2495"}],"wp:attachment":[{"href":"https:\/\/melaniedubois.com\/fr\/wp-json\/wp\/v2\/media?parent=2494"}],"curies":[{"name":"wp","href":"https:\/\/api.w.org\/{rel}","templated":true}]}}