{"id":2508,"date":"2023-11-09T08:12:30","date_gmt":"2023-11-09T13:12:30","guid":{"rendered":"https:\/\/melaniedubois.com\/?page_id=2508"},"modified":"2023-11-09T08:12:30","modified_gmt":"2023-11-09T13:12:30","slug":"cinq-choses-a-savoir-sur-la-declaration-du-vendeur","status":"publish","type":"page","link":"https:\/\/melaniedubois.com\/fr\/cinq-choses-a-savoir-sur-la-declaration-du-vendeur\/","title":{"rendered":"Cinq choses \u00e0 savoir sur la d\u00e9claration du vendeur"},"content":{"rendered":"<p><\/p>\n<p style=\"text-align: justify;\"><strong>Lorsqu\u2019on d\u00e9marre le processus de vente de sa propri\u00e9t\u00e9 avec courtier immobilier, on doit remplir un document intitul\u00e9 \u00ab d\u00e9claration du vendeur \u00bb, dans lequel le vendeur indiquera toute information li\u00e9e \u00e0 la propri\u00e9t\u00e9 pouvant nuire \u00e0 sa valeur, son fonctionnement ou augmenter ses d\u00e9penses.<\/strong><\/p>\n<p><img decoding=\"async\" src=\"https:\/\/mcusercontent.com\/93cd80b45544fad91b6b44d60\/images\/fc62b2fe-2f31-9609-2d6a-5a3e1d8c28b9.png\" \/><\/p>\n<p style=\"text-align: justify;\">Certains sont tent\u00e9s d\u2019omettre ou de diminuer certaines informations pour faciliter la vente.<\/p>\n<p style=\"text-align: justify;\">Doit-on tout dire dans la d\u00e9claration du vendeur ?<\/p>\n<p style=\"text-align: justify;\"><strong>1. Obligation<\/strong><\/p>\n<p style=\"text-align: justify;\">Depuis 2012, les lois se sont durcies afin d\u2019assurer une obligation de transparence du vendeur et de responsabilisation de l\u2019acheteur. Ce document obligatoire avec les courtiers immobiliers permet de conna\u00eetre l\u2019historique de la propri\u00e9t\u00e9 avec des informations vari\u00e9es telles que son ann\u00e9e de construction, les travaux d\u2019am\u00e9lioration, de remplacement et d\u2019entretien de ses \u00e9l\u00e9ments ainsi que du terrain, des inspections, des animaux nuisibles et tout autre aspect ou \u00e9v\u00e9nement pouvant affecter sa valeur.<\/p>\n<p style=\"text-align: justify;\"><strong>2. Confiance et transparence<\/strong><\/p>\n<p style=\"text-align: justify;\">Pour l\u2019acheteur, la d\u00e9claration du vendeur permet une transaction en toute connaissance de ses forces et faiblesses et permet de mieux \u00e9tablir sa valeur, ses possibilit\u00e9s et pr\u00e9voir au besoin certaines d\u00e9penses, certaines d\u00e9cisions ou certains travaux. On ne doit pas nuire \u00e0 sa responsa-bilit\u00e9 d\u2019acheter en connaissant bien l\u2019\u00e9tat et les risques de la propri\u00e9t\u00e9.<\/p>\n<p style=\"text-align: justify;\"><strong>3. Poursuites et responsabilit\u00e9<\/strong><\/p>\n<p style=\"text-align: justify;\">Omettre des informations vous expose \u00e0 des poursuites. Vous pourriez \u00eatre tenu responsable dans le cas o\u00f9 des probl\u00e8mes d\u00e9couverts prendraient leur source avant la vente de votre propri\u00e9t\u00e9, m\u00eame si la propri\u00e9t\u00e9 \u00e9tait vendue sans garantie l\u00e9gale. Par contre, lorsque vous d\u00e9clarez des incidents, des r\u00e9parations ou des faiblesses de la propri\u00e9t\u00e9 dans la d\u00e9claration du vendeur, l\u2019acheteur proc\u00e8de \u00e0 la transaction de fa\u00e7on \u00e9clair\u00e9e et sera en confiance de r\u00e9aliser l\u2019achat avec les informations pertinentes en main.<\/p>\n<p style=\"text-align: justify;\"><strong>4. Erreurs \u00e0 \u00e9viter<\/strong><\/p>\n<p style=\"text-align: justify;\">Bien remplir sa d\u00e9claration peut vous \u00e9viter des erreurs co\u00fbteuses. Par exemple, d\u00e9clarer une r\u00e9paration en laissant croire qu\u2019un remplacement complet a \u00e9t\u00e9 fait alors qu\u2019il est partiel, diminuer la mention d\u2019un probl\u00e8me, comme d\u00e9clarer de l\u2019humidit\u00e9 au lieu d\u2019une fuite d\u2019eau, se tromper de plusieurs ann\u00e9es pour un changement de toiture, se contredire ou laisser croire \u00e0 de fausses informations, par exemple ne pas d\u00e9clarer certaines informations en ne cochant pas des cases concernant des informations \u00e0 d\u00e9clarer.<\/p>\n<p style=\"text-align: justify;\"><strong>5. Vendre sans conna\u00eetre la propri\u00e9t\u00e9<\/strong><\/p>\n<p style=\"text-align: justify;\">Il arrive dans certains cas que l\u2019on connaisse bien peu la propri\u00e9t\u00e9 \u00e0 vendre, comme dans le cas de la vente d\u2019une propri\u00e9t\u00e9 pour une succession. Dans ces cas, on doit tout de m\u00eame remplir la d\u00e9claration du vendeur au meilleur de ses connaissances. Si certaines informations manquent, on peut mentionner le tout de fa\u00e7on transparente en expliquant les raisons de cette absence d\u2019informations ou pourquoi elles sont incompl\u00e8tes.<\/p>\n<h3 style=\"text-align: justify;\"><strong><em>CONSEILS<\/em><\/strong><\/h3>\n<ul>\n<li dir=\"auto\" style=\"text-align: justify;\">Remplissez la d\u00e9claration du vendeur au meilleur de votre connaissance : on ne peut pas vous bl\u00e2mer pour une information que vous n\u2019avez pas ou vous bl\u00e2mer pour un vice cach\u00e9. Un oubli ? D\u00e9clarez-le par la suite !<\/li>\n<li dir=\"auto\" style=\"text-align: justify;\">L\u2019acheteur a lui aussi des droits et responsabilit\u00e9s : c\u2019est \u00e0 lui de proc\u00e9der \u00e0 une inspection du b\u00e2timent et de faire preuve de prudence.<\/li>\n<li dir=\"auto\" style=\"text-align: justify;\">N\u2019h\u00e9sitez pas \u00e0 d\u00e9clarer : m\u00eame si vous pensez que votre d\u00e9claration fera baisser le prix de vente, mieux vaut une baisse qu\u2019une poursuite.<\/li>\n<\/ul>\n<p>&nbsp;<\/p>\n<p><strong>Source<\/strong> : <a href=\"https:\/\/www.journaldemontreal.com\/2023\/01\/23\/cinq-choses-a-savoir-sur-la-declaration-du-vendeur\">Article de Ghislain Larochelle publi\u00e9 sur le site journaldemontreal.com le 23 janvier 2023<\/a><\/p>\n<p><strong>Lien : <\/strong><a href=\"https:\/\/www.journaldemontreal.com\/2023\/01\/23\/cinq-choses-a-savoir-sur-la-declaration-du-vendeur\">https:\/\/www.journaldemontreal.com\/2023\/01\/23\/cinq-choses-a-savoir-sur-la-declaration-du-vendeur<\/a><\/p>\n<p style=\"text-align: center;\">Vous voulez gardez un oeil sur le march\u00e9 et sur votre investissement ?<\/p>\n<p style=\"text-align: center;\">Nous pouvons p\u00e9riodiquement vous envoyer les ventes dans votre secteur.<\/p>\n<p style=\"text-align: center;\">C&rsquo;est GRATUIT! Aucune obligation de votre part.<\/p>\n<p><img decoding=\"async\" class=\"aligncenter\" src=\"https:\/\/mcusercontent.com\/93cd80b45544fad91b6b44d60\/images\/22eff594-89e6-7c93-0054-7fc2388cf7ae.png\" \/><\/p>","protected":false},"excerpt":{"rendered":"<p>Lorsqu\u2019on d\u00e9marre le processus de vente de sa propri\u00e9t\u00e9 avec courtier immobilier, on doit remplir un document intitul\u00e9 \u00ab d\u00e9claration du vendeur \u00bb, dans lequel le vendeur indiquera toute information li\u00e9e \u00e0 la propri\u00e9t\u00e9 pouvant nuire \u00e0 sa valeur, son fonctionnement ou augmenter ses d\u00e9penses. Certains sont tent\u00e9s d\u2019omettre ou de diminuer certaines informations pour [&hellip;]<\/p>\n","protected":false},"author":742,"featured_media":0,"parent":0,"menu_order":0,"comment_status":"closed","ping_status":"closed","template":"","meta":{"_acf_changed":false,"footnotes":""},"class_list":["post-2508","page","type-page","status-publish","hentry"],"acf":[],"yoast_head":"<!-- This site is optimized with the Yoast SEO plugin v26.7 - https:\/\/yoast.com\/wordpress\/plugins\/seo\/ -->\n<title>Cinq choses \u00e0 savoir sur la d\u00e9claration du vendeur - \u00c9quipe M\u00e9lanie Dubois<\/title>\n<meta name=\"robots\" content=\"index, follow, max-snippet:-1, max-image-preview:large, max-video-preview:-1\" \/>\n<link rel=\"canonical\" href=\"https:\/\/melaniedubois.com\/fr\/cinq-choses-a-savoir-sur-la-declaration-du-vendeur\/\" \/>\n<meta property=\"og:locale\" content=\"fr_FR\" \/>\n<meta property=\"og:type\" content=\"article\" \/>\n<meta property=\"og:title\" content=\"Cinq choses \u00e0 savoir sur la d\u00e9claration du vendeur - \u00c9quipe M\u00e9lanie Dubois\" \/>\n<meta property=\"og:description\" content=\"Lorsqu\u2019on d\u00e9marre le processus de vente de sa propri\u00e9t\u00e9 avec courtier immobilier, on doit remplir un document intitul\u00e9 \u00ab d\u00e9claration du vendeur \u00bb, dans lequel le vendeur indiquera toute information li\u00e9e \u00e0 la propri\u00e9t\u00e9 pouvant nuire \u00e0 sa valeur, son fonctionnement ou augmenter ses d\u00e9penses. Certains sont tent\u00e9s d\u2019omettre ou de diminuer certaines informations pour [&hellip;]\" \/>\n<meta property=\"og:url\" content=\"https:\/\/melaniedubois.com\/fr\/cinq-choses-a-savoir-sur-la-declaration-du-vendeur\/\" \/>\n<meta property=\"og:site_name\" content=\"\u00c9quipe M\u00e9lanie Dubois\" \/>\n<meta property=\"og:image\" content=\"https:\/\/mcusercontent.com\/93cd80b45544fad91b6b44d60\/images\/fc62b2fe-2f31-9609-2d6a-5a3e1d8c28b9.png\" \/>\n<meta name=\"twitter:card\" content=\"summary_large_image\" \/>\n<meta name=\"twitter:label1\" content=\"Dur\u00e9e de lecture estim\u00e9e\" \/>\n\t<meta name=\"twitter:data1\" content=\"3 minutes\" \/>\n<script type=\"application\/ld+json\" class=\"yoast-schema-graph\">{\"@context\":\"https:\/\/schema.org\",\"@graph\":[{\"@type\":\"WebPage\",\"@id\":\"https:\/\/melaniedubois.com\/fr\/cinq-choses-a-savoir-sur-la-declaration-du-vendeur\/\",\"url\":\"https:\/\/melaniedubois.com\/fr\/cinq-choses-a-savoir-sur-la-declaration-du-vendeur\/\",\"name\":\"[:fr]Cinq choses \u00e0 savoir sur la d\u00e9claration du vendeur[:] - \u00c9quipe M\u00e9lanie Dubois\",\"isPartOf\":{\"@id\":\"https:\/\/melaniedubois.com\/en\/#website\"},\"primaryImageOfPage\":{\"@id\":\"https:\/\/melaniedubois.com\/fr\/cinq-choses-a-savoir-sur-la-declaration-du-vendeur\/#primaryimage\"},\"image\":{\"@id\":\"https:\/\/melaniedubois.com\/fr\/cinq-choses-a-savoir-sur-la-declaration-du-vendeur\/#primaryimage\"},\"thumbnailUrl\":\"https:\/\/mcusercontent.com\/93cd80b45544fad91b6b44d60\/images\/fc62b2fe-2f31-9609-2d6a-5a3e1d8c28b9.png\",\"datePublished\":\"2023-11-09T13:12:30+00:00\",\"breadcrumb\":{\"@id\":\"https:\/\/melaniedubois.com\/fr\/cinq-choses-a-savoir-sur-la-declaration-du-vendeur\/#breadcrumb\"},\"inLanguage\":\"fr-FR\",\"potentialAction\":[{\"@type\":\"ReadAction\",\"target\":[\"https:\/\/melaniedubois.com\/fr\/cinq-choses-a-savoir-sur-la-declaration-du-vendeur\/\"]}]},{\"@type\":\"ImageObject\",\"inLanguage\":\"fr-FR\",\"@id\":\"https:\/\/melaniedubois.com\/fr\/cinq-choses-a-savoir-sur-la-declaration-du-vendeur\/#primaryimage\",\"url\":\"https:\/\/mcusercontent.com\/93cd80b45544fad91b6b44d60\/images\/fc62b2fe-2f31-9609-2d6a-5a3e1d8c28b9.png\",\"contentUrl\":\"https:\/\/mcusercontent.com\/93cd80b45544fad91b6b44d60\/images\/fc62b2fe-2f31-9609-2d6a-5a3e1d8c28b9.png\"},{\"@type\":\"BreadcrumbList\",\"@id\":\"https:\/\/melaniedubois.com\/fr\/cinq-choses-a-savoir-sur-la-declaration-du-vendeur\/#breadcrumb\",\"itemListElement\":[{\"@type\":\"ListItem\",\"position\":1,\"name\":\"Accueil\",\"item\":\"https:\/\/melaniedubois.com\/en\/\"},{\"@type\":\"ListItem\",\"position\":2,\"name\":\"Cinq choses \u00e0 savoir sur la d\u00e9claration du vendeur\"}]},{\"@type\":\"WebSite\",\"@id\":\"https:\/\/melaniedubois.com\/en\/#website\",\"url\":\"https:\/\/melaniedubois.com\/en\/\",\"name\":\"\u00c9quipe M\u00e9lanie Dubois\",\"description\":\"Courtier immobilier Montr\u00e9al, KW Connexion\",\"potentialAction\":[{\"@type\":\"SearchAction\",\"target\":{\"@type\":\"EntryPoint\",\"urlTemplate\":\"https:\/\/melaniedubois.com\/en\/?s={search_term_string}\"},\"query-input\":{\"@type\":\"PropertyValueSpecification\",\"valueRequired\":true,\"valueName\":\"search_term_string\"}}],\"inLanguage\":\"fr-FR\"}]}<\/script>\n<!-- \/ Yoast SEO plugin. -->","yoast_head_json":{"title":"Cinq choses \u00e0 savoir sur la d\u00e9claration du vendeur - \u00c9quipe M\u00e9lanie Dubois","robots":{"index":"index","follow":"follow","max-snippet":"max-snippet:-1","max-image-preview":"max-image-preview:large","max-video-preview":"max-video-preview:-1"},"canonical":"https:\/\/melaniedubois.com\/fr\/cinq-choses-a-savoir-sur-la-declaration-du-vendeur\/","og_locale":"fr_FR","og_type":"article","og_title":"Cinq choses \u00e0 savoir sur la d\u00e9claration du vendeur - \u00c9quipe M\u00e9lanie Dubois","og_description":"Lorsqu\u2019on d\u00e9marre le processus de vente de sa propri\u00e9t\u00e9 avec courtier immobilier, on doit remplir un document intitul\u00e9 \u00ab d\u00e9claration du vendeur \u00bb, dans lequel le vendeur indiquera toute information li\u00e9e \u00e0 la propri\u00e9t\u00e9 pouvant nuire \u00e0 sa valeur, son fonctionnement ou augmenter ses d\u00e9penses. Certains sont tent\u00e9s d\u2019omettre ou de diminuer certaines informations pour [&hellip;]","og_url":"https:\/\/melaniedubois.com\/fr\/cinq-choses-a-savoir-sur-la-declaration-du-vendeur\/","og_site_name":"\u00c9quipe M\u00e9lanie Dubois","og_image":[{"url":"https:\/\/mcusercontent.com\/93cd80b45544fad91b6b44d60\/images\/fc62b2fe-2f31-9609-2d6a-5a3e1d8c28b9.png","type":"","width":"","height":""}],"twitter_card":"summary_large_image","twitter_misc":{"Dur\u00e9e de lecture estim\u00e9e":"3 minutes"},"schema":{"@context":"https:\/\/schema.org","@graph":[{"@type":"WebPage","@id":"https:\/\/melaniedubois.com\/fr\/cinq-choses-a-savoir-sur-la-declaration-du-vendeur\/","url":"https:\/\/melaniedubois.com\/fr\/cinq-choses-a-savoir-sur-la-declaration-du-vendeur\/","name":"[:fr]Cinq choses \u00e0 savoir sur la d\u00e9claration du vendeur[:] - \u00c9quipe M\u00e9lanie Dubois","isPartOf":{"@id":"https:\/\/melaniedubois.com\/en\/#website"},"primaryImageOfPage":{"@id":"https:\/\/melaniedubois.com\/fr\/cinq-choses-a-savoir-sur-la-declaration-du-vendeur\/#primaryimage"},"image":{"@id":"https:\/\/melaniedubois.com\/fr\/cinq-choses-a-savoir-sur-la-declaration-du-vendeur\/#primaryimage"},"thumbnailUrl":"https:\/\/mcusercontent.com\/93cd80b45544fad91b6b44d60\/images\/fc62b2fe-2f31-9609-2d6a-5a3e1d8c28b9.png","datePublished":"2023-11-09T13:12:30+00:00","breadcrumb":{"@id":"https:\/\/melaniedubois.com\/fr\/cinq-choses-a-savoir-sur-la-declaration-du-vendeur\/#breadcrumb"},"inLanguage":"fr-FR","potentialAction":[{"@type":"ReadAction","target":["https:\/\/melaniedubois.com\/fr\/cinq-choses-a-savoir-sur-la-declaration-du-vendeur\/"]}]},{"@type":"ImageObject","inLanguage":"fr-FR","@id":"https:\/\/melaniedubois.com\/fr\/cinq-choses-a-savoir-sur-la-declaration-du-vendeur\/#primaryimage","url":"https:\/\/mcusercontent.com\/93cd80b45544fad91b6b44d60\/images\/fc62b2fe-2f31-9609-2d6a-5a3e1d8c28b9.png","contentUrl":"https:\/\/mcusercontent.com\/93cd80b45544fad91b6b44d60\/images\/fc62b2fe-2f31-9609-2d6a-5a3e1d8c28b9.png"},{"@type":"BreadcrumbList","@id":"https:\/\/melaniedubois.com\/fr\/cinq-choses-a-savoir-sur-la-declaration-du-vendeur\/#breadcrumb","itemListElement":[{"@type":"ListItem","position":1,"name":"Accueil","item":"https:\/\/melaniedubois.com\/en\/"},{"@type":"ListItem","position":2,"name":"Cinq choses \u00e0 savoir sur la d\u00e9claration du vendeur"}]},{"@type":"WebSite","@id":"https:\/\/melaniedubois.com\/en\/#website","url":"https:\/\/melaniedubois.com\/en\/","name":"\u00c9quipe M\u00e9lanie Dubois","description":"Courtier immobilier Montr\u00e9al, KW Connexion","potentialAction":[{"@type":"SearchAction","target":{"@type":"EntryPoint","urlTemplate":"https:\/\/melaniedubois.com\/en\/?s={search_term_string}"},"query-input":{"@type":"PropertyValueSpecification","valueRequired":true,"valueName":"search_term_string"}}],"inLanguage":"fr-FR"}]}},"_links":{"self":[{"href":"https:\/\/melaniedubois.com\/fr\/wp-json\/wp\/v2\/pages\/2508","targetHints":{"allow":["GET"]}}],"collection":[{"href":"https:\/\/melaniedubois.com\/fr\/wp-json\/wp\/v2\/pages"}],"about":[{"href":"https:\/\/melaniedubois.com\/fr\/wp-json\/wp\/v2\/types\/page"}],"author":[{"embeddable":true,"href":"https:\/\/melaniedubois.com\/fr\/wp-json\/wp\/v2\/users\/742"}],"replies":[{"embeddable":true,"href":"https:\/\/melaniedubois.com\/fr\/wp-json\/wp\/v2\/comments?post=2508"}],"version-history":[{"count":1,"href":"https:\/\/melaniedubois.com\/fr\/wp-json\/wp\/v2\/pages\/2508\/revisions"}],"predecessor-version":[{"id":2510,"href":"https:\/\/melaniedubois.com\/fr\/wp-json\/wp\/v2\/pages\/2508\/revisions\/2510"}],"wp:attachment":[{"href":"https:\/\/melaniedubois.com\/fr\/wp-json\/wp\/v2\/media?parent=2508"}],"curies":[{"name":"wp","href":"https:\/\/api.w.org\/{rel}","templated":true}]}}